{"id":54504,"date":"2024-12-05T05:18:46","date_gmt":"2024-12-05T10:18:46","guid":{"rendered":"https:\/\/www.sisinternational.com\/?page_id=54504"},"modified":"2026-03-13T01:22:14","modified_gmt":"2026-03-13T05:22:14","slug":"empresa-lider-en-pruebas-de-ubicacion-central","status":"publish","type":"page","link":"https:\/\/www.sisinternational.com\/es\/central-location-tests-clt-page\/empresa-lider-en-pruebas-de-ubicacion-central\/","title":{"rendered":"Empresa l\u00edder en pruebas en ubicaciones centrales"},"content":{"rendered":"<h1 class=\"wp-block-heading\">Empresa l\u00edder en pruebas en ubicaciones centrales<\/h1>\n\n\n\n<figure class=\"gb-block-image gb-block-image-c1b014a4\"><img loading=\"lazy\" decoding=\"async\" width=\"1456\" height=\"816\" class=\"gb-image gb-image-c1b014a4\" src=\"https:\/\/www.sisinternational.com\/wp-content\/uploads\/2018\/05\/Product-testing-1.jpg\" alt=\"Investigaci\u00f3n y estrategia de mercado internacional de SIS\" title=\"Product testing (1)\" srcset=\"https:\/\/www.sisinternational.com\/wp-content\/uploads\/2018\/05\/Product-testing-1.jpg 1456w, https:\/\/www.sisinternational.com\/wp-content\/uploads\/2018\/05\/Product-testing-1-300x168.jpg 300w, https:\/\/www.sisinternational.com\/wp-content\/uploads\/2018\/05\/Product-testing-1-1024x574.jpg 1024w, https:\/\/www.sisinternational.com\/wp-content\/uploads\/2018\/05\/Product-testing-1-768x430.jpg 768w, https:\/\/www.sisinternational.com\/wp-content\/uploads\/2018\/05\/Product-testing-1-18x10.jpg 18w\" sizes=\"auto, (max-width: 1456px) 100vw, 1456px\"><\/figure>\n\n\n\n<hr class=\"wp-block-separator has-alpha-channel-opacity is-style-dots\"\/>\n\n\n\n<p>Las pruebas de ubicaci\u00f3n central (CLT) son una de las formas m\u00e1s eficaces que tienen las empresas de conocer los pensamientos, sentimientos y deseos de los consumidores. En SIS International Research, hemos perfeccionado esta metodolog\u00eda durante los \u00faltimos 40 a\u00f1os, colaborando con clientes como IBM, Toyota y Samsung para ofrecer datos innovadores que sirvan de base para la toma de decisiones.<\/p>\n\n\n\n<h2 class=\"wp-block-heading\">\u00bfQu\u00e9 son las pruebas de ubicaci\u00f3n central y por qu\u00e9 son importantes?<\/h2>\n\n\n\n<p>Las pruebas en una ubicaci\u00f3n central invitan a los participantes a un entorno controlado para probar el producto, ver anuncios o dar su opini\u00f3n sobre otros servicios. En SIS, hemos perfeccionado este enfoque y hemos ayudado a clientes como PepsiCo, Samsung y Toyota a tomar decisiones mejor informadas que conducen al \u00e9xito.<\/p>\n\n\n\n<p>\u2026 But, why does CLT matter? It gives you an in-depth look at the target audience\u2019s perception of your brand, product, or service and the insights that surveys or an online study cannot provide. Being a <a href=\"https:\/\/www.sisinternational.com\/es\/la-mejor-empresa-de-analisis-de-la-industria-en-nueva-york\/\" title=\"La mejor empresa de an\u00e1lisis de la industria en Nueva York\"  data-wpil-monitor-id=\"1121\">top central location testing market research company<\/a> in New York, we focus on providing a comfortable, distraction-free setting for your participants to give you honest, meaningful feedback.<\/p>\n\n\n\n<h2 class=\"wp-block-heading\">\u00bfPor qu\u00e9 hacemos pruebas en Nueva York?<\/h2>\n\n\n\n<figure class=\"gb-block-image gb-block-image-2c2e4cb8\"><img loading=\"lazy\" decoding=\"async\" width=\"1456\" height=\"816\" class=\"gb-image gb-image-2c2e4cb8\" src=\"https:\/\/www.sisinternational.com\/wp-content\/uploads\/2025\/08\/Focus-group-meeting-11.jpg\" alt=\"Investigaci\u00f3n y estrategia de mercado internacional de SIS\" title=\"Focus group &amp; meeting (11)\" srcset=\"https:\/\/www.sisinternational.com\/wp-content\/uploads\/2025\/08\/Focus-group-meeting-11.jpg 1456w, https:\/\/www.sisinternational.com\/wp-content\/uploads\/2025\/08\/Focus-group-meeting-11-300x168.jpg 300w, https:\/\/www.sisinternational.com\/wp-content\/uploads\/2025\/08\/Focus-group-meeting-11-1024x574.jpg 1024w, https:\/\/www.sisinternational.com\/wp-content\/uploads\/2025\/08\/Focus-group-meeting-11-768x430.jpg 768w, https:\/\/www.sisinternational.com\/wp-content\/uploads\/2025\/08\/Focus-group-meeting-11-18x10.jpg 18w\" sizes=\"auto, (max-width: 1456px) 100vw, 1456px\"><\/figure>\n\n\n\n<p><\/p>\n\n\n\n<p>Cuando fund\u00e9 SIS International Research, ten\u00eda la firme convicci\u00f3n de que la ciudad de Nueva York ser\u00eda una parte fundamental de nuestra historia. Nueva York tiene una diversidad demogr\u00e1fica que permite que cada empresa que se encuentra aqu\u00ed llegue a un microsubconjunto de los mercados globales. He visto c\u00f3mo esta diversidad ha ayudado a las marcas a perfeccionar sus productos y estrategias para llegar a una amplia gama de consumidores.<\/p>\n\n\n\n<p>Contamos con una instalaci\u00f3n interna disponible en el coraz\u00f3n de la ciudad para los participantes, moderadores y clientes. No puedo explicarles con cu\u00e1nta frecuencia los clientes dicen que est\u00e1n agradecidos de poder realizar investigaciones tan f\u00e1cilmente aqu\u00ed. El excelente sistema de transporte p\u00fablico de la ciudad nos trae a los participantes y la energ\u00eda de la ciudad inspira creatividad e innovaci\u00f3n en cada proyecto.<\/p>\n\n\n\n<h2 class=\"wp-block-heading\">\u00bfQu\u00e9 diferencia a una empresa l\u00edder en pruebas de ubicaci\u00f3n central del resto?<\/h2>\n\n\n\n<p>Puedo asegurarles que al comparar un proveedor de CLT de primer nivel con un proveedor com\u00fan y corriente, todo se reduce a unos pocos factores principales... No se trata \u00fanicamente de realizar la prueba; se trata de la calidad de los conocimientos, los m\u00e9todos para reclutar a un participante y el conocimiento de c\u00f3mo adaptar la investigaci\u00f3n a las necesidades de un cliente.&nbsp;<\/p>\n\n\n\n<h3 class=\"wp-block-heading\">Interpretaci\u00f3n de datos y modelado avanzado<\/h3>\n\n\n\n<p>While many companies can collect data, the best stand out from the rest by interpreting it in a suitable manner. Some of the most important insights come from beneath the surface: At a <a href=\"https:\/\/www.sisinternational.com\/es\/empresa-de-evaluacion-comparativa-de-los-principales-competidores\/\" title=\"Empresa de evaluaci\u00f3n comparativa de los principales competidores\"  data-wpil-monitor-id=\"1194\">top CLT company<\/a>, researchers identify patterns, underlying trends, and then offer actionable insights that enable businesses to act accordingly.&nbsp;<\/p>\n\n\n\n<h3 class=\"wp-block-heading\">Dise\u00f1o de investigaci\u00f3n a medida<\/h3>\n\n\n\n<p>A <a href=\"https:\/\/www.sisinternational.com\/es\/empresa-lider-mundial-en-investigacion-cualitativa\/\" title=\"Empresa l\u00edder mundial en investigaci\u00f3n cualitativa\"  data-wpil-monitor-id=\"1023\">Empresa l\u00edder en pruebas de ubicaci\u00f3n central<\/a> offers customized research methods to suit the specific business objectives of each client, as they understand how every client is different. From testing a new product concept to collecting feedback on a marketing campaign or measuring customer preferences, a high-quality CLT company customizes the study design to guarantee the research performed will yield the most relevant and useful data.&nbsp;<\/p>\n\n\n\n<h3 class=\"wp-block-heading\">Informaci\u00f3n demogr\u00e1fica y de reclutamiento integral<\/h3>\n\n\n\n<p>A <a href=\"https:\/\/www.sisinternational.com\/es\/la-mejor-empresa-del-grupo-de-enfoque-global\/\" title=\"Principal empresa del grupo de enfoque global\"  data-wpil-monitor-id=\"1022\">Empresa l\u00edder en pruebas de ubicaci\u00f3n central<\/a> finds the appropriate consumer groups to identify and ensure a representative sample of the general market demographics you want to test. This provides companies with accurate feedback from various cultural, socio-economic, and age groups, making the data more reflective of the market.<\/p>\n\n\n\n<h3 class=\"wp-block-heading\">Centrarse en el recorrido del consumidor<\/h3>\n\n\n\n<p>A <a href=\"https:\/\/www.sisinternational.com\/es\/empresa-lider-en-inteligencia-competitiva\/\" title=\"Empresa l\u00edder en inteligencia competitiva\"  data-wpil-monitor-id=\"1270\">Empresa l\u00edder en pruebas de ubicaci\u00f3n central<\/a> knows consumer buying behavior is shaped by more than one thing, it\u2019s a combination of emotional ties and practical demands. Only the leading agencies drill down deeper into the \u201cwhy\u201d behind consumer decision-making, exploring how each touchpoint \u2014 from advertising to product packaging \u2014 relate to the overall experience.&nbsp;<\/p>\n\n\n\n<h3 class=\"wp-block-heading\">Recomendaciones estrat\u00e9gicas que generan resultados viables<\/h3>\n\n\n\n<p>At the end of the day, a top <a href=\"https:\/\/www.sisinternational.com\/es\/soluciones\/soluciones-de-investigacion-cualitativa-cuantitativa\/pruebas-de-ubicacion-central-vs-grupos-focales\/\" title=\"Pruebas de ubicaci\u00f3n central vs. grupos focales\"  data-wpil-monitor-id=\"1578\">central location testing<\/a> company does more than serve up data \u2014 they serve up results. It offers clients intelligence and strategic advice \u2014 a concrete way to move forward. It\u2019s about figuring out what information will help adjust a marketing campaign, refine a product, or enter an additional market.&nbsp;<\/p>\n\n\n\n<figure class=\"gb-block-image gb-block-image-14f8a9c6\"><img loading=\"lazy\" decoding=\"async\" width=\"1456\" height=\"816\" class=\"gb-image gb-image-14f8a9c6\" src=\"https:\/\/www.sisinternational.com\/wp-content\/uploads\/2025\/08\/Strategy-consulting-28.jpg\" alt=\"Investigaci\u00f3n y estrategia de mercado internacional de SIS\" title=\"Strategy consulting (28)\" srcset=\"https:\/\/www.sisinternational.com\/wp-content\/uploads\/2025\/08\/Strategy-consulting-28.jpg 1456w, https:\/\/www.sisinternational.com\/wp-content\/uploads\/2025\/08\/Strategy-consulting-28-300x168.jpg 300w, https:\/\/www.sisinternational.com\/wp-content\/uploads\/2025\/08\/Strategy-consulting-28-1024x574.jpg 1024w, https:\/\/www.sisinternational.com\/wp-content\/uploads\/2025\/08\/Strategy-consulting-28-768x430.jpg 768w, https:\/\/www.sisinternational.com\/wp-content\/uploads\/2025\/08\/Strategy-consulting-28-18x10.jpg 18w\" sizes=\"auto, (max-width: 1456px) 100vw, 1456px\"><\/figure>\n\n\n\n<p><\/p>\n\n\n\n<h2 class=\"gb-headline gb-headline-f4fb4cf1 gb-headline-text\"><strong>Preguntas frecuentes sobre las pruebas en ubicaciones centrales de Nueva York<\/strong><\/h2>\n\n\n<p>\n\n\n<\/p>\n<h3 class=\"wp-block-heading\" style=\"padding-left: 40px;\">\u00bfQu\u00e9 son las pruebas en ubicaci\u00f3n central?<\/h3>\n<p style=\"padding-left: 40px;\">\n\n\n\n<\/p>\n<p style=\"padding-left: 40px;\">Las pruebas en ubicaciones centrales son una forma de investigaci\u00f3n de mercado en la que individuos seleccionados eval\u00faan productos, servicios o ideas en condiciones controladas en una ubicaci\u00f3n predeterminada. Se aplican para medir las reacciones de los consumidores a nuevos productos, conceptos de marketing o de marca antes de introducirlos en el mercado.<\/p>\n<p style=\"padding-left: 40px;\">\n\n\n\n<\/p>\n<h3 class=\"wp-block-heading\" style=\"padding-left: 40px;\">\u00bfCu\u00e1l es la importancia de las pruebas en ubicaci\u00f3n central en Nueva York?<\/h3>\n<p style=\"padding-left: 40px;\">\n\n\n\n<\/p>\n<p style=\"padding-left: 40px;\">Las empresas recurren a las pruebas de ubicaci\u00f3n central para predecir el comportamiento de los consumidores en diversos grupos socioecon\u00f3micos, culturales y demogr\u00e1ficos para obtener una imagen completa de las preferencias de los consumidores en todos los segmentos del mercado.\u00a0<\/p>\n<p style=\"padding-left: 40px;\">\n\n\n\n<\/p>\n<h3 class=\"wp-block-heading\" style=\"padding-left: 40px;\">\u00bfQu\u00e9 son las pruebas de ubicaci\u00f3n central o en qu\u00e9 se diferencian de otros tipos de investigaci\u00f3n de mercado?<\/h3>\n<p style=\"padding-left: 40px;\">\n\n\n\n<\/p>\n<p style=\"padding-left: 40px;\">Las pruebas de ubicaci\u00f3n central ofrecen a los investigadores la oportunidad de probar productos o conceptos en condiciones del mundo real, lo que puede generar informaci\u00f3n m\u00e1s precisa sobre c\u00f3mo responder\u00e1n los consumidores en un entorno real.\u00a0<\/p>\n<p style=\"padding-left: 40px;\">\n\n\n\n<\/p>\n<h3 class=\"wp-block-heading\" style=\"padding-left: 40px;\">\u00bfQu\u00e9 tipos de productos o servicios se prueban mediante CLT?<\/h3>\n<p style=\"padding-left: 40px;\">\n\n\n\n<\/p>\n<p style=\"padding-left: 40px;\">Se puede utilizar para probar una variedad de productos y servicios diferentes, incluidos bienes de consumo, nuevos tipos de alimentos o bebidas, campa\u00f1as publicitarias, dise\u00f1os de envases, aplicaciones digitales (incluidos sitios web) y conceptos de venta minorista. Ayuda a las empresas a probar conceptos de productos antes de construir l\u00edneas de producci\u00f3n a gran escala para lanzar ofertas que satisfagan las expectativas de los consumidores.<\/p>\n<p style=\"padding-left: 40px;\">\n\n\n\n<\/p>\n<h3 class=\"wp-block-heading\" style=\"padding-left: 40px;\">\u00bfCu\u00e1les son los principales beneficios de utilizar CLT en Nueva York?<\/h3>\n<p style=\"padding-left: 40px;\">\n\n\n\n<\/p>\n<p style=\"padding-left: 40px;\">Using <a href=\"https:\/\/www.sisinternational.com\/es\/soluciones\/soluciones-de-investigacion-cualitativa-cuantitativa\/pruebas-en-ubicaciones-centrales-de-la-ciudad-de-nueva-york\/\" title=\"Pruebas en ubicaciones centrales de la ciudad de Nueva York: beneficios para las pruebas de productos\"  data-wpil-monitor-id=\"1590\">Central Location Testing in New York<\/a> has several advantages: the first is that businesses receive access to the city\u2019s unique consumer population, allowing for more comprehensive and representative data. Due to the high foot traffic in commercial areas, it is easy to find study participants quickly. In addition, businesses obtain data on consumer behavior and preferences in a real-world, urban setting, which is vital for products made for large markets in cosmopolitan cities.<\/p>\n<p style=\"padding-left: 40px;\">\n\n\n\n<\/p>\n<h3 class=\"wp-block-heading\" style=\"padding-left: 40px;\">\u00bfC\u00f3mo se seleccionan los participantes para el CLT en Nueva York?<\/h3>\n<p style=\"padding-left: 40px;\">\n\n\n\n<\/p>\n<p style=\"padding-left: 40px;\">Los participantes suelen elegirse en funci\u00f3n de caracter\u00edsticas demogr\u00e1ficas y psicogr\u00e1ficas que coincidan con el p\u00fablico objetivo del producto o servicio. Se puede llegar a ellos en zonas comerciales concurridas, paneles en l\u00ednea o bases de datos donde las empresas de investigaci\u00f3n pueden encontrar r\u00e1pidamente a los encuestados elegibles.<\/p>\n<p>\n\n<\/p>\n<h2 class=\"wp-block-heading\">\u00bfQu\u00e9 hace que SIS International Research sea la principal empresa de pruebas en ubicaciones centrales de Nueva York?<\/h2>\n<p>\u00a0<\/p>\n<p><img loading=\"lazy\" decoding=\"async\" class=\"alignnone size-full wp-image-54528\" src=\"https:\/\/www.sisinternational.com\/wp-content\/uploads\/2024\/12\/Central-location-testing-2.jpeg\" alt=\"Empresa l\u00edder en pruebas en ubicaciones centrales\" width=\"1312\" height=\"736\" \/><\/p>\n<p>\n\n \n\n<\/p>\n<p>\u00a0<\/p>\n<p>As a <a href=\"https:\/\/www.sisinternational.com\/es\/la-mejor-empresa-de-optimizacion-de-ventas-b2b\/\" title=\"Empresa l\u00edder en optimizaci\u00f3n de ventas B2B\"  data-wpil-monitor-id=\"1677\">Empresa l\u00edder en pruebas de ubicaci\u00f3n central<\/a> in New York, we own our spaces, which allows us to keep costs down but also lets us manage each part of the research process. An example I can think of is a project we worked on with a global consumer goods company that had a team attending with them. They were delighted with how seamless everything was because we didn&#8217;t need to use external facilities or coordinators.<\/p>\n<p>\n\n \n\n<\/p>\n<h3 class=\"wp-block-heading\" style=\"padding-left: 40px;\">Una gran reserva de talentos<\/h3>\n<p style=\"padding-left: 40px;\">\n\n \n\n<\/p>\n<p style=\"padding-left: 40px;\">Siempre he pensado que una gran investigaci\u00f3n comienza con grandes personas. Contamos con expertos en la industria con a\u00f1os de experiencia y conocimiento del sector en investigaci\u00f3n de mercados.\u00a0<\/p>\n<p style=\"padding-left: 40px;\">\n\n \n\n<\/p>\n<h3 class=\"wp-block-heading\" style=\"padding-left: 40px;\">Experiencia y trayectoria<\/h3>\n<p style=\"padding-left: 40px;\">\n\n \n\n<\/p>\n<p style=\"padding-left: 40px;\">Hemos trabajado con algunas de las marcas m\u00e1s respetadas del mundo, entre ellas IBM, Nestl\u00e9 y Samsung. Todas ellas solicitan informaci\u00f3n en m\u00faltiples puntos de contacto. Los a\u00f1os de experiencia que aportamos a cada proyecto le brindan la seguridad de que nuestros expertos comprenden su industria.<\/p>\n<p style=\"padding-left: 40px;\">\n\n \n\n<\/p>\n<h3 class=\"wp-block-heading\" style=\"padding-left: 40px;\">Instalaciones de vanguardia<\/h3>\n<p style=\"padding-left: 40px;\">\n\n \n\n<\/p>\n<p style=\"padding-left: 40px;\"><a href=\"https:\/\/www.linkedin.com\/company\/sisinternationalresearch\/\" target=\"_blank\" rel=\"noopener\">Nuestras instalaciones de Nueva York<\/a> Est\u00e1 equipado con herramientas y tecnolog\u00eda de vanguardia, incluidos sistemas de seguimiento ocular y an\u00e1lisis de datos en tiempo real.<\/p>\n<p style=\"padding-left: 40px;\">\n\n \n\n<\/p>\n<h3 class=\"wp-block-heading\" style=\"padding-left: 40px;\">Reclutamiento de participantes<\/h3>\n<p style=\"padding-left: 40px;\">\n\n \n\n<\/p>\n<p style=\"padding-left: 40px;\">La mezcla demogr\u00e1fica de Nueva York es una mina de oro para la investigaci\u00f3n de mercado; sin embargo, no todos los especialistas en marketing saben c\u00f3mo aprovechar su potencial. Nuestro eficiente proceso de reclutamiento en SIS garantiza una muestra representativa que se alinea estrechamente con su p\u00fablico objetivo.<\/p>\n<p style=\"padding-left: 40px;\">\n\n \n\n<\/p>\n<h3 class=\"wp-block-heading\" style=\"padding-left: 40px;\">Personalizaci\u00f3n y flexibilidad<\/h3>\n<p style=\"padding-left: 40px;\">\n\n \n\n<\/p>\n<p style=\"padding-left: 40px;\">Sus necesidades de investigaci\u00f3n son \u00fanicas y su socio de pruebas debe poder adaptarse a ellas. Cualquiera sea su objetivo de prueba (un nuevo producto, una campa\u00f1a publicitaria o un concepto), <a href=\"https:\/\/twitter.com\/SISIntlResearch\" target=\"_blank\" rel=\"noopener\">SIS<\/a> Tiene soluciones personalizadas para respaldar sus objetivos.<\/p>\n<p style=\"padding-left: 40px;\">\n\n \n\n<\/p>\n<h3 class=\"wp-block-heading\" style=\"padding-left: 40px;\">Transparencia y comunicaci\u00f3n\u00a0<\/h3>\n<p style=\"padding-left: 40px;\">\n\n \n\n<\/p>\n<p style=\"padding-left: 40px;\">En <a href=\"https:\/\/medium.com\/@sisinternational\/sis-international-c17160da8fac\" target=\"_blank\" rel=\"noopener\">SIS<\/a>Creemos que cada relaci\u00f3n con el cliente debe ser una asociaci\u00f3n. Trabajamos junto con los clientes, desde la planificaci\u00f3n del proyecto hasta la entrega final, para que puedan confiar en los resultados.<\/p>\n<h2>Nuestra ubicaci\u00f3n de instalaciones en Nueva York<\/h2>\n<p>\n\n \n\n<iframe loading=\"lazy\" src=\"https:\/\/www.google.com\/maps\/embed?pb=!1m18!1m12!1m3!1d3022.976188376966!2d-73.99130312499956!3d40.740549471389315!2m3!1f0!2f0!3f0!3m2!1i1024!2i768!4f13.1!3m3!1m2!1s0x89c259a15798c731%3A0xd695d09bdd495f25!2s11%20E%2022nd%20St%20FL%202%2C%20New%20York%2C%20NY%2010010%2C%20USA!5e0!3m2!1sen!2spe!4v1726171763526!5m2!1sen!2spe\" width=\"600\" height=\"450\" allowfullscreen=\"allowfullscreen\" data-mce-fragment=\"1\"><\/iframe>\n\n \n\n<\/p>\n<h3 class=\"wp-block-heading\">11 E 22nd Street, Piso 2, Nueva York, NY 10010 T: +1(212) 505-6805<\/h3>\n<hr \/>\n<h2><span style=\"font-weight: 400;\">Acerca de SIS Internacional<\/span><\/h2>\n<p><a href=\"https:\/\/www.sisinternational.com\/es\/\"><span style=\"font-weight: 400;\">SIS Internacional<\/span><\/a><span style=\"font-weight: 400;\"> ofrece investigaci\u00f3n cuantitativa, cualitativa y estrat\u00e9gica. Proporcionamos datos, herramientas, estrategias, informes y conocimientos para la toma de decisiones. Tambi\u00e9n realizamos entrevistas, encuestas, grupos focales y otros m\u00e9todos y enfoques de investigaci\u00f3n de mercado.<\/span><a href=\"https:\/\/www.sisinternational.com\/es\/sobre-la-investigacion-internacional-de-sis\/contact-sis-international-market-research\/\"><span style=\"font-weight: 400;\"> P\u00f3ngase en contacto con nosotros<\/span><\/a><span style=\"font-weight: 400;\"> para su pr\u00f3ximo proyecto de Investigaci\u00f3n de Mercado.<\/span><\/p>\n<hr \/>\n<p>\u00a0<\/p>\n<p>\n\n<\/p>\n<p>\n\n\n<\/p>\n\n\n<h2 class=\"wp-block-heading\"><\/h2>","protected":false},"excerpt":{"rendered":"<p>Top Central Location Testing Company Central location testing (CLT) is one of the most powerful ways businesses learn about consumers&#8217; thoughts, feelings, and desires. At SIS International Research, we\u2019ve refined this methodology over the past 40 years, collaborating with clients such as IBM, Toyota, and Samsung to deliver game-changing data that informs decisions. What is &#8230; <a title=\"Empresa l\u00edder en pruebas en ubicaciones centrales\" class=\"read-more\" href=\"https:\/\/www.sisinternational.com\/es\/central-location-tests-clt-page\/empresa-lider-en-pruebas-de-ubicacion-central\/\" aria-label=\"Leer m\u00e1s sobre Top Central Location Testing Company\">Leer m\u00e1s<\/a><\/p>","protected":false},"author":1,"featured_media":69345,"parent":84538,"menu_order":33,"comment_status":"closed","ping_status":"closed","template":"","meta":{"footnotes":""},"class_list":["post-54504","page","type-page","status-publish","has-post-thumbnail"],"_links":{"self":[{"href":"https:\/\/www.sisinternational.com\/es\/wp-json\/wp\/v2\/pages\/54504","targetHints":{"allow":["GET"]}}],"collection":[{"href":"https:\/\/www.sisinternational.com\/es\/wp-json\/wp\/v2\/pages"}],"about":[{"href":"https:\/\/www.sisinternational.com\/es\/wp-json\/wp\/v2\/types\/page"}],"author":[{"embeddable":true,"href":"https:\/\/www.sisinternational.com\/es\/wp-json\/wp\/v2\/users\/1"}],"replies":[{"embeddable":true,"href":"https:\/\/www.sisinternational.com\/es\/wp-json\/wp\/v2\/comments?post=54504"}],"version-history":[{"count":11,"href":"https:\/\/www.sisinternational.com\/es\/wp-json\/wp\/v2\/pages\/54504\/revisions"}],"predecessor-version":[{"id":76044,"href":"https:\/\/www.sisinternational.com\/es\/wp-json\/wp\/v2\/pages\/54504\/revisions\/76044"}],"up":[{"embeddable":true,"href":"https:\/\/www.sisinternational.com\/es\/wp-json\/wp\/v2\/pages\/84538"}],"wp:featuredmedia":[{"embeddable":true,"href":"https:\/\/www.sisinternational.com\/es\/wp-json\/wp\/v2\/media\/69345"}],"wp:attachment":[{"href":"https:\/\/www.sisinternational.com\/es\/wp-json\/wp\/v2\/media?parent=54504"}],"curies":[{"name":"wp","href":"https:\/\/api.w.org\/{rel}","templated":true}]}}