{"id":54475,"date":"2024-12-08T21:11:02","date_gmt":"2024-12-09T02:11:02","guid":{"rendered":"https:\/\/www.sisinternational.com\/?page_id=54475"},"modified":"2026-01-27T16:45:54","modified_gmt":"2026-01-27T21:45:54","slug":"investigacion-de-mercados-en-alemania-2","status":"publish","type":"page","link":"https:\/\/www.sisinternational.com\/es\/cobertura\/europa\/investigacion-de-mercados-en-alemania-2\/","title":{"rendered":"Investigaci\u00f3n de mercado en Alemania"},"content":{"rendered":"<h1 class=\"wp-block-heading\">Investigaci\u00f3n de mercado en Alemania<\/h1>\n\n\n\n<figure class=\"gb-block-image gb-block-image-8c635337\"><img loading=\"lazy\" decoding=\"async\" width=\"1456\" height=\"816\" class=\"gb-image gb-image-8c635337\" src=\"https:\/\/www.sisinternational.com\/wp-content\/uploads\/2025\/09\/Germany-4.jpg\" alt=\"Investigaci\u00f3n y estrategia de mercado internacional de SIS\" title=\"Germany (4)\" srcset=\"https:\/\/www.sisinternational.com\/wp-content\/uploads\/2025\/09\/Germany-4.jpg 1456w, https:\/\/www.sisinternational.com\/wp-content\/uploads\/2025\/09\/Germany-4-300x168.jpg 300w, https:\/\/www.sisinternational.com\/wp-content\/uploads\/2025\/09\/Germany-4-1024x574.jpg 1024w, https:\/\/www.sisinternational.com\/wp-content\/uploads\/2025\/09\/Germany-4-768x430.jpg 768w, https:\/\/www.sisinternational.com\/wp-content\/uploads\/2025\/09\/Germany-4-18x10.jpg 18w\" sizes=\"auto, (max-width: 1456px) 100vw, 1456px\"><\/figure>\n\n\n\n<hr class=\"wp-block-separator has-alpha-channel-opacity is-style-dots\"\/>\n\n\n\n<h3 class=\"wp-block-heading\">La investigaci\u00f3n de mercados en Alemania es crucial para cualquier empresa que quiera establecerse en uno de los mercados m\u00e1s competitivos y sofisticados de Europa.<\/h3>\n\n\n\n<p>\u00bfConoce el mercado alem\u00e1n tan bien como cree? Como director ejecutivo de SIS International, he observado que muchas empresas ignoran las realidades de ingresar o crecer en Alemania. En realidad, se trata de las sutilezas del comportamiento del consumidor, las expectativas culturales y los entornos regulatorios. Es por eso que nuestro alcance global y nuestro conocimiento experto ayudan a las empresas a analizar los datos y convertirlos en estrategias viables.<\/p>\n\n\n\n<h2 class=\"wp-block-heading\">\u00bfPor qu\u00e9 es esencial realizar un estudio de mercado en Alemania?<\/h2>\n\n\n\n<p>At SIS International, we\u2019ve been in the market <a href=\"https:\/\/www.sisinternational.com\/es\/soluciones\/soluciones-de-investigacion-cualitativa-cuantitativa\/quantitative-research-in-germany\/\" title=\"Quantitative Research in Germany\"  data-wpil-monitor-id=\"862\">research business in Germany<\/a> for decades, and one thing is perfectly clear: Germany is a dynamic market with its unique demands and challenges.&nbsp;<\/p>\n\n\n\n<p><strong>Los gustos de los consumidores alemanes son una mezcla de conveniencia de la vieja escuela y novedad de la nueva escuela.<\/strong>Con su estabilidad econ\u00f3mica, su alto poder adquisitivo y su excelente base industrial, Alemania es un mercado atractivo para la expansi\u00f3n internacional... Pero no se trata de un mercado \u00fanico. En Alemania, el comportamiento del consumidor puede variar sustancialmente seg\u00fan la regi\u00f3n, la edad y el contexto socioecon\u00f3mico.<\/p>\n\n\n\n<p><strong>Alemania tambi\u00e9n tiene uno de los entornos regulatorios m\u00e1s estrictos de Europa.<\/strong>Si su empresa est\u00e1 lanzando un producto o ingresando a un mercado, debe conocer las leyes, est\u00e1ndares y protectores del consumidor locales.<\/p>\n\n\n\n<h2 class=\"wp-block-heading\">El objetivo es optimizar la oferta de productos y servicios.<\/h2>\n\n\n\n<figure class=\"gb-block-image gb-block-image-b8adb562\"><img loading=\"lazy\" decoding=\"async\" width=\"1456\" height=\"816\" class=\"gb-image gb-image-b8adb562\" src=\"https:\/\/www.sisinternational.com\/wp-content\/uploads\/2025\/09\/Germany-1.jpg\" alt=\"Investigaci\u00f3n y estrategia de mercado internacional de SIS\" title=\"Germany (1)\" srcset=\"https:\/\/www.sisinternational.com\/wp-content\/uploads\/2025\/09\/Germany-1.jpg 1456w, https:\/\/www.sisinternational.com\/wp-content\/uploads\/2025\/09\/Germany-1-300x168.jpg 300w, https:\/\/www.sisinternational.com\/wp-content\/uploads\/2025\/09\/Germany-1-1024x574.jpg 1024w, https:\/\/www.sisinternational.com\/wp-content\/uploads\/2025\/09\/Germany-1-768x430.jpg 768w, https:\/\/www.sisinternational.com\/wp-content\/uploads\/2025\/09\/Germany-1-18x10.jpg 18w\" sizes=\"auto, (max-width: 1456px) 100vw, 1456px\"><\/figure>\n\n\n\n<p><\/p>\n\n\n\n<p>Alemania es un mercado \u00fanico en el que la innovaci\u00f3n, la precisi\u00f3n y la fidelidad de los clientes son la clave del \u00e9xito. Las empresas deben comprender qu\u00e9 motiva a los consumidores alemanes y qu\u00e9 quieren y esperan. Muchas empresas se olvidan de localizar sus productos cuando los lanzan en Alemania. A trav\u00e9s de una exhaustiva investigaci\u00f3n de mercado, orientamos a las empresas sobre qu\u00e9 caracter\u00edsticas, estructuras de precios y servicios son los que m\u00e1s atraer\u00e1n a la clientela local.<\/p>\n\n\n\n<p>A modo de ejemplo, nuestro equipo trabaj\u00f3 con un cliente del sector automotor que quer\u00eda saber m\u00e1s sobre las preferencias de los compradores de autom\u00f3viles alemanes. La investigaci\u00f3n cualitativa y cuantitativa proporcion\u00f3 informaci\u00f3n valiosa sobre los elementos que impulsan las decisiones de compra, desde la eficiencia del combustible hasta las caracter\u00edsticas de seguridad y la lealtad a la marca.<\/p>\n\n\n\n<h2 class=\"wp-block-heading\">Oportunidades en el mercado alem\u00e1n<\/h2>\n\n\n\n<p>Alemania representa una excelente oportunidad para las empresas que se expanden y diversifican en Europa. El mercado alem\u00e1n ofrece una gama \u00fanica de oportunidades de crecimiento\u2026 Pero para acceder a estas oportunidades, uno debe estar al tanto de la din\u00e1mica del mercado local, el comportamiento del consumidor y las tendencias emergentes.<\/p>\n\n\n\n<figure class=\"gb-block-image gb-block-image-5f95954b\"><img loading=\"lazy\" decoding=\"async\" width=\"1024\" height=\"844\" class=\"gb-image gb-image-5f95954b\" src=\"https:\/\/www.sisinternational.com\/wp-content\/uploads\/2024\/12\/Market-research-in-germany-1024x844.png\" srcset=\"https:\/\/www.sisinternational.com\/wp-content\/uploads\/2024\/12\/Market-research-in-germany-1024x844.png 1024w, https:\/\/www.sisinternational.com\/wp-content\/uploads\/2024\/12\/Market-research-in-germany-300x247.png 300w, https:\/\/www.sisinternational.com\/wp-content\/uploads\/2024\/12\/Market-research-in-germany-768x633.png 768w, https:\/\/www.sisinternational.com\/wp-content\/uploads\/2024\/12\/Market-research-in-germany-1536x1266.png 1536w, https:\/\/www.sisinternational.com\/wp-content\/uploads\/2024\/12\/Market-research-in-germany-15x12.png 15w, https:\/\/www.sisinternational.com\/wp-content\/uploads\/2024\/12\/Market-research-in-germany.png 1638w\" sizes=\"auto, (max-width: 1024px) 100vw, 1024px\" alt=\"Investigaci\u00f3n y estrategia de mercado internacional de SIS\"><\/figure>\n\n\n\n<p><\/p>\n\n\n\n<h3 class=\"wp-block-heading\">Tecnolog\u00eda e Innovaci\u00f3n<\/h3>\n\n\n\n<p>Alemania est\u00e1 a la vanguardia de la innovaci\u00f3n. Con el foco puesto en la Industria 4.0, la transformaci\u00f3n digital y la transici\u00f3n hacia tecnolog\u00edas m\u00e1s ecol\u00f3gicas, las empresas del sector tecnol\u00f3gico tienen un enorme potencial de crecimiento en el pa\u00eds. Desde empresas emergentes hasta multinacionales, nuestro trabajo permite a nuestros clientes adoptar tecnolog\u00edas antes de que se generalicen en Alemania.<\/p>\n\n\n\n<h3 class=\"wp-block-heading\">Innovaci\u00f3n verde y sostenibilidad<\/h3>\n\n\n\n<p>Alemania es considerada un pa\u00eds l\u00edder en materia de sostenibilidad. El pa\u00eds es l\u00edder en numerosos \u00e1mbitos, desde energ\u00edas renovables hasta productos ecol\u00f3gicos y procesos de fabricaci\u00f3n ecol\u00f3gicos. Este compromiso con la sostenibilidad abre grandes oportunidades para las empresas que ofrecen productos o servicios ecol\u00f3gicos.<\/p>\n\n\n\n<h3 class=\"wp-block-heading\">Comercio electr\u00f3nico y venta minorista digital<\/h3>\n\n\n\n<p>Europa tiene uno de los mercados de comercio electr\u00f3nico m\u00e1s grandes del mundo y Alemania es uno de los pa\u00edses l\u00edderes con el mercado minorista digital de m\u00e1s r\u00e1pido crecimiento. Con un n\u00famero cada vez mayor de consumidores que compran en l\u00ednea, m\u00e1s que nunca antes, las empresas de moda, electr\u00f3nica y bienes de consumo ahora tienen una oportunidad exponencial de aprovechar la transici\u00f3n digital.<\/p>\n\n\n\n<h3 class=\"wp-block-heading\">Atenci\u00f3n sanitaria y envejecimiento de la poblaci\u00f3n<\/h3>\n\n\n\n<p>El envejecimiento demogr\u00e1fico de Alemania ofrece perspectivas particulares en el \u00e1mbito de los dispositivos m\u00e9dicos, y Alemania cuenta con un mercado en crecimiento para servicios, productos y tecnolog\u00edas enfocados en apoyar a una poblaci\u00f3n de mayor edad. El cambio genera nuevas ideas en campos como el cuidado de personas mayores, la tecnolog\u00eda de la salud, los productos farmac\u00e9uticos y los dispositivos m\u00e9dicos.<\/p>\n\n\n\n<h2 class=\"wp-block-heading\">Desaf\u00edos para la realizaci\u00f3n de estudios de mercado en Alemania<\/h2>\n\n\n\n<h3 class=\"wp-block-heading\">Navegando por la diversidad regional<\/h3>\n\n\n\n<p>Understanding the regional diversity is one of the <a href=\"https:\/\/www.sisinternational.com\/es\/cobertura\/las-americas\/cobertura-de-estados-unidos\/investigacion-de-mercado-en-maine\/\" title=\"Investigaci\u00f3n de mercado en Maine\"  data-wpil-monitor-id=\"5436\">main difficulties in the market research<\/a> in Germany. Because Germany is a large country with 16 federal states, there will be considerable differences in cultural attitudes, economic conditions, and consumer behavior. What works in Berlin isn\u2019t necessarily going to work in Munich or Hamburg. Indeed, regions in the south and east of Germany can have quite different product type preferences as well as pricing or even advertising styles.<\/p>\n\n\n\n<p>A lo largo de los a\u00f1os, SIS ha desarrollado habilidades de primer nivel para segmentar el mercado alem\u00e1n a nivel regional y ayudar a la empresa a abordar las necesidades espec\u00edficas de varios grupos de consumidores. Se trata de ir m\u00e1s all\u00e1 de los grandes clich\u00e9s y conocer los verdaderos impulsos y puntos d\u00e9biles de los consumidores en cada regi\u00f3n.<\/p>\n\n\n\n<h3 class=\"wp-block-heading\">Navegando entre regulaciones estrictas<\/h3>\n\n\n\n<p>Conductible <a href=\"https:\/\/www.sisinternational.com\/es\/soluciones\/legal-market-research\/\" title=\"Legal Market Research\"  data-wpil-monitor-id=\"2959\">investigaci\u00f3n de mercado<\/a> can be a big hurdle for companies in Germany due to its legal and regulatory landscape. Much of the country has strict privacy laws and regulations \u2014 most famously the General Data Protection Regulation (GDPR) \u2014 which curtails how companies collect, store, and use consumer data. For businesses engaged in market research, GDPR compliance is essential, with violations resulting in serious fines and reputation damage.<\/p>\n\n\n\n<h3 class=\"wp-block-heading\">Conciencia ambiental y tradiciones locales<\/h3>\n\n\n\n<p>Mercado <a href=\"https:\/\/www.sisinternational.com\/es\/pericia\/industrias\/investigacion-de-persona-extrema\/\" title=\"Investigaci\u00f3n de personas extremas\"  data-wpil-monitor-id=\"3364\">research in Germany must be extremely<\/a> sensitive to local values, attitudes, and preferences. A marketing campaign or product that suits another European market may fall flat in Germany even if it fits local tastes.<\/p>\n\n\n\n<p>El humor y los llamamientos emocionales en la publicidad pueden funcionar en pa\u00edses como el Reino Unido o Francia, pero no en Alemania, donde los consumidores tienden a apreciar los enfoques simples y objetivos.<\/p>\n\n\n\n<h3 class=\"wp-block-heading\">Mercado altamente competitivo<\/h3>\n\n\n\n<p>El mayor desaf\u00edo en Alemania es el nivel de competencia en muchas industrias. Las industrias est\u00e1n repletas de actores locales establecidos y requerir\u00e1n una comprensi\u00f3n del comportamiento de los consumidores y de la competencia para abrirse paso y ganar participaci\u00f3n de mercado. En este panorama competitivo, una investigaci\u00f3n de mercado eficaz requiere m\u00e9todos sofisticados y un ojo agudo para las oportunidades de mercado y las tendencias emergentes.<\/p>\n\n\n\n<h2 class=\"wp-block-heading\">\u00bfPor qu\u00e9 elegir a SIS International como su socio de confianza en investigaci\u00f3n de mercados en Alemania?<\/h2>\n\n\n\n<figure class=\"gb-block-image gb-block-image-c4753d37\"><img loading=\"lazy\" decoding=\"async\" width=\"1456\" height=\"816\" class=\"gb-image gb-image-c4753d37\" src=\"https:\/\/www.sisinternational.com\/wp-content\/uploads\/2025\/09\/Germany-3.jpg\" alt=\"Investigaci\u00f3n y estrategia de mercado internacional de SIS\" title=\"Germany (3)\" srcset=\"https:\/\/www.sisinternational.com\/wp-content\/uploads\/2025\/09\/Germany-3.jpg 1456w, https:\/\/www.sisinternational.com\/wp-content\/uploads\/2025\/09\/Germany-3-300x168.jpg 300w, https:\/\/www.sisinternational.com\/wp-content\/uploads\/2025\/09\/Germany-3-1024x574.jpg 1024w, https:\/\/www.sisinternational.com\/wp-content\/uploads\/2025\/09\/Germany-3-768x430.jpg 768w, https:\/\/www.sisinternational.com\/wp-content\/uploads\/2025\/09\/Germany-3-18x10.jpg 18w\" sizes=\"auto, (max-width: 1456px) 100vw, 1456px\"><\/figure>\n\n\n\n<p><\/p>\n\n\n\n<p>SIS International es m\u00e1s que un proveedor de estudios de mercado; somos un socio que ayuda a las empresas a crecer y tener \u00e9xito en entornos de mercado complejos como el alem\u00e1n. Con m\u00e1s de 40 a\u00f1os de experiencia, presencia en m\u00e1s de 135 mercados a nivel mundial y un equipo de especialistas en sinton\u00eda con los mercados locales, sabemos lo que se necesita para prosperar en uno de los entornos m\u00e1s competitivos y diversos de Europa.<\/p>\n\n\n\n<h3 class=\"wp-block-heading\">\u00c9xito con gigantes de la industria<\/h3>\n\n\n\n<p>Another reason SIS International is one of the best companies for market <a href=\"https:\/\/www.sisinternational.com\/es\/monitor-de-marca-de-neumaticos-ee-uu-alemania-brasil\/\" title=\"Investigaci\u00f3n de marcas de neum\u00e1ticos en EE. UU., Alemania y Brasil\"  data-wpil-monitor-id=\"6603\">research in Germany<\/a> is our track record. We have delivered insights to some of the most influential brands in the world, such as Fortune 500 companies, startups, and government agencies, assisting them in making data-informed decisions in Germany\u2019s fast progressing market.&nbsp;<\/p>\n\n\n\n<h3 class=\"wp-block-heading\">Alto nivel de especializaci\u00f3n en el mercado alem\u00e1n<\/h3>\n\n\n\n<p>Nos destacamos en \u201cdescifrar\u201d el comportamiento local de los consumidores, los desarrollos regionales y la \u00f3smosis en el campo en Alemania, lo que nos distingue de cualquier empresa de investigaci\u00f3n de mercado promedio. Nuestro enfoque no se trata solo de ara\u00f1ar la superficie; realizamos investigaciones cualitativas y cuantitativas para garantizar que todas las recomendaciones que hacemos se basen en fundamentos s\u00f3lidos y, al mismo tiempo, sean lo m\u00e1s pr\u00e1cticas posible.<\/p>\n\n\n\n<h3 class=\"wp-block-heading\">Soluciones locales con alcance global<\/h3>\n\n\n\n<p>Con nuestro amplio conocimiento del entorno y la comunidad local, nuestra metodolog\u00eda utiliza los avances m\u00e1s recientes en t\u00e9cnicas de investigaci\u00f3n para un enfoque personalizado que garantice que nuestro trabajo cumpla con los requisitos de los clientes.&nbsp;<\/p>\n\n\n\n<h3 class=\"wp-block-heading\">Herramientas y metodolog\u00edas tradicionales para la investigaci\u00f3n avanzada<\/h3>\n\n\n\n<p>Aplicamos una variedad de m\u00e9todos y herramientas de investigaci\u00f3n de vanguardia. Recopilamos datos de estudios de consumidores, encuestas exhaustivas y grupos de discusi\u00f3n, con un alto grado de profundidad. Esto nos permite ofrecer a nuestros clientes una comprensi\u00f3n integral del mercado, lo que les permite tomar las mejores decisiones basadas en datos consolidados.<\/p>\n\n\n\n<h3 class=\"wp-block-heading\">Soluciones personalizadas para un crecimiento sostenible<\/h3>\n\n\n\n<p>En <a href=\"https:\/\/twitter.com\/SISIntlResearch\" target=\"_blank\" rel=\"noopener\">SIS<\/a> Sabemos que esencialmente, <a href=\"https:\/\/www.linkedin.com\/pulse\/how-market-research-enables-growth-ruth-stanat-phekf\/\" target=\"_blank\" rel=\"noopener\">investigaci\u00f3n de mercado<\/a> No significa nada sin la capacidad de aplicarlo para facilitar un crecimiento sostenible a largo plazo. Desde el an\u00e1lisis hasta la estrategia, ofrecemos informaci\u00f3n que ayuda a las empresas a afrontar los desaf\u00edos y las oportunidades que se avecinan.&nbsp;<\/p>\n\n\n\n<h2 class=\"wp-block-heading\">Preguntas frecuentes: Investigaci\u00f3n de mercados en Alemania<\/h2>\n\n\n\n<h3 class=\"wp-block-heading\">1. \u00bfPor qu\u00e9 la investigaci\u00f3n de mercados en Alemania es esencial para cualquier negocio?<\/h3>\n\n\n\n<p>Alemania es la mayor econom\u00eda de Europa y un centro para sectores como el automotor, la tecnolog\u00eda, la manufactura y las finanzas. La informaci\u00f3n sobre el comportamiento local de los consumidores, las disparidades regionales y el panorama regulatorio puede ayudar a las empresas a dise\u00f1ar estrategias personalizadas, detectar tendencias emergentes y mitigar riesgos.<\/p>\n\n\n\n<h3 class=\"wp-block-heading\">2. \u00bfCu\u00e1les son las dificultades a las que se enfrentan las empresas a la hora de realizar an\u00e1lisis de mercado en Alemania?<\/h3>\n\n\n\n<p>Alemania tiene una diversidad regional, un panorama regulatorio complejo y diferencias culturales que plantean algunos desaf\u00edos para las empresas que realizan estudios de mercado. Los comportamientos de los consumidores alemanes difieren en las distintas regiones, por lo que es importante realizar estudios regionales.&nbsp;<\/p>\n\n\n\n<h3 class=\"wp-block-heading\">3. \u00bfEn qu\u00e9 sectores realiza SIS International estudios de mercado en Alemania?<\/h3>\n\n\n\n<p><a href=\"https:\/\/www.linkedin.com\/company\/sisinternationalresearch\/\" target=\"_blank\" rel=\"noopener\">SIS Internacional<\/a>&#8216;s market research services cover a diverse range of industries in Germany, including automotive, technology, consumer goods, healthcare, finance, energy, and manufacturing. We&#8217;ve been working for global <a href=\"https:\/\/www.sisinternational.com\/es\/publicidad-de-choque-y-marketing-de-choque\/\" title=\"Publicidad de choque y marketing de choque\" data-wpil-monitor-id=\"7570\">brands<\/a> to help them develop a sense of local market behavior and gain consumer insights to come up with the most relevant approach to entering the German Market.&nbsp;<\/p>\n\n\n\n<h3 class=\"wp-block-heading\">4. \u00bfC\u00f3mo la investigaci\u00f3n de mercados en Alemania mantiene mi negocio competitivo?<\/h3>\n\n\n\n<p>Comprender el comportamiento de los consumidores, las nuevas tendencias del mercado y las estrategias de la competencia es fundamental para seguir siendo competitivo en la investigaci\u00f3n de mercados en Alemania. Esto permite identificar las brechas en el mercado, las estrategias de precios efectivas y qu\u00e9 marketing funciona mejor para su producto. Ayudamos a las empresas a capitalizar de manera innovadora estas oportunidades brind\u00e1ndoles informaci\u00f3n de investigaci\u00f3n valiosa y actualizada, lo que les permite monitorear las tendencias del mercado y reaccionar de manera efectiva y oportuna.<\/p>\n\n\n\n<h2 class=\"wp-block-heading\">Nuestra ubicaci\u00f3n de instalaciones en Nueva York<\/h2>\n\n\n\n<p>\n\n\n\n<iframe loading=\"lazy\" src=\"https:\/\/www.google.com\/maps\/embed?pb=!1m18!1m12!1m3!1d3022.976188376966!2d-73.99130312499956!3d40.740549471389315!2m3!1f0!2f0!3f0!3m2!1i1024!2i768!4f13.1!3m3!1m2!1s0x89c259a15798c731%3A0xd695d09bdd495f25!2s11%20E%2022nd%20St%20FL%202%2C%20New%20York%2C%20NY%2010010%2C%20USA!5e0!3m2!1sen!2spe!4v1726171763526!5m2!1sen!2spe\" width=\"600\" height=\"450\" allowfullscreen=\"allowfullscreen\" data-mce-fragment=\"1\"><\/iframe>\n\n\n\n<\/p>\n\n\n\n<h3 class=\"wp-block-heading\">11 E 22nd Street, piso 2, Nueva York, NY 10010 T: +1(212) 505-6805<\/h3>\n\n\n\n<hr class=\"wp-block-separator has-alpha-channel-opacity\"\/>\n\n\n\n<h2 class=\"wp-block-heading\"><span style=\"font-weight: 400;\">Acerca de SIS Internacional<\/span><\/h2>\n\n\n\n<p><a href=\"https:\/\/www.sisinternational.com\/es\/\"><span style=\"font-weight: 400;\">SIS Internacional<\/span><\/a><span style=\"font-weight: 400;\"> ofrece investigaci\u00f3n cuantitativa, cualitativa y estrat\u00e9gica. Proporcionamos datos, herramientas, estrategias, informes y conocimientos para la toma de decisiones. Tambi\u00e9n realizamos entrevistas, encuestas, grupos focales y otros m\u00e9todos y enfoques de investigaci\u00f3n de mercado.<\/span><a href=\"https:\/\/www.sisinternational.com\/es\/sobre-la-investigacion-internacional-de-sis\/contact-sis-international-market-research\/\"><span style=\"font-weight: 400;\"> P\u00f3ngase en contacto con nosotros<\/span><\/a><span style=\"font-weight: 400;\"> para su pr\u00f3ximo proyecto de Investigaci\u00f3n de Mercado.<\/span><\/p>\n\n\n\n<hr class=\"wp-block-separator has-alpha-channel-opacity\"\/>","protected":false},"excerpt":{"rendered":"<p>Market Research in Germany Market research in Germany is crucial for any company looking to establish itself in one of Europe\u2019s most competitive and sophisticated markets. Do you know the German market as well as you think? As the CEO of SIS International, I have observed that too many companies ignore the realities of entering &#8230; <a title=\"Investigaci\u00f3n de mercado en Alemania\" class=\"read-more\" href=\"https:\/\/www.sisinternational.com\/es\/cobertura\/europa\/investigacion-de-mercados-en-alemania-2\/\" aria-label=\"Leer m\u00e1s sobre Market Research in Germany\">Leer m\u00e1s<\/a><\/p>","protected":false},"author":1,"featured_media":65834,"parent":14510,"menu_order":76,"comment_status":"closed","ping_status":"closed","template":"","meta":{"footnotes":""},"class_list":["post-54475","page","type-page","status-publish","has-post-thumbnail"],"_links":{"self":[{"href":"https:\/\/www.sisinternational.com\/es\/wp-json\/wp\/v2\/pages\/54475","targetHints":{"allow":["GET"]}}],"collection":[{"href":"https:\/\/www.sisinternational.com\/es\/wp-json\/wp\/v2\/pages"}],"about":[{"href":"https:\/\/www.sisinternational.com\/es\/wp-json\/wp\/v2\/types\/page"}],"author":[{"embeddable":true,"href":"https:\/\/www.sisinternational.com\/es\/wp-json\/wp\/v2\/users\/1"}],"replies":[{"embeddable":true,"href":"https:\/\/www.sisinternational.com\/es\/wp-json\/wp\/v2\/comments?post=54475"}],"version-history":[{"count":15,"href":"https:\/\/www.sisinternational.com\/es\/wp-json\/wp\/v2\/pages\/54475\/revisions"}],"predecessor-version":[{"id":81193,"href":"https:\/\/www.sisinternational.com\/es\/wp-json\/wp\/v2\/pages\/54475\/revisions\/81193"}],"up":[{"embeddable":true,"href":"https:\/\/www.sisinternational.com\/es\/wp-json\/wp\/v2\/pages\/14510"}],"wp:featuredmedia":[{"embeddable":true,"href":"https:\/\/www.sisinternational.com\/es\/wp-json\/wp\/v2\/media\/65834"}],"wp:attachment":[{"href":"https:\/\/www.sisinternational.com\/es\/wp-json\/wp\/v2\/media?parent=54475"}],"curies":[{"name":"wp","href":"https:\/\/api.w.org\/{rel}","templated":true}]}}