{"id":54262,"date":"2024-11-27T02:03:05","date_gmt":"2024-11-27T07:03:05","guid":{"rendered":"https:\/\/www.sisinternational.com\/?page_id=54262"},"modified":"2026-01-26T18:54:05","modified_gmt":"2026-01-26T23:54:05","slug":"pruebas-de-productos-minoristas-en-nueva-york","status":"publish","type":"page","link":"https:\/\/www.sisinternational.com\/es\/pericia\/investigacion-de-mercado-de-pruebas-de-productos\/pruebas-de-productos-minoristas-en-nueva-york\/","title":{"rendered":"Pruebas de productos minoristas en Nueva York"},"content":{"rendered":"<h1 class=\"wp-block-heading\">Pruebas de productos minoristas en Nueva York<\/h1>\n\n\n\n<p><\/p>\n\n\n\n<figure class=\"gb-block-image gb-block-image-59ea15d5\"><img loading=\"lazy\" decoding=\"async\" width=\"1456\" height=\"816\" class=\"gb-image gb-image-59ea15d5\" src=\"https:\/\/www.sisinternational.com\/wp-content\/uploads\/2025\/08\/Retail-22.jpg\" alt=\"Investigaci\u00f3n y estrategia de mercado internacional de SIS\" title=\"Retail (22)\" srcset=\"https:\/\/www.sisinternational.com\/wp-content\/uploads\/2025\/08\/Retail-22.jpg 1456w, https:\/\/www.sisinternational.com\/wp-content\/uploads\/2025\/08\/Retail-22-300x168.jpg 300w, https:\/\/www.sisinternational.com\/wp-content\/uploads\/2025\/08\/Retail-22-1024x574.jpg 1024w, https:\/\/www.sisinternational.com\/wp-content\/uploads\/2025\/08\/Retail-22-768x430.jpg 768w, https:\/\/www.sisinternational.com\/wp-content\/uploads\/2025\/08\/Retail-22-18x10.jpg 18w\" sizes=\"auto, (max-width: 1456px) 100vw, 1456px\"><\/figure>\n\n\n\n<hr class=\"wp-block-separator has-alpha-channel-opacity is-style-dots\"\/>\n\n\n\n<h3 class=\"wp-block-heading\">Probar productos minoristas en Nueva York no es solo una opci\u00f3n: es necesario para las empresas que desean prosperar en este mercado din\u00e1mico y competitivo.<\/h3>\n\n\n\n<p><span style=\"font-weight: 400;\">\u00bfC\u00f3mo puede su empresa garantizar que sus productos tengan eco en una de las bases de consumidores m\u00e1s diversas del mundo? Las pruebas de productos minoristas en Nueva York ofrecen informaci\u00f3n incomparable para perfeccionar sus ofertas y garantizar el \u00e9xito en el mercado.<\/span><\/p>\n\n\n\n<h2 class=\"wp-block-heading\"><strong>Por qu\u00e9 Nueva York es el campo de pruebas ideal<\/strong><\/h2>\n\n\n\n<p><span style=\"font-weight: 400;\"><a href=\"https:\/\/sisaisolutions.com\/application-of-ai-in-retail\/\" target=\"_blank\" rel=\"noopener\">Retail product testing<\/a> in New York allows businesses to gather insights from this diverse population, ensuring their products appeal to a broad audience. What succeeds in New York often sets the tone for broader market success \u2013 and retail trends that originate here frequently influence national and international markets.&nbsp;<\/span><\/p>\n\n\n\n<p><span style=\"font-weight: 400;\">Furthermore, each borough in New <a href=\"https:\/\/www.sisinternational.com\/es\/soluciones\/prueba-de-sabor\/instalaciones-de-prueba-de-sabores-en-nueva-york\/\" title=\"Instalaciones para pruebas de sabor en Nueva York\" data-wpil-monitor-id=\"7124\">York presents unique opportunities for testing<\/a>. Manhattan\u2019s fast-paced environment is ideal for gauging the appeal of <a href=\"https:\/\/www.sisinternational.com\/es\/mystery-shopping-for-luxury-products\/\" title=\"Mystery Shopping for Luxury Products\" data-wpil-monitor-id=\"1272\">luxury and innovative products<\/a>. Brooklyn\u2019s creative culture supports the testing of artisanal and trend-focused items. Meanwhile, Queens provides access to ethnically diverse consumers, Staten Island offers insights into suburban preferences, and the Bronx highlights opportunities in underserved urban markets.<\/span><\/p>\n\n\n\n<h2 class=\"wp-block-heading\"><strong>Componentes clave de una prueba eficaz de productos minoristas<\/strong><\/h2>\n\n\n\n<figure class=\"gb-block-image gb-block-image-df48b267\"><img loading=\"lazy\" decoding=\"async\" width=\"1456\" height=\"816\" class=\"gb-image gb-image-df48b267\" src=\"https:\/\/www.sisinternational.com\/wp-content\/uploads\/2025\/08\/Retail-6.jpg\" alt=\"Investigaci\u00f3n y estrategia de mercado internacional de SIS\" title=\"Retail (6)\" srcset=\"https:\/\/www.sisinternational.com\/wp-content\/uploads\/2025\/08\/Retail-6.jpg 1456w, https:\/\/www.sisinternational.com\/wp-content\/uploads\/2025\/08\/Retail-6-300x168.jpg 300w, https:\/\/www.sisinternational.com\/wp-content\/uploads\/2025\/08\/Retail-6-1024x574.jpg 1024w, https:\/\/www.sisinternational.com\/wp-content\/uploads\/2025\/08\/Retail-6-768x430.jpg 768w, https:\/\/www.sisinternational.com\/wp-content\/uploads\/2025\/08\/Retail-6-18x10.jpg 18w\" sizes=\"auto, (max-width: 1456px) 100vw, 1456px\"><\/figure>\n\n\n\n<p><\/p>\n\n\n\n<p><span style=\"font-weight: 400;\">Para aprovechar al m\u00e1ximo estas pruebas, las empresas deben centrarse en varios componentes clave que generan resultados significativos.<\/span><\/p>\n\n\n\n<ul class=\"wp-block-list\">\n<li><b>Utilizaci\u00f3n de grupos focales y encuestas<\/b><b><br><\/b><span style=\"font-weight: 400;\">Estos m\u00e9todos permiten a las empresas recopilar comentarios cualitativos y cuantitativos de un grupo diverso de consumidores. Desde opiniones sobre el empaque hasta la funcionalidad del producto, estos conocimientos ayudan a las empresas a alinear sus ofertas con las expectativas de los consumidores.<\/span><\/li>\n\n\n\n<li><b>Realizaci\u00f3n de experimentos en tiendas<\/b><b><br><\/b><span style=\"font-weight: 400;\">Estos experimentos permiten a las empresas observar el comportamiento de los consumidores en tiempo real y evaluar la ubicaci\u00f3n del producto, el atractivo del empaque y las estrategias de precios.\u00a0<\/span><\/li>\n\n\n\n<li><b>Aprovechamiento de los datos para el perfeccionamiento de productos<\/b><b><br><\/b><span style=\"font-weight: 400;\">The insights gathered through retail <a href=\"https:\/\/www.sisinternational.com\/es\/soluciones\/soluciones-de-investigacion-cualitativa-cuantitativa\/la-ventaja-de-probar-productos-en-nueva-york-frente-a-los-angeles\/\" title=\"La ventaja de probar productos en Nueva York en comparaci\u00f3n con Los \u00c1ngeles\" data-wpil-monitor-id=\"1593\">producto<\/a> testing in New York must be analyzed and used to refine products.\u00a0<\/span><\/li>\n\n\n\n<li><b>Aline\u00e1ndose con las tendencias locales<\/b><b><br><\/b><span style=\"font-weight: 400;\">Successful testing involves incorporating these trends into product development. Retail product testing in New <a href=\"https:\/\/www.sisinternational.com\/es\/analisis-de-satisfaccion-del-cliente\/\" title=\"Ocho formas de aumentar la satisfacci\u00f3n del cliente en el comercio minorista\" data-wpil-monitor-id=\"5455\">York helps businesses stay ahead of consumer<\/a> preferences, from sustainable packaging to tech-integrated solutions.<\/span><\/li>\n<\/ul>\n\n\n\n<h2 class=\"wp-block-heading\"><strong>\u00bfQui\u00e9n utiliza pruebas de productos minoristas en Nueva York?<\/strong><\/h2>\n\n\n\n<p>Las pruebas de productos minoristas en Nueva York atraen a muchas empresas y organizaciones que buscan obtener informaci\u00f3n valiosa de los consumidores y garantizar que sus productos prosperen en el mercado competitivo. A continuaci\u00f3n, se muestran algunos de los grupos clave que utilizan estos servicios:<\/p>\n\n\n\n<p><strong>1. Fabricantes de bienes de consumo<\/strong><br>Desde art\u00edculos para el hogar hasta productos de cuidado personal, los fabricantes de bienes de consumo recurren a las pruebas de productos minoristas para perfeccionar sus ofertas. Al probar sus productos en Nueva York, estas empresas acceden a una base de consumidores diversa, lo que les ayuda a garantizar que sus productos satisfagan las necesidades de una amplia audiencia antes de un lanzamiento a gran escala.<\/p>\n\n\n\n<p><strong>2. Empresas de alimentos y bebidas<\/strong><br>Food and beverage brands often use <a href=\"https:\/\/www.sisinternational.com\/es\/brand-audit-in-new-york-the-complete-guide-to-strengthening-your-brand\/\" title=\"Brand Audit in New York: The Complete Guide to Strengthening Your Brand\" data-wpil-monitor-id=\"1366\">retail product testing<\/a> in New York to assess taste, packaging, and market appeal. With the city\u2019s diverse demographics, companies can evaluate how their products resonate with various cultural and dietary preferences, optimizing them for broader market success.<\/p>\n\n\n\n<p><strong>3. Marcas de moda y ropa<\/strong><br>Las empresas de moda y ropa suelen utilizar las pruebas de productos minoristas para evaluar las reacciones de los consumidores a las nuevas colecciones o a los dise\u00f1os innovadores. La posici\u00f3n de Nueva York como centro de la moda la convierte en un lugar ideal para recopilar informaci\u00f3n de los consumidores que siguen las tendencias.<\/p>\n\n\n\n<p><strong>4. Empresas de tecnolog\u00eda y electr\u00f3nica<\/strong><br>Las empresas de tecnolog\u00eda prueban productos como aparatos, electrodom\u00e9sticos y dispositivos inteligentes en establecimientos minoristas para conocer las opiniones de los usuarios sobre su funcionalidad, dise\u00f1o y facilidad de uso. La poblaci\u00f3n de Nueva York, experta en tecnolog\u00eda, proporciona informaci\u00f3n valiosa que ayuda a las marcas a perfeccionar sus ofertas.<\/p>\n\n\n\n<p><strong>5. Startups y emprendedores<\/strong><br>Las empresas emergentes y los emprendedores utilizan las pruebas de productos minoristas en Nueva York para validar sus conceptos de producto antes de aumentar la producci\u00f3n. Estas pruebas ayudan a las empresas m\u00e1s peque\u00f1as a tomar decisiones basadas en datos, lo que minimiza los riesgos y aumenta la probabilidad de \u00e9xito en el mercado competitivo.<\/p>\n\n\n\n<p><strong>6. Cadenas minoristas y supermercados<\/strong><br>Las cadenas minoristas y los supermercados prueban los productos de marca blanca para asegurarse de que cumplan con las expectativas de los clientes. Estas empresas conf\u00edan en las pruebas de productos para mantener altos est\u00e1ndares y generar confianza en los clientes.<\/p>\n\n\n\n<p><strong>7. Agencias de marketing y publicidad<\/strong><br>Agencies involved in product launches use <a href=\"https:\/\/www.sisinternational.com\/es\/descuentos-en-tiendas-de-super-lujo\/\" title=\"Descuentos en tiendas de lujo\" data-wpil-monitor-id=\"2091\">retail product testing to refine marketing strategies<\/a> and ensure messaging aligns with consumer preferences.&nbsp;<\/p>\n\n\n\n<h2 class=\"wp-block-heading\"><strong>Desaf\u00edos y soluciones para las pruebas de productos minoristas en Nueva York<\/strong><\/h2>\n\n\n\n<figure class=\"gb-block-image gb-block-image-540b4a2b\"><img loading=\"lazy\" decoding=\"async\" width=\"1456\" height=\"816\" class=\"gb-image gb-image-540b4a2b\" src=\"https:\/\/www.sisinternational.com\/wp-content\/uploads\/2025\/08\/Retail-17.jpg\" alt=\"Investigaci\u00f3n y estrategia de mercado internacional de SIS\" title=\"Retail (17)\" srcset=\"https:\/\/www.sisinternational.com\/wp-content\/uploads\/2025\/08\/Retail-17.jpg 1456w, https:\/\/www.sisinternational.com\/wp-content\/uploads\/2025\/08\/Retail-17-300x168.jpg 300w, https:\/\/www.sisinternational.com\/wp-content\/uploads\/2025\/08\/Retail-17-1024x574.jpg 1024w, https:\/\/www.sisinternational.com\/wp-content\/uploads\/2025\/08\/Retail-17-768x430.jpg 768w, https:\/\/www.sisinternational.com\/wp-content\/uploads\/2025\/08\/Retail-17-18x10.jpg 18w\" sizes=\"auto, (max-width: 1456px) 100vw, 1456px\"><\/figure>\n\n\n\n<p><\/p>\n\n\n\n<p><span style=\"font-weight: 400;\">Si bien las pruebas de productos minoristas en Nueva York ofrecen oportunidades incomparables, tambi\u00e9n conllevan desaf\u00edos \u00fanicos que las empresas deben abordar para tener \u00e9xito.&nbsp;<\/span><\/p>\n\n\n\n<h3 class=\"wp-block-heading\"><span style=\"font-weight: 400;\">Navegando en la alta competencia<\/span><\/h3>\n\n\n\n<p><span style=\"font-weight: 400;\">Nueva York es uno de los mercados minoristas m\u00e1s competitivos del mundo. Las marcas se enfrentan al desaf\u00edo de destacarse en un panorama abarrotado. Afortunadamente, las pruebas de productos minoristas en Nueva York ayudan a las empresas a ajustar sus productos para que se adapten a las preferencias de los consumidores y se diferencien de la competencia.&nbsp;<\/span><\/p>\n\n\n\n<h3 class=\"wp-block-heading\"><span style=\"font-weight: 400;\">Gesti\u00f3n de complejidades log\u00edsticas<\/span><\/h3>\n\n\n\n<p><span style=\"font-weight: 400;\">New York\u2019s urban environment presents logistical challenges, such as limited space for testing and high operating costs. Retail <a href=\"https:\/\/www.sisinternational.com\/es\/pericia\/industrias\/investigacion-de-mercado-de-cosmeticos\/probando-fragancias-y-productos-de-cuidado-personal-en-nueva-york\/\" title=\"La ventaja estrat\u00e9gica de probar fragancias y productos de cuidado personal en Nueva York\" data-wpil-monitor-id=\"1888\">product testing in New York requires careful<\/a> planning to optimize resources.&nbsp;<\/span><\/p>\n\n\n\n<h3 class=\"wp-block-heading\"><span style=\"font-weight: 400;\">Adaptaci\u00f3n a tendencias que cambian r\u00e1pidamente<\/span><\/h3>\n\n\n\n<p><span style=\"font-weight: 400;\">La naturaleza acelerada del mercado de Nueva York implica que las tendencias pueden cambiar casi de la noche a la ma\u00f1ana. Las pruebas de productos minoristas en Nueva York permiten a las empresas mantenerse \u00e1giles y adaptar sus productos para satisfacer las cambiantes demandas de los consumidores.&nbsp;<\/span><\/p>\n\n\n\n<\/p>\n<h3 class=\"wp-block-heading\"><strong>Ubicaci\u00f3n de las instalaciones: Ciudad de Nueva York<\/strong><\/h3>\n<p>\n\n\n\n<iframe loading=\"lazy\" src=\"https:\/\/www.google.com\/maps\/embed?pb=!1m18!1m12!1m3!1d3022.976188376966!2d-73.99130312499956!3d40.740549471389315!2m3!1f0!2f0!3f0!3m2!1i1024!2i768!4f13.1!3m3!1m2!1s0x89c259a15798c731%3A0xd695d09bdd495f25!2s11%20E%2022nd%20St%20FL%202%2C%20New%20York%2C%20NY%2010010%2C%20USA!5e0!3m2!1sen!2spe!4v1726171763526!5m2!1sen!2spe\" width=\"600\" height=\"450\" allowfullscreen=\"allowfullscreen\" data-mce-fragment=\"1\"><\/iframe>\n\n\n\n<\/p>\n<p>\u00a0<\/p>\n<p>\n\n\n\n<\/p>\n<h3 class=\"wp-block-heading\">11 E 22nd Street, Piso 2, Nueva York, NY 10010 T: +1(212) 505-6805<\/h3>\n<p>\n\n\n\n<\/p>\n<h4 class=\"wp-block-heading\"><strong>Aspectos destacados de la ubicaci\u00f3n:<\/strong><\/h4>\n<p>\n\n\n\n<\/p>\n<ul class=\"wp-block-list\">\n\n<li>Distrito Flatiron en Manhattan, a pasos del hist\u00f3rico edificio Flatiron y cerca de Madison Square Park y Union Square<\/li>\n\n \n\n<li>Ubicado centralmente en el coraz\u00f3n de la ciudad de Nueva York, una ciudad global importante y la ciudad m\u00e1s grande de los Estados Unidos<\/li>\n\n \n\n<li>Conveniente para numerosas opciones de transporte.<\/li>\n\n \n\n<li>Ubicado entre Broadway y Park Avenue en la calle 22, al lado del \u201cKey Bank\u201d<\/li>\n\n \n\n<li>Tren Broadway Local R \u2013 Estaci\u00f3n 22\/23<\/li>\n\n \n\n<li>Tren local 6 del lado este: estaci\u00f3n 23rd y Park Ave<\/li>\n\n \n\n<li>Tren local 1 del lado oeste: estaci\u00f3n 23rd y 6th Avenue<\/li>\n\n<\/ul>\n<p>\n\n\n<\/p>\n<h2><strong>\u00bfQu\u00e9 hace de SIS International una de las principales empresas de pruebas de productos minoristas en Nueva York?<\/strong><\/h2>\n<p><span style=\"font-weight: 400;\"><a href=\"https:\/\/www.linkedin.com\/company\/sisinternationalresearch\/\" target=\"_blank\" rel=\"noopener\">SIS Internacional<\/a> es un l\u00edder experimentado que ofrece a las empresas las herramientas, los conocimientos y la experiencia que necesitan para tener \u00e9xito. Con m\u00e1s de 40 a\u00f1os de experiencia, un compromiso con la innovaci\u00f3n y un enfoque en la entrega de valor, SIS International se destaca como el socio de referencia para la investigaci\u00f3n de mercado.<\/span><\/p>\n<h3 style=\"padding-left: 40px;\"><b>M\u00e1s de 40 a\u00f1os de excelencia en investigaci\u00f3n de mercados<\/b><b><br \/><\/b><\/h3>\n<p style=\"padding-left: 40px;\"><span style=\"font-weight: 400;\"><a href=\"https:\/\/twitter.com\/SISIntlResearch\" target=\"_blank\" rel=\"noopener\">SIS<\/a> has been a pioneer in the market research industry for decades. Our deep understanding of New York\u2019s retail landscape enables us to provide businesses with unmatched insights into <a href=\"https:\/\/www.sisinternational.com\/es\/las-nuevas-tendencias-de-analisis-de-los-consumidores-estadounidenses-que-enfrentan-los-minoristas-estadounidenses\/\" title=\"El nuevo an\u00e1lisis de los consumidores estadounidenses: tendencias que enfrentan los minoristas estadounidenses\" data-wpil-monitor-id=\"2719\">consumidor<\/a> behavior and trends.<\/span><\/p>\n<h3 style=\"padding-left: 40px;\"><b>Soluciones de investigaci\u00f3n personalizadas para cada negocio<\/b><\/h3>\n<p style=\"padding-left: 40px;\"><span style=\"font-weight: 400;\">SIS designs customized <a href=\"https:\/\/www.sisinternational.com\/es\/mejores-practicas-en-el-comercio-minorista\/\" title=\"Mejores pr\u00e1cticas en el comercio minorista\" data-wpil-monitor-id=\"2663\">retail product testing strategies<\/a> that address each client&#8217;s unique goals, ensuring actionable and impactful results.<\/span><\/p>\n<h3 style=\"padding-left: 40px;\"><b>Herramientas y tecnolog\u00edas avanzadas<\/b><\/h3>\n<p style=\"padding-left: 40px;\"><span style=\"font-weight: 400;\">Nuestras herramientas de vanguardia, que incluyen an\u00e1lisis basados en inteligencia artificial, encuestas geolocalizadas y pruebas de realidad virtual, garantizan que nuestros clientes reciban los datos m\u00e1s precisos y relevantes. Estas tecnolog\u00edas permiten a las empresas tomar decisiones basadas en datos que optimizan sus estrategias minoristas.<\/span><\/p>\n<h3 style=\"padding-left: 40px;\"><b>Acceso a la diversa base de consumidores de Nueva York<\/b><\/h3>\n<p style=\"padding-left: 40px;\"><span style=\"font-weight: 400;\">Con una red que abarca la diversa demograf\u00eda de Nueva York, SIS ofrece un acceso incomparable a los variados grupos de consumidores de la ciudad.\u00a0<\/span><\/p>\n<h3 style=\"padding-left: 40px;\"><b>La soluci\u00f3n m\u00e1s asequible en Nueva York<\/b><b><br \/><\/b><\/h3>\n<p style=\"padding-left: 40px;\"><span style=\"font-weight: 400;\">En <a href=\"https:\/\/medium.com\/@sisinternational\/sis-international-c17160da8fac\" target=\"_blank\" rel=\"noopener\">SIS<\/a>Nos enorgullecemos de ser el proveedor de estudios de mercado m\u00e1s rentable de Nueva York. Nuestros procesos optimizados y metodolog\u00edas innovadoras nos permiten ofrecer soluciones de prueba de productos minoristas de alta calidad a un precio que se adapta a su presupuesto.<\/span><\/p>\n<h3 style=\"padding-left: 40px;\"><b>\u00c9xito comprobado en pruebas de productos minoristas<\/b><b><br \/><\/b><\/h3>\n<p style=\"padding-left: 40px;\"><span style=\"font-weight: 400;\">Nuestra trayectoria de ayudar a empresas a perfeccionar y lanzar productos exitosos en Nueva York habla por s\u00ed sola. Desde grandes corporaciones hasta marcas emergentes, hemos ayudado a clientes de todas las industrias a lograr resultados mensurables.<\/span><\/p>\n<h3 style=\"padding-left: 40px;\"><b>Compromiso con la satisfacci\u00f3n del cliente<\/b><b><br \/><\/b><\/h3>\n<p style=\"padding-left: 40px;\"><span style=\"font-weight: 400;\">En SIS, priorizamos el \u00e9xito del cliente por sobre todas las cosas. Nuestro equipo especializado trabaja en estrecha colaboraci\u00f3n con cada cliente para garantizar que se satisfagan sus necesidades espec\u00edficas y ofrece un apoyo integral durante todo el proceso de prueba de productos minoristas.<\/span><\/p>\n\n\n<h2 class=\"wp-block-heading\">Acerca de SIS Internacional<\/h2>\n\n\n\n<p><a href=\"https:\/\/www.sisinternational.com\/es\/\">SIS Internacional<\/a> ofrece investigaci\u00f3n cuantitativa, cualitativa y estrat\u00e9gica. Proporcionamos datos, herramientas, estrategias, informes y conocimientos para la toma de decisiones. Tambi\u00e9n realizamos entrevistas, encuestas, grupos focales y otros m\u00e9todos y enfoques de investigaci\u00f3n de mercado.<a href=\"https:\/\/www.sisinternational.com\/es\/sobre-la-investigacion-internacional-de-sis\/contact-sis-international-market-research\/\"> P\u00f3ngase en contacto con nosotros<\/a> para su pr\u00f3ximo proyecto de Investigaci\u00f3n de Mercado.<\/p>\n\n\n\n<hr class=\"wp-block-separator has-alpha-channel-opacity\"\/>\n\n\n\n<p><\/p>","protected":false},"excerpt":{"rendered":"<p>Retail Product Testing in New York Retail product testing in New York isn\u2019t just an option\u2014it\u2019s necessary for businesses that want to thrive in this dynamic and competitive market. How can your business ensure its products resonate with one of the world&#8217;s most diverse consumer bases? Retail product testing in New York offers unparalleled insights &#8230; <a title=\"Pruebas de productos minoristas en Nueva York\" class=\"read-more\" href=\"https:\/\/www.sisinternational.com\/es\/pericia\/investigacion-de-mercado-de-pruebas-de-productos\/pruebas-de-productos-minoristas-en-nueva-york\/\" aria-label=\"Leer m\u00e1s sobre Retail Product Testing in New York\">Leer m\u00e1s<\/a><\/p>","protected":false},"author":1,"featured_media":62497,"parent":12926,"menu_order":2,"comment_status":"closed","ping_status":"closed","template":"","meta":{"footnotes":""},"class_list":["post-54262","page","type-page","status-publish","has-post-thumbnail"],"_links":{"self":[{"href":"https:\/\/www.sisinternational.com\/es\/wp-json\/wp\/v2\/pages\/54262","targetHints":{"allow":["GET"]}}],"collection":[{"href":"https:\/\/www.sisinternational.com\/es\/wp-json\/wp\/v2\/pages"}],"about":[{"href":"https:\/\/www.sisinternational.com\/es\/wp-json\/wp\/v2\/types\/page"}],"author":[{"embeddable":true,"href":"https:\/\/www.sisinternational.com\/es\/wp-json\/wp\/v2\/users\/1"}],"replies":[{"embeddable":true,"href":"https:\/\/www.sisinternational.com\/es\/wp-json\/wp\/v2\/comments?post=54262"}],"version-history":[{"count":20,"href":"https:\/\/www.sisinternational.com\/es\/wp-json\/wp\/v2\/pages\/54262\/revisions"}],"predecessor-version":[{"id":80687,"href":"https:\/\/www.sisinternational.com\/es\/wp-json\/wp\/v2\/pages\/54262\/revisions\/80687"}],"up":[{"embeddable":true,"href":"https:\/\/www.sisinternational.com\/es\/wp-json\/wp\/v2\/pages\/12926"}],"wp:featuredmedia":[{"embeddable":true,"href":"https:\/\/www.sisinternational.com\/es\/wp-json\/wp\/v2\/media\/62497"}],"wp:attachment":[{"href":"https:\/\/www.sisinternational.com\/es\/wp-json\/wp\/v2\/media?parent=54262"}],"curies":[{"name":"wp","href":"https:\/\/api.w.org\/{rel}","templated":true}]}}