{"id":54228,"date":"2024-11-24T05:15:17","date_gmt":"2024-11-24T10:15:17","guid":{"rendered":"https:\/\/www.sisinternational.com\/?page_id=54228"},"modified":"2026-03-05T23:07:47","modified_gmt":"2026-03-06T04:07:47","slug":"metodos-de-investigacion-alternativos-y-visitas-domiciliarias","status":"publish","type":"page","link":"https:\/\/www.sisinternational.com\/es\/soluciones\/soluciones-de-investigacion-cualitativa-cuantitativa\/metodos-de-investigacion-alternativos-y-visitas-domiciliarias\/","title":{"rendered":"M\u00e9todos de investigaci\u00f3n alternativos y visitas domiciliarias\u00a0"},"content":{"rendered":"<h1 class=\"wp-block-heading\">M\u00e9todos de investigaci\u00f3n alternativos y visitas domiciliarias&nbsp;<\/h1>\n\n\n\n<p><\/p>\n\n\n\n<figure class=\"gb-block-image gb-block-image-41ea9a7a\"><img loading=\"lazy\" decoding=\"async\" width=\"1456\" height=\"816\" class=\"gb-image gb-image-41ea9a7a\" src=\"https:\/\/www.sisinternational.com\/wp-content\/uploads\/2025\/08\/Real-estate-architect-house-2.jpg\" alt=\"Investigaci\u00f3n y estrategia de mercado internacional de SIS\" title=\"Real estate architect house (2)\" srcset=\"https:\/\/www.sisinternational.com\/wp-content\/uploads\/2025\/08\/Real-estate-architect-house-2.jpg 1456w, https:\/\/www.sisinternational.com\/wp-content\/uploads\/2025\/08\/Real-estate-architect-house-2-300x168.jpg 300w, https:\/\/www.sisinternational.com\/wp-content\/uploads\/2025\/08\/Real-estate-architect-house-2-1024x574.jpg 1024w, https:\/\/www.sisinternational.com\/wp-content\/uploads\/2025\/08\/Real-estate-architect-house-2-768x430.jpg 768w, https:\/\/www.sisinternational.com\/wp-content\/uploads\/2025\/08\/Real-estate-architect-house-2-18x10.jpg 18w\" sizes=\"auto, (max-width: 1456px) 100vw, 1456px\"><\/figure>\n\n\n\n<hr class=\"wp-block-separator has-alpha-channel-opacity is-style-dots\"\/>\n\n\n\n<h3 class=\"wp-block-heading\">Las visitas a domicilio suelen considerarse el m\u00e9todo de referencia para la investigaci\u00f3n de los consumidores, pero tienen un coste elevado. Los m\u00e9todos de investigaci\u00f3n alternativos (como las entrevistas en v\u00eddeo y las visitas virtuales a domicilio) ofrecen ahora una forma rentable y eficiente de recopilar informaci\u00f3n comparable.<\/h3>\n\n\n\n<p>\u00bfValen la pena las visitas domiciliarias a pesar de su elevado coste cuando existen opciones alternativas? El debate sobre los m\u00e9todos de investigaci\u00f3n alternativos y las visitas domiciliarias ha cobrado cada vez mayor relevancia a medida que las empresas buscan formas rentables de recopilar informaci\u00f3n valiosa.&nbsp;<\/p>\n\n\n\n<h2 class=\"wp-block-heading\">\u00bfQu\u00e9 son las visitas domiciliarias y los m\u00e9todos de investigaci\u00f3n alternativos?<\/h2>\n\n\n\n<p>Para entender la comparaci\u00f3n entre los m\u00e9todos de investigaci\u00f3n alternativos y las visitas a domicilio, es esencial definir ambos enfoques y su papel en la investigaci\u00f3n de los consumidores. Cada uno ofrece informaci\u00f3n \u00fanica sobre el comportamiento de los consumidores, pero su ejecuci\u00f3n y rentabilidad difieren significativamente.<\/p>\n\n\n\n<h4 class=\"wp-block-heading\"><strong>Visitas a domicilio<\/strong><\/h4>\n\n\n\n<p>Las visitas domiciliarias implican que los investigadores visiten f\u00edsicamente la residencia de un participante para observar su entorno, sus comportamientos y sus interacciones. Este m\u00e9todo proporciona una mirada \u00edntima a c\u00f3mo viven los consumidores, utilizan los productos y toman decisiones en sus entornos naturales. Si bien las visitas domiciliarias pueden brindar informaci\u00f3n profunda y rica en contexto, a menudo est\u00e1n acompa\u00f1adas de importantes desaf\u00edos y gastos log\u00edsticos.&nbsp;<\/p>\n\n\n\n<h4 class=\"wp-block-heading\"><strong>M\u00e9todos de investigaci\u00f3n alternativos<\/strong><\/h4>\n\n\n\n<p>Los m\u00e9todos de investigaci\u00f3n alternativos aprovechan la tecnolog\u00eda y los enfoques creativos para recopilar informaci\u00f3n sin necesidad de presencia f\u00edsica. Estos m\u00e9todos incluyen visitas virtuales a domicilio, entrevistas en video, etnograf\u00eda en l\u00ednea y estudios de observaci\u00f3n a trav\u00e9s de plataformas digitales como Zoom.&nbsp;<\/p>\n\n\n\n<p>Al comparar m\u00e9todos de investigaci\u00f3n alternativos y visitas domiciliarias, la elecci\u00f3n suele reducirse a un equilibrio entre el costo, el alcance y la profundidad de la informaci\u00f3n requerida. Con los avances en las herramientas de videoconferencia, las visitas domiciliarias virtuales ahora pueden capturar gran parte de los mismos detalles que las visitas domiciliarias tradicionales, a una fracci\u00f3n del costo.&nbsp;<\/p>\n\n\n\n<h2 class=\"wp-block-heading\">Las desventajas de las visitas domiciliarias<\/h2>\n\n\n\n<p>Las desventajas de las visitas a domicilio suelen eclipsar sus beneficios, en particular si tenemos en cuenta los costos y los desaf\u00edos log\u00edsticos. Si bien brindan informaci\u00f3n detallada, estas limitaciones pueden hacer que las visitas a domicilio sean poco pr\u00e1cticas para muchas empresas.<\/p>\n\n\n<div class=\"wp-block-image\">\n<figure class=\"aligncenter size-full is-resized\"><img loading=\"lazy\" decoding=\"async\" width=\"1600\" height=\"898\" src=\"https:\/\/www.sisinternational.com\/wp-content\/uploads\/2024\/11\/Alternative-Research-Methods-and-Home-Visits.png\" alt=\"Investigaci\u00f3n y estrategia de mercado internacional de SIS\" class=\"wp-image-54229\" style=\"width:815px;height:auto\" srcset=\"https:\/\/www.sisinternational.com\/wp-content\/uploads\/2024\/11\/Alternative-Research-Methods-and-Home-Visits.png 1600w, https:\/\/www.sisinternational.com\/wp-content\/uploads\/2024\/11\/Alternative-Research-Methods-and-Home-Visits-300x168.png 300w, https:\/\/www.sisinternational.com\/wp-content\/uploads\/2024\/11\/Alternative-Research-Methods-and-Home-Visits-1024x575.png 1024w, https:\/\/www.sisinternational.com\/wp-content\/uploads\/2024\/11\/Alternative-Research-Methods-and-Home-Visits-768x431.png 768w, https:\/\/www.sisinternational.com\/wp-content\/uploads\/2024\/11\/Alternative-Research-Methods-and-Home-Visits-1536x862.png 1536w, https:\/\/www.sisinternational.com\/wp-content\/uploads\/2024\/11\/Alternative-Research-Methods-and-Home-Visits-18x10.png 18w\" sizes=\"auto, (max-width: 1600px) 100vw, 1600px\" \/><\/figure>\n<\/div>\n\n\n<p><\/p>\n\n\n\n<h4 class=\"wp-block-heading\"><strong>1. Costos elevados<\/strong><\/h4>\n\n\n\n<p><a href=\"https:\/\/www.sisinternational.com\/es\/pericia\/industrias\/estudio-de-mercado-de-electrodomesticos\/\" title=\"Investigaci\u00f3n de mercado de electrodom\u00e9sticos\"  data-wpil-monitor-id=\"6601\">Visitas a domicilio<\/a> are among the most expensive research methods available. Travel expenses, lodging, researcher fees, and the cost of materials quickly add up. For projects requiring multiple participants across different regions, these costs can skyrocket, making home visits an unsustainable option for businesses with limited budgets.<\/p>\n\n\n\n<h4 class=\"wp-block-heading\"><strong>2. Complejidades log\u00edsticas<\/strong><\/h4>\n\n\n\n<p>Las visitas domiciliarias suelen requerir una planificaci\u00f3n detallada, que incluye la organizaci\u00f3n del viaje, la obtenci\u00f3n de permisos y la disponibilidad de los participantes en momentos espec\u00edficos. Estas exigencias log\u00edsticas consumen tiempo y recursos valiosos, y ralentizan el proceso de investigaci\u00f3n.<\/p>\n\n\n\n<h4 class=\"wp-block-heading\"><strong>3. Escalabilidad limitada<\/strong><\/h4>\n\n\n\n<p>Realizar visitas domiciliarias a una muestra grande es costoso y demanda mucho tiempo. La necesidad de visitar f\u00edsicamente a los participantes dificulta ampliar la investigaci\u00f3n sin aumentar exponencialmente el presupuesto y el esfuerzo necesarios. En comparaci\u00f3n, los m\u00e9todos de investigaci\u00f3n alternativos permiten un alcance m\u00e1s amplio con costos adicionales m\u00ednimos.<\/p>\n\n\n\n<h4 class=\"wp-block-heading\"><strong>4. Incomodidad de los participantes<\/strong><\/h4>\n\n\n\n<p>La presencia de investigadores en el hogar de un participante puede generar incomodidad o alteraci\u00f3n del comportamiento. Los participantes pueden sentirse cohibidos, lo que da como resultado una percepci\u00f3n menos aut\u00e9ntica. Las alternativas virtuales mitigan este problema al permitir que los participantes interact\u00faen desde la comodidad de su propio espacio sin la presi\u00f3n adicional de un observador en persona.<\/p>\n\n\n\n<h4 class=\"wp-block-heading\"><strong>5. Impacto ambiental<\/strong><\/h4>\n\n\n\n<p>A menudo se pasa por alto la huella de carbono de las visitas domiciliarias. Las emisiones relacionadas con los viajes de los investigadores que visitan varios lugares contribuyen al da\u00f1o ambiental, lo que hace que este m\u00e9todo sea menos sostenible que las alternativas digitales.<\/p>\n\n\n\n<h2 class=\"wp-block-heading\">Las ventajas de los m\u00e9todos de investigaci\u00f3n alternativos<\/h2>\n\n\n\n<p><\/p>\n\n\n\n<figure class=\"gb-block-image gb-block-image-6ecb4cbb\"><img loading=\"lazy\" decoding=\"async\" width=\"1456\" height=\"816\" class=\"gb-image gb-image-6ecb4cbb\" src=\"https:\/\/www.sisinternational.com\/wp-content\/uploads\/2025\/09\/In-Home-Use-Tests-IHUTs-3.jpg\" alt=\"Investigaci\u00f3n y estrategia de mercado internacional de SIS\" title=\"In-Home Use Tests (IHUTs) (3)\" srcset=\"https:\/\/www.sisinternational.com\/wp-content\/uploads\/2025\/09\/In-Home-Use-Tests-IHUTs-3.jpg 1456w, https:\/\/www.sisinternational.com\/wp-content\/uploads\/2025\/09\/In-Home-Use-Tests-IHUTs-3-300x168.jpg 300w, https:\/\/www.sisinternational.com\/wp-content\/uploads\/2025\/09\/In-Home-Use-Tests-IHUTs-3-1024x574.jpg 1024w, https:\/\/www.sisinternational.com\/wp-content\/uploads\/2025\/09\/In-Home-Use-Tests-IHUTs-3-768x430.jpg 768w, https:\/\/www.sisinternational.com\/wp-content\/uploads\/2025\/09\/In-Home-Use-Tests-IHUTs-3-18x10.jpg 18w\" sizes=\"auto, (max-width: 1456px) 100vw, 1456px\"><\/figure>\n\n\n\n<p><\/p>\n\n\n\n<p>En comparaci\u00f3n con las visitas domiciliarias, los m\u00e9todos de investigaci\u00f3n alternativos han ganado una popularidad significativa debido a su eficiencia, escalabilidad y rentabilidad. Aprovechando la tecnolog\u00eda y las metodolog\u00edas creativas, los m\u00e9todos de investigaci\u00f3n alternativos ofrecen a las empresas una forma pr\u00e1ctica de recopilar informaci\u00f3n detallada sin las cargas log\u00edsticas de las visitas domiciliarias tradicionales.<\/p>\n\n\n\n<h4 class=\"wp-block-heading\"><strong>1. Rentabilidad<\/strong><\/h4>\n\n\n\n<p>Las visitas virtuales a domicilio realizadas a trav\u00e9s de plataformas como Zoom eliminan la necesidad de viajar, los costos de ubicaci\u00f3n y la log\u00edstica en persona. Las empresas pueden ahorrar hasta dos tercios de los costos de las visitas tradicionales a domicilio y, al mismo tiempo, obtener informaci\u00f3n valiosa.&nbsp;<\/p>\n\n\n\n<h4 class=\"wp-block-heading\"><strong>2. Alcance m\u00e1s amplio<\/strong><\/h4>\n\n\n\n<p>A diferencia de las visitas domiciliarias, que est\u00e1n limitadas por la geograf\u00eda, los enfoques virtuales permiten a los investigadores interactuar con una amplia gama de participantes en diferentes regiones y zonas horarias.&nbsp;<\/p>\n\n\n\n<h4 class=\"wp-block-heading\"><strong>3. Flexibilidad para los participantes<\/strong><\/h4>\n\n\n\n<p>Los m\u00e9todos alternativos, como las entrevistas virtuales, permiten a los participantes participar desde la comodidad de sus hogares sin necesidad de la presencia f\u00edsica de un investigador, lo que reduce la probabilidad de cancelaciones y mejora las tasas generales de participaci\u00f3n.<\/p>\n\n\n\n<h4 class=\"wp-block-heading\"><strong>4. Observaci\u00f3n en tiempo real<\/strong><\/h4>\n\n\n\n<p>Mediante herramientas como el uso compartido de pantalla o configuraciones con m\u00faltiples c\u00e1maras, los investigadores pueden capturar observaciones detalladas similares a las obtenidas durante las visitas domiciliarias tradicionales. Este m\u00e9todo mantiene la autenticidad de los datos y, al mismo tiempo, reduce dr\u00e1sticamente los costos.<\/p>\n\n\n\n<h4 class=\"wp-block-heading\"><strong>5. Tiempos de respuesta m\u00e1s r\u00e1pidos<\/strong><\/h4>\n\n\n\n<p>With alternative research methods, businesses can conduct and analyze studies much faster than traditional home visits. Scheduling and conducting virtual <a href=\"https:\/\/www.sisinternational.com\/es\/entrevistas-cara-a-cara-y-en-linea-pros-y-contras\/\" title=\"Entrevistas cara a cara y en l\u00ednea: ventajas y desventajas\"  data-wpil-monitor-id=\"976\">interviews or online<\/a> ethnographies require less lead time, allowing companies to access insights quickly and make informed decisions faster.<\/p>\n\n\n\n<h4 class=\"wp-block-heading\"><strong>6. Escalabilidad<\/strong><\/h4>\n\n\n\n<p>Virtual interviews and online surveys can accommodate larger sample sizes without increasing costs and effort associated with physical visits. This scalability particularly benefits businesses conducting <a href=\"https:\/\/www.sisinternational.com\/es\/cobertura\/las-americas\/cobertura-de-estados-unidos\/investigacion-de-mercado-en-iowa\/\" title=\"Investigaci\u00f3n de mercado en Iowa\"  data-wpil-monitor-id=\"5570\">research across multiple markets<\/a> or demographics.<\/p>\n\n\n\n<h4 class=\"wp-block-heading\"><strong>7. Mayor comodidad para los participantes<\/strong><\/h4>\n\n\n\n<p>Los m\u00e9todos de investigaci\u00f3n alternativos crean un entorno m\u00e1s relajado y aut\u00e9ntico para los participantes al eliminar la necesidad de una observaci\u00f3n presencial. Los m\u00e9todos virtuales reducen la presi\u00f3n de recibir a un investigador en su casa, lo que genera un comportamiento y respuestas m\u00e1s genuinos.<\/p>\n\n\n\n<h2 class=\"wp-block-heading\">\u00bfPor qu\u00e9 SIS International recomienda m\u00e9todos de investigaci\u00f3n alternativos?<\/h2>\n\n\n\n<p>Como l\u00edder en investigaci\u00f3n de mercado innovadora, SIS aboga por m\u00e9todos de investigaci\u00f3n alternativos a las visitas domiciliarias tradicionales. Las ventajas de los m\u00e9todos alternativos, en particular las visitas domiciliarias virtuales, superan con creces los desaf\u00edos log\u00edsticos y financieros que plantean los enfoques en persona. A continuaci\u00f3n, se detallan las razones por las que SIS International defiende este enfoque moderno para obtener informaci\u00f3n sobre los consumidores:<\/p>\n\n\n\n<h4 class=\"wp-block-heading\"><strong>1. Rentabilidad<\/strong><\/h4>\n\n\n\n<p>Las visitas domiciliarias son costosas y, a menudo, consumen una parte importante de los presupuestos de investigaci\u00f3n. Al adoptar las visitas domiciliarias virtuales a trav\u00e9s de plataformas como Zoom, SIS International ayuda a los clientes a ahorrar hasta dos tercios del costo en comparaci\u00f3n con los m\u00e9todos tradicionales.&nbsp;<\/p>\n\n\n\n<h4 class=\"wp-block-heading\"><strong>2. Informaci\u00f3n de alta calidad a gran escala<\/strong><\/h4>\n\n\n\n<p>Con m\u00e9todos alternativos, SIS International ofrece soluciones escalables que llegan a una gama m\u00e1s amplia de participantes en distintas regiones y grupos demogr\u00e1ficos. Las visitas virtuales a domicilio captan el mismo nivel de informaci\u00f3n sobre el comportamiento y el entorno que las visitas tradicionales, pero sin las limitaciones geogr\u00e1ficas o los costos de viaje.<\/p>\n\n\n\n<h4 class=\"wp-block-heading\"><strong>3. Mayor flexibilidad y comodidad para los participantes<\/strong><\/h4>\n\n\n\n<p>Los participantes suelen sentirse m\u00e1s c\u00f3modos cuando interact\u00faan desde su propio espacio sin la presencia f\u00edsica de un investigador. Esta comodidad genera conductas y respuestas m\u00e1s aut\u00e9nticas, lo que mejora la calidad de los conocimientos recopilados.&nbsp;<\/p>\n\n\n\n<h4 class=\"wp-block-heading\"><strong>4. Integraci\u00f3n de tecnolog\u00eda de vanguardia<\/strong><\/h4>\n\n\n\n<p>Aprovechamos herramientas avanzadas como transcripci\u00f3n en tiempo real, etiquetado de videos y an\u00e1lisis de sentimientos. Estas tecnolog\u00edas permiten a los clientes obtener informaci\u00f3n m\u00e1s detallada m\u00e1s r\u00e1pido de lo que es posible con los procesos manuales en las visitas domiciliarias tradicionales.<\/p>\n\n\n\n<h4 class=\"wp-block-heading\"><strong>5. Tiempos de respuesta m\u00e1s r\u00e1pidos<\/strong><\/h4>\n\n\n\n<p>Con m\u00e9todos de investigaci\u00f3n alternativos, nuestro equipo garantiza que los clientes reciban informaci\u00f3n \u00fatil en plazos m\u00e1s cortos. Los enfoques virtuales reducen los retrasos log\u00edsticos asociados con la programaci\u00f3n y los viajes, lo que permite a las empresas tomar decisiones basadas en datos r\u00e1pidamente.<\/p>\n\n\n\n<h4 class=\"wp-block-heading\"><strong>6. Responsabilidad ambiental<\/strong><\/h4>\n\n\n\n<p>Los m\u00e9todos virtuales de SIS International se alinean con las pr\u00e1cticas sustentables al reducir la necesidad de viajar. Las empresas se benefician de ahorros de costos y de la reducci\u00f3n de su huella de carbono, una prioridad cada vez mayor para las organizaciones socialmente responsables.<\/p>\n\n\n\n<h4 class=\"wp-block-heading\"><strong>7. Experiencia en investigaci\u00f3n virtual<\/strong><\/h4>\n\n\n\n<p>El equipo de SIS International est\u00e1 altamente capacitado para moderar y analizar sesiones de investigaci\u00f3n virtuales. Desde visitas virtuales a domicilios hasta entrevistas en video, la empresa garantiza que los m\u00e9todos de investigaci\u00f3n alternativos brinden informaci\u00f3n que sea tan impactante (o incluso m\u00e1s) que las visitas tradicionales a domicilios.<\/p>\n\n\n\n<h2 class=\"wp-block-heading\">\u00bfQu\u00e9 hace de SIS International una empresa l\u00edder en investigaci\u00f3n?<\/h2>\n\n\n\n<p><a href=\"https:\/\/www.linkedin.com\/company\/sisinternationalresearch\/\" target=\"_blank\" rel=\"noopener\">SIS Internacional<\/a> se ha consolidado como una firma l\u00edder mundial en investigaci\u00f3n de mercados y consultor\u00eda estrat\u00e9gica. Ofrecemos servicios integrales que impulsan el crecimiento sostenible a trav\u00e9s de estrategias basadas en datos.<\/p>\n\n\n<p>\n\n\n<\/p>\n<p style=\"padding-left: 40px;\"><strong>1. Soluciones integrales de investigaci\u00f3n de mercado<\/strong><\/p>\n<p style=\"padding-left: 40px;\">\n\n\n\n<\/p>\n<p style=\"padding-left: 40px;\">SIS International ofrece diversos servicios de investigaci\u00f3n de mercado, entre ellos, investigaci\u00f3n de mercado de consumidores y B2B, seguimiento de marcas y estudios espec\u00edficos de la industria. Estos servicios est\u00e1n dise\u00f1ados para brindar informaci\u00f3n \u00fatil que sirva de base para la toma de decisiones estrat\u00e9gicas.<\/p>\n<p style=\"padding-left: 40px;\">\n\n\n\n<\/p>\n<p style=\"padding-left: 40px;\"><strong>2. Alcance global y experiencia local<\/strong><\/p>\n<p style=\"padding-left: 40px;\">\n\n\n\n<\/p>\n<p style=\"padding-left: 40px;\">Con sede en la ciudad de Nueva York y oficinas en todo el mundo, <a href=\"https:\/\/twitter.com\/SISIntlResearch\" target=\"_blank\" rel=\"noopener\">SIS<\/a> Combina una perspectiva global con el conocimiento del mercado local. Este posicionamiento \u00fanico permite a la firma ofrecer conocimientos profundos sobre diversos mercados, satisfaciendo las necesidades espec\u00edficas de los clientes en varias regiones.<\/p>\n<p style=\"padding-left: 40px;\">\n\n\n\n<\/p>\n<p style=\"padding-left: 40px;\"><strong>3. An\u00e1lisis avanzado de datos<\/strong><\/p>\n<p style=\"padding-left: 40px;\">\n\n\n\n<\/p>\n<p style=\"padding-left: 40px;\"><a href=\"https:\/\/medium.com\/@sisinternational\/sis-international-c17160da8fac\" target=\"_blank\" rel=\"noopener\">SIS<\/a> Utiliza an\u00e1lisis de datos de vanguardia para mejorar la toma de decisiones de los clientes al brindar informaci\u00f3n completa sobre el mercado. El an\u00e1lisis estrat\u00e9gico avanzado y la experiencia estad\u00edstica de la firma permiten a los clientes maximizar los retornos y minimizar los riesgos.<\/p>\n<p style=\"padding-left: 40px;\">\n\n\n\n<\/p>\n<p style=\"padding-left: 40px;\"><strong>4. Experiencia espec\u00edfica de la industria<\/strong><\/p>\n<p style=\"padding-left: 40px;\">\n\n\n\n<\/p>\n<p style=\"padding-left: 40px;\">SIS International presta servicios a m\u00e1s de 50 industrias y ofrece servicios especializados de investigaci\u00f3n y consultor\u00eda que abordan los desaf\u00edos y oportunidades particulares de cada sector. Esta experiencia espec\u00edfica de la industria garantiza que los clientes reciban informaci\u00f3n relevante e impactante.<\/p>\n<p>\n\n\n<\/p>\n\n\n<h2 class=\"wp-block-heading\">Acerca de SIS Internacional<\/h2>\n\n\n\n<p><a href=\"https:\/\/www.sisinternational.com\/es\/\">SIS Internacional<\/a> ofrece investigaci\u00f3n cuantitativa, cualitativa y estrat\u00e9gica. Proporcionamos datos, herramientas, estrategias, informes y conocimientos para la toma de decisiones. Tambi\u00e9n realizamos entrevistas, encuestas, grupos focales y otros m\u00e9todos y enfoques de investigaci\u00f3n de mercado.<a href=\"https:\/\/www.sisinternational.com\/es\/sobre-la-investigacion-internacional-de-sis\/contact-sis-international-market-research\/\"> P\u00f3ngase en contacto con nosotros<\/a> para su pr\u00f3ximo proyecto de Investigaci\u00f3n de Mercado.<\/p>\n\n\n\n<hr class=\"wp-block-separator has-alpha-channel-opacity\"\/>","protected":false},"excerpt":{"rendered":"<p>Alternative Research Methods and Home Visits&nbsp; Home visits are often considered the gold standard for consumer research, but they come at a steep price. Alternative research methods \u2013 such as video interviews and virtual home visits \u2013 now offer a cost-effective and efficient way to gather comparable insights. Are home visits worth the high price &#8230; <a title=\"M\u00e9todos de investigaci\u00f3n alternativos y visitas domiciliarias\u00a0\" class=\"read-more\" href=\"https:\/\/www.sisinternational.com\/es\/soluciones\/soluciones-de-investigacion-cualitativa-cuantitativa\/metodos-de-investigacion-alternativos-y-visitas-domiciliarias\/\" aria-label=\"Leer m\u00e1s sobre Alternative Research Methods and Home Visits\u00a0\">Leer m\u00e1s<\/a><\/p>","protected":false},"author":1,"featured_media":63325,"parent":14660,"menu_order":60,"comment_status":"closed","ping_status":"closed","template":"","meta":{"footnotes":""},"class_list":["post-54228","page","type-page","status-publish","has-post-thumbnail"],"_links":{"self":[{"href":"https:\/\/www.sisinternational.com\/es\/wp-json\/wp\/v2\/pages\/54228","targetHints":{"allow":["GET"]}}],"collection":[{"href":"https:\/\/www.sisinternational.com\/es\/wp-json\/wp\/v2\/pages"}],"about":[{"href":"https:\/\/www.sisinternational.com\/es\/wp-json\/wp\/v2\/types\/page"}],"author":[{"embeddable":true,"href":"https:\/\/www.sisinternational.com\/es\/wp-json\/wp\/v2\/users\/1"}],"replies":[{"embeddable":true,"href":"https:\/\/www.sisinternational.com\/es\/wp-json\/wp\/v2\/comments?post=54228"}],"version-history":[{"count":10,"href":"https:\/\/www.sisinternational.com\/es\/wp-json\/wp\/v2\/pages\/54228\/revisions"}],"predecessor-version":[{"id":80181,"href":"https:\/\/www.sisinternational.com\/es\/wp-json\/wp\/v2\/pages\/54228\/revisions\/80181"}],"up":[{"embeddable":true,"href":"https:\/\/www.sisinternational.com\/es\/wp-json\/wp\/v2\/pages\/14660"}],"wp:featuredmedia":[{"embeddable":true,"href":"https:\/\/www.sisinternational.com\/es\/wp-json\/wp\/v2\/media\/63325"}],"wp:attachment":[{"href":"https:\/\/www.sisinternational.com\/es\/wp-json\/wp\/v2\/media?parent=54228"}],"curies":[{"name":"wp","href":"https:\/\/api.w.org\/{rel}","templated":true}]}}