{"id":54219,"date":"2024-11-23T05:06:50","date_gmt":"2024-11-23T10:06:50","guid":{"rendered":"https:\/\/www.sisinternational.com\/?page_id=54219"},"modified":"2026-03-05T23:08:05","modified_gmt":"2026-03-06T04:08:05","slug":"investigacion-de-mercado-sobre-momentos-de-la-verdad","status":"publish","type":"page","link":"https:\/\/www.sisinternational.com\/es\/pericia\/investigacion-de-mercado-sobre-momentos-de-la-verdad\/","title":{"rendered":"Investigaci\u00f3n de mercado Momentos de la verdad"},"content":{"rendered":"<h1 class=\"wp-block-heading\">Investigaci\u00f3n de mercado Momentos de la verdad<\/h1>\n\n\n\n<p><\/p>\n\n\n\n<figure class=\"gb-block-image gb-block-image-cf1baa2d\"><img loading=\"lazy\" decoding=\"async\" width=\"1456\" height=\"816\" class=\"gb-image gb-image-cf1baa2d\" src=\"https:\/\/www.sisinternational.com\/wp-content\/uploads\/2025\/08\/Retail-6.jpg\" alt=\"Investigaci\u00f3n y estrategia de mercado internacional de SIS\" title=\"Retail (6)\" srcset=\"https:\/\/www.sisinternational.com\/wp-content\/uploads\/2025\/08\/Retail-6.jpg 1456w, https:\/\/www.sisinternational.com\/wp-content\/uploads\/2025\/08\/Retail-6-300x168.jpg 300w, https:\/\/www.sisinternational.com\/wp-content\/uploads\/2025\/08\/Retail-6-1024x574.jpg 1024w, https:\/\/www.sisinternational.com\/wp-content\/uploads\/2025\/08\/Retail-6-768x430.jpg 768w, https:\/\/www.sisinternational.com\/wp-content\/uploads\/2025\/08\/Retail-6-18x10.jpg 18w\" sizes=\"auto, (max-width: 1456px) 100vw, 1456px\"><\/figure>\n\n\n\n<hr class=\"wp-block-separator has-alpha-channel-opacity is-style-dots\"\/>\n\n\n\n<h3 class=\"wp-block-heading\">Este enfoque de investigaci\u00f3n permite a las empresas tomar decisiones oportunas e impactantes al identificar los momentos exactos en los que cambian las percepciones de los consumidores. La experiencia de SIS International garantiza que los conocimientos est\u00e9n alineados con las \u00faltimas necesidades y expectativas del mercado.<\/h3>\n\n\n\n<p>\u00bfQu\u00e9 se necesita para tomar decisiones impactantes y en tiempo real en el vertiginoso mercado actual? La investigaci\u00f3n de mercado de momentos de la verdad es la soluci\u00f3n en la que conf\u00edan las principales marcas cuando la precisi\u00f3n y el conocimiento son esenciales. Este enfoque espec\u00edfico ayuda a las empresas a capturar momentos cr\u00edticos de toma de decisiones, ya sea al ingresar a nuevos mercados u optimizar las estrategias actuales.<\/p>\n\n\n\n<h2 class=\"wp-block-heading\"><strong>\u00bfQu\u00e9 es la investigaci\u00f3n de mercados Momentos de la Verdad?<\/strong><\/h2>\n\n\n\n<p>La investigaci\u00f3n de mercado de los momentos de la verdad se centra en comprender los momentos cruciales en los que los consumidores toman decisiones que definen su experiencia con una marca. Estos \u201cmomentos de la verdad\u201d son los puntos cr\u00edticos en el recorrido del cliente que dan forma a la lealtad, la satisfacci\u00f3n y el compromiso a largo plazo. Este enfoque es especialmente valioso para las empresas que enfrentan una competencia intensa, donde reconocer cambios sutiles en el comportamiento del cliente es clave para mantener la relevancia. Al analizar estos momentos, SIS International ofrece a los clientes estrategias pr\u00e1cticas que se alinean con las necesidades del mercado en tiempo real.<\/p>\n\n\n\n<h2 class=\"wp-block-heading\"><strong>\u00bfPor qu\u00e9 las empresas necesitan investigaciones de mercado de momentos de la verdad?<\/strong><\/h2>\n\n\n\n<figure class=\"gb-block-image gb-block-image-0132acc8\"><img loading=\"lazy\" decoding=\"async\" width=\"1456\" height=\"816\" class=\"gb-image gb-image-0132acc8\" src=\"https:\/\/www.sisinternational.com\/wp-content\/uploads\/2025\/08\/Retail-15.jpg\" alt=\"Investigaci\u00f3n y estrategia de mercado internacional de SIS\" title=\"Retail (15)\" srcset=\"https:\/\/www.sisinternational.com\/wp-content\/uploads\/2025\/08\/Retail-15.jpg 1456w, https:\/\/www.sisinternational.com\/wp-content\/uploads\/2025\/08\/Retail-15-300x168.jpg 300w, https:\/\/www.sisinternational.com\/wp-content\/uploads\/2025\/08\/Retail-15-1024x574.jpg 1024w, https:\/\/www.sisinternational.com\/wp-content\/uploads\/2025\/08\/Retail-15-768x430.jpg 768w, https:\/\/www.sisinternational.com\/wp-content\/uploads\/2025\/08\/Retail-15-18x10.jpg 18w\" sizes=\"auto, (max-width: 1456px) 100vw, 1456px\"><\/figure>\n\n\n\n<p><\/p>\n\n\n\n<p>Comprender cu\u00e1ndo y por qu\u00e9 los clientes toman decisiones cruciales puede brindarles a las empresas una ventaja significativa. Por eso, la investigaci\u00f3n de mercado basada en momentos de la verdad ayuda a las empresas a identificar estos momentos cr\u00edticos, lo que les permite responder de manera eficaz a las necesidades de los consumidores y las demandas del mercado.&nbsp;<\/p>\n\n\n\n<p>En el caso de sectores con un panorama altamente competitivo, como el comercio minorista, la tecnolog\u00eda y las finanzas, un \u00fanico \u201cmomento de la verdad\u201d puede determinar si un cliente se queda con una marca o explora alternativas. En el sector tecnol\u00f3gico, por ejemplo, los clientes suelen verse abrumados por las opciones y su lealtad puede depender de lo bien que una marca anticipe y satisfaga sus necesidades en momentos espec\u00edficos.&nbsp;<\/p>\n\n\n\n<p>Furthermore, this research approach is invaluable for companies operating in diverse global <a href=\"https:\/\/www.sisinternational.com\/es\/cobertura\/las-americas\/investigacion-de-mercado-de-america-latina\/investigacion-de-mercado-bolivia\/\" title=\"Investigaci\u00f3n de Mercado en Bolivia\"  data-wpil-monitor-id=\"4570\">markets<\/a>, where consumer behaviors and expectations vary significantly by region. Moments of truth market research allows businesses to adjust their strategies to resonate with local customer preferences.&nbsp;<\/p>\n\n\n\n<h2 class=\"wp-block-heading\"><strong>Nuestra revisi\u00f3n del mercado actual y recomendaciones<\/strong><\/h2>\n\n\n\n<p>En SIS International, reconocemos que las marcas necesitan informaci\u00f3n oportuna sobre estos momentos para dise\u00f1ar sus estrategias de manera eficaz. Nuestro an\u00e1lisis muestra que las empresas que priorizan activamente la comprensi\u00f3n de estas coyunturas cr\u00edticas disfrutan de una mayor retenci\u00f3n de clientes, una mayor lealtad a la marca y una mejor posici\u00f3n competitiva. Creemos que esto puede permitir a las marcas tomar decisiones respaldadas por datos que resuenen profundamente en su audiencia, fomentando la lealtad a largo plazo.<\/p>\n\n\n\n<h2 class=\"wp-block-heading\"><strong>Segmentos de mayor crecimiento<\/strong><\/h2>\n\n\n\n<p>En los estudios de mercado de momentos de la verdad, varios segmentos est\u00e1n experimentando un r\u00e1pido crecimiento debido a los cambios en el comportamiento de los consumidores, los avances tecnol\u00f3gicos y la creciente necesidad de una interacci\u00f3n personalizada. Estos segmentos se definen por su capacidad de capturar y analizar interacciones cr\u00edticas de los consumidores de manera eficaz, lo que ayuda a las marcas a adaptarse en un mercado din\u00e1mico.<\/p>\n\n\n<div class=\"wp-block-image\">\n<figure class=\"aligncenter is-resized\"><img decoding=\"async\" src=\"https:\/\/lh7-rt.googleusercontent.com\/docsz\/AD_4nXfw_4bMQc_p31zcmefRTIACprdJle68geUfXxgmTvxwSgMNXvtxeLfPnDMqBV_-ctQJw3tLgh0ToppI6WhK_oN7bkRAK-_kzzXOzKuZZ5fuip_a9vjwuVEW0-q-Lli4z9FLz8qLHQ?key=d2pIYbKk51A57OV7aLKAXom3\" alt=\"Investigaci\u00f3n y estrategia de mercado internacional de SIS\" style=\"width:687px;height:auto\"><\/figure>\n<\/div>\n\n\n<ol class=\"wp-block-list\">\n<li><strong>An\u00e1lisis de la experiencia del cliente<\/strong> \u2013 Las empresas invierten fuertemente en herramientas para comprender las interacciones con los clientes, lo que convierte a este en uno de los segmentos de m\u00e1s r\u00e1pido crecimiento.<\/li>\n\n\n\n<li><strong>Inteligencia artificial y aprendizaje autom\u00e1tico<\/strong> \u2013 El an\u00e1lisis de datos de clientes impulsado por IA mejora la precisi\u00f3n a la hora de identificar los \u201cmomentos de la verdad\u201d.<\/li>\n\n\n\n<li><strong>Soluciones de personalizaci\u00f3n<\/strong> \u2013 El marketing personalizado y el servicio al cliente son esenciales para capturar momentos cruciales, especialmente en industrias digitales.<\/li>\n\n\n\n<li><strong>Segmentaci\u00f3n conductual<\/strong> \u2013 Comprender los rasgos de comportamiento matizados ayuda a las marcas a identificar las necesidades espec\u00edficas de sus audiencias.<\/li>\n\n\n\n<li><strong>An\u00e1lisis predictivo<\/strong> \u2013 Aprovechar datos hist\u00f3ricos para predecir las decisiones de los consumidores es una herramienta poderosa para las marcas que desean mantenerse proactivas.<\/li>\n\n\n\n<li><strong>Programas de Voz del Cliente<\/strong> \u2013 Los programas de recopilaci\u00f3n de comentarios de clientes ayudan a las empresas a centrarse en la informaci\u00f3n en tiempo real obtenida a partir de interacciones directas.<\/li>\n\n\n\n<li><strong>Mapeo del recorrido del cliente<\/strong> \u2013 Este segmento permite a las empresas identificar puntos de decisi\u00f3n clave y abordar los puntos cr\u00edticos de manera eficaz.<\/li>\n\n\n\n<li><strong>Herramientas de interacci\u00f3n omnicanal<\/strong> \u2013 Garantizar una experiencia fluida en m\u00faltiples plataformas es cada vez m\u00e1s esencial para las marcas.<\/li>\n\n\n\n<li><strong>Modelos de predicci\u00f3n de abandono<\/strong> \u2013 Las empresas utilizan estos modelos para identificar a los clientes en riesgo, lo que les permite abordar la insatisfacci\u00f3n de forma temprana.<\/li>\n\n\n\n<li><strong>An\u00e1lisis de sentimientos<\/strong> \u2013 Analizar el sentimiento del consumidor proporciona a las marcas una visi\u00f3n m\u00e1s profunda de los motivadores emocionales en los momentos de la verdad.<\/li>\n<\/ol>\n\n\n\n<h2 class=\"wp-block-heading\"><strong>Perspectivas regionales<\/strong><\/h2>\n\n\n\n<p>En <strong>Am\u00e9rica del norte<\/strong>Las expectativas de los consumidores suelen centrarse en la comodidad y la personalizaci\u00f3n. Las marcas deben priorizar los momentos que agilicen la experiencia del cliente, en particular en el comercio electr\u00f3nico, donde el servicio r\u00e1pido y la personalizaci\u00f3n son muy valorados. Adem\u00e1s, la sostenibilidad se est\u00e1 convirtiendo en un factor decisivo importante, especialmente entre los consumidores m\u00e1s j\u00f3venes.<\/p>\n\n\n\n<p>En <strong>Europa<\/strong>Existe un fuerte \u00e9nfasis en la transparencia y las pr\u00e1cticas \u00e9ticas, y los clientes otorgan gran valor a la responsabilidad ambiental y social de las empresas. Para las marcas que operan en Europa, la investigaci\u00f3n de mercado de los momentos de la verdad puede destacar c\u00f3mo estos valores influyen en las decisiones de los consumidores, ayudando a las empresas a alinear sus estrategias con una audiencia m\u00e1s consciente.<\/p>\n\n\n\n<p><strong>Asia-Pac\u00edfico<\/strong> Representa una de las regiones m\u00e1s din\u00e1micas, con una r\u00e1pida adopci\u00f3n digital y una base de consumidores cada vez m\u00e1s conocedores de la tecnolog\u00eda. Los momentos de la verdad impulsados por los dispositivos m\u00f3viles son esenciales aqu\u00ed, principalmente porque los consumidores dependen en gran medida de las redes sociales y las aplicaciones m\u00f3viles para realizar compras y relacionarse con las marcas.&nbsp;<\/p>\n\n\n\n<p>En <strong>Am\u00e9rica Latina<\/strong>, economic factors often play a larger role in consumer decision-making moments. Price sensitivity and value-based purchasing are crucial in these markets, making Moments of Truth <a href=\"https:\/\/www.sisinternational.com\/es\/soluciones\/investigacion-de-consultoria-estrategica-fintech\/investigacion-de-mercado-de-precios-de-productos-basicos\/\" title=\"Investigaci\u00f3n de mercado de precios de productos b\u00e1sicos\"  data-wpil-monitor-id=\"5493\">Market Research vital for understanding price<\/a> perception and its influence on brand loyalty.<\/p>\n\n\n\n<h2 class=\"wp-block-heading\"><strong>Oportunidades para empresas<\/strong><\/h2>\n\n\n\n<figure class=\"gb-block-image gb-block-image-361d6fb0\"><img loading=\"lazy\" decoding=\"async\" width=\"1456\" height=\"816\" class=\"gb-image gb-image-361d6fb0\" src=\"https:\/\/www.sisinternational.com\/wp-content\/uploads\/2025\/09\/Quantitative-research-19.jpg\" alt=\"Investigaci\u00f3n y estrategia de mercado internacional de SIS\" title=\"Quantitative research (19)\" srcset=\"https:\/\/www.sisinternational.com\/wp-content\/uploads\/2025\/09\/Quantitative-research-19.jpg 1456w, https:\/\/www.sisinternational.com\/wp-content\/uploads\/2025\/09\/Quantitative-research-19-300x168.jpg 300w, https:\/\/www.sisinternational.com\/wp-content\/uploads\/2025\/09\/Quantitative-research-19-1024x574.jpg 1024w, https:\/\/www.sisinternational.com\/wp-content\/uploads\/2025\/09\/Quantitative-research-19-768x430.jpg 768w, https:\/\/www.sisinternational.com\/wp-content\/uploads\/2025\/09\/Quantitative-research-19-18x10.jpg 18w\" sizes=\"auto, (max-width: 1456px) 100vw, 1456px\"><\/figure>\n\n\n\n<p><\/p>\n\n\n\n<p>Los estudios de mercado en momentos de la verdad brindan oportunidades \u00fanicas para que las empresas mejoren su comprensi\u00f3n del comportamiento de los clientes y refinen sus estrategias. Al aprovechar los conocimientos de estos momentos cruciales, las empresas pueden abrir puertas al crecimiento, la lealtad y la diferenciaci\u00f3n en el mercado.<\/p>\n\n\n\n<ul class=\"wp-block-list\">\n<li><strong>Mejorar la fidelizaci\u00f3n del cliente<\/strong> \u2013 Las empresas pueden crear experiencias que fomenten una mayor lealtad identificando puntos de decisi\u00f3n cr\u00edticos. Cuando las empresas reconocen qu\u00e9 impulsa las compras repetidas, pueden fomentar relaciones a largo plazo que conduzcan a la promoci\u00f3n de la marca.<\/li>\n\n\n\n<li><strong>Personalizaci\u00f3n del recorrido del cliente<\/strong> \u2013 Moments of truth <a href=\"https:\/\/www.sisinternational.com\/es\/que-son-las-relaciones-publicas\/\" title=\"Relaciones P\u00fablicas e Investigaci\u00f3n de Mercados\"  data-wpil-monitor-id=\"2241\">market research allows brands<\/a> to create personalized interactions that resonate with individual customers. Personalized engagement builds stronger connections, increasing the likelihood of conversions and repeat interactions.<\/li>\n\n\n\n<li><strong>Identificaci\u00f3n de nuevas fuentes de ingresos<\/strong> \u2013 Comprender los momentos de la verdad puede revelar necesidades no satisfechas de los clientes, lo que orienta a las empresas para desarrollar nuevos productos o servicios que satisfagan esas necesidades. Este enfoque abre oportunidades para diversificar los canales de ingresos y expandir el mercado.<\/li>\n\n\n\n<li><strong>Mejorar la retenci\u00f3n de clientes<\/strong> \u2013 Investigar los momentos de la verdad ayuda a las empresas a abordar de forma proactiva los posibles puntos cr\u00edticos, lo que reduce la p\u00e9rdida de clientes. Las empresas pueden mejorar los \u00edndices de satisfacci\u00f3n y retenci\u00f3n respondiendo de forma eficaz en los momentos de decisi\u00f3n clave.<\/li>\n\n\n\n<li><strong>Ganando ventaja competitiva<\/strong> \u2013 En los mercados competitivos, los momentos de la verdad brindan informaci\u00f3n que permite a las marcas diferenciarse. Al centrarse en estos momentos decisivos, las empresas pueden ofrecer propuestas de valor \u00fanicas que las diferencien de sus competidores.<\/li>\n\n\n\n<li><strong>Optimizaci\u00f3n de estrategias de marketing<\/strong> \u2013 La investigaci\u00f3n de mercado basada en los momentos de la verdad permite orientar las iniciativas de marketing destacando los canales y mensajes m\u00e1s eficaces. Al alinear las campa\u00f1as con los puntos de decisi\u00f3n de los clientes, las empresas pueden maximizar el impacto de sus iniciativas de marketing.<\/li>\n\n\n\n<li><strong>Mejorar la percepci\u00f3n de la marca<\/strong> \u2013 Las interacciones positivas en momentos clave pueden tener un impacto significativo en la percepci\u00f3n que los clientes tienen de una marca. Los momentos de la verdad permiten a las empresas moldear estas percepciones de manera favorable, generando confianza y una reputaci\u00f3n positiva.<\/li>\n<\/ul>\n\n\n\n<h2 class=\"wp-block-heading\"><strong>\u00bfQu\u00e9 hace de SIS International una empresa l\u00edder en investigaci\u00f3n de mercados?<\/strong><\/h2>\n\n\n\n<p><a href=\"https:\/\/www.linkedin.com\/company\/sisinternationalresearch\/\" target=\"_blank\" rel=\"noopener\">SIS Internacional<\/a> es reconocida como l\u00edder en investigaci\u00f3n de mercado en el momento de la verdad y ofrece experiencia y recursos incomparables para ayudar a las marcas a tener \u00e9xito en mercados complejos y competitivos. A continuaci\u00f3n, se indican 10 elementos que distinguen a SIS International:<\/p>\n\n\n\n<ul class=\"wp-block-list\">\n<li><strong>Alcance global<\/strong> \u2013 Con presencia en mercados clave a nivel mundial, ofrecemos conocimientos que reflejan diversas tendencias regionales y matices culturales.<\/li>\n\n\n\n<li><strong>Conocimiento profundo de la industria<\/strong> \u2013 Nuestro equipo se especializa en m\u00faltiples industrias, desde tecnolog\u00eda y finanzas hasta bienes de consumo y atenci\u00f3n m\u00e9dica, lo que garantiza informaci\u00f3n personalizada para cada sector.<\/li>\n\n\n\n<li><strong>Herramientas de an\u00e1lisis avanzadas<\/strong> \u2013 Empleamos herramientas y tecnolog\u00eda de vanguardia para capturar y analizar el comportamiento del cliente, haciendo que nuestros conocimientos sean detallados y pr\u00e1cticos.<\/li>\n\n\n\n<li><strong>Equipo experimentado de expertos<\/strong> \u2013 Nuestro equipo est\u00e1 formado por investigadores, analistas y estrategas experimentados que brindan asesoramiento de alta calidad basado en a\u00f1os de experiencia.<\/li>\n\n\n\n<li><strong>Enfoque centrado en el cliente<\/strong> \u2013 Priorizamos la comprensi\u00f3n de las necesidades \u00fanicas de los clientes, creando soluciones de investigaci\u00f3n que se alineen con sus objetivos y desaf\u00edos espec\u00edficos.<\/li>\n\n\n\n<li><strong>T\u00e9cnicas de investigaci\u00f3n innovadoras<\/strong> \u2013 <a href=\"https:\/\/medium.com\/@sisinternational\/sis-international-c17160da8fac\" target=\"_blank\" rel=\"noopener\">SIS<\/a> Aprovecha metodolog\u00edas innovadoras, incluido el an\u00e1lisis predictivo y el an\u00e1lisis de sentimientos, para capturar momentos clave de la verdad.<\/li>\n\n\n\n<li><strong>Compromiso con la privacidad de los datos<\/strong> \u2013 Cumplimos estrictos est\u00e1ndares de privacidad de datos, garantizando que nuestra investigaci\u00f3n sea \u00e9tica y cumpla con las regulaciones vigentes.<\/li>\n\n\n\n<li><strong>Informes completos<\/strong> \u2013 Nuestros informes est\u00e1n dise\u00f1ados para ser claros, concisos y pr\u00e1cticos, lo que permite a los clientes tomar decisiones informadas con confianza.<\/li>\n\n\n\n<li><strong>\u00c9nfasis en la informaci\u00f3n en tiempo real<\/strong> \u2013 El enfoque de SIS International en los datos en tiempo real permite a las marcas mantenerse receptivas a las condiciones y cambios actuales del mercado.<\/li>\n\n\n\n<li><strong>Trayectoria comprobada<\/strong> \u2013 Con un historial de asociaciones exitosas e investigaciones impactantes, las principales marcas globales conf\u00edan en SIS International para brindar informaci\u00f3n significativa.<\/li>\n<\/ul>\n\n\n\n<h2 class=\"wp-block-heading\">Acerca de SIS Internacional<\/h2>\n\n\n\n<p><a href=\"https:\/\/www.sisinternational.com\/es\/\">SIS Internacional<\/a> ofrece investigaci\u00f3n cuantitativa, cualitativa y estrat\u00e9gica. Proporcionamos datos, herramientas, estrategias, informes y conocimientos para la toma de decisiones. Tambi\u00e9n realizamos entrevistas, encuestas, grupos focales y otros m\u00e9todos y enfoques de investigaci\u00f3n de mercado.<a href=\"https:\/\/www.sisinternational.com\/es\/sobre-la-investigacion-internacional-de-sis\/contact-sis-international-market-research\/\"> P\u00f3ngase en contacto con nosotros<\/a> para su pr\u00f3ximo proyecto de Investigaci\u00f3n de Mercado.<\/p>\n\n\n\n<hr class=\"wp-block-separator has-alpha-channel-opacity\"\/>","protected":false},"excerpt":{"rendered":"<p>Moments of Truth Market Research This research approach empowers businesses to make timely, impactful decisions by pinpointing the exact moments when consumer perceptions shift. SIS International\u2019s expertise ensures that insights are aligned with the market\u2019s latest needs and expectations. What does it take to make impactful, real-time decisions in today\u2019s fast-paced market? Moments of truth &#8230; <a title=\"Investigaci\u00f3n de mercado Momentos de la verdad\" class=\"read-more\" href=\"https:\/\/www.sisinternational.com\/es\/pericia\/investigacion-de-mercado-sobre-momentos-de-la-verdad\/\" aria-label=\"Leer m\u00e1s sobre Moments of Truth Market Research\">Leer m\u00e1s<\/a><\/p>","protected":false},"author":1,"featured_media":62509,"parent":14514,"menu_order":472,"comment_status":"closed","ping_status":"closed","template":"","meta":{"footnotes":""},"class_list":["post-54219","page","type-page","status-publish","has-post-thumbnail"],"_links":{"self":[{"href":"https:\/\/www.sisinternational.com\/es\/wp-json\/wp\/v2\/pages\/54219","targetHints":{"allow":["GET"]}}],"collection":[{"href":"https:\/\/www.sisinternational.com\/es\/wp-json\/wp\/v2\/pages"}],"about":[{"href":"https:\/\/www.sisinternational.com\/es\/wp-json\/wp\/v2\/types\/page"}],"author":[{"embeddable":true,"href":"https:\/\/www.sisinternational.com\/es\/wp-json\/wp\/v2\/users\/1"}],"replies":[{"embeddable":true,"href":"https:\/\/www.sisinternational.com\/es\/wp-json\/wp\/v2\/comments?post=54219"}],"version-history":[{"count":9,"href":"https:\/\/www.sisinternational.com\/es\/wp-json\/wp\/v2\/pages\/54219\/revisions"}],"predecessor-version":[{"id":79266,"href":"https:\/\/www.sisinternational.com\/es\/wp-json\/wp\/v2\/pages\/54219\/revisions\/79266"}],"up":[{"embeddable":true,"href":"https:\/\/www.sisinternational.com\/es\/wp-json\/wp\/v2\/pages\/14514"}],"wp:featuredmedia":[{"embeddable":true,"href":"https:\/\/www.sisinternational.com\/es\/wp-json\/wp\/v2\/media\/62509"}],"wp:attachment":[{"href":"https:\/\/www.sisinternational.com\/es\/wp-json\/wp\/v2\/media?parent=54219"}],"curies":[{"name":"wp","href":"https:\/\/api.w.org\/{rel}","templated":true}]}}