{"id":54215,"date":"2024-11-22T05:03:22","date_gmt":"2024-11-22T10:03:22","guid":{"rendered":"https:\/\/www.sisinternational.com\/?page_id=54215"},"modified":"2026-03-05T23:13:04","modified_gmt":"2026-03-06T04:13:04","slug":"empresa-lider-en-estrategias-de-marketing","status":"publish","type":"page","link":"https:\/\/www.sisinternational.com\/es\/soluciones\/consultoria-estrategica\/empresa-lider-en-estrategias-de-marketing\/","title":{"rendered":"Empresa l\u00edder en estrategias de marketing"},"content":{"rendered":"<h1 class=\"wp-block-heading\">Empresa l\u00edder en estrategias de marketing<\/h1>\n\n\n\n<p><\/p>\n\n\n\n<figure class=\"gb-block-image gb-block-image-3ca30460\"><img loading=\"lazy\" decoding=\"async\" width=\"1456\" height=\"816\" class=\"gb-image gb-image-3ca30460\" src=\"https:\/\/www.sisinternational.com\/wp-content\/uploads\/2025\/08\/Strategy-consulting-20.jpg\" alt=\"Investigaci\u00f3n y estrategia de mercado internacional de SIS\" title=\"Strategy consulting (20)\" srcset=\"https:\/\/www.sisinternational.com\/wp-content\/uploads\/2025\/08\/Strategy-consulting-20.jpg 1456w, https:\/\/www.sisinternational.com\/wp-content\/uploads\/2025\/08\/Strategy-consulting-20-300x168.jpg 300w, https:\/\/www.sisinternational.com\/wp-content\/uploads\/2025\/08\/Strategy-consulting-20-1024x574.jpg 1024w, https:\/\/www.sisinternational.com\/wp-content\/uploads\/2025\/08\/Strategy-consulting-20-768x430.jpg 768w, https:\/\/www.sisinternational.com\/wp-content\/uploads\/2025\/08\/Strategy-consulting-20-18x10.jpg 18w\" sizes=\"auto, (max-width: 1456px) 100vw, 1456px\"><\/figure>\n\n\n\n<hr class=\"wp-block-separator has-alpha-channel-opacity is-style-dots\"\/>\n\n\n\n<h3 class=\"wp-block-heading\">Una estrategia de marketing bien definida es la base del \u00e9xito de cualquier negocio. Como empresa l\u00edder en estrategias de marketing, SIS International trabaja con empresas para crear estrategias basadas en datos que logren resultados mensurables.<\/h3>\n\n\n\n<p>\u00bfQu\u00e9 diferencia a las marcas exitosas de las que tienen dificultades? La respuesta est\u00e1 en tener una estrategia de marketing clara y eficaz. SIS International, una de las principales firmas de estrategia de marketing, proporciona los conocimientos y la planificaci\u00f3n necesarios para conectar con las audiencias objetivo e impulsar el crecimiento.<\/p>\n\n\n\n<h2 class=\"wp-block-heading\">\u00bfPor qu\u00e9 es esencial la estrategia de marketing en el panorama empresarial global actual?<\/h2>\n\n\n\n<p><a href=\"https:\/\/www.sisinternational.com\/es\/la-mejor-empresa-con-estrategia-de-salida-al-mercado-b2b\/\" title=\"La mejor empresa de estrategia de salida al mercado B2B\"  data-wpil-monitor-id=\"1361\">Marketing strategy defines how a company<\/a> reaches its target audience, communicates its value proposition, and drives sales and growth. That\u2019s why companies need a comprehensive marketing strategy to ensure that their messages are heard, their brands are recognized, and their products resonate with consumers.<\/p>\n\n\n\n<p>Whether a company is launching a new product, entering a new market, or rebranding, having a robust <a href=\"https:\/\/www.sisinternational.com\/es\/what-to-expect-in-your-first-year-entering-a-new-market-5-essential-strategies\/\" title=\"What to Expect in Your First Year Entering a New Market: 5 Essential Strategies\"  data-wpil-monitor-id=\"1082\">marketing strategy is essential<\/a> to navigating challenges and seizing opportunities. A <a href=\"https:\/\/www.sisinternational.com\/es\/la-mejor-firma-de-evaluacion-de-estrategias-corporativas\/\" title=\"Empresa l\u00edder en evaluaci\u00f3n de estrategias corporativas\"  data-wpil-monitor-id=\"1490\">top marketing strategy firm<\/a> provides the expertise to craft tailored strategies that resonate with consumers, create meaningful connections, and drive long-term success.<\/p>\n\n\n\n<h2 class=\"wp-block-heading\">Servicios que puede esperar de una empresa l\u00edder en estrategias de marketing<\/h2>\n\n\n\n<figure class=\"gb-block-image gb-block-image-d54be9ae\"><img loading=\"lazy\" decoding=\"async\" width=\"1456\" height=\"816\" class=\"gb-image gb-image-d54be9ae\" src=\"https:\/\/www.sisinternational.com\/wp-content\/uploads\/2025\/08\/Strategy-consulting-25.jpg\" alt=\"Investigaci\u00f3n y estrategia de mercado internacional de SIS\" title=\"Strategy consulting (25)\" srcset=\"https:\/\/www.sisinternational.com\/wp-content\/uploads\/2025\/08\/Strategy-consulting-25.jpg 1456w, https:\/\/www.sisinternational.com\/wp-content\/uploads\/2025\/08\/Strategy-consulting-25-300x168.jpg 300w, https:\/\/www.sisinternational.com\/wp-content\/uploads\/2025\/08\/Strategy-consulting-25-1024x574.jpg 1024w, https:\/\/www.sisinternational.com\/wp-content\/uploads\/2025\/08\/Strategy-consulting-25-768x430.jpg 768w, https:\/\/www.sisinternational.com\/wp-content\/uploads\/2025\/08\/Strategy-consulting-25-18x10.jpg 18w\" sizes=\"auto, (max-width: 1456px) 100vw, 1456px\"><\/figure>\n\n\n\n<p><\/p>\n\n\n\n<p>A <a href=\"https:\/\/www.sisinternational.com\/es\/soluciones\/legal-market-research\/mock-jury-market-research-3\/\" title=\"La mejor empresa de investigaci\u00f3n de mercado de jurados simulados\"  data-wpil-monitor-id=\"934\">top marketing strategy<\/a> firm offers a <strong>Investigaci\u00f3n y an\u00e1lisis de mercado<\/strong>, que implica la recopilaci\u00f3n y el an\u00e1lisis de datos para comprender el comportamiento del consumidor, las tendencias del mercado y la din\u00e1mica competitiva. Esta informaci\u00f3n es la base para crear estrategias de marketing informadas que se alineen con las oportunidades del mercado y las necesidades del consumidor.<\/p>\n\n\n\n<p><strong>Desarrollo de estrategia de marca<\/strong> es otro servicio esencial, que se centra en definir la identidad, los valores y el posicionamiento de una marca. Una estrategia de marca s\u00f3lida ayuda a las empresas a establecer una presencia \u00fanica en el mercado, generar lealtad a la marca y diferenciarse de la competencia.&nbsp;<\/p>\n\n\n\n<p><strong>Planificaci\u00f3n y ejecuci\u00f3n de campa\u00f1as<\/strong> are critical <a href=\"https:\/\/www.sisinternational.com\/es\/estrategia-de-marketing-en-servicios-educativos\/\" title=\"Estrategia de marketing en servicios educativos\"  data-wpil-monitor-id=\"2089\">services top marketing strategy<\/a> firms provide. From digital marketing to traditional media, these firms help businesses plan and execute marketing campaigns that reach the right audiences at the right time.&nbsp;<\/p>\n\n\n\n<h3 class=\"wp-block-heading\">Servicios clave proporcionados por una empresa l\u00edder en estrategia de marketing:<\/h3>\n\n\n\n<p><\/p>\n\n\n<div class=\"wp-block-image\">\n<figure class=\"aligncenter size-full is-resized\"><img loading=\"lazy\" decoding=\"async\" width=\"819\" height=\"685\" src=\"https:\/\/www.sisinternational.com\/wp-content\/uploads\/2024\/11\/Top-Marketing-Strategy-Company.png\" alt=\"Investigaci\u00f3n y estrategia de mercado internacional de SIS\" class=\"wp-image-54216\" style=\"width:694px;height:auto\" srcset=\"https:\/\/www.sisinternational.com\/wp-content\/uploads\/2024\/11\/Top-Marketing-Strategy-Company.png 819w, https:\/\/www.sisinternational.com\/wp-content\/uploads\/2024\/11\/Top-Marketing-Strategy-Company-300x251.png 300w, https:\/\/www.sisinternational.com\/wp-content\/uploads\/2024\/11\/Top-Marketing-Strategy-Company-768x642.png 768w, https:\/\/www.sisinternational.com\/wp-content\/uploads\/2024\/11\/Top-Marketing-Strategy-Company-14x12.png 14w\" sizes=\"auto, (max-width: 819px) 100vw, 819px\" \/><\/figure>\n<\/div>\n\n\n<p><\/p>\n\n\n\n<ul class=\"wp-block-list\">\n<li><strong>Investigaci\u00f3n y an\u00e1lisis de mercado:<\/strong> Realizar investigaciones en profundidad para comprender las tendencias del mercado, el comportamiento del consumidor y la din\u00e1mica competitiva.<\/li>\n\n\n\n<li><strong>Desarrollo de estrategia de marca:<\/strong> Crear una identidad y un posicionamiento de marca \u00fanicos que resuenen con el p\u00fablico objetivo y generen lealtad a la marca.<\/li>\n\n\n\n<li><strong>Planificaci\u00f3n y ejecuci\u00f3n de campa\u00f1as:<\/strong> Desarrollar y ejecutar campa\u00f1as de marketing que lleguen e involucren eficazmente al p\u00fablico objetivo a trav\u00e9s de m\u00faltiples canales.<\/li>\n\n\n\n<li><strong>Segmentaci\u00f3n y focalizaci\u00f3n de clientes:<\/strong> Identificar segmentos clave de clientes y adaptar los esfuerzos de marketing para satisfacer sus necesidades y preferencias \u00fanicas.<\/li>\n\n\n\n<li><strong>Estrategia de marketing digital:<\/strong> Creaci\u00f3n de estrategias de marketing digital que aprovechen los canales en l\u00ednea, incluidas las redes sociales, el SEO y la publicidad paga, para impulsar el conocimiento y la participaci\u00f3n de la marca.<\/li>\n\n\n\n<li><strong>Marketing de contenidos y storytelling:<\/strong> Desarrollar contenido atractivo que cuente la historia de la marca y conecte emocionalmente con los consumidores.<\/li>\n\n\n\n<li><strong>Medici\u00f3n y optimizaci\u00f3n del rendimiento:<\/strong> Medir la eficacia de las campa\u00f1as de marketing y realizar ajustes basados en datos para maximizar el ROI.<\/li>\n<\/ul>\n\n\n\n<h2 class=\"wp-block-heading\">\u00bfCu\u00e1les son los beneficios de trabajar con una empresa l\u00edder en estrategia de marketing?<\/h2>\n\n\n\n<p>Working with a <a href=\"https:\/\/www.sisinternational.com\/es\/la-mejor-empresa-del-grupo-de-enfoque-global\/\" title=\"Principal empresa del grupo de enfoque global\"  data-wpil-monitor-id=\"1042\">top marketing strategy<\/a> firm provides numerous advantages significantly enhancing a company&#8217;s ability to compete in the global marketplace. These firms bring expertise, resources, and insights that help businesses craft effective marketing strategies and achieve their business goals.<\/p>\n\n\n\n<ul class=\"wp-block-list\">\n<li><strong>Experiencia estrat\u00e9gica:<\/strong> Obtendr\u00e1 acceso a expertos de la industria que entienden la din\u00e1mica del mercado, el comportamiento del consumidor y t\u00e1cticas de marketing efectivas.<\/li>\n\n\n\n<li><strong>Toma de decisiones basada en datos:<\/strong> Las principales empresas de estrategia de marketing utilizan datos y conocimientos para crear estrategias de marketing que se alineen con las oportunidades del mercado y las necesidades de los consumidores.<\/li>\n\n\n\n<li><strong>Diferenciaci\u00f3n de marca:<\/strong> Desarrollan una identidad de marca fuerte que se destaca en un mercado abarrotado y resuena entre el p\u00fablico objetivo.<\/li>\n\n\n\n<li><strong>Desarrollo de estrategia localizada:<\/strong> Estas empresas le ayudan a adaptar las estrategias de marketing para alinearlas con los matices culturales y sociales de las diferentes regiones, mejorando la participaci\u00f3n del consumidor.<\/li>\n\n\n\n<li><strong>Optimizaci\u00f3n continua:<\/strong> Le ayudan a medir el rendimiento de la campa\u00f1a y a realizar ajustes basados en datos para mejorar la eficacia y lograr los objetivos comerciales.<\/li>\n<\/ul>\n\n\n\n<h2 class=\"wp-block-heading\">\u00bfC\u00f3mo la estrategia de marketing impulsa el crecimiento y la innovaci\u00f3n empresarial?<\/h2>\n\n\n\n<p><\/p>\n\n\n\n<figure class=\"gb-block-image gb-block-image-cfc4777c\"><img decoding=\"async\" class=\"gb-image gb-image-cfc4777c\" src=\"https:\/\/www.sisinternational.com\/wp-content\/uploads\/2024\/11\/B2B-1-1.jpg\" alt=\"Investigaci\u00f3n y estrategia de mercado internacional de SIS\" title=\"B2B 1 (1)\"><\/figure>\n\n\n\n<p><\/p>\n\n\n\n<p>La estrategia de marketing ayuda a las empresas a alcanzar sus objetivos y prosperar en un entorno competitivo al proporcionar una hoja de ruta clara para llegar a los p\u00fablicos objetivo, comunicar valor y diferenciarse de los competidores.<\/p>\n\n\n\n<p><strong>Identificaci\u00f3n de oportunidades de mercado y necesidades de los consumidores<\/strong><\/p>\n\n\n\n<p>A <a href=\"https:\/\/www.sisinternational.com\/es\/la-mejor-empresa-de-analisis-de-la-industria-en-nueva-york\/\" title=\"La mejor empresa de an\u00e1lisis de la industria en Nueva York\"  data-wpil-monitor-id=\"1117\">top marketing strategy<\/a> firm helps businesses identify market opportunities and consumer needs by conducting in-depth research and analysis. These insights help companies create products, services, and campaigns that address specific consumer needs and provide value to their target audiences. For example, <a href=\"https:\/\/www.linkedin.com\/pulse\/how-market-research-enables-growth-ruth-stanat-phekf\/\" target=\"_blank\" rel=\"noopener\">investigaci\u00f3n de mercado<\/a> Puede revelar un segmento desatendido de consumidores con necesidades no satisfechas.&nbsp;<\/p>\n\n\n\n<p><strong>Orientaci\u00f3n del desarrollo de productos y posicionamiento en el mercado<\/strong><\/p>\n\n\n\n<p>Marketing strategy is instrumental in guiding product development and market positioning. A <a href=\"https:\/\/www.sisinternational.com\/es\/empresa-de-evaluacion-comparativa-de-los-principales-competidores\/\" title=\"Empresa de evaluaci\u00f3n comparativa de los principales competidores\" data-wpil-monitor-id=\"1198\">top marketing strategy firm helps companies<\/a> define their unique value proposition and communicate it in a way that resonates with consumers.<\/p>\n\n\n\n<p>In addition to product development, <a href=\"https:\/\/www.sisinternational.com\/es\/convertirse-en-un-campeon-oculto-en-marketing-de-nicho\/\" title=\"Estrategia de marketing de campeones ocultos y marketing de nicho\" data-wpil-monitor-id=\"1976\">marketing strategy is crucial in brand<\/a> positioning. By defining a brand&#8217;s identity, values, and messaging, businesses can create a strong brand presence that differentiates them from competitors and builds lasting relationships with consumers.<\/p>\n\n\n\n<p><strong>Apoyo a las decisiones estrat\u00e9gicas de negocios<\/strong><\/p>\n\n\n\n<p>La estrategia de marketing tambi\u00e9n respalda decisiones comerciales estrat\u00e9gicas m\u00e1s amplias, como la entrada al mercado, la expansi\u00f3n y el cambio de marca. Una empresa de estrategia de marketing de primer nivel ofrece los conocimientos necesarios para tomar decisiones informadas sobre los mercados a los que ingresar, c\u00f3mo posicionar una marca y c\u00f3mo adaptar las iniciativas de marketing a las diferentes regiones.&nbsp;<\/p>\n\n\n\n<h2 class=\"wp-block-heading\">\u00bfQu\u00e9 hace de SIS International una empresa l\u00edder en estrategias de marketing?<\/h2>\n\n\n\n<p><a href=\"https:\/\/www.linkedin.com\/company\/sisinternationalresearch\/\" target=\"_blank\" rel=\"noopener\">SIS Internacional<\/a> tiene un enfoque \u00fanico, experiencia global y el compromiso de brindar informaci\u00f3n \u00fatil. Nuestra capacidad para comprender la din\u00e1mica del mercado y el comportamiento del consumidor y traducirlos en oportunidades estrat\u00e9gicas nos convierte en un socio de confianza para las empresas que buscan tener \u00e9xito en un mercado global cada vez m\u00e1s complejo.<\/p>\n\n\n\n<ul class=\"wp-block-list\">\n<li><strong>Estrategias de marketing personalizadas:<\/strong> Dise\u00f1amos estrategias de marketing que satisfacen las necesidades de cada cliente, garantizando que nuestros conocimientos sean significativos y procesables.<\/li>\n\n\n\n<li><strong>Experiencia global y local:<\/strong> Nuestro equipo de expertos de la industria brinda perspectivas globales y conocimientos locales, ayudando a las empresas a navegar por los matices de los diferentes mercados.<\/li>\n\n\n\n<li><strong>Investigaci\u00f3n de mercado integral:<\/strong> Realizamos investigaciones en profundidad para comprender las tendencias del mercado, el comportamiento del consumidor y la din\u00e1mica competitiva, proporcionando la base para estrategias de marketing efectivas.<\/li>\n\n\n\n<li><strong>Planificaci\u00f3n de campa\u00f1as innovadoras:<\/strong> <a href=\"https:\/\/twitter.com\/SISIntlResearch\" target=\"_blank\" rel=\"noopener\">SIS<\/a> El compromiso de International con la innovaci\u00f3n significa que utilizamos las \u00faltimas herramientas y tecnolog\u00edas para desarrollar y ejecutar campa\u00f1as de marketing que atraigan a los consumidores y generen resultados.<\/li>\n\n\n\n<li><strong>Informaci\u00f3n basada en datos:<\/strong> Desde la segmentaci\u00f3n de clientes hasta la optimizaci\u00f3n de campa\u00f1as, brindamos informaci\u00f3n basada en datos que ayudan a nuestros clientes a tomar decisiones estrat\u00e9gicas informadas.<\/li>\n\n\n\n<li><strong>Orientaci\u00f3n y soporte de expertos:<\/strong> Nuestro equipo brinda orientaci\u00f3n y apoyo experto durante todo el proceso de marketing, desde el desarrollo de la estrategia hasta la ejecuci\u00f3n y optimizaci\u00f3n.<\/li>\n\n\n\n<li><strong>Integraci\u00f3n eficaz entre canales:<\/strong> Nos aseguramos de que las estrategias de marketing se integren perfectamente en m\u00faltiples canales, proporcionando una experiencia de marca consistente para los consumidores.<\/li>\n\n\n\n<li><strong>Recomendaciones pr\u00e1cticas:<\/strong> Nuestros conocimientos no son s\u00f3lo informativos: son pr\u00e1cticos y ofrecen a nuestros clientes pasos claros para mejorar la eficacia de su marketing.<\/li>\n\n\n\n<li><strong>Visibilidad de marca mejorada:<\/strong> Nuestras estrategias est\u00e1n dise\u00f1adas para aumentar la visibilidad y el reconocimiento de la marca, asegurando que las marcas de nuestros clientes est\u00e9n en la mente de sus p\u00fablicos objetivo.<\/li>\n<\/ul>\n\n\n\n<h2 class=\"wp-block-heading\">Acerca de SIS Internacional<\/h2>\n\n\n\n<p><a href=\"https:\/\/www.sisinternational.com\/es\/\">SIS Internacional<\/a> ofrece investigaci\u00f3n cuantitativa, cualitativa y estrat\u00e9gica. Proporcionamos datos, herramientas, estrategias, informes y conocimientos para la toma de decisiones. Tambi\u00e9n realizamos entrevistas, encuestas, grupos focales y otros m\u00e9todos y enfoques de investigaci\u00f3n de mercado.<a href=\"https:\/\/www.sisinternational.com\/es\/sobre-la-investigacion-internacional-de-sis\/contact-sis-international-market-research\/\"> P\u00f3ngase en contacto con nosotros<\/a> para su pr\u00f3ximo proyecto de Investigaci\u00f3n de Mercado.<\/p>\n\n\n\n<hr class=\"wp-block-separator has-alpha-channel-opacity\"\/>","protected":false},"excerpt":{"rendered":"<p>Top Marketing Strategy Company A well-defined marketing strategy is the foundation of any successful business. As a top marketing strategy firm, SIS International works with companies to create data-driven strategies that achieve measurable results. What differentiates successful brands from those that struggle? The answer lies in having a clear and effective marketing strategy. SIS International, &#8230; <a title=\"Empresa l\u00edder en estrategias de marketing\" class=\"read-more\" href=\"https:\/\/www.sisinternational.com\/es\/soluciones\/consultoria-estrategica\/empresa-lider-en-estrategias-de-marketing\/\" aria-label=\"Leer m\u00e1s sobre Top Marketing Strategy Company\">Leer m\u00e1s<\/a><\/p>","protected":false},"author":1,"featured_media":62554,"parent":14567,"menu_order":51,"comment_status":"closed","ping_status":"closed","template":"","meta":{"footnotes":""},"class_list":["post-54215","page","type-page","status-publish","has-post-thumbnail"],"_links":{"self":[{"href":"https:\/\/www.sisinternational.com\/es\/wp-json\/wp\/v2\/pages\/54215","targetHints":{"allow":["GET"]}}],"collection":[{"href":"https:\/\/www.sisinternational.com\/es\/wp-json\/wp\/v2\/pages"}],"about":[{"href":"https:\/\/www.sisinternational.com\/es\/wp-json\/wp\/v2\/types\/page"}],"author":[{"embeddable":true,"href":"https:\/\/www.sisinternational.com\/es\/wp-json\/wp\/v2\/users\/1"}],"replies":[{"embeddable":true,"href":"https:\/\/www.sisinternational.com\/es\/wp-json\/wp\/v2\/comments?post=54215"}],"version-history":[{"count":15,"href":"https:\/\/www.sisinternational.com\/es\/wp-json\/wp\/v2\/pages\/54215\/revisions"}],"predecessor-version":[{"id":76455,"href":"https:\/\/www.sisinternational.com\/es\/wp-json\/wp\/v2\/pages\/54215\/revisions\/76455"}],"up":[{"embeddable":true,"href":"https:\/\/www.sisinternational.com\/es\/wp-json\/wp\/v2\/pages\/14567"}],"wp:featuredmedia":[{"embeddable":true,"href":"https:\/\/www.sisinternational.com\/es\/wp-json\/wp\/v2\/media\/62554"}],"wp:attachment":[{"href":"https:\/\/www.sisinternational.com\/es\/wp-json\/wp\/v2\/media?parent=54215"}],"curies":[{"name":"wp","href":"https:\/\/api.w.org\/{rel}","templated":true}]}}