{"id":54211,"date":"2024-11-21T04:58:40","date_gmt":"2024-11-21T09:58:40","guid":{"rendered":"https:\/\/www.sisinternational.com\/?page_id=54211"},"modified":"2026-03-05T23:13:36","modified_gmt":"2026-03-06T04:13:36","slug":"la-mejor-empresa-del-grupo-de-enfoque-global","status":"publish","type":"page","link":"https:\/\/www.sisinternational.com\/es\/soluciones\/grupos-de-enfoque\/la-mejor-empresa-del-grupo-de-enfoque-global\/","title":{"rendered":"Principal empresa del grupo de enfoque global"},"content":{"rendered":"<h1 class=\"wp-block-heading\">Principal empresa del grupo de enfoque global<\/h1>\n\n\n\n<p><\/p>\n\n\n\n<figure class=\"gb-block-image gb-block-image-a416eb7d\"><img loading=\"lazy\" decoding=\"async\" width=\"1456\" height=\"816\" class=\"gb-image gb-image-a416eb7d\" src=\"https:\/\/www.sisinternational.com\/wp-content\/uploads\/2025\/09\/Focus-group-recruitment-10.jpg\" alt=\"Investigaci\u00f3n y estrategia de mercado internacional de SIS\" title=\"Focus group recruitment (10)\" srcset=\"https:\/\/www.sisinternational.com\/wp-content\/uploads\/2025\/09\/Focus-group-recruitment-10.jpg 1456w, https:\/\/www.sisinternational.com\/wp-content\/uploads\/2025\/09\/Focus-group-recruitment-10-300x168.jpg 300w, https:\/\/www.sisinternational.com\/wp-content\/uploads\/2025\/09\/Focus-group-recruitment-10-1024x574.jpg 1024w, https:\/\/www.sisinternational.com\/wp-content\/uploads\/2025\/09\/Focus-group-recruitment-10-768x430.jpg 768w, https:\/\/www.sisinternational.com\/wp-content\/uploads\/2025\/09\/Focus-group-recruitment-10-18x10.jpg 18w\" sizes=\"auto, (max-width: 1456px) 100vw, 1456px\"><\/figure>\n\n\n\n<hr class=\"wp-block-separator has-alpha-channel-opacity is-style-dots\"\/>\n\n\n\n<h3 class=\"wp-block-heading\">Una empresa l\u00edder a nivel mundial en focus group ofrece una oportunidad \u00fanica de capturar las diversas perspectivas y emociones que dan forma al comportamiento del consumidor.<\/h3>\n\n\n\n<p>\u00bfPor qu\u00e9 son fundamentales los focus groups para obtener informaci\u00f3n detallada sobre los consumidores? Proporcionan el contexto que los n\u00fameros por s\u00ed solos no pueden brindar. <a href=\"https:\/\/medium.com\/@sisinternational\/sis-international-c17160da8fac\" target=\"_blank\" rel=\"noopener\">SIS<\/a>, una de las principales empresas mundiales en materia de focus groups, ayuda a las empresas a comprender las narrativas que impulsan las decisiones de los consumidores.<\/p>\n\n\n\n<h2 class=\"wp-block-heading\">Por qu\u00e9 la investigaci\u00f3n con grupos focales es fundamental en el entorno empresarial global actual<\/h2>\n\n\n\n<p>La investigaci\u00f3n con grupos focales es esencial para comprender las motivaciones, actitudes y emociones subyacentes que influyen en el comportamiento del consumidor. Proporcionan una plataforma para que los participantes compartan sus pensamientos, experiencias y sentimientos en un entorno abierto e interactivo.&nbsp;<\/p>\n\n\n\n<p>Moreover, focus groups are particularly valuable for exploring new product concepts, testing marketing messages, and understanding the dynamics of group decision-making. A <a href=\"https:\/\/www.sisinternational.com\/es\/la-mejor-empresa-de-analisis-de-la-industria-en-nueva-york\/\" title=\"La mejor empresa de an\u00e1lisis de la industria en Nueva York\" data-wpil-monitor-id=\"1124\">top global focus group firm helps companies<\/a> leverage these insights to create strategies that resonate with their target audiences, enhance brand loyalty, and drive business success.<\/p>\n\n\n\n<h2 class=\"wp-block-heading\">\u00bfCu\u00e1les son los servicios t\u00edpicos de una empresa l\u00edder en focus group a nivel mundial?<\/h2>\n\n\n\n<figure class=\"gb-block-image gb-block-image-7e8469ff\"><img loading=\"lazy\" decoding=\"async\" width=\"1456\" height=\"816\" class=\"gb-image gb-image-7e8469ff\" src=\"https:\/\/www.sisinternational.com\/wp-content\/uploads\/2025\/09\/Focus-group-4-15.jpg\" alt=\"Investigaci\u00f3n y estrategia de mercado internacional de SIS\" title=\"Focus group 4 (15)\" srcset=\"https:\/\/www.sisinternational.com\/wp-content\/uploads\/2025\/09\/Focus-group-4-15.jpg 1456w, https:\/\/www.sisinternational.com\/wp-content\/uploads\/2025\/09\/Focus-group-4-15-300x168.jpg 300w, https:\/\/www.sisinternational.com\/wp-content\/uploads\/2025\/09\/Focus-group-4-15-1024x574.jpg 1024w, https:\/\/www.sisinternational.com\/wp-content\/uploads\/2025\/09\/Focus-group-4-15-768x430.jpg 768w, https:\/\/www.sisinternational.com\/wp-content\/uploads\/2025\/09\/Focus-group-4-15-18x10.jpg 18w\" sizes=\"auto, (max-width: 1456px) 100vw, 1456px\"><\/figure>\n\n\n\n<p><\/p>\n\n\n\n<p>One of the core <a href=\"https:\/\/www.sisinternational.com\/es\/focus-group-services-in-ny\/\" title=\"Focus Group Services in NY\" data-wpil-monitor-id=\"1294\">services offered is in-person focus groups<\/a>, donde los participantes se re\u00fanen en un entorno f\u00edsico para hablar sobre un producto, una marca o un tema en particular. Estas sesiones est\u00e1n moderadas por facilitadores experimentados que gu\u00edan la conversaci\u00f3n y se aseguran de que todos los participantes tengan la oportunidad de compartir sus pensamientos. Los grupos focales en persona permiten observar el lenguaje corporal, las expresiones faciales y la din\u00e1mica del grupo, lo que puede proporcionar un contexto adicional a las respuestas verbales de los participantes.<\/p>\n\n\n\n<p>Otra oferta popular es <strong>grupos focales en l\u00ednea<\/strong>, que brindan la flexibilidad de involucrar a participantes de diferentes ubicaciones geogr\u00e1ficas. Los grupos de discusi\u00f3n en l\u00ednea son muy \u00fatiles para las empresas que buscan informaci\u00f3n de una audiencia global diversa. Estas sesiones utilizan tecnolog\u00eda de videoconferencia para facilitar las discusiones grupales, lo que permite a los participantes interactuar en tiempo real y, al mismo tiempo, brindar la comodidad de participar desde sus hogares.<\/p>\n\n\n\n<p><strong>Grupos focales h\u00edbridos<\/strong> Combina las ventajas de los formatos presenciales y en l\u00ednea, lo que permite a las empresas interactuar con los participantes de la manera que mejor se adapte a sus necesidades de investigaci\u00f3n. Este enfoque es beneficioso para las empresas multinacionales que buscan recopilar informaci\u00f3n de m\u00faltiples regiones y, al mismo tiempo, mantener la profundidad de interacci\u00f3n que se produce con las discusiones en persona.<\/p>\n\n\n\n<h2 class=\"wp-block-heading\">Servicios esenciales proporcionados por una de las principales empresas del Focus Group a nivel mundial<\/h2>\n\n\n\n<p>A <a href=\"https:\/\/www.sisinternational.com\/es\/empresa-lider-mundial-en-investigacion-cuantitativa-de-mercados\/\" title=\"Empresa l\u00edder mundial en investigaci\u00f3n cuantitativa de mercados\" data-wpil-monitor-id=\"1054\">top global focus group<\/a> firm possesses a deep understanding of the global market landscape, which is crucial for businesses looking to expand internationally. This expertise allows them to provide contextually rich and globally relevant insights, helping companies to navigate the complexities of international markets.<\/p>\n\n\n\n<p><\/p>\n\n\n<div class=\"wp-block-image\">\n<figure class=\"aligncenter size-full\"><img loading=\"lazy\" decoding=\"async\" width=\"702\" height=\"370\" src=\"https:\/\/www.sisinternational.com\/wp-content\/uploads\/2024\/11\/Top-Global-Focus-Group-Company.png\" alt=\"Investigaci\u00f3n y estrategia de mercado internacional de SIS\" class=\"wp-image-54212\" srcset=\"https:\/\/www.sisinternational.com\/wp-content\/uploads\/2024\/11\/Top-Global-Focus-Group-Company.png 702w, https:\/\/www.sisinternational.com\/wp-content\/uploads\/2024\/11\/Top-Global-Focus-Group-Company-300x158.png 300w, https:\/\/www.sisinternational.com\/wp-content\/uploads\/2024\/11\/Top-Global-Focus-Group-Company-18x9.png 18w\" sizes=\"auto, (max-width: 702px) 100vw, 702px\" \/><\/figure>\n<\/div>\n\n\n<p><\/p>\n\n\n\n<ul class=\"wp-block-list\">\n<li><strong>Grupos focales en persona:<\/strong> Discusiones facilitadas en un entorno f\u00edsico para observar la din\u00e1mica del grupo, el lenguaje corporal y las interacciones de los participantes.<\/li>\n\n\n\n<li><strong>Grupos focales en l\u00ednea:<\/strong> Discusiones virtuales que brindan flexibilidad y permiten a las empresas recopilar informaci\u00f3n de participantes de diferentes regiones.<\/li>\n\n\n\n<li><strong>Grupos focales h\u00edbridos:<\/strong> Una combinaci\u00f3n de formatos presenciales y en l\u00ednea para capturar diversas perspectivas y al mismo tiempo garantizar un compromiso profundo.<\/li>\n\n\n\n<li><strong>Formaci\u00f3n y experiencia del moderador:<\/strong> Moderadores capacitados con experiencia en guiar debates, buscar ideas m\u00e1s profundas y garantizar que todos los participantes contribuyan de manera significativa.<\/li>\n\n\n\n<li><strong>Pruebas de concepto y comentarios sobre el producto:<\/strong> Utilizar grupos focales para probar nuevos conceptos de productos, mensajes de marketing y posicionamiento de marca antes de salir al mercado.<\/li>\n\n\n\n<li><strong>Perspectivas culturales y localizaci\u00f3n:<\/strong> Comprender c\u00f3mo los factores culturales influyen en las preferencias de los consumidores y garantizar que los productos y las estrategias de marketing tengan eco en las audiencias locales.<\/li>\n\n\n\n<li><strong>An\u00e1lisis e informes posteriores a la sesi\u00f3n:<\/strong> An\u00e1lisis exhaustivo de los debates de grupos focales, incluidos temas clave, citas de los participantes y recomendaciones pr\u00e1cticas para la estrategia empresarial.<\/li>\n<\/ul>\n\n\n\n<h2 class=\"wp-block-heading\">\u00bfCu\u00e1les son los beneficios espec\u00edficos de trabajar con una empresa l\u00edder mundial en focus group?<\/h2>\n\n\n\n<p>Working with a <a href=\"https:\/\/www.sisinternational.com\/es\/empresa-lider-mundial-en-investigacion-cualitativa\/\" title=\"Empresa l\u00edder mundial en investigaci\u00f3n cualitativa\" data-wpil-monitor-id=\"1020\">top global focus group<\/a> firm offers multiple benefits that can significantly enhance a company&#8217;s ability to understand its target audience and make informed strategic decisions. These firms provide a platform for real-time consumer feedback, helping businesses refine their products, messaging, and marketing strategies.<\/p>\n\n\n\n<ul class=\"wp-block-list\">\n<li>Desarrollan estrategias culturalmente relevantes al comprender los factores sociales y culturales \u00fanicos que influyen en las preferencias de los consumidores en diferentes regiones.<\/li>\n\n\n\n<li>Las empresas mejoran el desarrollo de productos utilizando los comentarios de los consumidores recopilados durante los grupos focales para perfeccionar las caracter\u00edsticas, el empaque y el posicionamiento del producto.<\/li>\n\n\n\n<li>Probar mensajes y campa\u00f1as en grupos focales para determinar qu\u00e9 resuena entre los consumidores antes del lanzamiento mejora la eficacia del marketing.<\/li>\n\n\n\n<li>Las empresas pueden comprender mejor la din\u00e1mica de grupo al observar c\u00f3mo los diferentes consumidores interact\u00faan, se influyen entre s\u00ed y responden a los conceptos de productos.<\/li>\n\n\n\n<li>Pueden navegar con confianza en nuevos mercados al comprender las necesidades y preferencias \u00fanicas de los consumidores en cada regi\u00f3n.<\/li>\n<\/ul>\n\n\n\n<h2 class=\"wp-block-heading\">El papel de la investigaci\u00f3n en grupos focales en el impulso de la innovaci\u00f3n y las decisiones estrat\u00e9gicas<\/h2>\n\n\n\n<figure class=\"gb-block-image gb-block-image-2509bbf3\"><img loading=\"lazy\" decoding=\"async\" width=\"1456\" height=\"816\" class=\"gb-image gb-image-2509bbf3\" src=\"https:\/\/www.sisinternational.com\/wp-content\/uploads\/2025\/09\/Focus-group-4-12.jpg\" alt=\"Investigaci\u00f3n y estrategia de mercado internacional de SIS\" title=\"Focus group 4 (12)\" srcset=\"https:\/\/www.sisinternational.com\/wp-content\/uploads\/2025\/09\/Focus-group-4-12.jpg 1456w, https:\/\/www.sisinternational.com\/wp-content\/uploads\/2025\/09\/Focus-group-4-12-300x168.jpg 300w, https:\/\/www.sisinternational.com\/wp-content\/uploads\/2025\/09\/Focus-group-4-12-1024x574.jpg 1024w, https:\/\/www.sisinternational.com\/wp-content\/uploads\/2025\/09\/Focus-group-4-12-768x430.jpg 768w, https:\/\/www.sisinternational.com\/wp-content\/uploads\/2025\/09\/Focus-group-4-12-18x10.jpg 18w\" sizes=\"auto, (max-width: 1456px) 100vw, 1456px\"><\/figure>\n\n\n\n<p><\/p>\n\n\n\n<p>Al reunir a diversos participantes en un debate facilitado, los grupos de discusi\u00f3n brindan informaci\u00f3n sobre las necesidades, preferencias y comportamientos de los consumidores, que son esenciales para el desarrollo y la comercializaci\u00f3n exitosos de productos. Los grupos de discusi\u00f3n ayudan en:&nbsp;<\/p>\n\n\n\n<h3 class=\"wp-block-heading\">Identificaci\u00f3n de las necesidades y preferencias del consumidor<\/h3>\n\n\n\n<p>Los grupos de discusi\u00f3n ayudan a las empresas a descubrir brechas en el mercado e identificar oportunidades de innovaci\u00f3n. Estos conocimientos ayudan a las empresas a crear productos que aborden problemas espec\u00edficos de los consumidores, lo que aporta valor para la empresa y el cliente.<\/p>\n\n\n\n<p>For example, a focus group might reveal that consumers are looking for a particular feature in a product that is currently missing from the market. This process improves customer satisfaction and helps <a href=\"https:\/\/www.sisinternational.com\/es\/empresa-de-evaluacion-comparativa-de-los-principales-competidores\/\" title=\"Empresa de evaluaci\u00f3n comparativa de los principales competidores\" data-wpil-monitor-id=\"1200\">companies differentiate themselves from competitors<\/a>.<\/p>\n\n\n\n<h3 class=\"wp-block-heading\">Orientaci\u00f3n en el desarrollo de productos y estrategias de marketing<\/h3>\n\n\n\n<p>Focus group <a href=\"https:\/\/www.sisinternational.com\/es\/cobertura\/las-americas\/investigacion-de-mercado-en-el-caribe\/investigacion-de-mercado-guadalupe\/\" title=\"Investigaci\u00f3n de mercado en Guadalupe\" data-wpil-monitor-id=\"6088\">research guides product development and refines marketing<\/a> strategies. Businesses can gather valuable feedback before launching their products by testing product concepts, packaging designs, and marketing messages in a focus group setting.&nbsp;<\/p>\n\n\n\n<p>Adem\u00e1s del desarrollo de productos, los grupos focales ayudan a las empresas a perfeccionar sus estrategias de marketing al proporcionar informaci\u00f3n sobre c\u00f3mo los consumidores perciben su marca y sus mensajes.&nbsp;<\/p>\n\n\n\n<h3 class=\"wp-block-heading\">Apoyo a las decisiones estrat\u00e9gicas de negocios<\/h3>\n\n\n\n<p>M\u00e1s all\u00e1 del desarrollo y el marketing de productos, la investigaci\u00f3n mediante focus group proporciona informaci\u00f3n para la toma de decisiones estrat\u00e9gicas de negocios m\u00e1s amplias. Por ejemplo, los debates en focus group pueden revelar c\u00f3mo perciben los consumidores los valores de una marca, c\u00f3mo la comparan con la competencia y qu\u00e9 factores influyen en sus decisiones de compra. Al aprovechar esta informaci\u00f3n, las empresas pueden desarrollar estrategias que se alineen con las preferencias de los consumidores, mejoren el posicionamiento de la marca y, en \u00faltima instancia, impulsen el \u00e9xito en el mercado.<\/p>\n\n\n\n<h2 class=\"wp-block-heading\">\u00bfQu\u00e9 hace que SIS International sea una de las principales empresas de focus group a nivel mundial?<\/h2>\n\n\n\n<p><a href=\"https:\/\/www.linkedin.com\/company\/sisinternationalresearch\/\" target=\"_blank\" rel=\"noopener\">SIS <\/a><span style=\"box-sizing: border-box; margin: 0px; padding: 0px;\"><a href=\"https:\/\/www.linkedin.com\/company\/sisinternationalresearch\/\" target=\"_blank\" rel=\"noopener\">Internacional<\/a><\/span> es conocida como una de las principales firmas de focus group a nivel mundial debido a su enfoque \u00fanico, su experiencia global y su compromiso de brindar informaci\u00f3n procesable. Nuestra capacidad para comprender las complejidades del comportamiento del consumidor y traducirlas en oportunidades estrat\u00e9gicas nos convierte en un socio de confianza para las empresas que buscan tener \u00e9xito en un mercado global cada vez m\u00e1s complejo.<\/p>\n\n\n\n<ul class=\"wp-block-list\">\n<li><strong>Metodolog\u00edas de grupos focales personalizados:<\/strong> Dise\u00f1amos nuestra investigaci\u00f3n de grupos focales para satisfacer las necesidades espec\u00edficas de cada cliente, garantizando que nuestros conocimientos sean significativos y pr\u00e1cticos.<\/li>\n\n\n\n<li><strong>Experiencia global y local:<\/strong> Nuestro equipo de moderadores experimentados ofrece perspectivas globales y conocimientos locales, ayudando a las empresas a navegar por los matices de los diferentes mercados.<\/li>\n\n\n\n<li><strong>Moderaci\u00f3n especializada para obtener informaci\u00f3n detallada:<\/strong> Nuestros moderadores tienen experiencia en guiar debates, buscar ideas m\u00e1s profundas y garantizar que todos los participantes contribuyan de manera significativa.<\/li>\n\n\n\n<li><strong>Informaci\u00f3n valiosa sobre el consumidor:<\/strong> Utilizamos t\u00e9cnicas avanzadas de grupos focales para descubrir las emociones, motivaciones y actitudes que impulsan el comportamiento del consumidor, proporcionando a los clientes una comprensi\u00f3n m\u00e1s profunda de su audiencia.<\/li>\n\n\n\n<li><strong>An\u00e1lisis y elaboraci\u00f3n de informes exhaustivos:<\/strong> Desde temas clave hasta recomendaciones pr\u00e1cticas, ofrecemos un an\u00e1lisis completo de los debates de grupos focales, lo que permite a nuestros clientes tomar decisiones estrat\u00e9gicas informadas.<\/li>\n\n\n\n<li><strong>Soluciones de investigaci\u00f3n innovadoras:<\/strong> Nuestro compromiso con la innovaci\u00f3n significa que utilizamos las \u00faltimas herramientas y tecnolog\u00edas para brindar informaci\u00f3n de alta calidad que ayude a nuestros clientes a mantenerse por delante de la competencia.<\/li>\n<\/ul>\n\n\n\n<h2 class=\"wp-block-heading\">Acerca de SIS Internacional<\/h2>\n\n\n\n<p><a href=\"https:\/\/www.sisinternational.com\/es\/\">SIS Internacional<\/a> ofrece investigaci\u00f3n cuantitativa, cualitativa y estrat\u00e9gica. Proporcionamos datos, herramientas, estrategias, informes y conocimientos para la toma de decisiones. Tambi\u00e9n realizamos entrevistas, encuestas, grupos focales y otros m\u00e9todos y enfoques de investigaci\u00f3n de mercado.<a href=\"https:\/\/www.sisinternational.com\/es\/sobre-la-investigacion-internacional-de-sis\/contact-sis-international-market-research\/\"> P\u00f3ngase en contacto con nosotros<\/a> para su pr\u00f3ximo proyecto de Investigaci\u00f3n de Mercado.<\/p>\n\n\n\n<hr class=\"wp-block-separator has-alpha-channel-opacity\"\/>","protected":false},"excerpt":{"rendered":"<p>Top Global Focus Group Company A top global focus group company offers a unique opportunity to capture the diverse perspectives and emotions that shape consumer behavior. Why are focus groups critical for gaining deep consumer insights? They provide the context that numbers alone cannot. SIS, a top global focus group firm, helps businesses understand the &#8230; <a title=\"Principal empresa del grupo de enfoque global\" class=\"read-more\" href=\"https:\/\/www.sisinternational.com\/es\/soluciones\/grupos-de-enfoque\/la-mejor-empresa-del-grupo-de-enfoque-global\/\" aria-label=\"Leer m\u00e1s sobre Top Global Focus Group Company\">Leer m\u00e1s<\/a><\/p>","protected":false},"author":1,"featured_media":66936,"parent":16287,"menu_order":8,"comment_status":"closed","ping_status":"closed","template":"","meta":{"footnotes":""},"class_list":["post-54211","page","type-page","status-publish","has-post-thumbnail"],"_links":{"self":[{"href":"https:\/\/www.sisinternational.com\/es\/wp-json\/wp\/v2\/pages\/54211","targetHints":{"allow":["GET"]}}],"collection":[{"href":"https:\/\/www.sisinternational.com\/es\/wp-json\/wp\/v2\/pages"}],"about":[{"href":"https:\/\/www.sisinternational.com\/es\/wp-json\/wp\/v2\/types\/page"}],"author":[{"embeddable":true,"href":"https:\/\/www.sisinternational.com\/es\/wp-json\/wp\/v2\/users\/1"}],"replies":[{"embeddable":true,"href":"https:\/\/www.sisinternational.com\/es\/wp-json\/wp\/v2\/comments?post=54211"}],"version-history":[{"count":11,"href":"https:\/\/www.sisinternational.com\/es\/wp-json\/wp\/v2\/pages\/54211\/revisions"}],"predecessor-version":[{"id":79716,"href":"https:\/\/www.sisinternational.com\/es\/wp-json\/wp\/v2\/pages\/54211\/revisions\/79716"}],"up":[{"embeddable":true,"href":"https:\/\/www.sisinternational.com\/es\/wp-json\/wp\/v2\/pages\/16287"}],"wp:featuredmedia":[{"embeddable":true,"href":"https:\/\/www.sisinternational.com\/es\/wp-json\/wp\/v2\/media\/66936"}],"wp:attachment":[{"href":"https:\/\/www.sisinternational.com\/es\/wp-json\/wp\/v2\/media?parent=54211"}],"curies":[{"name":"wp","href":"https:\/\/api.w.org\/{rel}","templated":true}]}}