{"id":54191,"date":"2024-11-27T02:27:04","date_gmt":"2024-11-27T07:27:04","guid":{"rendered":"https:\/\/www.sisinternational.com\/?page_id=54191"},"modified":"2026-03-11T12:06:28","modified_gmt":"2026-03-11T16:06:28","slug":"investigacion-de-lanzamiento-de-productos-en-nueva-york","status":"publish","type":"page","link":"https:\/\/www.sisinternational.com\/es\/pericia\/investigacion-de-mercado-de-pruebas-de-productos\/investigacion-de-lanzamiento-de-productos-en-nueva-york\/","title":{"rendered":"Investigaci\u00f3n de lanzamiento de productos en Nueva York"},"content":{"rendered":"<h1 class=\"gb-headline gb-headline-265fe60b gb-headline-text\">Investigaci\u00f3n de lanzamiento de productos en Nueva York<\/h1>\n\n\n\n<figure class=\"gb-block-image gb-block-image-537db414\"><img loading=\"lazy\" decoding=\"async\" width=\"1456\" height=\"816\" class=\"gb-image gb-image-537db414\" src=\"https:\/\/www.sisinternational.com\/wp-content\/uploads\/2025\/09\/Quantitative-reseasrch-in-London-Qualitative-research-in-London-9.jpg\" alt=\"Investigaci\u00f3n y estrategia de mercado internacional de SIS\" title=\"Quantitative reseasrch in London Qualitative research in London (9)\" srcset=\"https:\/\/www.sisinternational.com\/wp-content\/uploads\/2025\/09\/Quantitative-reseasrch-in-London-Qualitative-research-in-London-9.jpg 1456w, https:\/\/www.sisinternational.com\/wp-content\/uploads\/2025\/09\/Quantitative-reseasrch-in-London-Qualitative-research-in-London-9-300x168.jpg 300w, https:\/\/www.sisinternational.com\/wp-content\/uploads\/2025\/09\/Quantitative-reseasrch-in-London-Qualitative-research-in-London-9-1024x574.jpg 1024w, https:\/\/www.sisinternational.com\/wp-content\/uploads\/2025\/09\/Quantitative-reseasrch-in-London-Qualitative-research-in-London-9-768x430.jpg 768w, https:\/\/www.sisinternational.com\/wp-content\/uploads\/2025\/09\/Quantitative-reseasrch-in-London-Qualitative-research-in-London-9-18x10.jpg 18w\" sizes=\"auto, (max-width: 1456px) 100vw, 1456px\"><\/figure>\n\n\n\n<hr class=\"wp-block-separator has-alpha-channel-opacity is-style-dots\"\/>\n\n\n\n<h3 class=\"wp-block-heading\"><span style=\"font-weight: 400;\">Con una alta densidad de pioneros y creadores de tendencias, Nueva York ofrece informaci\u00f3n que a menudo predice tendencias m\u00e1s amplias del mercado.<\/span><\/h3>\n\n\n\n<p><span style=\"font-weight: 400;\">\u00bfQu\u00e9 pasar\u00eda si pudieras aprovechar uno de los mercados m\u00e1s innovadores del mundo antes de que tu producto llegue a las tiendas? La vibrante y diversa poblaci\u00f3n de Nueva York es el lugar perfecto para realizar una investigaci\u00f3n exhaustiva sobre el lanzamiento de un producto. Desde la recopilaci\u00f3n de comentarios sobre el atractivo de tu producto hasta el perfeccionamiento de su posicionamiento, las pruebas en Nueva York ofrecen informaci\u00f3n valiosa que puede preparar tu producto para el \u00e9xito.<\/span><\/p>\n\n\n\n<h2 class=\"wp-block-heading\"><strong>Por qu\u00e9 Nueva York es un lugar privilegiado para la investigaci\u00f3n de lanzamiento de productos<\/strong><\/h2>\n\n\n\n<p><span style=\"font-weight: 400;\">New York is well-known for being a market where trends are born. It is a hotspot for early adopters who quickly embrace innovations. <a href=\"https:\/\/www.sisinternational.com\/es\/soluciones\/prueba-de-sabor\/investigacion-de-nuevos-productos-en-nueva-york\/\" title=\"Investigaci\u00f3n de nuevos productos en Nueva York\"  data-wpil-monitor-id=\"4097\">Products that succeed in New York<\/a> often go on to set the stage for national and international success. So, by conducting product launch research in this fast-paced, trend-driven market, you can gather critical insights that reflect current consumer behavior and predict future market trends.&nbsp;<\/span><\/p>\n\n\n\n<h2 class=\"wp-block-heading\"><strong>Beneficios de la investigaci\u00f3n de lanzamiento de productos en Nueva York<\/strong><\/h2>\n\n\n\n<p><b>Perspectivas del mundo real y adaptaci\u00f3n local<\/b><b><br><\/b><b><br><\/b><span style=\"font-weight: 400;\"><span style=\"font-weight: 400;\"><a href=\"https:\/\/www.sisinternational.com\/es\/pericia\/industrias\/investigacion-de-mercado-de-medios-de-entretenimiento\/como-realizar-investigaciones-sobre-entretenimiento-y-cine-en-nueva-york\/\" title=\"C\u00f3mo realizar una investigaci\u00f3n sobre cine y entretenimiento en Nueva York\"  data-wpil-monitor-id=\"2131\">Conducting product launch research in New York<\/a> provides you with real-world insights from a highly varied consumer base. The city\u2019s market is fast-paced and trend-driven, which makes it the perfect place to adapt your product to meet local preferences. New York consumers are known for being discerning, which means their feedback is particularly valuable when determining how well your product will be received in other urban areas across the U.S.<\/span><\/span><\/p>\n\n\n\n<p><span style=\"font-weight: 400;\"><span style=\"font-weight: 400;\"><b style=\"font-size: inherit; color: var(--contrast-2); background-color: var(--base-3);\">Tiempo de comercializaci\u00f3n m\u00e1s r\u00e1pido<\/b><br><\/span><\/span><b><br><\/b><span style=\"font-weight: 400;\"><span style=\"font-weight: 400;\"><span style=\"font-weight: 400;\"><span style=\"font-weight: 400;\">En Nueva York, donde las tendencias y los intereses de los consumidores pueden cambiar r\u00e1pidamente, es esencial tomar decisiones m\u00e1s r\u00e1pidamente. Una investigaci\u00f3n eficaz garantiza la identificaci\u00f3n temprana de posibles problemas, lo que permite realizar ajustes antes de lanzar el producto a mayor escala. Este proceso simplificado ayuda a reducir el tiempo de comercializaci\u00f3n y aumenta la probabilidad de un lanzamiento exitoso.<\/span><\/span><\/span><\/span><\/p>\n\n\n\n<p><span style=\"font-weight: 400;\"><span style=\"font-weight: 400;\"><span style=\"font-weight: 400;\"><span style=\"font-weight: 400;\"><b style=\"font-size: inherit; color: var(--contrast-2); background-color: var(--base-3);\">Ventaja competitiva<\/b><br><\/span><\/span><\/span><\/span><b><br><\/b><span style=\"font-weight: 400;\">Realizar pruebas en un mercado tan diverso e influyente le permite comprender mejor los deseos y las necesidades de los consumidores. La informaci\u00f3n que obtenga le permitir\u00e1 ajustar su producto o estrategia de marketing antes de que los competidores se enteren de su oferta. El papel de Nueva York como creador de tendencias significa que los productos que triunfan aqu\u00ed suelen convertirse en l\u00edderes de la industria, lo que le da una ventaja de pionero en los mercados nacionales e incluso internacionales.<\/span><\/p>\n\n\n\n<h2 class=\"wp-block-heading\"><strong>Pasos clave para una investigaci\u00f3n eficaz del lanzamiento de un producto en Nueva York<\/strong><\/h2>\n\n\n\n<figure class=\"gb-block-image gb-block-image-bd71ffcf\"><img loading=\"lazy\" decoding=\"async\" width=\"1456\" height=\"816\" class=\"gb-image gb-image-bd71ffcf\" src=\"https:\/\/www.sisinternational.com\/wp-content\/uploads\/2025\/09\/Usability-testing-3.jpg\" alt=\"Investigaci\u00f3n y estrategia de mercado internacional de SIS\" title=\"Usability testing (3)\" srcset=\"https:\/\/www.sisinternational.com\/wp-content\/uploads\/2025\/09\/Usability-testing-3.jpg 1456w, https:\/\/www.sisinternational.com\/wp-content\/uploads\/2025\/09\/Usability-testing-3-300x168.jpg 300w, https:\/\/www.sisinternational.com\/wp-content\/uploads\/2025\/09\/Usability-testing-3-1024x574.jpg 1024w, https:\/\/www.sisinternational.com\/wp-content\/uploads\/2025\/09\/Usability-testing-3-768x430.jpg 768w, https:\/\/www.sisinternational.com\/wp-content\/uploads\/2025\/09\/Usability-testing-3-18x10.jpg 18w\" sizes=\"auto, (max-width: 1456px) 100vw, 1456px\"><\/figure>\n\n\n\n<p><\/p>\n\n\n\n<h3 class=\"wp-block-heading\"><span style=\"font-weight: 400;\">Investigaci\u00f3n de mercado previa al lanzamiento<\/span><\/h3>\n\n\n\n<p><span style=\"font-weight: 400;\">La investigaci\u00f3n de mercado previa al lanzamiento implica analizar las tendencias de los consumidores, evaluar a los competidores y comprender las necesidades locales. Esta fase ayuda a garantizar que su producto se ajuste a la demanda del mercado. Es esencial plantearse preguntas como: \u00bfConocen los consumidores la categor\u00eda de su producto? \u00bfQu\u00e9 problemas resuelve su producto? Establece las bases para todas las decisiones posteriores, lo que le permite perfeccionar el concepto de su producto y su estrategia de marketing.<\/span><\/p>\n\n\n\n<h3 class=\"wp-block-heading\"><span style=\"font-weight: 400;\">Incorporaci\u00f3n de grupos focales y encuestas<\/span><\/h3>\n\n\n\n<p><span style=\"font-weight: 400;\">Los grupos de discusi\u00f3n y las encuestas son herramientas fundamentales en la investigaci\u00f3n de lanzamiento de productos, ya que permiten recopilar directamente las opiniones de los consumidores sobre el atractivo, las caracter\u00edsticas y el dise\u00f1o de los productos. Estos m\u00e9todos son muy valiosos en Nueva York, ya que la poblaci\u00f3n diversa de la ciudad garantiza que se obtenga una amplia gama de opiniones. Los grupos de discusi\u00f3n ofrecen informaci\u00f3n cualitativa y detallada sobre las preferencias de los consumidores, mientras que las encuestas pueden proporcionar datos cuantitativos que identifican patrones y tendencias.&nbsp;<\/span><\/p>\n\n\n\n<h3 class=\"wp-block-heading\"><span style=\"font-weight: 400;\">Prueba de conceptos y prototipos de productos<\/span><\/h3>\n\n\n\n<p><span style=\"font-weight: 400;\">Al presentar una versi\u00f3n de su producto en las primeras etapas del proceso, puede descubrir posibles fallas, evaluar las reacciones de los consumidores e identificar \u00e1reas de mejora. Esta etapa le permite ajustar su producto en funci\u00f3n de los comentarios del mundo real, lo que garantiza que tenga una mejor aceptaci\u00f3n en su lanzamiento oficial. Probar conceptos y prototipos tambi\u00e9n ayuda a comprender qu\u00e9 es lo que resuena en el p\u00fablico objetivo, lo que proporciona informaci\u00f3n valiosa para refinar las caracter\u00edsticas del producto o los mensajes de marketing.<\/span><\/p>\n\n\n\n<h2 class=\"wp-block-heading\"><strong>Uso de tecnolog\u00eda y datos para mejorar la investigaci\u00f3n de lanzamiento de productos en Nueva York<\/strong><\/h2>\n\n\n\n<figure class=\"gb-block-image gb-block-image-c2c0d966\"><img loading=\"lazy\" decoding=\"async\" width=\"1024\" height=\"980\" class=\"gb-image gb-image-c2c0d966\" src=\"https:\/\/www.sisinternational.com\/wp-content\/uploads\/2024\/11\/Digital-tools-1024x980.png\" srcset=\"https:\/\/www.sisinternational.com\/wp-content\/uploads\/2024\/11\/Digital-tools-1024x980.png 1024w, https:\/\/www.sisinternational.com\/wp-content\/uploads\/2024\/11\/Digital-tools-300x287.png 300w, https:\/\/www.sisinternational.com\/wp-content\/uploads\/2024\/11\/Digital-tools-768x735.png 768w, https:\/\/www.sisinternational.com\/wp-content\/uploads\/2024\/11\/Digital-tools-1536x1471.png 1536w, https:\/\/www.sisinternational.com\/wp-content\/uploads\/2024\/11\/Digital-tools-13x12.png 13w, https:\/\/www.sisinternational.com\/wp-content\/uploads\/2024\/11\/Digital-tools.png 1905w\" sizes=\"auto, (max-width: 1024px) 100vw, 1024px\" alt=\"Investigaci\u00f3n y estrategia de mercado internacional de SIS\"><\/figure>\n\n\n\n<p><\/p>\n\n\n\n<h3 class=\"wp-block-heading\">&nbsp;<\/h3>\n\n\n\n<h3 class=\"wp-block-heading\"><span style=\"font-weight: 400;\">Herramientas digitales para retroalimentaci\u00f3n en tiempo real<\/span><\/h3>\n\n\n\n<p><span style=\"font-weight: 400;\">Las empresas pueden acceder a los datos de forma m\u00e1s r\u00e1pida y eficiente con herramientas como aplicaciones m\u00f3viles, encuestas en l\u00ednea y plataformas de escucha en redes sociales. Estas herramientas le permiten realizar un seguimiento inmediato del comportamiento y el sentimiento de los consumidores, lo que le ayuda a tomar decisiones basadas en datos sin demora. Adem\u00e1s, la integraci\u00f3n de an\u00e1lisis basados en IA puede proporcionar informaci\u00f3n m\u00e1s detallada sobre las reacciones y tendencias de los consumidores, lo que le permite refinar r\u00e1pidamente su estrategia de marketing y productos.<\/span><\/p>\n\n\n\n<h3 class=\"wp-block-heading\"><span style=\"font-weight: 400;\">Aprovechar el Big Data para obtener informaci\u00f3n sobre los consumidores<\/span><\/h3>\n\n\n\n<p><span style=\"font-weight: 400;\">Las empresas pueden descubrir informaci\u00f3n \u00fatil sobre su mercado objetivo mediante el an\u00e1lisis de patrones de compra, informaci\u00f3n demogr\u00e1fica y actividad en las redes sociales. Esta informaci\u00f3n le ayudar\u00e1 a determinar qu\u00e9 caracter\u00edsticas o elementos de su producto tienen m\u00e1s probabilidades de atraer a los consumidores. Aprovechar el big data tambi\u00e9n le permite predecir posibles cambios en el mercado y adaptar su producto y estrategia en consecuencia.<\/span><\/p>\n\n\n\n<h3 class=\"wp-block-heading\"><span style=\"font-weight: 400;\">Pruebas virtuales y paneles remotos<\/span><\/h3>\n\n\n\n<p><span style=\"font-weight: 400;\">Las plataformas de pruebas virtuales y los paneles de consumidores remotos son otro avance tecnol\u00f3gico en la investigaci\u00f3n de lanzamiento de productos. Estas herramientas digitales le permiten llegar a una audiencia m\u00e1s amplia sin restricciones geogr\u00e1ficas. La poblaci\u00f3n de Nueva York, que se mueve r\u00e1pidamente y es experta en tecnolog\u00eda, es ideal para las pruebas remotas, ya que le brinda un grupo diverso de consumidores que pueden brindar comentarios valiosos desde la comodidad de sus hogares.&nbsp;<\/span><\/p>\n\n\n\n<h3 class=\"wp-block-heading\"><strong>Ubicaci\u00f3n de las instalaciones: Ciudad de Nueva York<\/strong><\/h3>\n\n\n\n<p>\n\n\n\n<iframe loading=\"lazy\" src=\"https:\/\/www.google.com\/maps\/embed?pb=!1m18!1m12!1m3!1d3022.976188376966!2d-73.99130312499956!3d40.740549471389315!2m3!1f0!2f0!3f0!3m2!1i1024!2i768!4f13.1!3m3!1m2!1s0x89c259a15798c731%3A0xd695d09bdd495f25!2s11%20E%2022nd%20St%20FL%202%2C%20New%20York%2C%20NY%2010010%2C%20USA!5e0!3m2!1sen!2spe!4v1726171763526!5m2!1sen!2spe\" width=\"600\" height=\"450\" allowfullscreen=\"allowfullscreen\" data-mce-fragment=\"1\"><\/iframe>\n\n\n\n<\/p>\n\n\n\n<h3 class=\"wp-block-heading\">11 E 22nd Street, piso 2, Nueva York, NY 10010 T: +1(212) 505-6805<\/h3>\n\n\n\n<p>\n\n\n\n<\/p>\n\n\n\n<h4 class=\"wp-block-heading\"><strong>Aspectos destacados de la ubicaci\u00f3n:<\/strong><\/h4>\n\n\n\n<p>\n\n\n\n<\/p>\n\n\n\n<ul class=\"wp-block-list\">\n<li>\n<ul class=\"wp-block-list\">\n<li>Distrito Flatiron en Manhattan, a pasos del hist\u00f3rico edificio Flatiron y cerca de Madison Square Park y Union Square<\/li>\n<\/ul>\n<\/li>\n<\/ul>\n\n\n\n<p>\n\n\n\n<\/p>\n\n\n\n<ul class=\"wp-block-list\">\n<li>\n<ul class=\"wp-block-list\">\n<li>Ubicado centralmente en el coraz\u00f3n de la ciudad de Nueva York, una ciudad global importante y la ciudad m\u00e1s grande de los Estados Unidos<\/li>\n<\/ul>\n<\/li>\n<\/ul>\n\n\n\n<p>\n\n\n\n<\/p>\n\n\n\n<ul class=\"wp-block-list\">\n<li>\n<ul class=\"wp-block-list\">\n<li>Conveniente para numerosas opciones de transporte.<\/li>\n<\/ul>\n<\/li>\n<\/ul>\n\n\n\n<p>\n\n\n\n<\/p>\n\n\n\n<ul class=\"wp-block-list\">\n<li>\n<ul class=\"wp-block-list\">\n<li>Ubicado entre Broadway y Park Avenue en la calle 22, al lado del \u201cKey Bank\u201d<\/li>\n<\/ul>\n<\/li>\n<\/ul>\n\n\n\n<p>\n\n\n\n<\/p>\n\n\n\n<ul class=\"wp-block-list\">\n<li>\n<ul class=\"wp-block-list\">\n<li>Tren Broadway Local R \u2013 Estaci\u00f3n 22\/23<\/li>\n<\/ul>\n<\/li>\n<\/ul>\n\n\n\n<p>\n\n\n\n<\/p>\n\n\n\n<ul class=\"wp-block-list\">\n<li>\n<ul class=\"wp-block-list\">\n<li>Tren local 6 del lado este: estaci\u00f3n 23rd y Park Ave<\/li>\n<\/ul>\n<\/li>\n<\/ul>\n\n\n\n<p>\n\n\n\n<\/p>\n\n\n\n<ul class=\"wp-block-list\">\n<li>Tren local 1 del lado oeste: estaci\u00f3n 23rd y 6th Avenue<\/li>\n<\/ul>\n\n\n\n<h2 class=\"wp-block-heading\"><strong>\u00bfQu\u00e9 hace que SIS International sea una empresa l\u00edder en investigaci\u00f3n de lanzamiento de productos?<\/strong><\/h2>\n\n\n\n<p><span style=\"font-weight: 400;\">En <a href=\"https:\/\/www.linkedin.com\/company\/sisinternationalresearch\/\" target=\"_blank\" rel=\"noopener\">SIS Internacional<\/a>Ofrecemos servicios de investigaci\u00f3n de lanzamiento de productos integrales y personalizados que ayudan a las empresas a tener \u00e9xito en el competitivo mercado de Nueva York. Nuestra experiencia y conocimientos en este campo nos convierten en un socio de confianza para las empresas que buscan perfeccionar sus productos y optimizar su estrategia de mercado. A continuaci\u00f3n, se detallan las razones por las que SIS International se destaca:<\/span><\/p>\n\n\n\n<h3 class=\"wp-block-heading\"><span style=\"font-weight: 400;\">Conocimiento profundo del mercado<\/span><\/h3>\n\n\n\n<p><span style=\"font-weight: 400;\">Nuestro equipo cuenta con a\u00f1os de experiencia en la realizaci\u00f3n de investigaciones de lanzamiento de productos en diversas industrias. Aprovechamos nuestro amplio conocimiento del mercado de Nueva York para brindar informaci\u00f3n detallada sobre el comportamiento, las preferencias y las tendencias de los consumidores, lo que garantiza que su producto est\u00e9 listo para el \u00e9xito.<\/span><\/p>\n\n\n\n<h3 class=\"wp-block-heading\"><span style=\"font-weight: 400;\">Acceso a diversos paneles de consumidores<\/span><\/h3>\n\n\n\n<p><span style=\"font-weight: 400;\">La diversidad de Nueva York es una de sus mayores fortalezas, y SIS International brinda acceso a una amplia gama de paneles de consumidores. Nos aseguramos de que su producto sea probado en distintos grupos demogr\u00e1ficos para obtener una comprensi\u00f3n integral de su atractivo y sus posibles desaf\u00edos.<\/span><\/p>\n\n\n\n<h3 class=\"wp-block-heading\"><span style=\"font-weight: 400;\">Tecnolog\u00eda de punta<\/span><\/h3>\n\n\n\n<p><span style=\"font-weight: 400;\">Utilizamos las \u00faltimas herramientas y tecnolog\u00edas digitales, incluidos an\u00e1lisis basados en inteligencia artificial y sistemas de retroalimentaci\u00f3n en tiempo real, para recopilar y analizar datos de manera r\u00e1pida y eficiente. Esto le permite tomar decisiones informadas durante todo el proceso de lanzamiento de su producto.<\/span><\/p>\n\n\n\n<h3 class=\"wp-block-heading\"><span style=\"font-weight: 400;\">\u00c9xito comprobado en mercados competitivos<\/span><\/h3>\n\n\n\n<p><span style=\"font-weight: 400;\">Nuestra trayectoria habla por s\u00ed sola. Hemos ayudado a numerosas empresas a lanzar productos en Nueva York y otros mercados globales. Nuestro enfoque le permite sortear las complejidades de los entornos competitivos, garantizando que su producto se destaque y capte la atenci\u00f3n.<\/span><\/p>\n\n\n\n<h3 class=\"wp-block-heading\"><span style=\"font-weight: 400;\">An\u00e1lisis y elaboraci\u00f3n de informes exhaustivos<\/span><\/h3>\n\n\n\n<p><span style=\"font-weight: 400;\">En <a href=\"https:\/\/twitter.com\/SISIntlResearch\" target=\"_blank\" rel=\"noopener\">SIS<\/a>No solo recopilamos datos, sino que tambi\u00e9n brindamos informaci\u00f3n \u00fatil. Nuestro equipo analiza en profundidad los resultados de la investigaci\u00f3n y los presenta en informes claros y concisos, lo que le permite tomar decisiones basadas en datos que mejoren su estrategia de lanzamiento de productos.<\/span><\/p>\n\n\n\n<h3 class=\"wp-block-heading\"><span style=\"font-weight: 400;\">Equipo de consultores expertos<\/span><\/h3>\n\n\n\n<p><span style=\"font-weight: 400;\">Nuestro equipo est\u00e1 formado por consultores experimentados que son expertos en investigaci\u00f3n de mercado, desarrollo de productos y comportamiento del consumidor. Aportamos una gran cantidad de conocimientos y ofrecemos orientaci\u00f3n y apoyo en cada paso del proceso para garantizar que su producto est\u00e9 listo para su lanzamiento.<\/span><\/p>\n\n\n\n<h3 class=\"wp-block-heading\"><span style=\"font-weight: 400;\">Tiempos de respuesta r\u00e1pidos<\/span><\/h3>\n\n\n\n<p><span style=\"font-weight: 400;\">Entendemos la importancia de los tiempos en los lanzamientos de productos. Nuestro equipo se compromete a brindar r\u00e1pidamente informaci\u00f3n y recomendaciones para que pueda perfeccionar sus estrategias de marketing y productos sin demoras innecesarias.<\/span><\/p>\n\n\n\n<h3 class=\"wp-block-heading\"><span style=\"font-weight: 400;\">Alcance global con experiencia local<\/span><\/h3>\n\n\n\n<p><span style=\"font-weight: 400;\">Si bien nos especializamos en investigaci\u00f3n de mercado en Nueva York, nuestro alcance global nos permite recopilar informaci\u00f3n de todo el mundo. Esto le brinda una perspectiva m\u00e1s amplia sobre el comportamiento del consumidor y las tendencias del mercado, lo que lo ayuda a tomar decisiones estrat\u00e9gicas para los mercados locales e internacionales.<\/span><\/p>\n\n\n\n<h2 class=\"wp-block-heading\"><strong>Acerca de SIS Internacional<\/strong><\/h2>\n\n\n\n<p><a href=\"https:\/\/www.sisinternational.com\/es\/\"><span style=\"font-weight: 400;\">SIS Internacional<\/span><\/a><span style=\"font-weight: 400;\"> ofrece investigaci\u00f3n cuantitativa, cualitativa y estrat\u00e9gica. Proporcionamos datos, herramientas, estrategias, informes y conocimientos para la toma de decisiones. Tambi\u00e9n realizamos entrevistas, encuestas, grupos focales y otros m\u00e9todos y enfoques de investigaci\u00f3n de mercado.<\/span><a href=\"https:\/\/www.sisinternational.com\/es\/sobre-la-investigacion-internacional-de-sis\/contact-sis-international-market-research\/\"><span style=\"font-weight: 400;\"> P\u00f3ngase en contacto con nosotros<\/span><\/a><span style=\"font-weight: 400;\"> para su pr\u00f3ximo proyecto de Investigaci\u00f3n de Mercado.<\/span><\/p>\n\n\n\n<hr class=\"wp-block-separator has-alpha-channel-opacity\"\/>\n\n\n\n<p>\n\n\n<\/p>\n<p><!-- \/wp:post-content --><\/p>","protected":false},"excerpt":{"rendered":"<p>Product Launch Research in New York With a high density of early adopters and trendsetters, New York offers insights often predictive of broader market trends. What if you could tap into one of the world\u2019s most trend-setting markets before your product hits the shelves? New York\u2019s vibrant and diverse population is the perfect location for &#8230; <a title=\"Investigaci\u00f3n de lanzamiento de productos en Nueva York\" class=\"read-more\" href=\"https:\/\/www.sisinternational.com\/es\/pericia\/investigacion-de-mercado-de-pruebas-de-productos\/investigacion-de-lanzamiento-de-productos-en-nueva-york\/\" aria-label=\"Leer m\u00e1s sobre Product Launch Research in New York\">Leer m\u00e1s<\/a><\/p>","protected":false},"author":1,"featured_media":65969,"parent":12926,"menu_order":30,"comment_status":"closed","ping_status":"closed","template":"","meta":{"footnotes":""},"class_list":["post-54191","page","type-page","status-publish","has-post-thumbnail"],"_links":{"self":[{"href":"https:\/\/www.sisinternational.com\/es\/wp-json\/wp\/v2\/pages\/54191","targetHints":{"allow":["GET"]}}],"collection":[{"href":"https:\/\/www.sisinternational.com\/es\/wp-json\/wp\/v2\/pages"}],"about":[{"href":"https:\/\/www.sisinternational.com\/es\/wp-json\/wp\/v2\/types\/page"}],"author":[{"embeddable":true,"href":"https:\/\/www.sisinternational.com\/es\/wp-json\/wp\/v2\/users\/1"}],"replies":[{"embeddable":true,"href":"https:\/\/www.sisinternational.com\/es\/wp-json\/wp\/v2\/comments?post=54191"}],"version-history":[{"count":16,"href":"https:\/\/www.sisinternational.com\/es\/wp-json\/wp\/v2\/pages\/54191\/revisions"}],"predecessor-version":[{"id":78211,"href":"https:\/\/www.sisinternational.com\/es\/wp-json\/wp\/v2\/pages\/54191\/revisions\/78211"}],"up":[{"embeddable":true,"href":"https:\/\/www.sisinternational.com\/es\/wp-json\/wp\/v2\/pages\/12926"}],"wp:featuredmedia":[{"embeddable":true,"href":"https:\/\/www.sisinternational.com\/es\/wp-json\/wp\/v2\/media\/65969"}],"wp:attachment":[{"href":"https:\/\/www.sisinternational.com\/es\/wp-json\/wp\/v2\/media?parent=54191"}],"curies":[{"name":"wp","href":"https:\/\/api.w.org\/{rel}","templated":true}]}}