{"id":54189,"date":"2024-11-27T02:27:01","date_gmt":"2024-11-27T07:27:01","guid":{"rendered":"https:\/\/www.sisinternational.com\/?page_id=54189"},"modified":"2026-03-11T09:52:41","modified_gmt":"2026-03-11T13:52:41","slug":"pruebas-de-productos-de-consumo-en-nueva-york","status":"publish","type":"page","link":"https:\/\/www.sisinternational.com\/es\/pericia\/investigacion-de-mercado-de-pruebas-de-productos\/pruebas-de-productos-de-consumo-en-nueva-york\/","title":{"rendered":"Pruebas de productos de consumo en Nueva York"},"content":{"rendered":"<h1 class=\"gb-headline gb-headline-e0ae9896 gb-headline-text\">Pruebas de productos de consumo en Nueva York<\/h1>\n\n\n\n<figure class=\"gb-block-image gb-block-image-bd2aa86d\"><img loading=\"lazy\" decoding=\"async\" width=\"1456\" height=\"816\" class=\"gb-image gb-image-bd2aa86d\" src=\"https:\/\/www.sisinternational.com\/wp-content\/uploads\/2025\/08\/Food-taste-testing-4.jpg\" alt=\"Investigaci\u00f3n y estrategia de mercado internacional de SIS\" title=\"Food taste testing (4)\" srcset=\"https:\/\/www.sisinternational.com\/wp-content\/uploads\/2025\/08\/Food-taste-testing-4.jpg 1456w, https:\/\/www.sisinternational.com\/wp-content\/uploads\/2025\/08\/Food-taste-testing-4-300x168.jpg 300w, https:\/\/www.sisinternational.com\/wp-content\/uploads\/2025\/08\/Food-taste-testing-4-1024x574.jpg 1024w, https:\/\/www.sisinternational.com\/wp-content\/uploads\/2025\/08\/Food-taste-testing-4-768x430.jpg 768w, https:\/\/www.sisinternational.com\/wp-content\/uploads\/2025\/08\/Food-taste-testing-4-18x10.jpg 18w\" sizes=\"auto, (max-width: 1456px) 100vw, 1456px\"><\/figure>\n\n\n\n<hr class=\"wp-block-separator has-alpha-channel-opacity is-style-dots\"\/>\n\n\n\n<h3 class=\"wp-block-heading\"><span style=\"font-weight: 400;\">Las pruebas de productos de consumo en Nueva York brindan a las empresas acceso directo a diversas opiniones y conocimientos pr\u00e1cticos, lo que prepara el escenario para lanzamientos de productos impactantes y \u00e9xito en el mercado a largo plazo.<\/span><\/h3>\n\n\n\n<p><span style=\"font-weight: 400;\">\u00bfC\u00f3mo puede asegurarse de que su producto capte la atenci\u00f3n de su p\u00fablico objetivo? Realizar pruebas de productos de consumo en Nueva York es la clave para obtener informaci\u00f3n valiosa.<\/span><\/p>\n\n\n\n<h2 class=\"wp-block-heading\"><strong>La importancia de las pruebas de productos de consumo en Nueva York<\/strong><\/h2>\n\n\n\n<p><span style=\"font-weight: 400;\">Las pruebas de productos de consumo en Nueva York son fundamentales para las empresas que desean lanzar productos exitosos. Aportan informaci\u00f3n que va m\u00e1s all\u00e1 del an\u00e1lisis de mercado tradicional y ayudan a las empresas a crear ofertas que realmente tengan eco en su p\u00fablico objetivo.<\/span><\/p>\n\n\n\n<ul class=\"wp-block-list\">\n<li><b>Comprender las preferencias del consumidor<\/b><b><br><\/b><span style=\"font-weight: 400;\">Las pruebas permiten a las empresas conocer qu\u00e9 quieren y esperan los consumidores de sus productos. Estos datos ayudan a perfeccionar las caracter\u00edsticas, el dise\u00f1o y la funcionalidad para satisfacer las demandas del mercado.<\/span><\/li>\n\n\n\n<li><b>Minimizar riesgos<\/b><b><br><\/b><span style=\"font-weight: 400;\">Las pruebas de productos de consumo identifican posibles problemas antes de que un producto llegue al mercado. Al abordar estos problemas de manera temprana, las empresas pueden ahorrar tiempo, recursos y la reputaci\u00f3n de su marca.<\/span><\/li>\n\n\n\n<li><b>Optimizaci\u00f3n del ajuste al mercado<\/b><b><br><\/b><span style=\"font-weight: 400;\">Los conocimientos adquiridos a partir de las pruebas ayudan a alinear los productos con las preferencias y necesidades del p\u00fablico objetivo. Esta alineaci\u00f3n aumenta la probabilidad de adopci\u00f3n y satisfacci\u00f3n del producto.<\/span><\/li>\n\n\n\n<li><b>Adaptaci\u00f3n a las tendencias locales<\/b><b><br><\/b><span style=\"font-weight: 400;\">Nueva York es una ciudad que marca tendencias, lo que la convierte en un lugar ideal para realizar pruebas de consumo. Las empresas pueden identificar tendencias emergentes y adaptar sus productos para mantenerse por delante de sus competidores.<\/span><\/li>\n\n\n\n<li><b>Generando confianza en el consumidor<\/b><b><br><\/b><span style=\"font-weight: 400;\">Las empresas generan confianza y lealtad cuando demuestran que valoran las opiniones de los consumidores. Esta conexi\u00f3n fomenta relaciones m\u00e1s s\u00f3lidas con los clientes y mejora la percepci\u00f3n de la marca.<\/span><\/li>\n<\/ul>\n\n\n\n<h2 class=\"wp-block-heading\"><strong>Por qu\u00e9 Nueva York es ideal para las pruebas de productos de consumo<\/strong><\/h2>\n\n\n\n<figure class=\"gb-block-image gb-block-image-aaae6115\"><img loading=\"lazy\" decoding=\"async\" width=\"1456\" height=\"816\" class=\"gb-image gb-image-aaae6115\" src=\"https:\/\/www.sisinternational.com\/wp-content\/uploads\/2025\/08\/Food-taste-testing-19.jpg\" alt=\"Investigaci\u00f3n y estrategia de mercado internacional de SIS\" title=\"Food taste testing (19)\" srcset=\"https:\/\/www.sisinternational.com\/wp-content\/uploads\/2025\/08\/Food-taste-testing-19.jpg 1456w, https:\/\/www.sisinternational.com\/wp-content\/uploads\/2025\/08\/Food-taste-testing-19-300x168.jpg 300w, https:\/\/www.sisinternational.com\/wp-content\/uploads\/2025\/08\/Food-taste-testing-19-1024x574.jpg 1024w, https:\/\/www.sisinternational.com\/wp-content\/uploads\/2025\/08\/Food-taste-testing-19-768x430.jpg 768w, https:\/\/www.sisinternational.com\/wp-content\/uploads\/2025\/08\/Food-taste-testing-19-18x10.jpg 18w\" sizes=\"auto, (max-width: 1456px) 100vw, 1456px\"><\/figure>\n\n\n\n<p><\/p>\n\n\n\n<p><span style=\"font-weight: 400;\">Nueva York ofrece una combinaci\u00f3n \u00fanica de factores que la convierten en un centro incomparable para la prueba de productos de consumo. Las empresas pueden aprovechar las caracter\u00edsticas distintivas de la ciudad para recopilar informaci\u00f3n de gran impacto y perfeccionar sus productos.<\/span><\/p>\n\n\n\n<h3 class=\"wp-block-heading\"><span style=\"font-weight: 400;\">Base de consumidores diversa<\/span><\/h3>\n\n\n\n<p><span style=\"font-weight: 400;\">La poblaci\u00f3n multicultural de Nueva York abarca distintos grupos de edad, niveles de ingresos y or\u00edgenes culturales. Esta diversidad garantiza que las empresas puedan probar sus productos con una amplia gama de perfiles de consumidores, lo que les permite obtener comentarios valiosos y completos.<\/span><\/p>\n\n\n\n<h3 class=\"wp-block-heading\"><span style=\"font-weight: 400;\">Entorno que marca tendencias<\/span><\/h3>\n\n\n\n<p><span style=\"font-weight: 400;\">As a global influencer in fashion, technology, food, and more, New York is where trends begin. Conducting consumer product testing here allows businesses to gauge how their <a href=\"https:\/\/www.sisinternational.com\/es\/73903-2\/\" title=\"Turn Consumer Flavor Preferences Into Winning Products\"  data-wpil-monitor-id=\"1544\">products align with emerging consumer preferences<\/a>.<\/span><\/p>\n\n\n\n<h3 class=\"wp-block-heading\"><span style=\"font-weight: 400;\">Condiciones din\u00e1micas del mercado<\/span><\/h3>\n\n\n\n<p><span style=\"font-weight: 400;\">La naturaleza r\u00e1pida y competitiva del mercado de Nueva York impulsa a las empresas a innovar y perfeccionar sus ofertas, garantizando que cumplan con los altos est\u00e1ndares que esperan los consumidores locales.<\/span><\/p>\n\n\n\n<h3 class=\"wp-block-heading\"><span style=\"font-weight: 400;\">Acceso a instalaciones de \u00faltima generaci\u00f3n<\/span><\/h3>\n\n\n\n<p><span style=\"font-weight: 400;\">New <a href=\"https:\/\/www.sisinternational.com\/es\/soluciones\/prueba-de-sabor\/instalaciones-de-prueba-de-sabores-en-nueva-york\/\" title=\"Instalaciones para pruebas de sabor en Nueva York\"  data-wpil-monitor-id=\"4741\">York<\/a> has advanced research facilities supporting various testing methodologies, such as sensory evaluations, focus groups, and usability studies. These facilities provide businesses with the tools to conduct thorough and practical testing.<\/span><\/p>\n\n\n\n<h3 class=\"wp-block-heading\"><span style=\"font-weight: 400;\">Aplicaci\u00f3n en el mundo real<\/span><\/h3>\n\n\n\n<p><span style=\"font-weight: 400;\">El ajetreado paisaje urbano de la ciudad ofrece oportunidades para escenarios de prueba del mundo real, como proyectos piloto en tiendas minoristas, tiendas temporales y recopilaci\u00f3n de comentarios en la calle. Estos m\u00e9todos brindan informaci\u00f3n pr\u00e1ctica que los entornos de laboratorio tal vez no puedan captar.<\/span><\/p>\n\n\n\n<h3 class=\"wp-block-heading\"><span style=\"font-weight: 400;\">Relevancia global<\/span><\/h3>\n\n\n\n<p><span style=\"font-weight: 400;\">Debido a su influencia internacional, los conocimientos adquiridos en Nueva York suelen trasladarse f\u00e1cilmente a otros mercados importantes. Las empresas pueden utilizar los hallazgos de Nueva York para dise\u00f1ar estrategias en otros mercados urbanos y globales.<\/span><\/p>\n\n\n\n<h2 class=\"wp-block-heading\"><b>Beneficios de las pruebas de productos de consumo en Nueva York<\/b><\/h2>\n\n\n\n<figure class=\"gb-block-image gb-block-image-76e7c55c\"><img loading=\"lazy\" decoding=\"async\" width=\"1456\" height=\"816\" class=\"gb-image gb-image-76e7c55c\" src=\"https:\/\/www.sisinternational.com\/wp-content\/uploads\/2025\/08\/Food-taste-testing-3.jpg\" alt=\"Investigaci\u00f3n y estrategia de mercado internacional de SIS\" title=\"Food taste testing (3)\" srcset=\"https:\/\/www.sisinternational.com\/wp-content\/uploads\/2025\/08\/Food-taste-testing-3.jpg 1456w, https:\/\/www.sisinternational.com\/wp-content\/uploads\/2025\/08\/Food-taste-testing-3-300x168.jpg 300w, https:\/\/www.sisinternational.com\/wp-content\/uploads\/2025\/08\/Food-taste-testing-3-1024x574.jpg 1024w, https:\/\/www.sisinternational.com\/wp-content\/uploads\/2025\/08\/Food-taste-testing-3-768x430.jpg 768w, https:\/\/www.sisinternational.com\/wp-content\/uploads\/2025\/08\/Food-taste-testing-3-18x10.jpg 18w\" sizes=\"auto, (max-width: 1456px) 100vw, 1456px\"><\/figure>\n\n\n\n<p><\/p>\n\n\n\n<p><span style=\"font-weight: 400;\">Conducting consumer <a href=\"https:\/\/www.sisinternational.com\/es\/soluciones\/soluciones-de-investigacion-cualitativa-cuantitativa\/la-ventaja-de-probar-productos-en-nueva-york-frente-a-los-angeles\/\" title=\"La ventaja de probar productos en Nueva York en comparaci\u00f3n con Los \u00c1ngeles\"  data-wpil-monitor-id=\"1589\">product testing in New York<\/a> offers numerous advantages that can help businesses fine-tune their offerings, improve consumer satisfaction, and ensure long-term market success \u2013 and here are some key benefits:<\/span><\/p>\n\n\n\n<ul class=\"wp-block-list\">\n<li><b>Informaci\u00f3n procesable sobre el consumidor<\/b><b><br><\/b><span style=\"font-weight: 400;\">Al realizar pruebas en un mercado diverso e impulsado por las tendencias, las empresas obtienen conocimientos profundos sobre c\u00f3mo los consumidores perciben e interact\u00faan con sus productos.&nbsp;<\/span><\/li>\n\n\n\n<li><b>Mayor compromiso del consumidor<\/b><b><br><\/b><span style=\"font-weight: 400;\">Los neoyorquinos son conocidos por participar activamente en iniciativas de prueba como encuestas, pruebas de productos y sesiones de retroalimentaci\u00f3n.&nbsp;<\/span><\/li>\n\n\n\n<li><b>Identificaci\u00f3n temprana de problemas<\/b><b><br><\/b><span style=\"font-weight: 400;\">Las pruebas en condiciones reales ayudan a identificar fallas o debilidades en un producto antes de lanzarlo a mayor escala.&nbsp;<\/span><\/li>\n\n\n\n<li><b>Mayor confianza en las decisiones de lanzamiento<\/b><b><br><\/b><span style=\"font-weight: 400;\">Cuando un producto ha sido probado y perfeccionado en funci\u00f3n de los comentarios de los consumidores, las empresas pueden avanzar con mayor confianza en su estrategia de lanzamiento, sabiendo que el producto se alinea con las necesidades y expectativas de los consumidores.<\/span><\/li>\n\n\n\n<li><b>Estrategias de marketing rentables<\/b><b><br><\/b><span style=\"font-weight: 400;\">Comprender las preferencias de los consumidores a trav\u00e9s de pruebas permite a las empresas dise\u00f1ar campa\u00f1as de marketing espec\u00edficas que hablen directamente a su audiencia, lo que da como resultado esfuerzos de marketing m\u00e1s efectivos y rentables.<\/span><\/li>\n\n\n\n<li><b>Ventaja competitiva<\/b><b><br><\/b><span style=\"font-weight: 400;\">Realizar pruebas de productos de consumo en Nueva York puede dar a las empresas una ventaja sobre sus competidores. Los datos recopilados pueden utilizarse para diferenciar sus productos en el mercado y hacer que destaquen ante los consumidores.<\/span><\/li>\n\n\n\n<li><b>Lealtad y confianza a la marca<\/b><b><br><\/b><span style=\"font-weight: 400;\">Demostrar a los consumidores que sus comentarios son valiosos ayuda a generar lealtad y confianza. Esta conexi\u00f3n puede traducirse en negocios repetidos y recomendaciones positivas de boca en boca, algo invaluable para el \u00e9xito de la marca a largo plazo.<\/span><\/li>\n<\/ul>\n\n\n\n<h3 class=\"wp-block-heading\"><strong>Ubicaci\u00f3n de las instalaciones: Ciudad de Nueva York<\/strong><\/h3>\n\n\n\n<p>\n\n\n\n<iframe loading=\"lazy\" src=\"https:\/\/www.google.com\/maps\/embed?pb=!1m18!1m12!1m3!1d3022.976188376966!2d-73.99130312499956!3d40.740549471389315!2m3!1f0!2f0!3f0!3m2!1i1024!2i768!4f13.1!3m3!1m2!1s0x89c259a15798c731%3A0xd695d09bdd495f25!2s11%20E%2022nd%20St%20FL%202%2C%20New%20York%2C%20NY%2010010%2C%20USA!5e0!3m2!1sen!2spe!4v1726171763526!5m2!1sen!2spe\" width=\"600\" height=\"450\" allowfullscreen=\"allowfullscreen\" data-mce-fragment=\"1\"><\/iframe>\n\n\n\n<\/p>\n\n\n\n<h3 class=\"wp-block-heading\">11 E 22nd Street, piso 2, Nueva York, NY 10010 T: +1(212) 505-6805<\/h3>\n\n\n\n<p>\n\n\n\n<\/p>\n\n\n\n<h4 class=\"wp-block-heading\"><strong>Aspectos destacados de la ubicaci\u00f3n:<\/strong><\/h4>\n\n\n\n<p>\n\n\n\n<\/p>\n\n\n\n<ul class=\"wp-block-list\">\n<li>\n<ul class=\"wp-block-list\">\n<li>Distrito Flatiron en Manhattan, a pasos del hist\u00f3rico edificio Flatiron y cerca de Madison Square Park y Union Square<\/li>\n<\/ul>\n<\/li>\n<\/ul>\n\n\n\n<p>\n\n\n\n<\/p>\n\n\n\n<ul class=\"wp-block-list\">\n<li>\n<ul class=\"wp-block-list\">\n<li>Ubicado centralmente en el coraz\u00f3n de la ciudad de Nueva York, una ciudad global importante y la ciudad m\u00e1s grande de los Estados Unidos<\/li>\n<\/ul>\n<\/li>\n<\/ul>\n\n\n\n<p>\n\n\n\n<\/p>\n\n\n\n<ul class=\"wp-block-list\">\n<li>\n<ul class=\"wp-block-list\">\n<li>Conveniente para numerosas opciones de transporte.<\/li>\n<\/ul>\n<\/li>\n<\/ul>\n\n\n\n<p>\n\n\n\n<\/p>\n\n\n\n<ul class=\"wp-block-list\">\n<li>\n<ul class=\"wp-block-list\">\n<li>Ubicado entre Broadway y Park Avenue en la calle 22, al lado del \u201cKey Bank\u201d<\/li>\n<\/ul>\n<\/li>\n<\/ul>\n\n\n\n<p>\n\n\n\n<\/p>\n\n\n\n<ul class=\"wp-block-list\">\n<li>\n<ul class=\"wp-block-list\">\n<li>Tren Broadway Local R \u2013 Estaci\u00f3n 22\/23<\/li>\n<\/ul>\n<\/li>\n<\/ul>\n\n\n\n<p>\n\n\n\n<\/p>\n\n\n\n<ul class=\"wp-block-list\">\n<li>\n<ul class=\"wp-block-list\">\n<li>Tren local 6 del lado este: estaci\u00f3n 23rd y Park Ave<\/li>\n<\/ul>\n<\/li>\n<\/ul>\n\n\n\n<p>\n\n\n\n<\/p>\n\n\n\n<ul class=\"wp-block-list\">\n<li>Tren local 1 del lado oeste: estaci\u00f3n 23rd y 6th Avenue<\/li>\n<\/ul>\n\n\n\n<h2 class=\"wp-block-heading\"><b>\u00bfQu\u00e9 hace que SIS International sea una empresa l\u00edder en pruebas de productos de consumo?<\/b><\/h2>\n\n\n\n<p><span style=\"font-weight: 400;\">En <a href=\"https:\/\/www.linkedin.com\/company\/sisinternationalresearch\/\" target=\"_blank\" rel=\"noopener\">SIS Internacional<\/a>Ofrecemos servicios integrales de pruebas de productos de consumo que permiten a las empresas tomar decisiones informadas y mejorar sus productos. Nuestro equipo de expertos aprovecha d\u00e9cadas de experiencia y un enfoque estrat\u00e9gico para ayudar a las marcas a tener \u00e9xito en el mercado. A continuaci\u00f3n, le explicamos por qu\u00e9 SIS es el mejor socio para sus necesidades de pruebas de productos de consumo en Nueva York:<\/span><\/p>\n\n\n\n<h3 class=\"wp-block-heading\"><span style=\"font-weight: 400;\">40 a\u00f1os de experiencia<\/span><\/h3>\n\n\n\n<p><span style=\"font-weight: 400;\">Con m\u00e1s de cuatro d\u00e9cadas de experiencia en la industria, SIS International aporta una experiencia inigualable. Comprendemos las complejidades del comportamiento del consumidor y la din\u00e1mica del mercado, lo que garantiza que nuestros m\u00e9todos de prueba brinden informaci\u00f3n confiable y pr\u00e1ctica.<\/span><\/p>\n\n\n\n<h3 class=\"wp-block-heading\"><span style=\"font-weight: 400;\">Acceso a diversos paneles de consumidores<\/span><\/h3>\n\n\n\n<p><span style=\"font-weight: 400;\"><a href=\"https:\/\/twitter.com\/SISIntlResearch\" target=\"_blank\" rel=\"noopener\">SIS<\/a> tiene acceso a una amplia gama de paneles de consumidores en Nueva York, lo que le permite interactuar con su grupo demogr\u00e1fico objetivo exacto. Nuestro amplio grupo de participantes ayuda a garantizar que sus pruebas sean representativas y brinden resultados significativos.<\/span><\/p>\n\n\n\n<h3 class=\"wp-block-heading\"><span style=\"font-weight: 400;\">Instalaciones de prueba de \u00faltima generaci\u00f3n<\/span><\/h3>\n\n\n\n<p><span style=\"font-weight: 400;\">Utilizamos instalaciones de \u00faltima generaci\u00f3n y tecnolog\u00edas de prueba avanzadas para brindar informaci\u00f3n precisa y exhaustiva. Nuestros laboratorios est\u00e1n equipados para manejar diversas metodolog\u00edas de prueba, desde evaluaciones sensoriales hasta grupos de discusi\u00f3n y entrevistas en profundidad.<\/span><\/p>\n\n\n\n<h3 class=\"wp-block-heading\"><span style=\"font-weight: 400;\">Entornos de prueba del mundo real<\/span><\/h3>\n\n\n\n<p><span style=\"font-weight: 400;\">En <a href=\"https:\/\/medium.com\/@sisinternational\/sis-international-c17160da8fac\" target=\"_blank\" rel=\"noopener\">SIS<\/a>Entendemos que los factores del mundo real a menudo influyen en el comportamiento del consumidor. Para brindar informaci\u00f3n m\u00e1s aut\u00e9ntica y pr\u00e1ctica, nuestros m\u00e9todos de prueba incluyen situaciones de la vida real, como pruebas de productos en el hogar, pruebas en tiendas y encuestas en la calle.<\/span><\/p>\n\n\n\n<h3 class=\"wp-block-heading\"><span style=\"font-weight: 400;\">Informaci\u00f3n basada en datos<\/span><\/h3>\n\n\n\n<p><span style=\"font-weight: 400;\">Nuestro equipo utiliza herramientas de an\u00e1lisis avanzadas para convertir los datos sin procesar en informaci\u00f3n \u00fatil. Con nuestro an\u00e1lisis integral, comprender\u00e1 mejor el comportamiento del consumidor y tomar\u00e1 decisiones mejor informadas para el \u00e9xito de su producto.<\/span><\/p>\n\n\n\n<h3 class=\"wp-block-heading\"><span style=\"font-weight: 400;\">Alcance global con experiencia local<\/span><\/h3>\n\n\n\n<p><span style=\"font-weight: 400;\">SIS International combina experiencia global con un profundo conocimiento del mercado de Nueva York. Brindamos servicios de pruebas que ofrecen relevancia local y conocimientos m\u00e1s amplios aplicables a los mercados internacionales.<\/span><\/p>\n\n\n\n<h3 class=\"wp-block-heading\"><span style=\"font-weight: 400;\">Compromiso con los est\u00e1ndares \u00e9ticos<\/span><\/h3>\n\n\n\n<p><span style=\"font-weight: 400;\">Priorizamos la transparencia, la confidencialidad y las pr\u00e1cticas \u00e9ticas en todos nuestros procesos de evaluaci\u00f3n. Nuestros participantes conf\u00edan en nosotros porque respetamos su privacidad y nos aseguramos de que sus comentarios se utilicen de manera responsable.<\/span><\/p>\n\n\n\n<h3 class=\"wp-block-heading\"><span style=\"font-weight: 400;\">Historial de \u00e9xito comprobado<\/span><\/h3>\n\n\n\n<p><span style=\"font-weight: 400;\">Over the years, we have helped numerous brands launch successful products in New York and beyond. Our consistent success and client satisfaction speaks to the effectiveness of our consumer <a class=\"wpil_keyword_link\" href=\"https:\/\/www.sisinternational.com\/es\/soluciones\/prueba-de-sabor\/product-testing-services\/\" title=\"Product Testing Services\" data-wpil-keyword-link=\"linked\" data-wpil-monitor-id=\"174\">product testing services<\/a>.<\/span><\/p>\n\n\n\n<h2 class=\"wp-block-heading\"><strong>Acerca de SIS Internacional<\/strong><\/h2>\n\n\n\n<p><a href=\"https:\/\/www.sisinternational.com\/es\/\"><span style=\"font-weight: 400;\">SIS Internacional<\/span><\/a><span style=\"font-weight: 400;\"> ofrece investigaci\u00f3n cuantitativa, cualitativa y estrat\u00e9gica. Proporcionamos datos, herramientas, estrategias, informes y conocimientos para la toma de decisiones. Tambi\u00e9n realizamos entrevistas, encuestas, grupos focales y otros m\u00e9todos y enfoques de investigaci\u00f3n de mercado.<\/span><a href=\"https:\/\/www.sisinternational.com\/es\/sobre-la-investigacion-internacional-de-sis\/contact-sis-international-market-research\/\"><span style=\"font-weight: 400;\"> P\u00f3ngase en contacto con nosotros<\/span><\/a><span style=\"font-weight: 400;\"> para su pr\u00f3ximo proyecto de Investigaci\u00f3n de Mercado.<\/span><\/p>\n\n\n\n<hr class=\"wp-block-separator has-alpha-channel-opacity\"\/>\n\n\n\n<p>\n\n\n<\/p>\n<p><!-- \/wp:post-content --><\/p>\n<p><!-- wp:paragraph --><\/p>\n<p><!-- wp:paragraph --><\/p>\n<p><!-- \/wp:paragraph --><\/p>\n<p><!-- wp:paragraph --><\/p>\n<p><!-- \/wp:paragraph --><\/p>\n<p><!-- \/wp:paragraph --><\/p>","protected":false},"excerpt":{"rendered":"<p>Consumer Product Testing in New York Consumer product testing in New York gives companies direct access to diverse opinions and actionable insights, setting the stage for impactful product launches and long-term market success. How do you ensure your product captures the hearts of your target audience? Conducting consumer product testing in New York is the &#8230; <a title=\"Pruebas de productos de consumo en Nueva York\" class=\"read-more\" href=\"https:\/\/www.sisinternational.com\/es\/pericia\/investigacion-de-mercado-de-pruebas-de-productos\/pruebas-de-productos-de-consumo-en-nueva-york\/\" aria-label=\"Leer m\u00e1s sobre Consumer Product Testing in New York\">Leer m\u00e1s<\/a><\/p>","protected":false},"author":1,"featured_media":64707,"parent":12926,"menu_order":3,"comment_status":"closed","ping_status":"closed","template":"","meta":{"footnotes":""},"class_list":["post-54189","page","type-page","status-publish","has-post-thumbnail"],"_links":{"self":[{"href":"https:\/\/www.sisinternational.com\/es\/wp-json\/wp\/v2\/pages\/54189","targetHints":{"allow":["GET"]}}],"collection":[{"href":"https:\/\/www.sisinternational.com\/es\/wp-json\/wp\/v2\/pages"}],"about":[{"href":"https:\/\/www.sisinternational.com\/es\/wp-json\/wp\/v2\/types\/page"}],"author":[{"embeddable":true,"href":"https:\/\/www.sisinternational.com\/es\/wp-json\/wp\/v2\/users\/1"}],"replies":[{"embeddable":true,"href":"https:\/\/www.sisinternational.com\/es\/wp-json\/wp\/v2\/comments?post=54189"}],"version-history":[{"count":13,"href":"https:\/\/www.sisinternational.com\/es\/wp-json\/wp\/v2\/pages\/54189\/revisions"}],"predecessor-version":[{"id":78703,"href":"https:\/\/www.sisinternational.com\/es\/wp-json\/wp\/v2\/pages\/54189\/revisions\/78703"}],"up":[{"embeddable":true,"href":"https:\/\/www.sisinternational.com\/es\/wp-json\/wp\/v2\/pages\/12926"}],"wp:featuredmedia":[{"embeddable":true,"href":"https:\/\/www.sisinternational.com\/es\/wp-json\/wp\/v2\/media\/64707"}],"wp:attachment":[{"href":"https:\/\/www.sisinternational.com\/es\/wp-json\/wp\/v2\/media?parent=54189"}],"curies":[{"name":"wp","href":"https:\/\/api.w.org\/{rel}","templated":true}]}}