{"id":54183,"date":"2024-11-27T02:26:53","date_gmt":"2024-11-27T07:26:53","guid":{"rendered":"https:\/\/www.sisinternational.com\/?page_id=54183"},"modified":"2026-03-11T11:44:45","modified_gmt":"2026-03-11T15:44:45","slug":"investigacion-de-nuevos-productos-en-nueva-york","status":"publish","type":"page","link":"https:\/\/www.sisinternational.com\/es\/pericia\/investigacion-de-mercado-de-pruebas-de-productos\/investigacion-de-nuevos-productos-en-nueva-york\/","title":{"rendered":"Investigaci\u00f3n de nuevos productos en Nueva York"},"content":{"rendered":"<h1 class=\"gb-headline gb-headline-99e6bcf2 gb-headline-text\">Investigaci\u00f3n de nuevos productos en Nueva York<\/h1>\n\n\n\n<figure class=\"gb-block-image gb-block-image-c831a46b\"><img loading=\"lazy\" decoding=\"async\" width=\"1456\" height=\"816\" class=\"gb-image gb-image-c831a46b\" src=\"https:\/\/www.sisinternational.com\/wp-content\/uploads\/2025\/09\/Beauty-product-2.jpg\" alt=\"Investigaci\u00f3n y estrategia de mercado internacional de SIS\" title=\"Beauty product (2)\" srcset=\"https:\/\/www.sisinternational.com\/wp-content\/uploads\/2025\/09\/Beauty-product-2.jpg 1456w, https:\/\/www.sisinternational.com\/wp-content\/uploads\/2025\/09\/Beauty-product-2-300x168.jpg 300w, https:\/\/www.sisinternational.com\/wp-content\/uploads\/2025\/09\/Beauty-product-2-1024x574.jpg 1024w, https:\/\/www.sisinternational.com\/wp-content\/uploads\/2025\/09\/Beauty-product-2-768x430.jpg 768w, https:\/\/www.sisinternational.com\/wp-content\/uploads\/2025\/09\/Beauty-product-2-18x10.jpg 18w\" sizes=\"auto, (max-width: 1456px) 100vw, 1456px\"><\/figure>\n\n\n\n<hr class=\"wp-block-separator has-alpha-channel-opacity is-style-dots\"\/>\n\n\n\n<h3 class=\"wp-block-heading\"><span style=\"font-weight: 400;\">La investigaci\u00f3n de nuevos productos en Nueva York combina la din\u00e1mica base de consumidores de la ciudad con metodolog\u00edas de vanguardia para ayudar a las empresas a validar conceptos, optimizar ofertas y minimizar riesgos.<\/span><\/h3>\n\n\n\n<p><span style=\"font-weight: 400;\">\u00bfQu\u00e9 hace que un producto sea un \u00e9xito? La respuesta est\u00e1 en comprender a su audiencia y al mercado. Ah\u00ed es donde entra en juego la investigaci\u00f3n de nuevos productos en Nueva York. Con su vibrante mezcla de culturas y una base de consumidores que marca tendencias, Nueva York ofrece el entorno perfecto para recopilar informaci\u00f3n \u00fatil.&nbsp;<\/span><\/p>\n\n\n\n<h2 class=\"wp-block-heading\"><strong>Por qu\u00e9 es esencial la investigaci\u00f3n de nuevos productos<\/strong><\/h2>\n\n\n\n<p><span style=\"font-weight: 400;\">En un mercado de r\u00e1pido movimiento donde la innovaci\u00f3n es fundamental, las empresas deben asegurarse de que los datos y los conocimientos respalden sus ideas. La investigaci\u00f3n de nuevos productos en Nueva York ayuda a las empresas a crear productos que resuenen con su p\u00fablico objetivo y se destaquen de la competencia. Permite principalmente a las empresas:<\/span><\/p>\n\n\n\n<figure class=\"gb-block-image gb-block-image-37cfcccb\"><img loading=\"lazy\" decoding=\"async\" width=\"1024\" height=\"762\" class=\"gb-image gb-image-37cfcccb\" src=\"https:\/\/www.sisinternational.com\/wp-content\/uploads\/2024\/11\/New-Product-Research-1024x762.png\" srcset=\"https:\/\/www.sisinternational.com\/wp-content\/uploads\/2024\/11\/New-Product-Research-1024x762.png 1024w, https:\/\/www.sisinternational.com\/wp-content\/uploads\/2024\/11\/New-Product-Research-300x223.png 300w, https:\/\/www.sisinternational.com\/wp-content\/uploads\/2024\/11\/New-Product-Research-768x571.png 768w, https:\/\/www.sisinternational.com\/wp-content\/uploads\/2024\/11\/New-Product-Research-1536x1143.png 1536w, https:\/\/www.sisinternational.com\/wp-content\/uploads\/2024\/11\/New-Product-Research-16x12.png 16w, https:\/\/www.sisinternational.com\/wp-content\/uploads\/2024\/11\/New-Product-Research.png 1894w\" sizes=\"auto, (max-width: 1024px) 100vw, 1024px\" alt=\"Investigaci\u00f3n y estrategia de mercado internacional de SIS\"><\/figure>\n\n\n\n<p><\/p>\n\n\n\n<h3 class=\"wp-block-heading\">&nbsp;<\/h3>\n\n\n\n<h3 class=\"wp-block-heading\"><span style=\"font-weight: 400;\">Minimizar el riesgo<\/span><\/h3>\n\n\n\n<p><span style=\"font-weight: 400;\">New product <a href=\"https:\/\/www.sisinternational.com\/es\/soluciones\/consultoria-estrategica\/investigacion-de-prueba-de-concepto\/\" title=\"Investigaci\u00f3n de prueba de concepto\"  data-wpil-monitor-id=\"6824\">research reduces uncertainty by validating concepts<\/a>, ensuring that businesses invest in ideas with real market potential.<\/span><\/p>\n\n\n\n<h3 class=\"wp-block-heading\"><span style=\"font-weight: 400;\">Comprender las necesidades del consumidor<\/span><\/h3>\n\n\n\n<p><span style=\"font-weight: 400;\">Las empresas pueden dise\u00f1ar productos que ofrezcan soluciones y valor reales al comprender sus puntos d\u00e9biles.<\/span><\/p>\n\n\n\n<h3 class=\"wp-block-heading\"><span style=\"font-weight: 400;\">Optimizaci\u00f3n de las caracter\u00edsticas del producto<\/span><\/h3>\n\n\n\n<p><span style=\"font-weight: 400;\">Las empresas pueden refinar los atributos del producto, como la funcionalidad, el dise\u00f1o y el precio, mediante pruebas y an\u00e1lisis.&nbsp;<\/span><\/p>\n\n\n\n<h3 class=\"wp-block-heading\"><span style=\"font-weight: 400;\">Ventaja competitiva<\/span><\/h3>\n\n\n\n<p><span style=\"font-weight: 400;\">La investigaci\u00f3n proporciona informaci\u00f3n sobre los productos de la competencia, las brechas del mercado y las tendencias emergentes. Esta informaci\u00f3n permite a las empresas diferenciar sus ofertas y posicionarse estrat\u00e9gicamente.<\/span><\/p>\n\n\n\n<h3 class=\"wp-block-heading\"><span style=\"font-weight: 400;\">Preparaci\u00f3n para el mercado<\/span><\/h3>\n\n\n\n<p><span style=\"font-weight: 400;\">New <a href=\"https:\/\/www.sisinternational.com\/es\/cobertura\/las-americas\/cobertura-de-estados-unidos\/investigacion-de-mercado-en-iowa\/\" title=\"Investigaci\u00f3n de mercado en Iowa\"  data-wpil-monitor-id=\"5574\">producto<\/a> research ensures products are fully aligned with market demands before launch.&nbsp;<\/span><\/p>\n\n\n\n<h2 class=\"wp-block-heading\"><strong>Componentes clave de una investigaci\u00f3n eficaz de nuevos productos<\/strong><\/h2>\n\n\n\n<figure class=\"gb-block-image gb-block-image-db5cc1fb\"><img loading=\"lazy\" decoding=\"async\" width=\"1456\" height=\"816\" class=\"gb-image gb-image-db5cc1fb\" src=\"https:\/\/www.sisinternational.com\/wp-content\/uploads\/2025\/08\/Food-taste-testing-7.jpg\" alt=\"Investigaci\u00f3n y estrategia de mercado internacional de SIS\" title=\"Food taste testing (7)\" srcset=\"https:\/\/www.sisinternational.com\/wp-content\/uploads\/2025\/08\/Food-taste-testing-7.jpg 1456w, https:\/\/www.sisinternational.com\/wp-content\/uploads\/2025\/08\/Food-taste-testing-7-300x168.jpg 300w, https:\/\/www.sisinternational.com\/wp-content\/uploads\/2025\/08\/Food-taste-testing-7-1024x574.jpg 1024w, https:\/\/www.sisinternational.com\/wp-content\/uploads\/2025\/08\/Food-taste-testing-7-768x430.jpg 768w, https:\/\/www.sisinternational.com\/wp-content\/uploads\/2025\/08\/Food-taste-testing-7-18x10.jpg 18w\" sizes=\"auto, (max-width: 1456px) 100vw, 1456px\"><\/figure>\n\n\n\n<p><\/p>\n\n\n\n<p><span style=\"font-weight: 400;\">La investigaci\u00f3n de nuevos productos en Nueva York requiere un enfoque estructurado para reunir informaci\u00f3n significativa. Estos componentes eval\u00faan de forma exhaustiva el potencial del producto y su adecuaci\u00f3n al mercado.<\/span><\/p>\n\n\n\n<ol class=\"wp-block-list\">\n<li><b> An\u00e1lisis de mercado<\/b><\/li>\n<\/ol>\n\n\n\n<p><span style=\"font-weight: 400;\">Este paso implica evaluar las tendencias de la industria, los comportamientos de los consumidores y los panoramas competitivos para identificar oportunidades y amenazas relevantes para su producto.<\/span><\/p>\n\n\n\n<ol start=\"2\" class=\"wp-block-list\">\n<li><b> Perspectivas del consumidor<\/b><\/li>\n<\/ol>\n\n\n\n<p><span style=\"font-weight: 400;\">Recopilar comentarios directamente de los p\u00fablicos objetivo es fundamental. M\u00e9todos como encuestas, entrevistas y grupos de discusi\u00f3n ayudan a descubrir las necesidades, preferencias y puntos d\u00e9biles de los consumidores.<\/span><\/p>\n\n\n\n<ol start=\"3\" class=\"wp-block-list\">\n<li><b> Pruebas de concepto<\/b><\/li>\n<\/ol>\n\n\n\n<p><span style=\"font-weight: 400;\">Antes de desarrollar un producto, las empresas pueden probar conceptos para determinar su atractivo y refinar las ideas. M\u00e1s adelante, se centrar\u00e1n en las caracter\u00edsticas que m\u00e1s les importan a los consumidores.<\/span><\/p>\n\n\n\n<ol start=\"4\" class=\"wp-block-list\">\n<li><b> Prototipado y pruebas de productos<\/b><\/li>\n<\/ol>\n\n\n\n<p><span style=\"font-weight: 400;\">La creaci\u00f3n de prototipos permite a las empresas evaluar la funcionalidad, el dise\u00f1o y la facilidad de uso del producto, lo que garantiza que cumplan con las expectativas de los consumidores y brinden valor.<\/span><\/p>\n\n\n\n<ol start=\"5\" class=\"wp-block-list\">\n<li><b> An\u00e1lisis de la estrategia de precios<\/b><\/li>\n<\/ol>\n\n\n\n<p><span style=\"font-weight: 400;\">La investigaci\u00f3n ayuda a las empresas a determinar los precios \u00f3ptimos mediante el an\u00e1lisis de la disposici\u00f3n de los consumidores a pagar y las estructuras de precios competitivas.<\/span><\/p>\n\n\n\n<ol start=\"6\" class=\"wp-block-list\">\n<li><b> Comentarios sobre embalaje y marca<\/b><\/li>\n<\/ol>\n\n\n\n<p><span style=\"font-weight: 400;\">Research in this area ensures the <a href=\"https:\/\/www.sisinternational.com\/es\/cobertura\/las-americas\/cobertura-de-estados-unidos\/investigacion-de-mercado-en-kansas\/\" title=\"Investigaci\u00f3n de mercado en Kansas\"  data-wpil-monitor-id=\"5591\">product\u2019s<\/a> visual identity aligns with consumer preferences and enhances market appeal.<\/span><\/p>\n\n\n\n<ol start=\"7\" class=\"wp-block-list\">\n<li><b> Evaluaci\u00f3n comparativa competitiva<\/b><\/li>\n<\/ol>\n\n\n\n<p><span style=\"font-weight: 400;\">Comparar el nuevo producto con los competidores existentes resalta los puntos de venta \u00fanicos y las \u00e1reas de mejora, lo que garantiza la diferenciaci\u00f3n en el mercado.<\/span><\/p>\n\n\n\n<ol start=\"8\" class=\"wp-block-list\">\n<li><b> Pruebas iterativas y refinamiento<\/b><\/li>\n<\/ol>\n\n\n\n<p><span style=\"font-weight: 400;\">Las empresas pueden probar y perfeccionar repetidamente el producto bas\u00e1ndose en los comentarios, garantizando que est\u00e9 listo para el mercado antes del lanzamiento.<\/span><\/p>\n\n\n\n<h3 class=\"wp-block-heading\"><strong>Ubicaci\u00f3n de las instalaciones: Ciudad de Nueva York<\/strong><\/h3>\n\n\n\n<p>\n\n\n\n<iframe loading=\"lazy\" src=\"https:\/\/www.google.com\/maps\/embed?pb=!1m18!1m12!1m3!1d3022.976188376966!2d-73.99130312499956!3d40.740549471389315!2m3!1f0!2f0!3f0!3m2!1i1024!2i768!4f13.1!3m3!1m2!1s0x89c259a15798c731%3A0xd695d09bdd495f25!2s11%20E%2022nd%20St%20FL%202%2C%20New%20York%2C%20NY%2010010%2C%20USA!5e0!3m2!1sen!2spe!4v1726171763526!5m2!1sen!2spe\" width=\"600\" height=\"450\" allowfullscreen=\"allowfullscreen\" data-mce-fragment=\"1\"><\/iframe>\n\n\n\n<\/p>\n\n\n\n<h3 class=\"wp-block-heading\">11 E 22nd Street, piso 2, Nueva York, NY 10010 T: +1(212) 505-6805<\/h3>\n\n\n\n<p>\n\n\n\n<\/p>\n\n\n\n<h4 class=\"wp-block-heading\"><strong>Aspectos destacados de la ubicaci\u00f3n:<\/strong><\/h4>\n\n\n\n<p>\n\n\n\n<\/p>\n\n\n\n<ul class=\"wp-block-list\">\n<li>\n<ul class=\"wp-block-list\">\n<li>Distrito Flatiron en Manhattan, a pasos del hist\u00f3rico edificio Flatiron y cerca de Madison Square Park y Union Square<\/li>\n<\/ul>\n<\/li>\n<\/ul>\n\n\n\n<p>\n\n\n\n<\/p>\n\n\n\n<ul class=\"wp-block-list\">\n<li>\n<ul class=\"wp-block-list\">\n<li>Ubicado centralmente en el coraz\u00f3n de la ciudad de Nueva York, una ciudad global importante y la ciudad m\u00e1s grande de los Estados Unidos<\/li>\n<\/ul>\n<\/li>\n<\/ul>\n\n\n\n<p>\n\n\n\n<\/p>\n\n\n\n<ul class=\"wp-block-list\">\n<li>\n<ul class=\"wp-block-list\">\n<li>Conveniente para numerosas opciones de transporte.<\/li>\n<\/ul>\n<\/li>\n<\/ul>\n\n\n\n<p>\n\n\n\n<\/p>\n\n\n\n<ul class=\"wp-block-list\">\n<li>\n<ul class=\"wp-block-list\">\n<li>Ubicado entre Broadway y Park Avenue en la calle 22, al lado del \u201cKey Bank\u201d<\/li>\n<\/ul>\n<\/li>\n<\/ul>\n\n\n\n<p>\n\n\n\n<\/p>\n\n\n\n<ul class=\"wp-block-list\">\n<li>\n<ul class=\"wp-block-list\">\n<li>Tren Broadway Local R \u2013 Estaci\u00f3n 22\/23<\/li>\n<\/ul>\n<\/li>\n<\/ul>\n\n\n\n<p>\n\n\n\n<\/p>\n\n\n\n<ul class=\"wp-block-list\">\n<li>\n<ul class=\"wp-block-list\">\n<li>Tren local 6 del lado este: estaci\u00f3n 23rd y Park Ave<\/li>\n<\/ul>\n<\/li>\n<\/ul>\n\n\n\n<p>\n\n\n\n<\/p>\n\n\n\n<ul class=\"wp-block-list\">\n<li>Tren local 1 del lado oeste: estaci\u00f3n 23rd y 6th Avenue<\/li>\n<\/ul>\n\n\n\n<h2 class=\"wp-block-heading\"><strong>\u00bfQu\u00e9 hace que SIS International sea un proveedor l\u00edder en investigaci\u00f3n de nuevos productos?<\/strong><\/h2>\n\n\n\n<p><span style=\"font-weight: 400;\">Nuestro equipo proporciona los conocimientos necesarios para ayudar a las empresas a desarrollar productos que tengan \u00e9xito en sus audiencias objetivo y en los mercados competitivos. Aqu\u00ed te explicamos por qu\u00e9 <a href=\"https:\/\/www.linkedin.com\/company\/sisinternationalresearch\/\" target=\"_blank\" rel=\"noopener\">SIS Internacional<\/a> es la opci\u00f3n ideal para la investigaci\u00f3n de nuevos productos:<\/span><\/p>\n\n\n\n<h3 class=\"wp-block-heading\"><span style=\"font-weight: 400;\">D\u00e9cadas de experiencia comprobada<\/span><\/h3>\n\n\n\n<p><span style=\"font-weight: 400;\">Con m\u00e1s de 40 a\u00f1os de experiencia en investigaci\u00f3n de mercados, SIS International tiene una s\u00f3lida trayectoria en la entrega de informaci\u00f3n \u00fatil a empresas de todas las industrias.<\/span><\/p>\n\n\n\n<h3 class=\"wp-block-heading\"><span style=\"font-weight: 400;\">Soluciones de investigaci\u00f3n a medida<\/span><\/h3>\n\n\n\n<p><span style=\"font-weight: 400;\">Nuestro equipo trabaja en estrecha colaboraci\u00f3n con los clientes para dise\u00f1ar estrategias de investigaci\u00f3n personalizadas que se alineen con sus objetivos y desaf\u00edos \u00fanicos.<\/span><\/p>\n\n\n\n<h3 class=\"wp-block-heading\"><span style=\"font-weight: 400;\">Reclutamiento de participantes diversos<\/span><\/h3>\n\n\n\n<p><span style=\"font-weight: 400;\">Aprovechando la poblaci\u00f3n multicultural de Nueva York, SIS garantiza el acceso a un grupo representativo de participantes, proporcionando informaci\u00f3n que refleja los mercados del mundo real.<\/span><\/p>\n\n\n\n<h3 class=\"wp-block-heading\"><span style=\"font-weight: 400;\">Instalaciones de vanguardia<\/span><\/h3>\n\n\n\n<p><span style=\"font-weight: 400;\"><a href=\"https:\/\/twitter.com\/SISIntlResearch\" target=\"_blank\" rel=\"noopener\">SIS<\/a> ofrece instalaciones de investigaci\u00f3n de \u00faltima generaci\u00f3n para grupos focales, pruebas de productos y evaluaciones sensoriales, garantizando condiciones \u00f3ptimas para una investigaci\u00f3n impactante.<\/span><\/p>\n\n\n\n<h3 class=\"wp-block-heading\"><span style=\"font-weight: 400;\">Equipo experto de especialistas<\/span><\/h3>\n\n\n\n<p><span style=\"font-weight: 400;\">Nuestros investigadores, moderadores y analistas experimentados aportan conocimiento de la industria y habilidades avanzadas a cada proyecto.<\/span><\/p>\n\n\n\n<h3 class=\"wp-block-heading\"><span style=\"font-weight: 400;\">Informaci\u00f3n integral del mercado<\/span><\/h3>\n\n\n\n<p><span style=\"font-weight: 400;\"><a href=\"https:\/\/medium.com\/@sisinternational\/sis-international-c17160da8fac\" target=\"_blank\" rel=\"noopener\">SIS<\/a> va m\u00e1s all\u00e1 de los datos brutos, ofreciendo an\u00e1lisis detallados y recomendaciones que permiten a los clientes tomar decisiones seguras.<\/span><\/p>\n\n\n\n<h3 class=\"wp-block-heading\"><span style=\"font-weight: 400;\">Escalabilidad para todas las empresas<\/span><\/h3>\n\n\n\n<p><span style=\"font-weight: 400;\">Ya sea que trabaje con empresas emergentes o corporaciones multinacionales, SIS ofrece soluciones de investigaci\u00f3n escalables para satisfacer diversas necesidades y presupuestos.<\/span><\/p>\n\n\n\n<h3 class=\"wp-block-heading\"><span style=\"font-weight: 400;\">Ubicaci\u00f3n estrat\u00e9gica en Nueva York<\/span><\/h3>\n\n\n\n<p><span style=\"font-weight: 400;\">Ubicado en una de las ciudades m\u00e1s din\u00e1micas del mundo, SIS ofrece un acceso incomparable a diversos mercados y comportamientos de consumo que marcan tendencia.<\/span><\/p>\n\n\n\n<h3 class=\"wp-block-heading\"><span style=\"font-weight: 400;\">Compromiso con la calidad y la precisi\u00f3n<\/span><\/h3>\n\n\n\n<p><span style=\"font-weight: 400;\">En SIS, priorizamos la precisi\u00f3n y la confiabilidad en cada proyecto de investigaci\u00f3n, garantizando que los clientes reciban informaci\u00f3n en la que puedan confiar.<\/span><\/p>\n\n\n\n<h3 class=\"wp-block-heading\"><span style=\"font-weight: 400;\">\u00c9xito comprobado con las mejores marcas<\/span><\/h3>\n\n\n\n<p><span style=\"font-weight: 400;\">SIS International is a trusted partner to leading global brands, delivering <a href=\"https:\/\/www.sisinternational.com\/es\/cobertura\/las-americas\/cobertura-de-estados-unidos\/investigacion-de-mercado-en-hawai\/\" title=\"Investigaci\u00f3n de mercado en Haw\u00e1i\" data-wpil-monitor-id=\"5608\">research that drives product innovation and market<\/a> success.<\/span><\/p>\n\n\n\n<h2 class=\"wp-block-heading\"><strong>Acerca de SIS Internacional<\/strong><\/h2>\n\n\n\n<p><a href=\"https:\/\/www.sisinternational.com\/es\/\"><span style=\"font-weight: 400;\">SIS Internacional<\/span><\/a><span style=\"font-weight: 400;\"> ofrece investigaci\u00f3n cuantitativa, cualitativa y estrat\u00e9gica. Proporcionamos datos, herramientas, estrategias, informes y conocimientos para la toma de decisiones. Tambi\u00e9n realizamos entrevistas, encuestas, grupos focales y otros m\u00e9todos y enfoques de investigaci\u00f3n de mercado.<\/span><a href=\"https:\/\/www.sisinternational.com\/es\/sobre-la-investigacion-internacional-de-sis\/contact-sis-international-market-research\/\"><span style=\"font-weight: 400;\"> P\u00f3ngase en contacto con nosotros<\/span><\/a><span style=\"font-weight: 400;\"> para su pr\u00f3ximo proyecto de Investigaci\u00f3n de Mercado.<\/span><\/p>\n\n\n\n<hr class=\"wp-block-separator has-alpha-channel-opacity\"\/>\n\n\n\n<p>\n\n\n<\/p>\n<p><!-- \/wp:post-content --><\/p>","protected":false},"excerpt":{"rendered":"<p>New Product Research in New York New product research in New York combines the city\u2019s dynamic consumer base with cutting-edge methodologies to help businesses validate concepts, optimize offerings, and minimize risks. What makes a product a hit? The answer lies in understanding your audience and the market. That\u2019s where new product research in New York &#8230; <a title=\"Investigaci\u00f3n de nuevos productos en Nueva York\" class=\"read-more\" href=\"https:\/\/www.sisinternational.com\/es\/pericia\/investigacion-de-mercado-de-pruebas-de-productos\/investigacion-de-nuevos-productos-en-nueva-york\/\" aria-label=\"Leer m\u00e1s sobre New Product Research in New York\">Leer m\u00e1s<\/a><\/p>","protected":false},"author":1,"featured_media":68805,"parent":12926,"menu_order":28,"comment_status":"closed","ping_status":"closed","template":"","meta":{"footnotes":""},"class_list":["post-54183","page","type-page","status-publish","has-post-thumbnail"],"_links":{"self":[{"href":"https:\/\/www.sisinternational.com\/es\/wp-json\/wp\/v2\/pages\/54183","targetHints":{"allow":["GET"]}}],"collection":[{"href":"https:\/\/www.sisinternational.com\/es\/wp-json\/wp\/v2\/pages"}],"about":[{"href":"https:\/\/www.sisinternational.com\/es\/wp-json\/wp\/v2\/types\/page"}],"author":[{"embeddable":true,"href":"https:\/\/www.sisinternational.com\/es\/wp-json\/wp\/v2\/users\/1"}],"replies":[{"embeddable":true,"href":"https:\/\/www.sisinternational.com\/es\/wp-json\/wp\/v2\/comments?post=54183"}],"version-history":[{"count":14,"href":"https:\/\/www.sisinternational.com\/es\/wp-json\/wp\/v2\/pages\/54183\/revisions"}],"predecessor-version":[{"id":80400,"href":"https:\/\/www.sisinternational.com\/es\/wp-json\/wp\/v2\/pages\/54183\/revisions\/80400"}],"up":[{"embeddable":true,"href":"https:\/\/www.sisinternational.com\/es\/wp-json\/wp\/v2\/pages\/12926"}],"wp:featuredmedia":[{"embeddable":true,"href":"https:\/\/www.sisinternational.com\/es\/wp-json\/wp\/v2\/media\/68805"}],"wp:attachment":[{"href":"https:\/\/www.sisinternational.com\/es\/wp-json\/wp\/v2\/media?parent=54183"}],"curies":[{"name":"wp","href":"https:\/\/api.w.org\/{rel}","templated":true}]}}