{"id":54178,"date":"2024-11-27T02:26:00","date_gmt":"2024-11-27T07:26:00","guid":{"rendered":"https:\/\/www.sisinternational.com\/?page_id=54178"},"modified":"2026-01-26T18:54:07","modified_gmt":"2026-01-26T23:54:07","slug":"grupos-de-discusion-para-cata-de-sabores-en-nueva-york","status":"publish","type":"page","link":"https:\/\/www.sisinternational.com\/es\/soluciones\/prueba-de-sabor\/grupos-de-discusion-para-cata-de-sabores-en-nueva-york\/","title":{"rendered":"Grupos de discusi\u00f3n para cata de sabores en Nueva York"},"content":{"rendered":"<h1 class=\"wp-block-heading\">Grupos de discusi\u00f3n para cata de sabores en Nueva York<\/h1>\n\n\n\n<figure class=\"gb-block-image gb-block-image-baef9ce2\"><img loading=\"lazy\" decoding=\"async\" width=\"1456\" height=\"816\" class=\"gb-image gb-image-baef9ce2\" src=\"https:\/\/www.sisinternational.com\/wp-content\/uploads\/2025\/09\/Focus-group-4-13.jpg\" alt=\"Investigaci\u00f3n y estrategia de mercado internacional de SIS\" title=\"Focus group 4 (13)\" srcset=\"https:\/\/www.sisinternational.com\/wp-content\/uploads\/2025\/09\/Focus-group-4-13.jpg 1456w, https:\/\/www.sisinternational.com\/wp-content\/uploads\/2025\/09\/Focus-group-4-13-300x168.jpg 300w, https:\/\/www.sisinternational.com\/wp-content\/uploads\/2025\/09\/Focus-group-4-13-1024x574.jpg 1024w, https:\/\/www.sisinternational.com\/wp-content\/uploads\/2025\/09\/Focus-group-4-13-768x430.jpg 768w, https:\/\/www.sisinternational.com\/wp-content\/uploads\/2025\/09\/Focus-group-4-13-18x10.jpg 18w\" sizes=\"auto, (max-width: 1456px) 100vw, 1456px\"><\/figure>\n\n\n\n<hr class=\"wp-block-separator has-alpha-channel-opacity is-style-dots\"\/>\n\n\n\n<h3 class=\"wp-block-heading\"><span style=\"font-weight: 400;\">Los grupos focales para degustaciones en Nueva York ofrecen una oportunidad incomparable de recopilar informaci\u00f3n valiosa y cualitativa directamente de diversos p\u00fablicos.<\/span><\/h3>\n\n\n\n<p><span style=\"font-weight: 400;\">Para lanzar un producto alimenticio exitoso se necesita algo m\u00e1s que un buen sabor: se necesita un profundo conocimiento de las preferencias de los consumidores. Aqu\u00ed es donde entran en juego los grupos de debate para la degustaci\u00f3n en Nueva York. Como una de las ciudades m\u00e1s diversas del mundo, Nueva York ofrece acceso a un amplio espectro de opiniones y perspectivas culturales, lo que la convierte en un lugar ideal para la investigaci\u00f3n de la degustaci\u00f3n.&nbsp;<\/span><\/p>\n\n\n\n<h2 class=\"wp-block-heading\"><strong>El papel de los grupos de discusi\u00f3n en la cata de sabores<\/strong><\/h2>\n\n\n\n<figure class=\"gb-block-image gb-block-image-9e3171a3\"><img loading=\"lazy\" decoding=\"async\" width=\"1456\" height=\"816\" class=\"gb-image gb-image-9e3171a3\" src=\"https:\/\/www.sisinternational.com\/wp-content\/uploads\/2025\/09\/Focus-group-4-18.jpg\" alt=\"Investigaci\u00f3n y estrategia de mercado internacional de SIS\" title=\"Focus group 4 (18)\" srcset=\"https:\/\/www.sisinternational.com\/wp-content\/uploads\/2025\/09\/Focus-group-4-18.jpg 1456w, https:\/\/www.sisinternational.com\/wp-content\/uploads\/2025\/09\/Focus-group-4-18-300x168.jpg 300w, https:\/\/www.sisinternational.com\/wp-content\/uploads\/2025\/09\/Focus-group-4-18-1024x574.jpg 1024w, https:\/\/www.sisinternational.com\/wp-content\/uploads\/2025\/09\/Focus-group-4-18-768x430.jpg 768w, https:\/\/www.sisinternational.com\/wp-content\/uploads\/2025\/09\/Focus-group-4-18-18x10.jpg 18w\" sizes=\"auto, (max-width: 1456px) 100vw, 1456px\"><\/figure>\n\n\n\n<p><\/p>\n\n\n\n<p><span style=\"font-weight: 400;\">Los grupos de discusi\u00f3n fomentan debates din\u00e1micos en los que los participantes comparten sus opiniones, emociones y contextos culturales que influyen en sus preferencias. Esto los convierte en herramientas invaluables para comprender el \u201cpor qu\u00e9\u201d de las decisiones de los consumidores.<\/span><\/p>\n\n\n\n<p><span style=\"font-weight: 400;\">A menudo se anima a los participantes a que describan sabores, texturas y regustos en detalle, lo que ayuda a las marcas a identificar los atributos clave que resuenan con su audiencia. Otra ventaja de los focus group es su capacidad para simular condiciones del mundo real. Al incorporar elementos como la marca, el empaque o las combinaciones sugeridas, las empresas pueden comprender mejor c\u00f3mo se desempe\u00f1ar\u00e1 su producto en un mercado competitivo.<\/span><\/p>\n\n\n\n<h2 class=\"wp-block-heading\"><strong>Por qu\u00e9 Nueva York es ideal para los grupos focales<\/strong><\/h2>\n\n\n\n<p><span style=\"font-weight: 400;\">New York is an exceptional location for conducting <a href=\"https:\/\/www.sisinternational.com\/es\/soluciones\/soluciones-de-investigacion-cualitativa-cuantitativa\/pruebas-de-ubicacion-central-vs-grupos-focales\/\" title=\"Pruebas de ubicaci\u00f3n central vs. grupos focales\"  data-wpil-monitor-id=\"1582\">focus groups for taste testing<\/a> due to its unmatched diversity and culinary influence. It offers the following benefits:<\/span><\/p>\n\n\n\n<figure class=\"gb-block-image gb-block-image-24c4da74\"><img loading=\"lazy\" decoding=\"async\" width=\"2081\" height=\"1633\" class=\"gb-image gb-image-24c4da74\" src=\"https:\/\/www.sisinternational.com\/wp-content\/uploads\/2024\/11\/Culinary-insights.png\" srcset=\"https:\/\/www.sisinternational.com\/wp-content\/uploads\/2024\/11\/Culinary-insights.png 2081w, https:\/\/www.sisinternational.com\/wp-content\/uploads\/2024\/11\/Culinary-insights-300x235.png 300w, https:\/\/www.sisinternational.com\/wp-content\/uploads\/2024\/11\/Culinary-insights-1024x804.png 1024w, https:\/\/www.sisinternational.com\/wp-content\/uploads\/2024\/11\/Culinary-insights-768x603.png 768w, https:\/\/www.sisinternational.com\/wp-content\/uploads\/2024\/11\/Culinary-insights-1536x1205.png 1536w, https:\/\/www.sisinternational.com\/wp-content\/uploads\/2024\/11\/Culinary-insights-2048x1607.png 2048w, https:\/\/www.sisinternational.com\/wp-content\/uploads\/2024\/11\/Culinary-insights-15x12.png 15w\" sizes=\"auto, (max-width: 2081px) 100vw, 2081px\" alt=\"Investigaci\u00f3n y estrategia de mercado internacional de SIS\"><\/figure>\n\n\n\n<p><\/p>\n\n\n\n<ol class=\"wp-block-list\">\n<li><b> Un panorama demogr\u00e1fico diverso<\/b><\/li>\n<\/ol>\n\n\n\n<p><span style=\"font-weight: 400;\">En Nueva York conviven una amplia variedad de culturas, etnias y grupos de edad. Esta diversidad permite que los grupos de discusi\u00f3n recaben informaci\u00f3n de diversos segmentos de consumidores, lo que garantiza una comprensi\u00f3n integral de c\u00f3mo los distintos p\u00fablicos perciben el gusto, el sabor y la textura.<\/span><\/p>\n\n\n\n<ol start=\"2\" class=\"wp-block-list\">\n<li><b> Un centro de tendencias culinarias<\/b><\/li>\n<\/ol>\n\n\n\n<p><span style=\"font-weight: 400;\">Conducting focus groups here means tapping into a consumer base often exposed to new trends, making it ideal for <a href=\"https:\/\/www.sisinternational.com\/es\/soluciones\/prueba-de-sabor\/instalaciones-de-prueba-de-sabores-en-nueva-york\/\" title=\"Instalaciones para pruebas de sabor en Nueva York\"  data-wpil-monitor-id=\"7132\">testing cutting-edge flavors<\/a> and concepts.<\/span><\/p>\n\n\n\n<ol start=\"3\" class=\"wp-block-list\">\n<li><b> Acceso a entusiastas y expertos en alimentaci\u00f3n<\/b><\/li>\n<\/ol>\n\n\n\n<p><span style=\"font-weight: 400;\">La ciudad est\u00e1 repleta de entusiastas de la comida, profesionales culinarios y comensales aventureros que brindan informaci\u00f3n valiosa durante los grupos de discusi\u00f3n. Sus comentarios pueden ser fundamentales para perfeccionar productos gourmet o introducir nuevas cocinas.<\/span><\/p>\n\n\n\n<ol start=\"4\" class=\"wp-block-list\">\n<li><b> Proximidad a los principales mercados de consumo<\/b><\/li>\n<\/ol>\n\n\n\n<p><span style=\"font-weight: 400;\">La ubicaci\u00f3n de Nueva York brinda un f\u00e1cil acceso a los mercados de consumo vecinos, incluidos los p\u00fablicos urbanos y suburbanos. Esto permite probar productos con un alcance m\u00e1s amplio y, al mismo tiempo, mantener la conveniencia log\u00edstica.<\/span><\/p>\n\n\n\n<ol start=\"5\" class=\"wp-block-list\">\n<li><b> Reflejo de los mercados globales<\/b><\/li>\n<\/ol>\n\n\n\n<p><span style=\"font-weight: 400;\">Las diversas opiniones que se recogen en Nueva York suelen reflejar tendencias mundiales m\u00e1s amplias, lo que permite aplicar los conocimientos a otras regiones. Realizar pruebas aqu\u00ed ofrece a las empresas una ventaja para prepararse para los mercados internacionales.<\/span><\/p>\n\n\n\n<h2 class=\"wp-block-heading\"><strong>Ideas claves extra\u00eddas de los grupos de discusi\u00f3n<\/strong><\/h2>\n\n\n\n<figure class=\"gb-block-image gb-block-image-f033a0a5\"><img loading=\"lazy\" decoding=\"async\" width=\"1456\" height=\"816\" class=\"gb-image gb-image-f033a0a5\" src=\"https:\/\/www.sisinternational.com\/wp-content\/uploads\/2025\/09\/Focus-group-4-3.jpg\" alt=\"Investigaci\u00f3n y estrategia de mercado internacional de SIS\" title=\"Focus group 4 (3)\" srcset=\"https:\/\/www.sisinternational.com\/wp-content\/uploads\/2025\/09\/Focus-group-4-3.jpg 1456w, https:\/\/www.sisinternational.com\/wp-content\/uploads\/2025\/09\/Focus-group-4-3-300x168.jpg 300w, https:\/\/www.sisinternational.com\/wp-content\/uploads\/2025\/09\/Focus-group-4-3-1024x574.jpg 1024w, https:\/\/www.sisinternational.com\/wp-content\/uploads\/2025\/09\/Focus-group-4-3-768x430.jpg 768w, https:\/\/www.sisinternational.com\/wp-content\/uploads\/2025\/09\/Focus-group-4-3-18x10.jpg 18w\" sizes=\"auto, (max-width: 1456px) 100vw, 1456px\"><\/figure>\n\n\n\n<p><\/p>\n\n\n\n<p><span style=\"font-weight: 400;\">Focus groups offer a deeper understanding of consumer behaviors, expectations, and emotional connections to products. Here are the primary types of insights gained through <a href=\"https:\/\/www.sisinternational.com\/es\/soluciones\/grupos-de-enfoque\/grupos-de-discusion-en-nueva-york-para-probar-productos-para-personas-mayores\/\" title=\"Aprovechar los grupos de discusi\u00f3n de la ciudad de Nueva York para probar productos para personas mayores \u00a0\"  data-wpil-monitor-id=\"1865\">focus groups for taste testing<\/a> in New York:<\/span><\/p>\n\n\n\n<ul class=\"wp-block-list\">\n<li><b>Preferencias de sabor y textura: <\/b><span style=\"font-weight: 400;\">Los participantes brindan comentarios detallados sobre los perfiles de sabor, la textura y las experiencias de sabor en general.&nbsp;<\/span><\/li>\n\n\n\n<li><b>Influencias culturales y emocionales: <\/b><span style=\"font-weight: 400;\">Los grupos focales revelan c\u00f3mo los antecedentes culturales, las experiencias personales y las emociones influyen en las preferencias gustativas.&nbsp;<\/span><\/li>\n\n\n\n<li><b>Necesidades insatisfechas y brechas del mercado: <\/b><span style=\"font-weight: 400;\">Las discusiones a menudo revelan necesidades no satisfechas o insatisfacci\u00f3n con las ofertas actuales del mercado.&nbsp;<\/span><\/li>\n\n\n\n<li><b>Reacciones a las variaciones del producto: <\/b><span style=\"font-weight: 400;\">Probar m\u00faltiples variaciones de producto dentro de una sola sesi\u00f3n permite a las empresas identificar qu\u00e9 versi\u00f3n atrae m\u00e1s a los participantes.&nbsp;<\/span><\/li>\n\n\n\n<li><b>Percepciones de marca y embalaje: <\/b><span style=\"font-weight: 400;\">La incorporaci\u00f3n de elementos de marca o empaques en las sesiones de grupos focales proporciona informaci\u00f3n sobre c\u00f3mo estos factores influyen en las decisiones de los consumidores.&nbsp;<\/span><\/li>\n\n\n\n<li><b>An\u00e1lisis comparativo de productos: <\/b><span style=\"font-weight: 400;\">Las empresas pueden identificar sus fortalezas y debilidades comparando un producto con las ofertas de la competencia.&nbsp;<\/span><\/li>\n\n\n\n<li><b>Respuestas emocionales al gusto: <\/b><span style=\"font-weight: 400;\">Los focus groups ayudan a captar respuestas emocionales que son dif\u00edciles de cuantificar en las encuestas. Frases como \u201creconfortante\u201d, \u201cemocionante\u201d o \u201crefrescante\u201d brindan informaci\u00f3n cualitativa sobre c\u00f3mo un producto resuena en un nivel m\u00e1s profundo.<\/span><\/li>\n<\/ul>\n\n\n\n<h3 class=\"wp-block-heading\"><strong>Ubicaci\u00f3n de las instalaciones: Ciudad de Nueva York<\/strong><\/h3>\n\n\n\n<p>\n\n\n\n<iframe loading=\"lazy\" src=\"https:\/\/www.google.com\/maps\/embed?pb=!1m18!1m12!1m3!1d3022.976188376966!2d-73.99130312499956!3d40.740549471389315!2m3!1f0!2f0!3f0!3m2!1i1024!2i768!4f13.1!3m3!1m2!1s0x89c259a15798c731%3A0xd695d09bdd495f25!2s11%20E%2022nd%20St%20FL%202%2C%20New%20York%2C%20NY%2010010%2C%20USA!5e0!3m2!1sen!2spe!4v1726171763526!5m2!1sen!2spe\" width=\"600\" height=\"450\" allowfullscreen=\"allowfullscreen\" data-mce-fragment=\"1\"><\/iframe>\n\n\n\n<\/p>\n\n\n\n<h3 class=\"wp-block-heading\">11 E 22nd Street, piso 2, Nueva York, NY 10010 T: +1(212) 505-6805<\/h3>\n\n\n\n<p>\n\n\n\n<\/p>\n\n\n\n<h4 class=\"wp-block-heading\"><strong>Aspectos destacados de la ubicaci\u00f3n:<\/strong><\/h4>\n\n\n\n<p>\n\n\n\n<\/p>\n\n\n\n<ul class=\"wp-block-list\">\n<li>\n<ul class=\"wp-block-list\">\n<li>Distrito Flatiron en Manhattan, a pasos del hist\u00f3rico edificio Flatiron y cerca de Madison Square Park y Union Square<\/li>\n<\/ul>\n<\/li>\n<\/ul>\n\n\n\n<p>\n\n\n\n<\/p>\n\n\n\n<ul class=\"wp-block-list\">\n<li>\n<ul class=\"wp-block-list\">\n<li>Ubicado centralmente en el coraz\u00f3n de la ciudad de Nueva York, una ciudad global importante y la ciudad m\u00e1s grande de los Estados Unidos<\/li>\n<\/ul>\n<\/li>\n<\/ul>\n\n\n\n<p>\n\n\n\n<\/p>\n\n\n\n<ul class=\"wp-block-list\">\n<li>\n<ul class=\"wp-block-list\">\n<li>Conveniente para numerosas opciones de transporte.<\/li>\n<\/ul>\n<\/li>\n<\/ul>\n\n\n\n<p>\n\n\n\n<\/p>\n\n\n\n<ul class=\"wp-block-list\">\n<li>\n<ul class=\"wp-block-list\">\n<li>Ubicado entre Broadway y Park Avenue en la calle 22, al lado del \u201cKey Bank\u201d<\/li>\n<\/ul>\n<\/li>\n<\/ul>\n\n\n\n<p>\n\n\n\n<\/p>\n\n\n\n<ul class=\"wp-block-list\">\n<li>\n<ul class=\"wp-block-list\">\n<li>Tren Broadway Local R \u2013 Estaci\u00f3n 22\/23<\/li>\n<\/ul>\n<\/li>\n<\/ul>\n\n\n\n<p>\n\n\n\n<\/p>\n\n\n\n<ul class=\"wp-block-list\">\n<li>\n<ul class=\"wp-block-list\">\n<li>Tren local 6 del lado este: estaci\u00f3n 23rd y Park Ave<\/li>\n<\/ul>\n<\/li>\n<\/ul>\n\n\n\n<p>\n\n\n\n<\/p>\n\n\n\n<ul class=\"wp-block-list\">\n<li>Tren local 1 del lado oeste: estaci\u00f3n 23rd y 6th Avenue<\/li>\n<\/ul>\n\n\n\n<h2 class=\"wp-block-heading\"><strong>\u00bfQu\u00e9 hace que SIS International sea un proveedor l\u00edder de grupos focales?<\/strong><\/h2>\n\n\n\n<p><span style=\"font-weight: 400;\"><a href=\"https:\/\/www.linkedin.com\/company\/sisinternationalresearch\/\" target=\"_blank\" rel=\"noopener\">SIS Internacional<\/a> se ha consolidado como un l\u00edder de confianza en la realizaci\u00f3n de grupos de debate para pruebas de sabor en Nueva York. Con d\u00e9cadas de experiencia y un historial comprobado, SIS ofrece informaci\u00f3n y resultados incomparables para las empresas que buscan perfeccionar sus ofertas de alimentos y bebidas. Estas son las razones por las que SIS se destaca:<\/span><\/p>\n\n\n\n<h3 class=\"wp-block-heading\"><span style=\"font-weight: 400;\">D\u00e9cadas de experiencia<\/span><\/h3>\n\n\n\n<p><span style=\"font-weight: 400;\">Con m\u00e1s de 40 a\u00f1os en la industria de investigaci\u00f3n de mercados, <a href=\"https:\/\/twitter.com\/SISIntlResearch\" target=\"_blank\" rel=\"noopener\">SIS<\/a> Ha perfeccionado sus metodolog\u00edas para ofrecer informaci\u00f3n precisa y procesable adaptada a las necesidades del cliente.<\/span><\/p>\n\n\n\n<h3 class=\"wp-block-heading\"><span style=\"font-weight: 400;\">Instalaciones de vanguardia<\/span><\/h3>\n\n\n\n<p><span style=\"font-weight: 400;\">Our state-of-the-art <a href=\"https:\/\/www.sisinternational.com\/es\/soluciones\/grupos-de-enfoque\/grupos-de-discusion-en-nueva-york-para-probar-productos-de-la-generacion-z\/\" title=\"Aprovechar los grupos de discusi\u00f3n en Nueva York para probar productos de la Generaci\u00f3n Z\" data-wpil-monitor-id=\"1881\">focus group facilities in New York<\/a> are designed for comfort and efficiency. From modern tasting rooms to advanced recording technology, every detail enhances the research experience.<\/span><\/p>\n\n\n\n<h3 class=\"wp-block-heading\"><span style=\"font-weight: 400;\">Captaci\u00f3n de participantes sin igual<\/span><\/h3>\n\n\n\n<p><span style=\"font-weight: 400;\"><a href=\"https:\/\/medium.com\/@sisinternational\/sis-international-c17160da8fac\" target=\"_blank\" rel=\"noopener\">SIS<\/a> Aprovecha una red extensa para reclutar participantes diversos y calificados que reflejen su p\u00fablico objetivo, lo que garantiza informaci\u00f3n s\u00f3lida y representativa.<\/span><\/p>\n\n\n\n<h3 class=\"wp-block-heading\"><span style=\"font-weight: 400;\">Experiencia diversa e inclusiva<\/span><\/h3>\n\n\n\n<p><span style=\"font-weight: 400;\">SIS se especializa en trabajar con la diversa poblaci\u00f3n de Nueva York, capturando las ricas perspectivas que hacen de la ciudad un campo de pruebas ideal para nuevos productos.<\/span><\/p>\n\n\n\n<h3 class=\"wp-block-heading\"><span style=\"font-weight: 400;\">Moderadores altamente capacitados<\/span><\/h3>\n\n\n\n<p><span style=\"font-weight: 400;\">Nuestros moderadores experimentados est\u00e1n capacitados para fomentar debates interesantes, profundizar en las respuestas y gestionar la din\u00e1mica del grupo para obtener la informaci\u00f3n m\u00e1s valiosa.<\/span><\/p>\n\n\n\n<h3 class=\"wp-block-heading\"><span style=\"font-weight: 400;\">Soluciones de investigaci\u00f3n personalizadas<\/span><\/h3>\n\n\n\n<p><span style=\"font-weight: 400;\">No creemos en soluciones \u00fanicas para todos. SIS adapta cada proyecto de focus group para que se ajuste a sus objetivos espec\u00edficos, ya sea para perfeccionar una receta o para explorar nuevas oportunidades de mercado.<\/span><\/p>\n\n\n\n<h3 class=\"wp-block-heading\"><span style=\"font-weight: 400;\">Accesibilidad sin compromisos<\/span><\/h3>\n\n\n\n<p><span style=\"font-weight: 400;\">A pesar de ofrecer servicios premium, garantizamos soluciones rentables que brindan un valor excepcional para empresas de todos los tama\u00f1os.<\/span><\/p>\n\n\n\n<h3 class=\"wp-block-heading\"><span style=\"font-weight: 400;\">Ubicaci\u00f3n estrat\u00e9gica<\/span><\/h3>\n\n\n\n<p><span style=\"font-weight: 400;\">Ubicadas en el coraz\u00f3n de Nueva York, nuestras instalaciones son f\u00e1cilmente accesibles para participantes de todos los distritos y \u00e1reas vecinas, lo que maximiza la conveniencia y las tasas de participaci\u00f3n.<\/span><\/p>\n\n\n\n<h3 class=\"wp-block-heading\"><span style=\"font-weight: 400;\">An\u00e1lisis y elaboraci\u00f3n de informes exhaustivos<\/span><\/h3>\n\n\n\n<p><span style=\"font-weight: 400;\">SIS no solo recopila datos, sino que los transforma en informaci\u00f3n \u00fatil. Nuestros informes detallados destacan los hallazgos clave y ofrecen recomendaciones estrat\u00e9gicas para orientar las decisiones.<\/span><\/p>\n\n\n\n<h3 class=\"wp-block-heading\"><span style=\"font-weight: 400;\">Las mejores marcas del mundo conf\u00edan en nosotros<\/span><\/h3>\n\n\n\n<p><span style=\"font-weight: 400;\">Desde empresas emergentes hasta corporaciones globales, las empresas l\u00edderes conf\u00edan en SIS International para obtener la informaci\u00f3n que necesitan para tener \u00e9xito en los mercados competitivos.<\/span><\/p>\n\n\n\n<h2 class=\"wp-block-heading\"><strong>Acerca de SIS Internacional<\/strong><\/h2>\n\n\n\n<p><a href=\"https:\/\/www.sisinternational.com\/es\/\"><span style=\"font-weight: 400;\">SIS Internacional<\/span><\/a><span style=\"font-weight: 400;\"> ofrece investigaci\u00f3n cuantitativa, cualitativa y estrat\u00e9gica. Proporcionamos datos, herramientas, estrategias, informes y conocimientos para la toma de decisiones. Tambi\u00e9n realizamos entrevistas, encuestas, grupos focales y otros m\u00e9todos y enfoques de investigaci\u00f3n de mercado.<\/span><a href=\"https:\/\/www.sisinternational.com\/es\/sobre-la-investigacion-internacional-de-sis\/contact-sis-international-market-research\/\"><span style=\"font-weight: 400;\"> P\u00f3ngase en contacto con nosotros<\/span><\/a><span style=\"font-weight: 400;\"> para su pr\u00f3ximo proyecto de Investigaci\u00f3n de Mercado.<\/span><\/p>\n\n\n\n<hr class=\"wp-block-separator has-alpha-channel-opacity\"\/>\n\n\n\n<p>\n\n\n<\/p>\n<p><!-- \/wp:post-content --><\/p>","protected":false},"excerpt":{"rendered":"<p>Focus Groups for Taste Testing in New York Focus groups for taste testing in New York offer an unparalleled opportunity to gather rich, qualitative insights directly from diverse audiences. Launching a successful food product requires more than just good taste\u2014it demands a deep understanding of consumer preferences. This is where focus groups for taste testing &#8230; <a title=\"Grupos de discusi\u00f3n para cata de sabores en Nueva York\" class=\"read-more\" href=\"https:\/\/www.sisinternational.com\/es\/soluciones\/prueba-de-sabor\/grupos-de-discusion-para-cata-de-sabores-en-nueva-york\/\" aria-label=\"Leer m\u00e1s sobre Focus Groups for Taste Testing in New York\">Leer m\u00e1s<\/a><\/p>","protected":false},"author":1,"featured_media":66900,"parent":47794,"menu_order":27,"comment_status":"closed","ping_status":"closed","template":"","meta":{"footnotes":""},"class_list":["post-54178","page","type-page","status-publish","has-post-thumbnail"],"_links":{"self":[{"href":"https:\/\/www.sisinternational.com\/es\/wp-json\/wp\/v2\/pages\/54178","targetHints":{"allow":["GET"]}}],"collection":[{"href":"https:\/\/www.sisinternational.com\/es\/wp-json\/wp\/v2\/pages"}],"about":[{"href":"https:\/\/www.sisinternational.com\/es\/wp-json\/wp\/v2\/types\/page"}],"author":[{"embeddable":true,"href":"https:\/\/www.sisinternational.com\/es\/wp-json\/wp\/v2\/users\/1"}],"replies":[{"embeddable":true,"href":"https:\/\/www.sisinternational.com\/es\/wp-json\/wp\/v2\/comments?post=54178"}],"version-history":[{"count":11,"href":"https:\/\/www.sisinternational.com\/es\/wp-json\/wp\/v2\/pages\/54178\/revisions"}],"predecessor-version":[{"id":80696,"href":"https:\/\/www.sisinternational.com\/es\/wp-json\/wp\/v2\/pages\/54178\/revisions\/80696"}],"up":[{"embeddable":true,"href":"https:\/\/www.sisinternational.com\/es\/wp-json\/wp\/v2\/pages\/47794"}],"wp:featuredmedia":[{"embeddable":true,"href":"https:\/\/www.sisinternational.com\/es\/wp-json\/wp\/v2\/media\/66900"}],"wp:attachment":[{"href":"https:\/\/www.sisinternational.com\/es\/wp-json\/wp\/v2\/media?parent=54178"}],"curies":[{"name":"wp","href":"https:\/\/api.w.org\/{rel}","templated":true}]}}