{"id":54171,"date":"2024-11-27T01:59:09","date_gmt":"2024-11-27T06:59:09","guid":{"rendered":"https:\/\/www.sisinternational.com\/?page_id=54171"},"modified":"2025-10-22T23:16:53","modified_gmt":"2025-10-23T03:16:53","slug":"instalaciones-de-prueba-de-sabores-en-nueva-york","status":"publish","type":"page","link":"https:\/\/www.sisinternational.com\/es\/soluciones\/prueba-de-sabor\/instalaciones-de-prueba-de-sabores-en-nueva-york\/","title":{"rendered":"Instalaciones para pruebas de sabor en Nueva York"},"content":{"rendered":"<div class=\"gb-container gb-container-432d1525\">\n\n<h1 class=\"wp-block-heading\">Instalaciones para pruebas de sabor en Nueva York<\/h1>\n\n\n\n<figure class=\"gb-block-image gb-block-image-a392500d\"><img loading=\"lazy\" decoding=\"async\" width=\"1456\" height=\"816\" class=\"gb-image gb-image-a392500d\" src=\"https:\/\/www.sisinternational.com\/wp-content\/uploads\/2025\/09\/New-York-12.jpg\" alt=\"Investigaci\u00f3n y estrategia de mercado internacional de SIS\" title=\"New York (12)\" srcset=\"https:\/\/www.sisinternational.com\/wp-content\/uploads\/2025\/09\/New-York-12.jpg 1456w, https:\/\/www.sisinternational.com\/wp-content\/uploads\/2025\/09\/New-York-12-300x168.jpg 300w, https:\/\/www.sisinternational.com\/wp-content\/uploads\/2025\/09\/New-York-12-1024x574.jpg 1024w, https:\/\/www.sisinternational.com\/wp-content\/uploads\/2025\/09\/New-York-12-768x430.jpg 768w, https:\/\/www.sisinternational.com\/wp-content\/uploads\/2025\/09\/New-York-12-18x10.jpg 18w\" sizes=\"auto, (max-width: 1456px) 100vw, 1456px\"><\/figure>\n\n\n\n<p><\/p>\n\n\n\n<hr class=\"wp-block-separator has-alpha-channel-opacity is-style-dots\"\/>\n\n\n\n<h3 class=\"wp-block-heading\">Las instalaciones de SIS International, equipadas con herramientas avanzadas y atendidas por expertos, garantizan que cada sabor se refine a trav\u00e9s de ciencia y estrategia de vanguardia.<\/h3>\n\n\n\n<p>Crear el perfil de sabor perfecto no es tarea f\u00e1cil... Por eso, las empresas conf\u00edan en las instalaciones de prueba de sabor en Nueva York como SIS International. Nuestras instalaciones combinan precisi\u00f3n, comentarios personalizados y tecnolog\u00edas avanzadas para refinar los productos, lo que proporciona informaci\u00f3n pr\u00e1ctica que ayuda a las marcas a lanzar sus productos con confianza.<\/p>\n\n\n\n<p style=\"padding-left: 40px;\"><strong>1. Una mezcla demogr\u00e1fica diversa<\/strong><\/p>\n<p style=\"padding-left: 40px;\">New York is home to one of the most diverse populations in the world, encompassing a wide range of ethnicities, age groups, and lifestyles. This diversity provides an exceptional opportunity for companies to gather feedback representing a broad spectrum of consumer preferences. Flavor testing facilities in New York can tailor panels to reflect the city\u2019s vibrant makeup, ensuring that <a href=\"https:\/\/www.sisinternational.com\/es\/publicidad-de-choque-y-marketing-de-choque\/\" title=\"Publicidad de choque y marketing de choque\"  data-wpil-monitor-id=\"10553\">brands<\/a> capture nuanced insights that resonate with niche and mass markets.<\/p>\n\n\n\n<h2 class=\"wp-block-heading\">Por qu\u00e9 Nueva York es el lugar ideal para probar sabores<\/h2>\n\n\n\n<p>New York City\u2019s unique cultural, economic, and demographic landscape makes it the ultimate hub for flavor testing. It offers an unmatched environment to <a href=\"https:\/\/www.sisinternational.com\/es\/claim-research-for-food-and-beverage-taste-tests-validating-your-product-claims\/\" title=\"Claim Research for Food and Beverage Taste Tests: Validating Your Product Claims\"  data-wpil-monitor-id=\"10555\">test and refine food and beverage products<\/a>. Here\u2019s why:<\/p>\n\n\n\n<h2 class=\"wp-block-heading\">Tendencias emergentes en las pruebas de sabor en Nueva York<\/h2>\n\n\n\n<p>El <a href=\"https:\/\/www.sisinternational.com\/es\/soluciones\/investigacion-de-mercado-de-la-industria-de-alimentos-y-bebidas\/\" title=\"Estudio de mercado de la industria alimentaria y de bebidas\"  data-wpil-monitor-id=\"10556\">food and beverage industry<\/a> is undergoing rapid transformation \u2013 and flavor testing facilities in New York are at the epicenter of this evolution, helping brands innovate and adapt to meet contemporary demands. These facilities are uniquely positioned to embrace and implement the following trends:<\/p>\n\n\n\n<\/p>\n\n\n\n<h2 class=\"wp-block-heading\">Desaf\u00edos que enfrentan las empresas sin pruebas de sabor<\/h2>\n\n\n\n<figure class=\"gb-block-image gb-block-image-719ed25b\"><img loading=\"lazy\" decoding=\"async\" width=\"1456\" height=\"816\" class=\"gb-image gb-image-719ed25b\" src=\"https:\/\/www.sisinternational.com\/wp-content\/uploads\/2025\/08\/Food-taste-testing-14.jpg\" alt=\"Investigaci\u00f3n y estrategia de mercado internacional de SIS\" title=\"Food taste testing (14)\" srcset=\"https:\/\/www.sisinternational.com\/wp-content\/uploads\/2025\/08\/Food-taste-testing-14.jpg 1456w, https:\/\/www.sisinternational.com\/wp-content\/uploads\/2025\/08\/Food-taste-testing-14-300x168.jpg 300w, https:\/\/www.sisinternational.com\/wp-content\/uploads\/2025\/08\/Food-taste-testing-14-1024x574.jpg 1024w, https:\/\/www.sisinternational.com\/wp-content\/uploads\/2025\/08\/Food-taste-testing-14-768x430.jpg 768w, https:\/\/www.sisinternational.com\/wp-content\/uploads\/2025\/08\/Food-taste-testing-14-18x10.jpg 18w\" sizes=\"auto, (max-width: 1456px) 100vw, 1456px\"><\/figure>\n\n\n\n<p><\/p>\n\n\n\n<p>Pasar por alto o subestimar la importancia de las pruebas de sabor puede generar obst\u00e1culos importantes para las empresas de alimentos y bebidas. Las instalaciones de pruebas de sabor en Nueva York brindan informaci\u00f3n fundamental que puede marcar la diferencia entre el \u00e9xito o el fracaso de un producto. A continuaci\u00f3n, se enumeran algunos de los desaf\u00edos clave que enfrentan las empresas cuando descuidan este paso crucial:<\/p>\n\n\n\n<h3 class=\"wp-block-heading\">Calidad inconsistente del producto<\/h3>\n\n\n\n<p>Product batches may vary in taste, texture, or aroma without proper testing, leading to inconsistent quality. This inconsistency can damage brand reputation and erode consumer trust, especially in a competitive market like New York. Flavor <a href=\"https:\/\/www.sisinternational.com\/es\/soluciones\/soluciones-de-branding-e-investigacion-de-clientes\/investigacion-de-mercado-de-pruebas-de-productos\/\" title=\"Investigaci\u00f3n de mercado de pruebas de productos\"  data-wpil-monitor-id=\"10560\">testing ensures that every product<\/a> meets stringent quality standards before reaching store shelves.<\/p>\n\n\n\n<h3 class=\"wp-block-heading\">Mala recepci\u00f3n del mercado<\/h3>\n\n\n\n<p>Incluso las ideas de productos m\u00e1s innovadoras pueden fracasar si no se alinean con las preferencias de los consumidores. Las pruebas de sabor identifican qu\u00e9 funciona y qu\u00e9 no, lo que ayuda a las empresas a evitar lanzar productos que no satisfagan a su p\u00fablico objetivo.&nbsp;<\/p>\n\n\n\n<h3 class=\"wp-block-heading\">P\u00e9rdidas financieras debido a retiradas de productos<\/h3>\n\n\n\n<p>Los productos que no cumplen con las expectativas de los consumidores suelen retirarse del mercado, lo que da lugar a retiradas costosas, inventario sin vender y relaciones da\u00f1adas con los minoristas. Las instalaciones de prueba de sabores mitigan estos riesgos detectando posibles problemas en las primeras fases del desarrollo.<\/p>\n\n\n\n<h3 class=\"wp-block-heading\">Uso ineficiente de los recursos<\/h3>\n\n\n\n<p>Lanzar un producto sin realizar pruebas de sabor adecuadas puede suponer una p\u00e9rdida de tiempo, dinero y esfuerzo. Desarrollar y comercializar un producto que no tiene buena aceptaci\u00f3n obliga a las empresas a empezar de nuevo, lo que retrasa su capacidad de captar cuota de mercado.&nbsp;<\/p>\n\n\n\n<h3 class=\"wp-block-heading\">Disminuci\u00f3n de la lealtad del consumidor<\/h3>\n\n\n\n<p>Si los productos no cumplen con las expectativas de sabor, los clientes pueden pasarse a la competencia. Los sabores consistentes y atractivos son cruciales para mantener la lealtad del cliente a largo plazo, y las pruebas de sabor son fundamentales para lograr esta consistencia.<\/p>\n\n\n\n<h3 class=\"wp-block-heading\">Dificultad para cumplir con los est\u00e1ndares regulatorios<\/h3>\n\n\n\n<p>Cada mercado tiene normas estrictas en cuanto a ingredientes, al\u00e9rgenos y contenido nutricional. Sin pruebas exhaustivas, las empresas pueden producir inadvertidamente productos que no cumplan con estas normas, lo que puede dar lugar a posibles repercusiones legales y financieras.<\/p>\n\n\n\n<h3 class=\"wp-block-heading\"><strong>Ubicaci\u00f3n de las instalaciones: Ciudad de Nueva York<\/strong><\/h3>\n\n\n\n<iframe loading=\"lazy\" src=\"https:\/\/www.google.com\/maps\/embed?pb=!1m18!1m12!1m3!1d3022.976188376966!2d-73.99130312499956!3d40.740549471389315!2m3!1f0!2f0!3f0!3m2!1i1024!2i768!4f13.1!3m3!1m2!1s0x89c259a15798c731%3A0xd695d09bdd495f25!2s11%20E%2022nd%20St%20FL%202%2C%20New%20York%2C%20NY%2010010%2C%20USA!5e0!3m2!1sen!2spe!4v1726171763526!5m2!1sen!2spe\" width=\"600\" height=\"450\" allowfullscreen=\"allowfullscreen\" data-mce-fragment=\"1\"><\/iframe>\n\n\n\n<p><\/p>\n\n\n\n<h3 class=\"wp-block-heading\">11 E 22nd Street, piso 2, Nueva York, NY 10010 T: +1(212) 505-6805<\/h3>\n\n\n\n<h4 class=\"wp-block-heading\"><strong>Aspectos destacados de la ubicaci\u00f3n:<\/strong><\/h4>\n\n\n\n<ul class=\"wp-block-list\">\n<li>Distrito Flatiron en Manhattan, a pasos del hist\u00f3rico edificio Flatiron y cerca de Madison Square Park y Union Square<\/li>\n\n\n\n<li><a href=\"https:\/\/www.sisinternational.com\/es\/soluciones\/soluciones-de-investigacion-cualitativa-cuantitativa\/pruebas-en-ubicaciones-centrales-de-la-ciudad-de-nueva-york\/\" title=\"Pruebas en ubicaciones centrales de la ciudad de Nueva York: beneficios para las pruebas de productos\"  data-wpil-monitor-id=\"10557\">Centrally located<\/a> in the heart of New York City, a major global city and the largest city in the United States<\/li>\n\n\n\n<li>Conveniente para numerosas opciones de transporte.<\/li>\n\n\n\n<li>Ubicado entre Broadway y Park Avenue en la calle 22, al lado del \u201cKey Bank\u201d<\/li>\n\n\n\n<li>Tren Broadway Local R \u2013 Estaci\u00f3n 22\/23<\/li>\n\n\n\n<li>Tren local 6 del lado este: estaci\u00f3n 23rd y Park Ave<\/li>\n\n\n\n<li>Tren local 1 del lado oeste: estaci\u00f3n 23rd y 6th Avenue<\/li>\n<\/ul>\n\n\n\n<h2 class=\"wp-block-heading\">\u00bfQu\u00e9 hace que SIS International sea una empresa l\u00edder en pruebas de sabores?<\/h2>\n\n\n\n<p><a href=\"https:\/\/www.linkedin.com\/company\/sisinternationalresearch\/\" target=\"_blank\" rel=\"noopener\">SIS Internacional<\/a> ha sido l\u00edder en investigaci\u00f3n de mercado y pruebas de sabor durante m\u00e1s de 40 a\u00f1os, ofreciendo una combinaci\u00f3n \u00fanica de experiencia, innovaci\u00f3n y recursos. Nuestras instalaciones de pruebas de sabor en Nueva York ofrecen soluciones integrales que ayudan a las empresas a tener \u00e9xito en un mercado en constante evoluci\u00f3n. Esto es lo que nos distingue:<\/p>\n\n\n\n<p style=\"padding-left: 40px;\"><strong>Experiencia en evaluaci\u00f3n sensorial del sabor<\/strong><br \/>En SIS, nos especializamos en realizar evaluaciones sensoriales integrales para evaluar el sabor, el aroma, la textura y el atractivo general de los productos. Nuestro equipo de expertos utiliza metodolog\u00edas avanzadas y un panel de consumidores capacitado para garantizar una retroalimentaci\u00f3n precisa, lo que permite a las empresas ajustar sus productos para satisfacer las demandas del mercado.<\/p>\n<p style=\"padding-left: 40px;\"><strong>Tecnolog\u00eda e instalaciones de vanguardia<\/strong><br \/>Nuestras instalaciones de \u00faltima generaci\u00f3n y la \u00faltima tecnolog\u00eda de an\u00e1lisis sensorial garantizan que cada prueba que realizamos sea precisa y confiable. SIS International utiliza herramientas avanzadas para simular condiciones del mundo real y medir c\u00f3mo los consumidores perciben los sabores, lo que nos permite brindar datos precisos sobre los que las empresas pueden actuar con confianza.<\/p>\n<p style=\"padding-left: 40px;\"><strong>Panel de consumidores diverso y experimentado<\/strong><br \/><a href=\"https:\/\/www.sisinternational.com\/es\/soluciones\/soluciones-de-branding-e-investigacion-de-clientes\/investigacion-de-mercado-de-pruebas-de-productos\/prueba-de-sabor-de-alimentos-de-sis-international\/\" title=\"\u00bfQu\u00e9 hace que SIS International Research sea la principal empresa de investigaci\u00f3n de mercados para pruebas de sabor de alimentos en la ciudad de Nueva York?\" data-wpil-monitor-id=\"10558\">SIS International\u2019s access to New York\u2019s<\/a> diverse population allows us to gather feedback from a broad range of consumers. Our panel consists of individuals from various backgrounds, tastes, and preferences, providing insights that reflect the opinions of a wide market.\u00a0<\/p>\n<p style=\"padding-left: 40px;\"><strong>M\u00e1s de 40 a\u00f1os de experiencia<\/strong><br \/>With over 40 years of <a href=\"https:\/\/www.sisinternational.com\/es\/pericia\/curriculums-de-experiencia\/curriculum-de-experiencia-en-estudios-de-etnografia\/\" title=\"Experiencia en investigaci\u00f3n de mercado en etnograf\u00eda.\" data-wpil-monitor-id=\"10554\">experience in market research<\/a> and flavor testing, SIS has developed a reputation for delivering results that businesses trust. Our long-standing presence in the industry has given us the expertise to handle a variety of flavor testing challenges, providing clients with reliable data to guide their product development processes.<\/p>\n<p style=\"padding-left: 40px;\"><strong>Centrarse en las pruebas centradas en el consumidor<\/strong><br \/>At SIS, our flavor testing services are designed with the consumer in mind. We use data-driven approaches to understand how consumers experience and perceive different flavors, helping brands create <a href=\"https:\/\/www.sisinternational.com\/es\/73903-2\/\" title=\"Turn Consumer Flavor Preferences Into Winning Products\" data-wpil-monitor-id=\"10559\">products that align with consumer preferences<\/a>.\u00a0<\/p>\n<p style=\"padding-left: 40px;\"><strong>Tiempos de respuesta r\u00e1pidos y procesos eficientes<\/strong><br \/>SIS entiende la importancia de la velocidad en el ciclo de desarrollo de productos. Nuestros procesos eficientes y tiempos de respuesta r\u00e1pidos garantizan que las empresas reciban r\u00e1pidamente comentarios \u00fatiles, lo que les permite realizar los ajustes necesarios y seguir adelante con sus proyectos.<\/p>\n\n\n\n<h2 class=\"wp-block-heading\">Acerca de SIS Internacional<\/h2>\n\n\n\n<p><a href=\"https:\/\/www.sisinternational.com\/es\/\">SIS Internacional<\/a> ofrece investigaci\u00f3n cuantitativa, cualitativa y estrat\u00e9gica. Proporcionamos datos, herramientas, estrategias, informes y conocimientos para la toma de decisiones. Tambi\u00e9n realizamos entrevistas, encuestas, grupos focales y otros m\u00e9todos y enfoques de investigaci\u00f3n de mercado.<a href=\"https:\/\/www.sisinternational.com\/es\/sobre-la-investigacion-internacional-de-sis\/contact-sis-international-market-research\/\"> P\u00f3ngase en contacto con nosotros<\/a> para su pr\u00f3ximo proyecto de Investigaci\u00f3n de Mercado.<\/p>\n\n\n\n<p><\/p>\n\n\n\n<hr class=\"wp-block-separator has-alpha-channel-opacity\"\/>\n\n<\/div>","protected":false},"excerpt":{"rendered":"<p>Flavor Testing Facilities in New York SIS International&#8217;s facilities, equipped with advanced tools and staffed by experts, ensure that every taste is refined through cutting-edge science and strategy. Creating the perfect flavor profile is no easy feat\u2026 That\u2019s why businesses trust flavor testing facilities in New York like SIS International. Our facilities combine precision, tailored &#8230; <a title=\"Instalaciones para pruebas de sabor en Nueva York\" class=\"read-more\" href=\"https:\/\/www.sisinternational.com\/es\/soluciones\/prueba-de-sabor\/instalaciones-de-prueba-de-sabores-en-nueva-york\/\" aria-label=\"Leer m\u00e1s sobre Flavor Testing Facilities in New York\">Leer m\u00e1s<\/a><\/p>","protected":false},"author":1,"featured_media":66478,"parent":47794,"menu_order":22,"comment_status":"closed","ping_status":"closed","template":"","meta":{"footnotes":""},"class_list":["post-54171","page","type-page","status-publish","has-post-thumbnail"],"_links":{"self":[{"href":"https:\/\/www.sisinternational.com\/es\/wp-json\/wp\/v2\/pages\/54171","targetHints":{"allow":["GET"]}}],"collection":[{"href":"https:\/\/www.sisinternational.com\/es\/wp-json\/wp\/v2\/pages"}],"about":[{"href":"https:\/\/www.sisinternational.com\/es\/wp-json\/wp\/v2\/types\/page"}],"author":[{"embeddable":true,"href":"https:\/\/www.sisinternational.com\/es\/wp-json\/wp\/v2\/users\/1"}],"replies":[{"embeddable":true,"href":"https:\/\/www.sisinternational.com\/es\/wp-json\/wp\/v2\/comments?post=54171"}],"version-history":[{"count":13,"href":"https:\/\/www.sisinternational.com\/es\/wp-json\/wp\/v2\/pages\/54171\/revisions"}],"predecessor-version":[{"id":81733,"href":"https:\/\/www.sisinternational.com\/es\/wp-json\/wp\/v2\/pages\/54171\/revisions\/81733"}],"up":[{"embeddable":true,"href":"https:\/\/www.sisinternational.com\/es\/wp-json\/wp\/v2\/pages\/47794"}],"wp:featuredmedia":[{"embeddable":true,"href":"https:\/\/www.sisinternational.com\/es\/wp-json\/wp\/v2\/media\/66478"}],"wp:attachment":[{"href":"https:\/\/www.sisinternational.com\/es\/wp-json\/wp\/v2\/media?parent=54171"}],"curies":[{"name":"wp","href":"https:\/\/api.w.org\/{rel}","templated":true}]}}