{"id":54090,"date":"2024-11-20T05:54:28","date_gmt":"2024-11-20T10:54:28","guid":{"rendered":"https:\/\/www.sisinternational.com\/?page_id=54090"},"modified":"2026-03-05T23:14:18","modified_gmt":"2026-03-06T04:14:18","slug":"empresa-lider-mundial-en-investigacion-cualitativa","status":"publish","type":"page","link":"https:\/\/www.sisinternational.com\/es\/soluciones\/soluciones-de-investigacion-cualitativa-cuantitativa\/empresa-lider-mundial-en-investigacion-cualitativa\/","title":{"rendered":"Empresa l\u00edder mundial en investigaci\u00f3n cualitativa"},"content":{"rendered":"<h1 class=\"wp-block-heading\">Empresa l\u00edder mundial en investigaci\u00f3n cualitativa<\/h1>\n\n\n\n<figure class=\"gb-block-image gb-block-image-95f12ab5\"><img decoding=\"async\" class=\"gb-image gb-image-95f12ab5\" src=\"https:\/\/www.sisinternational.com\/wp-content\/uploads\/2025\/07\/How-to-Design-Effective-Surveys-for-Quantitative-Research-1.jpg\" alt=\"How to Design Effective Surveys for Quantitative Research\" title=\"How to Design Effective Surveys for Quantitative Research (1)\"\/><\/figure>\n\n\n\n<p><\/p>\n\n\n\n<h3 class=\"wp-block-heading\">Empresa l\u00edder mundial en investigaci\u00f3n cualitativa: para las empresas que operan en el mercado global, asociarse con una empresa l\u00edder mundial en investigaci\u00f3n cualitativa como SIS International garantiza que obtendr\u00e1n los conocimientos necesarios para construir conexiones significativas con los consumidores.<\/h3>\n\n\n\n<p>\u00bfC\u00f3mo se puede entender realmente qu\u00e9 impulsa el comportamiento del consumidor en un mercado global? La investigaci\u00f3n cualitativa es la clave para descubrir las emociones, motivaciones y percepciones que se esconden detr\u00e1s de las decisiones de los clientes. Como una de las principales firmas de investigaci\u00f3n cualitativa a nivel mundial, SIS International ayuda a las empresas a descubrir estos conocimientos cruciales para dise\u00f1ar estrategias eficaces.<\/p>\n\n\n\n<h2 class=\"wp-block-heading\">Por qu\u00e9 la investigaci\u00f3n de mercados cualitativa es tan importante en el entorno empresarial global<\/h2>\n\n\n\n<p>Cualitativo <a href=\"https:\/\/www.linkedin.com\/pulse\/how-market-research-enables-growth-ruth-stanat-phekf\/\" target=\"_blank\" rel=\"noopener\">investigaci\u00f3n de mercado<\/a> Es esencial para comprender el \u201cpor qu\u00e9\u201d que se esconde detr\u00e1s de los comportamientos, las motivaciones y las actitudes de los consumidores. Proporciona una comprensi\u00f3n m\u00e1s rica y matizada de las perspectivas de los consumidores y de la din\u00e1mica del mercado, lo que ayuda a las empresas a entender qu\u00e9 hacen los consumidores y por qu\u00e9 toman determinadas decisiones, c\u00f3mo perciben las marcas y qu\u00e9 impulsos emocionales influyen en sus decisiones.<\/p>\n\n\n\n<p>A <a href=\"https:\/\/www.sisinternational.com\/es\/empresa-lider-mundial-en-investigacion-cuantitativa-de-mercados\/\" title=\"Empresa l\u00edder mundial en investigaci\u00f3n cuantitativa de mercados\" data-wpil-monitor-id=\"1051\">top global qualitative research<\/a> firm, such as SIS International, employs advanced qualitative methodologies to explore these underlying motivations. This type of research involves tools such as in-depth interviews, focus, and online communities to gather insights directly from consumers in their environments, providing a clearer view of their experiences and attitudes.<\/p>\n\n\n\n<p>So, by uncovering what truly matters to customers, <a href=\"https:\/\/www.sisinternational.com\/es\/investigacion-a-gran-escala-para-pequenas-empresas\/\" title=\"Investigaci\u00f3n a gran escala para peque\u00f1as empresas\" data-wpil-monitor-id=\"2339\">companies can develop strategies<\/a> that resonate with their target audience on an emotional level. These insights help craft effective messaging, improve product development, and enhance the customer experience.<\/p>\n\n\n\n<h2 class=\"wp-block-heading\">\u00bfCu\u00e1les son los servicios que ofrece una empresa l\u00edder mundial en investigaci\u00f3n cualitativa?<\/h2>\n\n\n\n<figure class=\"gb-block-image gb-block-image-a3af59ad\"><img loading=\"lazy\" decoding=\"async\" width=\"1456\" height=\"816\" class=\"gb-image gb-image-a3af59ad\" src=\"https:\/\/www.sisinternational.com\/wp-content\/uploads\/2025\/09\/Quantitative-research-14.jpg\" alt=\"Investigaci\u00f3n y estrategia de mercado internacional de SIS\" title=\"Quantitative research (14)\" srcset=\"https:\/\/www.sisinternational.com\/wp-content\/uploads\/2025\/09\/Quantitative-research-14.jpg 1456w, https:\/\/www.sisinternational.com\/wp-content\/uploads\/2025\/09\/Quantitative-research-14-300x168.jpg 300w, https:\/\/www.sisinternational.com\/wp-content\/uploads\/2025\/09\/Quantitative-research-14-1024x574.jpg 1024w, https:\/\/www.sisinternational.com\/wp-content\/uploads\/2025\/09\/Quantitative-research-14-768x430.jpg 768w, https:\/\/www.sisinternational.com\/wp-content\/uploads\/2025\/09\/Quantitative-research-14-18x10.jpg 18w\" sizes=\"auto, (max-width: 1456px) 100vw, 1456px\"><\/figure>\n\n\n\n<p><\/p>\n\n\n\n<p>Uno de los principales servicios son las entrevistas en profundidad, en las que los investigadores mantienen conversaciones individuales con los consumidores para explorar en detalle sus pensamientos, sentimientos y motivaciones. Este m\u00e9todo es especialmente \u00fatil para comprender procesos complejos de toma de decisiones y descubrir emociones ocultas que influyen en el comportamiento del consumidor.<\/p>\n\n\n\n<p>Otra propuesta clave son los grupos de discusi\u00f3n, que permiten a los investigadores observar la din\u00e1mica de los grupos e identificar temas comunes, perspectivas diferentes y los desencadenantes emocionales que impulsan el comportamiento. Este enfoque ayuda a las empresas a comprender c\u00f3mo perciben los consumidores sus productos y servicios y c\u00f3mo pueden mejorarlos para satisfacer mejor sus necesidades.<\/p>\n\n\n\n<h2 class=\"wp-block-heading\">La importancia de los matices regionales en el desarrollo de estrategias<\/h2>\n\n\n\n<p>Understanding regional nuances is crucial for developing effective market entry strategies, product positioning, and marketing campaigns. A <a href=\"https:\/\/www.sisinternational.com\/es\/top-5-benefits-of-qualitative-market-research-for-businesses\/\" title=\"Top 5 Benefits of Qualitative Market Research for Businesses\" data-wpil-monitor-id=\"1848\">top global qualitative research<\/a> firm like SIS International helps businesses identify the cultural, economic, and social factors that impact consumer behavior in each region.<\/p>\n\n\n\n<p>Comprender los matices regionales es fundamental para el \u00e9xito a la hora de lanzar un nuevo producto, renovar una marca o ingresar a un nuevo mercado. La experiencia de SIS International en captar estos matices permite a las empresas tomar decisiones informadas, crear campa\u00f1as culturalmente relevantes y construir relaciones duraderas con los consumidores en diferentes mercados.<\/p>\n\n\n\n<h2 class=\"wp-block-heading\">Entonces\u2026 \u00bfCu\u00e1les son los beneficios de trabajar con una empresa l\u00edder mundial en investigaci\u00f3n cualitativa?<\/h2>\n\n\n\n<p>Working with a <a href=\"https:\/\/www.sisinternational.com\/es\/soluciones\/legal-market-research\/mock-jury-market-research-3\/\" title=\"La mejor empresa de investigaci\u00f3n de mercado de jurados simulados\" data-wpil-monitor-id=\"928\">top global qualitative research<\/a> firm provides businesses many benefits beyond traditional market analysis. These firms offer deep, contextually rich insights that help businesses create meaningful connections with consumers and make informed strategic decisions.<\/p>\n\n\n<div class=\"wp-block-image\">\n<figure class=\"aligncenter size-full\"><img loading=\"lazy\" decoding=\"async\" width=\"792\" height=\"445\" src=\"https:\/\/www.sisinternational.com\/wp-content\/uploads\/2024\/11\/Top-Global-Qualitative-Research-Company.png\" alt=\"Investigaci\u00f3n y estrategia de mercado internacional de SIS\" class=\"wp-image-54091\" srcset=\"https:\/\/www.sisinternational.com\/wp-content\/uploads\/2024\/11\/Top-Global-Qualitative-Research-Company.png 792w, https:\/\/www.sisinternational.com\/wp-content\/uploads\/2024\/11\/Top-Global-Qualitative-Research-Company-300x169.png 300w, https:\/\/www.sisinternational.com\/wp-content\/uploads\/2024\/11\/Top-Global-Qualitative-Research-Company-768x432.png 768w, https:\/\/www.sisinternational.com\/wp-content\/uploads\/2024\/11\/Top-Global-Qualitative-Research-Company-18x10.png 18w\" sizes=\"auto, (max-width: 792px) 100vw, 792px\" \/><\/figure>\n<\/div>\n\n\n<p><\/p>\n\n\n\n<ul class=\"wp-block-list\">\n<li><strong>Conocimiento profundo del consumidor:<\/strong> Obtenga informaci\u00f3n sobre las emociones, motivaciones y actitudes que impulsan el comportamiento del consumidor.<\/li>\n\n\n\n<li><strong>Sensibilidad cultural y localizaci\u00f3n:<\/strong> Desarrollar estrategias culturalmente relevantes comprendiendo los factores sociales y culturales \u00fanicos que influyen en las preferencias de los consumidores.<\/li>\n\n\n\n<li><strong>Desarrollo de productos mejorado:<\/strong> Utilice los comentarios de los consumidores para informar el desarrollo de productos, garantizando que las ofertas satisfagan las necesidades y expectativas del p\u00fablico objetivo.<\/li>\n\n\n\n<li><strong>Mensajes de marca mejorados:<\/strong> Cree mensajes atractivos que lleguen a los consumidores comprendiendo lo que realmente les importa.<\/li>\n\n\n\n<li><strong>Mejor experiencia del cliente:<\/strong> Mapee el recorrido del cliente para identificar puntos cr\u00edticos y \u00e1reas de mejora, lo que conduce a una experiencia del cliente m\u00e1s satisfactoria.<\/li>\n\n\n\n<li><strong>Entrada estrat\u00e9gica al mercado:<\/strong> Navegue por nuevos mercados con confianza comprendiendo los matices regionales y las expectativas de los consumidores.<\/li>\n<\/ul>\n\n\n\n<h2 class=\"wp-block-heading\">C\u00f3mo la investigaci\u00f3n cualitativa impulsa la innovaci\u00f3n y las decisiones estrat\u00e9gicas<\/h2>\n\n\n\n<p>La investigaci\u00f3n cualitativa es un motor crucial de la innovaci\u00f3n y la toma de decisiones estrat\u00e9gicas, ya que revela conocimientos profundos basados en narrativas que ayudan a las empresas a comprender a sus clientes a nivel personal.<\/p>\n\n\n\n<h3 class=\"wp-block-heading\">Identificaci\u00f3n de las necesidades de los consumidores y las brechas del mercado<\/h3>\n\n\n\n<p>La investigaci\u00f3n cualitativa es fundamental para identificar las necesidades no satisfechas de los consumidores y las brechas del mercado. Estos conocimientos ayudan a las empresas a identificar oportunidades de innovaci\u00f3n y desarrollar productos que aborden problemas espec\u00edficos, creando valor tanto para la empresa como para el consumidor.<\/p>\n\n\n\n<p>For instance, a <a href=\"https:\/\/www.sisinternational.com\/es\/pericia\/curriculums-de-experiencia\/investigacion-de-marca\/\" title=\"Empresa de investigaci\u00f3n de marca\" data-wpil-monitor-id=\"6301\">company might use ethnographic research<\/a> to observe how consumers use a particular product daily. This type of research can reveal usability issues, unmet needs, or opportunities for improvement that may not be apparent through quantitative data alone.&nbsp;<\/p>\n\n\n\n<h3 class=\"wp-block-heading\">Impulsando la innovaci\u00f3n de productos y servicios<\/h3>\n\n\n\n<p><a href=\"https:\/\/www.sisinternational.com\/es\/sampling-techniques-in-qualitative-research-the-complete-guide-to-choosing-the-right-method\/\" title=\"Sampling Techniques in Qualitative Research: The Complete Guide to Choosing the Right Method\" data-wpil-monitor-id=\"1471\">Qualitative research guides<\/a> the product development process, from ideation to launch. It involves consumers in concept testing and co-creation workshops, businesses can gather valuable feedback that informs the design and functionality of new products. This collaborative approach ensures that products are designed with the end-user in mind, increasing the likelihood of market success.<\/p>\n\n\n\n<h3 class=\"wp-block-heading\">Apoyo a las decisiones estrat\u00e9gicas de negocios<\/h3>\n\n\n\n<p>M\u00e1s all\u00e1 del desarrollo de productos, la investigaci\u00f3n cualitativa proporciona los conocimientos necesarios para tomar decisiones comerciales estrat\u00e9gicas. Ya sea que se trate de ingresar a un nuevo mercado, renovar la marca o lanzar una nueva campa\u00f1a de marketing, la investigaci\u00f3n cualitativa ayuda a las empresas a comprender el contexto en el que operan.&nbsp;<\/p>\n\n\n\n<h2 class=\"wp-block-heading\">\u00bfQu\u00e9 hace de SIS International una de las principales empresas de investigaci\u00f3n cualitativa a nivel mundial?<\/h2>\n\n\n\n<p><a href=\"https:\/\/www.linkedin.com\/company\/sisinternationalresearch\/\" target=\"_blank\" rel=\"noopener\">SIS Internacional<\/a> est\u00e1 clasificada como una de las principales firmas de investigaci\u00f3n cualitativa a nivel mundial debido a su enfoque \u00fanico, su experiencia global y su compromiso de brindar informaci\u00f3n procesable. Nuestra capacidad para comprender las complejidades del comportamiento del consumidor y traducirlas en oportunidades estrat\u00e9gicas nos convierte en un socio de confianza para las empresas que buscan tener \u00e9xito en un mercado global cada vez m\u00e1s complejo.<\/p>\n\n\n\n<ul class=\"wp-block-list\">\n<li><strong>Tailored <\/strong><a href=\"https:\/\/www.sisinternational.com\/es\/soluciones\/soluciones-de-investigacion-cualitativa-cuantitativa\/cuando-utilizar-la-investigacion-cualitativa\/\" title=\"\u00bfCu\u00e1ndo utilizar la investigaci\u00f3n cualitativa?\" data-wpil-monitor-id=\"1516\">Qualitative Methodologies: We design our research<\/a> to meet each client&#8217;s needs, ensuring our insights are meaningful and actionable.<\/li>\n\n\n\n<li><strong>Experiencia global y local:<\/strong> Nuestro equipo de investigadores experimentados proporciona una perspectiva global y conocimientos locales, ayudando a las empresas a navegar por los matices de los diferentes mercados.<\/li>\n\n\n\n<li><strong>Informaci\u00f3n valiosa sobre el consumidor:<\/strong> <a href=\"https:\/\/medium.com\/@sisinternational\/sis-international-c17160da8fac\" target=\"_blank\" rel=\"noopener\">SIS<\/a> Utiliza t\u00e9cnicas cualitativas avanzadas para descubrir las emociones, motivaciones y actitudes que impulsan el comportamiento del consumidor, proporcionando a los clientes una comprensi\u00f3n m\u00e1s profunda de su audiencia.<\/li>\n\n\n\n<li><strong>Enfoque colaborativo:<\/strong> Colaboramos con nuestros clientes durante todo el proceso de investigaci\u00f3n, garantizando que los conocimientos recopilados se alineen con sus objetivos estrat\u00e9gicos.<\/li>\n\n\n\n<li><strong>Comprensi\u00f3n integral del mercado:<\/strong> Desde el mapeo del recorrido del cliente hasta estudios de percepci\u00f3n de marca, brindamos una visi\u00f3n completa del panorama del mercado, lo que permite a nuestros clientes tomar decisiones estrat\u00e9gicas informadas.<\/li>\n\n\n\n<li><strong>Soluciones de investigaci\u00f3n innovadoras:<\/strong> Nuestro compromiso con la innovaci\u00f3n significa que utilizamos las \u00faltimas herramientas y tecnolog\u00edas para brindar informaci\u00f3n de alta calidad que ayude a nuestros clientes a mantenerse por delante de la competencia.<\/li>\n<\/ul>\n\n\n\n<h2 class=\"wp-block-heading\">Acerca de SIS Internacional<\/h2>\n\n\n\n<p><a href=\"https:\/\/www.sisinternational.com\/es\/\">SIS Internacional<\/a> ofrece investigaci\u00f3n cuantitativa, cualitativa y estrat\u00e9gica. Proporcionamos datos, herramientas, estrategias, informes y conocimientos para la toma de decisiones. Tambi\u00e9n realizamos entrevistas, encuestas, grupos focales y otros m\u00e9todos y enfoques de investigaci\u00f3n de mercado.<a href=\"https:\/\/www.sisinternational.com\/es\/sobre-la-investigacion-internacional-de-sis\/contact-sis-international-market-research\/\"> P\u00f3ngase en contacto con nosotros<\/a> para su pr\u00f3ximo proyecto de Investigaci\u00f3n de Mercado.<\/p>\n\n\n\n<hr class=\"wp-block-separator has-alpha-channel-opacity\"\/>\n\n\n\n<p><\/p>","protected":false},"excerpt":{"rendered":"<p>Top Global Qualitative Research Company Top Global Qualitative Research Company &#8211; For businesses operating in the global market, partnering with a top global qualitative research firm like SIS International ensures they gain the insights needed to build meaningful consumer connections. How do you truly understand what drives consumer behavior in a global marketplace? Qualitative research &#8230; <a title=\"Empresa l\u00edder mundial en investigaci\u00f3n cualitativa\" class=\"read-more\" href=\"https:\/\/www.sisinternational.com\/es\/soluciones\/soluciones-de-investigacion-cualitativa-cuantitativa\/empresa-lider-mundial-en-investigacion-cualitativa\/\" aria-label=\"Leer m\u00e1s sobre Top Global Qualitative Research Company\">Leer m\u00e1s<\/a><\/p>","protected":false},"author":1,"featured_media":0,"parent":14660,"menu_order":59,"comment_status":"closed","ping_status":"closed","template":"","meta":{"footnotes":""},"class_list":["post-54090","page","type-page","status-publish"],"_links":{"self":[{"href":"https:\/\/www.sisinternational.com\/es\/wp-json\/wp\/v2\/pages\/54090","targetHints":{"allow":["GET"]}}],"collection":[{"href":"https:\/\/www.sisinternational.com\/es\/wp-json\/wp\/v2\/pages"}],"about":[{"href":"https:\/\/www.sisinternational.com\/es\/wp-json\/wp\/v2\/types\/page"}],"author":[{"embeddable":true,"href":"https:\/\/www.sisinternational.com\/es\/wp-json\/wp\/v2\/users\/1"}],"replies":[{"embeddable":true,"href":"https:\/\/www.sisinternational.com\/es\/wp-json\/wp\/v2\/comments?post=54090"}],"version-history":[{"count":12,"href":"https:\/\/www.sisinternational.com\/es\/wp-json\/wp\/v2\/pages\/54090\/revisions"}],"predecessor-version":[{"id":79884,"href":"https:\/\/www.sisinternational.com\/es\/wp-json\/wp\/v2\/pages\/54090\/revisions\/79884"}],"up":[{"embeddable":true,"href":"https:\/\/www.sisinternational.com\/es\/wp-json\/wp\/v2\/pages\/14660"}],"wp:attachment":[{"href":"https:\/\/www.sisinternational.com\/es\/wp-json\/wp\/v2\/media?parent=54090"}],"curies":[{"name":"wp","href":"https:\/\/api.w.org\/{rel}","templated":true}]}}