{"id":54082,"date":"2024-11-18T05:42:28","date_gmt":"2024-11-18T10:42:28","guid":{"rendered":"https:\/\/www.sisinternational.com\/?page_id=54082"},"modified":"2026-03-05T23:15:14","modified_gmt":"2026-03-06T04:15:14","slug":"la-mejor-empresa-de-analisis-de-la-industria-en-nueva-york","status":"publish","type":"page","link":"https:\/\/www.sisinternational.com\/es\/cobertura\/north-america\/cobertura-de-estados-unidos\/la-mejor-empresa-de-analisis-de-la-industria-en-nueva-york\/","title":{"rendered":"La mejor empresa de an\u00e1lisis de la industria en Nueva York"},"content":{"rendered":"<h1 class=\"wp-block-heading\">La mejor empresa de an\u00e1lisis de la industria en Nueva York<\/h1>\n\n\n\n<figure class=\"gb-block-image gb-block-image-829de2af\"><img loading=\"lazy\" decoding=\"async\" width=\"1456\" height=\"816\" class=\"gb-image gb-image-829de2af\" src=\"https:\/\/www.sisinternational.com\/wp-content\/uploads\/2025\/09\/New-York-12.jpg\" alt=\"Investigaci\u00f3n y estrategia de mercado internacional de SIS\" title=\"New York (12)\" srcset=\"https:\/\/www.sisinternational.com\/wp-content\/uploads\/2025\/09\/New-York-12.jpg 1456w, https:\/\/www.sisinternational.com\/wp-content\/uploads\/2025\/09\/New-York-12-300x168.jpg 300w, https:\/\/www.sisinternational.com\/wp-content\/uploads\/2025\/09\/New-York-12-1024x574.jpg 1024w, https:\/\/www.sisinternational.com\/wp-content\/uploads\/2025\/09\/New-York-12-768x430.jpg 768w, https:\/\/www.sisinternational.com\/wp-content\/uploads\/2025\/09\/New-York-12-18x10.jpg 18w\" sizes=\"auto, (max-width: 1456px) 100vw, 1456px\"><\/figure>\n\n\n\n<p><\/p>\n\n\n\n<p>Nueva York es uno de los entornos comerciales m\u00e1s competitivos del mundo, y las empresas necesitan un profundo conocimiento de las tendencias de la industria, la din\u00e1mica de la competencia y las necesidades de los clientes para tener \u00e9xito en este \u00e1mbito. \u00a1Aqu\u00ed es donde una empresa l\u00edder en an\u00e1lisis de la industria en Nueva York se convierte en un socio invaluable!<\/p>\n\n\n\n<h2 class=\"wp-block-heading\">\u00bfQu\u00e9 es el an\u00e1lisis de la industria?<\/h2>\n\n\n\n<p>El an\u00e1lisis de la industria es una evaluaci\u00f3n integral del entorno econ\u00f3mico de una empresa. Examina las tendencias del mercado, la din\u00e1mica competitiva y los impulsores clave de la industria para ayudar a las empresas a tomar decisiones bien informadas. El an\u00e1lisis de la industria brinda a las empresas una visi\u00f3n de 360 grados del entorno competitivo, que abarca diversos aspectos, como la comprensi\u00f3n del panorama competitivo, la evaluaci\u00f3n de las necesidades de los clientes, la evaluaci\u00f3n de los avances tecnol\u00f3gicos y el seguimiento de los cambios regulatorios.&nbsp;<\/p>\n\n\n\n<h2 class=\"wp-block-heading\">\u00bfPor qu\u00e9 es importante el an\u00e1lisis de la industria?<\/h2>\n\n\n\n<p>Para las empresas que operan en un mercado diverso y en r\u00e1pida evoluci\u00f3n como el de Nueva York, el an\u00e1lisis del sector es fundamental para el \u00e9xito. A continuaci\u00f3n, se indican algunas razones por las que el an\u00e1lisis del sector es tan importante:<\/p>\n\n\n\n<p><strong>1. Planificaci\u00f3n estrat\u00e9gica informada<\/strong><strong><br><\/strong>By knowing the current state of the market, anticipated trends, and potential disruptions, businesses can make informed decisions about where to allocate resources, which segments to target, and how to position their products. Working with a <a href=\"https:\/\/www.sisinternational.com\/es\/empresa-de-evaluacion-comparativa-de-los-principales-competidores\/\" title=\"Empresa de evaluaci\u00f3n comparativa de los principales competidores\"  data-wpil-monitor-id=\"1204\">top industry analysis company<\/a> in NY ensures businesses have access to accurate data that forms the foundation of effective strategic planning.<\/p>\n\n\n\n<p><strong>2. Identificaci\u00f3n de oportunidades de crecimiento<\/strong><strong><br><\/strong>Industry analysis helps businesses uncover emerging opportunities that may not be immediately apparent. For example, shifts in consumer preferences, technological advancements, or regulatory changes can create new market segments. A <a href=\"https:\/\/www.sisinternational.com\/es\/empresa-lider-en-inteligencia-competitiva\/\" title=\"Empresa l\u00edder en inteligencia competitiva\"  data-wpil-monitor-id=\"1276\">top industry analysis company<\/a> in NY can help identify these opportunities early, giving businesses a competitive advantage.<\/p>\n\n\n\n<p><strong>3. Evaluaci\u00f3n comparativa competitiva<\/strong><strong><br><\/strong>El an\u00e1lisis de la industria brinda informaci\u00f3n sobre las fortalezas y debilidades de los competidores, lo que permite a las empresas comparar su desempe\u00f1o e identificar \u00e1reas de mejora. Al comprender las estrategias, los precios, las ofertas de productos y la participaci\u00f3n de mercado de los competidores, las empresas pueden realizar ajustes estrat\u00e9gicos que las ayuden a mantenerse a la vanguardia.<\/p>\n\n\n\n<p><strong>4. Toma de decisiones basada en datos<\/strong><strong><br><\/strong>In today\u2019s business world, decisions need to be backed by data. Industry analysis provides the necessary data to make decisions confidently and effectively. A <a href=\"https:\/\/www.sisinternational.com\/es\/la-principal-empresa-de-prevision-de-tendencias-de-la-industria-b2b\/\" title=\"Principal empresa de previsi\u00f3n de tendencias de la industria B2B\"  data-wpil-monitor-id=\"1612\">top industry analysis company<\/a> in NY delivers accurate and timely data, helping companies navigate the complexities of the market and make choices that align with their goals.<\/p>\n\n\n\n<h2 class=\"wp-block-heading\">Cualidades clave de una empresa l\u00edder en an\u00e1lisis de la industria en Nueva York<\/h2>\n\n\n\n<p>Choosing the right industry <a href=\"https:\/\/www.sisinternational.com\/es\/oportunidades-de-la-banca-islamica-y-obstaculos-para-la-industria-financiera-estadounidense\/\" title=\"Banca isl\u00e1mica: oportunidades y obst\u00e1culos para la industria financiera estadounidense\"  data-wpil-monitor-id=\"6707\">analysis company<\/a> can be the difference between strategic success and missed opportunities. When it comes to navigating the fast-paced and competitive business environment of New York, companies need a partner that not only understands the landscape but also brings the right expertise, tools, and insights. Here are the key qualities that define a top industry analysis company in NY:<\/p>\n\n\n<div class=\"wp-block-image\">\n<figure class=\"aligncenter size-full\"><img loading=\"lazy\" decoding=\"async\" width=\"792\" height=\"624\" src=\"https:\/\/www.sisinternational.com\/wp-content\/uploads\/2024\/11\/Top-Industry-Analysis-Company-in-NY.png\" alt=\"Investigaci\u00f3n y estrategia de mercado internacional de SIS\" class=\"wp-image-54083\" srcset=\"https:\/\/www.sisinternational.com\/wp-content\/uploads\/2024\/11\/Top-Industry-Analysis-Company-in-NY.png 792w, https:\/\/www.sisinternational.com\/wp-content\/uploads\/2024\/11\/Top-Industry-Analysis-Company-in-NY-300x236.png 300w, https:\/\/www.sisinternational.com\/wp-content\/uploads\/2024\/11\/Top-Industry-Analysis-Company-in-NY-768x605.png 768w, https:\/\/www.sisinternational.com\/wp-content\/uploads\/2024\/11\/Top-Industry-Analysis-Company-in-NY-15x12.png 15w\" sizes=\"auto, (max-width: 792px) 100vw, 792px\" \/><\/figure>\n<\/div>\n\n\n<p><\/p>\n\n\n\n<p><strong>1. Experiencia en el mercado local<\/strong><strong><br><\/strong>Nueva York es un mercado \u00fanico con sus propios impulsores econ\u00f3micos, demograf\u00eda de clientes y panorama competitivo. Una empresa l\u00edder en an\u00e1lisis de la industria en Nueva York debe poseer un profundo conocimiento del entorno empresarial local, incluida una comprensi\u00f3n de las tendencias espec\u00edficas de la industria, la din\u00e1mica del mercado regional y los desaf\u00edos clave que enfrentan las empresas de la ciudad.&nbsp;<\/p>\n\n\n\n<p><strong>2. An\u00e1lisis de datos exhaustivo<\/strong><strong><br><\/strong>La base de un an\u00e1lisis eficaz del sector es el acceso a datos de alta calidad y la capacidad de convertirlos en informaci\u00f3n \u00fatil. Una empresa l\u00edder en an\u00e1lisis del sector debe ser experta en an\u00e1lisis de datos, utilizando datos cuantitativos y cualitativos para ofrecer un panorama completo del mercado. Esto incluye el uso de tecnolog\u00edas avanzadas como IA y paneles de PowerBi para recopilar, procesar y visualizar datos de forma significativa.&nbsp;<\/p>\n\n\n\n<p><strong>3. Informaci\u00f3n y soluciones personalizadas<\/strong><strong><br><\/strong>Una de las principales empresas de an\u00e1lisis de la industria en Nueva York adopta un enfoque centrado en el cliente y ofrece informaci\u00f3n y soluciones personalizadas que abordan las necesidades \u00fanicas de cada cliente. Ya sea que se trate de evaluar nuevas oportunidades de mercado, comparar el desempe\u00f1o con los competidores o identificar segmentos de clientes para realizar campa\u00f1as de marketing dirigidas, un enfoque personalizado garantiza que las empresas reciban la informaci\u00f3n espec\u00edfica que necesitan para tener \u00e9xito.&nbsp;<\/p>\n\n\n\n<p><strong>4. Trayectoria de \u00e9xito comprobada<\/strong><strong><br><\/strong>La experiencia es importante, especialmente a la hora de elegir un socio para realizar an\u00e1lisis de la industria. Una empresa l\u00edder en an\u00e1lisis de la industria en Nueva York debe tener un historial comprobado de entrega de resultados para una amplia gama de clientes, desde peque\u00f1as empresas emergentes hasta compa\u00f1\u00edas de Fortune 500.&nbsp;<\/p>\n\n\n\n<p><strong>5. Conc\u00e9ntrese en informaci\u00f3n \u00fatil<\/strong><strong><br><\/strong>A top industry <a href=\"https:\/\/www.sisinternational.com\/es\/venezuela-oil-mining-industry-potential-strategic-forecast-2026-2036\/\" title=\"Venezuela Oil &amp; Mining Industry Potential: Strategic Forecast 2026-2036\"  data-wpil-monitor-id=\"6923\">analysis company<\/a> goes beyond simply reporting numbers\u2014it provides strategic recommendations that help businesses act on the insights it receives. This includes identifying growth opportunities, suggesting operational improvements, and outlining strategic actions to enhance competitiveness.&nbsp;<\/p>\n\n\n\n<h2 class=\"wp-block-heading\">C\u00f3mo el an\u00e1lisis de la industria impulsa el \u00e9xito empresarial<\/h2>\n\n\n\n<figure class=\"gb-block-image gb-block-image-db9da224\"><img loading=\"lazy\" decoding=\"async\" width=\"1456\" height=\"816\" class=\"gb-image gb-image-db9da224\" src=\"https:\/\/www.sisinternational.com\/wp-content\/uploads\/2025\/08\/CEO-CIO-manager-8.jpg\" alt=\"Investigaci\u00f3n y estrategia de mercado internacional de SIS\" title=\"CEO CIO manager (8)\" srcset=\"https:\/\/www.sisinternational.com\/wp-content\/uploads\/2025\/08\/CEO-CIO-manager-8.jpg 1456w, https:\/\/www.sisinternational.com\/wp-content\/uploads\/2025\/08\/CEO-CIO-manager-8-300x168.jpg 300w, https:\/\/www.sisinternational.com\/wp-content\/uploads\/2025\/08\/CEO-CIO-manager-8-1024x574.jpg 1024w, https:\/\/www.sisinternational.com\/wp-content\/uploads\/2025\/08\/CEO-CIO-manager-8-768x430.jpg 768w, https:\/\/www.sisinternational.com\/wp-content\/uploads\/2025\/08\/CEO-CIO-manager-8-18x10.jpg 18w\" sizes=\"auto, (max-width: 1456px) 100vw, 1456px\"><\/figure>\n\n\n\n<p><\/p>\n\n\n\n<p>Al asociarse con una empresa l\u00edder en an\u00e1lisis de la industria en Nueva York, las empresas pueden obtener informaci\u00f3n valiosa que impulse el crecimiento estrat\u00e9gico y les d\u00e9 una ventaja sobre la competencia. As\u00ed es como el an\u00e1lisis de la industria contribuye al \u00e9xito empresarial:<\/p>\n\n\n\n<p><strong>1. Identificaci\u00f3n de oportunidades de crecimiento<br><\/strong>One of the primary benefits of industry analysis is its ability to uncover growth opportunities. Companies can identify areas where demand increases or new emerging markets by examining market trends, consumer preferences, and competitive dynamics. This information allows businesses to create targeted strategies to capitalize on these opportunities. For example, a <a href=\"https:\/\/www.sisinternational.com\/es\/la-mejor-firma-de-evaluacion-de-estrategias-corporativas\/\" title=\"Empresa l\u00edder en evaluaci\u00f3n de estrategias corporativas\"  data-wpil-monitor-id=\"1503\">top industry analysis company in NY<\/a> can help a company determine whether expanding into a specific segment or launching a new product line would be a viable growth strategy.&nbsp;<\/p>\n\n\n\n<p><strong>2. Obtener una ventaja competitiva<\/strong><strong><br><\/strong>Al evaluar las fortalezas, debilidades, estrategias y participaci\u00f3n de mercado de los competidores, las empresas pueden identificar \u00e1reas en las que tienen una ventaja u oportunidades para diferenciarse. Por ejemplo, una empresa puede descubrir que un competidor se destaca en el servicio al cliente pero se queda atr\u00e1s en innovaci\u00f3n de productos.&nbsp;<\/p>\n\n\n\n<p><strong>3. Mitigaci\u00f3n de riesgos<\/strong><strong><br><\/strong>El an\u00e1lisis de la industria desempe\u00f1a un papel crucial en la mitigaci\u00f3n de riesgos, ya que permite identificar posibles desaf\u00edos antes de que se conviertan en problemas importantes. Por ejemplo, supongamos que un an\u00e1lisis de la industria revela que un segmento de mercado en particular se est\u00e1 saturando o que una nueva regulaci\u00f3n afectar\u00e1 a la industria. En ese caso, las empresas pueden tomar medidas proactivas para ajustar sus estrategias en consecuencia.&nbsp;<\/p>\n\n\n\n<p><strong>4. Planificaci\u00f3n estrat\u00e9gica y asignaci\u00f3n de recursos<\/strong><strong><br><\/strong>Al comprender la din\u00e1mica del mercado, las presiones competitivas y las tendencias emergentes, las empresas pueden crear planes estrat\u00e9gicos que se alineen con las realidades del mercado y aprovechen las oportunidades. Esto incluye decidir c\u00f3mo asignar los recursos: invertir en nuevas tecnolog\u00edas, expandirse a nuevos mercados o aumentar las iniciativas de marketing.&nbsp;<\/p>\n\n\n\n<p><strong>5. Mejora de la eficiencia operativa<br><\/strong>Adem\u00e1s de fundamentar decisiones estrat\u00e9gicas, el an\u00e1lisis de la industria puede ayudar a mejorar la eficiencia operativa. Las empresas pueden identificar \u00e1reas para optimizar sus operaciones y reducir costos mediante el an\u00e1lisis de los puntos de referencia y las mejores pr\u00e1cticas de la industria. Una empresa l\u00edder en an\u00e1lisis de la industria en Nueva York ofrece informaci\u00f3n sobre las mejores pr\u00e1cticas operativas, lo que permite a las empresas mejorar la eficiencia, reducir el desperdicio y mejorar el rendimiento general.<\/p>\n\n\n\n<p><strong>6. Facilitaci\u00f3n de la entrada y expansi\u00f3n al mercado<\/strong><strong><br><\/strong>El an\u00e1lisis de la industria es una herramienta invaluable para las empresas que buscan ingresar a nuevos mercados. Les ayuda a comprender las condiciones del mercado, las preferencias de los clientes y los desaf\u00edos potenciales. Una empresa l\u00edder en an\u00e1lisis de la industria en Nueva York puede ayudar a las empresas a evaluar la viabilidad de ingresar a un nuevo mercado, identificar los segmentos m\u00e1s prometedores y desarrollar una estrategia de ingreso al mercado eficaz.&nbsp;<\/p>\n\n\n\n<h2 class=\"wp-block-heading\">\u00bfQu\u00e9 hace que SIS International sea una de las principales empresas de an\u00e1lisis de la industria en Nueva York?<\/h2>\n\n\n\n<p>Desde hace m\u00e1s de 40 a\u00f1os, <a href=\"https:\/\/medium.com\/@sisinternational\/sis-international-c17160da8fac\" target=\"_blank\" rel=\"noopener\">SIS<\/a> ha sido un socio de confianza para las empresas que buscan an\u00e1lisis integrales de la industria y perspectivas estrat\u00e9gicas. Nuestra experiencia abarca m\u00e1s de 120 pa\u00edses y hemos trabajado con algunas de las empresas m\u00e1s influyentes del mundo, incluidas m\u00e1s del 70% de las empresas de Fortune 500. A continuaci\u00f3n, se detallan los motivos por los que SIS International es reconocida como una de las principales empresas de an\u00e1lisis de la industria en Nueva York:<\/p>\n\n\n<p>\n\n\n<\/p>\n<h3 class=\"wp-block-heading\" style=\"padding-left: 40px;\">Trayectoria comprobada con empresas de Fortune 500<\/h3>\n<p style=\"padding-left: 40px;\">\n\n\n\n<\/p>\n<p style=\"padding-left: 40px;\">Nuestra trayectoria comprobada habla por s\u00ed sola: hemos prestado servicios a algunas de las empresas m\u00e1s grandes e influyentes del mundo, incluidas m\u00e1s del 70% de las empresas de la lista Fortune 500. Ya sea que trabajemos con empresas emergentes o corporaciones multinacionales, brindamos constantemente informaci\u00f3n valiosa que impulsa decisiones estrat\u00e9gicas y fomenta el crecimiento empresarial. Nuestra experiencia en diversas industrias nos permite brindar informaci\u00f3n relevante y pr\u00e1ctica que ayuda a las empresas a prosperar en un mercado competitivo.<\/p>\n<p style=\"padding-left: 40px;\">\n\n\n\n<\/p>\n<h3 class=\"wp-block-heading\" style=\"padding-left: 40px;\">Soluciones integrales para cada necesidad empresarial<\/h3>\n<p style=\"padding-left: 40px;\">\n\n\n\n<\/p>\n<p style=\"padding-left: 40px;\">We offer a wide range of solutions that cater to the different aspects of business growth and strategy. Our services include Brand Consulting, <a class=\"wpil_keyword_link\" href=\"https:\/\/www.sisinternational.com\/es\/analisis-de-satisfaccion-del-cliente\/\" title=\"Ocho formas de aumentar la satisfacci\u00f3n del cliente en el comercio minorista\" data-wpil-keyword-link=\"linked\" data-wpil-monitor-id=\"178\">Customer Satisfaction Analysis<\/a>, Market Entry Strategy, Sales Growth Consulting, Focus Groups, and Qualitative and quantitative Research. By offering comprehensive solutions, we ensure our clients have everything they need to understand their industry, refine their strategies, and achieve their business goals.\u00a0<\/p>\n<p style=\"padding-left: 40px;\">\n\n\n\n<\/p>\n<h3 class=\"wp-block-heading\" style=\"padding-left: 40px;\">Integraci\u00f3n de tecnolog\u00eda de vanguardia<\/h3>\n<p style=\"padding-left: 40px;\">\n\n\n\n<\/p>\n<p style=\"padding-left: 40px;\">La tecnolog\u00eda est\u00e1 en el coraz\u00f3n de lo que hacemos. En <a href=\"https:\/\/twitter.com\/SISIntlResearch\" target=\"_blank\" rel=\"noopener\">SIS<\/a>Aprovechamos las \u00faltimas tecnolog\u00edas, como la inteligencia artificial, la cadena de bloques y los paneles de PowerBi, para ofrecer informaci\u00f3n m\u00e1s precisa, detallada y pr\u00e1ctica. La inteligencia artificial nos ayuda a procesar grandes vol\u00famenes de datos de manera eficiente y proporciona an\u00e1lisis predictivos, mientras que la cadena de bloques garantiza la seguridad y la transparencia de los datos. Nuestros paneles de PowerBi permiten a los clientes visualizar datos complejos en un formato f\u00e1cil de entender, lo que permite una mejor toma de decisiones.\u00a0<\/p>\n<p style=\"padding-left: 40px;\">\n\n\n\n<\/p>\n<h3 class=\"wp-block-heading\" style=\"padding-left: 40px;\">Equipo experimentado y diverso<\/h3>\n<p style=\"padding-left: 40px;\">\n\n\n\n<\/p>\n<p style=\"padding-left: 40px;\">Nuestro \u00e9xito se debe a m\u00e1s de 150 empleados y colaboradores que aportan una experiencia diversa a cada proyecto. Desde especialistas en investigaci\u00f3n de mercado hasta analistas de datos y consultores estrat\u00e9gicos, nuestro equipo se dedica a brindar excelencia en el an\u00e1lisis de la industria. Esta experiencia diversa nos permite abordar los problemas desde m\u00faltiples perspectivas, lo que garantiza que nuestros clientes reciban soluciones integrales y efectivas que satisfagan sus necesidades.<\/p>\n<p style=\"padding-left: 40px;\">\n\n\n\n<\/p>\n<h2 class=\"wp-block-heading\" style=\"padding-left: 40px;\">Enfoque centrado en el cliente y soluciones personalizadas<\/h2>\n<p style=\"padding-left: 40px;\">\n\n\n\n<\/p>\n<p style=\"padding-left: 40px;\">En <a href=\"https:\/\/www.linkedin.com\/company\/sisinternationalresearch\/\" target=\"_blank\" rel=\"noopener\">SIS Internacional<\/a>En cada proyecto, adoptamos un enfoque centrado en el cliente. Entendemos que no hay dos empresas iguales, por lo que ofrecemos soluciones personalizadas adaptadas a las necesidades \u00fanicas de cada cliente. Ya sea que ayudemos a una empresa emergente a ingresar a un nuevo mercado o que ayudemos a una empresa de Fortune 500 a refinar su estrategia, trabajamos en estrecha colaboraci\u00f3n con nuestros clientes para garantizar que nuestros conocimientos se alineen con sus objetivos comerciales. Nuestro enfoque en la personalizaci\u00f3n garantiza que nuestros clientes reciban el m\u00e1ximo valor de nuestros servicios de an\u00e1lisis de la industria.<\/p>\n<p>\n\n\n<\/p>\n\n\n<h2 class=\"wp-block-heading\">Acerca de SIS Internacional<\/h2>\n\n\n\n<p><a href=\"https:\/\/www.sisinternational.com\/es\/\">SIS Internacional<\/a> ofrece investigaci\u00f3n cuantitativa, cualitativa y estrat\u00e9gica. Proporcionamos datos, herramientas, estrategias, informes y conocimientos para la toma de decisiones. Tambi\u00e9n realizamos entrevistas, encuestas, grupos focales y otros m\u00e9todos y enfoques de investigaci\u00f3n de mercado.<a href=\"https:\/\/www.sisinternational.com\/es\/sobre-la-investigacion-internacional-de-sis\/contact-sis-international-market-research\/\"> P\u00f3ngase en contacto con nosotros<\/a> para su pr\u00f3ximo proyecto de Investigaci\u00f3n de Mercado.<\/p>\n\n\n\n<hr class=\"wp-block-separator has-alpha-channel-opacity\"\/>","protected":false},"excerpt":{"rendered":"<p>Top Industry Analysis Company in NY New York is one of the most competitive business environments in the world \u2013 and companies need a deep understanding of industry trends, competitor dynamics, and customer needs to succeed here. This is where a top industry analysis company in NY becomes an invaluable partner! What is Industry Analysis? &#8230; <a title=\"La mejor empresa de an\u00e1lisis de la industria en Nueva York\" class=\"read-more\" href=\"https:\/\/www.sisinternational.com\/es\/cobertura\/north-america\/cobertura-de-estados-unidos\/la-mejor-empresa-de-analisis-de-la-industria-en-nueva-york\/\" aria-label=\"Leer m\u00e1s sobre Top Industry Analysis Company in NY\">Leer m\u00e1s<\/a><\/p>","protected":false},"author":1,"featured_media":66478,"parent":19303,"menu_order":79,"comment_status":"closed","ping_status":"closed","template":"","meta":{"footnotes":""},"class_list":["post-54082","page","type-page","status-publish","has-post-thumbnail"],"_links":{"self":[{"href":"https:\/\/www.sisinternational.com\/es\/wp-json\/wp\/v2\/pages\/54082","targetHints":{"allow":["GET"]}}],"collection":[{"href":"https:\/\/www.sisinternational.com\/es\/wp-json\/wp\/v2\/pages"}],"about":[{"href":"https:\/\/www.sisinternational.com\/es\/wp-json\/wp\/v2\/types\/page"}],"author":[{"embeddable":true,"href":"https:\/\/www.sisinternational.com\/es\/wp-json\/wp\/v2\/users\/1"}],"replies":[{"embeddable":true,"href":"https:\/\/www.sisinternational.com\/es\/wp-json\/wp\/v2\/comments?post=54082"}],"version-history":[{"count":12,"href":"https:\/\/www.sisinternational.com\/es\/wp-json\/wp\/v2\/pages\/54082\/revisions"}],"predecessor-version":[{"id":80491,"href":"https:\/\/www.sisinternational.com\/es\/wp-json\/wp\/v2\/pages\/54082\/revisions\/80491"}],"up":[{"embeddable":true,"href":"https:\/\/www.sisinternational.com\/es\/wp-json\/wp\/v2\/pages\/19303"}],"wp:featuredmedia":[{"embeddable":true,"href":"https:\/\/www.sisinternational.com\/es\/wp-json\/wp\/v2\/media\/66478"}],"wp:attachment":[{"href":"https:\/\/www.sisinternational.com\/es\/wp-json\/wp\/v2\/media?parent=54082"}],"curies":[{"name":"wp","href":"https:\/\/api.w.org\/{rel}","templated":true}]}}