{"id":54074,"date":"2024-11-14T05:18:04","date_gmt":"2024-11-14T10:18:04","guid":{"rendered":"https:\/\/www.sisinternational.com\/?page_id=54074"},"modified":"2026-03-25T01:00:39","modified_gmt":"2026-03-25T05:00:39","slug":"empresa-de-evaluacion-comparativa-de-los-principales-competidores","status":"publish","type":"page","link":"https:\/\/www.sisinternational.com\/es\/soluciones\/consultoria-estrategica\/empresa-de-evaluacion-comparativa-de-los-principales-competidores\/","title":{"rendered":"Empresa de evaluaci\u00f3n comparativa de los principales competidores"},"content":{"rendered":"<h1 class=\"wp-block-heading\">Empresa de evaluaci\u00f3n comparativa de los principales competidores<\/h1>\n\n\n\n<figure class=\"gb-block-image gb-block-image-bc59f4fd\"><img loading=\"lazy\" decoding=\"async\" width=\"1456\" height=\"816\" class=\"gb-image gb-image-bc59f4fd\" src=\"https:\/\/www.sisinternational.com\/wp-content\/uploads\/2025\/09\/Research-17.jpg\" alt=\"Investigaci\u00f3n y estrategia de mercado internacional de SIS\" title=\"Research (17)\" srcset=\"https:\/\/www.sisinternational.com\/wp-content\/uploads\/2025\/09\/Research-17.jpg 1456w, https:\/\/www.sisinternational.com\/wp-content\/uploads\/2025\/09\/Research-17-300x168.jpg 300w, https:\/\/www.sisinternational.com\/wp-content\/uploads\/2025\/09\/Research-17-1024x574.jpg 1024w, https:\/\/www.sisinternational.com\/wp-content\/uploads\/2025\/09\/Research-17-768x430.jpg 768w, https:\/\/www.sisinternational.com\/wp-content\/uploads\/2025\/09\/Research-17-18x10.jpg 18w\" sizes=\"auto, (max-width: 1456px) 100vw, 1456px\"><\/figure>\n\n\n\n<p><\/p>\n\n\n\n<h3 class=\"wp-block-heading\">Trabajar con una empresa de evaluaci\u00f3n comparativa de competidores l\u00edder como SIS International puede ayudarle a identificar oportunidades de crecimiento, mejora de la eficiencia y mayor satisfacci\u00f3n del cliente.<\/h3>\n\n\n\n<p>\u00bfC\u00f3mo puede su empresa mantenerse a la vanguardia en el panorama competitivo actual? La evaluaci\u00f3n comparativa de la competencia es la clave para obtener informaci\u00f3n sobre el rendimiento de la industria, las fortalezas de la competencia y las \u00e1reas en las que su empresa puede obtener una ventaja. Asociarse con una empresa l\u00edder en evaluaci\u00f3n comparativa de la competencia brinda a las empresas las herramientas y la informaci\u00f3n basada en datos para mejorar la toma de decisiones estrat\u00e9gicas y mantener la competitividad.<\/p>\n\n\n\n<h2 class=\"wp-block-heading\">\u00bfQu\u00e9 es el benchmarking de la competencia?<\/h2>\n\n\n\n<p>La evaluaci\u00f3n comparativa de la competencia permite a las empresas evaluar su desempe\u00f1o en relaci\u00f3n con los actores clave de la industria. Las empresas pueden obtener informaci\u00f3n que impulse mejoras e innovaci\u00f3n al comprender qu\u00e9 hacen bien sus competidores y en qu\u00e9 aspectos pueden fallar. Este proceso ayuda a las empresas a identificar las mejores pr\u00e1cticas, comprender su posici\u00f3n competitiva y reconocer \u00e1reas de mejora.<\/p>\n\n\n\n<p>A <a href=\"https:\/\/www.sisinternational.com\/es\/la-mejor-empresa-de-analisis-de-la-industria-en-nueva-york\/\" title=\"La mejor empresa de an\u00e1lisis de la industria en Nueva York\"  data-wpil-monitor-id=\"1128\">Empresa de evaluaci\u00f3n comparativa de los principales competidores<\/a> utilizes various metrics such as financial performance, customer satisfaction, operational efficiency, and marketing effectiveness, to analyze competitors&#8217; strengths and weaknesses.&nbsp;<\/p>\n\n\n\n<h2 class=\"wp-block-heading\">Principales beneficios del benchmarking de la competencia<\/h2>\n\n\n\n<figure class=\"gb-block-image gb-block-image-5755d0dc\"><img loading=\"lazy\" decoding=\"async\" width=\"1456\" height=\"816\" class=\"gb-image gb-image-5755d0dc\" src=\"https:\/\/www.sisinternational.com\/wp-content\/uploads\/2025\/09\/Research-4.jpg\" alt=\"Investigaci\u00f3n y estrategia de mercado internacional de SIS\" title=\"Research (4)\" srcset=\"https:\/\/www.sisinternational.com\/wp-content\/uploads\/2025\/09\/Research-4.jpg 1456w, https:\/\/www.sisinternational.com\/wp-content\/uploads\/2025\/09\/Research-4-300x168.jpg 300w, https:\/\/www.sisinternational.com\/wp-content\/uploads\/2025\/09\/Research-4-1024x574.jpg 1024w, https:\/\/www.sisinternational.com\/wp-content\/uploads\/2025\/09\/Research-4-768x430.jpg 768w, https:\/\/www.sisinternational.com\/wp-content\/uploads\/2025\/09\/Research-4-18x10.jpg 18w\" sizes=\"auto, (max-width: 1456px) 100vw, 1456px\"><\/figure>\n\n\n\n<p><\/p>\n\n\n\n<p>Asociarse con una empresa de evaluaci\u00f3n comparativa de competidores l\u00edderes ofrece varios beneficios que pueden tener un impacto significativo en el crecimiento y el \u00e9xito del negocio:<\/p>\n\n\n\n<ul class=\"wp-block-list\">\n<li><strong>Identificaci\u00f3n de las mejores pr\u00e1cticas<\/strong>Al analizar las estrategias y pr\u00e1cticas de los principales competidores, las empresas pueden determinar qu\u00e9 funciona bien en la industria y adoptar enfoques similares para mejorar su desempe\u00f1o.<\/li>\n\n\n\n<li><strong>Descubriendo oportunidades de mejora<\/strong>:La evaluaci\u00f3n comparativa de la competencia destaca las \u00e1reas en las que una empresa puede fallar en comparaci\u00f3n con sus competidores. Estos conocimientos permiten a las empresas realizar ajustes estrat\u00e9gicos y mejorar la eficiencia.<\/li>\n\n\n\n<li><strong>Toma de decisiones mejorada<\/strong>:Con acceso a datos detallados de la competencia, las empresas pueden tomar decisiones m\u00e1s informadas sobre el desarrollo de productos, estrategias de marketing, precios y servicio al cliente.<\/li>\n\n\n\n<li><strong>Fortalecimiento de la posici\u00f3n competitiva<\/strong>:Comprender las fortalezas y debilidades de sus competidores le permitir\u00e1 crear estrategias que aprovechen sus vulnerabilidades y al mismo tiempo aprovechen sus fortalezas.<\/li>\n\n\n\n<li><strong>Impulsando la innovaci\u00f3n<\/strong>:La evaluaci\u00f3n comparativa de la competencia fomenta la innovaci\u00f3n al identificar brechas en el mercado o \u00e1reas en las que los competidores pueden no satisfacer plenamente las necesidades de los clientes. Esto brinda oportunidades para desarrollar nuevos productos o servicios que cubran esas brechas.<\/li>\n<\/ul>\n\n\n\n<h2 class=\"wp-block-heading\">Servicios ofrecidos por las principales empresas de benchmarking de la competencia<\/h2>\n\n\n\n<p><a href=\"https:\/\/www.sisinternational.com\/es\/empresa-lider-en-inteligencia-competitiva\/\" title=\"Empresa l\u00edder en inteligencia competitiva\"  data-wpil-monitor-id=\"1257\">Top competitor benchmarking companies<\/a> like SIS provide a wide range of services that allow businesses to thoroughly understand their competitive landscape. These services offer actionable insights that enhance strategic planning, optimize operations, and improve customer experiences. The key services provided include:<\/p>\n\n\n\n<p>Las principales empresas de evaluaci\u00f3n comparativa de la competencia ofrecen una amplia gama de servicios para ayudar a las empresas a obtener informaci\u00f3n valiosa sobre su panorama competitivo. Estos servicios incluyen:<\/p>\n\n\n\n<ul class=\"wp-block-list\">\n<li><strong>An\u00e1lisis de m\u00e9tricas de rendimiento<\/strong>:Evaluar indicadores clave de rendimiento (KPI), como el crecimiento de los ingresos, los m\u00e1rgenes de ganancia y la participaci\u00f3n de mercado para comprender c\u00f3mo se compara su negocio con los competidores.<\/li>\n\n\n\n<li><strong>Evaluaci\u00f3n comparativa de la experiencia del cliente<\/strong>:Analizar los comentarios de los clientes, los puntajes de satisfacci\u00f3n y las m\u00e9tricas de lealtad para comprender c\u00f3mo los clientes perciben a sus competidores e identificar \u00e1reas de mejora.<\/li>\n\n\n\n<li><strong>Evaluaci\u00f3n de la eficiencia operativa<\/strong>:Comparar procesos operativos, costos de producci\u00f3n y utilizaci\u00f3n de recursos para identificar oportunidades para mejorar la eficiencia y reducir costos.<\/li>\n\n\n\n<li><strong>An\u00e1lisis comparativo de estrategias de marketing y ventas<\/strong>:Evaluar las campa\u00f1as de marketing, las estrategias de ventas y los modelos de precios de los competidores para identificar t\u00e1cticas efectivas y \u00e1reas en las que su empresa puede diferenciarse.<\/li>\n\n\n\n<li><strong>Comparaci\u00f3n de productos y servicios<\/strong>:Analizar las caracter\u00edsticas, los precios y la calidad de los productos y servicios de la competencia para determinar c\u00f3mo se comparan sus ofertas e identificar \u00e1reas de mejora.<\/li>\n<\/ul>\n\n\n\n<h2 class=\"wp-block-heading\">C\u00f3mo la evaluaci\u00f3n comparativa de la competencia orienta la toma de decisiones estrat\u00e9gicas<\/h2>\n\n\n\n<p>Al comparar el desempe\u00f1o, los procesos y las percepciones de los clientes con los de los competidores clave, las empresas obtienen informaci\u00f3n que les permite tomar decisiones estrat\u00e9gicas de gran alcance, desde el desarrollo de productos hasta la fijaci\u00f3n de precios. A continuaci\u00f3n, se muestra c\u00f3mo la evaluaci\u00f3n comparativa de la competencia informa directamente la toma de decisiones estrat\u00e9gicas.<\/p>\n\n\n\n<p><\/p>\n\n\n<div class=\"wp-block-image\">\n<figure class=\"aligncenter size-full\"><img loading=\"lazy\" decoding=\"async\" width=\"655\" height=\"457\" src=\"https:\/\/www.sisinternational.com\/wp-content\/uploads\/2024\/11\/Top-Competitor-Benchmarking-Company.png\" alt=\"Investigaci\u00f3n y estrategia de mercado internacional de SIS\" class=\"wp-image-54075\" srcset=\"https:\/\/www.sisinternational.com\/wp-content\/uploads\/2024\/11\/Top-Competitor-Benchmarking-Company.png 655w, https:\/\/www.sisinternational.com\/wp-content\/uploads\/2024\/11\/Top-Competitor-Benchmarking-Company-300x209.png 300w, https:\/\/www.sisinternational.com\/wp-content\/uploads\/2024\/11\/Top-Competitor-Benchmarking-Company-18x12.png 18w\" sizes=\"auto, (max-width: 655px) 100vw, 655px\" \/><\/figure>\n<\/div>\n\n\n<p><\/p>\n\n\n\n<p><strong>Orientaci\u00f3n en el desarrollo y la innovaci\u00f3n de productos<\/strong><strong><br><\/strong>La evaluaci\u00f3n comparativa de la competencia proporciona una visi\u00f3n detallada de las caracter\u00edsticas, tecnolog\u00edas e innovaciones que impulsan el \u00e9xito en el mercado. Al analizar las ofertas de productos de la competencia, las empresas pueden identificar qu\u00e9 caracter\u00edsticas o beneficios son los m\u00e1s valorados por los clientes y d\u00f3nde existen brechas u oportunidades de diferenciaci\u00f3n. Por ejemplo, si la evaluaci\u00f3n comparativa revela que la competencia se centra en materiales ecol\u00f3gicos o soluciones personalizables, una empresa puede incorporar estas caracter\u00edsticas para atraer a las preferencias cambiantes de los clientes.&nbsp;<\/p>\n\n\n\n<p><strong>C\u00f3mo dise\u00f1ar una estrategia de precios para obtener una ventaja competitiva<\/strong><strong><br><\/strong>La fijaci\u00f3n de precios es un aspecto fundamental de la competitividad, y la evaluaci\u00f3n comparativa de la competencia es esencial para establecer niveles de precios que maximicen los ingresos y sigan siendo atractivos para los clientes. Mediante la evaluaci\u00f3n comparativa de precios, las empresas comprenden c\u00f3mo se comparan sus precios con los de la competencia y pueden ajustarlos en consecuencia. Si una empresa descubre que sus precios son significativamente m\u00e1s altos sin ofrecer un valor adicional, puede decidir revisar su estructura de precios o introducir opciones escalonadas.&nbsp;<\/p>\n\n\n\n<p><strong>Mejorar la experiencia y la satisfacci\u00f3n del cliente<\/strong><strong><br><\/strong>Un componente clave de la evaluaci\u00f3n comparativa de la competencia es evaluar c\u00f3mo los competidores interact\u00faan con sus clientes y los retienen. Al analizar las opiniones, los comentarios y las m\u00e9tricas de satisfacci\u00f3n de los clientes, las empresas obtienen informaci\u00f3n sobre lo que los clientes aprecian o desagradan de los servicios de la competencia. Esta comprensi\u00f3n permite a las empresas ajustar sus estrategias de experiencia del cliente.&nbsp;<\/p>\n\n\n\n<p><strong>Mejorar la eficacia del marketing y las ventas<\/strong><strong><br><\/strong>La evaluaci\u00f3n comparativa de la competencia ayuda a las empresas a comprender qu\u00e9 mensajes, canales y t\u00e1cticas tienen mayor impacto en el p\u00fablico objetivo. Por ejemplo, si las campa\u00f1as en las redes sociales de un competidor generan una gran participaci\u00f3n, una empresa puede mejorar su estrategia en las redes sociales para seguir siendo relevante. De manera similar, si la evaluaci\u00f3n comparativa revela que el marketing de contenido de un competidor est\u00e1 atrayendo clientes potenciales, una empresa puede adoptar estrategias similares para aumentar su alcance.&nbsp;<\/p>\n\n\n\n<p><strong>Optimizaci\u00f3n de la eficiencia operativa<\/strong><strong><br><\/strong>M\u00e1s all\u00e1 de las \u00e1reas de atenci\u00f3n al cliente, la evaluaci\u00f3n comparativa de la competencia tambi\u00e9n informa sobre las mejoras de los procesos internos que mejoran la eficiencia operativa general. Una empresa l\u00edder en evaluaci\u00f3n comparativa de la competencia proporciona informaci\u00f3n sobre las mejores pr\u00e1cticas operativas, lo que permite a las empresas reducir costos, mejorar la productividad y asignar recursos de manera m\u00e1s eficaz.<\/p>\n\n\n\n<p><strong>Informar sobre la asignaci\u00f3n estrat\u00e9gica de recursos<\/strong><strong><br><\/strong>El benchmarking proporciona una visi\u00f3n clara de d\u00f3nde invierten sus recursos los competidores, ya sea en I+D, marketing o tecnolog\u00eda. Al comprender estas asignaciones, las empresas pueden determinar si est\u00e1n invirtiendo adecuadamente o si es necesario realizar ajustes para mantenerse al d\u00eda. Por ejemplo, si los competidores destinan recursos importantes a la transformaci\u00f3n digital, una empresa puede decidir invertir de manera similar para seguir siendo competitiva.&nbsp;<\/p>\n\n\n\n<p><strong>Identificaci\u00f3n de oportunidades de crecimiento y brechas de mercado<\/strong><strong><br><\/strong>Al analizar las debilidades de los competidores o los segmentos de clientes desatendidos, las empresas pueden desarrollar estrategias para llenar esos vac\u00edos. Por ejemplo, si un competidor no tiene ofertas para las peque\u00f1as empresas, una empresa podr\u00eda crear un producto o servicio espec\u00edfico para satisfacer esa demanda. Identificar y aprovechar estas oportunidades de crecimiento permite a las empresas diferenciarse y aprovechar nuevas fuentes de ingresos, fortaleciendo su posicionamiento competitivo.<\/p>\n\n\n\n<h2 class=\"wp-block-heading\">C\u00f3mo elegir el socio adecuado para realizar evaluaciones comparativas de la competencia<\/h2>\n\n\n\n<figure class=\"gb-block-image gb-block-image-5f756c12\"><img loading=\"lazy\" decoding=\"async\" width=\"1456\" height=\"816\" class=\"gb-image gb-image-5f756c12\" src=\"https:\/\/www.sisinternational.com\/wp-content\/uploads\/2025\/09\/Focus-group-recruitment-5.jpg\" alt=\"Investigaci\u00f3n y estrategia de mercado internacional de SIS\" title=\"Focus group recruitment (5)\" srcset=\"https:\/\/www.sisinternational.com\/wp-content\/uploads\/2025\/09\/Focus-group-recruitment-5.jpg 1456w, https:\/\/www.sisinternational.com\/wp-content\/uploads\/2025\/09\/Focus-group-recruitment-5-300x168.jpg 300w, https:\/\/www.sisinternational.com\/wp-content\/uploads\/2025\/09\/Focus-group-recruitment-5-1024x574.jpg 1024w, https:\/\/www.sisinternational.com\/wp-content\/uploads\/2025\/09\/Focus-group-recruitment-5-768x430.jpg 768w, https:\/\/www.sisinternational.com\/wp-content\/uploads\/2025\/09\/Focus-group-recruitment-5-18x10.jpg 18w\" sizes=\"auto, (max-width: 1456px) 100vw, 1456px\"><\/figure>\n\n\n\n<p><\/p>\n\n\n\n<p>Seleccionar el socio adecuado para realizar evaluaciones comparativas de la competencia es crucial para las empresas que buscan una visi\u00f3n clara y pr\u00e1ctica de su posici\u00f3n en el mercado. Una empresa l\u00edder en evaluaciones comparativas de la competencia proporciona datos e informaci\u00f3n valiosa que impulsan decisiones estrat\u00e9gicas y ventajas competitivas. A continuaci\u00f3n, se indican los factores clave que se deben tener en cuenta al elegir un socio para evaluaciones comparativas de la competencia.<\/p>\n\n\n\n<p><strong>Eval\u00fae su experiencia en la industria y su trayectoria<\/strong><strong><br><\/strong>La experiencia espec\u00edfica de la industria es esencial para la evaluaci\u00f3n comparativa de la competencia, ya que cada sector tiene din\u00e1micas, comportamientos de los clientes y requisitos regulatorios \u00fanicos. Una empresa l\u00edder en evaluaci\u00f3n comparativa de la competencia debe tener experiencia trabajando con empresas que enfrentan desaf\u00edos similares, lo que le permite brindar informaci\u00f3n contextualmente relevante que oriente las mejoras estrat\u00e9gicas.<\/p>\n\n\n\n<p><strong>Evaluar la precisi\u00f3n de sus datos y sus metodolog\u00edas<\/strong><strong><br><\/strong>Elija un socio que priorice la precisi\u00f3n de los datos y utilice fuentes confiables para recopilar informaci\u00f3n competitiva. Una empresa de evaluaci\u00f3n comparativa de la competencia de primer nivel utilizar\u00e1 una combinaci\u00f3n de an\u00e1lisis de datos, investigaci\u00f3n de mercado y herramientas patentadas para garantizar informaci\u00f3n confiable y significativa. Las metodolog\u00edas transparentes demuestran el compromiso de la empresa con la entrega de datos imparciales y procesables en los que puede confiar.<\/p>\n\n\n\n<p><strong>Considere el uso de herramientas y tecnolog\u00edas avanzadas<\/strong><strong><br><\/strong>Elija un socio que aproveche tecnolog\u00edas avanzadas como plataformas de an\u00e1lisis de datos, an\u00e1lisis de opiniones y herramientas de monitoreo de redes sociales para captar informaci\u00f3n en tiempo real y tendencias emergentes. Las herramientas avanzadas tambi\u00e9n permiten a su socio brindar comparaciones m\u00e1s precisas y detalladas, lo que da como resultado una comprensi\u00f3n integral de su posici\u00f3n competitiva.<\/p>\n\n\n\n<p><strong>Evaluar sus pr\u00e1cticas de informaci\u00f3n y comunicaci\u00f3n<\/strong><strong><br><\/strong>El valor de los datos de evaluaci\u00f3n comparativa depende de la claridad con la que se comuniquen. Elija un socio de evaluaci\u00f3n comparativa que ofrezca informes estructurados y f\u00e1ciles de entender y que est\u00e9 abierto a la comunicaci\u00f3n peri\u00f3dica. Una comunicaci\u00f3n eficaz incluye reuniones para analizar los hallazgos, abordar preguntas y garantizar que todas las partes interesadas comprendan los datos proporcionados.<\/p>\n\n\n\n<p><strong>Busque un socio con una mentalidad colaborativa a largo plazo<\/strong><strong><br><\/strong>Los mejores socios de evaluaci\u00f3n comparativa de la competencia se consideran colaboradores a largo plazo que respaldan el crecimiento de su empresa a lo largo del tiempo. Busque una empresa que ofrezca apoyo constante, sesiones de seguimiento y revisiones peri\u00f3dicas para mantenerse actualizado sobre los cambios en el panorama competitivo.&nbsp;<\/p>\n\n\n\n<p><strong>Priorizar la confidencialidad y los est\u00e1ndares \u00e9ticos<\/strong><strong><br><\/strong>Es fundamental trabajar con un socio que respete altos est\u00e1ndares \u00e9ticos y mantenga una estricta confidencialidad con respecto a sus datos y conocimientos. Pregunte sobre sus pol\u00edticas \u00e9ticas y su compromiso con la protecci\u00f3n de datos para asegurarse de que su informaci\u00f3n se maneje de manera responsable. Una empresa de evaluaci\u00f3n comparativa de la competencia de buena reputaci\u00f3n habr\u00e1 establecido pr\u00e1cticas para proteger sus datos y mantener el profesionalismo en todos los aspectos del an\u00e1lisis competitivo.<\/p>\n\n\n\n<h2 class=\"wp-block-heading\">Por qu\u00e9 SIS International es la mejor empresa de evaluaci\u00f3n comparativa de la competencia para su negocio<\/h2>\n\n\n\n<p><a href=\"https:\/\/www.linkedin.com\/company\/sisinternationalresearch\/\" target=\"_blank\" rel=\"noopener\">SIS Internacional<\/a> es la opci\u00f3n l\u00edder para las empresas que aprovechan la evaluaci\u00f3n comparativa de la competencia para obtener una ventaja competitiva. Con nuestra amplia experiencia, herramientas avanzadas y un enfoque centrado en el cliente, proporcionamos los conocimientos que impulsan el \u00e9xito empresarial. A continuaci\u00f3n, se detallan las razones por las que SIS International se destaca como la principal empresa de evaluaci\u00f3n comparativa de la competencia:<\/p>\n\n\n\n<ul class=\"wp-block-list\">\n<li><strong>Amplia experiencia y conocimientos comprobados<\/strong>:Con m\u00e1s de 40 a\u00f1os de experiencia en evaluaci\u00f3n comparativa de la competencia, <a href=\"https:\/\/medium.com\/@sisinternational\/sis-international-c17160da8fac\" target=\"_blank\" rel=\"noopener\">SIS<\/a> Ha ayudado a algunas de las empresas m\u00e1s exitosas del mundo a mejorar su posici\u00f3n competitiva.<br><\/li>\n\n\n\n<li><strong>Enfoque basado en datos<\/strong>Aprovechamos tecnolog\u00edas avanzadas, que incluyen inteligencia artificial, an\u00e1lisis de datos y paneles de control en tiempo real, para brindar informaci\u00f3n precisa y oportuna que ayude a nuestros clientes a mantenerse por delante de la competencia.<br><\/li>\n\n\n\n<li><strong>Soluciones de evaluaci\u00f3n comparativa personalizadas<\/strong>Entendemos que cada negocio es \u00fanico. SIS International ofrece soluciones de evaluaci\u00f3n comparativa personalizadas que satisfacen las necesidades espec\u00edficas de cada cliente, garantizando que la informaci\u00f3n proporcionada sea relevante y procesable.<br><\/li>\n\n\n\n<li><strong>Alcance global y diversidad de la industria<\/strong>:Nuestra experiencia abarca m\u00e1s de 135 pa\u00edses y diversas industrias, desde peque\u00f1as empresas emergentes hasta compa\u00f1\u00edas de Fortune 500. Este amplio alcance nos permite brindar informaci\u00f3n valiosa relevante para diferentes mercados.<br><\/li>\n\n\n\n<li><strong>Compromiso con el \u00e9xito del cliente<\/strong>: En <a href=\"https:\/\/twitter.com\/SISIntlResearch\" target=\"_blank\" rel=\"noopener\">SIS<\/a>Priorizamos la entrega de valor a nuestros clientes. Nuestro enfoque centrado en el cliente garantiza que cada soluci\u00f3n que brindamos est\u00e9 alineada con los objetivos y desaf\u00edos \u00fanicos del cliente, ayud\u00e1ndolo a lograr sus objetivos estrat\u00e9gicos.<\/li>\n<\/ul>\n\n\n\n<h2 class=\"wp-block-heading\">Acerca de SIS Internacional<\/h2>\n\n\n\n<p><a href=\"https:\/\/www.sisinternational.com\/es\/\">SIS Internacional<\/a> ofrece investigaci\u00f3n cuantitativa, cualitativa y estrat\u00e9gica. Proporcionamos datos, herramientas, estrategias, informes y conocimientos para la toma de decisiones. Tambi\u00e9n realizamos entrevistas, encuestas, grupos focales y otros m\u00e9todos y enfoques de investigaci\u00f3n de mercado.<a href=\"https:\/\/www.sisinternational.com\/es\/sobre-la-investigacion-internacional-de-sis\/contact-sis-international-market-research\/\"> P\u00f3ngase en contacto con nosotros<\/a> para su pr\u00f3ximo proyecto de Investigaci\u00f3n de Mercado.<\/p>\n\n\n\n<hr class=\"wp-block-separator has-alpha-channel-opacity\"\/>","protected":false},"excerpt":{"rendered":"<p>Top Competitor Benchmarking Company Working with a top competitor benchmarking company like SIS International can help you identify opportunities for growth, efficiency improvement, and enhanced customer satisfaction. How can your business stay ahead in today\u2019s competitive landscape? Competitor benchmarking is the key to unlocking insights into industry performance, competitor strengths, and areas where your company &#8230; <a title=\"Empresa de evaluaci\u00f3n comparativa de los principales competidores\" class=\"read-more\" href=\"https:\/\/www.sisinternational.com\/es\/soluciones\/consultoria-estrategica\/empresa-de-evaluacion-comparativa-de-los-principales-competidores\/\" aria-label=\"Leer m\u00e1s sobre Top Competitor Benchmarking Company\">Leer m\u00e1s<\/a><\/p>","protected":false},"author":1,"featured_media":69512,"parent":14567,"menu_order":47,"comment_status":"closed","ping_status":"closed","template":"","meta":{"footnotes":""},"class_list":["post-54074","page","type-page","status-publish","has-post-thumbnail"],"_links":{"self":[{"href":"https:\/\/www.sisinternational.com\/es\/wp-json\/wp\/v2\/pages\/54074","targetHints":{"allow":["GET"]}}],"collection":[{"href":"https:\/\/www.sisinternational.com\/es\/wp-json\/wp\/v2\/pages"}],"about":[{"href":"https:\/\/www.sisinternational.com\/es\/wp-json\/wp\/v2\/types\/page"}],"author":[{"embeddable":true,"href":"https:\/\/www.sisinternational.com\/es\/wp-json\/wp\/v2\/users\/1"}],"replies":[{"embeddable":true,"href":"https:\/\/www.sisinternational.com\/es\/wp-json\/wp\/v2\/comments?post=54074"}],"version-history":[{"count":9,"href":"https:\/\/www.sisinternational.com\/es\/wp-json\/wp\/v2\/pages\/54074\/revisions"}],"predecessor-version":[{"id":75637,"href":"https:\/\/www.sisinternational.com\/es\/wp-json\/wp\/v2\/pages\/54074\/revisions\/75637"}],"up":[{"embeddable":true,"href":"https:\/\/www.sisinternational.com\/es\/wp-json\/wp\/v2\/pages\/14567"}],"wp:featuredmedia":[{"embeddable":true,"href":"https:\/\/www.sisinternational.com\/es\/wp-json\/wp\/v2\/media\/69512"}],"wp:attachment":[{"href":"https:\/\/www.sisinternational.com\/es\/wp-json\/wp\/v2\/media?parent=54074"}],"curies":[{"name":"wp","href":"https:\/\/api.w.org\/{rel}","templated":true}]}}