{"id":54070,"date":"2024-11-13T05:14:13","date_gmt":"2024-11-13T10:14:13","guid":{"rendered":"https:\/\/www.sisinternational.com\/?page_id=54070"},"modified":"2026-03-05T23:16:08","modified_gmt":"2026-03-06T04:16:08","slug":"la-principal-empresa-de-seguimiento-de-tendencias-del-mercado-b2b","status":"publish","type":"page","link":"https:\/\/www.sisinternational.com\/es\/soluciones\/investigacion-de-mercado-b2b\/la-principal-empresa-de-seguimiento-de-tendencias-del-mercado-b2b\/","title":{"rendered":"Principal empresa de monitoreo de tendencias del mercado B2B"},"content":{"rendered":"<h1 class=\"wp-block-heading\">Principal empresa de monitoreo de tendencias del mercado B2B<\/h1>\n\n\n\n<figure class=\"gb-block-image gb-block-image-ce400581\"><img loading=\"lazy\" decoding=\"async\" width=\"1456\" height=\"816\" class=\"gb-image gb-image-ce400581\" src=\"https:\/\/www.sisinternational.com\/wp-content\/uploads\/2025\/08\/B2Bjpg-6.jpg\" alt=\"Investigaci\u00f3n y estrategia de mercado internacional de SIS\" title=\"B2Bjpg (6)\" srcset=\"https:\/\/www.sisinternational.com\/wp-content\/uploads\/2025\/08\/B2Bjpg-6.jpg 1456w, https:\/\/www.sisinternational.com\/wp-content\/uploads\/2025\/08\/B2Bjpg-6-300x168.jpg 300w, https:\/\/www.sisinternational.com\/wp-content\/uploads\/2025\/08\/B2Bjpg-6-1024x574.jpg 1024w, https:\/\/www.sisinternational.com\/wp-content\/uploads\/2025\/08\/B2Bjpg-6-768x430.jpg 768w, https:\/\/www.sisinternational.com\/wp-content\/uploads\/2025\/08\/B2Bjpg-6-18x10.jpg 18w\" sizes=\"auto, (max-width: 1456px) 100vw, 1456px\"><\/figure>\n\n\n\n<hr class=\"wp-block-separator has-alpha-channel-opacity is-style-dots\"\/>\n\n\n\n<h3 class=\"wp-block-heading\">Asociarse con una empresa l\u00edder en monitoreo de tendencias del mercado B2B proporciona a las empresas las herramientas y los conocimientos para mantenerse por delante de la competencia y tomar decisiones estrat\u00e9gicas proactivas.<\/h3>\n\n\n\n<p>How can your business stay competitive in a rapidly changing market? B2B market trends monitoring helps companies understand shifts in their industry, anticipate changes, and make informed decisions. <\/p>\n\n\n\n<h2 class=\"wp-block-heading\">Comprensi\u00f3n de las tendencias del mercado B2B<\/h2>\n\n\n\n<p><a href=\"https:\/\/sisaisolutions.com\/application-of-ai-in-b2b\/\" target=\"_blank\" rel=\"noopener\">B2B market trends monitoring<\/a> is the process of systematically tracking and analyzing changes in the business landscape to inform strategic decision-making. It involves monitoring key market indicators, customer preferences, competitor activities, and industry developments to comprehensively understand the current environment.<\/p>\n\n\n\n<p>Market trends monitoring also involves evaluating historical data to identify long-term patterns and predict future changes. Effective monitoring includes analyzing macroeconomic factors, technological advancements, and consumer behavior trends to create a well-rounded market landscape view.<\/p>\n\n\n\n<h2 class=\"wp-block-heading\">Principales beneficios del monitoreo de las tendencias del mercado<\/h2>\n\n\n\n<figure class=\"gb-block-image gb-block-image-d086a672\"><img loading=\"lazy\" decoding=\"async\" width=\"1456\" height=\"816\" class=\"gb-image gb-image-d086a672\" src=\"https:\/\/www.sisinternational.com\/wp-content\/uploads\/2025\/08\/Computer-Assisted-Telephone-Interviewing-1.jpg\" alt=\"Investigaci\u00f3n y estrategia de mercado internacional de SIS\" title=\"Computer Assisted Telephone Interviewing (1)\" srcset=\"https:\/\/www.sisinternational.com\/wp-content\/uploads\/2025\/08\/Computer-Assisted-Telephone-Interviewing-1.jpg 1456w, https:\/\/www.sisinternational.com\/wp-content\/uploads\/2025\/08\/Computer-Assisted-Telephone-Interviewing-1-300x168.jpg 300w, https:\/\/www.sisinternational.com\/wp-content\/uploads\/2025\/08\/Computer-Assisted-Telephone-Interviewing-1-1024x574.jpg 1024w, https:\/\/www.sisinternational.com\/wp-content\/uploads\/2025\/08\/Computer-Assisted-Telephone-Interviewing-1-768x430.jpg 768w, https:\/\/www.sisinternational.com\/wp-content\/uploads\/2025\/08\/Computer-Assisted-Telephone-Interviewing-1-18x10.jpg 18w\" sizes=\"auto, (max-width: 1456px) 100vw, 1456px\"><\/figure>\n\n\n\n<p><\/p>\n\n\n\n<p>Partnering with a <a href=\"https:\/\/www.sisinternational.com\/es\/empresa-lider-en-estrategias-de-marketing\/\" title=\"Empresa l\u00edder en estrategias de marketing\" data-wpil-monitor-id=\"994\">top B2B market trends monitoring company<\/a> offers several key benefits, including:<\/p>\n\n\n\n<ul class=\"wp-block-list\">\n<li><strong>Previsi\u00f3n mejorada<\/strong>: Monitoring market trends helps businesses anticipate changes and plan for the future. Companies can make more accurate forecasts and align their <a href=\"https:\/\/www.sisinternational.com\/es\/fintech-trends-2025\/\" title=\"FinTech Trends\" data-wpil-monitor-id=\"6644\">strategies by understanding emerging trends<\/a>.&nbsp;<\/li>\n\n\n\n<li><strong>Competitividad mejorada<\/strong>: Staying informed about industry trends ensures that businesses remain competitive. Companies aware of shifts in the <a href=\"https:\/\/www.sisinternational.com\/es\/empresa-de-evaluacion-comparativa-de-los-principales-competidores\/\" title=\"Empresa de evaluaci\u00f3n comparativa de los principales competidores\" data-wpil-monitor-id=\"1207\">market<\/a> can adapt their offerings to meet changing customer needs and outpace their competitors.&nbsp;<\/li>\n\n\n\n<li><strong>Ajustes proactivos de la estrategia<\/strong>:Monitorear las tendencias del mercado permite a las empresas ajustar proactivamente sus estrategias, garantizando que sigan siendo relevantes y alineadas con las demandas del mercado.&nbsp;<\/li>\n\n\n\n<li><strong>Decisiones basadas en datos<\/strong>: By tracking market trends, businesses can make informed, data-driven decisions that lead to better outcomes. A top B2B <a href=\"https:\/\/www.sisinternational.com\/es\/b2b-customer-experience-the-ultimate-guide-to-building-loyalty-that-lasts\/\" title=\"B2B Customer Experience: The Ultimate Guide to Building Loyalty That Lasts\" data-wpil-monitor-id=\"510\">market trends monitoring company<\/a> provides the insights to guide strategic decisions supporting growth and success.&nbsp;<\/li>\n\n\n\n<li><strong>Identificaci\u00f3n de oportunidades emergentes<\/strong>: Monitoring market trends allows businesses to identify opportunities before competitors. <\/li>\n<\/ul>\n\n\n\n<h2 class=\"wp-block-heading\">Servicios ofrecidos por las principales empresas de monitoreo de tendencias del mercado B2B<\/h2>\n\n\n\n<p><a href=\"https:\/\/www.sisinternational.com\/es\/la-mejor-empresa-de-analisis-de-la-industria-en-nueva-york\/\" title=\"La mejor empresa de an\u00e1lisis de la industria en Nueva York\" data-wpil-monitor-id=\"1130\">Top B2B market trends monitoring companies<\/a> offer services designed to help businesses stay ahead of the curve. Some key services include:<\/p>\n\n\n\n<p><\/p>\n\n\n<div class=\"wp-block-image\">\n<figure class=\"aligncenter size-full\"><img loading=\"lazy\" decoding=\"async\" width=\"624\" height=\"492\" src=\"https:\/\/www.sisinternational.com\/wp-content\/uploads\/2024\/11\/Top-B2B-Market-Trends-Monitoring-Company.png\" alt=\"Investigaci\u00f3n y estrategia de mercado internacional de SIS\" class=\"wp-image-54071\" srcset=\"https:\/\/www.sisinternational.com\/wp-content\/uploads\/2024\/11\/Top-B2B-Market-Trends-Monitoring-Company.png 624w, https:\/\/www.sisinternational.com\/wp-content\/uploads\/2024\/11\/Top-B2B-Market-Trends-Monitoring-Company-300x237.png 300w, https:\/\/www.sisinternational.com\/wp-content\/uploads\/2024\/11\/Top-B2B-Market-Trends-Monitoring-Company-15x12.png 15w\" sizes=\"auto, (max-width: 624px) 100vw, 624px\" \/><\/figure>\n<\/div>\n\n\n<p><\/p>\n\n\n\n<p><\/p>\n\n\n\n<ul class=\"wp-block-list\">\n<li><strong>An\u00e1lisis de tendencia<\/strong>: Identifying and analyzing emerging trends that could impact the business. It helps companies understand how market changes affect their industry and plan accordingly. Trend analysis involves assessing factors such as technological advancements, regulatory changes, and shifts in consumer behavior.<\/li>\n\n\n\n<li><strong>Evaluaci\u00f3n comparativa de la competencia<\/strong>: Monitoreo de las actividades de los competidores para identificar fortalezas, debilidades y oportunidades. La evaluaci\u00f3n comparativa de la competencia ayuda a las empresas a comprender su posici\u00f3n competitiva y a realizar ajustes estrat\u00e9gicos. Incluye la evaluaci\u00f3n de los productos de los competidores, las estrategias de precios, las iniciativas de marketing y la satisfacci\u00f3n del cliente.<\/li>\n\n\n\n<li><strong>Estudios de mercado<\/strong>:Realizar estudios de mercado exhaustivos para recopilar informaci\u00f3n sobre las necesidades de los clientes, la demanda del mercado y los avances de la industria. Los estudios de mercado proporcionan la base para una toma de decisiones informada.<\/li>\n\n\n\n<li><strong>Pron\u00f3stico de la industria<\/strong>: Predecir las condiciones futuras del mercado en funci\u00f3n de las tendencias actuales. Las previsiones del sector ayudan a las empresas a prepararse para los pr\u00f3ximos desaf\u00edos y oportunidades, lo que garantiza que se mantengan por delante de la competencia.&nbsp;<\/li>\n<\/ul>\n\n\n\n<h2 class=\"wp-block-heading\">C\u00f3mo aprovechar las tendencias del mercado para el crecimiento empresarial<\/h2>\n\n\n\n<figure class=\"gb-block-image gb-block-image-f2a1d6b8\"><img loading=\"lazy\" decoding=\"async\" width=\"1456\" height=\"816\" class=\"gb-image gb-image-f2a1d6b8\" src=\"https:\/\/www.sisinternational.com\/wp-content\/uploads\/2025\/09\/Research-11.jpg\" alt=\"Investigaci\u00f3n y estrategia de mercado internacional de SIS\" title=\"Research (11)\" srcset=\"https:\/\/www.sisinternational.com\/wp-content\/uploads\/2025\/09\/Research-11.jpg 1456w, https:\/\/www.sisinternational.com\/wp-content\/uploads\/2025\/09\/Research-11-300x168.jpg 300w, https:\/\/www.sisinternational.com\/wp-content\/uploads\/2025\/09\/Research-11-1024x574.jpg 1024w, https:\/\/www.sisinternational.com\/wp-content\/uploads\/2025\/09\/Research-11-768x430.jpg 768w, https:\/\/www.sisinternational.com\/wp-content\/uploads\/2025\/09\/Research-11-18x10.jpg 18w\" sizes=\"auto, (max-width: 1456px) 100vw, 1456px\"><\/figure>\n\n\n\n<p><\/p>\n\n\n\n<p>El seguimiento de las tendencias del mercado solo es valioso si la informaci\u00f3n se utiliza de forma eficaz. A continuaci\u00f3n, se indican algunas formas en las que las empresas pueden aprovechar el seguimiento de las tendencias del mercado para crecer:<\/p>\n\n\n\n<ul class=\"wp-block-list\">\n<li><strong>Innovaci\u00f3n de producto<\/strong>:Al comprender las tendencias emergentes, las empresas pueden desarrollar productos innovadores que satisfagan las nuevas necesidades de los clientes. Por ejemplo, una empresa que identifica una tendencia hacia productos sostenibles puede crear ofertas ecol\u00f3gicas para captar participaci\u00f3n de mercado. La innovaci\u00f3n impulsada por las tendencias del mercado ayuda a las empresas a seguir siendo relevantes y atraer nuevos clientes.<\/li>\n\n\n\n<li><strong>Expansi\u00f3n de mercado<\/strong>: Monitoring market trends helps businesses identify new expansion opportunities. For instance, identifying a growing demand for digital services can lead a company to expand its offerings.<\/li>\n\n\n\n<li><strong>Optimizaci\u00f3n operativa<\/strong>: Insights from market trends monitoring can also be used to optimize internal operations. For example, identifying trends in supply chain management can help businesses improve efficiency and reduce costs. Businesses can adopt new technologies or processes to enhance productivity and meet evolving market expectations.<\/li>\n\n\n\n<li><strong>Estrategia de mercadeo<\/strong>:El seguimiento de las tendencias del mercado permite conocer las preferencias de los clientes, lo que permite a las empresas adaptar sus estrategias de marketing para captar la atenci\u00f3n de su p\u00fablico objetivo. Por ejemplo, si una tendencia muestra un mayor inter\u00e9s en las experiencias digitales, las empresas pueden ajustar sus campa\u00f1as de marketing para centrarse en la interacci\u00f3n en l\u00ednea.<\/li>\n\n\n\n<li><strong>Mejora de la experiencia del cliente<\/strong>:Entender las tendencias del mercado puede ayudar a las empresas a mejorar las experiencias de los clientes. Al hacer un seguimiento de los cambios en las preferencias de los clientes, las empresas pueden adaptar sus servicios para satisfacer mejor sus necesidades y aumentar la satisfacci\u00f3n.<\/li>\n<\/ul>\n\n\n\n<h2 class=\"wp-block-heading\"><strong>C\u00f3mo el seguimiento de las tendencias del mercado respalda la planificaci\u00f3n estrat\u00e9gica y la innovaci\u00f3n<\/strong><\/h2>\n\n\n\n<p>Market trend monitoring gives companies the insights needed to make proactive, informed decisions. It enables them to pivot quickly, align their offerings with customer demands, and identify new growth opportunities. Here\u2019s how trend monitoring directly supports these efforts.<\/p>\n\n\n\n<p><strong>Informaci\u00f3n en tiempo real para la planificaci\u00f3n estrat\u00e9gica a largo plazo<\/strong><strong><br><\/strong>By regularly tracking these trends, companies can identify which areas to invest in, where to cut back, and how to allocate resources for maximum impact. A <a href=\"https:\/\/www.sisinternational.com\/es\/la-mejor-empresa-con-estrategia-de-salida-al-mercado-b2b\/\" title=\"La mejor empresa de estrategia de salida al mercado B2B\" data-wpil-monitor-id=\"1357\">top B2B market trends monitoring company<\/a> delivers timely insights that allow businesses to anticipate changes and incorporate flexibility into their plans, ensuring their strategy remains relevant.<\/p>\n\n\n\n<p><strong>Orientaci\u00f3n en el desarrollo y la innovaci\u00f3n de productos<\/strong><strong><br><\/strong>El seguimiento de tendencias es invaluable para orientar la innovaci\u00f3n de productos, ya que ayuda a las empresas a identificar los puntos d\u00e9biles de los clientes, las necesidades emergentes y las \u00e1reas de diferenciaci\u00f3n. Las empresas pueden desarrollar productos o servicios que aborden las demandas actuales y previstas mediante el an\u00e1lisis de datos sobre la evoluci\u00f3n de las preferencias de los clientes y los avances tecnol\u00f3gicos. Por ejemplo, si el seguimiento de tendencias indica una demanda creciente de soluciones sostenibles, una empresa puede priorizar el dise\u00f1o de productos ecol\u00f3gicos, posicion\u00e1ndose como l\u00edder en sostenibilidad.&nbsp;<\/p>\n\n\n\n<p><strong>Mejorar el posicionamiento competitivo y la diferenciaci\u00f3n<br><\/strong>Market trend monitoring enables businesses to stay informed about competitor actions and industry benchmarks, allowing them to refine their positioning and stand out. For example, if a competitor focuses on cost-cutting measures, a business may emphasize quality or service excellence as a differentiator.&nbsp;<\/p>\n\n\n\n<p><strong>Fomentando la agilidad y la capacidad de respuesta en la toma de decisiones<\/strong><strong><br><\/strong>A top B2B <a href=\"https:\/\/www.sisinternational.com\/es\/b2b-go-to-market-strategy\/\" title=\"B2B Go-to-Market Strategy\" data-wpil-monitor-id=\"800\">market trends monitoring company<\/a> provides real-time data and predictive analytics that allow companies to make agile adjustments to their strategies. For instance, if data indicates a shift toward digital purchasing, a business can quickly invest in e-commerce capabilities to meet customer expectations. This responsiveness ensures that companies adapt to change and actively position themselves to capitalize on new trends.<\/p>\n\n\n\n<p><strong>Mitigaci\u00f3n de riesgos y garant\u00eda de resiliencia estrat\u00e9gica<br><\/strong>One key benefit of market trends monitoring is its ability to highlight potential risks and threats, such as regulatory changes, economic downturns, or technological disruptions. A <a href=\"https:\/\/www.sisinternational.com\/es\/la-principal-empresa-de-generacion-de-demanda-b2b\/\" title=\"Principal empresa de generaci\u00f3n de demanda B2B\" data-wpil-monitor-id=\"1382\">top B2B market trends monitoring company<\/a> offers insights into these external pressures, helping companies adjust their strategies to remain resilient.&nbsp;<\/p>\n\n\n\n<h2 class=\"wp-block-heading\">C\u00f3mo elegir el socio adecuado para el seguimiento de las tendencias del mercado B2B<\/h2>\n\n\n\n<figure class=\"gb-block-image gb-block-image-d403f693\"><img loading=\"lazy\" decoding=\"async\" width=\"1456\" height=\"816\" class=\"gb-image gb-image-d403f693\" src=\"https:\/\/www.sisinternational.com\/wp-content\/uploads\/2025\/08\/B2Bjpg-7.jpg\" alt=\"Investigaci\u00f3n y estrategia de mercado internacional de SIS\" title=\"B2Bjpg (7)\" srcset=\"https:\/\/www.sisinternational.com\/wp-content\/uploads\/2025\/08\/B2Bjpg-7.jpg 1456w, https:\/\/www.sisinternational.com\/wp-content\/uploads\/2025\/08\/B2Bjpg-7-300x168.jpg 300w, https:\/\/www.sisinternational.com\/wp-content\/uploads\/2025\/08\/B2Bjpg-7-1024x574.jpg 1024w, https:\/\/www.sisinternational.com\/wp-content\/uploads\/2025\/08\/B2Bjpg-7-768x430.jpg 768w, https:\/\/www.sisinternational.com\/wp-content\/uploads\/2025\/08\/B2Bjpg-7-18x10.jpg 18w\" sizes=\"auto, (max-width: 1456px) 100vw, 1456px\"><\/figure>\n\n\n\n<p><\/p>\n\n\n\n<p>Elegir la empresa de seguimiento de tendencias del mercado B2B adecuada es crucial para garantizar el \u00e9xito. A continuaci\u00f3n, se indican algunos factores clave a tener en cuenta:<\/p>\n\n\n\n<ul class=\"wp-block-list\">\n<li><strong>Experiencia en la industria<\/strong>:Elija una empresa con amplia experiencia en su sector. El conocimiento espec\u00edfico del sector garantiza que la informaci\u00f3n proporcionada sea relevante y pr\u00e1ctica.<\/li>\n\n\n\n<li><strong>Acceso a los datos<\/strong>: A <a href=\"https:\/\/www.sisinternational.com\/es\/la-principal-empresa-de-prevision-de-tendencias-de-la-industria-b2b\/\" title=\"Principal empresa de previsi\u00f3n de tendencias de la industria B2B\" data-wpil-monitor-id=\"1606\">top B2B market trends monitoring company<\/a> should have access to comprehensive market data and advanced analytical tools.<\/li>\n\n\n\n<li><strong>Soluciones personalizadas<\/strong>Busque una empresa que ofrezca soluciones personalizadas. Es m\u00e1s probable que los conocimientos personalizados generen resultados significativos para su negocio.<\/li>\n\n\n\n<li><strong>Informaci\u00f3n procesable<\/strong>:As\u00f3ciese con una empresa que proporcione datos e informaci\u00f3n \u00fatil. El socio adecuado le ayudar\u00e1 a interpretar los datos y a tomar decisiones estrat\u00e9gicas que respalden el crecimiento.<\/li>\n<\/ul>\n\n\n\n<h2 class=\"wp-block-heading\">Por qu\u00e9 SIS International es la principal empresa de monitoreo de tendencias del mercado B2B<\/h2>\n\n\n\n<p><a href=\"https:\/\/www.linkedin.com\/company\/sisinternationalresearch\/\" target=\"_blank\" rel=\"noopener\">SIS Internacional<\/a> se destaca como la principal empresa de monitoreo de tendencias del mercado B2B por varias razones:<\/p>\n\n\n<p>\n\n\n<\/p>\n<h4 class=\"wp-block-heading\" style=\"padding-left: 40px;\"><strong>Amplia experiencia y alcance global<\/strong><\/h4>\n<p style=\"padding-left: 40px;\">\n\n\n\n<\/p>\n<p style=\"padding-left: 40px;\">Con m\u00e1s de 40 a\u00f1os de experiencia, SIS International ha llevado a cabo proyectos en m\u00e1s de 120 pa\u00edses y ha prestado servicios a algunas de las empresas m\u00e1s grandes e influyentes del mundo. Hemos ayudado a m\u00e1s de 701 000 000 de las empresas de Fortune 500 a lograr un crecimiento sostenible mediante un seguimiento eficaz de las tendencias del mercado.<\/p>\n<p style=\"padding-left: 40px;\">\n\n\n\n<\/p>\n<h4 class=\"wp-block-heading\" style=\"padding-left: 40px;\"><strong>Enfoque basado en datos y herramientas de vanguardia<\/strong><\/h4>\n<p style=\"padding-left: 40px;\">\n\n\n\n<\/p>\n<p style=\"padding-left: 40px;\">Aprovechamos las \u00faltimas tecnolog\u00edas, como inteligencia artificial, blockchain y paneles de control de PowerBi, para brindar informaci\u00f3n completa sobre las tendencias del mercado. Nuestro enfoque basado en datos garantiza que nuestros clientes reciban informaci\u00f3n oportuna y pr\u00e1ctica, lo que les permite mantenerse competitivos y responder a los cambios del mercado.<\/p>\n<p style=\"padding-left: 40px;\">\n\n\n\n<\/p>\n<h4 class=\"wp-block-heading\" style=\"padding-left: 40px;\"><strong>Soluciones personalizadas para el crecimiento B2B<\/strong><\/h4>\n<p style=\"padding-left: 40px;\">\n\n\n\n<\/p>\n<p style=\"padding-left: 40px;\">En <a href=\"https:\/\/twitter.com\/SISIntlResearch\" target=\"_blank\" rel=\"noopener\">SIS<\/a>Entendemos que cada negocio es \u00fanico. Nuestras soluciones est\u00e1n dise\u00f1adas para satisfacer las necesidades espec\u00edficas de cada cliente, ya sea a trav\u00e9s de <a href=\"https:\/\/www.linkedin.com\/pulse\/how-market-research-enables-growth-ruth-stanat-phekf\/\" target=\"_blank\" rel=\"noopener\">investigaci\u00f3n de mercado<\/a>, evaluaci\u00f3n comparativa de la competencia o previsi\u00f3n de la industria. Ofrecemos informaci\u00f3n personalizada que permite a las empresas tomar decisiones estrat\u00e9gicas que impulsan el crecimiento.<\/p>\n<p style=\"padding-left: 40px;\">\n\n\n\n<\/p>\n<h4 class=\"wp-block-heading\" style=\"padding-left: 40px;\"><strong>Historial de \u00e9xito comprobado<\/strong><\/h4>\n<p style=\"padding-left: 40px;\">\n\n\n\n<\/p>\n<p style=\"padding-left: 40px;\">Our experience spans industries and regions, from small start-ups to Fortune 500 companies. We have a proven track record of delivering results that lead to sustainable growth and enhanced competitiveness. Our services include brand consulting, <a class=\"wpil_keyword_link\" href=\"https:\/\/www.sisinternational.com\/es\/soluciones\/si-crecimiento-global\/estrategia-de-entrada-al-mercado\/\" title=\"Consultor\u00eda de entrada al mercado\" data-wpil-keyword-link=\"linked\" data-wpil-monitor-id=\"512\">market entry strategy consulting<\/a>, customer satisfaction research, and more\u2014all designed to help our clients stay ahead of the curve.<\/p>\n<p style=\"padding-left: 40px;\">\n\n\n\n<\/p>\n<h4 class=\"wp-block-heading\" style=\"padding-left: 40px;\"><strong>Equipo de expertos y conocimiento superior del mercado<\/strong><\/h4>\n<p style=\"padding-left: 40px;\">\n\n\n\n<\/p>\n<p style=\"padding-left: 40px;\">Con m\u00e1s de 150 empleados y colaboradores, <a href=\"https:\/\/medium.com\/@sisinternational\/sis-international-c17160da8fac\" target=\"_blank\" rel=\"noopener\">SIS<\/a> brings expertise to every project. Our team\u2019s knowledge and experience in <a href=\"https:\/\/www.sisinternational.com\/es\/la-mejor-empresa-de-investigacion-de-mercados-b2b\/\" title=\"La mejor empresa de investigaci\u00f3n de mercados B2B\" data-wpil-monitor-id=\"1667\">B2B markets make us the top<\/a> choice for businesses seeking a competitive advantage. We pride ourselves on providing valuable insights that help our clients navigate complex market dynamics and achieve their goals.<\/p>\n<p>\n\n\n<\/p>\n<h2>Nuestra ubicaci\u00f3n de instalaciones en Nueva York<\/h2>\n<p><!-- \/wp:post-content --> <!-- wp:html --> <iframe loading=\"lazy\" src=\"https:\/\/www.google.com\/maps\/embed?pb=!1m18!1m12!1m3!1d3022.976188376966!2d-73.99130312499956!3d40.740549471389315!2m3!1f0!2f0!3f0!3m2!1i1024!2i768!4f13.1!3m3!1m2!1s0x89c259a15798c731%3A0xd695d09bdd495f25!2s11%20E%2022nd%20St%20FL%202%2C%20New%20York%2C%20NY%2010010%2C%20USA!5e0!3m2!1sen!2spe!4v1726171763526!5m2!1sen!2spe\" width=\"600\" height=\"450\" allowfullscreen=\"allowfullscreen\" data-mce-fragment=\"1\"><\/iframe> <!-- \/wp:html --> <!-- wp:paragraph --><\/p>\n<h3 class=\"wp-block-heading\">11 E 22nd Street, Piso 2, Nueva York, NY 10010 T: +1(212) 505-6805<\/h3>\n<hr \/>\n<h2><span style=\"font-weight: 400;\">Acerca de SIS Internacional<\/span><\/h2>\n<p><a href=\"https:\/\/www.sisinternational.com\/es\/\"><span style=\"font-weight: 400;\">SIS Internacional<\/span><\/a><span style=\"font-weight: 400;\"> ofrece investigaci\u00f3n cuantitativa, cualitativa y estrat\u00e9gica. Proporcionamos datos, herramientas, estrategias, informes y conocimientos para la toma de decisiones. Tambi\u00e9n realizamos entrevistas, encuestas, grupos focales y otros m\u00e9todos y enfoques de investigaci\u00f3n de mercado.<\/span><a href=\"https:\/\/www.sisinternational.com\/es\/sobre-la-investigacion-internacional-de-sis\/contact-sis-international-market-research\/\"><span style=\"font-weight: 400;\"> P\u00f3ngase en contacto con nosotros<\/span><\/a><span style=\"font-weight: 400;\"> para su pr\u00f3ximo proyecto de Investigaci\u00f3n de Mercado.<\/span><\/p>\n<p><!-- wp:heading --><\/p>\n<h2 class=\"wp-block-heading\"><\/h2>\n<p><!-- \/wp:heading --><\/p>","protected":false},"excerpt":{"rendered":"<p>Top B2B Market Trends Monitoring Company Partnering with a top B2B market trends monitoring company provides businesses with the tools and insights to stay ahead of the competition and make proactive strategic decisions. How can your business stay competitive in a rapidly changing market? B2B market trends monitoring helps companies understand shifts in their industry, &#8230; <a title=\"Principal empresa de monitoreo de tendencias del mercado B2B\" class=\"read-more\" href=\"https:\/\/www.sisinternational.com\/es\/soluciones\/investigacion-de-mercado-b2b\/la-principal-empresa-de-seguimiento-de-tendencias-del-mercado-b2b\/\" aria-label=\"Leer m\u00e1s sobre Top B2B Market Trends Monitoring Company\">Leer m\u00e1s<\/a><\/p>","protected":false},"author":1,"featured_media":62384,"parent":11292,"menu_order":14,"comment_status":"closed","ping_status":"closed","template":"","meta":{"footnotes":""},"class_list":["post-54070","page","type-page","status-publish","has-post-thumbnail"],"_links":{"self":[{"href":"https:\/\/www.sisinternational.com\/es\/wp-json\/wp\/v2\/pages\/54070","targetHints":{"allow":["GET"]}}],"collection":[{"href":"https:\/\/www.sisinternational.com\/es\/wp-json\/wp\/v2\/pages"}],"about":[{"href":"https:\/\/www.sisinternational.com\/es\/wp-json\/wp\/v2\/types\/page"}],"author":[{"embeddable":true,"href":"https:\/\/www.sisinternational.com\/es\/wp-json\/wp\/v2\/users\/1"}],"replies":[{"embeddable":true,"href":"https:\/\/www.sisinternational.com\/es\/wp-json\/wp\/v2\/comments?post=54070"}],"version-history":[{"count":23,"href":"https:\/\/www.sisinternational.com\/es\/wp-json\/wp\/v2\/pages\/54070\/revisions"}],"predecessor-version":[{"id":80224,"href":"https:\/\/www.sisinternational.com\/es\/wp-json\/wp\/v2\/pages\/54070\/revisions\/80224"}],"up":[{"embeddable":true,"href":"https:\/\/www.sisinternational.com\/es\/wp-json\/wp\/v2\/pages\/11292"}],"wp:featuredmedia":[{"embeddable":true,"href":"https:\/\/www.sisinternational.com\/es\/wp-json\/wp\/v2\/media\/62384"}],"wp:attachment":[{"href":"https:\/\/www.sisinternational.com\/es\/wp-json\/wp\/v2\/media?parent=54070"}],"curies":[{"name":"wp","href":"https:\/\/api.w.org\/{rel}","templated":true}]}}