{"id":53949,"date":"2024-11-09T06:16:08","date_gmt":"2024-11-09T11:16:08","guid":{"rendered":"https:\/\/www.sisinternational.com\/?page_id=53949"},"modified":"2026-03-05T23:18:27","modified_gmt":"2026-03-06T04:18:27","slug":"investigacion-de-estrategia-de-precios-b2b","status":"publish","type":"page","link":"https:\/\/www.sisinternational.com\/es\/soluciones\/investigacion-de-mercado-b2b\/investigacion-de-estrategia-de-precios-b2b\/","title":{"rendered":"Investigaci\u00f3n de estrategia de precios B2B"},"content":{"rendered":"<h1 class=\"gb-headline gb-headline-d41b8528 gb-headline-text\">Investigaci\u00f3n de estrategia de precios B2B<\/h1>\n\n\n\n<figure class=\"gb-block-image gb-block-image-0a7e81d0\"><img loading=\"lazy\" decoding=\"async\" width=\"1456\" height=\"816\" class=\"gb-image gb-image-0a7e81d0\" src=\"https:\/\/www.sisinternational.com\/wp-content\/uploads\/2025\/08\/B2Bjpg-3.jpg\" alt=\"Investigaci\u00f3n y estrategia de mercado internacional de SIS\" title=\"B2Bjpg (3)\" srcset=\"https:\/\/www.sisinternational.com\/wp-content\/uploads\/2025\/08\/B2Bjpg-3.jpg 1456w, https:\/\/www.sisinternational.com\/wp-content\/uploads\/2025\/08\/B2Bjpg-3-300x168.jpg 300w, https:\/\/www.sisinternational.com\/wp-content\/uploads\/2025\/08\/B2Bjpg-3-1024x574.jpg 1024w, https:\/\/www.sisinternational.com\/wp-content\/uploads\/2025\/08\/B2Bjpg-3-768x430.jpg 768w, https:\/\/www.sisinternational.com\/wp-content\/uploads\/2025\/08\/B2Bjpg-3-18x10.jpg 18w\" sizes=\"auto, (max-width: 1456px) 100vw, 1456px\"><\/figure>\n\n\n\n<p><\/p>\n\n\n\n<hr class=\"wp-block-separator has-alpha-channel-opacity is-style-dots\"\/>\n\n\n\n<h3 class=\"wp-block-heading\">La investigaci\u00f3n de la estrategia de precios B2B proporciona la base para tomar decisiones de precios informadas, lo que permite a las empresas maximizar su rentabilidad y al mismo tiempo responder a los cambios del mercado.<\/h3>\n\n\n\n<p>En un mercado competitivo, determinar el precio correcto puede marcar la diferencia entre prosperar o simplemente sobrevivir, y la investigaci\u00f3n de la estrategia de precios B2B ayuda a las empresas a desarrollar modelos de precios \u00f3ptimos que maximizan la rentabilidad y garantizan una ventaja competitiva.<\/p>\n\n\n\n<h2 class=\"wp-block-heading\">\u00bfQu\u00e9 es la investigaci\u00f3n de estrategia de precios B2B?<\/h2>\n\n\n\n<p>La investigaci\u00f3n de estrategias de precios B2B se centra en comprender las fuerzas del mercado, las preferencias de los clientes y el panorama competitivo que afectan las decisiones de fijaci\u00f3n de precios. Implica recopilar y analizar datos para determinar las mejores estructuras de precios para productos y servicios. El objetivo es crear estrategias de precios que maximicen los ingresos y, al mismo tiempo, garanticen la competitividad y la satisfacci\u00f3n del cliente.<\/p>\n\n\n\n<p><a href=\"https:\/\/sisaisolutions.com\/application-of-ai-in-b2b\/\" target=\"_blank\" rel=\"noopener\">B2B pricing strategy research<\/a> also involves evaluating different pricing models to determine which approach best suits the company&#8217;s goals. It provides insights into choosing a strategy that drives profitability while maintaining a solid market position.<\/p>\n\n\n\n<h2 class=\"wp-block-heading\">\u00bfPor qu\u00e9 es crucial la investigaci\u00f3n de la estrategia de precios B2B?<\/h2>\n\n\n\n<figure class=\"gb-block-image gb-block-image-e388b282\"><img loading=\"lazy\" decoding=\"async\" width=\"1456\" height=\"816\" class=\"gb-image gb-image-e388b282\" src=\"https:\/\/www.sisinternational.com\/wp-content\/uploads\/2025\/09\/Research-12.jpg\" alt=\"Investigaci\u00f3n y estrategia de mercado internacional de SIS\" title=\"Research (12)\" srcset=\"https:\/\/www.sisinternational.com\/wp-content\/uploads\/2025\/09\/Research-12.jpg 1456w, https:\/\/www.sisinternational.com\/wp-content\/uploads\/2025\/09\/Research-12-300x168.jpg 300w, https:\/\/www.sisinternational.com\/wp-content\/uploads\/2025\/09\/Research-12-1024x574.jpg 1024w, https:\/\/www.sisinternational.com\/wp-content\/uploads\/2025\/09\/Research-12-768x430.jpg 768w, https:\/\/www.sisinternational.com\/wp-content\/uploads\/2025\/09\/Research-12-18x10.jpg 18w\" sizes=\"auto, (max-width: 1456px) 100vw, 1456px\"><\/figure>\n\n\n\n<p><\/p>\n\n\n\n<p>Pricing in the B2B environment is inherently complex due to factors such as lengthy sales cycles, the involvement of multiple stakeholders, and fluctuating market conditions. B2B <a class=\"wpil_keyword_link\" href=\"https:\/\/www.sisinternational.com\/es\/soluciones\/investigacion-de-consultoria-estrategica-fintech\/estrategia-para-colocar-precios\/\" title=\"Investigaci\u00f3n de estrategia de precios\" data-wpil-keyword-link=\"linked\" data-wpil-monitor-id=\"185\">pricing strategy research<\/a> is crucial because it gives businesses the insights to navigate these complexities and make informed pricing decisions.<\/p>\n\n\n\n<p>Without proper research, companies risk setting prices that are either too high, driving customers away, or too low, eroding profitability. However, <a href=\"https:\/\/www.sisinternational.com\/es\/b2b-go-to-market-strategy\/\" title=\"B2B Go-to-Market Strategy\" data-wpil-monitor-id=\"794\">B2B pricing strategy<\/a> research provides a data-driven approach to pricing. It ensures that pricing models are competitive and sustainable, supporting long-term growth and stability.<\/p>\n\n\n\n<h2 class=\"wp-block-heading\">Principales servicios ofrecidos por las empresas de investigaci\u00f3n de estrategias de precios B2B<\/h2>\n\n\n\n<p>B2B pricing <a href=\"https:\/\/www.sisinternational.com\/es\/redes-sociales-en-pequenas-empresas\/\" title=\"Estrategias de redes sociales para peque\u00f1as empresas\" data-wpil-monitor-id=\"7527\">strategy research<\/a> firms offer multiple services to help businesses develop effective pricing strategies. Some key services include:<\/p>\n\n\n\n<ul class=\"wp-block-list\">\n<li><strong>An\u00e1lisis de mercado<\/strong>: Comprender el panorama del mercado, incluida la demanda de los clientes, los precios competitivos y las tendencias de la industria. El an\u00e1lisis de mercado ayuda a las empresas a identificar su posici\u00f3n en el mercado y c\u00f3mo pueden posicionar sus productos de manera eficaz.<\/li>\n\n\n\n<li><strong>Optimizaci\u00f3n de precios<\/strong>:Uso de enfoques basados en datos para determinar los precios \u00f3ptimos de productos y servicios. La optimizaci\u00f3n de precios implica probar diferentes escenarios de precios para encontrar el equilibrio que maximice la rentabilidad y mantenga la satisfacci\u00f3n del cliente.<\/li>\n\n\n\n<li><strong>Evaluaci\u00f3n del valor del cliente<\/strong>: Evaluar c\u00f3mo perciben los clientes el valor de un producto o servicio. Comprender el valor para el cliente es esencial para establecer precios que reflejen los beneficios que se le brindan y justifiquen el precio cobrado.<\/li>\n\n\n\n<li><strong>Evaluaci\u00f3n comparativa de la competencia<\/strong>:An\u00e1lisis de las estrategias de precios de los competidores para determinar c\u00f3mo se comparan los precios de una empresa en el mercado. La evaluaci\u00f3n comparativa de la competencia ayuda a las empresas a comprender su posici\u00f3n competitiva e identificar oportunidades para diferenciar sus precios.<\/li>\n<\/ul>\n\n\n\n<h2 class=\"wp-block-heading\">Tipos de estrategias de precios B2B<\/h2>\n\n\n\n<p>Existen varios tipos de estrategias de precios que las empresas B2B pueden utilizar, cada una de ellas adecuada a diferentes modelos de negocio y condiciones de mercado. Algunas estrategias de precios B2B habituales son:<\/p>\n\n\n\n<p><\/p>\n\n\n\n<figure class=\"gb-block-image gb-block-image-d38c2ccf\"><img loading=\"lazy\" decoding=\"async\" width=\"492\" height=\"480\" class=\"gb-image gb-image-d38c2ccf\" src=\"https:\/\/www.sisinternational.com\/wp-content\/uploads\/2024\/11\/Pricing.png\" alt=\"Investigaci\u00f3n y estrategia de mercado internacional de SIS\" title=\"Precios\" srcset=\"https:\/\/www.sisinternational.com\/wp-content\/uploads\/2024\/11\/Pricing.png 492w, https:\/\/www.sisinternational.com\/wp-content\/uploads\/2024\/11\/Pricing-300x293.png 300w, https:\/\/www.sisinternational.com\/wp-content\/uploads\/2024\/11\/Pricing-12x12.png 12w\" sizes=\"auto, (max-width: 492px) 100vw, 492px\"><\/figure>\n\n\n\n<p><\/p>\n\n\n\n<ul class=\"wp-block-list\">\n<li><strong>Precios basados en el valor<\/strong>:Esta estrategia implica fijar precios en funci\u00f3n del valor percibido por el cliente en lugar del costo de producci\u00f3n. Funciona bien cuando un producto ofrece beneficios \u00fanicos por los que los clientes est\u00e1n dispuestos a pagar una prima.<\/li>\n\n\n\n<li><strong>Precios de costo m\u00e1s margen<\/strong>: Adding a markup to the cost of producing a product to determine the selling price. <\/li>\n\n\n\n<li><strong>Precios din\u00e1micos<\/strong>: Ajuste de precios en funci\u00f3n de la demanda del mercado, la competencia u otros factores externos. Los precios din\u00e1micos suelen emplearse en sectores con demanda fluctuante o donde los ajustes de precios en tiempo real pueden impulsar la rentabilidad.<\/li>\n\n\n\n<li><strong>Precios escalonados<\/strong>:Ofrecer distintos niveles de precios en funci\u00f3n de la cantidad adquirida o las funciones incluidas. Los precios por niveles son habituales en las industrias de software y servicios, donde las empresas pueden ofrecer varios paquetes para satisfacer las distintas necesidades de los clientes.<\/li>\n<\/ul>\n\n\n\n<h2 class=\"wp-block-heading\">C\u00f3mo la investigaci\u00f3n de estrategias de precios B2B impulsa el crecimiento empresarial<\/h2>\n\n\n\n<p>Al comprender las percepciones de los clientes, la din\u00e1mica del mercado y el panorama competitivo, las empresas pueden tomar decisiones basadas en datos que mejoren los ingresos, mejoren la penetraci\u00f3n en el mercado y fortalezcan la lealtad de los clientes. A continuaci\u00f3n, se muestra c\u00f3mo la investigaci\u00f3n de la estrategia de precios B2B contribuye directamente al crecimiento empresarial.<\/p>\n\n\n\n<p><strong>Maximizar los ingresos mediante precios optimizados<\/strong><strong><br><\/strong>Una de las principales formas en que la investigaci\u00f3n de la estrategia de precios B2B impulsa el crecimiento es permitiendo a las empresas maximizar los ingresos. La investigaci\u00f3n de precios identifica el precio \u00f3ptimo que equilibra la rentabilidad con la disposici\u00f3n del cliente a pagar. Una estrategia de precios bien informada garantiza que las empresas aprovechen al m\u00e1ximo el valor de sus ofertas sin disuadir a los clientes potenciales. Por ejemplo, la investigaci\u00f3n puede revelar que los clientes est\u00e1n dispuestos a pagar m\u00e1s por un valor a\u00f1adido, como servicios personalizados o una entrega m\u00e1s r\u00e1pida, lo que permite a las empresas introducir niveles de precios premium.&nbsp;<\/p>\n\n\n\n<p><strong>Mejorar la penetraci\u00f3n en el mercado y el posicionamiento competitivo<\/strong><strong><br><\/strong>La investigaci\u00f3n de la estrategia de precios B2B proporciona informaci\u00f3n sobre las estructuras de precios de la competencia, lo que permite a las empresas establecer precios que sean atractivos para los clientes potenciales y que se diferencien estrat\u00e9gicamente. Por ejemplo, la investigaci\u00f3n de precios puede revelar una oportunidad para introducir una oferta de nivel de entrada de menor precio que atraiga a los clientes sensibles a los costos, allanando el camino para la venta cruzada o la venta adicional de productos de mayor valor.&nbsp;<\/p>\n\n\n\n<p><strong>Apoyo a la innovaci\u00f3n de productos y a la fijaci\u00f3n de precios basada en el valor<\/strong><strong><br><\/strong>Al comprender qu\u00e9 caracter\u00edsticas o servicios valoran m\u00e1s los clientes, las empresas pueden refinar sus ofertas para alinearlas con las preferencias de los clientes. Por ejemplo, si la investigaci\u00f3n indica que los clientes est\u00e1n dispuestos a pagar una prima por caracter\u00edsticas avanzadas o una mejor atenci\u00f3n al cliente, una empresa puede concentrar sus recursos en desarrollar estos elementos. La fijaci\u00f3n de precios basada en el valor, que establece los precios de acuerdo con el valor percibido del producto, permite a las empresas cobrar una prima por caracter\u00edsticas que brindan beneficios significativos a los clientes.&nbsp;<\/p>\n\n\n\n<p><strong>Mejorar los m\u00e1rgenes de beneficio y reducir la sensibilidad a los precios<br><\/strong>B2B pricing strategy research helps companies identify opportunities to increase profit margins without alienating customers. Through price sensitivity analysis, companies can understand how price changes affect demand and determine which customers are less sensitive to price adjustments.&nbsp;<\/p>\n\n\n\n<p><strong>Permitiendo agilidad y capacidad de respuesta en las decisiones de precios<\/strong><strong><br><\/strong><a href=\"https:\/\/www.sisinternational.com\/es\/estrategia-de-marketing-multicanal-b2b\/\" title=\"Estrategia de marketing multicanal B2B\" data-wpil-monitor-id=\"843\">B2B pricing strategy research<\/a> enables companies to adjust to pricing based on market changes, competitor actions, or shifts in customer demand. With regular updates from pricing research, companies can stay proactive, adjusting their pricing models as needed to maintain relevance and appeal.&nbsp;<\/p>\n\n\n\n<h2 class=\"wp-block-heading\">C\u00f3mo elegir la empresa de investigaci\u00f3n de estrategia de precios B2B adecuada<\/h2>\n\n\n\n<figure class=\"gb-block-image gb-block-image-5a01ae8e\"><img loading=\"lazy\" decoding=\"async\" width=\"1456\" height=\"816\" class=\"gb-image gb-image-5a01ae8e\" src=\"https:\/\/www.sisinternational.com\/wp-content\/uploads\/2025\/09\/Quantitative-research-18.jpg\" alt=\"Investigaci\u00f3n y estrategia de mercado internacional de SIS\" title=\"Quantitative research (18)\" srcset=\"https:\/\/www.sisinternational.com\/wp-content\/uploads\/2025\/09\/Quantitative-research-18.jpg 1456w, https:\/\/www.sisinternational.com\/wp-content\/uploads\/2025\/09\/Quantitative-research-18-300x168.jpg 300w, https:\/\/www.sisinternational.com\/wp-content\/uploads\/2025\/09\/Quantitative-research-18-1024x574.jpg 1024w, https:\/\/www.sisinternational.com\/wp-content\/uploads\/2025\/09\/Quantitative-research-18-768x430.jpg 768w, https:\/\/www.sisinternational.com\/wp-content\/uploads\/2025\/09\/Quantitative-research-18-18x10.jpg 18w\" sizes=\"auto, (max-width: 1456px) 100vw, 1456px\"><\/figure>\n\n\n\n<p><\/p>\n\n\n\n<p>Seleccionar la empresa de investigaci\u00f3n de estrategias de precios B2B adecuada es esencial para obtener resultados exitosos. A continuaci\u00f3n, se indican algunas consideraciones clave a tener en cuenta al elegir un socio de investigaci\u00f3n de precios:<\/p>\n\n\n\n<ul class=\"wp-block-list\">\n<li><strong>Experiencia en la industria<\/strong>Busque una empresa con amplia experiencia en su sector. Un conocimiento profundo de la din\u00e1mica espec\u00edfica del sector garantizar\u00e1 que la informaci\u00f3n proporcionada sea relevante y pr\u00e1ctica.<\/li>\n\n\n\n<li><strong>Trayectoria comprobada<\/strong>:Elija una empresa con una trayectoria comprobada de ayudar a las empresas B2B a tener \u00e9xito. Los estudios de casos y los testimonios de clientes pueden brindar informaci\u00f3n valiosa sobre las capacidades de la empresa y los resultados que ha obtenido para otras empresas.<\/li>\n\n\n\n<li><strong>Enfoque personalizado<\/strong>:La empresa de investigaci\u00f3n adecuada debe ofrecer soluciones personalizadas que satisfagan las necesidades espec\u00edficas de su empresa. Un enfoque personalizado garantizar\u00e1 que las recomendaciones de precios se ajusten a sus objetivos y a las condiciones del mercado.<\/li>\n<\/ul>\n\n\n\n<figure class=\"gb-block-image gb-block-image-57b65d8b\"><img loading=\"lazy\" decoding=\"async\" width=\"1456\" height=\"816\" class=\"gb-image gb-image-57b65d8b\" src=\"https:\/\/www.sisinternational.com\/wp-content\/uploads\/2025\/09\/Quantitative-research-1d4-1.jpg\" alt=\"Investigaci\u00f3n y estrategia de mercado internacional de SIS\" title=\"Quantitative research (1d4) (1)\" srcset=\"https:\/\/www.sisinternational.com\/wp-content\/uploads\/2025\/09\/Quantitative-research-1d4-1.jpg 1456w, https:\/\/www.sisinternational.com\/wp-content\/uploads\/2025\/09\/Quantitative-research-1d4-1-300x168.jpg 300w, https:\/\/www.sisinternational.com\/wp-content\/uploads\/2025\/09\/Quantitative-research-1d4-1-1024x574.jpg 1024w, https:\/\/www.sisinternational.com\/wp-content\/uploads\/2025\/09\/Quantitative-research-1d4-1-768x430.jpg 768w, https:\/\/www.sisinternational.com\/wp-content\/uploads\/2025\/09\/Quantitative-research-1d4-1-18x10.jpg 18w\" sizes=\"auto, (max-width: 1456px) 100vw, 1456px\"><\/figure>\n\n\n\n<p><\/p>\n\n\n\n<h2 class=\"wp-block-heading\">Por qu\u00e9 SIS International es el mejor socio de investigaci\u00f3n en estrategias de precios B2B<\/h2>\n\n\n\n<p>Partnering with the right pricing <a href=\"https:\/\/www.sisinternational.com\/es\/optimizacion-de-sitios-web-corporativos-para-el-retorno-de-la-inversion\/\" title=\"Optimizaci\u00f3n de sitios web corporativos para el retorno de la inversi\u00f3n\" data-wpil-monitor-id=\"7602\">strategy research<\/a> firm can make all the difference in achieving optimal pricing and maximizing profitability. With its extensive experience and proven expertise, SIS International is the ideal B2B pricing strategy research partner. Here\u2019s why SIS International stands out as the best choice for your business:<\/p>\n\n\n<p>\n\n\n<\/p>\n<h4 class=\"wp-block-heading\" style=\"padding-left: 40px;\"><strong>Amplia experiencia y conocimiento en la industria<\/strong><\/h4>\n<p style=\"padding-left: 40px;\">\n\n\n\n<\/p>\n<p style=\"padding-left: 40px;\"><a href=\"https:\/\/www.linkedin.com\/company\/sisinternationalresearch\/\" target=\"_blank\" rel=\"noopener\">SIS Internacional<\/a> Tiene m\u00e1s de 40 a\u00f1os de experiencia brindando <a href=\"https:\/\/www.linkedin.com\/pulse\/how-market-research-enables-growth-ruth-stanat-phekf\/\" target=\"_blank\" rel=\"noopener\">investigaci\u00f3n de mercado<\/a> y servicios de consultor\u00eda para empresas B2B de diversas industrias. Nuestro profundo conocimiento de la din\u00e1mica de la industria nos permite ofrecer informaci\u00f3n adaptada espec\u00edficamente a las necesidades de las empresas B2B, ayud\u00e1ndolas a desarrollar estrategias de precios efectivas.<\/p>\n<p style=\"padding-left: 40px;\">\n\n\n\n<\/p>\n<h4 class=\"wp-block-heading\" style=\"padding-left: 40px;\"><strong>Soluciones basadas en datos para optimizar los precios<\/strong><\/h4>\n<p style=\"padding-left: 40px;\">\n\n\n\n<\/p>\n<p style=\"padding-left: 40px;\">En SIS International, utilizamos metodolog\u00edas basadas en datos para brindar informaci\u00f3n \u00fatil que optimice los precios. Nuestro enfoque integral incluye an\u00e1lisis de mercado, evaluaci\u00f3n comparativa de la competencia y evaluaci\u00f3n del valor para el cliente, lo que garantiza que nuestros clientes reciban las recomendaciones de precios m\u00e1s precisas y relevantes.\u00a0<\/p>\n<p style=\"padding-left: 40px;\">\n\n\n\n<\/p>\n<h4 class=\"wp-block-heading\" style=\"padding-left: 40px;\"><strong>Historial de \u00e9xito comprobado<\/strong><\/h4>\n<p style=\"padding-left: 40px;\">\n\n\n\n<\/p>\n<p style=\"padding-left: 40px;\"><a href=\"https:\/\/twitter.com\/SISIntlResearch\" target=\"_blank\" rel=\"noopener\">SIS<\/a> has successfully helped numerous B2B companies develop and implement effective pricing strategies. Our proven track record of delivering results is reflected in our clients&#8217; success stories, who have seen improved profitability and market positioning thanks to our <a href=\"https:\/\/www.sisinternational.com\/es\/cobertura\/investigacion-de-mercado-oriente-medio\/investigacion-de-mercado-jordania\/\" title=\"Investigaci\u00f3n de mercado en Jordania\" data-wpil-monitor-id=\"5360\">pricing strategy research<\/a>.<\/p>\n<p style=\"padding-left: 40px;\">\n\n\n\n<\/p>\n<h4 class=\"wp-block-heading\" style=\"padding-left: 40px;\"><strong>Compromiso con el \u00e9xito del cliente<\/strong><\/h4>\n<p style=\"padding-left: 40px;\">\n\n\n\n<\/p>\n<p style=\"padding-left: 40px;\">Nuestro enfoque centrado en el cliente garantiza que cada soluci\u00f3n que ofrecemos est\u00e9 alineada con sus objetivos y desaf\u00edos espec\u00edficos. Trabajamos en estrecha colaboraci\u00f3n con las empresas para comprender sus circunstancias \u00fanicas y ofrecer estrategias personalizadas que impulsen el \u00e9xito.<\/p>\n<p>\n\n\n<h2>Nuestra ubicaci\u00f3n de instalaciones en Nueva York<\/h2>\n<p><!-- \/wp:post-content --> <!-- wp:html --> <iframe loading=\"lazy\" src=\"https:\/\/www.google.com\/maps\/embed?pb=!1m18!1m12!1m3!1d3022.976188376966!2d-73.99130312499956!3d40.740549471389315!2m3!1f0!2f0!3f0!3m2!1i1024!2i768!4f13.1!3m3!1m2!1s0x89c259a15798c731%3A0xd695d09bdd495f25!2s11%20E%2022nd%20St%20FL%202%2C%20New%20York%2C%20NY%2010010%2C%20USA!5e0!3m2!1sen!2spe!4v1726171763526!5m2!1sen!2spe\" width=\"600\" height=\"450\" allowfullscreen=\"allowfullscreen\" data-mce-fragment=\"1\"><\/iframe> <!-- \/wp:html --> <!-- wp:paragraph --><\/p>\n<h3 class=\"wp-block-heading\">11 E 22nd Street, Piso 2, Nueva York, NY 10010 T: +1(212) 505-6805<\/h3>\n<hr \/>\n<h2><span style=\"font-weight: 400;\">Acerca de SIS Internacional<\/span><\/h2>\n<p><a href=\"https:\/\/www.sisinternational.com\/es\/\"><span style=\"font-weight: 400;\">SIS Internacional<\/span><\/a><span style=\"font-weight: 400;\"> ofrece investigaci\u00f3n cuantitativa, cualitativa y estrat\u00e9gica. Proporcionamos datos, herramientas, estrategias, informes y conocimientos para la toma de decisiones. Tambi\u00e9n realizamos entrevistas, encuestas, grupos focales y otros m\u00e9todos y enfoques de investigaci\u00f3n de mercado.<\/span><a href=\"https:\/\/www.sisinternational.com\/es\/sobre-la-investigacion-internacional-de-sis\/contact-sis-international-market-research\/\"><span style=\"font-weight: 400;\"> P\u00f3ngase en contacto con nosotros<\/span><\/a><span style=\"font-weight: 400;\"> para su pr\u00f3ximo proyecto de Investigaci\u00f3n de Mercado.<\/span><\/p>\n<p><!-- wp:paragraph --><\/p>\n<p><!-- \/wp:paragraph --><\/p>\n<p><!-- wp:paragraph --><\/p>\n<p><!-- \/wp:paragraph --><\/p>\n<p><!-- wp:paragraph --><\/p>\n<p><!-- \/wp:paragraph --><\/p>","protected":false},"excerpt":{"rendered":"<p>B2B Pricing Strategy Research B2B pricing strategy research provides the foundation for informed pricing decisions, allowing companies to maximize their profitability while remaining responsive to market changes. In a competitive market, determining the right price can make the difference between thriving and merely surviving \u2013 and B2B pricing strategy research helps companies develop optimal pricing &#8230; <a title=\"Investigaci\u00f3n de estrategia de precios B2B\" class=\"read-more\" href=\"https:\/\/www.sisinternational.com\/es\/soluciones\/investigacion-de-mercado-b2b\/investigacion-de-estrategia-de-precios-b2b\/\" aria-label=\"Leer m\u00e1s sobre B2B Pricing Strategy Research\">Leer m\u00e1s<\/a><\/p>","protected":false},"author":1,"featured_media":62381,"parent":11292,"menu_order":13,"comment_status":"closed","ping_status":"closed","template":"","meta":{"footnotes":""},"class_list":["post-53949","page","type-page","status-publish","has-post-thumbnail"],"_links":{"self":[{"href":"https:\/\/www.sisinternational.com\/es\/wp-json\/wp\/v2\/pages\/53949","targetHints":{"allow":["GET"]}}],"collection":[{"href":"https:\/\/www.sisinternational.com\/es\/wp-json\/wp\/v2\/pages"}],"about":[{"href":"https:\/\/www.sisinternational.com\/es\/wp-json\/wp\/v2\/types\/page"}],"author":[{"embeddable":true,"href":"https:\/\/www.sisinternational.com\/es\/wp-json\/wp\/v2\/users\/1"}],"replies":[{"embeddable":true,"href":"https:\/\/www.sisinternational.com\/es\/wp-json\/wp\/v2\/comments?post=53949"}],"version-history":[{"count":15,"href":"https:\/\/www.sisinternational.com\/es\/wp-json\/wp\/v2\/pages\/53949\/revisions"}],"predecessor-version":[{"id":81225,"href":"https:\/\/www.sisinternational.com\/es\/wp-json\/wp\/v2\/pages\/53949\/revisions\/81225"}],"up":[{"embeddable":true,"href":"https:\/\/www.sisinternational.com\/es\/wp-json\/wp\/v2\/pages\/11292"}],"wp:featuredmedia":[{"embeddable":true,"href":"https:\/\/www.sisinternational.com\/es\/wp-json\/wp\/v2\/media\/62381"}],"wp:attachment":[{"href":"https:\/\/www.sisinternational.com\/es\/wp-json\/wp\/v2\/media?parent=53949"}],"curies":[{"name":"wp","href":"https:\/\/api.w.org\/{rel}","templated":true}]}}