{"id":53943,"date":"2024-11-11T06:08:33","date_gmt":"2024-11-11T11:08:33","guid":{"rendered":"https:\/\/www.sisinternational.com\/?page_id=53943"},"modified":"2026-03-05T23:18:09","modified_gmt":"2026-03-06T04:18:09","slug":"empresa-lider-en-inteligencia-competitiva","status":"publish","type":"page","link":"https:\/\/www.sisinternational.com\/es\/soluciones\/consultoria-estrategica\/empresa-lider-en-inteligencia-competitiva\/","title":{"rendered":"Empresa l\u00edder en inteligencia competitiva"},"content":{"rendered":"<h1 class=\"wp-block-heading\">Empresa l\u00edder en inteligencia competitiva<\/h1>\n\n\n\n<p><\/p>\n\n\n\n<figure class=\"gb-block-image gb-block-image-c9eea16e\"><img loading=\"lazy\" decoding=\"async\" width=\"1456\" height=\"816\" class=\"gb-image gb-image-c9eea16e\" src=\"https:\/\/www.sisinternational.com\/wp-content\/uploads\/2025\/09\/Quantitative-research-17.jpg\" alt=\"Investigaci\u00f3n y estrategia de mercado internacional de SIS\" title=\"Quantitative research (17)\" srcset=\"https:\/\/www.sisinternational.com\/wp-content\/uploads\/2025\/09\/Quantitative-research-17.jpg 1456w, https:\/\/www.sisinternational.com\/wp-content\/uploads\/2025\/09\/Quantitative-research-17-300x168.jpg 300w, https:\/\/www.sisinternational.com\/wp-content\/uploads\/2025\/09\/Quantitative-research-17-1024x574.jpg 1024w, https:\/\/www.sisinternational.com\/wp-content\/uploads\/2025\/09\/Quantitative-research-17-768x430.jpg 768w, https:\/\/www.sisinternational.com\/wp-content\/uploads\/2025\/09\/Quantitative-research-17-18x10.jpg 18w\" sizes=\"auto, (max-width: 1456px) 100vw, 1456px\"><\/figure>\n\n\n\n<p><\/p>\n\n\n\n<h3 class=\"wp-block-heading\">Empresa l\u00edder en inteligencia competitiva. La clave para mantenerse a la vanguardia en un mercado competitivo es tener la informaci\u00f3n correcta en el momento adecuado.<\/h3>\n\n\n\n<p>En la actualidad, las empresas se enfrentan a una competencia constante y a cambios r\u00e1pidos en el mercado. La inteligencia competitiva es la soluci\u00f3n para mantenerse informado, comprender el panorama competitivo y aprovechar las oportunidades de crecimiento. Una empresa de inteligencia competitiva de primer nivel, como SIS International, puede brindar la experiencia y los conocimientos necesarios para ayudar a que su empresa prospere.<\/p>\n\n\n\n<h2 class=\"wp-block-heading\">\u00bfQu\u00e9 es la inteligencia competitiva?<\/h2>\n\n\n\n<p>La inteligencia competitiva implica investigar a los competidores, la din\u00e1mica del mercado y las tendencias de la industria para fundamentar decisiones comerciales estrat\u00e9gicas. Esta informaci\u00f3n ayuda a las empresas a evaluar su panorama competitivo, identificar oportunidades de crecimiento y mitigar riesgos potenciales.<\/p>\n\n\n\n<p>A top competitive intelligence firm, like SIS International, helps companies understand what their competitors are doing, how the market is evolving, and what strategies are needed to thrive. Competitive <a href=\"https:\/\/www.sisinternational.com\/es\/soluciones\/consultoria-estrategica\/entrenamiento-y-estrategia-de-inteligencia-competitiva\/\" title=\"Entrenamiento y Estrategia en Inteligencia Competitiva\"  data-wpil-monitor-id=\"6723\">intelligence<\/a> allows businesses to understand external factors that could impact their success and develop proactive strategies to address them.<\/p>\n\n\n\n<h2 class=\"wp-block-heading\">Entonces\u2026 \u00bfPor qu\u00e9 asociarse con una empresa l\u00edder en inteligencia competitiva?<\/h2>\n\n\n\n<p>Asociarse con una de las mejores empresas de inteligencia competitiva ofrece varios beneficios, como el acceso a an\u00e1lisis de expertos, perspectivas estrat\u00e9gicas y recomendaciones pr\u00e1cticas. Estas empresas utilizan tecnolog\u00edas avanzadas, datos patentados y analistas experimentados para brindar a las empresas informaci\u00f3n precisa y oportuna.<\/p>\n\n\n\n<p>A <a href=\"https:\/\/www.sisinternational.com\/es\/la-mejor-firma-de-evaluacion-de-estrategias-corporativas\/\" title=\"Empresa l\u00edder en evaluaci\u00f3n de estrategias corporativas\"  data-wpil-monitor-id=\"1505\">top competitive intelligence<\/a> firm helps businesses gather and analyze data to create effective competitive strategies. By providing insights into industry trends, competitor strategies, and market conditions, SIS International enables companies to make informed decisions and minimize risks. Our extensive global reach and superior B2B market expertise have been helping businesses\u2014ranging from small start-ups to Fortune 500 companies\u2014achieve sustainable growth for 40 years.<\/p>\n\n\n\n<p>Adem\u00e1s, asociarse con una firma de inteligencia competitiva de primer nivel aporta una perspectiva objetiva a la planificaci\u00f3n estrat\u00e9gica. Con acceso a datos exclusivos y herramientas anal\u00edticas avanzadas, estas firmas pueden ayudar a las empresas a descubrir informaci\u00f3n que puede no ser evidente a nivel interno.&nbsp;<\/p>\n\n\n\n<h2 class=\"wp-block-heading\">Principales servicios ofrecidos por las principales empresas de inteligencia competitiva<\/h2>\n\n\n\n<p>Las principales empresas de inteligencia competitiva, como SIS International, ofrecen diversos servicios dise\u00f1ados para ayudar a las empresas a obtener una ventaja competitiva. Algunos de los servicios clave incluyen:<\/p>\n\n\n\n<p><\/p>\n\n\n\n<figure class=\"gb-block-image gb-block-image-64a0d633\"><img loading=\"lazy\" decoding=\"async\" width=\"804\" height=\"445\" class=\"gb-image gb-image-64a0d633\" src=\"https:\/\/www.sisinternational.com\/wp-content\/uploads\/2024\/11\/Strategic-business-analysis.png\" alt=\"Investigaci\u00f3n y estrategia de mercado internacional de SIS\" title=\"An\u00e1lisis estrat\u00e9gico de negocios\" srcset=\"https:\/\/www.sisinternational.com\/wp-content\/uploads\/2024\/11\/Strategic-business-analysis.png 804w, https:\/\/www.sisinternational.com\/wp-content\/uploads\/2024\/11\/Strategic-business-analysis-300x166.png 300w, https:\/\/www.sisinternational.com\/wp-content\/uploads\/2024\/11\/Strategic-business-analysis-768x425.png 768w, https:\/\/www.sisinternational.com\/wp-content\/uploads\/2024\/11\/Strategic-business-analysis-18x10.png 18w\" sizes=\"auto, (max-width: 804px) 100vw, 804px\"><\/figure>\n\n\n\n<p><\/p>\n\n\n\n<ul class=\"wp-block-list\">\n<li><strong>An\u00e1lisis de la competencia<\/strong>:Evaluar las fortalezas y debilidades de los competidores para ayudar a las empresas a comprender d\u00f3nde se encuentran en el mercado y c\u00f3mo posicionarse de manera efectiva.<\/li>\n\n\n\n<li><strong>Identificaci\u00f3n de tendencias del mercado<\/strong>:Identificar las tendencias clave del mercado que podr\u00edan afectar el desempe\u00f1o comercial, permitiendo a las empresas adaptar sus estrategias en consecuencia.<\/li>\n\n\n\n<li><strong>Evaluaci\u00f3n comparativa<\/strong>:Comparar el desempe\u00f1o de una empresa con los est\u00e1ndares de la industria y los competidores para identificar \u00e1reas de mejora y establecer objetivos realistas.<\/li>\n\n\n\n<li><strong>An\u00e1lisis FODA<\/strong>:Evaluar las fortalezas, debilidades, oportunidades y amenazas que podr\u00edan afectar la direcci\u00f3n estrat\u00e9gica de una empresa.<\/li>\n\n\n\n<li><strong>Recomendaciones estrat\u00e9gicas<\/strong>:Ofrecer recomendaciones pr\u00e1cticas basadas en inteligencia competitiva para ayudar a las empresas a aprovechar las oportunidades y abordar los desaf\u00edos de manera eficaz.<\/li>\n<\/ul>\n\n\n\n<h2 class=\"wp-block-heading\">\u00bfQu\u00e9 diferencia a las principales empresas de inteligencia competitiva?<\/h2>\n\n\n\n<p>Las principales firmas de inteligencia competitiva se caracterizan por su experiencia espec\u00edfica en la industria, acceso a datos exclusivos y herramientas anal\u00edticas avanzadas. SIS International, por ejemplo, ha llevado a cabo proyectos en m\u00e1s de 120 pa\u00edses y ha prestado servicios a m\u00e1s de 701 000 empresas de la lista Fortune 500, lo que nos otorga una ventaja \u00fanica en este espacio.<\/p>\n\n\n\n<p>Lo que hace especial a SIS International es nuestro alcance global y nuestra experiencia superior en el mercado B2B. Con un equipo de m\u00e1s de 150 empleados y colaboradores, ofrecemos un an\u00e1lisis profundo que combina la experiencia humana y la tecnolog\u00eda para brindar informaci\u00f3n \u00fatil. Nuestras tecnolog\u00edas de vanguardia, como IA, blockchain y paneles de control PowerBi, garantizan que nuestros clientes reciban la informaci\u00f3n m\u00e1s precisa y oportuna.<\/p>\n\n\n\n<h2 class=\"wp-block-heading\">C\u00f3mo la inteligencia competitiva impulsa el \u00e9xito empresarial<\/h2>\n\n\n\n<figure class=\"gb-block-image gb-block-image-40f19b93\"><img loading=\"lazy\" decoding=\"async\" width=\"1456\" height=\"816\" class=\"gb-image gb-image-40f19b93\" src=\"https:\/\/www.sisinternational.com\/wp-content\/uploads\/2025\/09\/Research-7.jpg\" alt=\"Investigaci\u00f3n y estrategia de mercado internacional de SIS\" title=\"Research (7)\" srcset=\"https:\/\/www.sisinternational.com\/wp-content\/uploads\/2025\/09\/Research-7.jpg 1456w, https:\/\/www.sisinternational.com\/wp-content\/uploads\/2025\/09\/Research-7-300x168.jpg 300w, https:\/\/www.sisinternational.com\/wp-content\/uploads\/2025\/09\/Research-7-1024x574.jpg 1024w, https:\/\/www.sisinternational.com\/wp-content\/uploads\/2025\/09\/Research-7-768x430.jpg 768w, https:\/\/www.sisinternational.com\/wp-content\/uploads\/2025\/09\/Research-7-18x10.jpg 18w\" sizes=\"auto, (max-width: 1456px) 100vw, 1456px\"><\/figure>\n\n\n\n<p><\/p>\n\n\n\n<p>La inteligencia competitiva es vital para impulsar el \u00e9xito empresarial. Ayuda a las empresas a anticipar los cambios del mercado, comprender los movimientos de la competencia y tomar decisiones proactivas. Al aprovechar los conocimientos de una empresa de inteligencia competitiva de primer nivel como SIS International, las empresas pueden prepararse mejor para los cambios del mercado y desarrollar estrategias para mantenerse a la vanguardia.<\/p>\n\n\n\n<p>Por ejemplo, SIS International ha ayudado a empresas de diversos sectores a innovar, optimizar su posicionamiento en el mercado e impulsar el crecimiento estrat\u00e9gico. Al brindar informaci\u00f3n competitiva oportuna y precisa, permitimos a nuestros clientes comprender las fortalezas y debilidades de sus competidores y aprovechar las oportunidades que conducen a una mayor rentabilidad y participaci\u00f3n en el mercado.<\/p>\n\n\n\n<h2 class=\"wp-block-heading\">Herramientas y metodolog\u00edas en inteligencia competitiva<\/h2>\n\n\n\n<p>La inteligencia competitiva se basa en una combinaci\u00f3n de herramientas avanzadas y metodolog\u00edas comprobadas para recopilar, analizar e interpretar datos de diversas fuentes. Una empresa de inteligencia competitiva de primer nivel utiliza tecnolog\u00edas de vanguardia junto con marcos de trabajo comprobados a lo largo del tiempo para brindar informaci\u00f3n \u00fatil que permita a las empresas tomar decisiones estrat\u00e9gicas e informadas. A continuaci\u00f3n, se presentan algunas de las principales herramientas y metodolog\u00edas que se utilizan en la inteligencia competitiva.<\/p>\n\n\n\n<p><strong>Herramientas de an\u00e1lisis y visualizaci\u00f3n de datos<\/strong><strong><br><\/strong>Las plataformas de an\u00e1lisis de datos, como Tableau, PowerBI y Google Analytics, permiten a las empresas analizar grandes vol\u00famenes de datos, identificar patrones y detectar tendencias que afectan el panorama competitivo. Las herramientas de visualizaci\u00f3n de datos convierten conjuntos de datos complejos en gr\u00e1ficos y cuadros de mando de f\u00e1cil comprensi\u00f3n, lo que ayuda a las empresas a interpretar r\u00e1pidamente la informaci\u00f3n y tomar decisiones estrat\u00e9gicas.&nbsp;<\/p>\n\n\n\n<p><strong>Monitoreo de redes sociales y an\u00e1lisis de sentimientos<\/strong><strong><br><\/strong>Las herramientas de monitoreo de redes sociales como Hootsuite, Brandwatch y Sprout Social permiten a las empresas de inteligencia competitiva rastrear las menciones de las marcas, monitorear las campa\u00f1as de los competidores y medir las reacciones de los clientes. El an\u00e1lisis de sentimientos, que utiliza el procesamiento del lenguaje natural para evaluar los sentimientos positivos, negativos o neutrales en las discusiones en l\u00ednea, brinda informaci\u00f3n valiosa sobre la percepci\u00f3n p\u00fablica y ayuda a las empresas a comprender las actitudes de los clientes hacia los competidores.<\/p>\n\n\n\n<p><strong>Evaluaci\u00f3n comparativa competitiva<\/strong><strong><br><\/strong>Este enfoque ayuda a las empresas a comprender su posici\u00f3n en cuanto a precios, participaci\u00f3n de mercado, satisfacci\u00f3n del cliente y otros indicadores clave de desempe\u00f1o. Una firma de inteligencia competitiva de primer nivel utiliza herramientas y metodolog\u00edas de evaluaci\u00f3n comparativa para identificar brechas y oportunidades, ofreciendo a los clientes una imagen m\u00e1s clara de sus fortalezas y \u00e1reas de mejora. La evaluaci\u00f3n comparativa permite a las empresas establecer objetivos realistas y realizar un seguimiento de su progreso en relaci\u00f3n con la competencia.<\/p>\n\n\n\n<p><strong>An\u00e1lisis FODA (Fortalezas, Oportunidades, Debilidades, Amenazas)<\/strong><strong><br><\/strong>SWOT analysis is a foundational framework used in <a href=\"https:\/\/www.sisinternational.com\/es\/la-mejor-empresa-de-analisis-de-la-industria-en-nueva-york\/\" title=\"La mejor empresa de an\u00e1lisis de la industria en Nueva York\"  data-wpil-monitor-id=\"1119\">competitive intelligence to evaluate a company\u2019s<\/a> position within the market. Businesses gain a balanced view of their competitive landscape by identifying internal strengths and weaknesses alongside external opportunities and threats. This structured approach offers a straightforward yet comprehensive view of where a business stands relative to its competitors.<\/p>\n\n\n\n<p><strong>Encuestas a clientes<\/strong><strong><br><\/strong>Las encuestas son un m\u00e9todo directo para obtener informaci\u00f3n de los clientes y de la competencia. Mediante la realizaci\u00f3n de encuestas, las empresas de inteligencia competitiva recopilan informaci\u00f3n de primera mano sobre las preferencias de los clientes, los comportamientos de compra y las percepciones de los competidores. Estos conocimientos permiten a las empresas comprender mejor las necesidades de sus clientes y las fortalezas de sus competidores.&nbsp;<\/p>\n\n\n\n<p><strong>Planificaci\u00f3n de escenarios y modelado predictivo<\/strong><strong><br><\/strong>Scenario planning and predictive modeling are advanced methodologies allowing companies to anticipate potential scenarios and plan accordingly. Scenario planning involves developing various hypothetical situations (e.g., new competitor entry, regulatory changes) and assessing their potential impact on the business. Predictive <a href=\"https:\/\/www.sisinternational.com\/es\/soluciones\/soluciones-de-investigacion-cualitativa-cuantitativa\/statistical-modeling-tools\/\" title=\"Statistical Modeling Tools\"  data-wpil-monitor-id=\"1192\">modeling uses historical data and statistical<\/a> algorithms to forecast market trends and customer behaviors. A <a href=\"https:\/\/www.sisinternational.com\/es\/empresa-de-evaluacion-comparativa-de-los-principales-competidores\/\" title=\"Empresa de evaluaci\u00f3n comparativa de los principales competidores\"  data-wpil-monitor-id=\"1191\">top competitive intelligence<\/a> firm leverages these methodologies to help companies prepare for uncertainties, ensuring they remain agile and adaptable in a dynamic market.<\/p>\n\n\n<div class=\"wp-block-image\">\n<figure class=\"aligncenter size-full\"><img decoding=\"async\" src=\"https:\/\/www.sisinternational.com\/wp-content\/uploads\/2021\/01\/Competitive-Intelligence-in-China.jpg\" alt=\"Inteligencia competitiva en China: la mejor empresa de inteligencia competitiva\" class=\"wp-image-36562\"\/><\/figure>\n<\/div>\n\n\n<p><\/p>\n\n\n\n<h2 class=\"wp-block-heading\">C\u00f3mo la inteligencia competitiva orienta la estrategia empresarial y la innovaci\u00f3n<\/h2>\n\n\n\n<p>Al asociarse con una empresa de inteligencia competitiva l\u00edder, las empresas pueden alinear su estrategia con la din\u00e1mica del mercado, perfeccionar las ofertas de productos y, en \u00faltima instancia, posicionarse para el crecimiento a largo plazo.&nbsp;<\/p>\n\n\n\n<p><strong>Mejorar la planificaci\u00f3n estrat\u00e9gica con informaci\u00f3n basada en datos<\/strong><strong><br><\/strong><strong><br><\/strong><a href=\"https:\/\/www.sisinternational.com\/es\/plan-global-de-inteligencia-competitiva-por-ruth-stanat-revista-de-inteligencia-competitiva\/\" title=\"Compa\u00f1\u00eda Global de Inteligencia Competitiva\"  data-wpil-monitor-id=\"2168\">Competitive intelligence empowers companies<\/a> to develop strategies based on concrete, data-driven insights rather than assumptions. By analyzing competitors\u2019 moves, market conditions, and customer preferences, competitive intelligence allows companies to proactively adjust their strategic direction.&nbsp;<\/p>\n\n\n\n<p><strong>Apoyo al desarrollo y la innovaci\u00f3n de productos<\/strong><strong><br><\/strong><strong><br><\/strong>La inteligencia competitiva proporciona informaci\u00f3n sobre las l\u00edneas de productos, los avances tecnol\u00f3gicos y las carencias de caracter\u00edsticas de los competidores. Al comprender en qu\u00e9 aspectos se quedan cortos los competidores o en qu\u00e9 \u00e1reas del mercado hay necesidades no satisfechas, las empresas pueden identificar oportunidades de innovaci\u00f3n que diferencien sus ofertas. Por ejemplo, si la inteligencia competitiva indica una creciente demanda de soluciones ecol\u00f3gicas, una empresa puede priorizar las caracter\u00edsticas sostenibles en su hoja de ruta de productos.&nbsp;<\/p>\n\n\n\n<p><strong>Fortalecimiento del posicionamiento en el mercado y la diferenciaci\u00f3n de marca<\/strong><strong><br><\/strong><strong><br><\/strong>La inteligencia competitiva permite a las empresas refinar su posicionamiento en el mercado para enfatizar sus puntos fuertes, apelar a los puntos d\u00e9biles de los clientes y alinearse con las tendencias futuras. Una empresa de inteligencia competitiva de primer nivel utiliza an\u00e1lisis avanzados para identificar en qu\u00e9 aspectos una empresa puede destacarse, lo que respalda las estrategias de posicionamiento que generan un mayor reconocimiento de la marca y la lealtad de los clientes.<\/p>\n\n\n\n<p><strong>Mitigaci\u00f3n de riesgos y preparaci\u00f3n para los cambios del mercado<br><br><\/strong>Uno de los beneficios m\u00e1s importantes de la inteligencia competitiva es su capacidad para identificar riesgos potenciales, como cambios en la demanda del mercado, cambios regulatorios o nuevos competidores. Al comprender estos factores desde el principio, las empresas pueden ajustar de manera proactiva sus estrategias para minimizar los impactos negativos. Por ejemplo, si la inteligencia competitiva indica que un competidor planea lanzar un nuevo producto, una empresa puede preparar una respuesta competitiva acelerando el lanzamiento de su producto o mejorando sus esfuerzos de marketing.&nbsp;<\/p>\n\n\n\n<p><strong>Optimizaci\u00f3n de estrategias de marketing y ventas<\/strong><strong><br><\/strong><strong><br><\/strong>La inteligencia competitiva tambi\u00e9n informa las estrategias de marketing y ventas al ofrecer informaci\u00f3n sobre los precios de los competidores, la interacci\u00f3n con los clientes y las t\u00e1cticas de distribuci\u00f3n por canales. Una empresa de inteligencia competitiva de primer nivel realiza un seguimiento de estos avances, lo que permite a las empresas optimizar sus estrategias de marketing y ventas para satisfacer las cambiantes expectativas de los clientes y captar una mayor cuota de mercado.<\/p>\n\n\n\n<h2 class=\"wp-block-heading\">Por qu\u00e9 SIS International es la mejor empresa de inteligencia competitiva para su negocio<\/h2>\n\n\n\n<p>Asociarse con la empresa de inteligencia competitiva adecuada puede ser la clave para obtener una ventaja estrat\u00e9gica en el mercado. <a href=\"https:\/\/www.linkedin.com\/company\/sisinternationalresearch\/\" target=\"_blank\" rel=\"noopener\">SIS Internacional<\/a>Con su amplia experiencia, alcance global y conocimiento superior del mercado, SIS International est\u00e1 en una posici\u00f3n \u00fanica para ayudar a las empresas a navegar en el panorama competitivo. Esta es la raz\u00f3n por la que SIS International es la mejor opci\u00f3n para obtener inteligencia competitiva.<\/p>\n\n\n<p>\n\n\n<\/p>\n<h4 class=\"wp-block-heading\" style=\"padding-left: 40px;\"><strong>Investigaci\u00f3n y conocimientos personalizados<\/strong><\/h4>\n<p style=\"padding-left: 40px;\">\n\n\n\n<\/p>\n<p style=\"padding-left: 40px;\"><a href=\"https:\/\/twitter.com\/SISIntlResearch\" target=\"_blank\" rel=\"noopener\">SIS<\/a> Brindamos investigaciones y perspectivas personalizadas para abordar desaf\u00edos y oportunidades espec\u00edficos. Nuestra experiencia garantiza que su empresa reciba informaci\u00f3n relevante y procesable.<\/p>\n<p style=\"padding-left: 40px;\">\n\n\n\n<\/p>\n<h4 class=\"wp-block-heading\" style=\"padding-left: 40px;\"><strong>Experiencia en diversos sectores<\/strong><\/h4>\n<p style=\"padding-left: 40px;\">\n\n\n\n<\/p>\n<p style=\"padding-left: 40px;\">Nuestra experiencia abarca m\u00faltiples industrias, incluidas la tecnolog\u00eda, los bienes de consumo, la atenci\u00f3n m\u00e9dica y las finanzas. La amplia experiencia sectorial de SIS International nos permite brindar informaci\u00f3n competitiva espec\u00edfica de cada industria y alineada con la din\u00e1mica \u00fanica de su mercado.<\/p>\n<p style=\"padding-left: 40px;\">\n\n\n\n<\/p>\n<h4 class=\"wp-block-heading\" style=\"padding-left: 40px;\"><strong>Compromiso con el \u00e9xito del cliente<\/strong><\/h4>\n<p style=\"padding-left: 40px;\">\n\n\n\n<\/p>\n<p style=\"padding-left: 40px;\"><a href=\"https:\/\/medium.com\/@sisinternational\/sis-international-c17160da8fac\" target=\"_blank\" rel=\"noopener\">SIS<\/a> Estamos comprometidos con el \u00e9xito de nuestros clientes. Nuestro equipo trabaja en estrecha colaboraci\u00f3n con cada cliente para garantizar que nuestras soluciones de inteligencia sean pr\u00e1cticas y est\u00e9n orientadas a los resultados, brindando apoyo continuo para ayudar a las empresas a adaptarse a las condiciones cambiantes del mercado.<\/p>\n<p style=\"padding-left: 40px;\">\n\n\n\n<\/p>\n<h4 class=\"wp-block-heading\" style=\"padding-left: 40px;\"><strong>Amplia experiencia global y conocimiento en la industria<\/strong><\/h4>\n<p style=\"padding-left: 40px;\">\n\n\n\n<\/p>\n<p style=\"padding-left: 40px;\">En nuestros m\u00e1s de 40 a\u00f1os de experiencia, SIS International ha llevado a cabo proyectos en m\u00e1s de 120 pa\u00edses y ha prestado servicios a algunas de las empresas m\u00e1s grandes e influyentes del mundo. Esta amplia experiencia global nos permite ofrecer informaci\u00f3n \u00fanica sobre diversas industrias, ayudando a las empresas a tomar decisiones informadas y mantenerse por delante de la competencia.<\/p>\n<p style=\"padding-left: 40px;\">\n\n\n\n<\/p>\n<h4 class=\"wp-block-heading\" style=\"padding-left: 40px;\"><strong>Soluciones a medida para el posicionamiento competitivo<\/strong><\/h4>\n<p style=\"padding-left: 40px;\">\n\n\n\n<\/p>\n<p style=\"padding-left: 40px;\">En SIS International, comprendemos que cada negocio es \u00fanico. Nuestras soluciones est\u00e1n dise\u00f1adas para abordar los desaf\u00edos y oportunidades espec\u00edficos de cada cliente. Ya sea que se trate de an\u00e1lisis de la competencia, estrategias de ingreso al mercado o recomendaciones estrat\u00e9gicas, nuestros servicios est\u00e1n dise\u00f1ados para mejorar su posicionamiento competitivo y garantizar el \u00e9xito a largo plazo.<\/p>\n<p>\n\n\n<\/p>\n\n\n<h2 class=\"wp-block-heading\">Acerca de SIS Internacional<\/h2>\n\n\n\n<p><a href=\"https:\/\/www.sisinternational.com\/es\/\">SIS Internacional<\/a> ofrece investigaci\u00f3n cuantitativa, cualitativa y estrat\u00e9gica. Proporcionamos datos, herramientas, estrategias, informes y conocimientos para la toma de decisiones. Tambi\u00e9n realizamos entrevistas, encuestas, grupos focales y otros m\u00e9todos y enfoques de investigaci\u00f3n de mercado.<a href=\"https:\/\/www.sisinternational.com\/es\/sobre-la-investigacion-internacional-de-sis\/contact-sis-international-market-research\/\"> P\u00f3ngase en contacto con nosotros<\/a> para su pr\u00f3ximo proyecto de Investigaci\u00f3n de Mercado.<\/p>\n\n\n\n<hr class=\"wp-block-separator has-alpha-channel-opacity\"\/>\n\n\n\n<p><br><\/p>","protected":false},"excerpt":{"rendered":"<p>Top Competitive Intelligence Company Top Competitive Intelligence Company, The key to staying ahead in a competitive market is having the right information at the right time. Businesses today face constant competition and rapid market changes. Competitive intelligence is the solution to staying informed, understanding your competitive landscape, and seizing growth opportunities. A top competitive intelligence &#8230; <a title=\"Empresa l\u00edder en inteligencia competitiva\" class=\"read-more\" href=\"https:\/\/www.sisinternational.com\/es\/soluciones\/consultoria-estrategica\/empresa-lider-en-inteligencia-competitiva\/\" aria-label=\"Leer m\u00e1s sobre Top Competitive Intelligence Company\">Leer m\u00e1s<\/a><\/p>","protected":false},"author":1,"featured_media":67030,"parent":14567,"menu_order":49,"comment_status":"closed","ping_status":"closed","template":"","meta":{"footnotes":""},"class_list":["post-53943","page","type-page","status-publish","has-post-thumbnail"],"_links":{"self":[{"href":"https:\/\/www.sisinternational.com\/es\/wp-json\/wp\/v2\/pages\/53943","targetHints":{"allow":["GET"]}}],"collection":[{"href":"https:\/\/www.sisinternational.com\/es\/wp-json\/wp\/v2\/pages"}],"about":[{"href":"https:\/\/www.sisinternational.com\/es\/wp-json\/wp\/v2\/types\/page"}],"author":[{"embeddable":true,"href":"https:\/\/www.sisinternational.com\/es\/wp-json\/wp\/v2\/users\/1"}],"replies":[{"embeddable":true,"href":"https:\/\/www.sisinternational.com\/es\/wp-json\/wp\/v2\/comments?post=53943"}],"version-history":[{"count":13,"href":"https:\/\/www.sisinternational.com\/es\/wp-json\/wp\/v2\/pages\/53943\/revisions"}],"predecessor-version":[{"id":80304,"href":"https:\/\/www.sisinternational.com\/es\/wp-json\/wp\/v2\/pages\/53943\/revisions\/80304"}],"up":[{"embeddable":true,"href":"https:\/\/www.sisinternational.com\/es\/wp-json\/wp\/v2\/pages\/14567"}],"wp:featuredmedia":[{"embeddable":true,"href":"https:\/\/www.sisinternational.com\/es\/wp-json\/wp\/v2\/media\/67030"}],"wp:attachment":[{"href":"https:\/\/www.sisinternational.com\/es\/wp-json\/wp\/v2\/media?parent=53943"}],"curies":[{"name":"wp","href":"https:\/\/api.w.org\/{rel}","templated":true}]}}