{"id":53937,"date":"2024-11-07T05:56:29","date_gmt":"2024-11-07T10:56:29","guid":{"rendered":"https:\/\/www.sisinternational.com\/?page_id=53937"},"modified":"2026-03-25T01:02:16","modified_gmt":"2026-03-25T05:02:16","slug":"la-mejor-firma-de-evaluacion-de-estrategias-corporativas","status":"publish","type":"page","link":"https:\/\/www.sisinternational.com\/es\/soluciones\/consultoria-estrategica\/la-mejor-firma-de-evaluacion-de-estrategias-corporativas\/","title":{"rendered":"Empresa l\u00edder en evaluaci\u00f3n de estrategias corporativas"},"content":{"rendered":"<h1 class=\"wp-block-heading\">Empresa l\u00edder en evaluaci\u00f3n de estrategias corporativas<br><\/h1>\n\n\n\n<figure class=\"gb-block-image gb-block-image-c4a5bbe9\"><img decoding=\"async\" class=\"gb-image gb-image-c4a5bbe9\" src=\"https:\/\/www.sisinternational.com\/wp-content\/uploads\/2025\/09\/New-York-11.jpg\" alt=\"Investigaci\u00f3n y estrategia de mercado internacional de SIS\" title=\"New York (11)\"><\/figure>\n\n\n\n<p><\/p>\n\n\n\n<h3 class=\"wp-block-heading\">Contratar una empresa l\u00edder en evaluaci\u00f3n de estrategias corporativas ayuda a las empresas a adaptarse a los cambios del mercado, optimizar recursos y mantener una ventaja competitiva en su industria.<\/h3>\n\n\n\n<p><strong><br><\/strong>La eficacia de una estrategia corporativa puede determinar el \u00e9xito o el fracaso de una empresa. Al trabajar con una de las mejores empresas de evaluaci\u00f3n de estrategias corporativas, podr\u00e1 asegurarse de que sus iniciativas estrat\u00e9gicas est\u00e9n alineadas con sus objetivos y establezcan las bases para un crecimiento a largo plazo.<\/p>\n\n\n\n<h2 class=\"wp-block-heading\">\u00bfQu\u00e9 es una empresa de evaluaci\u00f3n de estrategia corporativa?<\/h2>\n\n\n\n<p>Una empresa de evaluaci\u00f3n de estrategias corporativas se especializa en evaluar la eficacia de las iniciativas estrat\u00e9gicas de una empresa. Estas empresas brindan un an\u00e1lisis objetivo de si las estrategias de una empresa se alinean con sus objetivos comerciales, identifican \u00e1reas de mejora y recomiendan cambios para optimizar el rendimiento.&nbsp;<\/p>\n\n\n\n<p>Corporate <a href=\"https:\/\/www.sisinternational.com\/es\/soluciones\/legal-market-research\/client-retention-strategies-in-law-firms\/\" title=\"Client Retention Strategies in Law Firms\u00a0\u00a0\"  data-wpil-monitor-id=\"922\">strategy evaluation firms<\/a> use data-driven methodologies to analyze the impact of current strategies, focusing on performance metrics and market positioning. They help businesses understand what works well and what is not, providing actionable insights that drive growth and profitability.&nbsp;<\/p>\n\n\n\n<h2 class=\"wp-block-heading\">Por qu\u00e9 su empresa necesita una empresa de evaluaci\u00f3n de estrategia corporativa de primer nivel<\/h2>\n\n\n\n<p>Asociarse con una firma de evaluaci\u00f3n de estrategia corporativa de primer nivel ayuda a identificar las deficiencias en sus estrategias existentes, lo que le permite refinar su enfoque antes de que los problemas se agraven. Estas firmas tambi\u00e9n ayudan a las empresas a evitar errores comunes al brindar informaci\u00f3n basada en metodolog\u00edas probadas y un amplio conocimiento del sector.<\/p>\n\n\n\n<p>Una ventaja clave de trabajar con una empresa de evaluaci\u00f3n de estrategias es la perspectiva externa que aporta. Los equipos internos pueden carecer de la objetividad necesaria para evaluar cr\u00edticamente sus propias estrategias. Una evaluaci\u00f3n independiente de una empresa de evaluaci\u00f3n de estrategias corporativas de primer nivel garantiza que todos los aspectos de la estrategia de una empresa se examinen sin sesgos. Este enfoque ayuda a las empresas a adaptarse a las condiciones cambiantes del mercado, identificar nuevas oportunidades y fortalecer su posici\u00f3n competitiva.<\/p>\n\n\n\n<h2 class=\"wp-block-heading\">Principales servicios ofrecidos por las principales empresas de evaluaci\u00f3n de estrategias corporativas<\/h2>\n\n\n\n<p>Las principales empresas de evaluaci\u00f3n de estrategias corporativas ofrecen una amplia gama de servicios dise\u00f1ados para mejorar la direcci\u00f3n estrat\u00e9gica de una empresa. A continuaci\u00f3n, se presenta una descripci\u00f3n detallada de algunos de los servicios esenciales que ofrecen:<\/p>\n\n\n\n<ul class=\"wp-block-list\">\n<li><strong>Auditor\u00edas de estrategia<\/strong>:Una revisi\u00f3n integral de las estrategias existentes para evaluar su eficacia y su adecuaci\u00f3n a los objetivos generales de la empresa. Las auditor\u00edas de estrategia ayudan a las empresas a comprender si sus iniciativas estrat\u00e9gicas las est\u00e1n llevando hacia sus objetivos deseados, identificando brechas y \u00e1reas de mejora.<\/li>\n\n\n\n<li><strong>Evaluaciones de desempe\u00f1o<\/strong>:Evaluaci\u00f3n de los resultados de las iniciativas estrat\u00e9gicas, centr\u00e1ndose en los indicadores clave de desempe\u00f1o (KPI) para medir el \u00e9xito. Las evaluaciones de desempe\u00f1o son esenciales para determinar si la estrategia actual ofrece los resultados esperados y logra los objetivos comerciales.<\/li>\n\n\n\n<li><strong>Evaluaci\u00f3n comparativa de la competencia<\/strong>:Analizar c\u00f3mo se comparan el desempe\u00f1o y las estrategias de una empresa con los de sus principales competidores. Esto implica identificar \u00e1reas en las que se pueden realizar mejoras y aprovechar las mejores pr\u00e1cticas de los l\u00edderes de la industria para obtener una ventaja competitiva.<\/li>\n\n\n\n<li><strong>An\u00e1lisis del potencial de crecimiento<\/strong>:Evaluaci\u00f3n de oportunidades de mercado para determinar las v\u00edas de expansi\u00f3n y diversificaci\u00f3n empresarial m\u00e1s viables. El an\u00e1lisis del potencial de crecimiento ayuda a identificar nuevas oportunidades en el mercado, incluidas tendencias emergentes, segmentos de clientes sin explotar y posibles asociaciones que puedan impulsar la expansi\u00f3n.<\/li>\n\n\n\n<li><strong>Evaluaci\u00f3n y mitigaci\u00f3n de riesgos<\/strong>:Evaluar los riesgos potenciales asociados con las estrategias existentes y brindar recomendaciones para mitigarlos. Al comprender los posibles obst\u00e1culos, las empresas pueden tomar medidas proactivas para minimizar las interrupciones y mejorar la resiliencia.<\/li>\n\n\n\n<li><strong>Optimizaci\u00f3n de la asignaci\u00f3n de recursos<\/strong>:Revisar la asignaci\u00f3n actual de recursos para garantizar que se est\u00e9n utilizando de manera eficiente. Esto incluye recursos financieros, de personal y tecnol\u00f3gicos, y ayuda a las empresas a optimizar sus operaciones para alcanzar sus objetivos estrat\u00e9gicos de manera m\u00e1s eficaz.<\/li>\n\n\n\n<li><strong>Estrategia de entrada al mercado<\/strong>:Para las empresas que buscan expandirse a nuevos mercados, las empresas de evaluaci\u00f3n de estrategias corporativas pueden ayudar a desarrollar e implementar estrategias efectivas de ingreso al mercado. Esto implica evaluar las condiciones del mercado y los requisitos regulatorios e identificar el mejor modo de ingreso, como empresas conjuntas, asociaciones o inversi\u00f3n directa.<\/li>\n<\/ul>\n\n\n\n<h2 class=\"wp-block-heading\">\u00bfQu\u00e9 diferencia a las principales empresas de evaluaci\u00f3n de estrategia corporativa?<\/h2>\n\n\n\n<p>Una firma de evaluaci\u00f3n de estrategia corporativa de primer nivel como SIS International se distingue por su conocimiento especializado de la industria, sus conocimientos basados en datos y sus metodolog\u00edas comprobadas. Su profundo conocimiento de diferentes industrias le permite brindar recomendaciones personalizadas que se alinean con los desaf\u00edos y oportunidades \u00fanicos de cada sector.<\/p>\n\n\n\n<p>Estas empresas tambi\u00e9n utilizan herramientas y marcos anal\u00edticos avanzados para evaluar estrategias. El uso de an\u00e1lisis de datos sofisticados proporciona informaci\u00f3n pr\u00e1ctica y fundamentada sobre evidencia emp\u00edrica. Este enfoque basado en datos garantiza que las recomendaciones sean estrat\u00e9gicas, pero tambi\u00e9n realistas y alcanzables, lo que brinda a las empresas la mejor posibilidad de \u00e9xito.<\/p>\n\n\n\n<figure class=\"gb-block-image gb-block-image-c4f3f178\"><img loading=\"lazy\" decoding=\"async\" width=\"1456\" height=\"816\" class=\"gb-image gb-image-c4f3f178\" src=\"https:\/\/www.sisinternational.com\/wp-content\/uploads\/2025\/08\/Business-17.jpg\" alt=\"Investigaci\u00f3n y estrategia de mercado internacional de SIS\" title=\"Business (17)\" srcset=\"https:\/\/www.sisinternational.com\/wp-content\/uploads\/2025\/08\/Business-17.jpg 1456w, https:\/\/www.sisinternational.com\/wp-content\/uploads\/2025\/08\/Business-17-300x168.jpg 300w, https:\/\/www.sisinternational.com\/wp-content\/uploads\/2025\/08\/Business-17-1024x574.jpg 1024w, https:\/\/www.sisinternational.com\/wp-content\/uploads\/2025\/08\/Business-17-768x430.jpg 768w, https:\/\/www.sisinternational.com\/wp-content\/uploads\/2025\/08\/Business-17-18x10.jpg 18w\" sizes=\"auto, (max-width: 1456px) 100vw, 1456px\"><\/figure>\n\n\n\n<p><\/p>\n\n\n\n<h2 class=\"wp-block-heading\">C\u00f3mo una empresa de evaluaci\u00f3n de estrategias corporativas de primer nivel agrega valor<\/h2>\n\n\n\n<p>Una firma de evaluaci\u00f3n de estrategia corporativa de primer nivel aporta un valor significativo a las organizaciones al proporcionar una evaluaci\u00f3n objetiva y basada en datos de su direcci\u00f3n estrat\u00e9gica. A trav\u00e9s de an\u00e1lisis expertos y recomendaciones personalizadas, estas firmas permiten a las empresas identificar fortalezas, descubrir \u00e1reas de mejora y aprovechar oportunidades de crecimiento.<\/p>\n\n\n\n<p><\/p>\n\n\n\n<p><strong>An\u00e1lisis imparcial para una toma de decisiones objetiva<\/strong><strong><br><\/strong>Una de las principales ventajas de trabajar con una firma de evaluaci\u00f3n de estrategia corporativa de primer nivel es la perspectiva objetiva que ofrecen. Las evaluaciones internas pueden verse inadvertidamente influenciadas por sesgos o silos organizacionales, que pueden enturbiar la toma de decisiones estrat\u00e9gicas. Una firma externa eval\u00faa objetivamente la estrategia de una empresa, garantizando que las decisiones se basen \u00fanicamente en datos, tendencias del mercado y m\u00e9tricas de desempe\u00f1o.&nbsp;<\/p>\n\n\n\n<p><strong>Acceso a herramientas especializadas y marcos anal\u00edticos<\/strong><strong><br><\/strong>Las principales firmas de evaluaci\u00f3n de estrategias corporativas utilizan herramientas y marcos avanzados, como an\u00e1lisis FODA, cuadros de mando integrales y planificaci\u00f3n de escenarios, para analizar y medir la eficacia estrat\u00e9gica. Estas firmas aplican metodolog\u00edas comprobadas para revelar informaci\u00f3n procesable, lo que permite a las empresas comparar el desempe\u00f1o, medir el progreso hacia los objetivos y ajustar las t\u00e1cticas en funci\u00f3n de un an\u00e1lisis exhaustivo.&nbsp;<\/p>\n\n\n\n<p><strong>Experiencia en la industria y conocimiento del mercado<\/strong><strong><br><\/strong>Una firma de evaluaci\u00f3n de estrategia corporativa de primer nivel aporta una profunda experiencia en la industria, lo que le permite conocer la din\u00e1mica del mercado, las estrategias de la competencia y las tendencias emergentes. Este conocimiento de la industria le permite a la firma comparar el desempe\u00f1o de una empresa con las mejores pr\u00e1cticas e identificar nuevas oportunidades de diferenciaci\u00f3n.&nbsp;<\/p>\n\n\n\n<p><strong>Identificaci\u00f3n de oportunidades de crecimiento y mitigaci\u00f3n de riesgos<\/strong><strong><br><\/strong>Una evaluaci\u00f3n eficaz de la estrategia eval\u00faa el desempe\u00f1o actual e identifica oportunidades de crecimiento futuras y riesgos potenciales. Las empresas especializadas como SIS eval\u00faan la viabilidad de ingresar a nuevos mercados, diversificar la oferta de productos o mejorar la eficiencia operativa. Al mismo tiempo, analizan los factores de riesgo que podr\u00edan afectar el \u00e9xito a largo plazo, como los desaf\u00edos regulatorios o los cambios en la demanda de los clientes.&nbsp;<\/p>\n\n\n\n<p><strong>Alineaci\u00f3n estrat\u00e9gica y rendici\u00f3n de cuentas mejoradas<\/strong><strong><br><\/strong>Trabajar con una empresa experta garantiza que los objetivos estrat\u00e9gicos de una empresa se alineen estrechamente con sus operaciones diarias, fomentando una cultura de responsabilidad en todos los niveles. Una empresa de evaluaci\u00f3n de estrategia corporativa de primer nivel puede ayudar a establecer objetivos claros y mensurables vinculados a indicadores clave de rendimiento individuales y departamentales, lo que garantiza que todos dentro de la organizaci\u00f3n est\u00e9n alineados con la visi\u00f3n general de la empresa.&nbsp;<\/p>\n\n\n\n<h2 class=\"wp-block-heading\">C\u00f3mo elegir la mejor empresa de evaluaci\u00f3n de estrategias corporativas<\/h2>\n\n\n\n<p>Choosing the right corporate <a href=\"https:\/\/www.sisinternational.com\/es\/redes-sociales-en-pequenas-empresas\/\" title=\"Estrategias de redes sociales para peque\u00f1as empresas\"  data-wpil-monitor-id=\"2230\">strategy evaluation firm<\/a> is a critical decision that can impact your business. Here are some key factors to consider:<\/p>\n\n\n\n<p><\/p>\n\n\n\n<figure class=\"gb-block-image gb-block-image-62530ce5\"><img loading=\"lazy\" decoding=\"async\" width=\"1456\" height=\"816\" class=\"gb-image gb-image-62530ce5\" src=\"https:\/\/www.sisinternational.com\/wp-content\/uploads\/2025\/09\/New-York-9.jpg\" alt=\"Investigaci\u00f3n y estrategia de mercado internacional de SIS\" title=\"New York (9)\" srcset=\"https:\/\/www.sisinternational.com\/wp-content\/uploads\/2025\/09\/New-York-9.jpg 1456w, https:\/\/www.sisinternational.com\/wp-content\/uploads\/2025\/09\/New-York-9-300x168.jpg 300w, https:\/\/www.sisinternational.com\/wp-content\/uploads\/2025\/09\/New-York-9-1024x574.jpg 1024w, https:\/\/www.sisinternational.com\/wp-content\/uploads\/2025\/09\/New-York-9-768x430.jpg 768w, https:\/\/www.sisinternational.com\/wp-content\/uploads\/2025\/09\/New-York-9-18x10.jpg 18w\" sizes=\"auto, (max-width: 1456px) 100vw, 1456px\"><\/figure>\n\n\n\n<p><\/p>\n\n\n\n<ul class=\"wp-block-list\">\n<li><strong>Experiencia<\/strong>Busque una empresa con amplia experiencia en su sector. Su conocimiento del panorama del mercado le permitir\u00e1 ofrecer recomendaciones m\u00e1s pertinentes y pr\u00e1cticas.<\/li>\n\n\n\n<li><strong>testimonios de clientes<\/strong>:Los testimonios de clientes y las historias de \u00e9xito pueden proporcionar informaci\u00f3n valiosa sobre las capacidades de la empresa y los resultados que ha logrado para otras empresas.<\/li>\n\n\n\n<li><strong>Experiencia en la industria<\/strong>Las principales empresas tienen experiencia especializada en diversos sectores, lo que les permite ofrecer recomendaciones personalizadas que se alinean con las necesidades de su industria.<\/li>\n\n\n\n<li><strong>Ofertas de servicios personalizados<\/strong>:Las mejores firmas de evaluaci\u00f3n de estrategia corporativa ofrecen soluciones personalizadas, reconociendo que cada negocio es \u00fanico y requiere un enfoque personalizado.<\/li>\n<\/ul>\n\n\n\n<h2 class=\"wp-block-heading\">Por qu\u00e9 SIS International es la mejor empresa de evaluaci\u00f3n de estrategias corporativas para su negocio<\/h2>\n\n\n\n<p>Encontrar el socio adecuado para ayudarle a evaluar y perfeccionar sus estrategias corporativas en un mercado abarrotado puede ser un desaf\u00edo. <a href=\"https:\/\/www.linkedin.com\/company\/sisinternationalresearch\/\" target=\"_blank\" rel=\"noopener\">SIS Internacional<\/a> se destaca como la principal firma de evaluaci\u00f3n de estrategia corporativa debido a su enfoque \u00fanico que combina un profundo conocimiento de la industria, soluciones personalizadas asequibles y conocimientos integrales del mercado.&nbsp;<\/p>\n\n\n<p>\n\n\n<\/p>\n<h4 class=\"wp-block-heading\" style=\"padding-left: 40px;\"><strong>Amplia experiencia y conocimiento de la industria.<\/strong><\/h4>\n<p style=\"padding-left: 40px;\">\n\n\n\n<\/p>\n<p style=\"padding-left: 40px;\">En <a href=\"https:\/\/twitter.com\/SISIntlResearch\" target=\"_blank\" rel=\"noopener\">SIS<\/a>Contamos con d\u00e9cadas de experiencia en diversas industrias. Nuestro equipo de expertos tiene un profundo conocimiento de varios sectores, lo que nos permite brindar informaci\u00f3n muy relevante para las necesidades de su negocio.\u00a0<\/p>\n<p style=\"padding-left: 40px;\">\n\n\n\n<\/p>\n<h4 class=\"wp-block-heading\" style=\"padding-left: 40px;\"><strong>Soluciones asequibles y personalizadas<\/strong><\/h4>\n<p style=\"padding-left: 40px;\">\n\n\n\n<\/p>\n<p style=\"padding-left: 40px;\">SIS International ofrece soluciones personalizadas que son asequibles sin comprometer la calidad. Nuestros modelos de precios son transparentes y nuestros servicios est\u00e1n dise\u00f1ados para ajustarse a su presupuesto y ofrecerle el m\u00e1ximo valor. Trabajamos en estrecha colaboraci\u00f3n con usted para desarrollar estrategias eficaces y financieramente viables, ayud\u00e1ndolo a alcanzar sus objetivos comerciales sin exceder sus recursos.<\/p>\n<p style=\"padding-left: 40px;\">\n\n\n\n<\/p>\n<h4 class=\"wp-block-heading\" style=\"padding-left: 40px;\"><strong>Informaci\u00f3n integral del mercado<\/strong><\/h4>\n<p style=\"padding-left: 40px;\">\n\n\n\n<\/p>\n<p style=\"padding-left: 40px;\">Aprovechamos el an\u00e1lisis avanzado de datos y la investigaci\u00f3n exhaustiva para brindarle una comprensi\u00f3n clara de su posici\u00f3n en el mercado. Al analizar las tendencias del mercado, el comportamiento de los consumidores y las actividades de la competencia, lo ayudamos a tomar decisiones informadas que mejoren su direcci\u00f3n estrat\u00e9gica.\u00a0<\/p>\n<p style=\"padding-left: 40px;\">\n\n\n\n<\/p>\n<h4 class=\"wp-block-heading\" style=\"padding-left: 40px;\"><strong>Metodolog\u00edas probadas para el \u00e9xito estrat\u00e9gico<\/strong><\/h4>\n<p style=\"padding-left: 40px;\">\n\n\n\n<\/p>\n<p style=\"padding-left: 40px;\">SIS International emplea metodolog\u00edas probadas y perfeccionadas a lo largo de a\u00f1os de experiencia. Nuestras auditor\u00edas de estrategia, evaluaciones de desempe\u00f1o y an\u00e1lisis del potencial de crecimiento est\u00e1n dise\u00f1ados para brindar informaci\u00f3n pr\u00e1ctica que conduzca a mejoras mensurables.\u00a0<\/p>\n<p style=\"padding-left: 40px;\">\n\n\n\n<\/p>\n<h4 class=\"wp-block-heading\" style=\"padding-left: 40px;\"><strong>Enfoque centrado en el cliente<\/strong><\/h4>\n<p style=\"padding-left: 40px;\">\n\n\n\n<\/p>\n<p style=\"padding-left: 40px;\">En SIS International, adoptamos un enfoque centrado en el cliente, garantizando que todas las recomendaciones se alineen con las necesidades espec\u00edficas de su negocio. Reconocemos que no hay dos empresas iguales y nuestras soluciones est\u00e1n dise\u00f1adas para abordar sus desaf\u00edos y oportunidades espec\u00edficos. Trabajamos en estrecha colaboraci\u00f3n con su equipo para desarrollar estrategias pr\u00e1cticas, viables y dise\u00f1adas para impulsar el \u00e9xito.<\/p>\n<p style=\"padding-left: 40px;\">\n\n\n\n<\/p>\n<h4 class=\"wp-block-heading\" style=\"padding-left: 40px;\"><strong>Apoyo y asociaci\u00f3n a largo plazo<\/strong><\/h4>\n<p style=\"padding-left: 40px;\">\n\n\n\n<\/p>\n<p style=\"padding-left: 40px;\"><a href=\"https:\/\/medium.com\/@sisinternational\/sis-international-c17160da8fac\" target=\"_blank\" rel=\"noopener\">SIS<\/a> Brindamos apoyo continuo para garantizar que sus estrategias corporativas sigan siendo efectivas y adaptables a las din\u00e1micas cambiantes del mercado. Entendemos que el entorno empresarial est\u00e1 en constante evoluci\u00f3n y estamos dedicados a ayudarlo a navegar estos cambios. Nuestro enfoque de asociaci\u00f3n a largo plazo significa que siempre estamos disponibles para brindar orientaci\u00f3n, realizar ajustes y garantizar que sus estrategias sigan brindando resultados.\u00a0<\/p>\n<p>\n\n\n<\/p>\n\n\n<h2 class=\"wp-block-heading\">Acerca de SIS Internacional<\/h2>\n\n\n\n<p><a href=\"https:\/\/www.sisinternational.com\/es\/\">SIS Internacional<\/a> ofrece investigaci\u00f3n cuantitativa, cualitativa y estrat\u00e9gica. Proporcionamos datos, herramientas, estrategias, informes y conocimientos para la toma de decisiones. Tambi\u00e9n realizamos entrevistas, encuestas, grupos focales y otros m\u00e9todos y enfoques de investigaci\u00f3n de mercado.<a href=\"https:\/\/www.sisinternational.com\/es\/sobre-la-investigacion-internacional-de-sis\/contact-sis-international-market-research\/\"> P\u00f3ngase en contacto con nosotros<\/a> para su pr\u00f3ximo proyecto de Investigaci\u00f3n de Mercado.<\/p>\n\n\n\n<p><br><\/p>\n\n\n\n<p><\/p>","protected":false},"excerpt":{"rendered":"<p>Top Corporate Strategy Evaluation Firm Engaging a top corporate strategy evaluation firm helps businesses adapt to market changes, optimize resources, and maintain a competitive edge in their industry. The effectiveness of a corporate strategy can make or break a business. By working with a top corporate strategy evaluation firm, you can ensure that your strategic &#8230; <a title=\"Empresa l\u00edder en evaluaci\u00f3n de estrategias corporativas\" class=\"read-more\" href=\"https:\/\/www.sisinternational.com\/es\/soluciones\/consultoria-estrategica\/la-mejor-firma-de-evaluacion-de-estrategias-corporativas\/\" aria-label=\"Leer m\u00e1s sobre Top Corporate Strategy Evaluation Firm\">Leer m\u00e1s<\/a><\/p>","protected":false},"author":1,"featured_media":66478,"parent":14567,"menu_order":46,"comment_status":"closed","ping_status":"closed","template":"","meta":{"footnotes":""},"class_list":["post-53937","page","type-page","status-publish","has-post-thumbnail"],"_links":{"self":[{"href":"https:\/\/www.sisinternational.com\/es\/wp-json\/wp\/v2\/pages\/53937","targetHints":{"allow":["GET"]}}],"collection":[{"href":"https:\/\/www.sisinternational.com\/es\/wp-json\/wp\/v2\/pages"}],"about":[{"href":"https:\/\/www.sisinternational.com\/es\/wp-json\/wp\/v2\/types\/page"}],"author":[{"embeddable":true,"href":"https:\/\/www.sisinternational.com\/es\/wp-json\/wp\/v2\/users\/1"}],"replies":[{"embeddable":true,"href":"https:\/\/www.sisinternational.com\/es\/wp-json\/wp\/v2\/comments?post=53937"}],"version-history":[{"count":10,"href":"https:\/\/www.sisinternational.com\/es\/wp-json\/wp\/v2\/pages\/53937\/revisions"}],"predecessor-version":[{"id":76590,"href":"https:\/\/www.sisinternational.com\/es\/wp-json\/wp\/v2\/pages\/53937\/revisions\/76590"}],"up":[{"embeddable":true,"href":"https:\/\/www.sisinternational.com\/es\/wp-json\/wp\/v2\/pages\/14567"}],"wp:featuredmedia":[{"embeddable":true,"href":"https:\/\/www.sisinternational.com\/es\/wp-json\/wp\/v2\/media\/66478"}],"wp:attachment":[{"href":"https:\/\/www.sisinternational.com\/es\/wp-json\/wp\/v2\/media?parent=53937"}],"curies":[{"name":"wp","href":"https:\/\/api.w.org\/{rel}","templated":true}]}}