{"id":53891,"date":"2024-11-04T14:59:43","date_gmt":"2024-11-04T19:59:43","guid":{"rendered":"https:\/\/www.sisinternational.com\/?page_id=53891"},"modified":"2026-03-05T23:20:39","modified_gmt":"2026-03-06T04:20:39","slug":"top-b2b-demand-generation-company","status":"publish","type":"page","link":"https:\/\/www.sisinternational.com\/es\/solutions\/b2b-market-research\/top-b2b-demand-generation-company\/","title":{"rendered":"Principal empresa de generaci\u00f3n de demanda B2B"},"content":{"rendered":"<h1 class=\"gb-headline gb-headline-c90e9ae9 gb-headline-text\">Principal empresa de generaci\u00f3n de demanda B2B<\/h1>\n\n\n\n<figure class=\"gb-block-image gb-block-image-cb579c06\"><img loading=\"lazy\" decoding=\"async\" width=\"1456\" height=\"816\" class=\"gb-image gb-image-cb579c06\" src=\"https:\/\/www.sisinternational.com\/wp-content\/uploads\/2025\/08\/B2Bjpg-8.jpg\" alt=\"SIS International Market Research &amp; Strategy\" title=\"B2Bjpg (8)\" srcset=\"https:\/\/www.sisinternational.com\/wp-content\/uploads\/2025\/08\/B2Bjpg-8.jpg 1456w, https:\/\/www.sisinternational.com\/wp-content\/uploads\/2025\/08\/B2Bjpg-8-300x168.jpg 300w, https:\/\/www.sisinternational.com\/wp-content\/uploads\/2025\/08\/B2Bjpg-8-1024x574.jpg 1024w, https:\/\/www.sisinternational.com\/wp-content\/uploads\/2025\/08\/B2Bjpg-8-768x430.jpg 768w, https:\/\/www.sisinternational.com\/wp-content\/uploads\/2025\/08\/B2Bjpg-8-18x10.jpg 18w\" sizes=\"auto, (max-width: 1456px) 100vw, 1456px\"><\/figure>\n\n\n\n<p><\/p>\n\n\n\n<p>\u00bfC\u00f3mo puede su empresa mantenerse a la vanguardia de la competencia en el cambiante mundo del marketing B2B? La generaci\u00f3n de demanda consiste en generar conciencia, inter\u00e9s y deseo por sus productos o servicios, garantizando que su embudo de ventas se mantenga repleto de clientes potenciales de alta calidad. SIS International es reconocida como una de las principales empresas de generaci\u00f3n de demanda B2B, que ayuda a las empresas a impulsar su cartera de clientes y lograr un crecimiento sostenible a trav\u00e9s de estrategias espec\u00edficas y conocimientos basados en datos.<\/p>\n\n\n\n<h2 class=\"wp-block-heading\"><strong>\u00bfQu\u00e9 es una empresa l\u00edder en generaci\u00f3n de demanda B2B?<\/strong><\/h2>\n\n\n\n<p>La generaci\u00f3n de demanda B2B es un enfoque hol\u00edstico para generar conciencia de marca, atraer clientes potenciales y nutrirlos durante todo el proceso de compra. A diferencia de la generaci\u00f3n de clientes potenciales tradicional, la generaci\u00f3n de demanda se centra en generar inter\u00e9s y compromiso a largo plazo, generar confianza y posicionar su marca como l\u00edder de opini\u00f3n en su sector. Los componentes clave de la generaci\u00f3n de demanda B2B incluyen:<\/p>\n\n\n\n<ul class=\"wp-block-list\">\n<li><strong>Marketing de contenidos<\/strong>Crear y distribuir contenido valioso que tenga eco en su p\u00fablico objetivo es esencial para generar demanda.&nbsp;<\/li>\n\n\n\n<li><strong>Marketing basado en cuentas (ABM)<\/strong>:ABM se dirige a cuentas espec\u00edficas de alto valor con campa\u00f1as personalizadas.&nbsp;<\/li>\n\n\n\n<li><strong>Nutrici\u00f3n de clientes potenciales<\/strong>:La generaci\u00f3n de demanda implica nutrir a los clientes potenciales mediante seguimientos personalizados e interacciones valiosas hasta que est\u00e9n listos para comprar.<\/li>\n\n\n\n<li><strong>Automatizaci\u00f3n de marketing<\/strong>:SIS International utiliza plataformas avanzadas de automatizaci\u00f3n de marketing para optimizar los procesos y garantizar que los clientes potenciales se comuniquen en el momento adecuado.<\/li>\n\n\n\n<li><strong>Participaci\u00f3n en redes sociales<\/strong>:Las redes sociales son una herramienta poderosa para la generaci\u00f3n de demanda, que permite a las empresas llegar a su p\u00fablico objetivo all\u00ed donde pasan su tiempo.<\/li>\n<\/ul>\n\n\n\n<h2 class=\"wp-block-heading\"><strong>El enfoque exclusivo de SIS International para la generaci\u00f3n de demanda B2B<\/strong><\/h2>\n\n\n\n<p><a href=\"https:\/\/www.linkedin.com\/company\/sisinternationalresearch\/\" target=\"_blank\" rel=\"noopener\">SIS Internacional<\/a> takes a strategic and personalized approach to<a href=\"https:\/\/sisaisolutions.com\/application-of-ai-in-b2b\/\" target=\"_blank\" rel=\"noopener\"> B2B demand generation<\/a>, focusing on delivering measurable results. Our methods are built on a foundation of data-driven insights, creativity, and customer-centric strategies to ensure our clients achieve the best possible outcomes.<\/p>\n\n\n\n<ul class=\"wp-block-list\">\n<li><strong>Segmentaci\u00f3n basada en datos<\/strong>Creemos en el poder de los datos para orientar la toma de decisiones. SIS aprovecha el an\u00e1lisis de datos para identificar los prospectos m\u00e1s prometedores, determinar los mejores canales para llegar a ellos y optimizar las campa\u00f1as para lograr el m\u00e1ximo impacto.<\/li>\n\n\n\n<li><strong>Campa\u00f1as multicanal<\/strong>:La generaci\u00f3n eficaz de demanda requiere un enfoque multicanal. Nuestro equipo utiliza una combinaci\u00f3n de canales digitales, como marketing por correo electr\u00f3nico, redes sociales, seminarios web y marketing de contenido, para llegar a los clientes potenciales en diferentes etapas del proceso de compra.<\/li>\n\n\n\n<li><strong>Estrategia de contenido<\/strong>Desarrollamos estrategias de contenido integrales que se alinean con las necesidades del p\u00fablico objetivo, abordando sus puntos d\u00e9biles y brindando soluciones que posicionan a nuestros clientes como expertos confiables.<\/li>\n\n\n\n<li><strong>Campa\u00f1as ABM<\/strong>:El marketing basado en cuentas es fundamental para nuestra estrategia de generaci\u00f3n de demanda. Al centrarnos en cuentas de alto valor y crear experiencias personalizadas, ayudamos a los clientes a lograr mayores tasas de interacci\u00f3n y conversi\u00f3n.<\/li>\n\n\n\n<li><strong>Optimizaci\u00f3n continua<\/strong>Monitoreamos continuamente el rendimiento de las campa\u00f1as, analizamos los datos y nos ajustamos para mejorar los resultados y maximizar el ROI.<\/li>\n<\/ul>\n\n\n\n<h2 class=\"wp-block-heading\"><strong>\u00bfPor qu\u00e9 elegir a SIS International como su principal empresa de generaci\u00f3n de demanda B2B?<\/strong><\/h2>\n\n\n\n<p>Elegir el socio adecuado para la generaci\u00f3n de demanda puede marcar la diferencia a la hora de alcanzar sus objetivos comerciales. A continuaci\u00f3n, se indican algunas de las razones por las que SIS International ha sido reconocida como una de las principales empresas de generaci\u00f3n de demanda B2B durante m\u00e1s de 40 a\u00f1os:<\/p>\n\n\n\n<ul class=\"wp-block-list\">\n<li><strong>Trayectoria comprobada<\/strong>: SIS International has a proven track record of delivering successful demand generation campaigns for <a href=\"https:\/\/www.sisinternational.com\/es\/top-b2b-industry-trends-forecasting-company\/\" title=\"Principal empresa de previsi\u00f3n de tendencias de la industria B2B\" data-wpil-monitor-id=\"1625\">B2B clients across various industries<\/a>. Our expertise and experience allow us to develop effective strategies.<\/li>\n\n\n\n<li><strong>Equipo de expertos<\/strong>:Nuestro equipo de especialistas en generaci\u00f3n de demanda comprende las complejidades del marketing B2B. Trabajamos en estrecha colaboraci\u00f3n con nuestros clientes para crear campa\u00f1as personalizadas que satisfagan sus necesidades espec\u00edficas y generen resultados significativos.<\/li>\n\n\n\n<li><strong>Estrategias innovadoras<\/strong>: En <a href=\"https:\/\/twitter.com\/SISIntlResearch\" target=\"_blank\" rel=\"noopener\">SIS<\/a>Nos mantenemos a la vanguardia de las \u00faltimas tendencias y tecnolog\u00edas en generaci\u00f3n de demanda. Nuestras estrategias innovadoras garantizan que nuestros clientes se destaquen y lleguen a su p\u00fablico objetivo de manera eficaz.<\/li>\n\n\n\n<li><strong>Enfoque centrado en el cliente<\/strong>Nuestro enfoque centrado en el cliente significa que nos tomamos el tiempo para comprender los objetivos, desaf\u00edos y necesidades de nuestros clientes, lo que nos permite ofrecer campa\u00f1as de generaci\u00f3n de demanda que superan las expectativas.<\/li>\n\n\n\n<li><strong>Informaci\u00f3n basada en datos<\/strong>:Nuestro enfoque de generaci\u00f3n de demanda se basa en datos. Utilizamos informaci\u00f3n basada en datos para orientar nuestras estrategias, optimizar campa\u00f1as y ofrecer resultados mensurables que ayuden a nuestros clientes a alcanzar sus objetivos comerciales.<\/li>\n<\/ul>\n\n\n\n<h2 class=\"wp-block-heading\"><strong>Tendencias emergentes en la generaci\u00f3n de demanda B2B<\/strong><\/h2>\n\n\n\n<figure class=\"gb-block-image gb-block-image-fa406b78\"><img loading=\"lazy\" decoding=\"async\" width=\"1456\" height=\"816\" class=\"gb-image gb-image-fa406b78\" src=\"https:\/\/www.sisinternational.com\/wp-content\/uploads\/2025\/08\/B2Bjpg-5.jpg\" alt=\"SIS International Market Research &amp; Strategy\" title=\"B2Bjpg (5)\" srcset=\"https:\/\/www.sisinternational.com\/wp-content\/uploads\/2025\/08\/B2Bjpg-5.jpg 1456w, https:\/\/www.sisinternational.com\/wp-content\/uploads\/2025\/08\/B2Bjpg-5-300x168.jpg 300w, https:\/\/www.sisinternational.com\/wp-content\/uploads\/2025\/08\/B2Bjpg-5-1024x574.jpg 1024w, https:\/\/www.sisinternational.com\/wp-content\/uploads\/2025\/08\/B2Bjpg-5-768x430.jpg 768w, https:\/\/www.sisinternational.com\/wp-content\/uploads\/2025\/08\/B2Bjpg-5-18x10.jpg 18w\" sizes=\"auto, (max-width: 1456px) 100vw, 1456px\"><\/figure>\n\n\n\n<p><\/p>\n\n\n\n<p>El panorama de la generaci\u00f3n de demanda B2B est\u00e1 en constante evoluci\u00f3n, y mantenerse a la vanguardia de las tendencias emergentes es fundamental para el \u00e9xito. Algunas de las tendencias clave que configuran la industria incluyen:<\/p>\n\n\n\n<ul class=\"wp-block-list\">\n<li><strong>Experiencia basada en cuentas (ABX)<\/strong>:Ampliando el ABM tradicional, ABX pone \u00e9nfasis en la creaci\u00f3n de una experiencia perfecta y personalizada para cuentas objetivo en cada etapa del recorrido del comprador.<\/li>\n\n\n\n<li><strong>Perspectivas basadas en inteligencia artificial<\/strong>La inteligencia artificial est\u00e1 creciendo en la generaci\u00f3n de demanda al proporcionar informaci\u00f3n predictiva, mejorar la personalizaci\u00f3n y optimizar el rendimiento de las campa\u00f1as.<\/li>\n\n\n\n<li><strong>Contenido interactivo<\/strong>:El contenido interactivo, como cuestionarios, encuestas y calculadoras, se est\u00e1 volviendo m\u00e1s popular para atraer clientes potenciales, recopilar informaci\u00f3n y ofrecer valor personalizado.<\/li>\n\n\n\n<li><strong>V\u00eddeo marketing<\/strong>:El contenido en video es un medio eficaz para atraer clientes potenciales y generar demanda. Los videos breves e informativos que abordan los problemas de los clientes ayudan a generar confianza y generar inter\u00e9s.<\/li>\n\n\n\n<li><strong>Centrarse en los datos propios<\/strong>:Con el aumento de las regulaciones de privacidad, las empresas est\u00e1n cambiando hacia la recopilaci\u00f3n y el aprovechamiento de datos propios para lograr una segmentaci\u00f3n y personalizaci\u00f3n m\u00e1s precisas.<\/li>\n<\/ul>\n\n\n\n<h2 class=\"wp-block-heading\"><strong>Tecnolog\u00eda y herramientas que impulsan la generaci\u00f3n de demanda B2B<\/strong><\/h2>\n\n\n\n<p>Una empresa l\u00edder en generaci\u00f3n de demanda B2B utiliza una variedad de plataformas y software avanzados para optimizar procesos, mejorar la segmentaci\u00f3n y medir el \u00e9xito con precisi\u00f3n. Estas tecnolog\u00edas ayudan a automatizar tareas y brindan informaci\u00f3n valiosa sobre los comportamientos de los compradores, lo que permite a las empresas generar demanda que se traduce en clientes potenciales calificados y conversiones.<\/p>\n\n\n\n<p><strong>Automatizaci\u00f3n de marketing para campa\u00f1as escalables<\/strong><strong><br><\/strong><strong><br><\/strong>Las plataformas de automatizaci\u00f3n de marketing como HubSpot y Marketo permiten a los equipos de generaci\u00f3n de demanda automatizar tareas repetitivas, como el marketing por correo electr\u00f3nico, las publicaciones en redes sociales y el desarrollo de clientes potenciales. Para una importante empresa de generaci\u00f3n de demanda B2B, la automatizaci\u00f3n es un cambio radical, ya que permite realizar campa\u00f1as a gran escala que mantienen la personalizaci\u00f3n y la coherencia en todos los puntos de contacto.&nbsp;<\/p>\n\n\n\n<p><strong>Sistemas de gesti\u00f3n de relaciones con los clientes (CRM) para el seguimiento y la gesti\u00f3n de clientes potenciales<\/strong><strong><br><\/strong><strong><br><\/strong>Un sistema CRM s\u00f3lido, como Salesforce o Zoho CRM, es fundamental para la generaci\u00f3n de demanda. Estas herramientas ayudan a una empresa de generaci\u00f3n de demanda B2B de primer nivel a realizar un seguimiento de cada interacci\u00f3n con clientes potenciales, supervisar el proceso de venta e identificar oportunidades de alto valor. Los sistemas CRM se integran con otras herramientas de marketing para proporcionar una visi\u00f3n integral del recorrido de cada cliente potencial, lo que permite a las empresas alinear los esfuerzos de marketing y ventas.&nbsp;<\/p>\n\n\n\n<p><strong>An\u00e1lisis de datos para obtener informaci\u00f3n detallada sobre el mercado y la audiencia<\/strong><strong><br><\/strong><strong><br><\/strong>Data analytics tools, like Google Analytics, Adobe Analytics, and PowerBI, allow B2B demand generation firms to make informed decisions based on real-time data. These platforms enable firms to monitor campaign performance, track user behavior, and identify high-performing content. By leveraging data analytics, a <a href=\"https:\/\/www.sisinternational.com\/es\/top-b2b-go-to-market-strategy-company\/\" title=\"La mejor empresa de estrategia de salida al mercado B2B\" data-wpil-monitor-id=\"1374\">top B2B demand generation<\/a> firm can fine-tune its strategies, targeting content and campaigns more accurately.&nbsp;<\/p>\n\n\n\n<p><strong>Plataformas de marketing basado en cuentas (ABM) para una difusi\u00f3n dirigida<\/strong><strong><br><\/strong><strong><br><\/strong>Las herramientas ABM son invaluables para una importante empresa de generaci\u00f3n de demanda B2B a la hora de ejecutar campa\u00f1as precisas y espec\u00edficas para grandes clientes corporativos. Al centrarse en las cuentas clave, estas plataformas ayudan a las empresas a asignar recursos de manera m\u00e1s eficaz, lo que da como resultado clientes potenciales de mayor calidad y un mejor retorno de la inversi\u00f3n. Las plataformas ABM tambi\u00e9n facilitan la interacci\u00f3n multicanal, lo que proporciona informaci\u00f3n sobre c\u00f3mo los diferentes puntos de contacto contribuyen al \u00e9xito general de la campa\u00f1a.<\/p>\n\n\n\n<p><strong>Herramientas de gesti\u00f3n de redes sociales para aumentar la visibilidad y la participaci\u00f3n de la marca<\/strong><strong><br><\/strong><strong><br><\/strong>Las plataformas de gesti\u00f3n de redes sociales como Hootsuite, Sprout Social y Buffer son esenciales para gestionar la presencia de la marca en m\u00faltiples canales. Una importante empresa de generaci\u00f3n de demanda B2B utiliza estas herramientas para programar publicaciones, interactuar con los seguidores y monitorear el sentimiento de la marca. Estas herramientas tambi\u00e9n brindan an\u00e1lisis valiosos que revelan qu\u00e9 tipos de contenido resuenan m\u00e1s con el p\u00fablico objetivo.&nbsp;<\/p>\n\n\n\n<p><strong>An\u00e1lisis predictivo e inteligencia artificial para la previsi\u00f3n y la personalizaci\u00f3n<\/strong><strong><br><\/strong><strong><br><\/strong>Predictive analytics and AI tools transform <a href=\"https:\/\/www.sisinternational.com\/es\/solutions\/qualitative-quantitative-research-solutions\/demand-forecasting-best-practices\/\" title=\"Demand Forecasting Best Practices\" data-wpil-monitor-id=\"1644\">demand generation by enabling accurate forecasting<\/a> and personalized content delivery. A <a href=\"https:\/\/www.sisinternational.com\/es\/top-b2b-market-trends-monitoring-company\/\" title=\"Principal empresa de monitoreo de tendencias del mercado B2B\" data-wpil-monitor-id=\"1227\">top B2B demand generation<\/a> firm can analyze historical data and current trends to predict customer behaviors and create personalized content journeys. AI-driven algorithms help identify the best times to reach potential leads, which messaging resonates most, and how to adjust campaigns in real-time for optimal results.&nbsp;<\/p>\n\n\n\n<h2 class=\"wp-block-heading\"><strong>\u00bfQu\u00e9 diferencia a SIS International de otras empresas de generaci\u00f3n de demanda?<\/strong><\/h2>\n\n\n\n<figure class=\"gb-block-image gb-block-image-c88bf432\"><img loading=\"lazy\" decoding=\"async\" width=\"1456\" height=\"816\" class=\"gb-image gb-image-c88bf432\" src=\"https:\/\/www.sisinternational.com\/wp-content\/uploads\/2025\/09\/Quantitative-reseasrch-in-London-Qualitative-research-in-London-9.jpg\" alt=\"SIS International Market Research &amp; Strategy\" title=\"Quantitative reseasrch in London Qualitative research in London (9)\" srcset=\"https:\/\/www.sisinternational.com\/wp-content\/uploads\/2025\/09\/Quantitative-reseasrch-in-London-Qualitative-research-in-London-9.jpg 1456w, https:\/\/www.sisinternational.com\/wp-content\/uploads\/2025\/09\/Quantitative-reseasrch-in-London-Qualitative-research-in-London-9-300x168.jpg 300w, https:\/\/www.sisinternational.com\/wp-content\/uploads\/2025\/09\/Quantitative-reseasrch-in-London-Qualitative-research-in-London-9-1024x574.jpg 1024w, https:\/\/www.sisinternational.com\/wp-content\/uploads\/2025\/09\/Quantitative-reseasrch-in-London-Qualitative-research-in-London-9-768x430.jpg 768w, https:\/\/www.sisinternational.com\/wp-content\/uploads\/2025\/09\/Quantitative-reseasrch-in-London-Qualitative-research-in-London-9-18x10.jpg 18w\" sizes=\"auto, (max-width: 1456px) 100vw, 1456px\"><\/figure>\n\n\n\n<p><\/p>\n\n\n\n<p>El enfoque de SIS International para la generaci\u00f3n de demanda es \u00fanico y sumamente eficaz. A continuaci\u00f3n, se indican algunos factores que nos diferencian de otras empresas de generaci\u00f3n de demanda:<\/p>\n\n\n\n<ul class=\"wp-block-list\">\n<li><strong>Generaci\u00f3n de demanda hol\u00edstica<\/strong>: Unlike <a href=\"https:\/\/www.sisinternational.com\/es\/solutions\/strategy-consulting\/lead-generation-techniques\/\" title=\"Empresa de generaci\u00f3n de leads\" data-wpil-monitor-id=\"6750\">firms focusing solely on lead generation<\/a>, SIS takes a holistic approach to demand generation, encompassing brand awareness, engagement, lead nurturing, and sales enablement.<\/li>\n\n\n\n<li><strong>Experiencia en la industria<\/strong>Nuestra experiencia abarca una amplia gama de industrias, lo que nos permite desarrollar estrategias de generaci\u00f3n de demanda personalizadas que resuenan con segmentos de mercado espec\u00edficos.<\/li>\n\n\n\n<li><strong>Enfoque centrado en el cliente<\/strong>:Centramos a los clientes de nuestros clientes en nuestras estrategias de generaci\u00f3n de demanda. Al comprender las necesidades y los puntos d\u00e9biles de la audiencia objetivo, creamos campa\u00f1as personalizadas que impulsan la participaci\u00f3n.<\/li>\n\n\n\n<li><strong>Agilidad y adaptabilidad<\/strong>:El panorama del marketing B2B cambia constantemente y nos enorgullecemos de nuestra capacidad para adaptarnos r\u00e1pidamente a las nuevas tendencias y desaf\u00edos, garantizando que nuestros clientes sigan siendo competitivos.<\/li>\n\n\n\n<li><strong>Asociaciones colaborativas<\/strong>Consideramos a nuestros clientes como socios y trabajamos estrechamente con ellos para desarrollar campa\u00f1as de generaci\u00f3n de demanda que se alineen con sus objetivos comerciales y brinden resultados mensurables.<\/li>\n<\/ul>\n\n\n\n<h2 class=\"wp-block-heading\"><strong>\u00bfQu\u00e9 hace que SIS International sea la empresa m\u00e1s asequible para la generaci\u00f3n de demanda B2B?<\/strong><\/h2>\n\n\n\n<p>SIS International is recognized as a top B2B demand generation firm and one of the most affordable options for businesses seeking effective demand generation solutions. Here\u2019s what makes SIS International the most affordable <a href=\"https:\/\/www.sisinternational.com\/es\/top-b2b-sales-optimization-company\/\" title=\"Empresa l\u00edder en optimizaci\u00f3n de ventas B2B\" data-wpil-monitor-id=\"1668\">company for B2B<\/a> demand generation:<\/p>\n\n\n\n<ul class=\"wp-block-list\">\n<li><strong>Estrategias rentables<\/strong>:Nuestras soluciones de generaci\u00f3n de demanda est\u00e1n dise\u00f1adas para ofrecer el m\u00e1ximo valor sin costos excesivos. Optimizamos las campa\u00f1as para obtener un retorno de la inversi\u00f3n (ROI), lo que garantiza que los clientes reciban resultados de alta calidad a un precio asequible.<\/li>\n\n\n\n<li><strong>Paquetes de precios flexibles<\/strong>Ofrecemos opciones de precios flexibles adaptadas a las necesidades y limitaciones presupuestarias de nuestros clientes. Esto permite que empresas de todos los tama\u00f1os accedan a servicios profesionales de generaci\u00f3n de demanda sin problemas financieros.<\/li>\n\n\n\n<li><strong>Campa\u00f1as escalables<\/strong>:Las campa\u00f1as de generaci\u00f3n de demanda de SIS International son escalables, lo que permite a las empresas comenzar con un presupuesto que se ajuste a sus necesidades y ampliarlo a medida que crecen. Este enfoque garantiza que los clientes puedan aumentar gradualmente su inversi\u00f3n en generaci\u00f3n de demanda a medida que ven resultados.<\/li>\n\n\n\n<li><strong>Asignaci\u00f3n eficiente de recursos<\/strong>Al aprovechar herramientas de automatizaci\u00f3n avanzadas y conocimientos basados en datos, minimizamos las ineficiencias y maximizamos el impacto de cada campa\u00f1a, lo que permite a nuestros clientes lograr m\u00e1s sin exceder sus presupuestos.<\/li>\n\n\n\n<li><strong>Resultados basados en valor:<\/strong> Entregamos resultados basados en valor que contribuyen directamente al crecimiento de nuestros clientes. Priorizamos estrategias que brindan resultados comerciales tangibles, garantizando que cada d\u00f3lar gastado en la generaci\u00f3n de demanda genere un s\u00f3lido retorno de la inversi\u00f3n.<\/li>\n<\/ul>\n\n\n\n<h2 class=\"wp-block-heading\"><strong>Acerca de SIS Internacional<\/strong><\/h2>\n\n\n\n<p><a href=\"https:\/\/www.sisinternational.com\/es\/\">SIS Internacional<\/a> ofrece investigaci\u00f3n cuantitativa, cualitativa y estrat\u00e9gica. Proporcionamos datos, herramientas, estrategias, informes y conocimientos para la toma de decisiones. Tambi\u00e9n realizamos entrevistas, encuestas, grupos focales y otros m\u00e9todos y enfoques de investigaci\u00f3n de mercado.<a href=\"https:\/\/www.sisinternational.com\/es\/about-sis-international-research\/contact-sis-international-market-research\/\"> P\u00f3ngase en contacto con nosotros<\/a> para su pr\u00f3ximo proyecto de Investigaci\u00f3n de Mercado.<\/p>\n\n\n\n<hr class=\"wp-block-separator has-alpha-channel-opacity\"\/>","protected":false},"excerpt":{"rendered":"<p>Top B2B Demand Generation Company How can your business stay ahead of the competition in the ever-changing world of B2B marketing? Demand generation is about creating awareness, interest, and desire for your products or services, ensuring your sales funnel remains full of high-quality leads. SIS International is recognized as a top B2B demand generation firm, &#8230; <a title=\"Principal empresa de generaci\u00f3n de demanda B2B\" class=\"read-more\" href=\"https:\/\/www.sisinternational.com\/es\/solutions\/b2b-market-research\/top-b2b-demand-generation-company\/\" aria-label=\"Leer m\u00e1s sobre Top B2B Demand Generation Company\">Leer m\u00e1s<\/a><\/p>","protected":false},"author":1,"featured_media":62386,"parent":11292,"menu_order":9,"comment_status":"closed","ping_status":"closed","template":"","meta":{"footnotes":""},"class_list":["post-53891","page","type-page","status-publish","has-post-thumbnail"],"_links":{"self":[{"href":"https:\/\/www.sisinternational.com\/es\/wp-json\/wp\/v2\/pages\/53891","targetHints":{"allow":["GET"]}}],"collection":[{"href":"https:\/\/www.sisinternational.com\/es\/wp-json\/wp\/v2\/pages"}],"about":[{"href":"https:\/\/www.sisinternational.com\/es\/wp-json\/wp\/v2\/types\/page"}],"author":[{"embeddable":true,"href":"https:\/\/www.sisinternational.com\/es\/wp-json\/wp\/v2\/users\/1"}],"replies":[{"embeddable":true,"href":"https:\/\/www.sisinternational.com\/es\/wp-json\/wp\/v2\/comments?post=53891"}],"version-history":[{"count":13,"href":"https:\/\/www.sisinternational.com\/es\/wp-json\/wp\/v2\/pages\/53891\/revisions"}],"predecessor-version":[{"id":80330,"href":"https:\/\/www.sisinternational.com\/es\/wp-json\/wp\/v2\/pages\/53891\/revisions\/80330"}],"up":[{"embeddable":true,"href":"https:\/\/www.sisinternational.com\/es\/wp-json\/wp\/v2\/pages\/11292"}],"wp:featuredmedia":[{"embeddable":true,"href":"https:\/\/www.sisinternational.com\/es\/wp-json\/wp\/v2\/media\/62386"}],"wp:attachment":[{"href":"https:\/\/www.sisinternational.com\/es\/wp-json\/wp\/v2\/media?parent=53891"}],"curies":[{"name":"wp","href":"https:\/\/api.w.org\/{rel}","templated":true}]}}