{"id":53888,"date":"2024-11-03T14:49:26","date_gmt":"2024-11-03T19:49:26","guid":{"rendered":"https:\/\/www.sisinternational.com\/?page_id=53888"},"modified":"2026-03-05T23:20:57","modified_gmt":"2026-03-06T04:20:57","slug":"investigacion-de-mercado-sobre-posicionamiento-de-productos-b2b","status":"publish","type":"page","link":"https:\/\/www.sisinternational.com\/es\/soluciones\/investigacion-de-mercado-b2b\/investigacion-de-mercado-sobre-posicionamiento-de-productos-b2b\/","title":{"rendered":"Investigaci\u00f3n de mercado sobre posicionamiento de productos B2B"},"content":{"rendered":"<h1 class=\"gb-headline gb-headline-a2405738 gb-headline-text\">Investigaci\u00f3n de mercado sobre posicionamiento de productos B2B<\/h1>\n\n\n\n<figure class=\"gb-block-image gb-block-image-74efe526\"><img loading=\"lazy\" decoding=\"async\" width=\"1456\" height=\"816\" class=\"gb-image gb-image-74efe526\" src=\"https:\/\/www.sisinternational.com\/wp-content\/uploads\/2025\/08\/Retail-28.jpg\" alt=\"Investigaci\u00f3n y estrategia de mercado internacional de SIS\" title=\"Retail (28)\" srcset=\"https:\/\/www.sisinternational.com\/wp-content\/uploads\/2025\/08\/Retail-28.jpg 1456w, https:\/\/www.sisinternational.com\/wp-content\/uploads\/2025\/08\/Retail-28-300x168.jpg 300w, https:\/\/www.sisinternational.com\/wp-content\/uploads\/2025\/08\/Retail-28-1024x574.jpg 1024w, https:\/\/www.sisinternational.com\/wp-content\/uploads\/2025\/08\/Retail-28-768x430.jpg 768w, https:\/\/www.sisinternational.com\/wp-content\/uploads\/2025\/08\/Retail-28-18x10.jpg 18w\" sizes=\"auto, (max-width: 1456px) 100vw, 1456px\"><\/figure>\n\n\n\n<p><\/p>\n\n\n\n<hr class=\"wp-block-separator has-alpha-channel-opacity\"\/>\n\n\n\n<h3 class=\"wp-block-heading\">En una era en la que los datos impulsan las decisiones, la investigaci\u00f3n de mercado sobre posicionamiento de productos B2B brinda a las empresas la informaci\u00f3n que necesitan para destacarse, conectar con los clientes y prosperar en mercados competitivos.<\/h3>\n\n\n\n<p>\u00bfAlguna vez se ha preguntado qu\u00e9 es lo que realmente hace que un producto tenga eco en la audiencia adecuada en un mercado B2B abarrotado? Definir claramente lo que distingue a un producto de la competencia es esencial para atraer a los clientes adecuados e impulsar el crecimiento del negocio. SIS International ofrece servicios especializados de investigaci\u00f3n de mercado de posicionamiento de productos B2B que ayudan a las empresas a crear mensajes atractivos que tengan eco en su audiencia objetivo.<\/p>\n\n\n\n<h2 class=\"wp-block-heading\"><strong>\u00bfQu\u00e9 es la investigaci\u00f3n de mercado de posicionamiento de productos B2B?<\/strong><\/h2>\n\n\n\n<p><a href=\"https:\/\/www.sisinternational.com\/es\/investigacion-de-mercado-de-generacion-de-leads-b2b\/\" title=\"Investigaci\u00f3n de mercado de generaci\u00f3n de leads B2B\"  data-wpil-monitor-id=\"1355\">B2B product positioning market research<\/a> allows businesses to determine how a product fits within the market. It shows how customers perceive their products, how they compare to competitors, and what unique value they offer. Critical components of <a href=\"https:\/\/www.sisinternational.com\/es\/soluciones\/investigacion-de-mercado-b2b\/mejores-practicas-para-la-investigacion-de-mercados-b2b\/\" title=\"Mejores pr\u00e1cticas para la investigaci\u00f3n de mercados B2B\"  data-wpil-monitor-id=\"1797\">B2B product positioning market research<\/a> incluir:<\/p>\n\n\n\n<ul class=\"wp-block-list\">\n<li><strong>An\u00e1lisis de la percepci\u00f3n del cliente<\/strong>:Entender c\u00f3mo los clientes perciben el producto es vital para un posicionamiento efectivo.<\/li>\n\n\n\n<li><strong>Evaluaci\u00f3n comparativa competitiva<\/strong>:El an\u00e1lisis de los competidores es esencial para comprender la posici\u00f3n del producto. La evaluaci\u00f3n comparativa competitiva ayuda a identificar oportunidades para diferenciar el producto y aprovechar las brechas del mercado.<\/li>\n\n\n\n<li><strong>Informaci\u00f3n sobre el p\u00fablico objetivo<\/strong>:Identificar las necesidades, preferencias y puntos d\u00e9biles del p\u00fablico objetivo es crucial para crear un posicionamiento de producto relevante y atractivo.&nbsp;<\/li>\n\n\n\n<li><strong>Desarrollo de propuesta de valor<\/strong>:La propuesta de valor es el mensaje central que comunica por qu\u00e9 un producto es la mejor opci\u00f3n para los clientes.&nbsp;<\/li>\n\n\n\n<li><strong>Prueba de mensajes<\/strong>: <a href=\"https:\/\/www.sisinternational.com\/es\/b2b-customer-experience-the-ultimate-guide-to-building-loyalty-that-lasts\/\" title=\"B2B Customer Experience: The Ultimate Guide to Building Loyalty That Lasts\"  data-wpil-monitor-id=\"508\">B2B product positioning market research<\/a> involves gathering feedback from potential customers to refine the messaging and ensure maximum impact.<\/li>\n<\/ul>\n\n\n\n<h2 class=\"wp-block-heading\"><strong>El enfoque exclusivo de SIS International para la investigaci\u00f3n de mercado de posicionamiento de productos B2B<\/strong><\/h2>\n\n\n\n<p><a href=\"https:\/\/www.linkedin.com\/company\/sisinternationalresearch\/\" target=\"_blank\" rel=\"noopener\">SIS Internacional<\/a> Adoptamos un enfoque estrat\u00e9gico y basado en datos para la investigaci\u00f3n de mercado del posicionamiento de productos B2B. Trabajamos en estrecha colaboraci\u00f3n con los clientes para comprender sus objetivos comerciales, el entorno del mercado y las necesidades de los clientes. Nuestro proceso de investigaci\u00f3n descubre los conocimientos que impulsan un posicionamiento de producto eficaz y crean un impacto duradero en el mercado.<\/p>\n\n\n\n<ul class=\"wp-block-list\">\n<li><strong>An\u00e1lisis de mercado<\/strong>: <a href=\"https:\/\/www.sisinternational.com\/es\/dia-de-washington-y-presidentes\/\" title=\"Marketing navide\u00f1o en el d\u00eda del presidente\" data-wpil-monitor-id=\"7404\">SIS conducts in-depth market<\/a> analysis to understand the competitive landscape and identify key market trends. <\/li>\n\n\n\n<li><strong>Investigaci\u00f3n centrada en el cliente<\/strong>Comprender al cliente es la base de un posicionamiento eficaz del producto. <a href=\"https:\/\/twitter.com\/SISIntlResearch\" target=\"_blank\" rel=\"noopener\">SIS<\/a> Realiza investigaciones centradas en el cliente para recopilar informaci\u00f3n sobre las percepciones, preferencias y puntos d\u00e9biles del cliente, garantizando que el posicionamiento de nuestros clientes resuene con su audiencia.<\/li>\n\n\n\n<li><strong>Estrategias de posicionamiento personalizadas<\/strong>:Cada producto es \u00fanico, al igual que su posicionamiento. Desarrollamos estrategias de posicionamiento personalizadas que resaltan las fortalezas y el valor \u00fanicos de cada producto, diferenci\u00e1ndolo de la competencia.<\/li>\n\n\n\n<li><strong>Desarrollo y prueba de mensajes<\/strong>:SIS ayuda a los clientes a desarrollar y probar diferentes mensajes de posicionamiento para determinar qu\u00e9 resuena m\u00e1s con su p\u00fablico objetivo e impulsa la respuesta deseada.<\/li>\n\n\n\n<li><strong>Estrategia de posicionamiento continuo<\/strong>: SIS International offers continuous support by actively assessing shifts in customer behavior, market trends, and competitive activities. <\/li>\n<\/ul>\n\n\n\n<h2 class=\"wp-block-heading\"><strong>\u00bfPor qu\u00e9 el posicionamiento eficaz del producto es fundamental para el \u00e9xito B2B?<\/strong><\/h2>\n\n\n\n<figure class=\"gb-block-image gb-block-image-0a635cce\"><img loading=\"lazy\" decoding=\"async\" width=\"1456\" height=\"816\" class=\"gb-image gb-image-0a635cce\" src=\"https:\/\/www.sisinternational.com\/wp-content\/uploads\/2025\/08\/Retail-19.jpg\" alt=\"Investigaci\u00f3n y estrategia de mercado internacional de SIS\" title=\"Retail (19)\" srcset=\"https:\/\/www.sisinternational.com\/wp-content\/uploads\/2025\/08\/Retail-19.jpg 1456w, https:\/\/www.sisinternational.com\/wp-content\/uploads\/2025\/08\/Retail-19-300x168.jpg 300w, https:\/\/www.sisinternational.com\/wp-content\/uploads\/2025\/08\/Retail-19-1024x574.jpg 1024w, https:\/\/www.sisinternational.com\/wp-content\/uploads\/2025\/08\/Retail-19-768x430.jpg 768w, https:\/\/www.sisinternational.com\/wp-content\/uploads\/2025\/08\/Retail-19-18x10.jpg 18w\" sizes=\"auto, (max-width: 1456px) 100vw, 1456px\"><\/figure>\n\n\n\n<p><\/p>\n\n\n\n<p>Effective product positioning determines how customers perceive the product and influences their buying decisions \u2013 and here are some reasons why <a href=\"https:\/\/www.sisinternational.com\/es\/complejidades-del-marketing-b2b-2\/\" title=\"\u00bfQu\u00e9 es el marketing B2B?\" data-wpil-monitor-id=\"2215\">B2B product positioning market<\/a> research is critical for success:<\/p>\n\n\n\n<ul class=\"wp-block-list\">\n<li><strong>Diferenciaci\u00f3n<\/strong>:Un posicionamiento efectivo ayuda a resaltar el valor \u00fanico del producto, haci\u00e9ndolo m\u00e1s atractivo para los clientes potenciales.<\/li>\n\n\n\n<li><strong>Alineaci\u00f3n del cliente<\/strong>: <a href=\"https:\/\/www.sisinternational.com\/es\/pericia\/industrias\/investigacion-de-mercado-de-superioridad-del-producto\/\" title=\"Investigaci\u00f3n de mercado de superioridad del producto\" data-wpil-monitor-id=\"5800\">Product positioning market research<\/a> helps ensure the product&#8217;s messaging is relevant to the target audience, making it more likely to resonate with them.<\/li>\n\n\n\n<li><strong>Mayor eficacia en ventas y marketing<\/strong>:Un posicionamiento claro y convincente del producto ayuda a mejorar la eficacia de las iniciativas de marketing y ventas. Los clientes que comprenden el valor del producto tienen m\u00e1s probabilidades de interactuar con la marca y realizar la compra.<\/li>\n\n\n\n<li><strong>Toma de decisiones informada<\/strong>:Posicionamiento del producto <a href=\"https:\/\/www.linkedin.com\/pulse\/how-market-research-enables-growth-ruth-stanat-phekf\/\" target=\"_blank\" rel=\"noopener\">investigaci\u00f3n de mercado<\/a> Proporciona informaci\u00f3n valiosa que ayuda a las empresas a tomar decisiones informadas sobre el posicionamiento de sus productos en el mercado.&nbsp;<\/li>\n\n\n\n<li><strong>Percepcion de la marca<\/strong>:Un producto bien posicionado ayuda a establecer la marca como l\u00edder en su categor\u00eda, generando credibilidad y confianza con los clientes.<\/li>\n<\/ul>\n\n\n\n<h2 class=\"wp-block-heading\"><strong>Tendencias en posicionamiento de productos B2B<\/strong><\/h2>\n\n\n\n<p>El panorama del posicionamiento de productos B2B est\u00e1 en constante transformaci\u00f3n y las empresas deben adaptarse a estos cambios para posicionar eficazmente sus productos, destacando sus propuestas de valor \u00fanicas y aline\u00e1ndose con las cambiantes demandas de los compradores. Las tendencias clave incluyen:<\/p>\n\n\n\n<ul class=\"wp-block-list\">\n<li><strong>Personalizaci\u00f3n<\/strong>:Los compradores B2B ahora esperan una experiencia m\u00e1s personalizada que la que reciben en los mercados B2C. El posicionamiento eficaz de un producto depende cada vez m\u00e1s de la adaptaci\u00f3n de los mensajes para satisfacer las necesidades espec\u00edficas de los diferentes segmentos de clientes.<\/li>\n\n\n\n<li><strong>Posicionamiento basado en datos<\/strong>:Las empresas aprovechan el big data y el an\u00e1lisis para comprender mejor las preferencias de los clientes y la din\u00e1mica del mercado, lo que les permite dise\u00f1ar estrategias de posicionamiento m\u00e1s espec\u00edficas.<\/li>\n\n\n\n<li><strong>contar historias<\/strong>:La narraci\u00f3n de historias se ha convertido en un componente vital del posicionamiento de productos. Las empresas se centran en crear narrativas atractivas que resalten el valor \u00fanico de sus productos de formas atractivas y con las que la gente se pueda identificar.<\/li>\n\n\n\n<li><strong>Sostenibilidad<\/strong>:Los clientes est\u00e1n cada vez m\u00e1s interesados en la sostenibilidad y las pr\u00e1cticas \u00e9ticas. Los productos que se posicionan como respetuosos con el medio ambiente o socialmente responsables est\u00e1n ganando una ventaja competitiva.<\/li>\n\n\n\n<li><strong>Transformaci\u00f3n Digital<\/strong>: The rise of <a href=\"https:\/\/www.sisinternational.com\/es\/transformacion-digital-en-la-construccion\/\" title=\"Transformaci\u00f3n digital en la construcci\u00f3n\" data-wpil-monitor-id=\"2805\">digital channels and social media has transformed<\/a> how companies position their products. Digital-first positioning strategies are now critical for effectively reaching the right audience.<\/li>\n<\/ul>\n\n\n\n<h2 class=\"wp-block-heading\"><strong>El papel de la tecnolog\u00eda en la investigaci\u00f3n de mercados de posicionamiento de productos B2B<\/strong><\/h2>\n\n\n\n<p>Al aprovechar herramientas y an\u00e1lisis avanzados, las empresas pueden obtener conocimientos m\u00e1s profundos sobre la din\u00e1mica del mercado, las preferencias de los clientes y las estrategias de los competidores, lo que les permite posicionar productos con precisi\u00f3n y relevancia.<\/p>\n\n\n\n<p><strong>An\u00e1lisis impulsado por IA para obtener informaci\u00f3n m\u00e1s detallada del mercado<br><\/strong><br>Through AI-driven analytics, companies can segment their audience more effectively, understanding which features and benefits resonate most with different customer groups. <\/p>\n\n\n\n<p><strong>CRM Systems for Enhanced Customer UnderstandingCustomer Relationship Management (CRM) systems offer a centralized platform for tracking customer interactions, preferences, and purchase behaviors, providing invaluable insights for <a href=\"https:\/\/www.sisinternational.com\/es\/seguimiento-de-posicionamiento-de-marca-b2b\/\" title=\"Posicionamiento de mercado B2B e investigaci\u00f3n de marca\" data-wpil-monitor-id=\"4308\">B2B product positioning market research<\/a>. <\/p>\n\n\n\n<p><strong>Herramientas de visualizaci\u00f3n de datos para an\u00e1lisis de mercado en tiempo real<br><br><\/strong>Data visualization tools, such as PowerBI dashboards, allow companies to transform complex data into intuitive, real-time visuals, making tracking market trends and customer sentiment easier. <\/p>\n\n\n\n<p><strong>Plataformas de escucha social para analizar el sentimiento de la competencia y del mercado<\/strong><strong><br><\/strong><strong><br><\/strong>Las herramientas de escucha social permiten a las empresas monitorear las conversaciones de la industria, las actividades de la competencia y el sentimiento de los clientes en varios canales digitales. Para la investigaci\u00f3n de mercado de posicionamiento de productos B2B, la escucha social ofrece informaci\u00f3n sobre lo que dicen los competidores, c\u00f3mo posicionan sus productos y c\u00f3mo responden los clientes.&nbsp;<\/p>\n\n\n\n<p><strong>An\u00e1lisis predictivo para la toma de decisiones estrat\u00e9gicas<\/strong><strong><br><\/strong><strong><br><\/strong>El an\u00e1lisis predictivo desempe\u00f1a un papel fundamental a la hora de anticipar los cambios del mercado y las necesidades de los clientes. Mediante el an\u00e1lisis de datos hist\u00f3ricos y tendencias actuales, las empresas pueden utilizar modelos predictivos para pronosticar el rendimiento de determinadas estrategias de posicionamiento.&nbsp;<\/p>\n\n\n\n<h2 class=\"wp-block-heading\"><strong>Perspectivas de investigaci\u00f3n de mercado sobre posicionamiento de productos B2B<\/strong><\/h2>\n\n\n\n<p>El futuro de la investigaci\u00f3n de mercado sobre posicionamiento de productos B2B parece prometedor, ya que las empresas reconocen la importancia de un posicionamiento diferenciado y atractivo. Las oportunidades clave incluyen:<\/p>\n\n\n\n<ul class=\"wp-block-list\">\n<li><strong>Mayor uso de la IA<\/strong>:Se espera que la IA desempe\u00f1e un papel m\u00e1s importante en la investigaci\u00f3n del posicionamiento de productos. Los conocimientos generados por la IA ayudar\u00e1n a las empresas a identificar brechas en el mercado, comprender el sentimiento de los clientes y optimizar sus mensajes de manera m\u00e1s eficaz.<\/li>\n\n\n\n<li><strong>Integraci\u00f3n con sistemas CRM<\/strong>Las estrategias de posicionamiento de productos se est\u00e1n integrando cada vez m\u00e1s con los sistemas CRM, lo que permite conexiones fluidas entre los conocimientos de investigaci\u00f3n y las actividades de ventas.<\/li>\n\n\n\n<li><strong>\u00c9nfasis en el recorrido del comprador<\/strong>:Las empresas est\u00e1n mapeando cada vez m\u00e1s el recorrido del comprador para crear un posicionamiento que tenga eco en cada etapa. Comprender c\u00f3mo los clientes pasan del conocimiento a la toma de decisiones ayudar\u00e1 a refinar las estrategias de posicionamiento.<\/li>\n\n\n\n<li><strong>Co-creaci\u00f3n de clientes<\/strong>:Es cada vez m\u00e1s com\u00fan involucrar a los clientes en el proceso de desarrollo y posicionamiento de productos. La co-creaci\u00f3n permite a las empresas crear mensajes que reflejen directamente las necesidades y expectativas de su p\u00fablico objetivo.<\/li>\n\n\n\n<li><strong>Globalizaci\u00f3n y localizaci\u00f3n<\/strong>:A medida que las empresas se expanden a nivel mundial, existe una creciente necesidad de un posicionamiento de productos localizado. Las empresas reconocen la importancia de adaptar los mensajes de los productos para que se ajusten a las diferencias culturales y las preferencias del mercado local.<\/li>\n<\/ul>\n\n\n\n<h2 class=\"wp-block-heading\"><strong>\u00bfQu\u00e9 hace que SIS International sea una empresa l\u00edder en posicionamiento de productos B2B?<\/strong><\/h2>\n\n\n\n<p>SIS International se destaca como una de las principales empresas de posicionamiento de productos B2B por varias razones convincentes, cada una de las cuales contribuye a nuestra capacidad de ayudar a los clientes a lograr resultados superiores en el mercado:<\/p>\n\n\n\n<ul class=\"wp-block-list\">\n<li><strong>Amplia experiencia en la industria<\/strong>:SIS International cuenta con una amplia experiencia en el sector, lo que nos permite ofrecer informaci\u00f3n personalizada que se adapta a sectores espec\u00edficos del mercado. Nuestra experiencia en el sector tambi\u00e9n nos permite desarrollar estrategias de posicionamiento de productos eficaces adaptadas a los desaf\u00edos y oportunidades particulares de cada sector.<\/li>\n\n\n\n<li><strong>Enfoque centrado en el cliente<\/strong>En SIS, el cliente es el centro de cada estrategia de posicionamiento de productos. Realizamos investigaciones exhaustivas para comprender las necesidades, preferencias y puntos d\u00e9biles de los clientes, asegur\u00e1ndonos de que el posicionamiento de los productos de nuestros clientes se dirija directamente a su p\u00fablico objetivo.<\/li>\n\n\n\n<li><strong>Metodolog\u00eda basada en datos<\/strong>:Nuestro enfoque se basa en los datos. Aprovechamos el an\u00e1lisis de datos para identificar tendencias del mercado, comportamientos de los clientes y posicionamiento competitivo, y brindamos a nuestros clientes informaci\u00f3n que genera mensajes impactantes sobre los productos.<\/li>\n\n\n\n<li><strong>T\u00e9cnicas de posicionamiento innovadoras<\/strong>:SIS International utiliza t\u00e9cnicas innovadoras, que incluyen narraci\u00f3n de historias, pruebas de mensajes y estrategias de posicionamiento digital, para crear narrativas de productos atractivas que capten el inter\u00e9s del cliente y diferencien a nuestros clientes de la competencia.<\/li>\n\n\n\n<li><strong>Trayectoria comprobada<\/strong>:Nuestra trayectoria ayudando a empresas B2B a alcanzar sus objetivos de posicionamiento habla por s\u00ed sola. Hemos ayudado con \u00e9xito a numerosas empresas a mejorar su visibilidad en el mercado, la interacci\u00f3n con los clientes y la percepci\u00f3n general de la marca mediante estrategias eficaces de posicionamiento de productos.<\/li>\n<\/ul>\n\n\n<h2>Nuestra ubicaci\u00f3n de instalaciones en Nueva York<\/h2>\n<p><!-- \/wp:post-content --> <!-- wp:html --> <iframe loading=\"lazy\" src=\"https:\/\/www.google.com\/maps\/embed?pb=!1m18!1m12!1m3!1d3022.976188376966!2d-73.99130312499956!3d40.740549471389315!2m3!1f0!2f0!3f0!3m2!1i1024!2i768!4f13.1!3m3!1m2!1s0x89c259a15798c731%3A0xd695d09bdd495f25!2s11%20E%2022nd%20St%20FL%202%2C%20New%20York%2C%20NY%2010010%2C%20USA!5e0!3m2!1sen!2spe!4v1726171763526!5m2!1sen!2spe\" width=\"600\" height=\"450\" allowfullscreen=\"allowfullscreen\" data-mce-fragment=\"1\"><\/iframe> <!-- \/wp:html --> <!-- wp:paragraph --><\/p>\n<h3 class=\"wp-block-heading\">11 E 22nd Street, Piso 2, Nueva York, NY 10010 T: +1(212) 505-6805<\/h3>\n<hr \/>\n<h2><strong>Acerca de SIS Internacional<\/strong><\/h2>\n<p><a href=\"https:\/\/www.sisinternational.com\/es\/\"><span style=\"font-weight: 400;\">SIS Internacional<\/span><\/a><span style=\"font-weight: 400;\"> ofrece investigaci\u00f3n cuantitativa, cualitativa y estrat\u00e9gica. Proporcionamos datos, herramientas, estrategias, informes y conocimientos para la toma de decisiones. Tambi\u00e9n realizamos entrevistas, encuestas, grupos focales y otros m\u00e9todos y enfoques de investigaci\u00f3n de mercado.<\/span><a href=\"https:\/\/www.sisinternational.com\/es\/sobre-la-investigacion-internacional-de-sis\/contact-sis-international-market-research\/\"><span style=\"font-weight: 400;\"> P\u00f3ngase en contacto con nosotros<\/span><\/a><span style=\"font-weight: 400;\"> para su pr\u00f3ximo proyecto de Investigaci\u00f3n de Mercado.<\/span><\/p>\n<p><!-- wp:separator --><\/p>\n<hr class=\"wp-block-separator has-alpha-channel-opacity\"\/>\n<!-- \/wp:separator --><\/p>","protected":false},"excerpt":{"rendered":"<p>B2B Product Positioning Market Research In an era where data drives decisions, B2B product positioning market research gives companies the insights they need to stand out, resonate with customers, and thrive in competitive markets Have you ever asked yourself what truly makes a product resonate with the right audience in a crowded B2B market? Clearly &#8230; <a title=\"Investigaci\u00f3n de mercado sobre posicionamiento de productos B2B\" class=\"read-more\" href=\"https:\/\/www.sisinternational.com\/es\/soluciones\/investigacion-de-mercado-b2b\/investigacion-de-mercado-sobre-posicionamiento-de-productos-b2b\/\" aria-label=\"Leer m\u00e1s sobre B2B Product Positioning Market Research\">Leer m\u00e1s<\/a><\/p>","protected":false},"author":1,"featured_media":62503,"parent":11292,"menu_order":8,"comment_status":"closed","ping_status":"closed","template":"","meta":{"footnotes":""},"class_list":["post-53888","page","type-page","status-publish","has-post-thumbnail"],"_links":{"self":[{"href":"https:\/\/www.sisinternational.com\/es\/wp-json\/wp\/v2\/pages\/53888","targetHints":{"allow":["GET"]}}],"collection":[{"href":"https:\/\/www.sisinternational.com\/es\/wp-json\/wp\/v2\/pages"}],"about":[{"href":"https:\/\/www.sisinternational.com\/es\/wp-json\/wp\/v2\/types\/page"}],"author":[{"embeddable":true,"href":"https:\/\/www.sisinternational.com\/es\/wp-json\/wp\/v2\/users\/1"}],"replies":[{"embeddable":true,"href":"https:\/\/www.sisinternational.com\/es\/wp-json\/wp\/v2\/comments?post=53888"}],"version-history":[{"count":17,"href":"https:\/\/www.sisinternational.com\/es\/wp-json\/wp\/v2\/pages\/53888\/revisions"}],"predecessor-version":[{"id":81048,"href":"https:\/\/www.sisinternational.com\/es\/wp-json\/wp\/v2\/pages\/53888\/revisions\/81048"}],"up":[{"embeddable":true,"href":"https:\/\/www.sisinternational.com\/es\/wp-json\/wp\/v2\/pages\/11292"}],"wp:featuredmedia":[{"embeddable":true,"href":"https:\/\/www.sisinternational.com\/es\/wp-json\/wp\/v2\/media\/62503"}],"wp:attachment":[{"href":"https:\/\/www.sisinternational.com\/es\/wp-json\/wp\/v2\/media?parent=53888"}],"curies":[{"name":"wp","href":"https:\/\/api.w.org\/{rel}","templated":true}]}}