{"id":53885,"date":"2024-11-02T14:45:00","date_gmt":"2024-11-02T18:45:00","guid":{"rendered":"https:\/\/www.sisinternational.com\/?page_id=53885"},"modified":"2026-03-05T23:21:18","modified_gmt":"2026-03-06T04:21:18","slug":"la-mejor-empresa-de-optimizacion-de-ventas-b2b","status":"publish","type":"page","link":"https:\/\/www.sisinternational.com\/es\/soluciones\/investigacion-de-mercado-b2b\/la-mejor-empresa-de-optimizacion-de-ventas-b2b\/","title":{"rendered":"Empresa l\u00edder en optimizaci\u00f3n de ventas B2B"},"content":{"rendered":"<h1 class=\"gb-headline gb-headline-85ee7366 gb-headline-text\">Empresa l\u00edder en optimizaci\u00f3n de ventas B2B<br><\/h1>\n\n\n\n<figure class=\"gb-block-image gb-block-image-9c8a02ed\"><img loading=\"lazy\" decoding=\"async\" width=\"1456\" height=\"816\" class=\"gb-image gb-image-9c8a02ed\" src=\"https:\/\/www.sisinternational.com\/wp-content\/uploads\/2025\/08\/Marketing-5.jpg\" alt=\"Investigaci\u00f3n y estrategia de mercado internacional de SIS\" title=\"Marketing (5)\" srcset=\"https:\/\/www.sisinternational.com\/wp-content\/uploads\/2025\/08\/Marketing-5.jpg 1456w, https:\/\/www.sisinternational.com\/wp-content\/uploads\/2025\/08\/Marketing-5-300x168.jpg 300w, https:\/\/www.sisinternational.com\/wp-content\/uploads\/2025\/08\/Marketing-5-1024x574.jpg 1024w, https:\/\/www.sisinternational.com\/wp-content\/uploads\/2025\/08\/Marketing-5-768x430.jpg 768w, https:\/\/www.sisinternational.com\/wp-content\/uploads\/2025\/08\/Marketing-5-18x10.jpg 18w\" sizes=\"auto, (max-width: 1456px) 100vw, 1456px\"><\/figure>\n\n\n\n<p><\/p>\n\n\n\n<h3 class=\"wp-block-heading\">En el competitivo panorama B2B actual, la capacidad de optimizar los procesos de ventas es un diferenciador clave entre las empresas exitosas y aquellas que luchan por crecer.&nbsp;<\/h3>\n\n\n\n<p>La optimizaci\u00f3n de ventas consiste en perfeccionar cada aspecto del ciclo de ventas (desde la generaci\u00f3n de oportunidades de venta hasta el cierre de acuerdos) para maximizar la eficiencia y la rentabilidad. SIS International es una de las principales empresas de optimizaci\u00f3n de ventas B2B que ayuda a las empresas a liberar su potencial de ventas mediante estrategias basadas en datos y t\u00e9cnicas de venta avanzadas.<\/p>\n\n\n\n<h2 class=\"wp-block-heading\"><strong>\u00bfQu\u00e9 hace que una empresa de optimizaci\u00f3n de ventas B2B sea l\u00edder?<\/strong><\/h2>\n\n\n\n<p>A top B2B sales optimization company like SIS provides tailored strategies and solutions that enhance every sales process step. The company leverages industry expertise, data analytics, and innovative technology to help businesses achieve superior sales performance. Some key elements that define a <a href=\"https:\/\/www.sisinternational.com\/es\/la-principal-empresa-de-seguimiento-de-tendencias-del-mercado-b2b\/\" title=\"Principal empresa de monitoreo de tendencias del mercado B2B\"  data-wpil-monitor-id=\"1235\">top B2B sales optimization company<\/a> incluir:<\/p>\n\n\n\n<ul class=\"wp-block-list\">\n<li><strong>An\u00e1lisis de ventas integral<\/strong>:Un an\u00e1lisis exhaustivo del pipeline y del embudo de ventas es crucial para identificar cuellos de botella y \u00e1reas de mejora.&nbsp;<\/li>\n\n\n\n<li><strong>Estrategias de venta personalizadas<\/strong>: One-size-fits-all solutions rarely work in the competitive B2B environment. A <a href=\"https:\/\/www.sisinternational.com\/es\/la-principal-empresa-de-generacion-de-demanda-b2b\/\" title=\"Principal empresa de generaci\u00f3n de demanda B2B\"  data-wpil-monitor-id=\"1387\">top B2B sales optimization company<\/a>, like SIS International, creates customized sales strategies tailored to each client&#8217;s unique needs.<\/li>\n\n\n\n<li><strong>Herramientas de ventas avanzadas<\/strong>: From CRM software to sales automation tools, a <a href=\"https:\/\/www.sisinternational.com\/es\/la-principal-empresa-de-prevision-de-tendencias-de-la-industria-b2b\/\" title=\"Principal empresa de previsi\u00f3n de tendencias de la industria B2B\"  data-wpil-monitor-id=\"1621\">top B2B sales optimization company<\/a> uses advanced tools to streamline processes and improve efficiency.<\/li>\n\n\n\n<li><strong>Calificaci\u00f3n y gesti\u00f3n de leads<\/strong>:Una empresa l\u00edder en este \u00e1rea ayuda a las empresas a perfeccionar sus procesos de gesti\u00f3n de clientes potenciales para garantizar que su equipo de ventas se centre en las oportunidades m\u00e1s prometedoras.<\/li>\n\n\n\n<li><strong>Capacitaci\u00f3n y desarrollo del equipo de ventas<\/strong>:La capacitaci\u00f3n y el desarrollo continuos equipan a los profesionales de ventas con las habilidades que necesitan para tener \u00e9xito.<\/li>\n<\/ul>\n\n\n\n<h2 class=\"wp-block-heading\"><strong>El enfoque de SIS International para la optimizaci\u00f3n de ventas<\/strong><\/h2>\n\n\n\n<p>Como un l\u00edder de confianza <a href=\"https:\/\/www.sisinternational.com\/es\/soluciones\/investigacion-de-mercado-b2b\/\">B2B<\/a> SIS International es una empresa de optimizaci\u00f3n de ventas con m\u00e1s de 40 a\u00f1os de experiencia en el mercado que adopta un enfoque hol\u00edstico para optimizar las ventas. Abordamos cada aspecto del ciclo de ventas para generar resultados mensurables. Nuestro enfoque est\u00e1 dise\u00f1ado para mejorar la eficiencia de las ventas, mejorar las tasas de conversi\u00f3n y aumentar los ingresos de nuestros clientes.<\/p>\n\n\n\n<ul class=\"wp-block-list\">\n<li><strong>Informaci\u00f3n basada en datos<\/strong>: SIS International uses data-driven insights to <a href=\"https:\/\/www.sisinternational.com\/es\/optimizacion-de-sitios-web-corporativos-para-el-retorno-de-la-inversion\/\" title=\"Optimizaci\u00f3n de sitios web corporativos para el retorno de la inversi\u00f3n\"  data-wpil-monitor-id=\"1972\">optimize sales strategies<\/a>. By analyzing sales metrics and customer data, we identify key areas for improvement and help our clients make informed decisions.<\/li>\n\n\n\n<li><strong>Soluciones personalizadas<\/strong>:No hay dos empresas iguales, ni tampoco lo son sus procesos de venta. SIS crea soluciones de optimizaci\u00f3n de ventas personalizadas y adaptadas a las necesidades y desaf\u00edos de cada cliente, garantizando el m\u00e1ximo impacto.<\/li>\n\n\n\n<li><strong>Automatizaci\u00f3n de ventas<\/strong>Nuestro equipo ayuda a los clientes a implementar herramientas de automatizaci\u00f3n de ventas que agilizan las tareas repetitivas, permitiendo que sus equipos de ventas se concentren en actividades de alto valor que generan ingresos.<\/li>\n\n\n\n<li><strong>Seguimiento del rendimiento<\/strong>:Brindamos a nuestros clientes herramientas de seguimiento del rendimiento y an\u00e1lisis para monitorear m\u00e9tricas de ventas cr\u00edticas y realizar los ajustes necesarios basados en datos.<\/li>\n\n\n\n<li><strong>Capacitaci\u00f3n en ventas<\/strong>:La capacitaci\u00f3n de ventas implica brindarles a los equipos de ventas las herramientas, los recursos y la informaci\u00f3n que necesitan para cerrar tratos de manera efectiva. SIS International trabaja con clientes para desarrollar estrategias de capacitaci\u00f3n de ventas que mejoren la efectividad de sus equipos de ventas.<\/li>\n<\/ul>\n\n\n\n<h2 class=\"wp-block-heading\"><strong>\u00bfPor qu\u00e9 elegir a SIS International como su principal empresa de optimizaci\u00f3n de ventas B2B?<\/strong><\/h2>\n\n\n\n<figure class=\"gb-block-image gb-block-image-b1ff026a\"><img loading=\"lazy\" decoding=\"async\" width=\"1456\" height=\"816\" class=\"gb-image gb-image-b1ff026a\" src=\"https:\/\/www.sisinternational.com\/wp-content\/uploads\/2025\/08\/Focus-group-meeting-4.jpg\" alt=\"Investigaci\u00f3n y estrategia de mercado internacional de SIS\" title=\"Focus group &amp; meeting (4)\" srcset=\"https:\/\/www.sisinternational.com\/wp-content\/uploads\/2025\/08\/Focus-group-meeting-4.jpg 1456w, https:\/\/www.sisinternational.com\/wp-content\/uploads\/2025\/08\/Focus-group-meeting-4-300x168.jpg 300w, https:\/\/www.sisinternational.com\/wp-content\/uploads\/2025\/08\/Focus-group-meeting-4-1024x574.jpg 1024w, https:\/\/www.sisinternational.com\/wp-content\/uploads\/2025\/08\/Focus-group-meeting-4-768x430.jpg 768w, https:\/\/www.sisinternational.com\/wp-content\/uploads\/2025\/08\/Focus-group-meeting-4-18x10.jpg 18w\" sizes=\"auto, (max-width: 1456px) 100vw, 1456px\"><\/figure>\n\n\n\n<p><\/p>\n\n\n\n<p>Elegir el socio adecuado para optimizar las ventas puede marcar la diferencia a la hora de lograr el \u00e9xito en ventas. A continuaci\u00f3n, se indican algunas razones por las que SIS se destaca como una de las principales empresas de optimizaci\u00f3n de ventas B2B:<\/p>\n\n\n\n<ul class=\"wp-block-list\">\n<li><strong>Trayectoria comprobada<\/strong>:SIS International cuenta con una trayectoria comprobada de ayuda a empresas B2B para optimizar sus procesos de ventas y lograr un crecimiento significativo de los ingresos. Nuestra experiencia en diversas industrias nos permite brindar informaci\u00f3n y estrategias que generan resultados reales.<\/li>\n\n\n\n<li><strong>Equipo de expertos<\/strong>:Nuestro equipo de expertos en ventas tiene una amplia experiencia en ventas B2B y comprende las complejidades del ciclo de ventas. Trabajamos en estrecha colaboraci\u00f3n con los clientes para identificar sus desaf\u00edos particulares y desarrollar soluciones que aborden sus necesidades.<\/li>\n\n\n\n<li><strong>Tecnolog\u00eda de vanguardia<\/strong>:Aprovechamos la \u00faltima tecnolog\u00eda para impulsar la optimizaci\u00f3n de las ventas. Desde sistemas CRM hasta herramientas de an\u00e1lisis de ventas, utilizamos tecnolog\u00eda avanzada para ayudar a nuestros clientes a lograr un rendimiento de ventas superior.<\/li>\n\n\n\n<li><strong>Enfoque centrado en el cliente<\/strong>En SIS International, nuestros clientes son nuestra prioridad. Nuestro enfoque centrado en el cliente garantiza que desarrollemos estrategias de optimizaci\u00f3n de ventas que se alineen con los objetivos comerciales de nuestros clientes y brinden un valor mensurable.<\/li>\n\n\n\n<li><strong>\u00c9xito a largo plazo<\/strong>:La optimizaci\u00f3n de ventas no es un esfuerzo de una sola vez: requiere enfoque y mejora constantes, y SIS International se compromete a ayudar a nuestros clientes a lograr el \u00e9xito a largo plazo a trav\u00e9s de la optimizaci\u00f3n y el apoyo continuos.<\/li>\n<\/ul>\n\n\n\n<p><\/p>\n\n\n\n<h2 class=\"wp-block-heading\"><strong>An\u00e1lisis de las tendencias de la industria<\/strong><\/h2>\n\n\n\n<figure class=\"gb-block-image gb-block-image-4bd651c1\"><img loading=\"lazy\" decoding=\"async\" width=\"1456\" height=\"816\" class=\"gb-image gb-image-4bd651c1\" src=\"https:\/\/www.sisinternational.com\/wp-content\/uploads\/2025\/09\/Quantitative-research-19.jpg\" alt=\"Investigaci\u00f3n y estrategia de mercado internacional de SIS\" title=\"Quantitative research (19)\" srcset=\"https:\/\/www.sisinternational.com\/wp-content\/uploads\/2025\/09\/Quantitative-research-19.jpg 1456w, https:\/\/www.sisinternational.com\/wp-content\/uploads\/2025\/09\/Quantitative-research-19-300x168.jpg 300w, https:\/\/www.sisinternational.com\/wp-content\/uploads\/2025\/09\/Quantitative-research-19-1024x574.jpg 1024w, https:\/\/www.sisinternational.com\/wp-content\/uploads\/2025\/09\/Quantitative-research-19-768x430.jpg 768w, https:\/\/www.sisinternational.com\/wp-content\/uploads\/2025\/09\/Quantitative-research-19-18x10.jpg 18w\" sizes=\"auto, (max-width: 1456px) 100vw, 1456px\"><\/figure>\n\n\n\n<p><\/p>\n\n\n\n<p>Una tendencia clave de la industria es la creciente importancia del an\u00e1lisis de datos en las ventas. Las empresas que aprovechan los datos para obtener informaci\u00f3n sobre el comportamiento de los clientes, las tendencias del mercado y el rendimiento de las ventas est\u00e1n mejor posicionadas para tener \u00e9xito. Como una de las principales empresas de optimizaci\u00f3n de ventas B2B, SIS International utiliza herramientas avanzadas de an\u00e1lisis de datos para ayudar a los clientes a aprovechar el poder de sus datos, lo que les permite tomar decisiones informadas e impulsar el crecimiento.&nbsp;<\/p>\n\n\n\n<p>Otra tendencia importante es el cambio hacia un enfoque centrado en el cliente en las ventas B2B. Los clientes de hoy esperan experiencias personalizadas y las empresas que no cumplen con estas expectativas corren el riesgo de perder terreno frente a sus competidores. SIS International enfatiza la importancia de comprender las necesidades y preferencias de los clientes. Trabajamos en estrecha colaboraci\u00f3n con nuestros clientes para desarrollar estrategias de ventas que prioricen la experiencia del cliente. Al alinear los esfuerzos de ventas con las expectativas de los clientes, ayudamos a las empresas a construir relaciones m\u00e1s s\u00f3lidas y mejorar la satisfacci\u00f3n del cliente.<\/p>\n\n\n\n<h2 class=\"wp-block-heading\"><strong>Los beneficios de la optimizaci\u00f3n de ventas para las empresas B2B<\/strong><\/h2>\n\n\n\n<p>Some key benefits of working with a <a href=\"https:\/\/www.sisinternational.com\/es\/la-mejor-empresa-de-investigacion-de-mercados-b2b\/\" title=\"La mejor empresa de investigaci\u00f3n de mercados B2B\"  data-wpil-monitor-id=\"1681\">top B2B sales optimization company<\/a> like SIS International Research include:<\/p>\n\n\n\n<ul class=\"wp-block-list\">\n<li><strong>Mayor eficiencia<\/strong>:La optimizaci\u00f3n de ventas puede mejorar significativamente la eficiencia al agilizar el proceso de ventas y eliminar cuellos de botella, lo que permite que los equipos de ventas se concentren en actividades de alto valor.<\/li>\n\n\n\n<li><strong>Tasas de conversi\u00f3n m\u00e1s altas<\/strong>:Esto ayuda a las empresas a mejorar sus procesos de calificaci\u00f3n y seguimiento de clientes potenciales, lo que genera tasas de conversi\u00f3n m\u00e1s altas y m\u00e1s acuerdos cerrados.<\/li>\n\n\n\n<li><strong>Mejor previsi\u00f3n de ventas<\/strong>:La optimizaci\u00f3n de ventas proporciona a las empresas los datos y la informaci\u00f3n que necesitan para pronosticar las ventas con precisi\u00f3n.<\/li>\n\n\n\n<li><strong>Experiencia del cliente mejorada<\/strong>Al optimizar las interacciones con clientes potenciales y clientes, las empresas pueden mejorar la satisfacci\u00f3n del cliente y construir relaciones duraderas.<\/li>\n\n\n\n<li><strong>Crecimiento de ingresos<\/strong>:Una empresa l\u00edder en optimizaci\u00f3n de ventas B2B como SIS International puede ayudar a las empresas a crecer significativamente al mejorar la eficiencia, las tasas de conversi\u00f3n y la satisfacci\u00f3n del cliente.<\/li>\n<\/ul>\n\n\n\n<h2 class=\"wp-block-heading\"><strong>El papel de la tecnolog\u00eda en la optimizaci\u00f3n de las ventas B2B<\/strong><\/h2>\n\n\n\n<p>Como una de las principales empresas de optimizaci\u00f3n de ventas B2B, aprovechamos herramientas y tecnolog\u00edas de vanguardia para brindar a los clientes informaci\u00f3n en tiempo real, mejorar la productividad y agilizar los procesos de ventas para lograr un crecimiento mensurable.<\/p>\n\n\n\n<p><strong>An\u00e1lisis impulsado por IA para obtener informaci\u00f3n mejorada sobre los clientes<\/strong><strong><br><\/strong><strong><br><\/strong>La IA ha redefinido la optimizaci\u00f3n de las ventas B2B al descubrir informaci\u00f3n que permite a las empresas tomar decisiones basadas en datos. Al aprovechar la IA, las empresas pueden detectar patrones en el comportamiento de los clientes, predecir tendencias de compra y mejorar la segmentaci\u00f3n de clientes. Este poder predictivo permite a las empresas adaptar sus esfuerzos de ventas hacia clientes potenciales de alto valor, lo que en \u00faltima instancia aumenta las tasas de conversi\u00f3n y maximiza el retorno de la inversi\u00f3n.<\/p>\n\n\n\n<p><strong>Sistemas CRM para una gesti\u00f3n optimizada de los procesos de venta<\/strong><strong><br><\/strong><strong><br><\/strong>Los sistemas de gesti\u00f3n de relaciones con los clientes (CRM) son fundamentales para optimizar las ventas de manera eficaz. Permiten a los equipos gestionar las interacciones con los clientes y hacer un seguimiento eficiente del progreso de las ventas.&nbsp;<\/p>\n\n\n\n<p><strong>Plataformas de habilitaci\u00f3n de ventas para aumentar la productividad<br><br><\/strong>Al utilizar estas plataformas, una empresa l\u00edder en optimizaci\u00f3n de ventas B2B como SIS garantiza que los representantes de ventas tengan f\u00e1cil acceso a contenido, como hojas de datos, estudios de casos y manuales de ventas, directamente alineados con las necesidades del cliente. Estas herramientas de f\u00e1cil acceso aumentan la productividad y mejoran las tasas de \u00e9xito, ya que los equipos pueden adaptar su enfoque en funci\u00f3n de los puntos d\u00e9biles y las objeciones espec\u00edficas de los clientes.<\/p>\n\n\n\n<p><strong>Flujos de trabajo automatizados para una mayor eficiencia<\/strong><strong><br><\/strong><strong><br><\/strong>By implementing automated lead scoring, follow-up emails, and task assignments, a <a href=\"https:\/\/www.sisinternational.com\/es\/la-mejor-empresa-del-grupo-de-enfoque-global\/\" title=\"Principal empresa del grupo de enfoque global\"  data-wpil-monitor-id=\"1027\">top B2B sales optimization company<\/a> ensures that sales teams can focus on high-impact tasks. Automation keeps prospects engaged, ensuring timely responses and continuous interaction without the need for manual effort.&nbsp;<\/p>\n\n\n\n<p><strong>Paneles de control de PowerBI para la visualizaci\u00f3n de datos y la toma de decisiones en tiempo real<\/strong><strong><br><\/strong><strong><br><\/strong>Como empresa l\u00edder en optimizaci\u00f3n de ventas B2B, utilizamos PowerBI para crear paneles de control din\u00e1micos y personalizables que presentan m\u00e9tricas de ventas, etapas del proceso de venta e informaci\u00f3n sobre el rendimiento en un formato intuitivo. Estos paneles de control permiten a los l\u00edderes de ventas supervisar los indicadores clave de rendimiento, realizar un seguimiento del progreso individual y del equipo e identificar tendencias r\u00e1pidamente. El acceso inmediato a la informaci\u00f3n de los datos permite a los equipos adaptar las estrategias en funci\u00f3n del rendimiento actual, lo que garantiza que los esfuerzos de ventas siempre est\u00e9n alineados con los objetivos comerciales y los cambios del mercado.<\/p>\n\n\n\n<h2 class=\"wp-block-heading\"><strong>\u00bfQu\u00e9 hace que SIS International sea la empresa m\u00e1s asequible para la optimizaci\u00f3n de ventas B2B?<\/strong><\/h2>\n\n\n\n<p><a href=\"https:\/\/www.linkedin.com\/company\/sisinternationalresearch\/\" target=\"_blank\" rel=\"noopener\">SIS Internacional<\/a> es una de las mejores empresas de optimizaci\u00f3n de ventas B2B y una de las opciones m\u00e1s asequibles para las empresas que buscan soluciones de alta calidad. Las principales razones que hacen de SIS International la empresa m\u00e1s asequible para la optimizaci\u00f3n de ventas B2B incluyen:<\/p>\n\n\n\n<ul class=\"wp-block-list\">\n<li><strong>Soluciones rentables<\/strong>:SIS International ofrece soluciones de optimizaci\u00f3n de ventas dise\u00f1adas para ser rentables y, al mismo tiempo, ofrecer resultados impactantes. Esto permite que empresas de todos los tama\u00f1os se beneficien de una optimizaci\u00f3n de ventas profesional.<\/li>\n\n\n\n<li><strong>Paquetes personalizados<\/strong>:Entendemos que cada empresa tiene necesidades y presupuestos \u00fanicos. SIS ofrece paquetes personalizados que se adaptan a objetivos y capacidades financieras espec\u00edficos, lo que garantiza que los clientes reciban el mejor valor por sus inversiones.<\/li>\n\n\n\n<li><strong>Valor a largo plazo<\/strong>:Las estrategias de optimizaci\u00f3n de ventas de SIS International est\u00e1n dise\u00f1adas para generar valor a largo plazo. Centr\u00e1ndonos en mejoras sostenibles, ayudamos a los clientes a lograr un crecimiento continuo de las ventas, maximizando el retorno de la inversi\u00f3n.<\/li>\n\n\n\n<li><strong>Opciones de pago flexibles<\/strong>Ofrecemos opciones de pago flexibles para adaptarnos a las distintas necesidades financieras de nuestros clientes, garantizando que nuestros servicios sean accesibles para muchas empresas.<\/li>\n\n\n\n<li><strong>Enfoque basado en valores<\/strong>: En <a href=\"https:\/\/twitter.com\/SISIntlResearch\" target=\"_blank\" rel=\"noopener\">SIS<\/a>Ofrecemos servicios orientados al valor que contribuyen directamente al crecimiento empresarial. Nuestro enfoque garantiza que los clientes aprovechen al m\u00e1ximo su inversi\u00f3n sin comprometer la calidad.<\/li>\n<\/ul>\n\n\n\n<h2 class=\"wp-block-heading\"><strong>Acerca de SIS Internacional<\/strong><\/h2>\n\n\n\n<p><a href=\"https:\/\/www.sisinternational.com\/es\/\">SIS Internacional<\/a> ofrece investigaci\u00f3n cuantitativa, cualitativa y estrat\u00e9gica. Proporcionamos datos, herramientas, estrategias, informes y conocimientos para la toma de decisiones. Tambi\u00e9n realizamos entrevistas, encuestas, grupos focales y otros m\u00e9todos y enfoques de investigaci\u00f3n de mercado.<a href=\"https:\/\/www.sisinternational.com\/es\/sobre-la-investigacion-internacional-de-sis\/contact-sis-international-market-research\/\"> P\u00f3ngase en contacto con nosotros<\/a> para su pr\u00f3ximo proyecto de Investigaci\u00f3n de Mercado.<\/p>\n\n\n\n<hr class=\"wp-block-separator has-alpha-channel-opacity\"\/>","protected":false},"excerpt":{"rendered":"<p>Top B2B Sales Optimization Company In today\u2019s competitive B2B landscape, the ability to optimize sales processes is a key differentiator between successful businesses and those that struggle to grow.&nbsp; Sales optimization is about refining every aspect of the sales cycle\u2014from lead generation to closing deals\u2014to maximize efficiency and profitability. SIS International is a top B2B &#8230; <a title=\"Empresa l\u00edder en optimizaci\u00f3n de ventas B2B\" class=\"read-more\" href=\"https:\/\/www.sisinternational.com\/es\/soluciones\/investigacion-de-mercado-b2b\/la-mejor-empresa-de-optimizacion-de-ventas-b2b\/\" aria-label=\"Leer m\u00e1s sobre Top B2B Sales Optimization Company\">Leer m\u00e1s<\/a><\/p>","protected":false},"author":1,"featured_media":62841,"parent":11292,"menu_order":7,"comment_status":"closed","ping_status":"closed","template":"","meta":{"footnotes":""},"class_list":["post-53885","page","type-page","status-publish","has-post-thumbnail"],"_links":{"self":[{"href":"https:\/\/www.sisinternational.com\/es\/wp-json\/wp\/v2\/pages\/53885","targetHints":{"allow":["GET"]}}],"collection":[{"href":"https:\/\/www.sisinternational.com\/es\/wp-json\/wp\/v2\/pages"}],"about":[{"href":"https:\/\/www.sisinternational.com\/es\/wp-json\/wp\/v2\/types\/page"}],"author":[{"embeddable":true,"href":"https:\/\/www.sisinternational.com\/es\/wp-json\/wp\/v2\/users\/1"}],"replies":[{"embeddable":true,"href":"https:\/\/www.sisinternational.com\/es\/wp-json\/wp\/v2\/comments?post=53885"}],"version-history":[{"count":17,"href":"https:\/\/www.sisinternational.com\/es\/wp-json\/wp\/v2\/pages\/53885\/revisions"}],"predecessor-version":[{"id":76341,"href":"https:\/\/www.sisinternational.com\/es\/wp-json\/wp\/v2\/pages\/53885\/revisions\/76341"}],"up":[{"embeddable":true,"href":"https:\/\/www.sisinternational.com\/es\/wp-json\/wp\/v2\/pages\/11292"}],"wp:featuredmedia":[{"embeddable":true,"href":"https:\/\/www.sisinternational.com\/es\/wp-json\/wp\/v2\/media\/62841"}],"wp:attachment":[{"href":"https:\/\/www.sisinternational.com\/es\/wp-json\/wp\/v2\/media?parent=53885"}],"curies":[{"name":"wp","href":"https:\/\/api.w.org\/{rel}","templated":true}]}}