{"id":53794,"date":"2024-10-20T22:29:44","date_gmt":"2024-10-21T02:29:44","guid":{"rendered":"https:\/\/www.sisinternational.com\/?page_id=53794"},"modified":"2026-01-27T15:25:24","modified_gmt":"2026-01-27T20:25:24","slug":"cuando-utilizar-la-investigacion-cualitativa","status":"publish","type":"page","link":"https:\/\/www.sisinternational.com\/es\/soluciones\/soluciones-de-investigacion-cualitativa-cuantitativa\/cuando-utilizar-la-investigacion-cualitativa\/","title":{"rendered":"\u00bfCu\u00e1ndo utilizar la investigaci\u00f3n cualitativa?"},"content":{"rendered":"<h1 class=\"wp-block-heading\">\u00bfCu\u00e1ndo utilizar la investigaci\u00f3n cualitativa?<\/h1>\n\n\n\n<figure class=\"gb-block-image gb-block-image-ff12d9d2\"><img loading=\"lazy\" decoding=\"async\" width=\"1456\" height=\"816\" class=\"gb-image gb-image-ff12d9d2\" src=\"https:\/\/www.sisinternational.com\/wp-content\/uploads\/2025\/08\/Interview-4.jpg\" alt=\"Investigaci\u00f3n y estrategia de mercado internacional de SIS\" title=\"Interview (4)\" srcset=\"https:\/\/www.sisinternational.com\/wp-content\/uploads\/2025\/08\/Interview-4.jpg 1456w, https:\/\/www.sisinternational.com\/wp-content\/uploads\/2025\/08\/Interview-4-300x168.jpg 300w, https:\/\/www.sisinternational.com\/wp-content\/uploads\/2025\/08\/Interview-4-1024x574.jpg 1024w, https:\/\/www.sisinternational.com\/wp-content\/uploads\/2025\/08\/Interview-4-768x430.jpg 768w, https:\/\/www.sisinternational.com\/wp-content\/uploads\/2025\/08\/Interview-4-18x10.jpg 18w\" sizes=\"auto, (max-width: 1456px) 100vw, 1456px\"><\/figure>\n\n\n\n<p><\/p>\n\n\n\n<h3 class=\"wp-block-heading\">La investigaci\u00f3n cualitativa es ideal para obtener una comprensi\u00f3n profunda de los comportamientos, motivaciones y experiencias de los consumidores.<\/h3>\n\n\n\n<p>\u00bfPor qu\u00e9 elegir la investigaci\u00f3n cualitativa en lugar de otros m\u00e9todos de investigaci\u00f3n? Comprender cu\u00e1ndo utilizar la investigaci\u00f3n cualitativa puede ayudar a las empresas y a los investigadores a descubrir conocimientos m\u00e1s profundos y matizados.<\/p>\n\n\n\n<h2 class=\"wp-block-heading\"><strong>Explorando el valor de la investigaci\u00f3n cualitativa<\/strong><\/h2>\n\n\n\n<p>La investigaci\u00f3n cualitativa es una herramienta poderosa para comprender el comportamiento, las actitudes y las experiencias de los consumidores. A diferencia de la investigaci\u00f3n cuantitativa, que se centra en datos num\u00e9ricos y an\u00e1lisis estad\u00edsticos, la investigaci\u00f3n cualitativa busca descubrir las motivaciones y perspectivas de los individuos.<\/p>\n\n\n\n<p><strong>Cu\u00e1ndo utilizar la investigaci\u00f3n cualitativa<\/strong><\/p>\n\n\n\n<p>Saber cu\u00e1ndo utilizar la investigaci\u00f3n cualitativa es esencial para maximizar sus beneficios. Existen situaciones espec\u00edficas en las que la investigaci\u00f3n cualitativa es el enfoque m\u00e1s valioso, ya que permite a los investigadores recopilar informaci\u00f3n que no se podr\u00eda obtener \u00fanicamente con m\u00e9todos cuantitativos.<\/p>\n\n\n\n<p><\/p>\n\n\n\n<figure class=\"gb-block-image gb-block-image-6b25e067\"><img loading=\"lazy\" decoding=\"async\" width=\"972\" height=\"396\" class=\"gb-image gb-image-6b25e067\" src=\"https:\/\/www.sisinternational.com\/wp-content\/uploads\/2024\/10\/market-research.png\" alt=\"Investigaci\u00f3n y estrategia de mercado internacional de SIS\" title=\"investigaci\u00f3n de mercado\" srcset=\"https:\/\/www.sisinternational.com\/wp-content\/uploads\/2024\/10\/market-research.png 972w, https:\/\/www.sisinternational.com\/wp-content\/uploads\/2024\/10\/market-research-300x122.png 300w, https:\/\/www.sisinternational.com\/wp-content\/uploads\/2024\/10\/market-research-768x313.png 768w, https:\/\/www.sisinternational.com\/wp-content\/uploads\/2024\/10\/market-research-18x7.png 18w\" sizes=\"auto, (max-width: 972px) 100vw, 972px\"><\/figure>\n\n\n\n<p><\/p>\n\n\n\n<ul class=\"wp-block-list\">\n<li><strong>Comprender la motivaci\u00f3n del consumidor<\/strong>:La investigaci\u00f3n cualitativa es ideal para explorar por qu\u00e9 los consumidores toman determinadas decisiones. Mediante entrevistas o grupos de discusi\u00f3n, los investigadores pueden obtener una visi\u00f3n m\u00e1s profunda de los procesos de pensamiento, las emociones y las motivaciones de los consumidores que subyacen a sus acciones.<br><\/li>\n\n\n\n<li><strong>Desarrollo de nuevos productos<\/strong>:Al desarrollar nuevos productos o servicios, la investigaci\u00f3n cualitativa ayuda a recopilar comentarios de los consumidores sobre los primeros prototipos o conceptos. Este enfoque permite a las empresas comprender las necesidades y preferencias de los consumidores antes de pasar a la producci\u00f3n a mayor escala.<br><\/li>\n\n\n\n<li><strong>Explorando temas complejos<\/strong>:Cuando un tema de investigaci\u00f3n es complejo o requiere una comprensi\u00f3n matizada, los m\u00e9todos cualitativos como las entrevistas en profundidad o los estudios etnogr\u00e1ficos pueden proporcionar una perspectiva m\u00e1s completa que una encuesta.<br><\/li>\n<\/ul>\n\n\n\n<h2 class=\"wp-block-heading\">Las ventajas de la investigaci\u00f3n cualitativa frente a los m\u00e9todos cuantitativos<\/h2>\n\n\n\n<p>La investigaci\u00f3n cualitativa ofrece varias ventajas \u00fanicas sobre los m\u00e9todos de investigaci\u00f3n cuantitativos, lo que la convierte en la opci\u00f3n preferida en determinadas situaciones.<\/p>\n\n\n\n<ul class=\"wp-block-list\">\n<li><strong>Profundidad de comprensi\u00f3n<\/strong>:A diferencia de las encuestas cuantitativas que recopilan datos num\u00e9ricos, la investigaci\u00f3n cualitativa proporciona informaci\u00f3n detallada y detallada. Los investigadores pueden explorar los pensamientos, las emociones y las experiencias de los participantes a trav\u00e9s de entrevistas, grupos de discusi\u00f3n y estudios de casos.<br><\/li>\n\n\n\n<li><strong>Flexibilidad<\/strong>:La investigaci\u00f3n cualitativa es m\u00e1s flexible en comparaci\u00f3n con los m\u00e9todos cuantitativos estructurados. Los investigadores pueden adaptar las preguntas y los enfoques durante el estudio para explorar nuevas \u00e1reas de inter\u00e9s a medida que surjan.<br><\/li>\n\n\n\n<li><strong>Perspectiva del consumidor<\/strong>:La investigaci\u00f3n cualitativa se centra en comprender el punto de vista del consumidor, lo que la hace especialmente valiosa para comprender patrones de comportamiento, emociones o actitudes complejas.<br><\/li>\n<\/ul>\n\n\n\n<h2 class=\"wp-block-heading\"><strong>Cu\u00e1ndo no utilizar la investigaci\u00f3n cualitativa<\/strong><\/h2>\n\n\n\n<p>Si bien la investigaci\u00f3n cualitativa tiene muchas ventajas, puede que no sea el enfoque m\u00e1s eficaz.<\/p>\n\n\n\n<ul class=\"wp-block-list\">\n<li><strong>Generalizaciones a gran escala<\/strong>: Quantitative research is more suitable if the research aims to gather statistically valid data that can be generalized across a large population. <a href=\"https:\/\/www.sisinternational.com\/es\/sampling-techniques-in-qualitative-research-the-complete-guide-to-choosing-the-right-method\/\" title=\"Sampling Techniques in Qualitative Research: The Complete Guide to Choosing the Right Method\"  data-wpil-monitor-id=\"1472\">Qualitative research typically involves smaller sample<\/a> sizes, which limits the ability to make broad generalizations.<br><\/li>\n\n\n\n<li><strong>Medici\u00f3n de m\u00e9tricas num\u00e9ricas<\/strong>:Cuando se necesitan datos num\u00e9ricos, como cuota de mercado, cifras de ventas o calificaciones de clientes, los m\u00e9todos cuantitativos son m\u00e1s adecuados para proporcionar resultados mensurables y estad\u00edsticamente v\u00e1lidos.<br><\/li>\n\n\n\n<li><strong>Limitaciones de tiempo y costo<\/strong>:La investigaci\u00f3n cualitativa, como las entrevistas en profundidad o los estudios etnogr\u00e1ficos, puede requerir mucho tiempo y ser costosa. Las encuestas cuantitativas pueden ser m\u00e1s apropiadas cuando se necesita una recolecci\u00f3n de datos r\u00e1pida y econ\u00f3mica.<br><\/li>\n<\/ul>\n\n\n\n<h2 class=\"wp-block-heading\"><strong>Combinando investigaci\u00f3n cualitativa y cuantitativa<\/strong><\/h2>\n\n\n\n<figure class=\"gb-block-image gb-block-image-547e9e6d\"><img loading=\"lazy\" decoding=\"async\" width=\"1456\" height=\"816\" class=\"gb-image gb-image-547e9e6d\" src=\"https:\/\/www.sisinternational.com\/wp-content\/uploads\/2025\/09\/Quantitative-reseasrch-in-London-Qualitative-research-in-London-11.jpg\" alt=\"Investigaci\u00f3n y estrategia de mercado internacional de SIS\" title=\"Quantitative reseasrch in London Qualitative research in London (11)\" srcset=\"https:\/\/www.sisinternational.com\/wp-content\/uploads\/2025\/09\/Quantitative-reseasrch-in-London-Qualitative-research-in-London-11.jpg 1456w, https:\/\/www.sisinternational.com\/wp-content\/uploads\/2025\/09\/Quantitative-reseasrch-in-London-Qualitative-research-in-London-11-300x168.jpg 300w, https:\/\/www.sisinternational.com\/wp-content\/uploads\/2025\/09\/Quantitative-reseasrch-in-London-Qualitative-research-in-London-11-1024x574.jpg 1024w, https:\/\/www.sisinternational.com\/wp-content\/uploads\/2025\/09\/Quantitative-reseasrch-in-London-Qualitative-research-in-London-11-768x430.jpg 768w, https:\/\/www.sisinternational.com\/wp-content\/uploads\/2025\/09\/Quantitative-reseasrch-in-London-Qualitative-research-in-London-11-18x10.jpg 18w\" sizes=\"auto, (max-width: 1456px) 100vw, 1456px\"><\/figure>\n\n\n\n<p><\/p>\n\n\n\n<p>Combining qualitative and quantitative methods can offer comprehensive insights for many research projects. Both approaches allow <a href=\"https:\/\/www.sisinternational.com\/es\/investigacion-cualitativa-en-china\/\" title=\"Investigaci\u00f3n cualitativa en China\"  data-wpil-monitor-id=\"7354\">researchers to validate qualitative<\/a> insights with quantitative data, providing a holistic view of the research problem.<\/p>\n\n\n\n<ul class=\"wp-block-list\">\n<li><strong>Perspectivas complementarias<\/strong>:La investigaci\u00f3n cualitativa puede proporcionar informaci\u00f3n detallada sobre las actitudes de los consumidores, que luego se puede validar con encuestas cuantitativas. Este enfoque garantiza que se capten tanto la profundidad como la amplitud de las perspectivas de los consumidores.<br><\/li>\n\n\n\n<li><strong>Metodolog\u00eda secuencial<\/strong>:Los investigadores suelen comenzar con una investigaci\u00f3n cualitativa para explorar un tema en profundidad, seguida de una investigaci\u00f3n cuantitativa para probar y validar los hallazgos en una muestra m\u00e1s grande. Este enfoque secuencial maximiza las fortalezas de ambas metodolog\u00edas.<br><\/li>\n<\/ul>\n\n\n\n<h2 class=\"wp-block-heading\"><strong>Desaf\u00edos de la realizaci\u00f3n de investigaciones cualitativas<\/strong><\/h2>\n\n\n\n<p>La investigaci\u00f3n cualitativa es una herramienta valiosa pero conlleva desaf\u00edos particulares que los investigadores deben estar preparados para abordar.<\/p>\n\n\n\n<ul class=\"wp-block-list\">\n<li><strong>Subjetividad<\/strong>:La investigaci\u00f3n cualitativa depende en gran medida de las interpretaciones del investigador, lo que puede generar sesgos. Para garantizar la objetividad y minimizar los sesgos se requiere una planificaci\u00f3n cuidadosa y un marco de investigaci\u00f3n claro.<br><\/li>\n\n\n\n<li><strong>Tama\u00f1o de muestra peque\u00f1o<\/strong>:La investigaci\u00f3n cualitativa suele implicar a menos participantes, lo que puede limitar la generalizaci\u00f3n de los resultados. Los investigadores deben definir claramente el prop\u00f3sito del estudio y reconocer las limitaciones en t\u00e9rminos del tama\u00f1o de la muestra.<br><\/li>\n\n\n\n<li><strong>La naturaleza consume mucho tiempo<\/strong>:La realizaci\u00f3n de entrevistas, la transcripci\u00f3n de datos y el an\u00e1lisis de informaci\u00f3n cualitativa pueden ser tareas largas. Los investigadores deben planificar en consecuencia para asegurarse de disponer de tiempo suficiente para recopilar y analizar los datos de manera eficaz.<\/li>\n<\/ul>\n\n\n\n<p><\/p>\n\n\n\n<h3 class=\"wp-block-heading\"><strong>Investigaci\u00f3n cualitativa para el desarrollo de productos y la innovaci\u00f3n<\/strong><\/h3>\n\n\n\n<p>La investigaci\u00f3n cualitativa es esencial en el desarrollo de productos, en particular durante las fases de ideaci\u00f3n y prueba de conceptos. Al interactuar con los consumidores en las primeras fases de desarrollo, las empresas pueden crear productos que satisfagan las necesidades y preferencias reales de los consumidores.<\/p>\n\n\n\n<ul class=\"wp-block-list\">\n<li><strong>Comentarios de los consumidores sobre los prototipos<\/strong>:La investigaci\u00f3n cualitativa permite recopilar comentarios sobre los prototipos de productos, lo que permite a las empresas realizar mejoras iterativas antes de invertir en la producci\u00f3n a gran escala.<br><\/li>\n\n\n\n<li><strong>Explorando necesidades insatisfechas<\/strong>:A trav\u00e9s de entrevistas y grupos focales, los investigadores pueden explorar los puntos d\u00e9biles de los consumidores e identificar necesidades no satisfechas, lo que puede inspirar nuevas innovaciones de productos.<br><\/li>\n\n\n\n<li><strong>Co-creaci\u00f3n creativa<\/strong>:La investigaci\u00f3n cualitativa puede involucrar a los consumidores en la co-creaci\u00f3n de productos, lo que permite un enfoque colaborativo que incorpora las perspectivas de los consumidores directamente en el dise\u00f1o del producto.<br><\/li>\n<\/ul>\n\n\n\n<h3 class=\"wp-block-heading\"><strong>Utilizar la investigaci\u00f3n cualitativa para comprender el contexto cultural<\/strong><\/h3>\n\n\n\n<figure class=\"gb-block-image gb-block-image-580fe254\"><img loading=\"lazy\" decoding=\"async\" width=\"1456\" height=\"816\" class=\"gb-image gb-image-580fe254\" src=\"https:\/\/www.sisinternational.com\/wp-content\/uploads\/2025\/09\/Quantitative-research-15.jpg\" alt=\"Investigaci\u00f3n y estrategia de mercado internacional de SIS\" title=\"Quantitative research (15)\" srcset=\"https:\/\/www.sisinternational.com\/wp-content\/uploads\/2025\/09\/Quantitative-research-15.jpg 1456w, https:\/\/www.sisinternational.com\/wp-content\/uploads\/2025\/09\/Quantitative-research-15-300x168.jpg 300w, https:\/\/www.sisinternational.com\/wp-content\/uploads\/2025\/09\/Quantitative-research-15-1024x574.jpg 1024w, https:\/\/www.sisinternational.com\/wp-content\/uploads\/2025\/09\/Quantitative-research-15-768x430.jpg 768w, https:\/\/www.sisinternational.com\/wp-content\/uploads\/2025\/09\/Quantitative-research-15-18x10.jpg 18w\" sizes=\"auto, (max-width: 1456px) 100vw, 1456px\"><\/figure>\n\n\n\n<p><\/p>\n\n\n\n<p>Understanding the cultural context in which a product or service is used is critical for effective marketing and product development. Qualitative <a href=\"https:\/\/www.sisinternational.com\/es\/soluciones\/soluciones-de-investigacion-cualitativa-cuantitativa\/etnografia\/\" title=\"Investigaci\u00f3n de mercado etnogr\u00e1fica\"  data-wpil-monitor-id=\"6469\">research methods such as ethnography<\/a> provide insights into the cultural factors influencing consumer behavior.<\/p>\n\n\n\n<ul class=\"wp-block-list\">\n<li><strong>Estudios etnogr\u00e1ficos<\/strong>Al observar a los consumidores en sus entornos naturales, los investigadores pueden comprender las normas culturales, los valores y los comportamientos que dan forma a las decisiones de los consumidores.<br><\/li>\n\n\n\n<li><strong>Adaptaci\u00f3n cultural de los productos<\/strong>:La investigaci\u00f3n cualitativa ayuda a identificar las diferencias culturales que pueden afectar la adopci\u00f3n de productos, lo que permite a las empresas adaptar sus ofertas a diferentes mercados.<br><\/li>\n\n\n\n<li><strong>Localizaci\u00f3n de campa\u00f1as de marketing<\/strong>Comprender los matices culturales es esencial para desarrollar campa\u00f1as que tengan eco en audiencias objetivo espec\u00edficas. La investigaci\u00f3n cualitativa proporciona los conocimientos necesarios para crear mensajes culturalmente relevantes.<br><\/li>\n<\/ul>\n\n\n\n<h2 class=\"wp-block-heading\"><strong>\u00bfQu\u00e9 hace que SIS International Research sea la mejor empresa de investigaci\u00f3n de mercados para investigaci\u00f3n cualitativa?<\/strong><\/h2>\n\n\n\n<p><a href=\"https:\/\/www.linkedin.com\/company\/sisinternationalresearch\/\" target=\"_blank\" rel=\"noopener\">SIS Internacional<\/a> Research es l\u00edder en brindar informaci\u00f3n de mercado a trav\u00e9s de investigaciones cualitativas. Nuestras capacidades de investigaci\u00f3n integral, experiencia en la industria y un enfoque con visi\u00f3n de futuro garantizan que nuestros clientes tengan el conocimiento que necesitan para tener \u00e9xito en el mercado competitivo actual. As\u00ed es como ayudamos:<\/p>\n\n\n\n<ul class=\"wp-block-list\">\n<li><strong>Conocimiento experto de m\u00e9todos de investigaci\u00f3n cualitativa<\/strong>: <br><a href=\"https:\/\/twitter.com\/SISIntlResearch\" target=\"_blank\" rel=\"noopener\">SIS<\/a> Tiene amplia experiencia en la realizaci\u00f3n de investigaciones cualitativas, incluidos grupos focales, entrevistas en profundidad y estudios etnogr\u00e1ficos.<br><\/li>\n\n\n\n<li><strong>Soluciones de investigaci\u00f3n personalizadas<\/strong>: <br>Adaptamos nuestras soluciones de investigaci\u00f3n para satisfacer las necesidades espec\u00edficas de nuestros clientes. Ya sea para comprender las motivaciones de los consumidores, explorar nuevos conceptos de productos o analizar la percepci\u00f3n de la marca, nuestra investigaci\u00f3n personalizada ayuda a los clientes a mantenerse por delante de la competencia.<br><\/li>\n\n\n\n<li><strong>An\u00e1lisis exhaustivo<\/strong>: <br>En SIS International Research, ofrecemos un an\u00e1lisis hol\u00edstico del comportamiento del consumidor aprovechando nuestra extensa red y conexiones industriales. <br><\/li>\n\n\n\n<li><strong>Asociaci\u00f3n con l\u00edderes de la industria<\/strong>: <br>Colaboramos estrechamente con empresas l\u00edderes de distintos sectores para ofrecer a nuestros clientes informaci\u00f3n de primera mano sobre los \u00faltimos avances en las preferencias de los consumidores. Estas colaboraciones garantizan que nuestros clientes reciban la informaci\u00f3n m\u00e1s actualizada y relevante.<br><\/li>\n\n\n\n<li><strong>Informaci\u00f3n basada en datos para una toma de decisiones informada<\/strong>: <br>Utilizamos herramientas de an\u00e1lisis de datos de \u00faltima generaci\u00f3n para brindar a nuestros clientes informaci\u00f3n \u00fatil que les permita tomar decisiones informadas sobre el desarrollo de productos, marketing e inversiones estrat\u00e9gicas.<br><\/li>\n\n\n\n<li><strong>Compromiso con la Calidad y la Innovaci\u00f3n<\/strong>: <br>Nuestro compromiso con la calidad y la innovaci\u00f3n nos distingue. Nos centramos en ayudar a los clientes a desarrollar productos y estrategias que tengan eco en los consumidores, aborden sus principales inquietudes y generen confianza en sus ofertas.<br><\/li>\n\n\n\n<li><strong>Previsi\u00f3n de tendencias y planificaci\u00f3n estrat\u00e9gica<\/strong>: <br>Nuestra experiencia en previsi\u00f3n de tendencias ayuda a los clientes a anticipar los cambios en las preferencias de los consumidores, garantizando que est\u00e9n bien preparados para el futuro.<br><\/li>\n\n\n\n<li><strong>Trayectoria comprobada<\/strong>: <br>SIS International Research has a track record of success, having helped shape the strategies of leading companies. Our research has been instrumental in driving successful product launches and informing strategic decisions, making us the go-to partner for market insights on when to use <a href=\"https:\/\/www.sisinternational.com\/es\/cobertura\/las-americas\/cobertura-de-estados-unidos\/investigacion-de-mercado-en-delaware\/\" title=\"Investigaci\u00f3n de mercado en Delaware\" data-wpil-monitor-id=\"5615\">qualitative<\/a> research.<br><\/li>\n<\/ul>\n\n\n\n<h2 class=\"wp-block-heading\">Acerca de SIS Internacional<\/h2>\n\n\n\n<p><a href=\"https:\/\/www.sisinternational.com\/es\/\">SIS Internacional<\/a> ofrece investigaci\u00f3n cuantitativa, cualitativa y estrat\u00e9gica. Proporcionamos datos, herramientas, estrategias, informes y conocimientos para la toma de decisiones. Tambi\u00e9n realizamos entrevistas, encuestas, grupos focales y otros m\u00e9todos y enfoques de investigaci\u00f3n de mercado.<a href=\"https:\/\/www.sisinternational.com\/es\/sobre-la-investigacion-internacional-de-sis\/contact-sis-international-market-research\/\"> P\u00f3ngase en contacto con nosotros<\/a> para su pr\u00f3ximo proyecto de Investigaci\u00f3n de Mercado.<\/p>","protected":false},"excerpt":{"rendered":"<p>When to Use Qualitative Research? Qualitative research is ideal for gaining an in-depth understanding of consumer behaviors, motivations, and experiences. Why choose qualitative research over other research methods? Understanding when to use qualitative research can help businesses and researchers uncover more profound, more nuanced insights. Exploring the Value of Qualitative Research Qualitative research is a &#8230; <a title=\"\u00bfCu\u00e1ndo utilizar la investigaci\u00f3n cualitativa?\" class=\"read-more\" href=\"https:\/\/www.sisinternational.com\/es\/soluciones\/soluciones-de-investigacion-cualitativa-cuantitativa\/cuando-utilizar-la-investigacion-cualitativa\/\" aria-label=\"Leer m\u00e1s sobre When to Use Qualitative Research?\">Leer m\u00e1s<\/a><\/p>","protected":false},"author":1,"featured_media":62678,"parent":14660,"menu_order":57,"comment_status":"closed","ping_status":"closed","template":"","meta":{"footnotes":""},"class_list":["post-53794","page","type-page","status-publish","has-post-thumbnail"],"_links":{"self":[{"href":"https:\/\/www.sisinternational.com\/es\/wp-json\/wp\/v2\/pages\/53794","targetHints":{"allow":["GET"]}}],"collection":[{"href":"https:\/\/www.sisinternational.com\/es\/wp-json\/wp\/v2\/pages"}],"about":[{"href":"https:\/\/www.sisinternational.com\/es\/wp-json\/wp\/v2\/types\/page"}],"author":[{"embeddable":true,"href":"https:\/\/www.sisinternational.com\/es\/wp-json\/wp\/v2\/users\/1"}],"replies":[{"embeddable":true,"href":"https:\/\/www.sisinternational.com\/es\/wp-json\/wp\/v2\/comments?post=53794"}],"version-history":[{"count":10,"href":"https:\/\/www.sisinternational.com\/es\/wp-json\/wp\/v2\/pages\/53794\/revisions"}],"predecessor-version":[{"id":80998,"href":"https:\/\/www.sisinternational.com\/es\/wp-json\/wp\/v2\/pages\/53794\/revisions\/80998"}],"up":[{"embeddable":true,"href":"https:\/\/www.sisinternational.com\/es\/wp-json\/wp\/v2\/pages\/14660"}],"wp:featuredmedia":[{"embeddable":true,"href":"https:\/\/www.sisinternational.com\/es\/wp-json\/wp\/v2\/media\/62678"}],"wp:attachment":[{"href":"https:\/\/www.sisinternational.com\/es\/wp-json\/wp\/v2\/media?parent=53794"}],"curies":[{"name":"wp","href":"https:\/\/api.w.org\/{rel}","templated":true}]}}