{"id":53780,"date":"2024-10-26T01:27:58","date_gmt":"2024-10-26T05:27:58","guid":{"rendered":"https:\/\/www.sisinternational.com\/?page_id=53780"},"modified":"2026-03-11T19:48:15","modified_gmt":"2026-03-11T23:48:15","slug":"investigacion-de-consumo-de-vehiculos-electricos-para-el-sector-automotor","status":"publish","type":"page","link":"https:\/\/www.sisinternational.com\/es\/pericia\/investigacion-de-mercado-automotriz\/investigacion-de-consumo-de-vehiculos-electricos-para-el-sector-automotor\/","title":{"rendered":"Por qu\u00e9 la investigaci\u00f3n de los consumidores en el sector automovil\u00edstico es tan importante hoy en d\u00eda con el futuro de los veh\u00edculos el\u00e9ctricos"},"content":{"rendered":"<h1 class=\"wp-block-heading\">Por qu\u00e9 la investigaci\u00f3n de los consumidores en el sector automovil\u00edstico es tan importante hoy en d\u00eda con el futuro de los veh\u00edculos el\u00e9ctricos<\/h1>\n\n\n\n<figure class=\"gb-block-image gb-block-image-99091ae2\"><img loading=\"lazy\" decoding=\"async\" width=\"1456\" height=\"816\" class=\"gb-image gb-image-99091ae2\" src=\"https:\/\/www.sisinternational.com\/wp-content\/uploads\/2025\/08\/Automotive-10.jpg\" alt=\"Investigaci\u00f3n y estrategia de mercado internacional de SIS\" title=\"Automotive (10)\" srcset=\"https:\/\/www.sisinternational.com\/wp-content\/uploads\/2025\/08\/Automotive-10.jpg 1456w, https:\/\/www.sisinternational.com\/wp-content\/uploads\/2025\/08\/Automotive-10-300x168.jpg 300w, https:\/\/www.sisinternational.com\/wp-content\/uploads\/2025\/08\/Automotive-10-1024x574.jpg 1024w, https:\/\/www.sisinternational.com\/wp-content\/uploads\/2025\/08\/Automotive-10-768x430.jpg 768w, https:\/\/www.sisinternational.com\/wp-content\/uploads\/2025\/08\/Automotive-10-18x10.jpg 18w\" sizes=\"auto, (max-width: 1456px) 100vw, 1456px\"><\/figure>\n\n\n\n<p><\/p>\n\n\n\n<hr class=\"wp-block-separator has-alpha-channel-opacity is-style-dots\"\/>\n\n\n\n<p>\u00bfQu\u00e9 necesitan las empresas automotrices para seguir el ritmo del comportamiento de los consumidores en el panorama de los veh\u00edculos el\u00e9ctricos, que evoluciona r\u00e1pidamente? La investigaci\u00f3n de los consumidores de veh\u00edculos el\u00e9ctricos en el sector automotriz es cada vez m\u00e1s importante a medida que la industria se orienta hacia soluciones m\u00e1s ecol\u00f3gicas e innovadoras. Con la creciente popularidad de los veh\u00edculos el\u00e9ctricos, comprender las preferencias, preocupaciones y motivaciones de los consumidores es esencial para los fabricantes de autom\u00f3viles, los responsables de las pol\u00edticas y los inversores.<\/p>\n\n\n\n<h2 class=\"wp-block-heading\"><strong>Entonces\u2026 \u00bfQu\u00e9 es la investigaci\u00f3n de consumo de veh\u00edculos el\u00e9ctricos en el sector automotor?<\/strong><\/h2>\n\n\n\n<h3 class=\"wp-block-heading\">\u201cLa investigaci\u00f3n de los consumidores de veh\u00edculos el\u00e9ctricos en el sector automotor ayuda a identificar las tendencias del mercado, las actitudes de los consumidores y los factores que influyen en la adopci\u00f3n de veh\u00edculos el\u00e9ctricos\u201d.<\/h3>\n\n\n\n<p>Automotive consumer <a href=\"https:\/\/www.sisinternational.com\/es\/perspectivas-sobre-los-vehiculos-electricos-2013\/\" title=\"Investigaci\u00f3n de mercado de veh\u00edculos h\u00edbridos y el\u00e9ctricos\" data-wpil-monitor-id=\"6622\">research on electric vehicles<\/a> studies potential EV buyers&#8217; needs, preferences, and behaviors. This research provides valuable insights for automakers developing and marketing <a href=\"https:\/\/www.sisinternational.com\/es\/la-base-neurobiologica-de-la-eleccion-del-consumidor\/\" title=\"Investigaci\u00f3n de mercado de neuromarketing de consumo\" data-wpil-monitor-id=\"6978\">electric vehicles<\/a> that meet consumer expectations.<\/p>\n\n\n\n<p>The scope of <a href=\"https:\/\/www.sisinternational.com\/es\/mercado-mundial-de-sensores-automotrices\/\" title=\"Investigaci\u00f3n de mercado de sensores automotrices\" data-wpil-monitor-id=\"7540\">automotive consumer research<\/a> includes:<\/p>\n\n\n\n<ul class=\"wp-block-list\">\n<li><strong>An\u00e1lisis de tendencias del mercado:<\/strong> Comprender el crecimiento y los cambios en la demanda de los consumidores de veh\u00edculos el\u00e9ctricos, incluidos qu\u00e9 modelos y caracter\u00edsticas son los m\u00e1s buscados.<br><\/li>\n\n\n\n<li><strong>Actitudes y motivaciones del consumidor:<\/strong> Identificar los factores que influyen en las decisiones de los consumidores de cambiar a veh\u00edculos el\u00e9ctricos, como preocupaciones ambientales, ahorros de costos o avances tecnol\u00f3gicos.<br><\/li>\n\n\n\n<li><strong>Barreras para la adopci\u00f3n:<\/strong> Investigar los desaf\u00edos que enfrentan los consumidores al adoptar veh\u00edculos el\u00e9ctricos, como la ansiedad por la autonom\u00eda, los altos costos iniciales y la falta de infraestructura de carga.<br><\/li>\n\n\n\n<li><strong>An\u00e1lisis de la competencia:<\/strong> Analyzing competitors&#8217; <a href=\"https:\/\/www.sisinternational.com\/es\/multiples-sectores-influyentes-indirectos-en-las-compras-de-los-consumidores\/\" title=\"M\u00faltiples influenciadores en las compras de los consumidores\" data-wpil-monitor-id=\"2277\">strategies<\/a> and offerings in the EV market to understand what drives consumer choice.<\/li>\n<\/ul>\n\n\n\n<p><\/p>\n\n\n\n<p>Conducting automotive consumer research on <a href=\"https:\/\/www.sisinternational.com\/es\/cobertura\/investigacion-de-mercado-africa\/investigacion-de-mercado-en-nigeria\/\" title=\"Investigaci\u00f3n de mercado en Nigeria\" data-wpil-monitor-id=\"5380\">electric vehicles is vital<\/a> for understanding market dynamics and ensuring that automakers meet their customers&#8217; evolving needs. Recent studies have shown that consumers are more interested in extended battery ranges and advanced in-car technology, such as enhanced connectivity features and autonomous driving capabilities, as they consider EV purchases.<\/p>\n\n\n\n<h2 class=\"wp-block-heading\"><strong>Recursos clave para realizar investigaciones de consumo de veh\u00edculos el\u00e9ctricos en el sector automotriz<\/strong><\/h2>\n\n\n\n<figure class=\"gb-block-image gb-block-image-f3e2459d\"><img loading=\"lazy\" decoding=\"async\" width=\"1456\" height=\"816\" class=\"gb-image gb-image-f3e2459d\" src=\"https:\/\/www.sisinternational.com\/wp-content\/uploads\/2025\/08\/Automotive-11.jpg\" alt=\"Investigaci\u00f3n y estrategia de mercado internacional de SIS\" title=\"Automotive (11)\" srcset=\"https:\/\/www.sisinternational.com\/wp-content\/uploads\/2025\/08\/Automotive-11.jpg 1456w, https:\/\/www.sisinternational.com\/wp-content\/uploads\/2025\/08\/Automotive-11-300x168.jpg 300w, https:\/\/www.sisinternational.com\/wp-content\/uploads\/2025\/08\/Automotive-11-1024x574.jpg 1024w, https:\/\/www.sisinternational.com\/wp-content\/uploads\/2025\/08\/Automotive-11-768x430.jpg 768w, https:\/\/www.sisinternational.com\/wp-content\/uploads\/2025\/08\/Automotive-11-18x10.jpg 18w\" sizes=\"auto, (max-width: 1456px) 100vw, 1456px\"><\/figure>\n\n\n\n<p><\/p>\n\n\n\n<h3 class=\"wp-block-heading\">Para realizar una investigaci\u00f3n eficaz sobre los consumidores de veh\u00edculos el\u00e9ctricos, es importante utilizar diversos recursos, desde encuestas e informes de mercado hasta herramientas de an\u00e1lisis en l\u00ednea.<\/h3>\n\n\n\n<p>Existen varios recursos esenciales para realizar una investigaci\u00f3n exhaustiva sobre los consumidores de veh\u00edculos el\u00e9ctricos, entre ellos:<\/p>\n\n\n\n<ul class=\"wp-block-list\">\n<li><strong>Encuestas de consumidores y grupos de discusi\u00f3n:<\/strong> La realizaci\u00f3n de encuestas de consumidores y la organizaci\u00f3n de grupos focales ayudan a recopilar comentarios de los compradores potenciales sobre sus preferencias, preocupaciones y motivaciones para elegir veh\u00edculos el\u00e9ctricos.<br><\/li>\n\n\n\n<li><strong>Herramientas de an\u00e1lisis de redes sociales:<\/strong> Tools like Brandwatch and Hootsuite allow <a href=\"https:\/\/www.sisinternational.com\/es\/las-nuevas-tendencias-de-analisis-de-los-consumidores-estadounidenses-que-enfrentan-los-minoristas-estadounidenses\/\" title=\"El nuevo an\u00e1lisis de los consumidores estadounidenses: tendencias que enfrentan los minoristas estadounidenses\" data-wpil-monitor-id=\"2707\">researchers to analyze consumer<\/a> sentiment about electric vehicles, track trending topics, and understand public perception.<br><\/li>\n\n\n\n<li><strong>Foros y comunidades en l\u00ednea:<\/strong> Plataformas como Reddit y comunidades espec\u00edficas de veh\u00edculos el\u00e9ctricos son excelentes fuentes para comprender las opiniones de los consumidores, las preguntas comunes y los desaf\u00edos relacionados con los veh\u00edculos el\u00e9ctricos.<br><\/li>\n\n\n\n<li><strong>Datos de fabricantes de autom\u00f3viles y concesionarios:<\/strong> La informaci\u00f3n que obtienen los fabricantes de autom\u00f3viles y los concesionarios sobre las consultas de los consumidores, los datos de las pruebas de conducci\u00f3n y el rendimiento de las ventas es crucial para comprender las preferencias de los consumidores.<br><\/li>\n<\/ul>\n\n\n\n<p>El uso de estos recursos ayuda a garantizar que la investigaci\u00f3n sea exhaustiva y se base en datos de consumidores del mundo real, lo que proporciona a los fabricantes de autom\u00f3viles la informaci\u00f3n que necesitan para tener \u00e9xito en el creciente mercado de veh\u00edculos el\u00e9ctricos. Por ejemplo, los datos de los grupos de discusi\u00f3n realizados en \u00e1reas urbanas de Nueva York y Los \u00c1ngeles han indicado que el acceso a una infraestructura de carga confiable es una preocupaci\u00f3n principal para muchos compradores potenciales de veh\u00edculos el\u00e9ctricos, mientras que las comunidades rurales a menudo priorizan la asequibilidad y la autonom\u00eda.<\/p>\n\n\n\n<h2 class=\"wp-block-heading\"><strong>M\u00e9todos para realizar investigaciones de consumo de veh\u00edculos el\u00e9ctricos en el sector automotor<\/strong><\/h2>\n\n\n\n<p>Se pueden emplear varios m\u00e9todos para realizar investigaciones de consumo de veh\u00edculos el\u00e9ctricos, como por ejemplo:<\/p>\n\n\n\n<ul class=\"wp-block-list\">\n<li><strong>Encuestas y sondeos en l\u00ednea:<\/strong> La distribuci\u00f3n de encuestas en l\u00ednea ayuda a recopilar datos sobre las preferencias de los consumidores, las actitudes hacia los veh\u00edculos el\u00e9ctricos y la voluntad de adoptar la tecnolog\u00eda EV.<br><\/li>\n\n\n\n<li><strong>Grupos focales y entrevistas:<\/strong> Los grupos focales y las entrevistas individuales con los consumidores pueden ayudar a comprender mejor sus percepciones, motivaciones y dudas sobre los veh\u00edculos el\u00e9ctricos.<br><\/li>\n\n\n\n<li><strong>Mapeo del recorrido del cliente:<\/strong> Mapear el recorrido del consumidor, desde el inter\u00e9s inicial hasta la compra, ayuda a identificar puntos cr\u00edticos y oportunidades para mejorar la experiencia de compra de veh\u00edculos el\u00e9ctricos.<br><\/li>\n\n\n\n<li><strong>Escucha en redes sociales:<\/strong> El monitoreo de las plataformas de redes sociales permite a los investigadores seguir las discusiones, las preocupaciones y el entusiasmo de los consumidores acerca de los veh\u00edculos el\u00e9ctricos.<br><\/li>\n\n\n\n<li><strong>Pruebas de conducci\u00f3n y ensayos de productos:<\/strong> El an\u00e1lisis de datos de pruebas de conducci\u00f3n de veh\u00edculos el\u00e9ctricos y ensayos de productos proporciona informaci\u00f3n sobre los factores que influyen en las decisiones de compra, como el rendimiento, el dise\u00f1o y la tecnolog\u00eda del veh\u00edculo.<\/li>\n<\/ul>\n\n\n\n<p><\/p>\n\n\n\n<h2 class=\"wp-block-heading\"><strong>Limitaciones de la realizaci\u00f3n de investigaciones de consumo de veh\u00edculos el\u00e9ctricos<\/strong><\/h2>\n\n\n\n<figure class=\"gb-block-image gb-block-image-e773ac84\"><img loading=\"lazy\" decoding=\"async\" width=\"1456\" height=\"816\" class=\"gb-image gb-image-e773ac84\" src=\"https:\/\/www.sisinternational.com\/wp-content\/uploads\/2025\/09\/Automotive-Market-Research-in-Europe-2.jpg\" alt=\"Investigaci\u00f3n y estrategia de mercado internacional de SIS\" title=\"Automotive Market Research in Europe (2)\" srcset=\"https:\/\/www.sisinternational.com\/wp-content\/uploads\/2025\/09\/Automotive-Market-Research-in-Europe-2.jpg 1456w, https:\/\/www.sisinternational.com\/wp-content\/uploads\/2025\/09\/Automotive-Market-Research-in-Europe-2-300x168.jpg 300w, https:\/\/www.sisinternational.com\/wp-content\/uploads\/2025\/09\/Automotive-Market-Research-in-Europe-2-1024x574.jpg 1024w, https:\/\/www.sisinternational.com\/wp-content\/uploads\/2025\/09\/Automotive-Market-Research-in-Europe-2-768x430.jpg 768w, https:\/\/www.sisinternational.com\/wp-content\/uploads\/2025\/09\/Automotive-Market-Research-in-Europe-2-18x10.jpg 18w\" sizes=\"auto, (max-width: 1456px) 100vw, 1456px\"><\/figure>\n\n\n\n<p><\/p>\n\n\n\n<h3 class=\"wp-block-heading\">\u201cLa investigaci\u00f3n de los consumidores de veh\u00edculos el\u00e9ctricos en el sector automotor presenta desaf\u00edos \u00fanicos, desde una tecnolog\u00eda que cambia r\u00e1pidamente hasta conceptos err\u00f3neos de los consumidores y limitaciones de datos\u201d.<\/h3>\n\n\n\n<p>La realizaci\u00f3n de estudios de mercado sobre veh\u00edculos el\u00e9ctricos no est\u00e1 exenta de desaf\u00edos. Algunos de los desaf\u00edos principales son:<\/p>\n\n\n\n<ul class=\"wp-block-list\">\n<li><strong>Avances tecnol\u00f3gicos r\u00e1pidos:<\/strong> El r\u00e1pido ritmo del desarrollo tecnol\u00f3gico en los veh\u00edculos el\u00e9ctricos dificulta que los investigadores se mantengan actualizados sobre las \u00faltimas tendencias y caracter\u00edsticas que interesan a los consumidores.<br><\/li>\n\n\n\n<li><strong>Ansiedad por la autonom\u00eda y conceptos err\u00f3neos:<\/strong> Muchos consumidores a\u00fan tienen ideas err\u00f3neas sobre los veh\u00edculos el\u00e9ctricos, como las limitaciones de autonom\u00eda y las dificultades de carga. Comprender y abordar estas inquietudes es un desaf\u00edo importante en la investigaci\u00f3n de los consumidores.<br><\/li>\n\n\n\n<li><strong>Altos costos iniciales:<\/strong> El elevado coste inicial de los veh\u00edculos el\u00e9ctricos puede disuadir a los compradores potenciales, por lo que es esencial que los investigadores comprendan c\u00f3mo los precios afectan las decisiones de los consumidores.<br><\/li>\n\n\n\n<li><strong>Disponibilidad limitada de datos:<\/strong> En comparaci\u00f3n con los veh\u00edculos tradicionales, los datos sobre el uso y las preferencias de los veh\u00edculos el\u00e9ctricos pueden ser limitados, lo que dificulta extraer informaci\u00f3n concluyente.<br><\/li>\n\n\n\n<li><strong>Diversidad de consumidores:<\/strong> Las actitudes de los consumidores hacia los veh\u00edculos el\u00e9ctricos var\u00edan en funci\u00f3n de factores demogr\u00e1ficos como la edad, la ubicaci\u00f3n y los ingresos. Realizar una investigaci\u00f3n que refleje con precisi\u00f3n esta diversidad puede resultar complicado.<\/li>\n<\/ul>\n\n\n\n<p><\/p>\n\n\n\n<h2 class=\"wp-block-heading\"><strong>El futuro de la investigaci\u00f3n de consumo de veh\u00edculos el\u00e9ctricos en el sector automotor<\/strong><\/h2>\n\n\n\n<p>La investigaci\u00f3n de los consumidores de veh\u00edculos el\u00e9ctricos est\u00e1 evolucionando y las nuevas tendencias est\u00e1n dando forma a la forma en que los fabricantes de autom\u00f3viles y los investigadores entienden el comportamiento de los consumidores. A continuaci\u00f3n, se indican algunas direcciones futuras:<\/p>\n\n\n\n<ul class=\"wp-block-list\">\n<li><strong>Integraci\u00f3n de datos y an\u00e1lisis de IA:<\/strong> Using AI and machine learning to analyze large datasets will help <a href=\"https:\/\/www.sisinternational.com\/es\/estudio-de-caso-hipotetico-de-armonia-de-analisis-de-consumidores\/\" title=\"An\u00e1lisis del consumidor: estudio de caso hipot\u00e9tico de eHarmony\" data-wpil-monitor-id=\"4317\">researchers gain deeper insights into consumer<\/a> behavior, preferences, and future trends.<br><\/li>\n\n\n\n<li><strong>Sistemas de retroalimentaci\u00f3n en tiempo real:<\/strong> Los datos en tiempo real de los veh\u00edculos conectados, las aplicaciones m\u00f3viles y las estaciones de carga de veh\u00edculos el\u00e9ctricos permitir\u00e1n a los fabricantes de autom\u00f3viles comprender el comportamiento del consumidor y adaptarse a las necesidades cambiantes.<br><\/li>\n\n\n\n<li><strong>Comercializaci\u00f3n personalizada:<\/strong> A medida que los fabricantes de autom\u00f3viles recopilan m\u00e1s datos de los consumidores, pueden crear campa\u00f1as de marketing m\u00e1s espec\u00edficas y personalizadas para atraer segmentos espec\u00edficos del mercado de veh\u00edculos el\u00e9ctricos.<br><\/li>\n\n\n\n<li><strong>Consideraciones \u00e9ticas y sostenibles:<\/strong> Los consumidores dan cada vez m\u00e1s prioridad a la sostenibilidad. Los investigadores deben comprender c\u00f3mo las consideraciones \u00e9ticas, como el origen de los materiales de las bater\u00edas, influyen en las decisiones de compra.<br><\/li>\n<\/ul>\n\n\n\n<p>By staying ahead of these trends, automotive consumer research for electric <a href=\"https:\/\/www.sisinternational.com\/es\/pericia\/industrias\/investigacion-de-mercado-automotriz\/el-futuro-de-los-vehiculos-electricos-en-estados-unidos\/\" title=\"The Future of Electric Vehicles in the USA \u2013 The Next 5 Years\" data-wpil-monitor-id=\"1835\">vehicles<\/a> will be more effective in understanding and meeting the needs of the future EV market. Recent developments, such as integrating smart grid technology and vehicle-to-grid systems, are poised to reshape how consumers perceive electric vehicles, making them more attractive as transportation and energy storage solutions.<\/p>\n\n\n\n<h2 class=\"wp-block-heading\"><strong>\u00bfQu\u00e9 hace que SIS International sea el socio ideal para la investigaci\u00f3n de consumidores de autom\u00f3viles para veh\u00edculos el\u00e9ctricos?<\/strong><\/h2>\n\n\n\n<p><a href=\"https:\/\/www.linkedin.com\/company\/sisinternationalresearch\/\" target=\"_blank\" rel=\"noopener\">SIS Internacional<\/a> se compromete a proporcionar servicios de investigaci\u00f3n de consumo de alta calidad que satisfagan espec\u00edficamente las necesidades del mercado de veh\u00edculos el\u00e9ctricos. A continuaci\u00f3n, se indican algunas razones por las que SIS International es el mejor socio para la investigaci\u00f3n de consumo de veh\u00edculos el\u00e9ctricos en el sector automotor:<\/p>\n\n\n\n<ul class=\"wp-block-list\">\n<li><strong>Experiencia en investigaci\u00f3n automotriz:<\/strong> Nuestro equipo cuenta con una amplia experiencia en la realizaci\u00f3n de investigaciones dentro del sector de la automoci\u00f3n, incluidos los veh\u00edculos el\u00e9ctricos, lo que nos permite conocer bien los retos y oportunidades de la industria.<br><\/li>\n\n\n\n<li><span style=\"box-sizing: border-box; margin: 0px; padding: 0px;\"><strong>Informaci\u00f3n basada en datos:<\/strong>&nbsp;Utilizamos m\u00e9todos de investigaci\u00f3n cuantitativos y cualitativos respaldados por an\u00e1lisis de datos para brindar a nuestros clientes informaci\u00f3n \u00fatil.<\/span><br><\/li>\n\n\n\n<li><strong>Acceso a los grupos demogr\u00e1ficos objetivo:<\/strong> Contamos con las herramientas y la experiencia para llegar a una amplia gama de consumidores, garantizando que nuestra investigaci\u00f3n represente los distintos segmentos del mercado de veh\u00edculos el\u00e9ctricos.<br><\/li>\n\n\n\n<li><strong>Soluciones de investigaci\u00f3n personalizadas:<\/strong> <a href=\"https:\/\/twitter.com\/SISIntlResearch\" target=\"_blank\" rel=\"noopener\">SIS<\/a> Proporciona soluciones de investigaci\u00f3n personalizadas que abordan las necesidades \u00fanicas de nuestros clientes, garantizando que reciban los datos m\u00e1s relevantes e impactantes. <br><\/li>\n\n\n\n<li><strong>Alianzas estrat\u00e9gicas con l\u00edderes de la industria:<\/strong> Las colaboraciones con fabricantes de autom\u00f3viles y empresas de tecnolog\u00eda permiten a SIS International mantenerse al d\u00eda con los avances tecnol\u00f3gicos y brindar la informaci\u00f3n m\u00e1s actualizada.<br><\/li>\n\n\n\n<li><strong>Enfoques de investigaci\u00f3n sostenible:<\/strong> <a href=\"https:\/\/medium.com\/@sisinternational\/sis-international-c17160da8fac\" target=\"_blank\" rel=\"noopener\">SIS<\/a> se centra en la sostenibilidad, proporcionando conocimientos que ayudan a los clientes a comprender las expectativas de los consumidores en cuanto a pr\u00e1cticas m\u00e1s ecol\u00f3gicas en la industria automotriz.<br><\/li>\n\n\n\n<li><strong>Estudios etnogr\u00e1ficos en profundidad:<\/strong> Nuestro equipo realiza investigaciones etnogr\u00e1ficas que proporcionan una comprensi\u00f3n m\u00e1s profunda de c\u00f3mo los consumidores interact\u00faan con los veh\u00edculos el\u00e9ctricos en situaciones de la vida real, desde entornos urbanos hasta \u00e1reas rurales.<br><\/li>\n<\/ul>\n\n\n<h2>Nuestra ubicaci\u00f3n de instalaciones en Nueva York<\/h2>\n<p><!-- \/wp:post-content --> <!-- wp:html --> <iframe loading=\"lazy\" src=\"https:\/\/www.google.com\/maps\/embed?pb=!1m18!1m12!1m3!1d3022.976188376966!2d-73.99130312499956!3d40.740549471389315!2m3!1f0!2f0!3f0!3m2!1i1024!2i768!4f13.1!3m3!1m2!1s0x89c259a15798c731%3A0xd695d09bdd495f25!2s11%20E%2022nd%20St%20FL%202%2C%20New%20York%2C%20NY%2010010%2C%20USA!5e0!3m2!1sen!2spe!4v1726171763526!5m2!1sen!2spe\" width=\"600\" height=\"450\" allowfullscreen=\"allowfullscreen\" data-mce-fragment=\"1\"><\/iframe> <!-- \/wp:html --> <!-- wp:paragraph --><\/p>\n<h3 class=\"wp-block-heading\">11 E 22nd Street, Piso 2, Nueva York, NY 10010 T: +1(212) 505-6805<\/h3>\n<hr \/>\n<h2><span style=\"font-weight: 400;\">Acerca de SIS Internacional<\/span><\/h2>\n<p><a href=\"https:\/\/www.sisinternational.com\/es\/\"><span style=\"font-weight: 400;\">SIS Internacional<\/span><\/a><span style=\"font-weight: 400;\"> ofrece investigaci\u00f3n cuantitativa, cualitativa y estrat\u00e9gica. Proporcionamos datos, herramientas, estrategias, informes y conocimientos para la toma de decisiones. Tambi\u00e9n realizamos entrevistas, encuestas, grupos focales y otros m\u00e9todos y enfoques de investigaci\u00f3n de mercado.<\/span><a href=\"https:\/\/www.sisinternational.com\/es\/sobre-la-investigacion-internacional-de-sis\/contact-sis-international-market-research\/\"><span style=\"font-weight: 400;\"> P\u00f3ngase en contacto con nosotros<\/span><\/a><span style=\"font-weight: 400;\"> para su pr\u00f3ximo proyecto de Investigaci\u00f3n de Mercado.<\/span><\/p>\n<\/p>","protected":false},"excerpt":{"rendered":"<p>Why Automotive Consumer Research is So Vital Today with the Future of Electric Vehicles What does it take for automotive companies to keep up with consumer behavior in the rapidly evolving landscape of electric vehicles? Automotive consumer research for electric vehicles is becoming increasingly critical as the industry shifts towards greener and more innovative solutions. &#8230; <a title=\"Por qu\u00e9 la investigaci\u00f3n de los consumidores en el sector automovil\u00edstico es tan importante hoy en d\u00eda con el futuro de los veh\u00edculos el\u00e9ctricos\" class=\"read-more\" href=\"https:\/\/www.sisinternational.com\/es\/pericia\/investigacion-de-mercado-automotriz\/investigacion-de-consumo-de-vehiculos-electricos-para-el-sector-automotor\/\" aria-label=\"Leer m\u00e1s sobre Why Automotive Consumer Research is So Vital Today with the Future of Electric Vehicles\">Leer m\u00e1s<\/a><\/p>","protected":false},"author":1,"featured_media":62615,"parent":11155,"menu_order":3,"comment_status":"closed","ping_status":"closed","template":"","meta":{"footnotes":""},"class_list":["post-53780","page","type-page","status-publish","has-post-thumbnail"],"_links":{"self":[{"href":"https:\/\/www.sisinternational.com\/es\/wp-json\/wp\/v2\/pages\/53780","targetHints":{"allow":["GET"]}}],"collection":[{"href":"https:\/\/www.sisinternational.com\/es\/wp-json\/wp\/v2\/pages"}],"about":[{"href":"https:\/\/www.sisinternational.com\/es\/wp-json\/wp\/v2\/types\/page"}],"author":[{"embeddable":true,"href":"https:\/\/www.sisinternational.com\/es\/wp-json\/wp\/v2\/users\/1"}],"replies":[{"embeddable":true,"href":"https:\/\/www.sisinternational.com\/es\/wp-json\/wp\/v2\/comments?post=53780"}],"version-history":[{"count":17,"href":"https:\/\/www.sisinternational.com\/es\/wp-json\/wp\/v2\/pages\/53780\/revisions"}],"predecessor-version":[{"id":84372,"href":"https:\/\/www.sisinternational.com\/es\/wp-json\/wp\/v2\/pages\/53780\/revisions\/84372"}],"up":[{"embeddable":true,"href":"https:\/\/www.sisinternational.com\/es\/wp-json\/wp\/v2\/pages\/11155"}],"wp:featuredmedia":[{"embeddable":true,"href":"https:\/\/www.sisinternational.com\/es\/wp-json\/wp\/v2\/media\/62615"}],"wp:attachment":[{"href":"https:\/\/www.sisinternational.com\/es\/wp-json\/wp\/v2\/media?parent=53780"}],"curies":[{"name":"wp","href":"https:\/\/api.w.org\/{rel}","templated":true}]}}