{"id":53737,"date":"2024-10-18T00:32:46","date_gmt":"2024-10-18T04:32:46","guid":{"rendered":"https:\/\/www.sisinternational.com\/?page_id=53737"},"modified":"2026-03-11T11:32:32","modified_gmt":"2026-03-11T15:32:32","slug":"probando-fragancias-y-productos-de-cuidado-personal-en-nueva-york","status":"publish","type":"page","link":"https:\/\/www.sisinternational.com\/es\/soluciones\/estudio-de-mercado-de-productos-de-belleza\/probando-fragancias-y-productos-de-cuidado-personal-en-nueva-york\/","title":{"rendered":"La ventaja estrat\u00e9gica de probar fragancias y productos de cuidado personal en Nueva York"},"content":{"rendered":"<h1 class=\"wp-block-heading\">La ventaja estrat\u00e9gica de probar fragancias y productos de cuidado personal en Nueva York <\/h1>\n\n\n\n<figure class=\"gb-block-image gb-block-image-d610e1a6\"><img loading=\"lazy\" decoding=\"async\" width=\"1456\" height=\"816\" class=\"gb-image gb-image-d610e1a6\" src=\"https:\/\/www.sisinternational.com\/wp-content\/uploads\/2025\/08\/Perfume-cologne-fragance-7.jpg\" alt=\"Investigaci\u00f3n y estrategia de mercado internacional de SIS\" title=\"Perfume cologne fragance (7)\" srcset=\"https:\/\/www.sisinternational.com\/wp-content\/uploads\/2025\/08\/Perfume-cologne-fragance-7.jpg 1456w, https:\/\/www.sisinternational.com\/wp-content\/uploads\/2025\/08\/Perfume-cologne-fragance-7-300x168.jpg 300w, https:\/\/www.sisinternational.com\/wp-content\/uploads\/2025\/08\/Perfume-cologne-fragance-7-1024x574.jpg 1024w, https:\/\/www.sisinternational.com\/wp-content\/uploads\/2025\/08\/Perfume-cologne-fragance-7-768x430.jpg 768w, https:\/\/www.sisinternational.com\/wp-content\/uploads\/2025\/08\/Perfume-cologne-fragance-7-18x10.jpg 18w\" sizes=\"auto, (max-width: 1456px) 100vw, 1456px\"><\/figure>\n\n\n\n<p><\/p>\n\n\n\n<h3 class=\"wp-block-heading\">La influencia global de la ciudad y su entorno minorista de alto perfil la convierten en una poderosa plataforma de lanzamiento para perfeccionar productos y estrategias antes de un lanzamiento a nivel nacional.&nbsp;<\/h3>\n\n\n\n<p>En el competitivo mundo de las fragancias y los productos de cuidado personal, entrar en el mercado estadounidense requiere un enfoque estrat\u00e9gico para garantizar el \u00e9xito. Con su amplia base de consumidores, la ciudad de Nueva York se destaca como un mercado de prueba ideal para estos productos. Es por eso que probar fragancias y productos de cuidado personal en Nueva York ofrece ventajas \u00fanicas, ya que proporciona a las empresas informaci\u00f3n clave sobre las preferencias de los consumidores y las tendencias del mercado.&nbsp;<\/p>\n\n\n\n<h2 class=\"wp-block-heading\">\u00bfPor qu\u00e9 la ciudad de Nueva York?<\/h2>\n\n\n\n<p>New York City\u2019s population is one of the most diverse in the world, encompassing a wide array of cultures, ethnicities, and socioeconomic backgrounds. This diversity provides a unique opportunity for testing fragrances and <a href=\"https:\/\/www.sisinternational.com\/es\/soluciones\/grupos-de-enfoque\/focus-group-on-personal-care-products\/\" title=\"Focus Group on Personal Care Products\"  data-wpil-monitor-id=\"875\">personal care products<\/a> in a market that mirrors a broad spectrum of consumer preferences.&nbsp;<\/p>\n\n\n\n<p>El entorno multicultural de la ciudad tambi\u00e9n ayuda a identificar tendencias y preferencias emergentes que podr\u00edan no ser evidentes en mercados menos diversos. Por ejemplo, notas espec\u00edficas de fragancias o ingredientes de cuidado personal podr\u00edan atraer con mayor fuerza a grupos culturales espec\u00edficos, lo que proporciona datos cr\u00edticos que pueden impulsar el desarrollo de productos y las estrategias de marketing.<\/p>\n\n\n\n<h4 class=\"wp-block-heading\"><strong>Visibilidad del mercado<\/strong><\/h4>\n\n\n\n<p>El estatus de Nueva York como una importante ciudad global significa que los productos que se prueban aqu\u00ed se benefician de una gran visibilidad y exposici\u00f3n en los medios. La influencia de la ciudad en las tendencias de moda, belleza y estilo de vida puede amplificar el impacto del lanzamiento de un producto. El \u00e9xito en Nueva York puede mejorar significativamente la reputaci\u00f3n y la credibilidad de una marca, lo que facilita su impulso en otros mercados de Estados Unidos y a nivel internacional.<\/p>\n\n\n\n<p>Eventos de alto perfil, como semanas de la moda y exposiciones industriales, aumentan a\u00fan m\u00e1s la visibilidad de los productos probados en Nueva York.&nbsp;<\/p>\n\n\n\n<h4 class=\"wp-block-heading\"><strong>Entorno minorista avanzado<\/strong><\/h4>\n\n\n\n<p>New York City is home to some of the world&#8217;s most sophisticated and trend-setting retail environments. From flagship stores on Fifth Avenue to upscale boutiques in SoHo, NYC\u2019s retail landscape offers an ideal setting for <a href=\"https:\/\/www.sisinternational.com\/es\/soluciones\/soluciones-de-investigacion-cualitativa-cuantitativa\/la-ventaja-de-probar-productos-en-nueva-york-frente-a-los-angeles\/\" title=\"La ventaja de probar productos en Nueva York en comparaci\u00f3n con Los \u00c1ngeles\"  data-wpil-monitor-id=\"1576\">testing new products<\/a>. The city\u2019s retail sector is known for its innovation and high standards, which provide a rigorous testing ground for evaluating product performance.<\/p>\n\n\n\n<p>Las alianzas con minoristas en Nueva York permiten a las empresas experimentar con diferentes estrategias minoristas, incluidas promociones en tiendas, eventos de degustaci\u00f3n y lanzamientos exclusivos. Este entorno ayuda a las marcas a evaluar las reacciones de los consumidores en un entorno real y a realizar los ajustes necesarios antes de un lanzamiento m\u00e1s amplio.<\/p>\n\n\n\n<h2 class=\"wp-block-heading\">\u00bfCu\u00e1les son las mejores estrategias para probar fragancias y productos de cuidado personal en Nueva York?<\/h2>\n\n\n\n<figure class=\"gb-block-image gb-block-image-d48d6d31\"><img loading=\"lazy\" decoding=\"async\" width=\"1456\" height=\"816\" class=\"gb-image gb-image-d48d6d31\" src=\"https:\/\/www.sisinternational.com\/wp-content\/uploads\/2025\/08\/Perfume-cologne-fragance-3.jpg\" alt=\"Investigaci\u00f3n y estrategia de mercado internacional de SIS\" title=\"Perfume cologne fragance (3)\" srcset=\"https:\/\/www.sisinternational.com\/wp-content\/uploads\/2025\/08\/Perfume-cologne-fragance-3.jpg 1456w, https:\/\/www.sisinternational.com\/wp-content\/uploads\/2025\/08\/Perfume-cologne-fragance-3-300x168.jpg 300w, https:\/\/www.sisinternational.com\/wp-content\/uploads\/2025\/08\/Perfume-cologne-fragance-3-1024x574.jpg 1024w, https:\/\/www.sisinternational.com\/wp-content\/uploads\/2025\/08\/Perfume-cologne-fragance-3-768x430.jpg 768w, https:\/\/www.sisinternational.com\/wp-content\/uploads\/2025\/08\/Perfume-cologne-fragance-3-18x10.jpg 18w\" sizes=\"auto, (max-width: 1456px) 100vw, 1456px\"><\/figure>\n\n\n\n<p><\/p>\n\n\n\n<p><a href=\"https:\/\/www.sisinternational.com\/es\/soluciones\/soluciones-de-investigacion-cualitativa-cuantitativa\/sis-sensory-testing-of-personal-care-products\/\" title=\"SIS Sensory Testing of Personal Care Products\"  data-wpil-monitor-id=\"1392\">Testing fragrances and personal care products<\/a> in New York City requires a strategic approach to effectively gauge consumer reactions and refine product offerings \u2013 and New York\u2019s unique market environment presents distinct opportunities and challenges, making it essential for businesses to employ tailored testing strategies.&nbsp;<\/p>\n\n\n\n<h4 class=\"wp-block-heading\"><strong>Grupos de discusi\u00f3n<\/strong><\/h4>\n\n\n\n<p>Conductible <a href=\"https:\/\/www.sisinternational.com\/es\/soluciones\/grupos-de-enfoque\/instalaciones-para-grupos-focales-en-nueva-york\/\">grupos focales en la ciudad de Nueva York<\/a> Permite a las empresas recopilar datos cualitativos sobre atributos de productos como perfiles de aromas, dise\u00f1o de envases y eficacia de productos de cuidado personal. Los participantes pueden aportar informaci\u00f3n sobre sus gustos, disgustos y expectativas, lo que ayuda a las marcas a ajustar sus ofertas para satisfacer mejor los deseos de los consumidores. Adem\u00e1s, los grupos de discusi\u00f3n pueden revelar respuestas emocionales y conductuales a los productos, lo que ofrece una comprensi\u00f3n m\u00e1s profunda de c\u00f3mo un producto resuena en diferentes audiencias.<\/p>\n\n\n\n<h4 class=\"wp-block-heading\"><strong>Asociaciones minoristas<\/strong><\/h4>\n\n\n\n<p>La colaboraci\u00f3n con los minoristas de la ciudad de Nueva York ofrece una plataforma valiosa para probar productos en un entorno real. Las asociaciones con minoristas pueden implicar diversas actividades, como eventos de degustaci\u00f3n en tiendas, lanzamientos de productos exclusivos y promociones en el punto de venta. Estas interacciones permiten a las empresas observar de primera mano el rendimiento de sus productos en un entorno minorista competitivo.<\/p>\n\n\n\n<p>Los minoristas de Nueva York tambi\u00e9n pueden brindar comentarios sobre la colocaci\u00f3n de productos, las estrategias de precios y las t\u00e1cticas de marketing. Sus conocimientos sobre el comportamiento del consumidor y el desempe\u00f1o de las ventas son invaluables para refinar las estrategias de productos. Adem\u00e1s, asociarse con tiendas reconocidas de Nueva York puede mejorar la visibilidad y la credibilidad de un producto, atrayendo la atenci\u00f3n de los consumidores y las personas influyentes del sector.<\/p>\n\n\n\n<h4 class=\"wp-block-heading\"><strong>Comentarios del consumidor<\/strong><\/h4>\n\n\n\n<p>Gathering consumer feedback is essential for understanding how well fragrances and <a href=\"https:\/\/www.sisinternational.com\/es\/soluciones\/investigacion-de-mercado-de-ia-y-consultoria-estrategica\/consultoria-de-inteligencia-artificial-en-automatizacion-de-productos-de-cuidado-personal\/\" title=\"Automatizaci\u00f3n de productos de cuidado personal y consultor\u00eda de inteligencia artificial\"  data-wpil-monitor-id=\"2470\">personal care products<\/a> meet market expectations. In NYC, companies can employ various methods to collect feedback, including surveys, social media engagement, and product reviews.<\/p>\n\n\n\n<h2 class=\"wp-block-heading\">Pero\u2026 perfeccionar las estrategias de marketing tambi\u00e9n es crucial.<\/h2>\n\n\n\n<p>Al analizar la respuesta a diversos canales publicitarios, t\u00e1cticas promocionales y mensajes, las empresas pueden perfeccionar sus estrategias de marketing para alinearlas mejor con las expectativas de los consumidores.<\/p>\n\n\n\n<p>Por ejemplo, las empresas pueden evaluar el impacto de las asociaciones con influencers, las campa\u00f1as en las redes sociales y la publicidad tradicional en Nueva York para determinar qu\u00e9 tiene m\u00e1s repercusi\u00f3n en su p\u00fablico objetivo. Estos conocimientos ayudan a dise\u00f1ar campa\u00f1as de marketing m\u00e1s espec\u00edficas y eficaces para mercados m\u00e1s amplios de Estados Unidos e internacionales.<\/p>\n\n\n\n<h2 class=\"wp-block-heading\">Desaf\u00edos y consideraciones<\/h2>\n\n\n\n<figure class=\"gb-block-image gb-block-image-6304aa7b\"><img loading=\"lazy\" decoding=\"async\" width=\"1456\" height=\"816\" class=\"gb-image gb-image-6304aa7b\" src=\"https:\/\/www.sisinternational.com\/wp-content\/uploads\/2025\/08\/Perfume-cologne-fragance-4.jpg\" alt=\"Investigaci\u00f3n y estrategia de mercado internacional de SIS\" title=\"Perfume cologne fragance (4)\" srcset=\"https:\/\/www.sisinternational.com\/wp-content\/uploads\/2025\/08\/Perfume-cologne-fragance-4.jpg 1456w, https:\/\/www.sisinternational.com\/wp-content\/uploads\/2025\/08\/Perfume-cologne-fragance-4-300x168.jpg 300w, https:\/\/www.sisinternational.com\/wp-content\/uploads\/2025\/08\/Perfume-cologne-fragance-4-1024x574.jpg 1024w, https:\/\/www.sisinternational.com\/wp-content\/uploads\/2025\/08\/Perfume-cologne-fragance-4-768x430.jpg 768w, https:\/\/www.sisinternational.com\/wp-content\/uploads\/2025\/08\/Perfume-cologne-fragance-4-18x10.jpg 18w\" sizes=\"auto, (max-width: 1456px) 100vw, 1456px\"><\/figure>\n\n\n\n<p><\/p>\n\n\n\n<p><strong>Alta competencia<\/strong><\/p>\n\n\n\n<p>Para ingresar a este mercado es necesario navegar en un panorama abarrotado de marcas establecidas y actores emergentes. Para las empresas que prueban nuevos productos, destacarse en medio de esta competencia puede ser un desaf\u00edo.<\/p>\n\n\n\n<p><strong>Factores de costo<\/strong><\/p>\n\n\n\n<p>Los costos asociados con el espacio comercial, el marketing y los eventos promocionales pueden ser considerablemente m\u00e1s altos en este mercado en comparaci\u00f3n con otros mercados. Los alquileres elevados de las mejores ubicaciones comerciales y los gastos de colaboraci\u00f3n con medios de comunicaci\u00f3n y personas influyentes se suman al presupuesto general.<\/p>\n\n\n\n<p><strong>Cuestiones de reglamentaci\u00f3n y cumplimiento<\/strong><\/p>\n\n\n\n<p>Las industrias de cuidado personal y fragancias est\u00e1n sujetas a estrictas normas de seguridad, etiquetado y comercializaci\u00f3n de productos. Para cumplir con estas normas en la ciudad de Nueva York es necesario conocer a fondo los requisitos federales y estatales, incluidos los espec\u00edficos del mercado de Nueva York.<\/p>\n\n\n\n<h2 class=\"wp-block-heading\">C\u00f3mo SIS International ayuda a las empresas a probar fragancias y productos de cuidado personal en Nueva York<\/h2>\n\n\n\n<p><a href=\"https:\/\/www.linkedin.com\/company\/sisinternationalresearch\/\" target=\"_blank\" rel=\"noopener\">SIS Internacional<\/a> Brindamos soporte integral para empresas que buscan probar fragancias y productos de cuidado personal en Nueva York. Aprovechamos nuestra experiencia en investigaci\u00f3n de mercado y consultor\u00eda para ofrecer soluciones personalizadas que abordan los desaf\u00edos y oportunidades \u00fanicos de este mercado din\u00e1mico.<\/p>\n\n\n<p>\n\n\n<\/p>\n<h4 class=\"wp-block-heading\" style=\"padding-left: 40px;\"><strong>An\u00e1lisis de mercado por parte de expertos<\/strong><\/h4>\n<p style=\"padding-left: 40px;\">\n\n\n\n<\/p>\n<p style=\"padding-left: 40px;\">Nuestro equipo realiza an\u00e1lisis de mercado en profundidad para identificar tendencias clave, preferencias de los consumidores y din\u00e1micas competitivas en la ciudad de Nueva York. Al brindar informaci\u00f3n detallada sobre el panorama del mercado local, ayudamos a las empresas a comprender los factores espec\u00edficos que influir\u00e1n en el \u00e9xito de sus productos.\u00a0<\/p>\n<p style=\"padding-left: 40px;\">\n\n\n\n<\/p>\n<h4 class=\"wp-block-heading\" style=\"padding-left: 40px;\"><strong>Investigaci\u00f3n de consumidores espec\u00edfica<\/strong><\/h4>\n<p style=\"padding-left: 40px;\">\n\n\n\n<\/p>\n<p style=\"padding-left: 40px;\">Facilitamos la investigaci\u00f3n de consumidores espec\u00edfica, que incluye grupos de discusi\u00f3n y encuestas, para recopilar comentarios valiosos sobre fragancias y productos de cuidado personal. Nuestras metodolog\u00edas de investigaci\u00f3n est\u00e1n dise\u00f1adas para captar los matices de las preferencias de los consumidores y brindar informaci\u00f3n \u00fatil sobre los atributos de los productos, el empaque y las estrategias de marketing.\u00a0<\/p>\n<p style=\"padding-left: 40px;\">\n\n\n\n<\/p>\n<h4 class=\"wp-block-heading\" style=\"padding-left: 40px;\"><strong>Alianzas estrat\u00e9gicas con minoristas<\/strong><\/h4>\n<p style=\"padding-left: 40px;\">\n\n\n\n<\/p>\n<p style=\"padding-left: 40px;\">SIS International ayuda a establecer alianzas estrat\u00e9gicas con minoristas de la ciudad de Nueva York para probar productos en un entorno real. Nuestro apoyo ayuda a maximizar la visibilidad de los productos y a recopilar comentarios valiosos de entornos minoristas conocidos por sus altos est\u00e1ndares e influencia.<\/p>\n<p style=\"padding-left: 40px;\">\n\n\n\n<\/p>\n<h4 class=\"wp-block-heading\" style=\"padding-left: 40px;\"><strong>Informaci\u00f3n basada en datos<\/strong><\/h4>\n<p style=\"padding-left: 40px;\">\n\n\n\n<\/p>\n<p style=\"padding-left: 40px;\">Nuestro enfoque incluye an\u00e1lisis de datos cuantitativos y cualitativos para interpretar los comentarios de los consumidores y las tendencias del mercado. Estos conocimientos basados en datos son esenciales para perfeccionar el desarrollo de productos y las estrategias de marketing.<\/p>\n<p style=\"padding-left: 40px;\">\n\n\n\n<\/p>\n<h4 class=\"wp-block-heading\" style=\"padding-left: 40px;\"><strong>Gu\u00eda regulatoria y de cumplimiento<\/strong><\/h4>\n<p style=\"padding-left: 40px;\">\n\n\n\n<\/p>\n<p style=\"padding-left: 40px;\">SIS ofrece asesoramiento sobre el cumplimiento de las normativas locales y federales, lo que garantiza que sus productos cumplan con todos los est\u00e1ndares necesarios. Nuestra experiencia ayuda a mitigar el riesgo de problemas normativos y facilita una entrada sin problemas al mercado.<\/p>\n<p style=\"padding-left: 40px;\">\n\n\n\n<\/p>\n<h4 class=\"wp-block-heading\" style=\"padding-left: 40px;\"><strong>Recomendaciones estrat\u00e9gicas<\/strong><\/h4>\n<p style=\"padding-left: 40px;\">\n\n\n\n<\/p>\n<p style=\"padding-left: 40px;\">Bas\u00e1ndonos en nuestra investigaci\u00f3n y an\u00e1lisis, ofrecemos recomendaciones estrat\u00e9gicas para optimizar la oferta de productos y los enfoques de marketing. Nuestras recomendaciones est\u00e1n adaptadas al mercado de Nueva York y est\u00e1n dise\u00f1adas para mejorar el atractivo de los productos, mejorar el posicionamiento en el mercado e impulsar lanzamientos exitosos.<\/p>\n<p>\n\n\n<\/p>\n\n\n<h2 class=\"wp-block-heading\">Acerca de SIS Internacional<\/h2>\n\n\n\n<p><a href=\"https:\/\/www.sisinternational.com\/es\/\">SIS Internacional<\/a> ofrece investigaci\u00f3n cuantitativa, cualitativa y estrat\u00e9gica. Proporcionamos datos, herramientas, estrategias, informes y conocimientos para la toma de decisiones. Tambi\u00e9n realizamos entrevistas, encuestas, grupos focales y otros m\u00e9todos y enfoques de investigaci\u00f3n de mercado.<a href=\"https:\/\/www.sisinternational.com\/es\/sobre-la-investigacion-internacional-de-sis\/contact-sis-international-market-research\/\"> P\u00f3ngase en contacto con nosotros<\/a> para su pr\u00f3ximo proyecto de Investigaci\u00f3n de Mercado.<\/p>\n\n\n\n<p><\/p>","protected":false},"excerpt":{"rendered":"<p>The Strategic Advantage of Testing Fragrances and Personal Care Products in New York The city&#8217;s global influence and high-profile retail environment make it a powerful launchpad for refining products and strategies before a nationwide rollout.&nbsp; In the competitive world of fragrances and personal care products, entering the U.S. market requires a strategic approach to ensure &#8230; <a title=\"La ventaja estrat\u00e9gica de probar fragancias y productos de cuidado personal en Nueva York\" class=\"read-more\" href=\"https:\/\/www.sisinternational.com\/es\/soluciones\/estudio-de-mercado-de-productos-de-belleza\/probando-fragancias-y-productos-de-cuidado-personal-en-nueva-york\/\" aria-label=\"Leer m\u00e1s sobre The Strategic Advantage of Testing Fragrances and Personal Care Products in New York\">Leer m\u00e1s<\/a><\/p>","protected":false},"author":1,"featured_media":64906,"parent":27176,"menu_order":19,"comment_status":"closed","ping_status":"closed","template":"","meta":{"footnotes":""},"class_list":["post-53737","page","type-page","status-publish","has-post-thumbnail"],"_links":{"self":[{"href":"https:\/\/www.sisinternational.com\/es\/wp-json\/wp\/v2\/pages\/53737","targetHints":{"allow":["GET"]}}],"collection":[{"href":"https:\/\/www.sisinternational.com\/es\/wp-json\/wp\/v2\/pages"}],"about":[{"href":"https:\/\/www.sisinternational.com\/es\/wp-json\/wp\/v2\/types\/page"}],"author":[{"embeddable":true,"href":"https:\/\/www.sisinternational.com\/es\/wp-json\/wp\/v2\/users\/1"}],"replies":[{"embeddable":true,"href":"https:\/\/www.sisinternational.com\/es\/wp-json\/wp\/v2\/comments?post=53737"}],"version-history":[{"count":8,"href":"https:\/\/www.sisinternational.com\/es\/wp-json\/wp\/v2\/pages\/53737\/revisions"}],"predecessor-version":[{"id":76817,"href":"https:\/\/www.sisinternational.com\/es\/wp-json\/wp\/v2\/pages\/53737\/revisions\/76817"}],"up":[{"embeddable":true,"href":"https:\/\/www.sisinternational.com\/es\/wp-json\/wp\/v2\/pages\/27176"}],"wp:featuredmedia":[{"embeddable":true,"href":"https:\/\/www.sisinternational.com\/es\/wp-json\/wp\/v2\/media\/64906"}],"wp:attachment":[{"href":"https:\/\/www.sisinternational.com\/es\/wp-json\/wp\/v2\/media?parent=53737"}],"curies":[{"name":"wp","href":"https:\/\/api.w.org\/{rel}","templated":true}]}}