{"id":53736,"date":"2024-10-15T23:59:35","date_gmt":"2024-10-16T03:59:35","guid":{"rendered":"https:\/\/www.sisinternational.com\/?page_id=53736"},"modified":"2026-01-26T18:39:31","modified_gmt":"2026-01-26T23:39:31","slug":"advantage-nyc-as-a-test-market-for-travel","status":"publish","type":"page","link":"https:\/\/www.sisinternational.com\/es\/expertise\/travel-tourism\/advantage-nyc-as-a-test-market-for-travel\/","title":{"rendered":"La ventaja estrat\u00e9gica de utilizar Nueva York como mercado de prueba para viajes y turismo"},"content":{"rendered":"<h1 class=\"wp-block-heading\">La ventaja estrat\u00e9gica de utilizar Nueva York como mercado de prueba para viajes y turismo<\/h1>\n\n\n\n<figure class=\"gb-block-image gb-block-image-c85d84e9\"><img decoding=\"async\" class=\"gb-image gb-image-c85d84e9\" src=\"https:\/\/www.sisinternational.com\/wp-content\/uploads\/2025\/09\/New-York-11.jpg\" alt=\"SIS International Market Research &amp; Strategy\" title=\"New York (11)\"><\/figure>\n\n\n\n<p><\/p>\n\n\n\n<h3 class=\"wp-block-heading\">La amplia y variada base de consumidores de la ciudad de Nueva York permite realizar pruebas exhaustivas para las empresas de viajes y turismo, ofreciendo datos valiosos sobre el rendimiento de los productos en un entorno de gran riesgo y alta visibilidad.<\/h3>\n\n\n\n<p>La ciudad de Nueva York ofrece ventajas incomparables como mercado de prueba para los viajes y el turismo debido a sus caracter\u00edsticas de mercado \u00fanicas y a su p\u00fablico diverso. Como una de las ciudades m\u00e1s visitadas del mundo, la ciudad de Nueva York ofrece un entorno din\u00e1mico para probar nuevos productos de viajes y turismo, garantizando que cumplan con las expectativas de un grupo demogr\u00e1fico amplio y variado.<\/p>\n\n\n\n<h2 class=\"wp-block-heading\">Ventajas de utilizar Nueva York como mercado de prueba para viajes y turismo<\/h2>\n\n\n<div class=\"wp-block-image\">\n<figure class=\"aligncenter is-resized\"><img decoding=\"async\" src=\"https:\/\/lh7-rt.googleusercontent.com\/docsz\/AD_4nXdrO__lUoay1eg8wgyObpmd9Ovlk0MkzaU8KA_9CD-7LVN17Esk8ndCYQRk7rGNgqKcVE9vCNhc7NIfm8nzOwvUAAM_VgUq4pWcT3slAij5fwTXVvrD8IoTsQXnhmZCnY2Wtcuquppaem4j4wYFVkFPNXs?key=P1kglV9NJ0lJjHxrPsPqcw\" alt=\"SIS International Market Research &amp; Strategy\" style=\"width:394px;height:auto\"><\/figure>\n<\/div>\n\n\n<p><\/p>\n\n\n\n<p>La diversidad, la innovaci\u00f3n y la influencia global \u00fanicas de Nueva York la convierten en un mercado de pruebas excepcional para las empresas de viajes y turismo. A pesar de los desaf\u00edos que supone operar en un entorno tan competitivo y din\u00e1mico, las ventajas estrat\u00e9gicas de realizar pruebas en Nueva York superan con creces los obst\u00e1culos.<\/p>\n\n\n\n<h3 class=\"wp-block-heading\">1. Demograf\u00eda y h\u00e1bitos de viaje \u00fanicos de la ciudad de Nueva York<\/h3>\n\n\n\n<p>Nueva York <span style=\"box-sizing: border-box; margin: 0px; padding: 0px;\">Ofrece un acceso incomparable a un amplio espectro demogr\u00e1fico como mercado de prueba para viajes y turismo.<\/span>Con una poblaci\u00f3n que supera los 8 millones de habitantes, la ciudad es un crisol de culturas, etnias y grupos de edad. Esta diversidad refleja las tendencias mundiales del turismo, lo que la convierte en un lugar ideal para que las empresas prueben productos y servicios destinados a los mercados internacionales.<\/p>\n\n\n\n<p>Adem\u00e1s, la ciudad de Nueva York, como mercado de prueba para el turismo y los viajes, se beneficia de su papel como destino global de primer orden. Millones de turistas nacionales e internacionales visitan Nueva York cada a\u00f1o, lo que proporciona a las empresas un flujo constante de informaci\u00f3n nueva. Estos visitantes proceden de diversos contextos econ\u00f3micos, desde viajeros con un alto poder adquisitivo que buscan experiencias de lujo hasta viajeros con un presupuesto limitado que buscan opciones econ\u00f3micas. Como resultado, las empresas pueden experimentar con m\u00faltiples estrategias de viajes y turismo a la vez, adaptando su enfoque para adaptarse a distintos p\u00fablicos objetivo.<\/p>\n\n\n\n<p>Adem\u00e1s, los residentes de Nueva York son un aspecto importante de este mercado de prueba. Los neoyorquinos viajan con frecuencia (tanto dentro como fuera del pa\u00eds) por negocios y por placer, lo que convierte a Nueva York en una ciudad en la que convergen las preferencias de viajes globales.&nbsp;<\/p>\n\n\n\n<h3 class=\"wp-block-heading\">2. Acceso a segmentos clave de consumidores en la ciudad de Nueva York<\/h3>\n\n\n\n<p>La ciudad de Nueva York es un microcosmos de casi todos los grupos demogr\u00e1ficos objetivo de la industria de los viajes. Para las empresas que buscan ajustar sus ofertas de viajes, la combinaci\u00f3n concentrada de consumidores de la ciudad de Nueva York ofrece una ventaja estrat\u00e9gica para captar un amplio espectro de preferencias en un solo lugar. Permite a las marcas aprovechar su vasta poblaci\u00f3n de profesionales, turistas, estudiantes y familias.&nbsp;<\/p>\n\n\n\n<p>Al mismo tiempo, Nueva York es un destino privilegiado para los viajeros de ocio, desde aventureros en solitario hasta familias de vacaciones. Esto permite a las empresas de viajes probar todo tipo de opciones, desde alojamientos econ\u00f3micos hasta atracciones para toda la familia. La ciudad tambi\u00e9n atrae a muchos estudiantes, lo que ofrece a las empresas acceso a un segmento m\u00e1s joven y experto en tecnolog\u00eda que depende en gran medida de aplicaciones m\u00f3viles y plataformas digitales para planificar sus viajes.&nbsp;<\/p>\n\n\n\n<p>Furthermore, New York&#8217;s international airports and robust transportation infrastructure facilitate the arrival of many international tourists. NYC as a test market for travel and tourism allows companies to interact with consumers from all over the world, gaining real-time feedback on global travel preferences. This direct access to international visitors helps businesses refine their global <a href=\"https:\/\/www.sisinternational.com\/es\/direct-marketing\/\" title=\"\u00bfQu\u00e9 es el marketing directo?\"  data-wpil-monitor-id=\"6994\">estrategias de marketing<\/a> and understand how different nationalities respond to their products and services.<\/p>\n\n\n\n<h3 class=\"wp-block-heading\">3. Infraestructura e innovaci\u00f3n en la industria de viajes y turismo de Nueva York<\/h3>\n\n\n\n<figure class=\"gb-block-image gb-block-image-40277d61\"><img loading=\"lazy\" decoding=\"async\" width=\"1456\" height=\"816\" class=\"gb-image gb-image-40277d61\" src=\"https:\/\/www.sisinternational.com\/wp-content\/uploads\/2025\/08\/new-York-4.jpg\" alt=\"SIS International Market Research &amp; Strategy\" title=\"new York (4)\" srcset=\"https:\/\/www.sisinternational.com\/wp-content\/uploads\/2025\/08\/new-York-4.jpg 1456w, https:\/\/www.sisinternational.com\/wp-content\/uploads\/2025\/08\/new-York-4-300x168.jpg 300w, https:\/\/www.sisinternational.com\/wp-content\/uploads\/2025\/08\/new-York-4-1024x574.jpg 1024w, https:\/\/www.sisinternational.com\/wp-content\/uploads\/2025\/08\/new-York-4-768x430.jpg 768w, https:\/\/www.sisinternational.com\/wp-content\/uploads\/2025\/08\/new-York-4-18x10.jpg 18w\" sizes=\"auto, (max-width: 1456px) 100vw, 1456px\"><\/figure>\n\n\n\n<p><\/p>\n\n\n\n<p>Con tres aeropuertos internacionales importantes (JFK, LaGuardia y Newark), Nueva York es un punto de entrada fundamental para millones de viajeros de todo el mundo. Estos aeropuertos gestionan m\u00e1s de 100 millones de pasajeros al a\u00f1o, lo que ofrece a las empresas una oportunidad \u00fanica de estudiar los comportamientos, las preferencias y los problemas de los viajeros desde su llegada. El sistema de transporte bien conectado de Nueva York, que incluye el metro, los autobuses y los transbordadores, garantiza que los visitantes puedan recorrer la ciudad f\u00e1cilmente, lo que la convierte en un entorno ideal para probar los servicios de viajes y transporte.<\/p>\n\n\n\n<p>Adem\u00e1s, Nueva York, como mercado de prueba para los viajes y el turismo, se beneficia de las inversiones que est\u00e1 realizando la ciudad en tecnolog\u00edas de ciudades inteligentes. Soluciones innovadoras como los pagos sin contacto, las aplicaciones de turismo inteligentes y los sistemas de atenci\u00f3n al cliente basados en inteligencia artificial est\u00e1n cada vez m\u00e1s integrados en la experiencia de viaje. Esto ofrece a las empresas un entorno con visi\u00f3n de futuro para probar tecnolog\u00edas de vanguardia que mejoren las experiencias de los clientes. Por ejemplo, las empresas pueden probar servicios de check-in automatizados, actualizaciones de viajes en tiempo real e itinerarios de viaje personalizados, recopilando datos invaluables de una de las bases de consumidores m\u00e1s exigentes y conocedoras de la tecnolog\u00eda del mundo.<\/p>\n\n\n\n<p>La industria hotelera de la ciudad es igualmente avanzada, con una amplia gama de alojamientos que satisfacen a todo tipo de viajeros. Desde hoteles de lujo en Manhattan hasta opciones econ\u00f3micas en Brooklyn, Nueva York como mercado de prueba para viajes y turismo permite a las empresas experimentar con estrategias de precios, ofertas de servicios y campa\u00f1as de marketing. Las empresas hoteleras pueden probar el impacto de los programas de fidelizaci\u00f3n, las iniciativas ecol\u00f3gicas y las experiencias de reserva basadas en dispositivos m\u00f3viles en sus audiencias objetivo.<\/p>\n\n\n\n<h3 class=\"wp-block-heading\">4. Acceso a consumidores con alto nivel de gasto<\/h3>\n\n\n\n<p>Las pruebas en Nueva York brindan a las empresas acceso directo a este grupo demogr\u00e1fico con capacidad financiera, lo que les permite evaluar c\u00f3mo sus productos y servicios de alta gama resuenan entre los consumidores que gastan m\u00e1s en experiencias premium. Esto incluye evaluar las respuestas de los consumidores a los hoteles de lujo, las opciones de restaurantes elegantes, los paquetes de viajes premium y las atracciones exclusivas.<\/p>\n\n\n\n<p>Adem\u00e1s, los datos obtenidos a partir de las pruebas con consumidores de alto nivel de gasto en la ciudad de Nueva York pueden servir de base para estrategias de mercado m\u00e1s amplias. Por ejemplo, comprender las preferencias y los patrones de gasto de los residentes adinerados de la ciudad de Nueva York puede ayudar a las empresas a dise\u00f1ar campa\u00f1as de marketing y estrategias promocionales dirigidas a los consumidores de altos ingresos de otras grandes ciudades del mundo.<\/p>\n\n\n\n<h2 class=\"wp-block-heading\">Desaf\u00edos y oportunidades de Nueva York como mercado de prueba para viajes y turismo<\/h2>\n\n\n\n<figure class=\"gb-block-image gb-block-image-f85d4c3f\"><img decoding=\"async\" class=\"gb-image gb-image-f85d4c3f\" src=\"https:\/\/www.sisinternational.com\/wp-content\/uploads\/2025\/08\/new-York-5.jpg\" alt=\"SIS International Market Research &amp; Strategy\" title=\"new York (5)\"><\/figure>\n\n\n\n<p><\/p>\n\n\n\n<p>Si bien Nueva York ofrece numerosas ventajas como mercado de prueba para los viajes y el turismo, las empresas deben ser conscientes de los desaf\u00edos y las oportunidades al probar sus campa\u00f1as en la ciudad.<\/p>\n\n\n\n<h4 class=\"wp-block-heading\"><strong>Desaf\u00edos:<\/strong><\/h4>\n\n\n\n<ul class=\"wp-block-list\">\n<li><strong>Alta competencia<\/strong>:de Nueva York <a href=\"https:\/\/www.statista.com\/outlook\/mmo\/travel-tourism\/worldwide\" target=\"_blank\" rel=\"noopener\">Mercado de viajes y turismo<\/a> est\u00e1 muy saturado, con numerosas marcas compitiendo por la atenci\u00f3n del consumidor, lo que dificulta que nuevos productos o servicios destaquen.<\/li>\n\n\n\n<li><strong>Fatiga del consumidor<\/strong>:Con un flujo constante de nuevas ofertas, los consumidores pueden sentirse abrumados o dudar a la hora de probar marcas desconocidas en un entorno tan competitivo.<\/li>\n\n\n\n<li><strong>Altos costos operativos<\/strong>:El costo de hacer negocios en Nueva York es significativamente m\u00e1s alto que en muchas otras ciudades, incluidos los gastos inmobiliarios, de marketing y operativos. Esto puede ser particularmente complicado para las empresas m\u00e1s peque\u00f1as.<\/li>\n\n\n\n<li><strong>Expectativas elevadas de los consumidores<\/strong>Tanto los turistas como los habitantes de Nueva York esperan un servicio de primera calidad, incluso de marcas econ\u00f3micas. Esto puede aumentar el costo de entrega de productos y servicios para cumplir con esos altos est\u00e1ndares.<\/li>\n\n\n\n<li><strong>Tendencias que cambian r\u00e1pidamente<\/strong>:El entorno acelerado de Nueva York implica que las preferencias de los consumidores cambian r\u00e1pidamente y lo que funciona una temporada puede no ser efectivo la siguiente. Esto requiere que las empresas evolucionen constantemente sus estrategias.<br><\/li>\n<\/ul>\n\n\n\n<h4 class=\"wp-block-heading\"><strong>Oportunidades:<\/strong><\/h4>\n\n\n\n<ul class=\"wp-block-list\">\n<li><strong>Demostrar comercializaci\u00f3n en un entorno competitivo<\/strong>:Destacarse con \u00e9xito en el abarrotado mercado de la ciudad de Nueva York demuestra que una empresa puede prosperar en otras regiones menos competitivas y es un s\u00f3lido indicador del potencial m\u00e1s amplio de un producto o servicio.<\/li>\n\n\n\n<li><strong>Eficiencia operativa<\/strong>:Al gestionar los altos costos y mantener la calidad en la ciudad de Nueva York, las empresas pueden refinar sus modelos de precios y mejorar la eficiencia. Esta optimizaci\u00f3n puede generar una mayor rentabilidad al expandirse a mercados m\u00e1s asequibles.<\/li>\n\n\n\n<li><strong>Mejorar las propuestas de valor<\/strong>:Debido a la intensa competencia, las empresas se ven obligadas a perfeccionar sus mensajes, mejorar las experiencias de los clientes e innovar en las estrategias de marketing. Una campa\u00f1a exitosa en Nueva York demuestra la capacidad de una marca para crear una propuesta de valor \u00fanica y convincente.<\/li>\n\n\n\n<li><strong>Agilidad y adaptabilidad<\/strong>:El r\u00e1pido ritmo de cambio de Nueva York como mercado de prueba para los viajes y el turismo obliga a las empresas a ser flexibles y receptivas. Esta capacidad de adaptarse r\u00e1pidamente en funci\u00f3n de los comentarios de los consumidores mejora la resiliencia y la relevancia de una empresa en una industria de viajes en constante evoluci\u00f3n.<\/li>\n\n\n\n<li><strong>Informaci\u00f3n de alta calidad<\/strong>:Las pruebas en Nueva York brindan acceso a una base de clientes diversa y exigente. Las empresas pueden recopilar comentarios valiosos que ayudan a dar forma a sus estrategias para los mercados locales y globales.<br><\/li>\n<\/ul>\n\n\n\n<h2 class=\"wp-block-heading\">C\u00f3mo SIS International ayuda a las empresas a descubrir las ventajas de Nueva York como mercado de prueba para viajes y turismo<\/h2>\n\n\n\n<p>En <a href=\"https:\/\/www.linkedin.com\/company\/sisinternationalresearch\/\" target=\"_blank\" rel=\"noopener\">SIS Internacional<\/a>Entendemos los desaf\u00edos y oportunidades \u00fanicos que implica utilizar la ciudad de Nueva York como mercado de prueba para viajes y turismo. Nuestra experiencia y nuestros servicios integrales est\u00e1n dise\u00f1ados para ayudar a las empresas a navegar en este entorno complejo y aprovechar sus ventajas para obtener resultados \u00f3ptimos.<\/p>\n\n\n<p>\n\n\n<\/p>\n<p style=\"padding-left: 40px;\"><strong>Experiencia en investigaci\u00f3n de mercado<\/strong>:\u00a0<\/p>\n<p style=\"padding-left: 40px;\">\n\n\n\n<\/p>\n<p style=\"padding-left: 40px;\">Ofrecemos estudios y an\u00e1lisis de mercado exhaustivos adaptados al sector de viajes y turismo de Nueva York. Nuestro equipo lleva a cabo estudios detallados sobre el comportamiento de los consumidores, las tendencias del mercado y la din\u00e1mica competitiva para ayudar a las empresas a tomar decisiones informadas.<\/p>\n<p style=\"padding-left: 40px;\">\n\n\n\n<\/p>\n<p style=\"padding-left: 40px;\"><strong>Perspectivas del consumidor<\/strong>:\u00a0<\/p>\n<p style=\"padding-left: 40px;\">\n\n\n\n<\/p>\n<p style=\"padding-left: 40px;\">A trav\u00e9s de nuestras metodolog\u00edas y herramientas avanzadas, recopilamos informaci\u00f3n valiosa sobre diversos segmentos de consumidores en la ciudad de Nueva York. Esto incluye el an\u00e1lisis de preferencias, comportamientos y comentarios para ajustar los productos y servicios que resuenen con los segmentos del mercado.<\/p>\n<p style=\"padding-left: 40px;\">\n\n\n\n<\/p>\n<p style=\"padding-left: 40px;\"><strong>Orientaci\u00f3n estrat\u00e9gica<\/strong>:\u00a0<\/p>\n<p style=\"padding-left: 40px;\">\n\n\n\n<\/p>\n<p style=\"padding-left: 40px;\">SIS ofrece consultor\u00eda estrat\u00e9gica para guiar a las empresas en la fase de prueba y lanzamiento de sus ofertas de viajes y turismo en la ciudad de Nueva York. Ayudamos a desarrollar estrategias efectivas, optimizar las iniciativas de marketing y abordar cualquier desaf\u00edo que pueda surgir durante la fase de prueba.<\/p>\n<p style=\"padding-left: 40px;\">\n\n\n\n<\/p>\n<p style=\"padding-left: 40px;\"><strong>Soluciones basadas en datos<\/strong>:\u00a0<\/p>\n<p style=\"padding-left: 40px;\">\n\n\n\n<\/p>\n<p style=\"padding-left: 40px;\">Leveraging our extensive data collection and analysis capabilities, we provide <a href=\"https:\/\/www.sisinternational.com\/es\/b2b\/\" title=\"Cost-Effective and Actionable Insights to Drive Your Next Strategic Move\" data-wpil-monitor-id=\"1478\">actionable insights that drive<\/a> business decisions. Our data-driven approach ensures businesses can refine their strategies based on real-time feedback and market performance.<\/p>\n<p style=\"padding-left: 40px;\">\n\n\n\n<\/p>\n<p style=\"padding-left: 40px;\"><strong>Informes personalizados<\/strong>:\u00a0<\/p>\n<p style=\"padding-left: 40px;\">\n\n\n\n<\/p>\n<p style=\"padding-left: 40px;\">Entregamos informes personalizados que destacan los hallazgos y recomendaciones clave para el mercado de la ciudad de Nueva York. Estos informes brindan informaci\u00f3n clara y pr\u00e1ctica que respalda la planificaci\u00f3n estrat\u00e9gica y la toma de decisiones.<\/p>\n<p style=\"padding-left: 40px;\">\n\n\n\n<\/p>\n<p style=\"padding-left: 40px;\"><strong>Experiencia local<\/strong>:\u00a0<\/p>\n<p style=\"padding-left: 40px;\">\n\n\n\n<\/p>\n<p style=\"padding-left: 40px;\">Gracias a nuestro profundo conocimiento del mercado de Nueva York, ofrecemos informaci\u00f3n y conexiones locales valiosas que pueden mejorar la eficacia de sus esfuerzos de prueba de mercado. Nuestra experiencia regional garantiza que las empresas puedan desenvolverse con confianza en las complejidades del panorama de viajes y turismo de Nueva York.<\/p>\n<p style=\"padding-left: 120px;\">\n\n\n<\/p>\n\n\n<h2 class=\"wp-block-heading\">Acerca de SIS Internacional<\/h2>\n\n\n\n<p><a href=\"https:\/\/www.sisinternational.com\/es\/\">SIS Internacional<\/a> ofrece investigaci\u00f3n cuantitativa, cualitativa y estrat\u00e9gica. Proporcionamos datos, herramientas, estrategias, informes y conocimientos para la toma de decisiones. Tambi\u00e9n realizamos entrevistas, encuestas, grupos focales y otros m\u00e9todos y enfoques de investigaci\u00f3n de mercado. <a href=\"https:\/\/www.sisinternational.com\/es\/about-sis-international-research\/contact-sis-international-market-research\/\">P\u00f3ngase en contacto con nosotros<\/a> para su pr\u00f3ximo proyecto de Investigaci\u00f3n de Mercado.<\/p>","protected":false},"excerpt":{"rendered":"<p>The Strategic Advantage of Using NYC as a Test Market for Travel and Tourism NYC\u2019s vast and varied consumer base allows for comprehensive testing for travel and tourism businesses, offering valuable data on how products perform in a high-stakes, high-visibility setting. NYC offers unparalleled advantages as a test market for travel and tourism due to &#8230; <a title=\"La ventaja estrat\u00e9gica de utilizar Nueva York como mercado de prueba para viajes y turismo\" class=\"read-more\" href=\"https:\/\/www.sisinternational.com\/es\/expertise\/travel-tourism\/advantage-nyc-as-a-test-market-for-travel\/\" aria-label=\"Leer m\u00e1s sobre The Strategic Advantage of Using NYC as a Test Market for Travel and Tourism\">Leer m\u00e1s<\/a><\/p>","protected":false},"author":1,"featured_media":0,"parent":14221,"menu_order":1,"comment_status":"closed","ping_status":"closed","template":"","meta":{"footnotes":""},"class_list":["post-53736","page","type-page","status-publish"],"_links":{"self":[{"href":"https:\/\/www.sisinternational.com\/es\/wp-json\/wp\/v2\/pages\/53736","targetHints":{"allow":["GET"]}}],"collection":[{"href":"https:\/\/www.sisinternational.com\/es\/wp-json\/wp\/v2\/pages"}],"about":[{"href":"https:\/\/www.sisinternational.com\/es\/wp-json\/wp\/v2\/types\/page"}],"author":[{"embeddable":true,"href":"https:\/\/www.sisinternational.com\/es\/wp-json\/wp\/v2\/users\/1"}],"replies":[{"embeddable":true,"href":"https:\/\/www.sisinternational.com\/es\/wp-json\/wp\/v2\/comments?post=53736"}],"version-history":[{"count":5,"href":"https:\/\/www.sisinternational.com\/es\/wp-json\/wp\/v2\/pages\/53736\/revisions"}],"predecessor-version":[{"id":80561,"href":"https:\/\/www.sisinternational.com\/es\/wp-json\/wp\/v2\/pages\/53736\/revisions\/80561"}],"up":[{"embeddable":true,"href":"https:\/\/www.sisinternational.com\/es\/wp-json\/wp\/v2\/pages\/14221"}],"wp:attachment":[{"href":"https:\/\/www.sisinternational.com\/es\/wp-json\/wp\/v2\/media?parent=53736"}],"curies":[{"name":"wp","href":"https:\/\/api.w.org\/{rel}","templated":true}]}}