{"id":53735,"date":"2024-10-14T23:51:37","date_gmt":"2024-10-15T03:51:37","guid":{"rendered":"https:\/\/www.sisinternational.com\/?page_id=53735"},"modified":"2026-03-22T02:56:55","modified_gmt":"2026-03-22T06:56:55","slug":"pruebas-de-productos-educativos-para-ninos-en-nueva-york","status":"publish","type":"page","link":"https:\/\/www.sisinternational.com\/es\/education-market-research\/pruebas-de-productos-educativos-para-ninos-en-nueva-york\/","title":{"rendered":"Pruebas de productos educativos para ni\u00f1os en Nueva York"},"content":{"rendered":"<h1 class=\"wp-block-heading\">Pruebas de productos educativos para ni\u00f1os en Nueva York<\/h1>\n\n\n\n<figure class=\"gb-block-image gb-block-image-aaedeb70\"><img loading=\"lazy\" decoding=\"async\" width=\"1456\" height=\"816\" class=\"gb-image gb-image-aaedeb70\" src=\"https:\/\/www.sisinternational.com\/wp-content\/uploads\/2025\/08\/Generation-z-2.jpg\" alt=\"Investigaci\u00f3n y estrategia de mercado internacional de SIS\" title=\"Generation z (2)\" srcset=\"https:\/\/www.sisinternational.com\/wp-content\/uploads\/2025\/08\/Generation-z-2.jpg 1456w, https:\/\/www.sisinternational.com\/wp-content\/uploads\/2025\/08\/Generation-z-2-300x168.jpg 300w, https:\/\/www.sisinternational.com\/wp-content\/uploads\/2025\/08\/Generation-z-2-1024x574.jpg 1024w, https:\/\/www.sisinternational.com\/wp-content\/uploads\/2025\/08\/Generation-z-2-768x430.jpg 768w, https:\/\/www.sisinternational.com\/wp-content\/uploads\/2025\/08\/Generation-z-2-18x10.jpg 18w\" sizes=\"auto, (max-width: 1456px) 100vw, 1456px\"><\/figure>\n\n\n\n<p><\/p>\n\n\n\n<h3 class=\"wp-block-heading\">Al centrarse en escenarios de aulas del mundo real, las pruebas de productos educativos para ni\u00f1os en la ciudad de Nueva York ayudan a las marcas a dise\u00f1ar herramientas que realmente resuenen entre los educadores y los estudiantes.<\/h3>\n\n\n\n<p>Las pruebas de productos educativos en la ciudad de Nueva York son fundamentales para garantizar que las herramientas de aprendizaje innovadoras satisfagan las necesidades de los estudiantes j\u00f3venes. En una ciudad como Nueva York, realizar pruebas de productos educativos para ni\u00f1os en la ciudad de Nueva York proporciona informaci\u00f3n fundamental sobre la eficacia del producto y la participaci\u00f3n de los estudiantes. Este proceso de prueba ayuda a las empresas a perfeccionar sus productos, lo que garantiza que se ajusten a los est\u00e1ndares educativos modernos y, al mismo tiempo, mejoren la experiencia de aprendizaje de los estudiantes.&nbsp;<\/p>\n\n\n\n<h2 class=\"wp-block-heading\">Por qu\u00e9 es importante realizar pruebas de productos educativos en Nueva York<\/h2>\n\n\n\n<p>La ciudad de Nueva York presenta un entorno \u00fanico para probar productos educativos debido a su amplia gama de instituciones educativas, desde escuelas p\u00fablicas hasta prestigiosas academias privadas. La diversa poblaci\u00f3n estudiantil y las variadas metodolog\u00edas de ense\u00f1anza ofrecen un campo de pruebas integral para nuevas herramientas de aprendizaje. Es por eso que las pruebas de productos educativos para ni\u00f1os en la ciudad de Nueva York permiten a las marcas evaluar el rendimiento de sus productos en diferentes entornos educativos y grupos demogr\u00e1ficos.<\/p>\n\n\n\n<p>A trav\u00e9s de pruebas de productos educativos para ni\u00f1os en la ciudad de Nueva York, las empresas pueden garantizar que sus herramientas sean adaptables y efectivas en diferentes contextos, lo que da como resultado productos que respalden mejor los resultados educativos y la participaci\u00f3n de los estudiantes.<\/p>\n\n\n\n<h2 class=\"wp-block-heading\">Factores clave que impulsan las pruebas de productos educativos en Nueva York<\/h2>\n\n\n\n<p>En primer lugar, la r\u00e1pida adopci\u00f3n de tecnolog\u00eda en las aulas de la ciudad de Nueva York ofrece un entorno ideal para probar herramientas educativas de vanguardia. Las escuelas de esta ciudad suelen integrar nuevas tecnolog\u00edas, lo que facilita la evaluaci\u00f3n de la adecuaci\u00f3n de los productos a los planes de estudio existentes y su adaptaci\u00f3n a los avances tecnol\u00f3gicos.<\/p>\n\n\n\n<p>En segundo lugar, los altos est\u00e1ndares de la ciudad en materia de resultados educativos impulsan la necesidad de realizar pruebas rigurosas. Las pruebas de productos educativos para ni\u00f1os en la ciudad de Nueva York garantizan que los productos cumplan con estos altos est\u00e1ndares y puedan contribuir de manera efectiva al \u00e9xito acad\u00e9mico de los estudiantes. Al alinearse con los estrictos requisitos educativos de las escuelas de la ciudad de Nueva York, los productos tienen m\u00e1s probabilidades de ser validados y adoptados en otros mercados.<\/p>\n\n\n\n<p>Por \u00faltimo, los comentarios de los educadores y estudiantes de la ciudad de Nueva York ofrecen informaci\u00f3n valiosa que puede impulsar una mayor innovaci\u00f3n. Los educadores y estudiantes de la ciudad de Nueva York suelen ser los primeros en adoptar nuevas tecnolog\u00edas y sus aportes pueden ayudar a perfeccionar los productos para satisfacer mejor las necesidades educativas.&nbsp;<\/p>\n\n\n\n<h2 class=\"wp-block-heading\">Beneficios de las pruebas de productos educativos para los estudiantes y las escuelas de la ciudad de Nueva York<\/h2>\n\n\n\n<figure class=\"gb-block-image gb-block-image-e638ffca\"><img loading=\"lazy\" decoding=\"async\" width=\"1456\" height=\"816\" class=\"gb-image gb-image-e638ffca\" src=\"https:\/\/www.sisinternational.com\/wp-content\/uploads\/2025\/08\/Generation-z-1.jpg\" alt=\"Investigaci\u00f3n y estrategia de mercado internacional de SIS\" title=\"Generation z (1)\" srcset=\"https:\/\/www.sisinternational.com\/wp-content\/uploads\/2025\/08\/Generation-z-1.jpg 1456w, https:\/\/www.sisinternational.com\/wp-content\/uploads\/2025\/08\/Generation-z-1-300x168.jpg 300w, https:\/\/www.sisinternational.com\/wp-content\/uploads\/2025\/08\/Generation-z-1-1024x574.jpg 1024w, https:\/\/www.sisinternational.com\/wp-content\/uploads\/2025\/08\/Generation-z-1-768x430.jpg 768w, https:\/\/www.sisinternational.com\/wp-content\/uploads\/2025\/08\/Generation-z-1-18x10.jpg 18w\" sizes=\"auto, (max-width: 1456px) 100vw, 1456px\"><\/figure>\n\n\n\n<p><\/p>\n\n\n\n<p>A trav\u00e9s de pruebas de productos educativos para ni\u00f1os en la ciudad de Nueva York, las escuelas pueden evaluar la eficacia de nuevas herramientas en entornos de aulas reales, proporcionando informaci\u00f3n que va m\u00e1s all\u00e1 de las evaluaciones te\u00f3ricas.<\/p>\n\n\n\n<p><span style=\"box-sizing: border-box; margin: 0px; padding: 0px;\"><strong>Estas pruebas ofrecen a los estudiantes<\/strong> Acceso a herramientas de aprendizaje innovadoras que pueden mejorar su experiencia educativa. Los productos que se prueban y perfeccionan en funci\u00f3n de los comentarios reales de las clases tienen m\u00e1s probabilidades de abordar las necesidades y los estilos de aprendizaje espec\u00edficos de los estudiantes.<\/span>, lo que podr\u00eda mejorar la participaci\u00f3n y el rendimiento acad\u00e9mico. Por ejemplo, un producto que incorpore funciones interactivas podr\u00eda captar mejor la atenci\u00f3n de los estudiantes y hacer que el aprendizaje sea m\u00e1s agradable.<\/p>\n\n\n\n<p><strong>Para las escuelas,<\/strong> Participar en pruebas de productos educativos para ni\u00f1os en la ciudad de Nueva York puede brindar acceso temprano a las \u00faltimas tecnolog\u00edas educativas. Esta adopci\u00f3n temprana puede ser ventajosa, ya que permite a las escuelas integrar nuevas herramientas antes de que est\u00e9n ampliamente disponibles. Adem\u00e1s, la retroalimentaci\u00f3n de las pruebas puede ayudar a las escuelas a adaptar mejor estas herramientas para que se ajusten a sus entornos educativos y requisitos curriculares \u00fanicos.<\/p>\n\n\n\n<h2 class=\"wp-block-heading\">Desaf\u00edos en la realizaci\u00f3n de pruebas de productos educativos para ni\u00f1os en la ciudad de Nueva York<\/h2>\n\n\n\n<p>Un desaf\u00edo importante es <strong>alinearse con las normas y regulaciones educativas locales<\/strong>La ciudad de Nueva York tiene requisitos espec\u00edficos para las herramientas educativas, y garantizar que los productos cumplan con estos est\u00e1ndares puede ser una tarea compleja. Las empresas deben abordar estas regulaciones con cuidado para evitar demoras o problemas de cumplimiento.<\/p>\n\n\n\n<p>Otro desaf\u00edo es <strong>Obtener acceso a una amplia gama de escuelas y aulas<\/strong>Las instituciones educativas de la ciudad de Nueva York var\u00edan ampliamente en cuanto a recursos, m\u00e9todos de ense\u00f1anza y demograf\u00eda estudiantil. Asegurar la participaci\u00f3n de una muestra representativa de escuelas puede ser dif\u00edcil, pero es esencial para una evaluaci\u00f3n integral. Establecer alianzas con escuelas y educadores puede ayudar a superar este obst\u00e1culo, aunque requiere una comunicaci\u00f3n eficaz y el establecimiento de relaciones.<\/p>\n\n\n\n<p>Adem\u00e1s, <strong>Gestionar la retroalimentaci\u00f3n y realizar los ajustes necesarios<\/strong> Puede ser un desaf\u00edo. Las pruebas de productos educativos para ni\u00f1os en la ciudad de Nueva York generan datos y comentarios sustanciales de estudiantes y educadores. Analizar estos comentarios e implementar cambios basados en diversos aportes puede requerir muchos recursos y una planificaci\u00f3n cuidadosa para garantizar que las mejoras del producto est\u00e9n alineadas con los objetivos educativos.<\/p>\n\n\n\n<h2 class=\"wp-block-heading\">C\u00f3mo influyen los padres en las pruebas de productos educativos en Nueva York<\/h2>\n\n\n\n<p>Los padres pueden ofrecer perspectivas \u00fanicas sobre la usabilidad y la eficacia de los productos educativos. Su opini\u00f3n sobre c\u00f3mo se integran los productos con los entornos de aprendizaje en el hogar es crucial. Por ejemplo, un producto que fomente la participaci\u00f3n de los padres o proporcione herramientas para actividades en el hogar puede tener un impacto significativo en su \u00e9xito. Involucrar a los padres en el proceso de prueba puede ayudar a identificar las caracter\u00edsticas m\u00e1s beneficiosas y las \u00e1reas de mejora.<\/p>\n\n\n\n<p>Adem\u00e1s, las observaciones de los padres sobre c\u00f3mo interact\u00faan sus hijos con los productos educativos pueden brindar informaci\u00f3n sobre los niveles de participaci\u00f3n y los resultados de aprendizaje. Sus comentarios ayudan a los desarrolladores a comprender qu\u00e9 aspectos de un producto son atractivos para los ni\u00f1os y cu\u00e1les no. Por ejemplo, si un producto est\u00e1 destinado a apoyar las habilidades de lectura, los padres pueden notar cambios en los h\u00e1bitos de lectura o el entusiasmo de sus hijos, lo que puede ser invaluable para perfeccionar el producto.<\/p>\n\n\n\n<p>Por \u00faltimo, la participaci\u00f3n de los padres en las pruebas de productos educativos para ni\u00f1os en la ciudad de Nueva York puede fomentar un sentido de comunidad y colaboraci\u00f3n entre las escuelas y las familias. Cuando los padres ven que se valora su aporte y se toma en cuenta, es m\u00e1s probable que apoyen la adopci\u00f3n de nuevas herramientas y tecnolog\u00edas. Este enfoque colaborativo puede generar una mayor aceptaci\u00f3n y una implementaci\u00f3n m\u00e1s eficaz de los productos educativos.<\/p>\n\n\n\n<h2 class=\"wp-block-heading\">Tendencias futuras en pruebas de productos educativos en Nueva York<\/h2>\n\n\n\n<p><strong>Las herramientas impulsadas por IA se utilizan cada vez m\u00e1s para proporcionar experiencias de aprendizaje personalizadas<\/strong>, adaptar el contenido a las necesidades individuales de los estudiantes y ofrecer retroalimentaci\u00f3n en tiempo real. En Nueva York, donde la adopci\u00f3n de tecnolog\u00eda es alta, probar estos productos impulsados por IA puede revelar qu\u00e9 tan bien mejoran los resultados de aprendizaje y motivan a los estudiantes. Las futuras pruebas de productos educativos para ni\u00f1os en Nueva York probablemente se centrar\u00e1n en evaluar la efectividad de estas tecnolog\u00edas avanzadas en entornos de aulas reales.<\/p>\n\n\n\n<p>Otra tendencia es<strong> utilizando realidad virtual y aumentada<\/strong> (VR and AR) to create immersive learning experiences. These technologies offer innovative ways to engage students by providing interactive and experiential learning opportunities. <a href=\"https:\/\/www.sisinternational.com\/es\/soluciones\/grupos-de-enfoque\/grupos-de-discusion-en-nueva-york-para-probar-productos-para-personas-mayores\/\" title=\"Aprovechar los grupos de discusi\u00f3n de la ciudad de Nueva York para probar productos para personas mayores \u00a0\"  data-wpil-monitor-id=\"1845\">Testing VR and AR educational products<\/a> in NYC schools can provide insights into their impact on student engagement and comprehension, as well as their practical application in diverse educational environments.<\/p>\n\n\n\n<p>Adem\u00e1s, hay una <strong>\u00e9nfasis creciente en la inclusi\u00f3n y la accesibilidad en el desarrollo de productos educativos<\/strong>Cada vez son m\u00e1s comunes los productos que se adaptan a estudiantes con necesidades diversas, incluidos aquellos con discapacidades de aprendizaje. Las pruebas de productos educativos para ni\u00f1os en la ciudad de Nueva York se centrar\u00e1n cada vez m\u00e1s en la eficacia con la que estos productos abordan la inclusi\u00f3n y la accesibilidad, garantizando oportunidades de aprendizaje equitativas para todos los estudiantes.<\/p>\n\n\n\n<h2 class=\"wp-block-heading\">C\u00f3mo SIS International ayuda a las empresas con las pruebas de productos educativos para ni\u00f1os en Nueva York<\/h2>\n\n\n\n<p>Realizar pruebas de productos educativos para ni\u00f1os en la ciudad de Nueva York ofrece numerosos beneficios para las empresas, en particular cuando se aprovecha la experiencia y los recursos proporcionados por <a href=\"https:\/\/www.linkedin.com\/company\/sisinternationalresearch\/\" target=\"_blank\" rel=\"noopener\">SIS Internacional<\/a>.&nbsp;<\/p>\n\n\n<p>\n\n\n<\/p>\n<p style=\"padding-left: 40px;\"><strong>Visi\u00f3n integral del mercado:<\/strong>\u00a0<\/p>\n<p style=\"padding-left: 40px;\">\n\n\n\n<\/p>\n<p style=\"padding-left: 40px;\">SIS ofrece un an\u00e1lisis y conocimiento profundos del mercado educativo de la ciudad de Nueva York. Su experiencia ayuda a las empresas a sortear las complejidades de los entornos educativos locales, garantizando que las pruebas de productos educativos para ni\u00f1os en la ciudad de Nueva York produzcan informaci\u00f3n relevante y pr\u00e1ctica.\u00a0<\/p>\n<p style=\"padding-left: 40px;\">\n\n\n\n<\/p>\n<p style=\"padding-left: 40px;\"><strong>Acceso a entornos educativos diversos:<\/strong>\u00a0<\/p>\n<p style=\"padding-left: 40px;\">\n\n\n\n<\/p>\n<p style=\"padding-left: 40px;\">SIS International has established connections with a wide range of schools and educational institutions across NYC. This network enables businesses to conduct <a href=\"https:\/\/www.sisinternational.com\/es\/establecer-una-empresa-en-turquia\/\" title=\"Establecer una empresa en Turqu\u00eda\" data-wpil-monitor-id=\"3881\">educational product testing for children in NYC<\/a> in varied settings, from public to private schools, ensuring a comprehensive evaluation of product performance across different demographics and teaching methodologies.<\/p>\n<p style=\"padding-left: 40px;\">\n\n\n\n<\/p>\n<p style=\"padding-left: 40px;\"><strong>Soluciones de investigaci\u00f3n personalizadas:<\/strong>\u00a0<\/p>\n<p style=\"padding-left: 40px;\">\n\n\n\n<\/p>\n<p style=\"padding-left: 40px;\">Ofrecemos soluciones de investigaci\u00f3n personalizadas para satisfacer las necesidades espec\u00edficas de cada cliente. Ya sea que una empresa est\u00e9 probando una nueva herramienta de aprendizaje digital o un sistema de gesti\u00f3n de aulas, SIS International puede dise\u00f1ar e implementar protocolos de investigaci\u00f3n que se alineen con los objetivos espec\u00edficos del producto.\u00a0<\/p>\n<p style=\"padding-left: 40px;\">\n\n\n\n<\/p>\n<p style=\"padding-left: 40px;\"><strong>An\u00e1lisis e informes de expertos:<\/strong>\u00a0<\/p>\n<p style=\"padding-left: 40px;\">\n\n\n\n<\/p>\n<p style=\"padding-left: 40px;\">Con la experiencia de SIS International, las empresas se benefician de un an\u00e1lisis exhaustivo y de informes detallados de los resultados de las pruebas. Su equipo proporciona informaci\u00f3n pr\u00e1ctica basada en datos recopilados durante las pruebas de productos educativos para ni\u00f1os en la ciudad de Nueva York, lo que ayuda a las empresas a comprender el rendimiento de sus productos y c\u00f3mo pueden mejorarlos.\u00a0<\/p>\n<p style=\"padding-left: 40px;\">\n\n\n\n<\/p>\n<p style=\"padding-left: 40px;\"><strong>Validaci\u00f3n mejorada del producto:<\/strong>\u00a0<\/p>\n<p style=\"padding-left: 40px;\">\n\n\n\n<\/p>\n<p style=\"padding-left: 40px;\">Los rigurosos procesos de prueba y las evaluaciones de expertos de SIS International contribuyen a una s\u00f3lida validaci\u00f3n de los productos. Nuestro equipo ayuda a las empresas a lograr una mayor credibilidad y aceptaci\u00f3n en el mercado.\u00a0<\/p>\n<p>\n\n\n<\/p>\n\n\n<h2 class=\"wp-block-heading\">Acerca de SIS Internacional<\/h2>\n\n\n\n<p><a href=\"https:\/\/www.sisinternational.com\/es\/\">SIS Internacional<\/a> ofrece investigaci\u00f3n cuantitativa, cualitativa y estrat\u00e9gica. Proporcionamos datos, herramientas, estrategias, informes y conocimientos para la toma de decisiones. Tambi\u00e9n realizamos entrevistas, encuestas, grupos focales y otros m\u00e9todos y enfoques de investigaci\u00f3n de mercado.<a href=\"https:\/\/www.sisinternational.com\/es\/sobre-la-investigacion-internacional-de-sis\/contact-sis-international-market-research\/\"> P\u00f3ngase en contacto con nosotros<\/a> para su pr\u00f3ximo proyecto de Investigaci\u00f3n de Mercado.<\/p>","protected":false},"excerpt":{"rendered":"<p>Educational Product Testing for Children in NYC By focusing on real-world classroom scenarios, educational product testing for children in NYC helps brands design tools that truly resonate with educators and students. Educational product testing in NYC is key in ensuring that innovative learning tools meet the needs of young students. In a city like New &#8230; <a title=\"Pruebas de productos educativos para ni\u00f1os en Nueva York\" class=\"read-more\" href=\"https:\/\/www.sisinternational.com\/es\/education-market-research\/pruebas-de-productos-educativos-para-ninos-en-nueva-york\/\" aria-label=\"Leer m\u00e1s sobre Educational Product Testing for Children in NYC\">Leer m\u00e1s<\/a><\/p>","protected":false},"author":1,"featured_media":65019,"parent":84844,"menu_order":56,"comment_status":"closed","ping_status":"closed","template":"","meta":{"footnotes":""},"class_list":["post-53735","page","type-page","status-publish","has-post-thumbnail"],"_links":{"self":[{"href":"https:\/\/www.sisinternational.com\/es\/wp-json\/wp\/v2\/pages\/53735","targetHints":{"allow":["GET"]}}],"collection":[{"href":"https:\/\/www.sisinternational.com\/es\/wp-json\/wp\/v2\/pages"}],"about":[{"href":"https:\/\/www.sisinternational.com\/es\/wp-json\/wp\/v2\/types\/page"}],"author":[{"embeddable":true,"href":"https:\/\/www.sisinternational.com\/es\/wp-json\/wp\/v2\/users\/1"}],"replies":[{"embeddable":true,"href":"https:\/\/www.sisinternational.com\/es\/wp-json\/wp\/v2\/comments?post=53735"}],"version-history":[{"count":6,"href":"https:\/\/www.sisinternational.com\/es\/wp-json\/wp\/v2\/pages\/53735\/revisions"}],"predecessor-version":[{"id":78057,"href":"https:\/\/www.sisinternational.com\/es\/wp-json\/wp\/v2\/pages\/53735\/revisions\/78057"}],"up":[{"embeddable":true,"href":"https:\/\/www.sisinternational.com\/es\/wp-json\/wp\/v2\/pages\/84844"}],"wp:featuredmedia":[{"embeddable":true,"href":"https:\/\/www.sisinternational.com\/es\/wp-json\/wp\/v2\/media\/65019"}],"wp:attachment":[{"href":"https:\/\/www.sisinternational.com\/es\/wp-json\/wp\/v2\/media?parent=53735"}],"curies":[{"name":"wp","href":"https:\/\/api.w.org\/{rel}","templated":true}]}}