{"id":53729,"date":"2024-10-11T23:29:33","date_gmt":"2024-10-12T03:29:33","guid":{"rendered":"https:\/\/www.sisinternational.com\/?page_id=53729"},"modified":"2026-03-13T01:22:37","modified_gmt":"2026-03-13T05:22:37","slug":"pruebas-de-ubicacion-central-vs-grupos-focales","status":"publish","type":"page","link":"https:\/\/www.sisinternational.com\/es\/central-location-tests-clt-page\/pruebas-de-ubicacion-central-vs-grupos-focales\/","title":{"rendered":"Pruebas de ubicaci\u00f3n central vs. grupos focales"},"content":{"rendered":"<h1 class=\"wp-block-heading\">Pruebas de ubicaci\u00f3n central vs. grupos focales<\/h1>\n\n\n\n<figure class=\"gb-block-image gb-block-image-5142217d\"><img loading=\"lazy\" decoding=\"async\" width=\"1456\" height=\"816\" class=\"gb-image gb-image-5142217d\" src=\"https:\/\/www.sisinternational.com\/wp-content\/uploads\/2025\/08\/Food-taste-testing-3.jpg\" alt=\"Investigaci\u00f3n y estrategia de mercado internacional de SIS\" title=\"Food taste testing (3)\" srcset=\"https:\/\/www.sisinternational.com\/wp-content\/uploads\/2025\/08\/Food-taste-testing-3.jpg 1456w, https:\/\/www.sisinternational.com\/wp-content\/uploads\/2025\/08\/Food-taste-testing-3-300x168.jpg 300w, https:\/\/www.sisinternational.com\/wp-content\/uploads\/2025\/08\/Food-taste-testing-3-1024x574.jpg 1024w, https:\/\/www.sisinternational.com\/wp-content\/uploads\/2025\/08\/Food-taste-testing-3-768x430.jpg 768w, https:\/\/www.sisinternational.com\/wp-content\/uploads\/2025\/08\/Food-taste-testing-3-18x10.jpg 18w\" sizes=\"auto, (max-width: 1456px) 100vw, 1456px\"><\/figure>\n\n\n\n<p><\/p>\n\n\n\n<h3 class=\"wp-block-heading\">Las pruebas en ubicaciones centrales son ideales para realizar pruebas controladas de productos, mientras que los grupos de discusi\u00f3n son excelentes para descubrir comentarios cualitativos detallados a trav\u00e9s de debates. Comprender las diferencias puede ayudar a las empresas a elegir el enfoque adecuado para recopilar los conocimientos m\u00e1s relevantes sobre los consumidores.<\/h3>\n\n\n\n<p>La investigaci\u00f3n de mercado es esencial para comprender las preferencias de los consumidores, y dos metodolog\u00edas ampliamente utilizadas en este campo son las pruebas de ubicaci\u00f3n central y los grupos de discusi\u00f3n. Ambos enfoques ofrecen ventajas y perspectivas \u00fanicas, que ayudan a las empresas a perfeccionar sus productos, estrategias de marketing y la interacci\u00f3n general con los consumidores.&nbsp;<\/p>\n\n\n\n<h2 class=\"gb-headline gb-headline-1f28aba3 gb-headline-text\">Pruebas de ubicaci\u00f3n central vs. grupos focales<\/h2>\n\n\n\n<h3 class=\"wp-block-heading\">\u00bfQu\u00e9 son las pruebas de ubicaci\u00f3n central?<\/h3>\n\n\n\n<p><strong><a href=\"https:\/\/www.sisinternational.com\/es\/soluciones\/soluciones-de-investigacion-cualitativa-cuantitativa\/pruebas-en-ubicaciones-centrales-de-la-ciudad-de-nueva-york\/\" title=\"Pruebas en ubicaciones centrales de la ciudad de Nueva York: beneficios para las pruebas de productos\"  data-wpil-monitor-id=\"1597\">Pruebas de ubicaci\u00f3n central<\/a><\/strong> (CLT) son un m\u00e9todo de investigaci\u00f3n controlada en el que se invita a los participantes a un lugar espec\u00edfico para evaluar productos o servicios en condiciones estandarizadas. Por lo general, las CLT se llevan a cabo en un entorno neutral, como un centro de pruebas, donde se pueden controlar variables como la iluminaci\u00f3n, la temperatura y la presentaci\u00f3n del producto para garantizar resultados consistentes.&nbsp;<\/p>\n\n\n\n<p>Una ventaja clave de las pruebas en una ubicaci\u00f3n central es su capacidad de recopilar comentarios cuantitativos de muchos participantes en poco tiempo. Al pedirles a los participantes que completen encuestas o proporcionen calificaciones inmediatamente despu\u00e9s de probar un producto, las empresas pueden recopilar datos estructurados y comparables que se prestan bien al an\u00e1lisis estad\u00edstico.&nbsp;<\/p>\n\n\n\n<h3 class=\"wp-block-heading\">\u00bfQu\u00e9 son los grupos focales?<\/h3>\n\n\n\n<p><a href=\"https:\/\/www.sisinternational.com\/es\/soluciones\/grupos-de-enfoque\/instalaciones-para-grupos-focales-en-nueva-york\/\"><strong>Grupos de enfoque<\/strong><\/a> Son un m\u00e9todo de investigaci\u00f3n cualitativo en el que un peque\u00f1o grupo de participantes participa en debates guiados para obtener informaci\u00f3n detallada sobre sus opiniones, preferencias y comportamientos con respecto a un producto o servicio. A diferencia de las pruebas de ubicaci\u00f3n central, los grupos focales est\u00e1n dise\u00f1ados para fomentar conversaciones abiertas, lo que permite a los participantes compartir sus pensamientos libremente y reaccionar ante las opiniones de los dem\u00e1s.&nbsp;<\/p>\n\n\n\n<p>Los focus groups son muy \u00fatiles cuando las empresas quieren explorar el \u201cpor qu\u00e9\u201d del comportamiento del consumidor. A menudo se utilizan en las primeras etapas del desarrollo de un producto para comprender las necesidades, actitudes y respuestas emocionales de los clientes. La naturaleza interactiva de los focus groups permite explorar temas complejos como la percepci\u00f3n de la marca, la facilidad de uso del producto y los procesos de toma de decisiones de los consumidores, que pueden no ser f\u00e1ciles de captar en una encuesta cuantitativa.&nbsp;<\/p>\n\n\n\n<h2 class=\"wp-block-heading\">Pero\u2026 \u00bfCu\u00e1les son las diferencias clave entre las pruebas de ubicaci\u00f3n central y los grupos focales?<\/h2>\n\n\n\n<figure class=\"gb-block-image gb-block-image-15e32d98\"><img decoding=\"async\" class=\"gb-image gb-image-15e32d98\" src=\"https:\/\/www.sisinternational.com\/wp-content\/uploads\/2015\/06\/focus-groups.jpg\" alt=\"grupos de enfoque\" title=\"grupos de enfoque\"\/><\/figure>\n\n\n\n<p><\/p>\n\n\n\n<p>Si bien las pruebas de ubicaci\u00f3n central y los grupos focales son herramientas vitales para recopilar informaci\u00f3n sobre los consumidores, difieren significativamente en sus metodolog\u00edas y los tipos de datos que producen.<\/p>\n\n\n\n<ul class=\"wp-block-list\">\n<li><strong>Metodolog\u00eda<\/strong>:Las pruebas de ubicaci\u00f3n central se centran en la recopilaci\u00f3n de datos cuantitativos y estructurados. Los participantes eval\u00faan individualmente los productos o servicios en condiciones controladas a trav\u00e9s de encuestas o calificaciones. Por el contrario, los grupos de discusi\u00f3n se basan en datos cualitativos y utilizan debates abiertos para explorar las actitudes, motivaciones y respuestas emocionales de los consumidores. La naturaleza interactiva de los grupos de discusi\u00f3n permite a los participantes compartir y reaccionar ante las opiniones de los dem\u00e1s, lo que puede revelar conocimientos m\u00e1s profundos.<\/li>\n\n\n\n<li><strong>Tipo de retroalimentaci\u00f3n<\/strong>:Las pruebas de ubicaci\u00f3n central brindan retroalimentaci\u00f3n num\u00e9rica o estad\u00edstica, lo que las hace ideales para la comparaci\u00f3n y el an\u00e1lisis a gran escala. A menudo se utilizan cuando las empresas necesitan datos objetivos para decidir el rendimiento o la preferencia de un producto. Sin embargo, los grupos de discusi\u00f3n producen una retroalimentaci\u00f3n narrativa y rica. El objetivo es comprender las experiencias, las percepciones y el razonamiento de los consumidores, lo que resulta valioso para refinar los mensajes, la marca y el desarrollo de productos.<\/li>\n\n\n\n<li><strong>Tama\u00f1o y formato del grupo<\/strong>:Las pruebas de ubicaci\u00f3n central suelen contar con numerosos participantes, a veces cientos, lo que permite una amplia recopilaci\u00f3n de datos. Los grupos de discusi\u00f3n son m\u00e1s peque\u00f1os, por lo general de entre 6 y 12 participantes, lo que los hace m\u00e1s \u00edntimos y propicios para un debate en profundidad. El formato de grupo de discusi\u00f3n fomenta el di\u00e1logo interactivo, mientras que las pruebas de ubicaci\u00f3n central se centran en las respuestas individuales.<\/li>\n<\/ul>\n\n\n\n<p><\/p>\n\n\n\n<h2 class=\"wp-block-heading has-text-align-center\">Pruebas de ubicaci\u00f3n central vs. grupos focales<\/h2>\n\n\n\n<figure class=\"wp-block-table\"><table class=\"has-fixed-layout\"><tbody><tr><td><strong>Criterios<\/strong><\/td><td><strong>Pruebas de ubicaci\u00f3n central (CLT)<\/strong><\/td><td><strong>Grupos de discusi\u00f3n<\/strong><\/td><\/tr><tr><td><strong>Metodolog\u00eda<\/strong><\/td><td>Recopilaci\u00f3n de datos cuantitativos y estructurados en entornos controlados.<\/td><td>Discusiones abiertas con retroalimentaci\u00f3n cualitativa facilitadas por un moderador.<\/td><\/tr><tr><td><strong>Tipo de retroalimentaci\u00f3n<\/strong><\/td><td>Principalmente cuantitativos (encuestas, calificaciones, etc.).<\/td><td>Cualitativo (opiniones, emociones y debates en profundidad).<\/td><\/tr><tr><td><strong>Tama\u00f1o del grupo<\/strong><\/td><td>Generalmente grandes, con muchos participantes para una recopilaci\u00f3n de datos m\u00e1s amplia.<\/td><td>Grupos peque\u00f1os (6-12 participantes), centrados en debates detallados.<\/td><\/tr><tr><td><strong>Formato<\/strong><\/td><td>Evaluaciones de productos individuales, a menudo comparaciones lado a lado.<\/td><td>Interacci\u00f3n grupal con ideas y respuestas compartidas.<\/td><\/tr><tr><td><strong>Mejor para<\/strong><\/td><td>Medici\u00f3n del rendimiento del producto, preferencias y pruebas de iteraciones.<\/td><td>Comprender las motivaciones, actitudes y respuestas emocionales del consumidor.<\/td><\/tr><tr><td><strong>Salida de datos<\/strong><\/td><td>Datos estad\u00edsticos adecuados para una amplia comparaci\u00f3n y an\u00e1lisis.<\/td><td>Perspectivas narrativas que exploran el \u201cpor qu\u00e9\u201d detr\u00e1s de las elecciones de los consumidores.<\/td><\/tr><tr><td><strong>Casos de uso<\/strong><\/td><td>Alimentos, bebidas, bienes de consumo; comparaci\u00f3n de variaciones de productos.<\/td><td>Marca, mensajer\u00eda, experiencia de producto; exploraci\u00f3n m\u00e1s profunda de las percepciones.<\/td><\/tr><\/tbody><\/table><\/figure>\n\n\n\n<h2 class=\"wp-block-heading\">Cu\u00e1ndo utilizar pruebas de ubicaci\u00f3n central<\/h2>\n\n\n\n<p>Los CLT son particularmente eficaces cuando las empresas necesitan recopilar datos cuantitativos estandarizados de forma r\u00e1pida y eficiente. Son ideales para escenarios centrados en el rendimiento del producto o en pruebas comparativas de m\u00faltiples variantes en condiciones controladas. Por ejemplo, los CLT se utilizan habitualmente en la industria de alimentos y bebidas para probar nuevos sabores, envases o formulaciones de productos, lo que permite a las empresas medir con precisi\u00f3n las preferencias de los consumidores.<\/p>\n\n\n\n<p>Los CLT tambi\u00e9n son ventajosos cuando se trata de costos y log\u00edstica. Debido a que involucran a muchos participantes en un solo lugar, las empresas pueden agilizar la recopilaci\u00f3n de datos y reducir el tiempo necesario para reunir los resultados. Este m\u00e9todo es adecuado para industrias como bienes de consumo, cuidado personal y productos para el hogar, donde los consumidores deben evaluar los productos f\u00edsicos de primera mano.<\/p>\n\n\n\n<p>Adem\u00e1s, los CLT son \u00fatiles cuando las empresas necesitan validez estad\u00edstica en sus hallazgos. Al controlar el entorno de prueba y limitar las variables externas, las empresas pueden garantizar que los datos recopilados sean confiables y se puedan utilizar para tomar decisiones sobre productos con confianza.&nbsp;<\/p>\n\n\n\n<h2 class=\"wp-block-heading\">Pruebas de ubicaci\u00f3n central frente a grupos focales: cu\u00e1ndo utilizar grupos focales<\/h2>\n\n\n\n<figure class=\"gb-block-image gb-block-image-ae1a937a\"><img loading=\"lazy\" decoding=\"async\" width=\"1456\" height=\"816\" class=\"gb-image gb-image-ae1a937a\" src=\"https:\/\/www.sisinternational.com\/wp-content\/uploads\/2025\/09\/Focus-group-4-6.jpg\" alt=\"Investigaci\u00f3n y estrategia de mercado internacional de SIS\" title=\"Focus group 4 (6)\" srcset=\"https:\/\/www.sisinternational.com\/wp-content\/uploads\/2025\/09\/Focus-group-4-6.jpg 1456w, https:\/\/www.sisinternational.com\/wp-content\/uploads\/2025\/09\/Focus-group-4-6-300x168.jpg 300w, https:\/\/www.sisinternational.com\/wp-content\/uploads\/2025\/09\/Focus-group-4-6-1024x574.jpg 1024w, https:\/\/www.sisinternational.com\/wp-content\/uploads\/2025\/09\/Focus-group-4-6-768x430.jpg 768w, https:\/\/www.sisinternational.com\/wp-content\/uploads\/2025\/09\/Focus-group-4-6-18x10.jpg 18w\" sizes=\"auto, (max-width: 1456px) 100vw, 1456px\"><\/figure>\n\n\n\n<p><\/p>\n\n\n\n<p>Los focus groups son especiales cuando las empresas necesitan investigar los aspectos cualitativos del comportamiento del consumidor, como las actitudes, las motivaciones y las respuestas emocionales. Son ideales cuando el objetivo es explorar las razones detr\u00e1s de las elecciones del consumidor en lugar de simplemente medir las preferencias. Este m\u00e9todo se utiliza a menudo durante las primeras etapas del desarrollo de un producto, el dise\u00f1o de una campa\u00f1a de marketing o cuando las empresas necesitan comprender las percepciones complejas de los consumidores sobre su marca.<\/p>\n\n\n\n<p>Los focus groups son excelentes en situaciones en las que la interacci\u00f3n de los participantes puede generar conocimientos m\u00e1s profundos. Por ejemplo, los consumidores suelen tener preferencias matizadas que dependen de su estilo de vida, valores y experiencias en las industrias de la moda, la atenci\u00f3n m\u00e9dica o la tecnolog\u00eda. La riqueza de los datos recopilados a trav\u00e9s de debates abiertos hace que los focus groups sean una herramienta poderosa para las empresas que buscan alinear sus productos y comunicaciones con los deseos de los consumidores.<\/p>\n\n\n\n<h2 class=\"wp-block-heading\">\u00bfEs posible combinar pruebas de localizaci\u00f3n central y grupos focales?<\/h2>\n\n\n\n<p>Businesses can often achieve the best results by combining Central Location Tests and focus groups. This hybrid approach allows companies to leverage the strengths of both methodologies, offering a more comprehensive understanding of consumer preferences and behaviors. By conducting Central Location Tests first, businesses can gather quantitative data on product performance and then follow up with <a href=\"https:\/\/www.sisinternational.com\/es\/soluciones\/grupos-de-enfoque\/grupos-de-discusion-en-nueva-york-para-probar-productos-para-personas-mayores\/\" title=\"Aprovechar los grupos de discusi\u00f3n de la ciudad de Nueva York para probar productos para personas mayores \u00a0\"  data-wpil-monitor-id=\"1849\">grupos de enfoque<\/a> to explore the underlying reasons behind consumers&#8217; choices during the tests.<\/p>\n\n\n\n<p>Por ejemplo<span style=\"box-sizing: border-box; margin: 0px; padding: 0px;\">Una empresa podr\u00eda realizar una prueba de ubicaci\u00f3n central en la industria de alimentos y bebidas.&nbsp;<\/span>para identificar qu\u00e9 sabor nuevo prefieren los consumidores. M\u00e1s tarde, pueden organizar grupos de discusi\u00f3n para analizar por qu\u00e9 los participantes prefirieron un sabor en lugar de otro, lo que proporciona informaci\u00f3n sobre las preferencias de sabor, las percepciones de la marca o el atractivo del envase. Esta combinaci\u00f3n permite una amplia recopilaci\u00f3n de datos y un an\u00e1lisis profundo, lo que garantiza que las empresas tomen decisiones bien informadas.<\/p>\n\n\n\n<h2 class=\"wp-block-heading\">C\u00f3mo SIS International ayuda a las empresas a afrontar los desaf\u00edos de las pruebas de ubicaci\u00f3n central frente a los grupos focales<\/h2>\n\n\n\n<p>SIS International ofrece una experiencia inigualable en la realizaci\u00f3n de pruebas de ubicaci\u00f3n central y grupos de discusi\u00f3n, lo que ayuda a empresas de diversas industrias a tomar decisiones informadas basadas en informaci\u00f3n completa sobre los consumidores. Con d\u00e9cadas de experiencia en investigaci\u00f3n de mercado, SIS International garantiza que cada estudio se adapte a las necesidades espec\u00edficas del cliente, ya sea que el enfoque est\u00e9 en el desarrollo de productos, la marca o el comportamiento del consumidor.<\/p>\n\n\n<p>\n\n\n<\/p>\n<p style=\"padding-left: 40px;\"><strong>Soluciones de investigaci\u00f3n a medida<br \/><br \/><\/strong><a href=\"https:\/\/www.linkedin.com\/company\/sisinternationalresearch\/\" target=\"_blank\" rel=\"noopener\">SIS Internacional<\/a> personaliza las pruebas de ubicaci\u00f3n central y los grupos focales para satisfacer las necesidades espec\u00edficas de cada negocio, asegurando que los conocimientos recopilados est\u00e9n directamente alineados con los objetivos de la empresa.<\/p>\n<p style=\"padding-left: 40px;\">\n\n\n\n<\/p>\n<p style=\"padding-left: 40px;\"><strong>Alcance global y estandarizaci\u00f3n<\/strong><strong><br \/><\/strong><strong><br \/><\/strong>Con una red global de instalaciones de investigaci\u00f3n, SIS International permite a las empresas realizar pruebas de ubicaci\u00f3n central en m\u00faltiples regiones, lo que garantiza datos consistentes y confiables que se puedan comparar y analizar a nivel internacional.<\/p>\n<p style=\"padding-left: 40px;\">\n\n\n\n<\/p>\n<p style=\"padding-left: 40px;\"><strong>Informaci\u00f3n completa sobre el consumidor<\/strong><strong><br \/><\/strong><strong><br \/><\/strong>Al combinar datos cuantitativos de pruebas de ubicaci\u00f3n central con informaci\u00f3n cualitativa de grupos focales, SIS International proporciona a las empresas una visi\u00f3n integral de las preferencias, comportamientos y motivaciones de los consumidores, lo que permite una toma de decisiones integral.<\/p>\n<p style=\"padding-left: 40px;\">\n\n\n\n<\/p>\n<p style=\"padding-left: 40px;\"><strong>Moderadores capacitados y participantes diversos<\/strong><strong><br \/><\/strong><strong><br \/><\/strong>Los grupos de discusi\u00f3n de SIS International est\u00e1n dirigidos por moderadores experimentados que facilitan debates profundos. Su capacidad para reclutar grupos de participantes diversos garantiza que las empresas obtengan informaci\u00f3n de un amplio espectro de su mercado objetivo, lo que genera comentarios m\u00e1s precisos y representativos.<\/p>\n<p style=\"padding-left: 40px;\">\n\n\n\n<\/p>\n<p style=\"padding-left: 40px;\"><strong>Decisiones viables y basadas en datos<\/strong><strong><br \/><\/strong><strong><br \/><\/strong>La experiencia de SIS International en ambas metodolog\u00edas permite a las empresas validar sus estrategias de productos, marketing y marca con datos procesables. La combinaci\u00f3n de informaci\u00f3n cuantitativa y cualitativa brinda a las empresas la confianza necesaria para tomar decisiones informadas respaldadas por comentarios reales de los consumidores.<\/p>\n<p style=\"padding-left: 40px;\">\n\n\n\n<\/p>\n<p style=\"padding-left: 40px;\"><strong>Eficiencia y rentabilidad<br \/><br \/><\/strong>El m\u00e9todo simplificado de SIS International para realizar investigaciones ayuda a las empresas a reunir informaci\u00f3n cr\u00edtica de manera rentable y oportuna. Esto reduce el tiempo de comercializaci\u00f3n de nuevos productos y permite una iteraci\u00f3n m\u00e1s r\u00e1pida de las estrategias basadas en los comentarios de los consumidores.<\/p>\n<p>\n\n\n<\/p>\n\n\n<h2 class=\"wp-block-heading\">Acerca de SIS Internacional<\/h2>\n\n\n\n<p><a href=\"https:\/\/www.sisinternational.com\/es\/\">SIS Internacional<\/a> ofrece investigaci\u00f3n cuantitativa, cualitativa y estrat\u00e9gica. Proporcionamos datos, herramientas, estrategias, informes y conocimientos para la toma de decisiones. Tambi\u00e9n realizamos entrevistas, encuestas, grupos focales y otros m\u00e9todos y enfoques de investigaci\u00f3n de mercado.<a href=\"https:\/\/www.sisinternational.com\/es\/sobre-la-investigacion-internacional-de-sis\/contact-sis-international-market-research\/\"> P\u00f3ngase en contacto con nosotros<\/a> para su pr\u00f3ximo proyecto de Investigaci\u00f3n de Mercado.<\/p>","protected":false},"excerpt":{"rendered":"<p>Central Location Tests vs Focus Groups Central Location Tests are ideal for controlled product testing, while focus groups excel in uncovering in-depth qualitative feedback through discussions. Understanding the differences can help businesses choose the right approach to gather the most relevant consumer insights. Market research is essential for understanding consumer preferences, and two widely used &#8230; <a title=\"Pruebas de ubicaci\u00f3n central vs. grupos focales\" class=\"read-more\" href=\"https:\/\/www.sisinternational.com\/es\/central-location-tests-clt-page\/pruebas-de-ubicacion-central-vs-grupos-focales\/\" aria-label=\"Leer m\u00e1s sobre Central Location Tests vs Focus Groups\">Leer m\u00e1s<\/a><\/p>","protected":false},"author":1,"featured_media":64706,"parent":84538,"menu_order":54,"comment_status":"closed","ping_status":"closed","template":"","meta":{"footnotes":""},"class_list":["post-53729","page","type-page","status-publish","has-post-thumbnail"],"_links":{"self":[{"href":"https:\/\/www.sisinternational.com\/es\/wp-json\/wp\/v2\/pages\/53729","targetHints":{"allow":["GET"]}}],"collection":[{"href":"https:\/\/www.sisinternational.com\/es\/wp-json\/wp\/v2\/pages"}],"about":[{"href":"https:\/\/www.sisinternational.com\/es\/wp-json\/wp\/v2\/types\/page"}],"author":[{"embeddable":true,"href":"https:\/\/www.sisinternational.com\/es\/wp-json\/wp\/v2\/users\/1"}],"replies":[{"embeddable":true,"href":"https:\/\/www.sisinternational.com\/es\/wp-json\/wp\/v2\/comments?post=53729"}],"version-history":[{"count":9,"href":"https:\/\/www.sisinternational.com\/es\/wp-json\/wp\/v2\/pages\/53729\/revisions"}],"predecessor-version":[{"id":76217,"href":"https:\/\/www.sisinternational.com\/es\/wp-json\/wp\/v2\/pages\/53729\/revisions\/76217"}],"up":[{"embeddable":true,"href":"https:\/\/www.sisinternational.com\/es\/wp-json\/wp\/v2\/pages\/84538"}],"wp:featuredmedia":[{"embeddable":true,"href":"https:\/\/www.sisinternational.com\/es\/wp-json\/wp\/v2\/media\/64706"}],"wp:attachment":[{"href":"https:\/\/www.sisinternational.com\/es\/wp-json\/wp\/v2\/media?parent=53729"}],"curies":[{"name":"wp","href":"https:\/\/api.w.org\/{rel}","templated":true}]}}