{"id":53727,"date":"2024-10-12T23:34:08","date_gmt":"2024-10-13T03:34:08","guid":{"rendered":"https:\/\/www.sisinternational.com\/?page_id=53727"},"modified":"2026-01-25T19:39:08","modified_gmt":"2026-01-26T00:39:08","slug":"grupos-de-discusion-sobre-el-alcohol","status":"publish","type":"page","link":"https:\/\/www.sisinternational.com\/es\/soluciones\/grupos-de-enfoque\/grupos-de-discusion-sobre-el-alcohol\/","title":{"rendered":"Grupos de discusi\u00f3n sobre el alcohol: bebidas alcoh\u00f3licas y no alcoh\u00f3licas\u00a0"},"content":{"rendered":"<h1 class=\"wp-block-heading\">Grupos de discusi\u00f3n sobre el alcohol: bebidas alcoh\u00f3licas y no alcoh\u00f3licas&nbsp;<\/h1>\n\n\n\n<figure class=\"gb-block-image gb-block-image-2805c10c\"><img loading=\"lazy\" decoding=\"async\" width=\"1456\" height=\"816\" class=\"gb-image gb-image-2805c10c\" src=\"https:\/\/www.sisinternational.com\/wp-content\/uploads\/2025\/08\/Wine-5.jpg\" alt=\"Investigaci\u00f3n y estrategia de mercado internacional de SIS\" title=\"Wine (5)\" srcset=\"https:\/\/www.sisinternational.com\/wp-content\/uploads\/2025\/08\/Wine-5.jpg 1456w, https:\/\/www.sisinternational.com\/wp-content\/uploads\/2025\/08\/Wine-5-300x168.jpg 300w, https:\/\/www.sisinternational.com\/wp-content\/uploads\/2025\/08\/Wine-5-1024x574.jpg 1024w, https:\/\/www.sisinternational.com\/wp-content\/uploads\/2025\/08\/Wine-5-768x430.jpg 768w, https:\/\/www.sisinternational.com\/wp-content\/uploads\/2025\/08\/Wine-5-18x10.jpg 18w\" sizes=\"auto, (max-width: 1456px) 100vw, 1456px\"><\/figure>\n\n\n\n<p><\/p>\n\n\n\n<p>A medida que cambian las preferencias y las tendencias, las marcas deben estar atentas a lo que quieren sus clientes, y los grupos de discusi\u00f3n sobre el alcohol brindan una herramienta poderosa para obtener informaci\u00f3n detallada sobre las preferencias, motivaciones y percepciones de los consumidores. A trav\u00e9s de estos debates, las marcas de bebidas alcoh\u00f3licas pueden comprender mejor a su p\u00fablico objetivo, explorar las tendencias emergentes y tomar decisiones informadas que se alineen con las demandas del mercado.&nbsp;<\/p>\n\n\n\n<h2 class=\"wp-block-heading\">Comprender las preferencias de los consumidores en el consumo de alcohol<\/h2>\n\n\n\n<p>Los grupos de debate sobre el alcohol permiten obtener informaci\u00f3n detallada sobre las preferencias de los consumidores. Al reunir a participantes diversos, estas sesiones ofrecen a las marcas de bebidas alcoh\u00f3licas informaci\u00f3n valiosa sobre el sabor, el envase y la experiencia general.&nbsp;<\/p>\n\n\n\n<p>Las distintas regiones muestran preferencias variadas en lo que respecta al consumo de alcohol. Por ejemplo, en los EE. UU., las cervezas artesanales y los licores de primera calidad han ganado popularidad, mientras que los mercados europeos pueden inclinarse por el vino y las bebidas alcoh\u00f3licas tradicionales. Por lo tanto, los grupos de discusi\u00f3n sobre el alcohol permiten a las marcas adaptar sus productos a estas diferencias regionales, asegur\u00e1ndose de que satisfacen las demandas de los consumidores locales.<\/p>\n\n\n\n<p>Adem\u00e1s, estos grupos de discusi\u00f3n son esenciales para identificar tendencias emergentes. A medida que evolucionan los gustos de los consumidores, las marcas deben mantenerse a la vanguardia adapt\u00e1ndose a las nuevas preferencias, ya sean opciones con bajo contenido de alcohol o combinaciones de sabores \u00fanicas. Esta retroalimentaci\u00f3n din\u00e1mica de los grupos de discusi\u00f3n sobre el alcohol permite a las empresas innovar y seguir siendo competitivas en el mercado de bebidas en constante cambio.<\/p>\n\n\n\n<h2 class=\"wp-block-heading\">La importancia de los grupos focales en la investigaci\u00f3n de mercado del alcohol<\/h2>\n\n\n\n<figure class=\"gb-block-image gb-block-image-54971659\"><img loading=\"lazy\" decoding=\"async\" width=\"1456\" height=\"816\" class=\"gb-image gb-image-54971659\" src=\"https:\/\/www.sisinternational.com\/wp-content\/uploads\/2025\/08\/Alcoholic-beverage-2.jpg\" alt=\"Investigaci\u00f3n y estrategia de mercado internacional de SIS\" title=\"Alcoholic beverage (2)\" srcset=\"https:\/\/www.sisinternational.com\/wp-content\/uploads\/2025\/08\/Alcoholic-beverage-2.jpg 1456w, https:\/\/www.sisinternational.com\/wp-content\/uploads\/2025\/08\/Alcoholic-beverage-2-300x168.jpg 300w, https:\/\/www.sisinternational.com\/wp-content\/uploads\/2025\/08\/Alcoholic-beverage-2-1024x574.jpg 1024w, https:\/\/www.sisinternational.com\/wp-content\/uploads\/2025\/08\/Alcoholic-beverage-2-768x430.jpg 768w, https:\/\/www.sisinternational.com\/wp-content\/uploads\/2025\/08\/Alcoholic-beverage-2-18x10.jpg 18w\" sizes=\"auto, (max-width: 1456px) 100vw, 1456px\"><\/figure>\n\n\n\n<p><\/p>\n\n\n\n<p><a href=\"https:\/\/www.sisinternational.com\/es\/soluciones\/grupos-de-enfoque\/instalaciones-para-grupos-focales-en-nueva-york\/\">Grupos de enfoque<\/a> Los grupos de discusi\u00f3n sobre el alcohol son muy valiosos en el mercado de bebidas alcoh\u00f3licas porque ofrecen informaci\u00f3n cualitativa y profunda que otros m\u00e9todos de investigaci\u00f3n, como las encuestas o los an\u00e1lisis, suelen pasar por alto. Si bien los datos cuantitativos pueden mostrar tendencias generales de los consumidores, no siempre explican el &quot;por qu\u00e9&quot; detr\u00e1s de esas tendencias. Los grupos de discusi\u00f3n sobre el alcohol permiten a las marcas explorar las motivaciones, las actitudes y los impulsores emocionales que influyen en las decisiones de compra, lo que ayuda a las marcas a comprender mejor su mercado objetivo.<\/p>\n\n\n\n<p>Por ejemplo, en un focus group t\u00edpico, los participantes pueden brindar comentarios detallados sobre lo que les gusta o no del sabor, el empaque o la marca de un producto en particular. Esta interacci\u00f3n directa ayuda a descubrir preferencias matizadas que pueden ser dif\u00edciles de captar mediante otros m\u00e9todos. Adem\u00e1s, los focus group permiten debates interactivos, lo que permite a los participantes desarrollar las ideas de los dem\u00e1s, lo que con frecuencia da como resultado conocimientos m\u00e1s enriquecedores.<\/p>\n\n\n\n<p>Otra ventaja clave de<strong> <\/strong>Los grupos de discusi\u00f3n sobre el alcohol permiten evaluar las reacciones de los consumidores ante productos nuevos o experimentales antes de que lleguen al mercado. Las marcas pueden introducir prototipos de bebidas, nuevos sabores o conceptos de envasado para ver de primera mano c\u00f3mo reaccionan los consumidores. Esta retroalimentaci\u00f3n temprana es fundamental para evitar errores costosos y garantizar que los productos tengan eco en los consumidores.<\/p>\n\n\n\n<p>Adem\u00e1s, <a href=\"https:\/\/www.sisinternational.com\/es\/pericia\/industrias\/grupos-focales-industriales\/\" title=\"Grupos de enfoque industriales\"  data-wpil-monitor-id=\"5847\">grupos de discusi\u00f3n sobre el alcohol<\/a> are particularly useful for exploring emerging trends in the industry, such as the rise of low-alcohol, no-alcohol, and craft beverages. These niche markets are rapidly growing, and focus groups provide a platform to understand the specific preferences of consumers driving these trends. Insights from such discussions can guide product development, branding, and marketing strategies, ensuring that brands stay ahead of the curve.<\/p>\n\n\n\n<h2 class=\"wp-block-heading\">Principales conclusiones extra\u00eddas de los grupos de debate sobre el alcohol<\/h2>\n\n\n\n<p>Los grupos de discusi\u00f3n sobre el alcohol brindan numerosos conocimientos que pueden dar forma a las ofertas de productos y las estrategias de marketing en la industria del alcohol. A continuaci\u00f3n, se presentan algunas de las \u00e1reas clave en las que los grupos de discusi\u00f3n ayudan a las marcas a obtener una comprensi\u00f3n m\u00e1s profunda:<\/p>\n\n\n\n<ul class=\"wp-block-list\">\n<li><strong>Preferencias del consumidor:<\/strong> Las marcas pueden saber si los consumidores prefieren un sabor m\u00e1s dulce o m\u00e1s amargo, qu\u00e9 tipo de dise\u00f1o de envase les llama la atenci\u00f3n o qu\u00e9 piensan sobre la sostenibilidad del producto. Estos conocimientos permiten a las marcas ajustar sus ofertas de productos para alinearlas con los deseos de los consumidores.<\/li>\n\n\n\n<li><strong>Lealtad a la marca y comportamiento de cambio:<\/strong> A trav\u00e9s de grupos de discusi\u00f3n sobre bebidas alcoh\u00f3licas, las marcas pueden explorar las razones que se esconden detr\u00e1s de la lealtad de los clientes o qu\u00e9 los impulsa a cambiar a productos de la competencia. Comprender por qu\u00e9 los consumidores se quedan con una marca en particular (ya sea por el sabor, el marketing o la calidad percibida) ayuda a las marcas a fortalecer sus relaciones con los clientes existentes.&nbsp;<\/li>\n\n\n\n<li><strong>Tendencias en el consumo de alcohol:<\/strong> Recent shifts towards low-alcohol and no-alcohol beverages, craft spirits, or health-conscious options can be explored in detail. For example, participants in focus groups on <a href=\"https:\/\/www.sisinternational.com\/es\/mystery-shopping-for-alcoholic-beverages\/\" title=\"Mystery Shopping for Alcoholic Beverages\"  data-wpil-monitor-id=\"874\">alcohol may express growing interest in beverages<\/a> that align with their lifestyle choices, such as gluten-free or organic options.&nbsp;<\/li>\n\n\n\n<li><strong>Variaciones culturales y demogr\u00e1ficas:<\/strong> <a href=\"https:\/\/www.sisinternational.com\/es\/resena-del-libro-el-codigo-cultural\/\" title=\"Rese\u00f1a del libro: \u201cEl c\u00f3digo cultural\u201d\"  data-wpil-monitor-id=\"4415\">Focus groups on alcohol allow brands<\/a> to segment their audience based on age, gender, location, or lifestyle, revealing specific preferences in each segment. For example, younger consumers may prioritize trendy packaging, while older consumers focus on the quality of ingredients.&nbsp;<br><\/li>\n<\/ul>\n\n\n\n<h2 class=\"wp-block-heading\">Perspectivas sobre desarrollo de productos y marca<\/h2>\n\n\n\n<figure class=\"gb-block-image gb-block-image-4c435353\"><img loading=\"lazy\" decoding=\"async\" width=\"1456\" height=\"816\" class=\"gb-image gb-image-4c435353\" src=\"https:\/\/www.sisinternational.com\/wp-content\/uploads\/2025\/08\/Ready-to-Drink-RTD-Beverage-5.jpg\" alt=\"Investigaci\u00f3n y estrategia de mercado internacional de SIS\" title=\"Ready to Drink (RTD) Beverage (5)\" srcset=\"https:\/\/www.sisinternational.com\/wp-content\/uploads\/2025\/08\/Ready-to-Drink-RTD-Beverage-5.jpg 1456w, https:\/\/www.sisinternational.com\/wp-content\/uploads\/2025\/08\/Ready-to-Drink-RTD-Beverage-5-300x168.jpg 300w, https:\/\/www.sisinternational.com\/wp-content\/uploads\/2025\/08\/Ready-to-Drink-RTD-Beverage-5-1024x574.jpg 1024w, https:\/\/www.sisinternational.com\/wp-content\/uploads\/2025\/08\/Ready-to-Drink-RTD-Beverage-5-768x430.jpg 768w, https:\/\/www.sisinternational.com\/wp-content\/uploads\/2025\/08\/Ready-to-Drink-RTD-Beverage-5-18x10.jpg 18w\" sizes=\"auto, (max-width: 1456px) 100vw, 1456px\"><\/figure>\n\n\n\n<p><br>Los grupos de discusi\u00f3n sobre bebidas alcoh\u00f3licas refinan el desarrollo de productos y las estrategias de marca. Al interactuar directamente con los clientes objetivo, las empresas pueden obtener comentarios inmediatos sobre aspectos como el sabor, el empaque y la presentaci\u00f3n, lo cual es crucial para realizar ajustes antes de lanzar un producto al mercado en general.<\/p>\n\n\n\n<p>Los consumidores que participan en grupos de discusi\u00f3n sobre bebidas alcoh\u00f3licas aportan informaci\u00f3n real sobre c\u00f3mo los elementos de la marca, como logotipos, esl\u00f3ganes y combinaciones de colores, resuenan con sus percepciones de calidad y valor. Esta retroalimentaci\u00f3n ayuda a las marcas a crear una conexi\u00f3n m\u00e1s s\u00f3lida con su p\u00fablico objetivo, lo que garantiza que su mensaje y su identidad visual se alineen con las expectativas de los consumidores.<\/p>\n\n\n\n<p>Adem\u00e1s, estos grupos de discusi\u00f3n son una forma eficaz de evaluar el \u00e9xito de los dise\u00f1os de envases. Ya sea que un producto se posicione como de primera calidad, ecol\u00f3gico o de consumo masivo, los comentarios sobre el etiquetado, los materiales y la presentaci\u00f3n general pueden determinar la aceptaci\u00f3n de un producto en un mercado competitivo.&nbsp;<\/p>\n\n\n\n<h2 class=\"wp-block-heading\">Grupos de enfoque: bebidas alcoh\u00f3licas y no alcoh\u00f3licas<\/h2>\n\n\n\n<p>En un momento en que los consumidores buscan cada vez m\u00e1s alternativas m\u00e1s saludables, los grupos de discusi\u00f3n desempe\u00f1an un papel fundamental a la hora de orientar a las marcas en su incursi\u00f3n en nuevas categor\u00edas de productos, incluidas las opciones con bajo contenido de alcohol y sin alcohol. Al aprovechar estos grupos de discusi\u00f3n, las marcas pueden comprender mejor las motivaciones que hay detr\u00e1s de las decisiones de los consumidores, como la preferencia por la moderaci\u00f3n o las decisiones conscientes de la salud.<\/p>\n\n\n\n<p>En estas sesiones, los participantes comparten sus expectativas y preferencias para <a href=\"https:\/\/www.sisinternational.com\/es\/pericia\/industrias\/investigacion-de-mercado-de-bebidas-alcoholicas\/\">alcoh\u00f3lico<\/a> y ofertas sin alcohol. Los grupos de discusi\u00f3n sobre el alcohol permiten a las empresas probar sabores innovadores, evaluar el atractivo de las bebidas sin alcohol y explorar c\u00f3mo estas alternativas encajan en entornos sociales tradicionalmente dominados por las bebidas alcoh\u00f3licas.&nbsp;<\/p>\n\n\n\n<p>Adem\u00e1s, los grupos de discusi\u00f3n sobre el alcohol ayudan a las marcas a determinar c\u00f3mo comercializar estos nuevos productos, ya que ofrecen informaci\u00f3n sobre c\u00f3mo transmitir mensajes eficaces que destaquen los beneficios de las bebidas no alcoh\u00f3licas, como sus ventajas para la salud, sin alejar a los consumidores tradicionales de productos alcoh\u00f3licos.&nbsp;<\/p>\n\n\n\n<h2 class=\"wp-block-heading\">Consideraciones regulatorias y seguridad del consumidor<\/h2>\n\n\n\n<p>Un \u00e1rea clave es el etiquetado y las advertencias sanitarias asociadas con el alcohol. Los grupos de discusi\u00f3n brindan informaci\u00f3n sobre el grado de comprensi\u00f3n y respuesta de los consumidores a las etiquetas obligatorias sobre el contenido de alcohol, los l\u00edmites de consumo y los posibles riesgos para la salud. Esta informaci\u00f3n es esencial para que las marcas de bebidas alcoh\u00f3licas cumplan con los requisitos legales y mantengan una imagen de marca positiva.<\/p>\n\n\n\n<p>Adem\u00e1s, la seguridad del consumidor es una preocupaci\u00f3n creciente en la industria del alcohol, en particular con la creciente concienciaci\u00f3n sobre el consumo responsable. Los grupos de debate sobre el alcohol permiten a las marcas evaluar c\u00f3mo reaccionan los consumidores a las campa\u00f1as de seguridad, las advertencias sobre el consumo excesivo y los esfuerzos por promover la moderaci\u00f3n. Esta informaci\u00f3n ayuda a las empresas a equilibrar el cumplimiento normativo con las estrategias de marketing que se alinean con los objetivos de salud p\u00fablica.<\/p>\n\n\n\n<h2 class=\"wp-block-heading\">C\u00f3mo probar bebidas alcoh\u00f3licas y no alcoh\u00f3licas en grupos de discusi\u00f3n en Nueva York<\/h2>\n\n\n\n<figure class=\"gb-block-image gb-block-image-4f43a58b\"><img loading=\"lazy\" decoding=\"async\" width=\"1456\" height=\"816\" class=\"gb-image gb-image-4f43a58b\" src=\"https:\/\/www.sisinternational.com\/wp-content\/uploads\/2025\/08\/Alcoholic-beverage-2.jpg\" alt=\"Investigaci\u00f3n y estrategia de mercado internacional de SIS\" title=\"Alcoholic beverage (2)\" srcset=\"https:\/\/www.sisinternational.com\/wp-content\/uploads\/2025\/08\/Alcoholic-beverage-2.jpg 1456w, https:\/\/www.sisinternational.com\/wp-content\/uploads\/2025\/08\/Alcoholic-beverage-2-300x168.jpg 300w, https:\/\/www.sisinternational.com\/wp-content\/uploads\/2025\/08\/Alcoholic-beverage-2-1024x574.jpg 1024w, https:\/\/www.sisinternational.com\/wp-content\/uploads\/2025\/08\/Alcoholic-beverage-2-768x430.jpg 768w, https:\/\/www.sisinternational.com\/wp-content\/uploads\/2025\/08\/Alcoholic-beverage-2-18x10.jpg 18w\" sizes=\"auto, (max-width: 1456px) 100vw, 1456px\"><\/figure>\n\n\n\n<p><br>New York\u2019s diverse consumer base makes it an ideal location for testing <a href=\"https:\/\/www.sisinternational.com\/es\/soluciones\/soluciones-de-investigacion-cualitativa-cuantitativa\/pruebas-de-ubicacion-central-vs-grupos-focales\/\" title=\"Pruebas de ubicaci\u00f3n central vs. grupos focales\"  data-wpil-monitor-id=\"1600\">alcoholic and non-alcoholic beverages through focus<\/a> groups. It allows businesses to gather valuable insights on taste preferences, packaging appeal, marketing effectiveness, and product perception. Therefore, conducting focus groups in such a dynamic market enables companies to tailor their beverage offerings to meet local and national consumer expectations \u2013 and here\u2019s how businesses can effectively test their beverages in New York focus groups:<\/p>\n\n\n\n<h4 class=\"wp-block-heading\"><strong>1. Aprovechar la diversidad demogr\u00e1fica de Nueva York<\/strong><\/h4>\n\n\n\n<p>La poblaci\u00f3n de Nueva York ofrece varios segmentos demogr\u00e1ficos y de estilo de vida a los que las empresas de bebidas pueden dirigirse. Nueva York ofrece una muestra representativa de casi todos los perfiles de consumidores, desde consumidores preocupados por la salud interesados en bebidas sin alcohol hasta aquellos con preferencias por cervezas artesanales o licores de primera calidad. Al organizar grupos de discusi\u00f3n dirigidos a grupos espec\u00edficos, como los millennials, la generaci\u00f3n Z o los profesionales adinerados, las marcas pueden obtener informaci\u00f3n detallada sobre c\u00f3mo responden los diferentes grupos demogr\u00e1ficos a sus productos.<\/p>\n\n\n\n<h4 class=\"wp-block-heading\"><strong>2. Evaluar los perfiles de sabor y las preferencias gustativas<\/strong><\/h4>\n\n\n\n<p>Probar el sabor de las bebidas es fundamental para el \u00e9xito de los productos alcoh\u00f3licos y no alcoh\u00f3licos. Los grupos de discusi\u00f3n ofrecen un entorno ideal para las pruebas de sabor, donde los participantes pueden comparar diferentes sabores o formulaciones en un entorno controlado. En el caso de las bebidas alcoh\u00f3licas, las marcas pueden explorar las preferencias por distintos tipos de bebidas (como cervezas artesanales, vinos o licores) y determinar qu\u00e9 tan bien se compara su producto con el de la competencia. En el caso de las bebidas no alcoh\u00f3licas, las empresas pueden probar nuevas formulaciones de bebidas energ\u00e9ticas, jugos o bebidas saludables para ver c\u00f3mo resuenan los sabores en el p\u00fablico objetivo.&nbsp;<\/p>\n\n\n\n<h4 class=\"wp-block-heading\"><strong>3. Pruebe el dise\u00f1o del empaque y el atractivo de la marca<\/strong><\/h4>\n\n\n\n<p>Las empresas pueden presentar a los participantes distintos dise\u00f1os de etiquetas, formas de botellas y materiales de embalaje y recabar opiniones sobre lo que m\u00e1s les atrae. Esto es especialmente importante para las marcas que buscan atraer a consumidores conscientes del medio ambiente, ya que los grupos de discusi\u00f3n pueden revelar si las opciones de embalaje sostenibles tienen una influencia significativa en las decisiones de compra. Al comprender qu\u00e9 elementos visuales atraen a los neoyorquinos, las marcas pueden crear embalajes que destaquen en las estanter\u00edas en un mercado altamente competitivo.<\/p>\n\n\n\n<h4 class=\"wp-block-heading\"><strong>4. Evaluar las respuestas al marketing y al posicionamiento del producto<\/strong><\/h4>\n\n\n\n<p>Adem\u00e1s de probar las bebidas en s\u00ed, las empresas pueden utilizar grupos de discusi\u00f3n para evaluar en qu\u00e9 medida sus mensajes de marketing se alinean con las expectativas de los consumidores. Las marcas pueden presentar diversos conceptos publicitarios, esl\u00f3ganes y campa\u00f1as promocionales a los participantes y ver qu\u00e9 ideas resuenan con m\u00e1s fuerza. En el caso de las bebidas alcoh\u00f3licas, las marcas pueden probar c\u00f3mo se posiciona su producto, ya sea como un producto artesanal de primera calidad o como una opci\u00f3n asequible y de uso diario. Las bebidas no alcoh\u00f3licas pueden centrarse en mensajes que promueven la salud, afirmaciones sobre el aumento de la energ\u00eda o la alineaci\u00f3n con el estilo de vida.&nbsp;<\/p>\n\n\n\n<h4 class=\"wp-block-heading\"><strong>5. Cumplimiento de la normativa sobre alcohol<\/strong><\/h4>\n\n\n\n<p>Al probar bebidas alcoh\u00f3licas en grupos de discusi\u00f3n de Nueva York, es fundamental cumplir con las regulaciones locales y federales sobre el consumo y la publicidad de alcohol. Esto incluye asegurarse de que los participantes tengan la edad legal para beber y que cualquier grupo de discusi\u00f3n que involucre bebidas alcoh\u00f3licas cumpla con las pautas legales y de seguridad. Por otro lado, las bebidas no alcoh\u00f3licas ofrecen m\u00e1s flexibilidad, pero a\u00fan requieren atenci\u00f3n a las afirmaciones relacionadas con la salud y el cumplimiento de las normas de seguridad de alimentos y bebidas.<\/p>\n\n\n\n<h2 class=\"wp-block-heading\">C\u00f3mo los grupos de debate sobre el alcohol de SIS International ayudan a las empresas<\/h2>\n\n\n\n<p><a href=\"https:\/\/www.linkedin.com\/company\/sisinternationalresearch\/\" target=\"_blank\" rel=\"noopener\">SIS Internacional<\/a>Los grupos de discusi\u00f3n de &#039;s sobre el alcohol ofrecen a las empresas una herramienta poderosa para obtener informaci\u00f3n detallada sobre el comportamiento del consumidor, las preferencias de productos y las tendencias del mercado. Estos grupos de discusi\u00f3n permiten a las empresas interactuar directamente con sus audiencias objetivo y recopilar comentarios valiosos que ayudan a dar forma a sus estrategias comerciales.<\/p>\n\n\n<p>\n\n\n<\/p>\n<p style=\"padding-left: 40px;\"><strong>Informaci\u00f3n detallada del consumidor<br \/><br \/><\/strong>Los grupos de debate sobre el alcohol de SIS International ofrecen a las empresas una visi\u00f3n integral de las preferencias, los comportamientos y las actitudes de los consumidores, lo que les permite adaptar sus productos y estrategias de marketing para satisfacer mejor las demandas de su p\u00fablico objetivo.<\/p>\n<p style=\"padding-left: 40px;\">\n\n\n\n<\/p>\n<p style=\"padding-left: 40px;\"><strong>Riesgos minimizados en el lanzamiento de productos<\/strong><strong><br \/><\/strong><strong><br \/><\/strong>Al probar nuevos productos alcoh\u00f3licos y no alcoh\u00f3licos a trav\u00e9s de grupos focales, las empresas pueden refinar sus ofertas antes de su introducci\u00f3n en el mercado, reduciendo los riesgos de fracaso del producto y asegurando una mejor adaptaci\u00f3n al mercado.<\/p>\n<p style=\"padding-left: 40px;\">\n\n\n\n<\/p>\n<p style=\"padding-left: 40px;\"><strong>An\u00e1lisis regional personalizado<\/strong><strong><br \/><\/strong><strong><br \/><\/strong>La experiencia global de SIS International garantiza que los grupos focales est\u00e9n dise\u00f1ados para capturar las diferencias regionales, lo que permite a las empresas comprender y responder a las preferencias locales, las influencias culturales y los requisitos regulatorios.<\/p>\n<p style=\"padding-left: 40px;\">\n\n\n\n<\/p>\n<p style=\"padding-left: 40px;\"><strong>Posicionamiento de marca eficaz<\/strong><strong><br \/><\/strong><strong><br \/><\/strong>Con la orientaci\u00f3n de SIS, las empresas pueden probar y optimizar las estrategias de marca, garantizando que sus productos resuenen entre los consumidores y se destaquen en un mercado abarrotado.<\/p>\n<p style=\"padding-left: 40px;\">\n\n\n\n<\/p>\n<p style=\"padding-left: 40px;\"><strong>Comentarios \u00fatiles sobre campa\u00f1as de marketing<\/strong><strong><br \/><\/strong><strong><br \/><\/strong>Los grupos focales ofrecen retroalimentaci\u00f3n inmediata y relevante sobre publicidad, empaques y materiales promocionales, lo que permite a las empresas ajustar sus campa\u00f1as para lograr la m\u00e1xima efectividad.<\/p>\n<p style=\"padding-left: 40px;\">\n\n\n\n<\/p>\n<p style=\"padding-left: 40px;\"><strong>Orientaci\u00f3n estrat\u00e9gica de innovaci\u00f3n<br \/><br \/><\/strong>La experiencia de SIS International ayuda a las empresas a mantenerse a la vanguardia de las tendencias al identificar las necesidades y preferencias emergentes de los consumidores y fomentar la innovaci\u00f3n en bebidas alcoh\u00f3licas y no alcoh\u00f3licas.<\/p>\n<p style=\"padding-left: 40px;\">\n\n\n<\/p>\n\n\n<h2 class=\"wp-block-heading\">Acerca de SIS Internacional<\/h2>\n\n\n\n<p><a href=\"https:\/\/www.sisinternational.com\/es\/\">SIS Internacional<\/a> ofrece investigaci\u00f3n cuantitativa, cualitativa y estrat\u00e9gica. Proporcionamos datos, herramientas, estrategias, informes y conocimientos para la toma de decisiones. Tambi\u00e9n realizamos entrevistas, encuestas, grupos focales y otros m\u00e9todos y enfoques de investigaci\u00f3n de mercado.<a href=\"https:\/\/www.sisinternational.com\/es\/sobre-la-investigacion-internacional-de-sis\/contact-sis-international-market-research\/\"> P\u00f3ngase en contacto con nosotros<\/a> para su pr\u00f3ximo proyecto de Investigaci\u00f3n de Mercado.<\/p>","protected":false},"excerpt":{"rendered":"<p>Focus Groups on Alcohol: Alcoholic and Non-Alcoholic Beverages&nbsp; As preferences and trends shift, brands need to stay attuned to what their customers want \u2013 and focus groups on alcohol provide a powerful tool to gain in-depth insights into consumer preferences, motivations, and perceptions. Through these discussions, alcohol brands can better understand their target audience, explore &#8230; <a title=\"Grupos de discusi\u00f3n sobre el alcohol: bebidas alcoh\u00f3licas y no alcoh\u00f3licas\u00a0\" class=\"read-more\" href=\"https:\/\/www.sisinternational.com\/es\/soluciones\/grupos-de-enfoque\/grupos-de-discusion-sobre-el-alcohol\/\" aria-label=\"Leer m\u00e1s sobre Focus Groups on Alcohol: Alcoholic and Non-Alcoholic Beverages\u00a0\">Leer m\u00e1s<\/a><\/p>","protected":false},"author":1,"featured_media":63246,"parent":16287,"menu_order":5,"comment_status":"closed","ping_status":"closed","template":"","meta":{"footnotes":""},"class_list":["post-53727","page","type-page","status-publish","has-post-thumbnail"],"_links":{"self":[{"href":"https:\/\/www.sisinternational.com\/es\/wp-json\/wp\/v2\/pages\/53727","targetHints":{"allow":["GET"]}}],"collection":[{"href":"https:\/\/www.sisinternational.com\/es\/wp-json\/wp\/v2\/pages"}],"about":[{"href":"https:\/\/www.sisinternational.com\/es\/wp-json\/wp\/v2\/types\/page"}],"author":[{"embeddable":true,"href":"https:\/\/www.sisinternational.com\/es\/wp-json\/wp\/v2\/users\/1"}],"replies":[{"embeddable":true,"href":"https:\/\/www.sisinternational.com\/es\/wp-json\/wp\/v2\/comments?post=53727"}],"version-history":[{"count":9,"href":"https:\/\/www.sisinternational.com\/es\/wp-json\/wp\/v2\/pages\/53727\/revisions"}],"predecessor-version":[{"id":79531,"href":"https:\/\/www.sisinternational.com\/es\/wp-json\/wp\/v2\/pages\/53727\/revisions\/79531"}],"up":[{"embeddable":true,"href":"https:\/\/www.sisinternational.com\/es\/wp-json\/wp\/v2\/pages\/16287"}],"wp:featuredmedia":[{"embeddable":true,"href":"https:\/\/www.sisinternational.com\/es\/wp-json\/wp\/v2\/media\/63246"}],"wp:attachment":[{"href":"https:\/\/www.sisinternational.com\/es\/wp-json\/wp\/v2\/media?parent=53727"}],"curies":[{"name":"wp","href":"https:\/\/api.w.org\/{rel}","templated":true}]}}