{"id":53558,"date":"2024-10-10T23:22:10","date_gmt":"2024-10-11T03:22:10","guid":{"rendered":"https:\/\/www.sisinternational.com\/?page_id=53558"},"modified":"2026-03-12T20:08:05","modified_gmt":"2026-03-13T00:08:05","slug":"investigacion-de-mercado-sobre-el-modelo-de-valor-de-marca-basado-en-el-cliente","status":"publish","type":"page","link":"https:\/\/www.sisinternational.com\/es\/soluciones\/soluciones-de-branding-e-investigacion-de-clientes\/investigacion-de-mercado-sobre-el-modelo-de-valor-de-marca-basado-en-el-cliente\/","title":{"rendered":"Investigaci\u00f3n de mercado sobre el modelo de valor de marca basado en el cliente"},"content":{"rendered":"<h1 class=\"wp-block-heading\">Investigaci\u00f3n de mercado sobre el modelo de valor de marca basado en el cliente<\/h1>\n\n\n\n<figure class=\"gb-block-image gb-block-image-18432a91\"><img loading=\"lazy\" decoding=\"async\" width=\"1456\" height=\"816\" class=\"gb-image gb-image-18432a91\" src=\"https:\/\/www.sisinternational.com\/wp-content\/uploads\/2025\/08\/Retail-18.jpg\" alt=\"Investigaci\u00f3n y estrategia de mercado internacional de SIS\" title=\"Retail (18)\" srcset=\"https:\/\/www.sisinternational.com\/wp-content\/uploads\/2025\/08\/Retail-18.jpg 1456w, https:\/\/www.sisinternational.com\/wp-content\/uploads\/2025\/08\/Retail-18-300x168.jpg 300w, https:\/\/www.sisinternational.com\/wp-content\/uploads\/2025\/08\/Retail-18-1024x574.jpg 1024w, https:\/\/www.sisinternational.com\/wp-content\/uploads\/2025\/08\/Retail-18-768x430.jpg 768w, https:\/\/www.sisinternational.com\/wp-content\/uploads\/2025\/08\/Retail-18-18x10.jpg 18w\" sizes=\"auto, (max-width: 1456px) 100vw, 1456px\"><\/figure>\n\n\n\n<p><\/p>\n\n\n\n<p>\u00bfC\u00f3mo pueden las marcas asegurarse de que realmente conecten con sus clientes? El \u00e9xito de cualquier marca depende de la buena acogida que tenga en sus clientes: la investigaci\u00f3n de mercado basada en el valor de marca del cliente (CBBE, por sus siglas en ingl\u00e9s) permite a las empresas comprender los factores clave que dan forma a la percepci\u00f3n y la lealtad hacia la marca. Al centrarse en los conocimientos de los clientes, el modelo CBBE ayuda a las marcas a tomar decisiones basadas en datos que mejoran su ventaja competitiva e impulsan el \u00e9xito a largo plazo.<\/p>\n\n\n\n<h2 class=\"wp-block-heading\">\u00bfQu\u00e9 es el modelo de valor de marca basado en el cliente?<\/h2>\n\n\n\n<p>The CBBE model <a href=\"https:\/\/www.sisinternational.com\/es\/monitor-de-marca-de-neumaticos-ee-uu-alemania-brasil\/\" title=\"Investigaci\u00f3n de marcas de neum\u00e1ticos en EE. UU., Alemania y Brasil\"  data-wpil-monitor-id=\"6612\">market<\/a> research is a framework developed by marketing expert Kevin Keller to assess brand equity from customers&#8217; perspectives. It focuses on understanding how customers perceive a brand, their emotional connections to it, and the brand&#8217;s overall strength in their minds.&nbsp;<\/p>\n\n\n\n<p>El modelo CBBE se estructura en torno a cuatro componentes clave: conocimiento de la marca, asociaciones con la marca, calidad percibida y lealtad a la marca. Cada componente es crucial para determinar c\u00f3mo los clientes ven una marca y su disposici\u00f3n a interactuar con ella. Por ejemplo, el conocimiento de la marca representa el grado de familiaridad de los consumidores con la marca, mientras que las asociaciones con la marca se refieren a los atributos y valores que los consumidores vinculan con la marca. La calidad percibida es la forma en que los clientes juzgan la calidad de los productos o servicios de la marca, y la lealtad a la marca refleja el compromiso de los clientes con la marca.<\/p>\n\n\n\n<h2 class=\"wp-block-heading\">Entonces\u2026 \u00bfQu\u00e9 es la investigaci\u00f3n de mercado del modelo de valor de marca basado en el cliente?<\/h2>\n\n\n\n<p>CBBE model market <a href=\"https:\/\/www.sisinternational.com\/es\/pericia\/industrias\/investigacion-de-mercado-de-marca\/\" title=\"Investigaci\u00f3n de mercado de marca\"  data-wpil-monitor-id=\"6746\">investigaci\u00f3n<\/a> is a systematic approach to understanding how customers perceive and emotionally connect with a brand. It helps businesses measure their brand equity by focusing on four key elements: brand awareness, brand associations, perceived quality, and brand loyalty. Therefore, through effective market research using the CBBE model, companies can better understand what drives consumer behavior. This enables them to craft targeted strategies that resonate deeply with their audience and foster a thriving brand.<\/p>\n\n\n\n<h2 class=\"wp-block-heading\">\u00bfPor qu\u00e9 las empresas necesitan una investigaci\u00f3n de mercado del modelo de valor de marca basado en el cliente?<\/h2>\n\n\n\n<p>Companies face challenges such as increased competition, changing consumer behaviors, and the need to differentiate themselves effectively. CBBE model <a href=\"https:\/\/www.sisinternational.com\/es\/pericia\/industrias\/estudio-de-mercado-de-cableado-estructurado\/\" title=\"Investigaci\u00f3n de mercado de cableado estructurado\"  data-wpil-monitor-id=\"5741\">market research provides businesses with a structured<\/a> approach to understanding the emotional and rational factors influencing customer loyalty, brand awareness, and overall brand perception. By leveraging insights from CBBE market research, businesses can identify opportunities to enhance brand loyalty, build stronger customer relationships, and differentiate their brand from competitors.&nbsp;<\/p>\n\n\n\n<p>The CBBE model also helps companies understand customer expectations, allowing them to create targeted marketing strategies that resonate with their audience and foster brand growth. Finally, CBBE model <a href=\"https:\/\/www.sisinternational.com\/es\/pericia\/industrias\/investigacion-de-mercado-de-herramientas-electricas\/\" title=\"Investigaci\u00f3n de mercado de herramientas el\u00e9ctricas\"  data-wpil-monitor-id=\"4062\">market research is a powerful<\/a> tool for businesses to strengthen their brand equity and gain a competitive edge.<\/p>\n\n\n\n<h2 class=\"wp-block-heading\">Beneficios de utilizar el modelo de valor de marca basado en el cliente Investigaci\u00f3n de mercado<\/h2>\n\n\n\n<p>Understanding the benefits of CBBE model market research is crucial for companies aiming to <a href=\"https:\/\/www.sisinternational.com\/es\/creando-una-marca-global-para-china\/\" title=\"Construyendo marcas chinas\"  data-wpil-monitor-id=\"3649\">build a strong and competitive brand<\/a>. By leveraging the CBBE model, businesses can gain valuable insights into customer perceptions and create targeted strategies that foster brand loyalty, improve marketing efficiency, and drive growth.<\/p>\n\n\n\n<p><\/p>\n\n\n\n<figure class=\"gb-block-image gb-block-image-2b3067f8\"><img loading=\"lazy\" decoding=\"async\" width=\"1024\" height=\"579\" class=\"gb-image gb-image-2b3067f8\" src=\"https:\/\/www.sisinternational.com\/wp-content\/uploads\/2024\/11\/Customer-brand-equity-model-1024x579.png\" alt=\"Investigaci\u00f3n y estrategia de mercado internacional de SIS\" title=\"Modelo de valor de marca del cliente\" srcset=\"https:\/\/www.sisinternational.com\/wp-content\/uploads\/2024\/11\/Customer-brand-equity-model-1024x579.png 1024w, https:\/\/www.sisinternational.com\/wp-content\/uploads\/2024\/11\/Customer-brand-equity-model-300x170.png 300w, https:\/\/www.sisinternational.com\/wp-content\/uploads\/2024\/11\/Customer-brand-equity-model-768x434.png 768w, https:\/\/www.sisinternational.com\/wp-content\/uploads\/2024\/11\/Customer-brand-equity-model-1536x869.png 1536w, https:\/\/www.sisinternational.com\/wp-content\/uploads\/2024\/11\/Customer-brand-equity-model-2048x1158.png 2048w, https:\/\/www.sisinternational.com\/wp-content\/uploads\/2024\/11\/Customer-brand-equity-model-18x10.png 18w\" sizes=\"auto, (max-width: 1024px) 100vw, 1024px\"><\/figure>\n\n\n\n<p><\/p>\n\n\n\n<ul class=\"wp-block-list\">\n<li><strong>Posicionamiento de marca mejorado<\/strong>:Proporciona informaci\u00f3n sobre las necesidades y preferencias de los clientes, lo que permite a las empresas desarrollar estrategias espec\u00edficas que fomenten conexiones m\u00e1s s\u00f3lidas con su audiencia.<\/li>\n\n\n\n<li><strong>Mayor lealtad a la marca<\/strong>:Este servicio ayuda a las empresas a aumentar la lealtad a la marca al comprender las percepciones de los clientes y adaptar las estrategias para satisfacer sus expectativas.<\/li>\n\n\n\n<li><strong>Mayor satisfacci\u00f3n del cliente<\/strong>Al abordar de manera m\u00e1s eficaz las necesidades de los clientes, las empresas pueden mejorar la satisfacci\u00f3n general del cliente, lo que genera lealtad a largo plazo.<\/li>\n\n\n\n<li><strong>Informaci\u00f3n procesable<\/strong>:El modelo CBBE proporciona informaci\u00f3n pr\u00e1ctica que ayuda a las empresas a identificar \u00e1reas de mejora y aprovechar las fortalezas de su marca.<\/li>\n\n\n\n<li><strong>Ventaja competitiva<\/strong>Al comprender los impulsores clave del valor de marca, las empresas pueden obtener una ventaja competitiva en su industria y diferenciarse de sus competidores.<\/li>\n\n\n\n<li><strong>Estrategias de marketing efectivas<\/strong>:Permite la creaci\u00f3n de campa\u00f1as de marketing m\u00e1s efectivas que resuenan profundamente con el p\u00fablico objetivo, impulsando un mayor compromiso y conversiones.<br><\/li>\n<\/ul>\n\n\n<div class=\"gb-container gb-container-938cdc8f\">\n\n<h2 class=\"wp-block-heading\">\u00bfQui\u00e9n necesita una investigaci\u00f3n de mercado sobre el modelo de valor de marca basado en el cliente?<\/h2>\n\n<\/div>\n\n\n<figure class=\"gb-block-image gb-block-image-1768847c\"><img loading=\"lazy\" decoding=\"async\" width=\"1456\" height=\"816\" class=\"gb-image gb-image-1768847c\" src=\"https:\/\/www.sisinternational.com\/wp-content\/uploads\/2025\/08\/Retail-26.jpg\" alt=\"Investigaci\u00f3n y estrategia de mercado internacional de SIS\" title=\"Retail (26)\" srcset=\"https:\/\/www.sisinternational.com\/wp-content\/uploads\/2025\/08\/Retail-26.jpg 1456w, https:\/\/www.sisinternational.com\/wp-content\/uploads\/2025\/08\/Retail-26-300x168.jpg 300w, https:\/\/www.sisinternational.com\/wp-content\/uploads\/2025\/08\/Retail-26-1024x574.jpg 1024w, https:\/\/www.sisinternational.com\/wp-content\/uploads\/2025\/08\/Retail-26-768x430.jpg 768w, https:\/\/www.sisinternational.com\/wp-content\/uploads\/2025\/08\/Retail-26-18x10.jpg 18w\" sizes=\"auto, (max-width: 1456px) 100vw, 1456px\"><\/figure>\n\n\n\n<p><br>La investigaci\u00f3n de mercado con el modelo CBBE es esencial para las empresas de todos los tama\u00f1os que buscan construir una conexi\u00f3n s\u00f3lida con sus clientes y diferenciarse en un mercado abarrotado. Este modelo es especialmente valioso para las empresas que buscan ingresar a nuevos mercados, lanzar nuevos productos o mejorar el posicionamiento de su marca. Ayuda a las empresas a comprender las percepciones de los consumidores, evaluar la lealtad a la marca e identificar oportunidades para mejorar el valor de la marca. Ya sea que una empresa est\u00e9 tratando de establecerse en una nueva regi\u00f3n o fortalecer su presencia en el mercado, la investigaci\u00f3n de mercado con el modelo CBBE proporciona los conocimientos cr\u00edticos necesarios para crear estrategias efectivas que conduzcan a una entrada exitosa al mercado y la participaci\u00f3n del cliente.<\/p>\n\n\n\n<p>For instance, companies entering a new region can use customer-based brand equity model <a href=\"https:\/\/www.sisinternational.com\/es\/soluciones\/soluciones-de-investigacion-cualitativa-cuantitativa\/enhancing-product-appeal-through-consumer-choice-modeling\/\" title=\"Consumer Choice Modeling\"  data-wpil-monitor-id=\"1197\">investigaci\u00f3n de mercado<\/a> to identify key factors that matter to local consumers, ensuring that their brand message aligns with local expectations. Similarly, businesses launching new products can benefit from understanding customer perceptions to effectively position their offerings in the marketplace. Yet, any company aiming to strengthen its <a href=\"https:\/\/www.sisinternational.com\/es\/corte-fino-en-marketing-una-revision-de-parpadeo\/\" title=\"Rebanadas finas en marketing: rese\u00f1a del libro &quot;Blink&quot;\"  data-wpil-monitor-id=\"1619\">brand equity<\/a> and build lasting customer relationships will find significant value in CBBE model market research.&nbsp;<\/p>\n\n\n\n<h2 class=\"wp-block-heading\">C\u00f3mo funciona la investigaci\u00f3n de mercado basada en el modelo de valor de marca basado en el cliente<\/h2>\n\n\n\n<p>La investigaci\u00f3n de mercado con el modelo CBBE generalmente implica una combinaci\u00f3n de m\u00e9todos cuantitativos y cualitativos para recopilar informaci\u00f3n completa. Las herramientas clave que se utilizan en la investigaci\u00f3n con el modelo CBBE incluyen encuestas, grupos de discusi\u00f3n y an\u00e1lisis de sentimientos, todos dise\u00f1ados para captar c\u00f3mo los clientes perciben la marca, sus asociaciones y su lealtad.<\/p>\n\n\n\n<ul class=\"wp-block-list\">\n<li><strong>Encuestas<\/strong>:Las encuestas recopilan datos de los clientes y brindan informaci\u00f3n mensurable sobre el conocimiento de la marca, la calidad percibida y la lealtad. Las preguntas est\u00e1n dise\u00f1adas para evaluar diferentes aspectos del modelo CBBE, como el grado de reconocimiento de la marca por parte de los clientes y su nivel de satisfacci\u00f3n con sus ofertas.<\/li>\n\n\n\n<li><strong>Grupos de discusi\u00f3n<\/strong>:Los focus groups brindan informaci\u00f3n m\u00e1s profunda y cualitativa al involucrar a los clientes en debates sobre sus sentimientos hacia la marca. Estas sesiones ayudan a descubrir conexiones emocionales, asociaciones y percepciones que podr\u00edan no ser evidentes solo con los datos de la encuesta.<\/li>\n\n\n\n<li><strong>An\u00e1lisis de sentimientos<\/strong>:El an\u00e1lisis de sentimientos, que suele realizarse a trav\u00e9s del seguimiento de las redes sociales y el an\u00e1lisis de las rese\u00f1as, ayuda a las empresas a comprender las emociones y los sentimientos de los clientes sobre la marca en l\u00ednea. Esta herramienta proporciona una visi\u00f3n en tiempo real de las percepciones de los clientes y ayuda a identificar asociaciones tanto positivas como negativas con la marca.<br><\/li>\n<\/ul>\n\n\n\n<h2 class=\"wp-block-heading\">Indicadores de mercado<\/h2>\n\n\n\n<figure class=\"gb-block-image gb-block-image-9752bcdf\"><img loading=\"lazy\" decoding=\"async\" width=\"1456\" height=\"816\" class=\"gb-image gb-image-9752bcdf\" src=\"https:\/\/www.sisinternational.com\/wp-content\/uploads\/2025\/09\/Research-2.jpg\" alt=\"Investigaci\u00f3n y estrategia de mercado internacional de SIS\" title=\"Research (2)\" srcset=\"https:\/\/www.sisinternational.com\/wp-content\/uploads\/2025\/09\/Research-2.jpg 1456w, https:\/\/www.sisinternational.com\/wp-content\/uploads\/2025\/09\/Research-2-300x168.jpg 300w, https:\/\/www.sisinternational.com\/wp-content\/uploads\/2025\/09\/Research-2-1024x574.jpg 1024w, https:\/\/www.sisinternational.com\/wp-content\/uploads\/2025\/09\/Research-2-768x430.jpg 768w, https:\/\/www.sisinternational.com\/wp-content\/uploads\/2025\/09\/Research-2-18x10.jpg 18w\" sizes=\"auto, (max-width: 1456px) 100vw, 1456px\"><\/figure>\n\n\n\n<p><br>One key <a href=\"https:\/\/www.sisinternational.com\/es\/pericia\/industrias\/estudio-de-mercado-de-iluminacion-automotriz\/que-importancia-tiene-el-ada-para-los-conductores-de-automoviles\/\" title=\"\u00bfQu\u00e9 importancia tiene el ADAS para los conductores de autom\u00f3viles?\"  data-wpil-monitor-id=\"1878\">driver is the growing importance<\/a> of customer-centric strategies in today&#8217;s competitive market. Companies must understand what their customers want and value to create meaningful connections. Another significant driver is the need for differentiation\u2014brands need to stand out from their competition, and CBBE model market research provides the insights required to craft unique brand messages.&nbsp;<\/p>\n\n\n\n<p>Por \u00faltimo, el creciente \u00e9nfasis en las conexiones emocionales en la toma de decisiones de los consumidores es un poderoso factor impulsor. Las marcas que aprovechan con \u00e9xito los aspectos emocionales de las relaciones con los clientes tienen m\u00e1s probabilidades de fomentar la lealtad y crear valor a largo plazo.&nbsp;<\/p>\n\n\n\n<h2 class=\"wp-block-heading\">Restricciones del mercado<\/h2>\n\n\n\n<p>Si bien la investigaci\u00f3n de mercado del modelo CBBE ofrece numerosas ventajas, tambi\u00e9n presenta ciertos desaf\u00edos o limitaciones. Una de las principales limitaciones es el costo. Realizar una investigaci\u00f3n de mercado integral del modelo CBBE requiere una inversi\u00f3n financiera significativa, lo que puede ser una barrera para las empresas m\u00e1s peque\u00f1as.&nbsp;<\/p>\n\n\n\n<p>Another major restraint is data privacy. With the increasing focus on consumer privacy and data protection regulations, companies must be careful in gathering and handling customer information for customer-based <a href=\"https:\/\/www.sisinternational.com\/es\/que-son-las-relaciones-publicas\/\" title=\"Relaciones P\u00fablicas e Investigaci\u00f3n de Mercados\"  data-wpil-monitor-id=\"2246\">brand equity model market research<\/a>. Additionally, there is the need for expertise required for nuanced analysis\u2014interpreting the insights from CBBE research requires a deep understanding of both the brand and consumer behavior, which can be resource-intensive.&nbsp;<\/p>\n\n\n\n<h2 class=\"wp-block-heading\">C\u00f3mo la investigaci\u00f3n de mercado de SIS International sobre valor de marca basado en el cliente ayuda a las empresas&nbsp;<\/h2>\n\n\n\n<p><a href=\"https:\/\/www.linkedin.com\/company\/sisinternationalresearch\/\" target=\"_blank\" rel=\"noopener\">SIS Internacional<\/a> Proporciona un modelo CBBE integral <a href=\"https:\/\/www.linkedin.com\/pulse\/how-market-research-enables-growth-ruth-stanat-phekf\/\" target=\"_blank\" rel=\"noopener\">investigaci\u00f3n de mercado<\/a> servicios que ayudan a las empresas a comprender y mejorar el valor de su marca.<\/p>\n\n\n\n<ul class=\"wp-block-list\">\n<li><strong>Planificaci\u00f3n estrat\u00e9gica mejorada:<\/strong> Con los conocimientos de investigaci\u00f3n de mercado del modelo CBBE, las empresas pueden perfeccionar sus estrategias para alinearlas con las necesidades y expectativas de los clientes.<\/li>\n\n\n\n<li><strong>Mayores ingresos:<\/strong> Comprender las percepciones de los clientes permite a las empresas desarrollar productos y campa\u00f1as de marketing que tengan resonancia, lo que genera mayores ventas.<\/li>\n\n\n\n<li><strong>La reducci\u00f3n de riesgos:<\/strong> Identificar de manera temprana las debilidades en la percepci\u00f3n de la marca ayuda a mitigar los riesgos antes de que afecten el resultado final.<\/li>\n\n\n\n<li><a href=\"https:\/\/www.sisinternational.com\/es\/pericia\/industrias\/investigacion-de-mercado-de-ferreteria\/\" title=\"Investigaci\u00f3n de mercado de ferreter\u00eda y mejoras para el hogar\" data-wpil-monitor-id=\"7063\">Improved Marketing Efficiency: CBBE model market research<\/a> provides targeted insights, enabling businesses to focus their marketing efforts where they will have the greatest impact and increase efficiency.<\/li>\n\n\n\n<li><strong>Crecimiento acelerado e innovaci\u00f3n:<\/strong> Al comprender las necesidades de los clientes, las empresas pueden innovar de manera m\u00e1s efectiva e impulsar el crecimiento.<\/li>\n\n\n\n<li><strong>ROI mejorado:<\/strong> Investing in CBBE model market research leads to better decision-making and higher returns on marketing investments. Work together to provide Customer-based <a href=\"https:\/\/www.sisinternational.com\/es\/garantizar-que-los-clientes-recuerden-su-mensaje\/\" title=\"Investigaci\u00f3n de Mercado de Activaci\u00f3n de Marca\" data-wpil-monitor-id=\"2267\">brand equity model market research<\/a>.<br><\/li>\n<\/ul>\n\n\n\n<h2 class=\"wp-block-heading\">Acerca de SIS Internacional<\/h2>\n\n\n\n<p><a href=\"https:\/\/www.sisinternational.com\/es\/\">SIS Internacional<\/a> ofrece investigaci\u00f3n cuantitativa, cualitativa y estrat\u00e9gica. Proporcionamos datos, herramientas, estrategias, informes y conocimientos para la toma de decisiones. Tambi\u00e9n realizamos entrevistas, encuestas, grupos focales y otros m\u00e9todos y enfoques de investigaci\u00f3n de mercado. <a href=\"https:\/\/www.sisinternational.com\/es\/sobre-la-investigacion-internacional-de-sis\/contact-sis-international-market-research\/\">P\u00f3ngase en contacto con nosotros<\/a> para su pr\u00f3ximo proyecto de Investigaci\u00f3n de Mercado.<\/p>","protected":false},"excerpt":{"rendered":"<p>Customer-Based Brand Equity Model Market Research How can brands ensure they truly resonate with their customers? The success of any brand hinges on how well it resonates with its customers \u2013 customer-based brand equity (CBBE) model market research enables companies to understand the key factors that shape brand perception and loyalty. By focusing on customer &#8230; <a title=\"Investigaci\u00f3n de mercado sobre el modelo de valor de marca basado en el cliente\" class=\"read-more\" href=\"https:\/\/www.sisinternational.com\/es\/soluciones\/soluciones-de-branding-e-investigacion-de-clientes\/investigacion-de-mercado-sobre-el-modelo-de-valor-de-marca-basado-en-el-cliente\/\" aria-label=\"Leer m\u00e1s sobre Customer-Based Brand Equity Model Market Research\">Leer m\u00e1s<\/a><\/p>","protected":false},"author":1,"featured_media":62493,"parent":14650,"menu_order":470,"comment_status":"closed","ping_status":"closed","template":"","meta":{"footnotes":""},"class_list":["post-53558","page","type-page","status-publish","has-post-thumbnail"],"_links":{"self":[{"href":"https:\/\/www.sisinternational.com\/es\/wp-json\/wp\/v2\/pages\/53558","targetHints":{"allow":["GET"]}}],"collection":[{"href":"https:\/\/www.sisinternational.com\/es\/wp-json\/wp\/v2\/pages"}],"about":[{"href":"https:\/\/www.sisinternational.com\/es\/wp-json\/wp\/v2\/types\/page"}],"author":[{"embeddable":true,"href":"https:\/\/www.sisinternational.com\/es\/wp-json\/wp\/v2\/users\/1"}],"replies":[{"embeddable":true,"href":"https:\/\/www.sisinternational.com\/es\/wp-json\/wp\/v2\/comments?post=53558"}],"version-history":[{"count":16,"href":"https:\/\/www.sisinternational.com\/es\/wp-json\/wp\/v2\/pages\/53558\/revisions"}],"predecessor-version":[{"id":80627,"href":"https:\/\/www.sisinternational.com\/es\/wp-json\/wp\/v2\/pages\/53558\/revisions\/80627"}],"up":[{"embeddable":true,"href":"https:\/\/www.sisinternational.com\/es\/wp-json\/wp\/v2\/pages\/14650"}],"wp:featuredmedia":[{"embeddable":true,"href":"https:\/\/www.sisinternational.com\/es\/wp-json\/wp\/v2\/media\/62493"}],"wp:attachment":[{"href":"https:\/\/www.sisinternational.com\/es\/wp-json\/wp\/v2\/media?parent=53558"}],"curies":[{"name":"wp","href":"https:\/\/api.w.org\/{rel}","templated":true}]}}