{"id":48141,"date":"2024-05-08T16:15:13","date_gmt":"2024-05-08T20:15:13","guid":{"rendered":"https:\/\/www.sisinternational.com\/?page_id=48141"},"modified":"2026-03-12T13:14:51","modified_gmt":"2026-03-12T17:14:51","slug":"estudio-de-mercado-de-restaurantes-chinos","status":"publish","type":"page","link":"https:\/\/www.sisinternational.com\/es\/soluciones\/investigacion-de-mercado-de-la-industria-de-alimentos-y-bebidas\/estudio-de-mercado-de-restaurantes-chinos\/","title":{"rendered":"Investigaci\u00f3n de mercado de restaurantes chinos"},"content":{"rendered":"<h1 class=\"wp-block-heading\">Investigaci\u00f3n de mercado de restaurantes chinos<\/h1>\n\n\n\n<figure class=\"gb-block-image gb-block-image-8be8887c\"><img loading=\"lazy\" decoding=\"async\" width=\"1456\" height=\"816\" class=\"gb-image gb-image-8be8887c\" src=\"https:\/\/www.sisinternational.com\/wp-content\/uploads\/2025\/09\/Chinese-American-5.jpg\" alt=\"Investigaci\u00f3n y estrategia de mercado internacional de SIS\" title=\"Chinese American (5)\" srcset=\"https:\/\/www.sisinternational.com\/wp-content\/uploads\/2025\/09\/Chinese-American-5.jpg 1456w, https:\/\/www.sisinternational.com\/wp-content\/uploads\/2025\/09\/Chinese-American-5-300x168.jpg 300w, https:\/\/www.sisinternational.com\/wp-content\/uploads\/2025\/09\/Chinese-American-5-1024x574.jpg 1024w, https:\/\/www.sisinternational.com\/wp-content\/uploads\/2025\/09\/Chinese-American-5-768x430.jpg 768w, https:\/\/www.sisinternational.com\/wp-content\/uploads\/2025\/09\/Chinese-American-5-18x10.jpg 18w\" sizes=\"auto, (max-width: 1456px) 100vw, 1456px\"><\/figure>\n\n\n\n<p><\/p>\n\n\n\n<hr class=\"wp-block-separator has-alpha-channel-opacity is-style-dots\"\/>\n\n\n\n<blockquote class=\"wp-block-quote is-layout-flow wp-block-quote-is-layout-flow\">\n<p>La investigaci\u00f3n del mercado de restaurantes chinos sirve como br\u00fajula estrat\u00e9gica para los restauradores, guiando los procesos de toma de decisiones en diversas facetas de las operaciones comerciales.<\/p>\n<\/blockquote>\n\n\n\n<p>The Chinese restaurant market is a vibrant ecosystem, blending tradition with innovation to cater to diners&#8217; ever-evolving preferences. They offer a gastronomic journey steeped in history and authenticity\u2026 But what truly sets apart the thriving Chinese restaurant industry, and what insights can market research provide to businesses seeking to navigate this dynamic landscape? Chinese <a href=\"https:\/\/www.sisinternational.com\/es\/pericia\/industrias\/investigacion-de-mercado-de-restaurantes-informales-y-rapidos\/\" title=\"Investigaci\u00f3n de mercado de restaurantes informales r\u00e1pidos\"  data-wpil-monitor-id=\"5917\">restaurant market research<\/a> is usually the answer.<\/p>\n\n\n\n<h2 class=\"wp-block-heading\">\u00bfQu\u00e9 es la investigaci\u00f3n de mercado de restaurantes chinos?<\/h2>\n\n\n\n<p class=\"p2\">La investigaci\u00f3n del mercado de restaurantes chinos proporciona informaci\u00f3n valiosa sobre la evoluci\u00f3n de los gustos y expectativas de los comensales. Examina la din\u00e1mica del mercado, incluido el surgimiento de nuevas tendencias culinarias, el impacto de las influencias culturales y las estrategias competitivas que adoptan los restaurantes chinos para diferenciarse en el mercado.<\/p>\n\n\n\n<p class=\"p2\">Este <a href=\"https:\/\/www.sisinternational.com\/es\/reclutar-y-retener-a-los-millennials-en-el-lugar-de-trabajo\/\" title=\"Investigaci\u00f3n de mercado de empleados milenarios\"  data-wpil-monitor-id=\"7556\">market research helps businesses understand consumer<\/a> preferences, such as favorite dishes, dining occasions, and service expectations. By understanding these preferences, restaurants can tailor their menus, ambiance, and services to better cater to the desires of their target audience.<\/p>\n\n\n\n<p class=\"p2\">Adem\u00e1s, la investigaci\u00f3n del mercado de restaurantes chinos permite a las empresas mantenerse al tanto de estas tendencias, mantener la relevancia y atraer nuevos clientes. Sin embargo, trae algunos otros beneficios, como:<\/p>\n\n\n\n<ul class=\"wp-block-list\">\n<li><span class=\"s1\"><b>Identificar oportunidades de crecimiento<\/b>: La investigaci\u00f3n del mercado de restaurantes chinos identifica oportunidades de crecimiento dentro del mercado, como tendencias alimentarias emergentes, segmentos de clientes sin explotar o nuevas ubicaciones para la expansi\u00f3n.<\/span><\/li>\n\n\n\n<li><span class=\"s1\"><b>Mejorar el posicionamiento competitivo<\/b>: A trav\u00e9s de la investigaci\u00f3n de mercado de restaurantes chinos, los restaurantes chinos pueden analizar las fortalezas y debilidades, las estrategias de precios y las t\u00e1cticas de marketing de sus competidores.<\/span><\/li>\n\n\n\n<li><span class=\"s1\"><b>Mejora de la eficiencia operativa<\/b>: La investigaci\u00f3n de mercado de restaurantes chinos puede descubrir ineficiencias en las operaciones de los restaurantes, como largos tiempos de espera, cuellos de botella en la cocina o niveles de personal ineficaces.<\/span><\/li>\n\n\n\n<li><span class=\"s1\"><b>Optimizaci\u00f3n de estrategias de marketing<\/b>: By understanding consumer preferences and behavior, Chinese <a href=\"https:\/\/www.sisinternational.com\/es\/soluciones\/consultoria-de-hosteleria-y-turismo-en-viajes\/consultoria-de-marketing-para-restaurantes-en-la-azotea\/\" title=\"Consultor\u00eda de marketing para restaurantes en la azotea\"  data-wpil-monitor-id=\"4530\">restaurants can develop targeted marketing<\/a> campaigns that resonate with their target audience. <\/span><\/li>\n<\/ul>\n\n\n\n<h2 class=\"wp-block-heading\">Cu\u00e1ndo realizar una investigaci\u00f3n de mercado de restaurantes chinos<\/h2>\n\n\n\n<ul class=\"wp-block-list\">\n<li><b>Lanzamiento de un nuevo restaurante<\/b>: Antes de abrir un nuevo restaurante chino, es esencial realizar una investigaci\u00f3n de mercado para evaluar la demanda de cocina china en el lugar de destino, comprender el panorama competitivo e identificar posibles desaf\u00edos y oportunidades.<\/li>\n\n\n\n<li><b>Men\u00fa ampliado o diversificado<\/b>: Los restaurantes chinos que buscan ampliar su oferta de men\u00fa o introducir nuevos platos pueden beneficiarse de la investigaci\u00f3n de mercado para medir el inter\u00e9s y las preferencias de los clientes. Al realizar encuestas, grupos focales o pruebas de sabor, los restaurantes pueden recopilar comentarios de su p\u00fablico objetivo e identificar qu\u00e9 elementos del men\u00fa tienen m\u00e1s probabilidades de resonar entre los clientes.<\/li>\n\n\n\n<li><b>Evaluaci\u00f3n de la satisfacci\u00f3n del cliente<\/b>: Los restaurantes chinos deben evaluar peri\u00f3dicamente la satisfacci\u00f3n del cliente mediante encuestas, formularios de comentarios o rese\u00f1as en l\u00ednea para mantener un servicio de alta calidad y abordar cualquier problema con prontitud. La investigaci\u00f3n de mercado de restaurantes chinos ayuda a los restaurantes a identificar \u00e1reas de mejora, medir la lealtad de los clientes y realizar un seguimiento de los cambios en las preferencias de los clientes a lo largo del tiempo.<\/li>\n\n\n\n<li><b>Planificaci\u00f3n de campa\u00f1as de marketing<\/b>: Antes de lanzar campa\u00f1as o promociones de marketing, los restaurantes chinos deben realizar estudios de mercado para identificar su p\u00fablico objetivo, comprender sus preferencias y determinar los canales de marketing m\u00e1s eficaces. La investigaci\u00f3n del mercado de restaurantes chinos garantiza que los esfuerzos de marketing sean espec\u00edficos, relevantes y que probablemente produzcan un retorno de la inversi\u00f3n positivo.<\/li>\n<\/ul>\n\n\n\n<h2 class=\"wp-block-heading\">Preguntas que debe hacerse antes de realizar una investigaci\u00f3n de mercado de restaurantes chinos<\/h2>\n\n\n\n<ul class=\"wp-block-list\">\n<li><b>P\u00fablico objetivo<\/b>: \u00bfQui\u00e9nes son los principales clientes de la cocina china en el lugar de destino? \u00bfQu\u00e9 caracter\u00edsticas demogr\u00e1ficas tienen, como edad, g\u00e9nero, nivel de ingresos y ocupaci\u00f3n? \u00bfExisten segmentos espec\u00edficos dentro del p\u00fablico objetivo en los que el restaurante deber\u00eda centrarse?<\/li>\n\n\n\n<li><b>Panorama competitivo<\/b>: \u00bfQu\u00e9 otros restaurantes chinos operan all\u00ed y qu\u00e9 los distingue? \u00bfC\u00f3mo se posicionan en cuanto a precio, calidad, ambiente y servicio? \u00bfCu\u00e1les son sus fortalezas y debilidades y qu\u00e9 oportunidades existen para que el restaurante se diferencie?<\/li>\n\n\n\n<li><b>Preferencias de men\u00fa<\/b>: \u00bfCu\u00e1les son los platos chinos m\u00e1s populares entre los clientes de la ubicaci\u00f3n de destino? \u00bfExisten tendencias alimentarias emergentes o preferencias diet\u00e9ticas que el restaurante deber\u00eda considerar al dise\u00f1ar su men\u00fa? \u00bfC\u00f3mo piensa el restaurante equilibrar la autenticidad con la adaptaci\u00f3n a los gustos locales?<\/li>\n\n\n\n<li><b>Consideraciones de ubicaci\u00f3n<\/b>: \u00bfCu\u00e1l es la ubicaci\u00f3n \u00f3ptima para el restaurante chino, considerando factores como el tr\u00e1fico peatonal, la visibilidad, la accesibilidad, la disponibilidad de estacionamiento y la proximidad a la competencia? \u00bfC\u00f3mo planea el restaurante crear un ambiente acogedor y culturalmente aut\u00e9ntico para atraer y retener clientes?<\/li>\n\n\n\n<li><b>M\u00e1rketing y promoci\u00f3n<\/b>: \u00bfQu\u00e9 estrategias y canales de marketing son m\u00e1s eficaces para llegar al p\u00fablico objetivo? \u00bfC\u00f3mo planea el restaurante aprovechar las redes sociales, las plataformas en l\u00ednea, las asociaciones locales y la publicidad tradicional para promocionar sus ofertas? \u00bfQu\u00e9 ofertas promocionales o incentivos pueden atraer nuevos clientes y fomentar la repetici\u00f3n de negocios?<\/li>\n\n\n\n<li><b>Consideraciones operativas<\/b>: \u00bfCu\u00e1les son los desaf\u00edos operativos clave y las consideraciones para administrar un restaurante chino exitoso, como obtener ingredientes aut\u00e9nticos, mantener la calidad y consistencia de los alimentos, administrar al personal y optimizar la experiencia gastron\u00f3mica? \u00bfC\u00f3mo planea el restaurante abordar estos desaf\u00edos y garantizar operaciones fluidas?<\/li>\n\n\n\n<li><b>Experiencia del cliente<\/b>: \u00bfC\u00f3mo planea el restaurante ofrecer una experiencia excepcional al cliente que supere las expectativas y fomente la lealtad? \u00bfQu\u00e9 medidas se implementar\u00e1n para solicitar y responder a los comentarios de los clientes, resolver los problemas con prontitud y mejorar continuamente la calidad del servicio?<\/li>\n<\/ul>\n\n\n\n<h2 class=\"wp-block-heading\">Resultados esperados de la investigaci\u00f3n de mercado de restaurantes chinos de SIS International<\/h2>\n\n\n\n<figure class=\"gb-block-image gb-block-image-8be7f0a3\"><img loading=\"lazy\" decoding=\"async\" width=\"1456\" height=\"816\" class=\"gb-image gb-image-8be7f0a3\" src=\"https:\/\/www.sisinternational.com\/wp-content\/uploads\/2025\/08\/Chinese-restaurant-5.jpg\" alt=\"Investigaci\u00f3n y estrategia de mercado internacional de SIS\" title=\"Chinese restaurant (5)\" srcset=\"https:\/\/www.sisinternational.com\/wp-content\/uploads\/2025\/08\/Chinese-restaurant-5.jpg 1456w, https:\/\/www.sisinternational.com\/wp-content\/uploads\/2025\/08\/Chinese-restaurant-5-300x168.jpg 300w, https:\/\/www.sisinternational.com\/wp-content\/uploads\/2025\/08\/Chinese-restaurant-5-1024x574.jpg 1024w, https:\/\/www.sisinternational.com\/wp-content\/uploads\/2025\/08\/Chinese-restaurant-5-768x430.jpg 768w, https:\/\/www.sisinternational.com\/wp-content\/uploads\/2025\/08\/Chinese-restaurant-5-18x10.jpg 18w\" sizes=\"auto, (max-width: 1456px) 100vw, 1456px\"><\/figure>\n\n\n\n<p><\/p>\n\n\n\n<p class=\"p2\">SIS International&#8217;s Chinese restaurant <a href=\"https:\/\/www.sisinternational.com\/es\/soluciones\/innovacion\/el-pensamiento-de-diseno\/\" title=\"Investigaci\u00f3n de mercado de pensamiento de dise\u00f1o\"  data-wpil-monitor-id=\"6691\">market research services are designed<\/a> to deliver actionable insights and tangible results, empowering businesses to thrive in the competitive culinary landscape. Through a combination of rigorous data analysis, industry expertise, and customized research methodologies, clients can expect the following outcomes:<\/p>\n\n\n\n<ul class=\"wp-block-list\">\n<li><b>Toma de decisiones informada: <\/b>Al aprovechar los conocimientos de la investigaci\u00f3n del mercado de restaurantes chinos, los clientes pueden tomar decisiones informadas sobre el desarrollo del men\u00fa, estrategias de precios, campa\u00f1as de marketing y optimizaciones operativas.<\/li>\n\n\n\n<li><b>Ofertas de men\u00fa mejoradas: <\/b>SIS permite a los clientes identificar platos populares, tendencias culinarias emergentes y preferencias regionales, lo que permite la creaci\u00f3n de ofertas de men\u00fa innovadoras y atractivas que resuenan en los clientes.<\/li>\n\n\n\n<li><b>Estrategias de precios optimizadas: <\/b>A trav\u00e9s del an\u00e1lisis de la elasticidad de los precios y la evaluaci\u00f3n comparativa competitiva, los clientes pueden desarrollar estrategias de precios que maximicen la rentabilidad sin dejar de ser competitivos en el mercado.<\/li>\n\n\n\n<li><b>Iniciativas de marketing dirigidas: <\/b>Al comprender la demograf\u00eda, la psicograf\u00eda y los h\u00e1bitos de consumo de medios de los consumidores, los clientes pueden dise\u00f1ar campa\u00f1as de marketing dirigidas que lleguen e involucren de manera efectiva a su p\u00fablico objetivo, generando tr\u00e1fico e ingresos.<\/li>\n\n\n\n<li><b>Eficiencia operativa mejorada: <\/b><a href=\"https:\/\/www.sisinternational.com\/es\/pascua-de-resurreccion-y-el-inevitable-conejito-de-chocolate\/\" title=\"Investigaci\u00f3n de mercado de Pascua\"  data-wpil-monitor-id=\"6992\">SIS International\u2019s Chinese restaurant market research<\/a> helps identify inefficiencies in operational workflows, enabling clients to streamline processes, reduce costs, and enhance overall efficiency.<\/li>\n\n\n\n<li><b>Ventaja competitiva: <\/b>Con informaci\u00f3n sobre las tendencias del mercado, las preferencias de los consumidores y las estrategias de la competencia, los clientes pueden diferenciarse en el mercado, atrayendo nuevos clientes y fomentando la lealtad a la marca.<\/li>\n\n\n\n<li><b>Riesgo mitigado: <\/b>Al comprender la din\u00e1mica del mercado y los desaf\u00edos potenciales, los clientes pueden mitigar los riesgos asociados con nuevas empresas, expansiones o cambios de men\u00fa, minimizando p\u00e9rdidas potenciales y maximizando el retorno de la inversi\u00f3n.<\/li>\n<\/ul>\n\n\n\n<h2 class=\"wp-block-heading\">Perspectivas regionales<\/h2>\n\n\n\n<p class=\"p2\">El mercado de restaurantes chinos exhibe diversos matices regionales influenciados por las tradiciones culturales, las preferencias culinarias y las condiciones econ\u00f3micas. A continuaci\u00f3n se presentan algunas ideas clave sobre las variaciones regionales:<\/p>\n\n\n\n<ul class=\"wp-block-list\">\n<li><b>Am\u00e9rica del norte: <\/b>En Am\u00e9rica del Norte, la cocina china se ha convertido en un elemento b\u00e1sico del panorama culinario, con ofertas que van desde el tradicional dim sum canton\u00e9s hasta el moderno estofado de Sichuan. Nueva York, San Francisco y Vancouver cuentan con vibrantes distritos de Chinatown con restaurantes aut\u00e9nticos y conceptos de fusi\u00f3n innovadores.<\/li>\n\n\n\n<li><b>Porcelana: <\/b>Dentro de China, las cocinas regionales como la cantonesa, la de Sichuan, la de Shanghai y la de Hunan ofrecen distintos perfiles de sabores y tradiciones culinarias. Los principales centros metropolitanos como Beijing, Shanghai y Guangzhou muestran la diversidad de la cocina china, con vendedores ambulantes de comida, restaurantes con huecos en las paredes y establecimientos de comida de lujo que atienden a un espectro de gustos y presupuestos.<\/li>\n\n\n\n<li><b>Europa: <\/b>Los restaurantes chinos en Europa a menudo fusionan sabores tradicionales chinos con ingredientes e influencias culinarias locales, creando experiencias gastron\u00f3micas \u00fanicas. Ciudades como Londres, Par\u00eds y Berl\u00edn cuentan con vibrantes distritos de Chinatown donde los comensales pueden saborear platos aut\u00e9nticos junto con interpretaciones innovadoras de la cocina china.<\/li>\n<\/ul>\n\n\n\n<h2 class=\"wp-block-heading\">Segmentos de mayor crecimiento en el mercado de restaurantes chinos<\/h2>\n\n\n\n<p class=\"p2\">In the dynamic landscape of the Chinese restaurant market, specific segments are experiencing rapid growth and driving culinary innovation. Here are some of the fastest-growing segments:<\/p>\n\n\n\n<ul class=\"wp-block-list\">\n<li><b>Aut\u00e9ntica cocina regional: <\/b><span class=\"s1\">Con la creciente globalizaci\u00f3n y la curiosidad culinaria, existe una creciente demanda de aut\u00e9ntica cocina regional china m\u00e1s all\u00e1 de los omnipresentes platos cantoneses. Las cocinas regionales como las de Sichuan, Hunan y Xinjiang est\u00e1n ganando popularidad por sus sabores atrevidos y tradiciones culinarias \u00fanicas.<\/span><\/li>\n\n\n\n<li><b>Opciones saludables y basadas en plantas: <\/b><span class=\"s1\">A medida que las tendencias gastron\u00f3micas preocupadas por la salud contin\u00faan ganando impulso, los restaurantes chinos est\u00e1n ampliando su oferta para incluir opciones m\u00e1s nutritivas y basadas en plantas. Los platos que contienen verduras frescas, prote\u00ednas magras y cereales integrales atraen a los consumidores que buscan opciones gastron\u00f3micas m\u00e1s saludables.<\/span><\/li>\n\n\n\n<li><b>Cocina Fusi\u00f3n y Transcultural: <\/b><span class=\"s1\">La cocina de fusi\u00f3n que combina sabores chinos con otras tradiciones culinarias est\u00e1 experimentando un aumento en popularidad, atendiendo a paladares aventureros y gustos multiculturales. Conceptos como la fusi\u00f3n chino-mexicana, los izakayas chino-japoneses y las casas de curry chino-indio ofrecen experiencias gastron\u00f3micas innovadoras.<\/span><\/li>\n\n\n\n<li><b>Experiencias gastron\u00f3micas premium: <\/b><span class=\"s1\">En medio del aumento de los ingresos disponibles y las cambiantes preferencias de los consumidores, existe una creciente demanda de experiencias gastron\u00f3micas chinas premium caracterizadas por ingredientes de primera calidad, un servicio impecable y un ambiente inmersivo. Los restaurantes de lujo que ofrecen men\u00fas de degustaci\u00f3n, comedores privados y maridajes de vinos exclusivos atienden a los comensales m\u00e1s exigentes que buscan experiencias de lujo.<\/span><\/li>\n\n\n\n<li><b>Conceptos de comidas interactivas: <\/b><span class=\"s1\">Las experiencias gastron\u00f3micas interactivas, como hot pot, carritos de dim sum y estaciones de fideos caseras, est\u00e1n ganando popularidad por su participaci\u00f3n social y sus opciones personalizables. Los restaurantes que ofrecen experiencias gastron\u00f3micas interactivas atienden a los consumidores que buscan aventuras culinarias inmersivas y memorables.<\/span><\/li>\n<\/ul>\n\n\n\n<h2 class=\"wp-block-heading\">Oportunidades en el mercado de restaurantes chinos<\/h2>\n\n\n\n<p>El mercado de restaurantes chinos presenta muchas oportunidades para que las empresas aprovechen la evoluci\u00f3n de las tendencias de consumo, las innovaciones culinarias y la din\u00e1mica del mercado. A continuaci\u00f3n se presentan algunas oportunidades clave para las empresas que operan en este espacio:<\/p>\n\n\n\n<ul class=\"wp-block-list\">\n<li><b>Atender a las preferencias diet\u00e9ticas: <\/b>Las opciones de men\u00fa personalizables, las alternativas sin gluten y los platos a base de plantas pueden atraer a los consumidores preocupados por su salud y adaptarse a diversas preferencias diet\u00e9ticas, incluidos los estilos de vida vegetarianos y veganos.<\/li>\n\n\n\n<li><b>Mejore la experiencia gastron\u00f3mica: <\/b>Invertir en ambiente, decoraci\u00f3n y servicio al cliente para crear experiencias gastron\u00f3micas inmersivas puede diferenciar su restaurante y fomentar la lealtad de los clientes. La incorporaci\u00f3n de elementos interactivos, estaciones de cocina en vivo y eventos tem\u00e1ticos puede mejorar la experiencia gastron\u00f3mica.<\/li>\n\n\n\n<li><b>Cultivar programas de bebidas: <\/b>El desarrollo de programas de bebidas especiales que incluyan t\u00e9s chinos, c\u00f3cteles artesanales y bebidas innovadoras puede complementar la experiencia gastron\u00f3mica e impulsar ingresos incrementales. Adoptar la cultura del t\u00e9 y ofrecer combinaciones de bebidas \u00fanicas puede mejorar la experiencia gastron\u00f3mica.<\/li>\n\n\n\n<li><b>Autenticidad Cultural: <\/b>Hacer hincapi\u00e9 en la autenticidad cultural en las ofertas del men\u00fa, los ingredientes y las experiencias gastron\u00f3micas puede resonar en las comunidades de la di\u00e1spora china, los turistas internacionales y los consumidores que buscan experiencias culinarias genuinas.<\/li>\n<\/ul>\n\n\n\n<h2 class=\"wp-block-heading\">How SIS International\u2019s Chinese Restaurant Market Research Helps Businesses<\/h2>\n\n\n\n<p class=\"p2\"><span class=\"s1\"><a href=\"https:\/\/www.sisinternational.com\/es\/may-day\/\" title=\"Investigaci\u00f3n de mercado del Primero de Mayo\"  data-wpil-monitor-id=\"7348\">SIS International offers comprehensive market research<\/a> and consulting services tailored to the unique needs of businesses operating in the Chinese restaurant market. Here&#8217;s how our services can support your success:<\/span><\/p>\n\n\n\n<ul class=\"wp-block-list\">\n<li><b>Investigaci\u00f3n de mercado: <\/b>Nuestro equipo lleva a cabo una investigaci\u00f3n de mercado en profundidad para analizar las preferencias de los consumidores, las tendencias gastron\u00f3micas, los paisajes competitivos y las variaciones regionales en el mercado de los restaurantes chinos. Al recopilar informaci\u00f3n \u00fatil, empoderamos a las empresas para que tomen decisiones informadas y aprovechen las oportunidades emergentes.<\/li>\n\n\n\n<li><b>An\u00e1lisis competitivo: <\/b>Proporcionamos an\u00e1lisis competitivos para comparar su restaurante con sus pares de la industria, identificar fortalezas y debilidades y descubrir oportunidades de diferenciaci\u00f3n. Al comprender las estrategias de la competencia y el posicionamiento en el mercado, las empresas pueden perfeccionar sus ofertas y obtener una ventaja competitiva.<\/li>\n\n\n\n<li><b>Perspectivas del consumidor: <\/b>Descubrimos informaci\u00f3n valiosa sobre las preferencias, comportamientos y percepciones de los consumidores con respecto a la cocina china a trav\u00e9s de encuestas de consumidores, grupos focales e investigaciones etnogr\u00e1ficas. Al comprender los matices de su p\u00fablico objetivo, las empresas pueden adaptar sus ofertas y estrategias de marketing para resonar eficazmente con los clientes.<\/li>\n\n\n\n<li><b>Desarrollo del men\u00fa: <\/b>Nuestro equipo colabora con los clientes para desarrollar ofertas de men\u00fa innovadoras, incorporando conocimientos de investigaciones de mercado, tendencias culinarias y preferencias de los consumidores. Desde aut\u00e9nticos platos regionales hasta creaciones de fusi\u00f3n modernas, ayudamos a las empresas a seleccionar men\u00fas que cautiven a los comensales e impulsen la repetici\u00f3n de negocios.<\/li>\n\n\n\n<li><b>Optimizaci\u00f3n operativa: <\/b>Realizamos evaluaciones operativas para identificar ineficiencias, optimizar los flujos de trabajo y mejorar la rentabilidad en las operaciones de los restaurantes. Las empresas pueden mejorar la eficiencia, la rentabilidad y la satisfacci\u00f3n general del cliente optimizando la gesti\u00f3n de inventario, la dotaci\u00f3n de personal y el dise\u00f1o de la cocina.<\/li>\n\n\n\n<li><b>Soporte de entrada al mercado: <\/b><span class=\"s2\">Ofrecemos servicios de apoyo a la entrada al mercado para empresas que buscan ingresar o expandirse en el mercado de restaurantes chinos, incluidos estudios de viabilidad del mercado, an\u00e1lisis de ubicaci\u00f3n y orientaci\u00f3n sobre cumplimiento normativo. Nuestro equipo facilita estrategias exitosas de entrada y expansi\u00f3n al mercado mitigando riesgos e identificando oportunidades.<\/span><\/li>\n<\/ul>\n\n\n\n<p><\/p>","protected":false},"excerpt":{"rendered":"<p>La investigaci\u00f3n del mercado de restaurantes chinos explora las preferencias y expectativas de los comensales, la din\u00e1mica del mercado, las tendencias culinarias, la cultura y las estrategias.<\/p>","protected":false},"author":1,"featured_media":66832,"parent":22018,"menu_order":467,"comment_status":"closed","ping_status":"closed","template":"","meta":{"footnotes":""},"class_list":["post-48141","page","type-page","status-publish","has-post-thumbnail"],"_links":{"self":[{"href":"https:\/\/www.sisinternational.com\/es\/wp-json\/wp\/v2\/pages\/48141","targetHints":{"allow":["GET"]}}],"collection":[{"href":"https:\/\/www.sisinternational.com\/es\/wp-json\/wp\/v2\/pages"}],"about":[{"href":"https:\/\/www.sisinternational.com\/es\/wp-json\/wp\/v2\/types\/page"}],"author":[{"embeddable":true,"href":"https:\/\/www.sisinternational.com\/es\/wp-json\/wp\/v2\/users\/1"}],"replies":[{"embeddable":true,"href":"https:\/\/www.sisinternational.com\/es\/wp-json\/wp\/v2\/comments?post=48141"}],"version-history":[{"count":12,"href":"https:\/\/www.sisinternational.com\/es\/wp-json\/wp\/v2\/pages\/48141\/revisions"}],"predecessor-version":[{"id":81180,"href":"https:\/\/www.sisinternational.com\/es\/wp-json\/wp\/v2\/pages\/48141\/revisions\/81180"}],"up":[{"embeddable":true,"href":"https:\/\/www.sisinternational.com\/es\/wp-json\/wp\/v2\/pages\/22018"}],"wp:featuredmedia":[{"embeddable":true,"href":"https:\/\/www.sisinternational.com\/es\/wp-json\/wp\/v2\/media\/66832"}],"wp:attachment":[{"href":"https:\/\/www.sisinternational.com\/es\/wp-json\/wp\/v2\/media?parent=48141"}],"curies":[{"name":"wp","href":"https:\/\/api.w.org\/{rel}","templated":true}]}}