{"id":47883,"date":"2024-05-04T12:09:33","date_gmt":"2024-05-04T16:09:33","guid":{"rendered":"https:\/\/www.sisinternational.com\/?page_id=47883"},"modified":"2026-01-26T18:35:25","modified_gmt":"2026-01-26T23:35:25","slug":"investigacion-de-mercado-de-ropa-masculina","status":"publish","type":"page","link":"https:\/\/www.sisinternational.com\/es\/pericia\/investigacion-de-mercado-de-ropa-masculina\/","title":{"rendered":"Investigaci\u00f3n de mercado de ropa masculina"},"content":{"rendered":"<h1 class=\"wp-block-heading\">Investigaci\u00f3n de mercado de ropa masculina<\/h1>\n\n\n\n<figure class=\"gb-block-image gb-block-image-8b45574a\"><img loading=\"lazy\" decoding=\"async\" width=\"1456\" height=\"816\" class=\"gb-image gb-image-8b45574a\" src=\"https:\/\/www.sisinternational.com\/wp-content\/uploads\/2025\/08\/Menswear-apparel-fashion-9.jpg\" alt=\"Investigaci\u00f3n y estrategia de mercado internacional de SIS\" title=\"Menswear apparel fashion (9)\" srcset=\"https:\/\/www.sisinternational.com\/wp-content\/uploads\/2025\/08\/Menswear-apparel-fashion-9.jpg 1456w, https:\/\/www.sisinternational.com\/wp-content\/uploads\/2025\/08\/Menswear-apparel-fashion-9-300x168.jpg 300w, https:\/\/www.sisinternational.com\/wp-content\/uploads\/2025\/08\/Menswear-apparel-fashion-9-1024x574.jpg 1024w, https:\/\/www.sisinternational.com\/wp-content\/uploads\/2025\/08\/Menswear-apparel-fashion-9-768x430.jpg 768w, https:\/\/www.sisinternational.com\/wp-content\/uploads\/2025\/08\/Menswear-apparel-fashion-9-18x10.jpg 18w\" sizes=\"auto, (max-width: 1456px) 100vw, 1456px\"><\/figure>\n\n\n\n<p><\/p>\n\n\n\n<hr class=\"wp-block-separator has-alpha-channel-opacity is-style-dots\"\/>\n\n\n\n<p>\u00bfQu\u00e9 define la esencia de la masculinidad moderna en la moda? \u00bfC\u00f3mo decodifican los dise\u00f1adores los deseos en constante evoluci\u00f3n de los hombres contempor\u00e1neos? Estas preguntas se encuentran en el centro de la investigaci\u00f3n de mercado de la moda masculina, un \u00e1mbito donde los conocimientos impulsan la innovaci\u00f3n y la innovaci\u00f3n da forma al futuro de la moda masculina.<\/p>\n\n\n\n<h2 class=\"wp-block-heading\">\u00bfQu\u00e9 es la investigaci\u00f3n de mercado de ropa masculina? <\/h2>\n\n\n\n<p>Menswear <a href=\"https:\/\/www.sisinternational.com\/es\/pericia\/industrias\/investigacion-de-mercado-de-la-moda\/\" title=\"Investigaci\u00f3n de mercado de moda y confecci\u00f3n\"  data-wpil-monitor-id=\"6948\">market research analyzes the men&#8217;s fashion<\/a> industry&#8217;s buying behavior, preferences, and trends. It encompasses various factors, including consumer demographics, purchasing habits, brand perception, market trends, and competitive landscape.<\/p>\n\n\n\n<p>Esta comprensi\u00f3n integral permite a las marcas de moda, los minoristas y las partes interesadas de la industria tomar decisiones informadas sobre el desarrollo de productos, estrategias de marketing, precios, canales de distribuci\u00f3n y crecimiento comercial general.<\/p>\n\n\n\n<h2 class=\"wp-block-heading\">\u00bfPor qu\u00e9 es importante?<\/h2>\n\n\n\n<p>Menswear <a href=\"https:\/\/www.sisinternational.com\/es\/pericia\/industrias\/investigacion-de-mercado-de-aprendizaje-profundo-2\/\" title=\"Investigaci\u00f3n de mercado de aprendizaje profundo\"  data-wpil-monitor-id=\"6110\">market research allows businesses to gain deep<\/a> insights into male consumers&#8217; preferences, lifestyles, and purchasing behaviors. By understanding what drives consumer preferences and influences purchasing decisions, businesses can tailor their product offerings and marketing strategies to resonate effectively with their target audience.<\/p>\n\n\n\n<p>Adem\u00e1s, la investigaci\u00f3n de mercado de ropa masculina ayuda a las empresas a identificar tendencias emergentes desde el principio, lo que les permite capitalizar nuevas oportunidades y adaptar su oferta de productos en consecuencia. Sin embargo, esta investigaci\u00f3n de mercado ofrece numerosos beneficios para las empresas que operan en la industria de la moda masculina, y algunos beneficios clave incluyen:<br>Identificaci\u00f3n de oportunidades de mercado: la investigaci\u00f3n de mercado ayuda a las empresas a identificar segmentos de mercado sin explotar, tendencias de nicho y oportunidades emergentes dentro de la industria de la moda masculina.<\/p>\n\n\n\n<ul class=\"wp-block-list\">\n<li><strong>Optimizaci\u00f3n de estrategias de marketing:<\/strong> Con los datos de la investigaci\u00f3n de mercado de ropa masculina, las empresas pueden perfeccionar eficazmente sus estrategias de marketing para llegar e involucrar a su p\u00fablico objetivo.<\/li>\n\n\n\n<li><strong>Mitigaci\u00f3n de riesgos:<\/strong> Una investigaci\u00f3n de mercado exhaustiva puede ayudar a las empresas a identificar riesgos y desaf\u00edos potenciales en el mercado de la ropa masculina, permiti\u00e9ndoles mitigar estos riesgos de manera proactiva y tomar decisiones informadas.<\/li>\n\n\n\n<li><strong>Impulsando la innovaci\u00f3n y el desarrollo de productos:<\/strong> Market research catalyzes innovation by providing businesses with valuable insights into emerging trends, consumer needs, and technological advancements.<\/li>\n<\/ul>\n\n\n\n<h2 class=\"wp-block-heading\">Questions to Successfully Conduct Menswear Market Research <\/h2>\n\n\n\n<p>Antes de embarcarse en una iniciativa de investigaci\u00f3n de mercado de ropa masculina, es esencial hacer las preguntas correctas para garantizar que los objetivos de la investigaci\u00f3n est\u00e9n claramente definidos y alineados con las metas comerciales. Aqu\u00ed hay algunas preguntas clave a considerar:<\/p>\n\n\n\n<ul class=\"wp-block-list\">\n<li><strong>What are the specific <a href=\"https:\/\/www.sisinternational.com\/es\/soluciones\/investigacion-de-mercado-de-ia-y-consultoria-estrategica\/investigacion-de-mercado-de-deteccion-de-objetos-ai\/\" title=\"Investigaci\u00f3n de mercado de IA de detecci\u00f3n de objetos\"  data-wpil-monitor-id=\"2417\">objectives of the market research?<\/a><\/strong> Aclarar los objetivos ayuda a centrar los esfuerzos de investigaci\u00f3n y garantiza que los hallazgos sean viables.<\/li>\n\n\n\n<li><strong>\u00bfQui\u00e9n es el p\u00fablico objetivo de la investigaci\u00f3n?<\/strong> Identificar el p\u00fablico objetivo es crucial para dise\u00f1ar la metodolog\u00eda de investigaci\u00f3n y seleccionar las t\u00e9cnicas apropiadas de recopilaci\u00f3n de datos.<\/li>\n\n\n\n<li><strong>\u00bfQu\u00e9 informaci\u00f3n ya est\u00e1 disponible?<\/strong> Antes de realizar una nueva investigaci\u00f3n, es esencial revisar los datos y los conocimientos existentes para evitar la duplicaci\u00f3n de esfuerzos y aprovechar eficazmente los recursos disponibles.<\/li>\n\n\n\n<li><strong>\u00bfCu\u00e1les son las variables o m\u00e9tricas clave a medir?<\/strong> Determine las variables o m\u00e9tricas espec\u00edficas que se utilizar\u00e1n para evaluar la din\u00e1mica del mercado de ropa masculina, como las preferencias de los consumidores, el tama\u00f1o del mercado, las tasas de crecimiento, las estrategias de precios, los canales de distribuci\u00f3n y la percepci\u00f3n de la marca.<\/li>\n\n\n\n<li><strong>\u00bfQu\u00e9 metodolog\u00eda de investigaci\u00f3n ser\u00e1 m\u00e1s eficaz?<\/strong> Seg\u00fan los objetivos, el presupuesto y el cronograma del proyecto, elija la metodolog\u00eda de investigaci\u00f3n m\u00e1s adecuada.<\/li>\n\n\n\n<li><strong>\u00bfC\u00f3mo se recopilar\u00e1n y analizar\u00e1n los datos?<\/strong> Definir el proceso de recopilaci\u00f3n de datos, incluido el tama\u00f1o de la muestra, las fuentes de datos, el dise\u00f1o de la encuesta y las t\u00e9cnicas de an\u00e1lisis de datos.<\/li>\n\n\n\n<li><strong>\u00bfCu\u00e1les son los posibles desaf\u00edos o limitaciones de la investigaci\u00f3n?<\/strong> Antic\u00edpese a cualquier obst\u00e1culo o limitaci\u00f3n que surja durante el proceso de investigaci\u00f3n, como sesgo de muestra, problemas de precisi\u00f3n de los datos, fatiga de los encuestados o factores externos del mercado.<\/li>\n<\/ul>\n\n\n\n<h2 class=\"wp-block-heading\">Resultados previstos<\/h2>\n\n\n\n<p>Despu\u00e9s de realizar una investigaci\u00f3n exhaustiva del mercado de ropa masculina, las empresas pueden esperar obtener informaci\u00f3n valiosa que sirva de base para la toma de decisiones estrat\u00e9gicas e impulse el crecimiento empresarial. A continuaci\u00f3n se muestran algunos resultados esperados al realizar una investigaci\u00f3n de mercado de ropa masculina:<\/p>\n\n\n\n<ul class=\"wp-block-list\">\n<li><strong>Comprensi\u00f3n m\u00e1s profunda de las preferencias de los consumidores:<\/strong> Al analizar el comportamiento, las preferencias y las tendencias de los consumidores, las empresas pueden comprender qu\u00e9 impulsa las decisiones de compra en el mercado de ropa masculina. Esta informaci\u00f3n permite a las empresas adaptar sus ofertas de productos, marcas y estrategias de marketing para que resuenen mejor con su p\u00fablico objetivo.<\/li>\n\n\n\n<li><strong>Inteligencia competitiva:<\/strong> Comprender el panorama competitivo es fundamental para mantenerse a la vanguardia en el mercado de la moda masculina. La investigaci\u00f3n de mercado permite a las empresas evaluar las estrategias, fortalezas, debilidades y posicionamiento en el mercado de la competencia. Esta informaci\u00f3n ayuda a las empresas a comparar su desempe\u00f1o, identificar \u00e1reas de mejora y desarrollar estrategias para diferenciarse de la competencia.<\/li>\n\n\n\n<li><strong>Desarrollo de productos optimizado:<\/strong> Los conocimientos de la investigaci\u00f3n de mercado de ropa masculina pueden informar iniciativas de desarrollo de productos, ayudando a las empresas a crear productos de ropa masculina que satisfagan la demanda de los consumidores y se alineen con las tendencias del mercado. Desde caracter\u00edsticas de dise\u00f1o hasta opciones de telas y estrategias de precios, la investigaci\u00f3n de mercado proporciona informaci\u00f3n valiosa que gu\u00eda las decisiones de desarrollo de productos.<\/li>\n\n\n\n<li><strong>Informed Marketing and <\/strong><a href=\"https:\/\/www.sisinternational.com\/es\/que-son-las-relaciones-publicas\/\" title=\"Relaciones P\u00fablicas e Investigaci\u00f3n de Mercados\"  data-wpil-monitor-id=\"2254\">Branding Strategies: Market research<\/a> provides valuable insights into effective marketing channels, messaging strategies, and branding initiatives. By understanding consumer preferences, shopping behaviors, and media consumption habits, businesses can develop targeted marketing campaigns that resonate with their target audience and drive brand awareness and loyalty.<\/li>\n\n\n\n<li><strong>Mitigaci\u00f3n de riesgos:<\/strong> Al identificar las tendencias del mercado, las preferencias de los consumidores y las amenazas competitivas, la investigaci\u00f3n de mercado ayuda a las empresas a mitigar los riesgos y tomar decisiones informadas que minimicen los posibles obst\u00e1culos. La investigaci\u00f3n de mercado de ropa masculina proporciona informaci\u00f3n valiosa que reduce la incertidumbre y mejora la confianza en la toma de decisiones, ya sea ingresando a nuevos mercados, lanzando nuevos productos o expandiendo canales de distribuci\u00f3n.<\/li>\n<\/ul>\n\n\n\n<h2 class=\"wp-block-heading\">An\u00e1lisis FODA<\/h2>\n\n\n\n<figure class=\"gb-block-image gb-block-image-1be29b85\"><img loading=\"lazy\" decoding=\"async\" width=\"1456\" height=\"816\" class=\"gb-image gb-image-1be29b85\" src=\"https:\/\/www.sisinternational.com\/wp-content\/uploads\/2025\/08\/Menswear-apparel-fashion-8.jpg\" alt=\"Investigaci\u00f3n y estrategia de mercado internacional de SIS\" title=\"Menswear apparel fashion (8)\" srcset=\"https:\/\/www.sisinternational.com\/wp-content\/uploads\/2025\/08\/Menswear-apparel-fashion-8.jpg 1456w, https:\/\/www.sisinternational.com\/wp-content\/uploads\/2025\/08\/Menswear-apparel-fashion-8-300x168.jpg 300w, https:\/\/www.sisinternational.com\/wp-content\/uploads\/2025\/08\/Menswear-apparel-fashion-8-1024x574.jpg 1024w, https:\/\/www.sisinternational.com\/wp-content\/uploads\/2025\/08\/Menswear-apparel-fashion-8-768x430.jpg 768w, https:\/\/www.sisinternational.com\/wp-content\/uploads\/2025\/08\/Menswear-apparel-fashion-8-18x10.jpg 18w\" sizes=\"auto, (max-width: 1456px) 100vw, 1456px\"><\/figure>\n\n\n\n<p><\/p>\n\n\n\n<p>Un an\u00e1lisis FODA examina las fortalezas, debilidades, oportunidades y amenazas que enfrenta la industria de la moda masculina:<\/p>\n\n\n\n<p><strong>Fortalezas<\/strong><\/p>\n\n\n\n<ul class=\"wp-block-list\">\n<li><strong>Creciente demanda:<\/strong> El mercado de la moda masculina contin\u00faa expandi\u00e9ndose a nivel mundial, impulsado por la evoluci\u00f3n de las tendencias de la moda y las cambiantes preferencias de los consumidores.<\/li>\n\n\n\n<li><strong>Diversificaci\u00f3n de marcas:<\/strong> Muchas marcas de ropa masculina diversifican su oferta de productos para satisfacer una gama m\u00e1s amplia de necesidades y preferencias de los consumidores.<\/li>\n\n\n\n<li><strong>Innovaci\u00f3n:<\/strong> Los avances en materiales, tecnolog\u00eda y dise\u00f1o est\u00e1n impulsando la innovaci\u00f3n en la industria de la moda masculina, lo que lleva al desarrollo de nuevos productos y estilos.<\/li>\n<\/ul>\n\n\n\n<p><strong>Debilidades<\/strong><\/p>\n\n\n\n<ul class=\"wp-block-list\">\n<li><strong>Fluctuaciones estacionales:<\/strong> El mercado de la ropa masculina est\u00e1 sujeto a fluctuaciones estacionales, y la demanda var\u00eda a lo largo del a\u00f1o seg\u00fan el clima y las tendencias de la moda.<\/li>\n\n\n\n<li><strong>Competici\u00f3n intensa:<\/strong> El mercado de la moda masculina es muy competitivo y numerosas marcas compiten por cuota de mercado. Esta competencia puede dificultar el establecimiento de nuevos participantes.<\/li>\n\n\n\n<li><strong>Presiones sobre los precios:<\/strong> Se espera competencia de precios en la industria de la moda masculina, lo que generar\u00e1 presiones en los m\u00e1rgenes para los fabricantes y minoristas.<\/li>\n<\/ul>\n\n\n\n<p><strong>Oportunidades<\/strong><\/p>\n\n\n\n<ul class=\"wp-block-list\">\n<li><strong>Crecimiento del comercio electr\u00f3nico:<\/strong> El auge del comercio electr\u00f3nico presenta importantes oportunidades para que las marcas de ropa masculina lleguen a una audiencia m\u00e1s amplia y ampl\u00eden su base de clientes.<\/li>\n\n\n\n<li><strong>Mercados emergentes:<\/strong> Los mercados emergentes ofrecen un potencial sin explotar para el crecimiento de la industria de la moda masculina, donde el aumento de los ingresos disponibles y los cambios en los estilos de vida de los consumidores impulsan la demanda de ropa de moda.<\/li>\n\n\n\n<li><strong>Sostenibilidad:<\/strong> Aumentar la conciencia de los consumidores sobre cuestiones ambientales y sociales crea oportunidades para que las marcas de ropa masculina se diferencien a trav\u00e9s de pr\u00e1cticas y productos sostenibles.<\/li>\n<\/ul>\n\n\n\n<p><strong>Amenazas<\/strong><\/p>\n\n\n\n<ul class=\"wp-block-list\">\n<li><strong>Incertidumbre econ\u00f3mica:<\/strong> Las crisis econ\u00f3micas y las tensiones geopol\u00edticas pueden afectar el gasto de los consumidores en art\u00edculos discrecionales como la ropa masculina, lo que representa una amenaza para el crecimiento de la industria.<\/li>\n\n\n\n<li><strong>Productos falsificados:<\/strong> Los productos falsificados amenazan la industria de la moda masculina, socavando la reputaci\u00f3n de la marca y erosionando la confianza de los consumidores.<\/li>\n\n\n\n<li><strong>Cambios en las preferencias de los consumidores:<\/strong> Los r\u00e1pidos cambios en las tendencias de la moda y las preferencias de los consumidores pueden plantear desaf\u00edos para las marcas de ropa masculina, oblig\u00e1ndoles a adaptarse r\u00e1pidamente para seguir siendo relevantes.<\/li>\n<\/ul>\n\n\n\n<h2 class=\"wp-block-heading\">The SIS Advantage<\/h2>\n\n\n\n<p>SIS International ofrece servicios integrales de investigaci\u00f3n de mercado adaptados a las necesidades de las empresas que operan en la industria de la moda masculina. As\u00ed es como nuestros servicios pueden beneficiar a las empresas:<\/p>\n\n\n\n<ul class=\"wp-block-list\">\n<li><strong>Enfoque de investigaci\u00f3n personalizado:<\/strong> SIS International takes a customized approach to <a href=\"https:\/\/www.sisinternational.com\/es\/pericia\/industrias\/investigacion-de-mercado-de-delicatessen\/\" title=\"Investigaci\u00f3n de mercado de delicatessen\"  data-wpil-monitor-id=\"4604\">menswear<\/a> market research, designing studies that address each client&#8217;s unique objectives and challenges.<\/li>\n\n\n\n<li><strong>Alcance global:<\/strong> Con una red global de investigadores y analistas experimentados, SIS International ofrece servicios de investigaci\u00f3n de mercado de ropa masculina en diferentes regiones y mercados de todo el mundo.<\/li>\n\n\n\n<li><strong>Investigaci\u00f3n multim\u00e9todo:<\/strong> SIS International emplea varios m\u00e9todos de investigaci\u00f3n, incluidas encuestas, grupos focales, entrevistas en profundidad, investigaci\u00f3n etnogr\u00e1fica y an\u00e1lisis de datos, para proporcionar una comprensi\u00f3n hol\u00edstica del mercado de la ropa masculina. Aprovechamos m\u00faltiples t\u00e9cnicas de investigaci\u00f3n para descubrir conocimientos matizados que informan la toma de decisiones estrat\u00e9gicas e impulsan el crecimiento empresarial.<\/li>\n\n\n\n<li><strong>An\u00e1lisis e interpretaci\u00f3n de expertos:<\/strong> Nuestros analistas experimentados se especializan en interpretar datos de investigaciones de mercado y traducir conocimientos en recomendaciones pr\u00e1cticas. Con experiencia en el comportamiento del consumidor, las tendencias del mercado y la din\u00e1mica de la industria, brindamos a los clientes informaci\u00f3n valiosa que los ayuda a navegar con confianza por las complejidades del mercado de la moda masculina.<\/li>\n\n\n\n<li><strong>Orientaci\u00f3n estrat\u00e9gica:<\/strong> Beyond delivering research findings, SIS International offers strategic guidance and consulting <a href=\"https:\/\/www.sisinternational.com\/es\/soluciones\/traduccion-y-transcripcion\/servicios-de-traduccion-y-transcripcion-de-aleman\/\" title=\"Servicios de traducci\u00f3n y transcripci\u00f3n de alem\u00e1n\"  data-wpil-monitor-id=\"6513\">services to help clients translate<\/a> insights into actionable strategies.<\/li>\n\n\n\n<li><strong>Apoyo continuo:<\/strong> SIS International apoya a sus clientes durante todo el proceso de investigaci\u00f3n, desde el dise\u00f1o del proyecto y la recopilaci\u00f3n de datos hasta el an\u00e1lisis y la implementaci\u00f3n. Nuestro equipo dedicado est\u00e1 comprometido a brindar informaci\u00f3n oportuna, relevante y procesable que permita a los clientes tomar decisiones informadas y lograr sus objetivos comerciales.<\/li>\n<\/ul>\n\n\n\n<p><\/p>","protected":false},"excerpt":{"rendered":"<p>La investigaci\u00f3n de mercado de ropa masculina analiza varios factores, incluido el comportamiento del consumidor, las tendencias del mercado y la competencia.<\/p>","protected":false},"author":1,"featured_media":63952,"parent":14514,"menu_order":460,"comment_status":"closed","ping_status":"closed","template":"","meta":{"footnotes":""},"class_list":["post-47883","page","type-page","status-publish","has-post-thumbnail"],"_links":{"self":[{"href":"https:\/\/www.sisinternational.com\/es\/wp-json\/wp\/v2\/pages\/47883","targetHints":{"allow":["GET"]}}],"collection":[{"href":"https:\/\/www.sisinternational.com\/es\/wp-json\/wp\/v2\/pages"}],"about":[{"href":"https:\/\/www.sisinternational.com\/es\/wp-json\/wp\/v2\/types\/page"}],"author":[{"embeddable":true,"href":"https:\/\/www.sisinternational.com\/es\/wp-json\/wp\/v2\/users\/1"}],"replies":[{"embeddable":true,"href":"https:\/\/www.sisinternational.com\/es\/wp-json\/wp\/v2\/comments?post=47883"}],"version-history":[{"count":13,"href":"https:\/\/www.sisinternational.com\/es\/wp-json\/wp\/v2\/pages\/47883\/revisions"}],"predecessor-version":[{"id":80515,"href":"https:\/\/www.sisinternational.com\/es\/wp-json\/wp\/v2\/pages\/47883\/revisions\/80515"}],"up":[{"embeddable":true,"href":"https:\/\/www.sisinternational.com\/es\/wp-json\/wp\/v2\/pages\/14514"}],"wp:featuredmedia":[{"embeddable":true,"href":"https:\/\/www.sisinternational.com\/es\/wp-json\/wp\/v2\/media\/63952"}],"wp:attachment":[{"href":"https:\/\/www.sisinternational.com\/es\/wp-json\/wp\/v2\/media?parent=47883"}],"curies":[{"name":"wp","href":"https:\/\/api.w.org\/{rel}","templated":true}]}}