{"id":47839,"date":"2024-05-02T17:09:09","date_gmt":"2024-05-02T21:09:09","guid":{"rendered":"https:\/\/www.sisinternational.com\/?page_id=47839"},"modified":"2026-01-26T18:12:44","modified_gmt":"2026-01-26T23:12:44","slug":"consultoria-de-marketing-para-hoteles-y-restaurantes","status":"publish","type":"page","link":"https:\/\/www.sisinternational.com\/es\/soluciones\/consultoria-de-hosteleria-y-turismo-en-viajes\/consultoria-de-marketing-para-hoteles-y-restaurantes\/","title":{"rendered":"Consultor\u00eda de marketing para restaurantes y hoteles"},"content":{"rendered":"<h1 class=\"wp-block-heading\">Consultor\u00eda de marketing para restaurantes y hoteles<\/h1>\n\n\n\n<figure class=\"gb-block-image gb-block-image-5464fbab\"><img loading=\"lazy\" decoding=\"async\" width=\"1456\" height=\"816\" class=\"gb-image gb-image-5464fbab\" src=\"https:\/\/www.sisinternational.com\/wp-content\/uploads\/2025\/08\/Chinese-restaurant-4.jpg\" alt=\"Investigaci\u00f3n y estrategia de mercado internacional de SIS\" title=\"Chinese restaurant (4)\" srcset=\"https:\/\/www.sisinternational.com\/wp-content\/uploads\/2025\/08\/Chinese-restaurant-4.jpg 1456w, https:\/\/www.sisinternational.com\/wp-content\/uploads\/2025\/08\/Chinese-restaurant-4-300x168.jpg 300w, https:\/\/www.sisinternational.com\/wp-content\/uploads\/2025\/08\/Chinese-restaurant-4-1024x574.jpg 1024w, https:\/\/www.sisinternational.com\/wp-content\/uploads\/2025\/08\/Chinese-restaurant-4-768x430.jpg 768w, https:\/\/www.sisinternational.com\/wp-content\/uploads\/2025\/08\/Chinese-restaurant-4-18x10.jpg 18w\" sizes=\"auto, (max-width: 1456px) 100vw, 1456px\"><\/figure>\n\n\n\n<p><\/p>\n\n\n\n<hr class=\"wp-block-separator has-alpha-channel-opacity is-style-dots\"\/>\n\n\n\n<p>En la ferozmente competitiva industria hotelera actual, la consultor\u00eda de marketing de restaurantes de hoteles se ha convertido en un lujo y una necesidad para los establecimientos que se esfuerzan por destacarse y prosperar. Entonces, \u00bfc\u00f3mo puede esta consultor\u00eda desbloquear el potencial de \u00e9xito en este entorno din\u00e1mico?<\/p>\n\n\n\n<h2 class=\"wp-block-heading\">Consultor\u00eda de marketing para restaurantes y hoteles<\/h2>\n\n\n\n<p>Hotel restaurant marketing consulting involves strategic planning, implementation, and analysis of marketing initiatives tailored to hotel dining establishments. Through market research, data analysis, and creative marketing strategies, <a href=\"https:\/\/www.sisinternational.com\/es\/soluciones\/consultoria-de-hosteleria-y-turismo-en-viajes\/consultoria-reposicionamiento-hotelero\/\" title=\"Consultor\u00eda de Reposicionamiento Hotelero\"  data-wpil-monitor-id=\"2968\">hotel restaurant marketing consultants<\/a> help clients navigate the industry&#8217;s complexities and achieve their business objectives efficiently and effectively.<\/p>\n\n\n\n<h2 class=\"wp-block-heading\">\u00bfPor qu\u00e9 las empresas necesitan consultor\u00eda de marketing para restaurantes de hoteles?<\/h2>\n\n\n\n<p><a href=\"https:\/\/www.sisinternational.com\/es\/soluciones\/consultoria-de-hosteleria-y-turismo-en-viajes\/consultoria-hotel-del-futuro\/\" title=\"Consultor\u00eda Hotel del Futuro\"  data-wpil-monitor-id=\"3007\">Hotel restaurant marketing consulting<\/a> brings specialized knowledge and expertise in the hospitality and food and beverage sectors. Therefore, with the help of consultants, hotel restaurants can develop comprehensive marketing plans that align with their business goals and target audience.<\/p>\n\n\n\n<p>Adem\u00e1s, esta consultor\u00eda se enfoca en entregar resultados medibles. El an\u00e1lisis de datos, el seguimiento de los indicadores clave de rendimiento y la optimizaci\u00f3n de los esfuerzos de marketing garantizan que cada d\u00f3lar invertido en marketing genere el m\u00e1ximo retorno de la inversi\u00f3n para la empresa.<\/p>\n\n\n\n<p>However, hotel <a href=\"https:\/\/www.sisinternational.com\/es\/soluciones\/consultoria-de-hosteleria-y-turismo-en-viajes\/consultoria-de-marketing-para-restaurantes-en-la-azotea\/\" title=\"Consultor\u00eda de marketing para restaurantes en la azotea\"  data-wpil-monitor-id=\"4527\">restaurant marketing consulting<\/a> offers additional benefits to businesses looking to elevate their dining establishments, including:<\/p>\n\n\n\n<ul class=\"wp-block-list\">\n<li><strong>Posicionamiento estrat\u00e9gico de marca:<\/strong> Consultants assist <a href=\"https:\/\/www.sisinternational.com\/es\/soluciones\/consultoria-de-hosteleria-y-turismo-en-viajes\/consultoria-estrategica-hotelera\/\" title=\"Consultor\u00eda de estrategia hotelera\"  data-wpil-monitor-id=\"2911\">hotel restaurants<\/a> in developing a unique brand identity and positioning strategy that resonates with their target audience.<\/li>\n\n\n\n<li><strong>Campa\u00f1as de marketing integradas:<\/strong> La consultor\u00eda de marketing de restaurantes de hoteles puede ayudar a guiar a los restaurantes de los hoteles en la creaci\u00f3n de campa\u00f1as de marketing coherentes en varios canales, incluidos los digitales, las redes sociales, el correo electr\u00f3nico y la publicidad tradicional.<\/li>\n\n\n\n<li><strong>Experiencia del cliente mejorada:<\/strong> Esta consultor\u00eda se enfoca en mejorar la experiencia gastron\u00f3mica general de los hu\u00e9spedes desde que ingresan al restaurante hasta que salen.<\/li>\n\n\n\n<li><strong>Toma de decisiones basada en datos:<\/strong> Los consultores de marketing de restaurantes de hoteles utilizan herramientas de an\u00e1lisis de datos para realizar un seguimiento del rendimiento de las campa\u00f1as de marketing, medir la satisfacci\u00f3n del cliente e identificar \u00e1reas de mejora.<\/li>\n\n\n\n<li><strong>Mayores ingresos y rentabilidad:<\/strong> La consultor\u00eda tiene como objetivo impulsar el crecimiento de los ingresos y aumentar la rentabilidad empresarial. Al implementar estrategias de marketing efectivas, atraer a m\u00e1s comensales y maximizar el gasto de los clientes, los restaurantes pueden lograr un \u00e9xito financiero sostenible.<\/li>\n<\/ul>\n\n\n\n<h2 class=\"wp-block-heading\">Preguntas que debe hacerse antes de realizar una consultor\u00eda de marketing para restaurantes de hoteles<\/h2>\n\n\n\n<figure class=\"gb-block-image gb-block-image-21d82e98\"><img loading=\"lazy\" decoding=\"async\" width=\"1456\" height=\"816\" class=\"gb-image gb-image-21d82e98\" src=\"https:\/\/www.sisinternational.com\/wp-content\/uploads\/2025\/08\/Chinese-restaurant-1.jpg\" alt=\"Investigaci\u00f3n y estrategia de mercado internacional de SIS\" title=\"Chinese restaurant (1)\" srcset=\"https:\/\/www.sisinternational.com\/wp-content\/uploads\/2025\/08\/Chinese-restaurant-1.jpg 1456w, https:\/\/www.sisinternational.com\/wp-content\/uploads\/2025\/08\/Chinese-restaurant-1-300x168.jpg 300w, https:\/\/www.sisinternational.com\/wp-content\/uploads\/2025\/08\/Chinese-restaurant-1-1024x574.jpg 1024w, https:\/\/www.sisinternational.com\/wp-content\/uploads\/2025\/08\/Chinese-restaurant-1-768x430.jpg 768w, https:\/\/www.sisinternational.com\/wp-content\/uploads\/2025\/08\/Chinese-restaurant-1-18x10.jpg 18w\" sizes=\"auto, (max-width: 1456px) 100vw, 1456px\"><\/figure>\n\n\n\n<p><\/p>\n\n\n\n<p>Antes de embarcarse en una consultor\u00eda de marketing para restaurantes de hoteles, es esencial hacer las preguntas correctas para garantizar una asociaci\u00f3n exitosa:<\/p>\n\n\n\n<ul class=\"wp-block-list\">\n<li><strong>\u00bfCu\u00e1les son nuestros objetivos comerciales? <\/strong>Es fundamental aclarar las metas y objetivos generales del restaurante del hotel. \u00bfSu objetivo es aumentar los ingresos, atraer invitados, mejorar la satisfacci\u00f3n del cliente o mejorar la visibilidad de la marca? Comprender estos objetivos guiar\u00e1 el proceso de consultor\u00eda y ayudar\u00e1 a alinear las estrategias con las prioridades comerciales.<\/li>\n\n\n\n<li><strong>\u00bfQui\u00e9n es nuestro p\u00fablico objetivo? <\/strong>What are the demographics, psychographics, and preferences of your ideal customers? Understanding the target audience enables <a href=\"https:\/\/www.sisinternational.com\/es\/cobertura\/las-americas\/investigacion-de-mercado-de-america-latina\/consultoria-de-entrada-al-mercado-brasil\/\" title=\"Consultor\u00eda de Entrada al Mercado en Brasil\"  data-wpil-monitor-id=\"4151\">consultants to tailor marketing<\/a> strategies that resonate with potential guests and drive engagement.<\/li>\n\n\n\n<li><strong>\u00bfQu\u00e9 nos diferencia de los competidores? <\/strong>\u00bfQu\u00e9 hace que su establecimiento de comida se destaque de la competencia? Los consultores pueden ayudar a articular estas propuestas de venta \u00fanicas y desarrollar estrategias para aprovecharlas de manera efectiva en las campa\u00f1as de marketing.<\/li>\n\n\n\n<li><strong>\u00bfCu\u00e1les son nuestros esfuerzos de marketing actuales? <\/strong>\u00bfQu\u00e9 canales de marketing se utilizan actualmente (p. ej., redes sociales, correo electr\u00f3nico, medios impresos)? \u00bfQu\u00e9 tan exitosos son estos esfuerzos para llegar e involucrar al p\u00fablico objetivo? Los consultores pueden realizar una auditor\u00eda integral para identificar \u00e1reas de mejora y optimizaci\u00f3n.<\/li>\n\n\n\n<li><strong>\u00bfCu\u00e1les son nuestro presupuesto y recursos? <\/strong>\u00bfQu\u00e9 recursos financieros y capital humano se pueden asignar a los esfuerzos de marketing? Los consultores pueden desarrollar estrategias que maximicen el retorno de la inversi\u00f3n sin salirse de las limitaciones presupuestarias.<\/li>\n<\/ul>\n\n\n\n<h2 class=\"wp-block-heading\">Resultados esperados de la consultor\u00eda de marketing de restaurantes hoteleros de SIS<\/h2>\n\n\n\n<p>Al asociarse con SIS International para la consultor\u00eda de marketing de restaurantes de hoteles, las empresas pueden esperar lograr varios resultados clave:<\/p>\n\n\n\n<ul class=\"wp-block-list\">\n<li><strong>Mayor conocimiento de la marca:<\/strong> SIS ayuda a los restaurantes de hoteles a mejorar la visibilidad y el reconocimiento de su marca entre el p\u00fablico objetivo. A trav\u00e9s de iniciativas de marketing estrat\u00e9gicas, que incluyen publicidad digital, campa\u00f1as en las redes sociales y promociones espec\u00edficas, los restaurantes pueden ampliar su alcance y atraer a m\u00e1s clientes.<\/li>\n\n\n\n<li><strong>Compromiso del cliente mejorado:<\/strong> Los consultores de SIS se centran en optimizar las estrategias de participaci\u00f3n del cliente para fomentar interacciones significativas con los hu\u00e9spedes. Los restaurantes de los hoteles pueden construir relaciones m\u00e1s s\u00f3lidas con los clientes y mejorar la satisfacci\u00f3n general mediante la implementaci\u00f3n de campa\u00f1as de marketing personalizadas, programas de fidelizaci\u00f3n y mecanismos de retroalimentaci\u00f3n de los hu\u00e9spedes.<\/li>\n\n\n\n<li><strong>Mayor generaci\u00f3n de ingresos:<\/strong> Uno de los objetivos principales de la consultor\u00eda de marketing de restaurantes de hoteles es impulsar el crecimiento de los ingresos. SIS International desarrolla estrategias de marketing basadas en datos para aumentar el tr\u00e1fico presencial, impulsar las reservas de mesas y maximizar el gasto de los clientes. Como resultado, los restaurantes pueden experimentar mejoras tangibles en ingresos y rentabilidad.<\/li>\n\n\n\n<li><strong>Presencia en l\u00ednea mejorada:<\/strong> En la era digital actual, una presencia online s\u00f3lida es esencial para que los restaurantes de los hoteles tengan \u00e9xito. SIS ayuda a los restaurantes a establecer y mantener una presencia online impactante mediante la optimizaci\u00f3n del sitio web, el marketing en motores de b\u00fasqueda y la gesti\u00f3n de redes sociales. Esto garantiza que los restaurantes sean f\u00e1cilmente detectables y accesibles para los hu\u00e9spedes potenciales.<\/li>\n\n\n\n<li><strong>Eficiencia operativa optimizada:<\/strong> SIS International eval\u00faa los procesos operativos y la eficiencia de los restaurantes de hoteles para identificar \u00e1reas de mejora. Al optimizar los flujos de trabajo, optimizar las ofertas de men\u00fa e implementar estrategias rentables, los restaurantes pueden mejorar la eficiencia operativa y la utilizaci\u00f3n de recursos.<\/li>\n<\/ul>\n\n\n\n<h2 class=\"wp-block-heading\">Oportunidades<\/h2>\n\n\n\n<ul class=\"wp-block-list\">\n<li><strong>Especializaci\u00f3n en Nichos de Mercado:<\/strong> Las empresas consultoras pueden aprovechar las oportunidades especializ\u00e1ndose en nichos de mercado dentro de la industria de restaurantes de hoteles. Esto podr\u00eda incluir centrarse en tipos de cocina espec\u00edficos, grupos demogr\u00e1ficos objetivo o regiones geogr\u00e1ficas, lo que permitir\u00eda a las empresas desarrollar experiencia y atraer clientes que buscan servicios especializados.<\/li>\n\n\n\n<li><strong>Integraci\u00f3n de Tecnolog\u00eda:<\/strong> Con la creciente dependencia de la tecnolog\u00eda en la industria hotelera, las empresas de consultor\u00eda tienen una oportunidad cada vez mayor de ofrecer soluciones impulsadas por la tecnolog\u00eda. Esto podr\u00eda incluir servicios como la implementaci\u00f3n de sistemas de gesti\u00f3n de relaciones con los clientes (CRM), el desarrollo de aplicaciones m\u00f3viles para reservas en restaurantes o el aprovechamiento del an\u00e1lisis de datos para campa\u00f1as de marketing personalizadas.<\/li>\n\n\n\n<li><strong>Expansi\u00f3n a mercados emergentes:<\/strong> As the hospitality industry continues to expand globally, there are opportunities for <a href=\"https:\/\/www.sisinternational.com\/es\/soluciones\/investigacion-de-mercado-de-ia-y-consultoria-estrategica\/consultoria-de-marketing-de-ia\/\" title=\"Consultor\u00eda de marketing de IA\"  data-wpil-monitor-id=\"5033\">consulting firms to expand into emerging markets<\/a>. This could involve offering consulting services to <a href=\"https:\/\/www.sisinternational.com\/es\/soluciones\/si-crecimiento-global\/consultoria-de-crecimiento\/\" title=\"Consultor\u00eda de crecimiento\"  data-wpil-monitor-id=\"6402\">hotel restaurants<\/a> in developing countries or regions experiencing rapid tourism growth with a growing demand for marketing expertise.<\/li>\n\n\n\n<li><strong>Asociaciones y colaboraciones:<\/strong> Colaborar con otras empresas del ecosistema hotelero, como empresas de gesti\u00f3n hotelera, proveedores de alimentos y bebidas o proveedores de tecnolog\u00eda, puede crear nuevas oportunidades para las empresas de consultor\u00eda. Las empresas de consultor\u00eda pueden ofrecer soluciones integrales y acceder a nuevas redes de clientes formando asociaciones estrat\u00e9gicas.<\/li>\n\n\n\n<li><strong>Centrarse en pr\u00e1cticas sostenibles:<\/strong> With increasing consumer awareness and concern for environmental sustainability, there is a growing demand for <a href=\"https:\/\/www.sisinternational.com\/es\/soluciones\/soluciones-de-investigacion-cualitativa-cuantitativa\/demand-forecasting-best-practices\/\" title=\"Demand Forecasting Best Practices\"  data-wpil-monitor-id=\"1651\">consulting services that help hotel restaurants<\/a> adopt sustainable practices. Consulting firms can capitalize on this trend by offering expertise in sustainable sourcing, waste reduction, and green marketing strategies.<\/li>\n<\/ul>\n\n\n\n<h2 class=\"wp-block-heading\">Desaf\u00edos<\/h2>\n\n\n\n<ul class=\"wp-block-list\">\n<li><strong>Fluctuaciones estacionales de la demanda:<\/strong> Los restaurantes de los hoteles a menudo experimentan fluctuaciones en la demanda seg\u00fan los patrones de viaje estacionales. Las temporadas altas registran mayores tasas de ocupaci\u00f3n y demanda de restaurantes, mientras que las temporadas bajas pueden resultar en un menor tr\u00e1fico peatonal e ingresos.<\/li>\n\n\n\n<li><strong>Competencia de opciones de comidas externas:<\/strong> Los restaurantes de los hoteles se enfrentan a la competencia de restaurantes independientes, cafeter\u00edas, servicios de entrega de alimentos y otras opciones gastron\u00f3micas de los alrededores. Esta competencia puede afectar la lealtad del cliente y la generaci\u00f3n de ingresos, especialmente si el restaurante del hotel necesita diferenciarse de manera efectiva.<\/li>\n\n\n\n<li><strong>Altos costos operativos:<\/strong> Administrar el restaurante de un hotel implica importantes costos operativos, que incluyen mano de obra, adquisici\u00f3n de alimentos y bebidas, servicios p\u00fablicos y mantenimiento. Administrar estos costos y al mismo tiempo mantener la rentabilidad puede ser un desaf\u00edo, particularmente durante per\u00edodos de baja ocupaci\u00f3n o crisis econ\u00f3micas.<\/li>\n\n\n\n<li><strong>Adaptarse a las cambiantes preferencias de los consumidores:<\/strong> Los restaurantes de los hoteles deben evolucionar continuamente para satisfacer las cambiantes preferencias de los consumidores, incluidas las tendencias diet\u00e9ticas, las preferencias culinarias y las preferencias por una comida experiencial. No adaptarse a estas preferencias puede resultar en una menor satisfacci\u00f3n del cliente y p\u00e9rdida de negocios.<\/li>\n\n\n\n<li><strong>Gesti\u00f3n de la reputaci\u00f3n online:<\/strong> Las rese\u00f1as online y las redes sociales desempe\u00f1an un papel importante a la hora de dar forma a la reputaci\u00f3n de los restaurantes de los hoteles. Las cr\u00edticas negativas o la reacci\u00f3n de las redes sociales pueden da\u00f1ar la reputaci\u00f3n del restaurante y disuadir a los clientes potenciales, lo que destaca la importancia de las estrategias proactivas de gesti\u00f3n de la reputaci\u00f3n.<\/li>\n<\/ul>\n\n\n\n<h2 class=\"wp-block-heading\">C\u00f3mo la consultor\u00eda de marketing de restaurantes hoteleros de SIS International ayuda a las empresas<\/h2>\n\n\n\n<p>SIS International&#8217;s hotel restaurant marketing consulting services are designed to provide comprehensive support for hospitality businesses. Through <a href=\"https:\/\/www.sisinternational.com\/es\/pericia\/industrias\/investigacion-de-mercado-de-discapacidad\/\" title=\"Disability Market Consulting\"  data-wpil-monitor-id=\"6801\">market research and consulting<\/a>, our experts aid businesses in reducing risk, boosting revenue, saving money and time, accelerating growth and innovation, and ultimately increasing ROI.<\/p>\n\n\n\n<ul class=\"wp-block-list\">\n<li><strong>La reducci\u00f3n de riesgos:<\/strong> SIS International lleva a cabo investigaciones de mercado exhaustivas para identificar riesgos y desaf\u00edos potenciales, lo que permite a las empresas implementar estrategias de manera efectiva que mitiguen estos riesgos.<\/li>\n\n\n\n<li><strong>Aumento de ingresos:<\/strong> Al analizar las tendencias del mercado y las preferencias de los consumidores, SIS International ayuda a las empresas a desarrollar estrategias de marketing espec\u00edficas que atraigan m\u00e1s clientes e impulsen el crecimiento de los ingresos.<\/li>\n\n\n\n<li><strong>Ahorro de costes:<\/strong> Permitimos que las empresas minimicen los gastos innecesarios y maximicen la rentabilidad mediante la asignaci\u00f3n eficiente de recursos y la toma de decisiones estrat\u00e9gicas basadas en conocimientos del mercado.<\/li>\n\n\n\n<li><strong>Ahorro de tiempo:<\/strong> Aprovechando su experiencia y conocimiento de la industria, SIS agiliza los procesos y la toma de decisiones, permitiendo a las empresas alcanzar sus objetivos de manera m\u00e1s eficiente.<\/li>\n\n\n\n<li><strong>Crecimiento e Innovaci\u00f3n:<\/strong> SIS International identifica tendencias y oportunidades emergentes dentro del mercado, lo que permite a las empresas innovar y mantenerse por delante de sus competidores.<\/li>\n\n\n\n<li><strong>Mejora del retorno de la inversi\u00f3n:<\/strong> Al alinear los esfuerzos de marketing con los objetivos comerciales y las necesidades de los consumidores, SIS International ayuda a las empresas a optimizar el retorno de su inversi\u00f3n.<\/li>\n<\/ul>\n\n\n\n<h2 class=\"wp-block-heading\">Acerca de SIS International Hotel Restaurant Marketing Consulting<\/h2>\n\n\n\n<p>La consultor\u00eda de marketing de restaurantes hoteleros de SIS International se especializa en brindar soluciones estrat\u00e9gicas personalizadas a empresas de todo el mundo. Nuestros consultores expertos ofrecen servicios integrales de asesoramiento en entrada al mercado, expansi\u00f3n empresarial, planificaci\u00f3n estrat\u00e9gica y desarrollo organizacional. Nos asociamos con clientes, desde an\u00e1lisis de mercado hasta soporte de implementaci\u00f3n, para impulsar un crecimiento sostenible y una ventaja competitiva. Cont\u00e1ctenos para explorar c\u00f3mo nuestra experiencia en consultor\u00eda puede potenciar su negocio.<\/p>\n\n\n\n<p><\/p>\n\n\n\n<p><\/p>","protected":false},"excerpt":{"rendered":"<p>La consultor\u00eda de marketing de restaurantes hoteleros crea y analiza planes de marketing estrat\u00e9gicos adaptados a los establecimientos de restauraci\u00f3n hoteleros.<\/p>","protected":false},"author":1,"featured_media":64035,"parent":44644,"menu_order":27,"comment_status":"closed","ping_status":"closed","template":"","meta":{"footnotes":""},"class_list":["post-47839","page","type-page","status-publish","has-post-thumbnail"],"_links":{"self":[{"href":"https:\/\/www.sisinternational.com\/es\/wp-json\/wp\/v2\/pages\/47839","targetHints":{"allow":["GET"]}}],"collection":[{"href":"https:\/\/www.sisinternational.com\/es\/wp-json\/wp\/v2\/pages"}],"about":[{"href":"https:\/\/www.sisinternational.com\/es\/wp-json\/wp\/v2\/types\/page"}],"author":[{"embeddable":true,"href":"https:\/\/www.sisinternational.com\/es\/wp-json\/wp\/v2\/users\/1"}],"replies":[{"embeddable":true,"href":"https:\/\/www.sisinternational.com\/es\/wp-json\/wp\/v2\/comments?post=47839"}],"version-history":[{"count":16,"href":"https:\/\/www.sisinternational.com\/es\/wp-json\/wp\/v2\/pages\/47839\/revisions"}],"predecessor-version":[{"id":80377,"href":"https:\/\/www.sisinternational.com\/es\/wp-json\/wp\/v2\/pages\/47839\/revisions\/80377"}],"up":[{"embeddable":true,"href":"https:\/\/www.sisinternational.com\/es\/wp-json\/wp\/v2\/pages\/44644"}],"wp:featuredmedia":[{"embeddable":true,"href":"https:\/\/www.sisinternational.com\/es\/wp-json\/wp\/v2\/media\/64035"}],"wp:attachment":[{"href":"https:\/\/www.sisinternational.com\/es\/wp-json\/wp\/v2\/media?parent=47839"}],"curies":[{"name":"wp","href":"https:\/\/api.w.org\/{rel}","templated":true}]}}