{"id":47730,"date":"2024-04-20T17:12:16","date_gmt":"2024-04-20T21:12:16","guid":{"rendered":"https:\/\/www.sisinternational.com\/?page_id=47730"},"modified":"2026-01-26T17:53:19","modified_gmt":"2026-01-26T22:53:19","slug":"sis-fintech-consultoria-asistio-a-pay-360-london","status":"publish","type":"page","link":"https:\/\/www.sisinternational.com\/es\/soluciones\/investigacion-de-consultoria-estrategica-fintech\/sis-fintech-consultoria-asistio-a-pay-360-london\/","title":{"rendered":"SIS FinTech Consulting asisti\u00f3 a Pay 360 London"},"content":{"rendered":"<h1 class=\"wp-block-heading\">SIS FinTech Consulting asisti\u00f3 a Pay 360 London<\/h1>\n\n\n\n<figure class=\"gb-block-image gb-block-image-734a4cda\"><img loading=\"lazy\" decoding=\"async\" width=\"1456\" height=\"816\" class=\"gb-image gb-image-734a4cda\" src=\"https:\/\/www.sisinternational.com\/wp-content\/uploads\/2025\/09\/Quantitative-reseasrch-in-London-Qualitative-research-in-London-4.jpg\" alt=\"Investigaci\u00f3n y estrategia de mercado internacional de SIS\" title=\"Quantitative reseasrch in London Qualitative research in London (4)\" srcset=\"https:\/\/www.sisinternational.com\/wp-content\/uploads\/2025\/09\/Quantitative-reseasrch-in-London-Qualitative-research-in-London-4.jpg 1456w, https:\/\/www.sisinternational.com\/wp-content\/uploads\/2025\/09\/Quantitative-reseasrch-in-London-Qualitative-research-in-London-4-300x168.jpg 300w, https:\/\/www.sisinternational.com\/wp-content\/uploads\/2025\/09\/Quantitative-reseasrch-in-London-Qualitative-research-in-London-4-1024x574.jpg 1024w, https:\/\/www.sisinternational.com\/wp-content\/uploads\/2025\/09\/Quantitative-reseasrch-in-London-Qualitative-research-in-London-4-768x430.jpg 768w, https:\/\/www.sisinternational.com\/wp-content\/uploads\/2025\/09\/Quantitative-reseasrch-in-London-Qualitative-research-in-London-4-18x10.jpg 18w\" sizes=\"auto, (max-width: 1456px) 100vw, 1456px\"><\/figure>\n\n\n\n<p><\/p>\n\n\n\n<hr class=\"wp-block-separator has-alpha-channel-opacity is-style-dots\"\/>\n\n\n\n<p>El evento Pay 360 es una reuni\u00f3n importante en la industria financiera y de pagos, que re\u00fane a expertos, l\u00edderes de opini\u00f3n e innovadores para discutir las \u00faltimas tendencias, desaf\u00edos y oportunidades.<\/p>\n\n\n\n<p>SIS International FinTech Consulting asisti\u00f3 al evento Pay 360 en Londres. Como actor reconocido en el campo, SIS aprovech\u00f3 esta oportunidad para interactuar con las partes interesadas de la industria, mostrar su experiencia y contribuir al discurso sobre tecnolog\u00edas de pago, comportamiento del consumidor y din\u00e1mica del mercado.<\/p>\n\n\n\n<h2 class=\"wp-block-heading\">\u00bfCu\u00e1l es la importancia del evento Pay360?<\/h2>\n\n\n\n<p>El evento re\u00fane a expertos, l\u00edderes de opini\u00f3n y profesionales de diversos sectores dentro del ecosistema de pagos. Los asistentes obtienen informaci\u00f3n valiosa sobre las \u00faltimas tendencias, cambios regulatorios y avances tecnol\u00f3gicos, y esta informaci\u00f3n informa las decisiones estrat\u00e9gicas y ayuda a las empresas a mantenerse competitivas.<\/p>\n\n\n\n<p>Pay 360 proporciona una plataforma para establecer contactos y colaborar. Los participantes pueden conectarse con clientes potenciales, socios y pares de la industria. Establecer relaciones durante el evento puede generar nuevas oportunidades comerciales y asociaciones. Adem\u00e1s, Pay 360 suele presentar sesiones dedicadas a actualizaciones de cumplimiento, marcos legales y estrategias de mitigaci\u00f3n de riesgos. Los participantes obtienen claridad sobre los requisitos de cumplimiento y pueden adaptar sus operaciones en consecuencia.<\/p>\n\n\n\n<h2 class=\"wp-block-heading\">Main Topics of the Pay 360&nbsp;<\/h2>\n\n\n\n<figure class=\"gb-block-image gb-block-image-d9052085\"><img loading=\"lazy\" decoding=\"async\" width=\"1456\" height=\"816\" class=\"gb-image gb-image-d9052085\" src=\"https:\/\/www.sisinternational.com\/wp-content\/uploads\/2025\/08\/Fintech-6.jpg\" alt=\"Investigaci\u00f3n y estrategia de mercado internacional de SIS\" title=\"Fintech (6)\" srcset=\"https:\/\/www.sisinternational.com\/wp-content\/uploads\/2025\/08\/Fintech-6.jpg 1456w, https:\/\/www.sisinternational.com\/wp-content\/uploads\/2025\/08\/Fintech-6-300x168.jpg 300w, https:\/\/www.sisinternational.com\/wp-content\/uploads\/2025\/08\/Fintech-6-1024x574.jpg 1024w, https:\/\/www.sisinternational.com\/wp-content\/uploads\/2025\/08\/Fintech-6-768x430.jpg 768w, https:\/\/www.sisinternational.com\/wp-content\/uploads\/2025\/08\/Fintech-6-18x10.jpg 18w\" sizes=\"auto, (max-width: 1456px) 100vw, 1456px\"><\/figure>\n\n\n\n<p><\/p>\n\n\n\n<p>El evento Pay360 de 2024 cubri\u00f3 una variedad de temas relacionados con la industria de pagos y fintech, que incluyen:<\/p>\n\n\n\n<ol class=\"wp-block-list\">\n<li><strong>IA y aprendizaje profundo:<\/strong> El evento explor\u00f3 c\u00f3mo la inteligencia artificial (IA) y el aprendizaje profundo impactan los procesos de pago. Los asistentes aprendieron sobre la detecci\u00f3n de fraude impulsada por IA, las experiencias personalizadas de los clientes y el an\u00e1lisis predictivo.<\/li>\n\n\n\n<li><strong>Pagos usables:<\/strong> Con el auge de los dispositivos wearables, el evento profundiz\u00f3 en las soluciones de pago wearables. Esto incluy\u00f3 debates sobre la integraci\u00f3n de pagos en relojes inteligentes, rastreadores de actividad f\u00edsica y otros dispositivos port\u00e1tiles.<\/li>\n\n\n\n<li><strong>Autenticaci\u00f3n biom\u00e9trica:<\/strong> El evento tambi\u00e9n cubri\u00f3 m\u00e9todos de autenticaci\u00f3n biom\u00e9trica, como sensores de huellas dactilares, reconocimiento facial y reconocimiento de voz para pagos seguros.<\/li>\n\n\n\n<li><strong>Tarjetas virtuales:<\/strong> Las tarjetas virtuales est\u00e1n ganando popularidad debido a su flexibilidad y caracter\u00edsticas de seguridad. Los participantes exploraron la emisi\u00f3n, el uso y la gesti\u00f3n de tarjetas virtuales.<\/li>\n\n\n\n<li><strong>Servicios de tecnolog\u00eda basados en la nube:<\/strong> El evento abord\u00f3 soluciones de pago basadas en la nube, escalabilidad y seguridad de datos en la nube.<\/li>\n\n\n\n<li><strong>Tecnolog\u00eda antifraude:<\/strong> Los asistentes aprendieron sobre las \u00faltimas tecnolog\u00edas antifraude, estrategias de mitigaci\u00f3n de riesgos y monitoreo en tiempo real\u00b2.<\/li>\n\n\n\n<li><strong>Herramientas de informes:<\/strong> Los informes y an\u00e1lisis eficientes son esenciales para los proveedores de pagos. El evento cubri\u00f3 herramientas de generaci\u00f3n de informes, visualizaci\u00f3n de datos e informaci\u00f3n \u00fatil para los tomadores de decisiones.<\/li>\n<\/ol>\n\n\n\n<h3 class=\"wp-block-heading\">Puntos clave<\/h3>\n\n\n\n<p>Paneles de expertos y talleres: SIS particip\u00f3 en varios paneles de expertos y talleres durante el evento. Estas sesiones cubrieron temas como pagos digitales, ciberseguridad, cumplimiento normativo y el impacto de las tecnolog\u00edas emergentes (como blockchain e IA) en el ecosistema de pagos.<\/p>\n\n\n\n<ul class=\"wp-block-list\">\n<li><strong>Perspectivas del mercado:<\/strong> SIS shared valuable <a href=\"https:\/\/www.sisinternational.com\/es\/cobertura\/las-americas\/investigacion-de-mercado-en-el-caribe\/investigacion-de-mercado-guadalupe\/\" title=\"Investigaci\u00f3n de mercado en Guadalupe\"  data-wpil-monitor-id=\"6093\">market insights based on their extensive research<\/a> and data analytics. Attendees gained a deeper understanding of consumer preferences, market segmentation, and the evolving landscape of payment methods.<\/li>\n\n\n\n<li><strong>Soluciones innovadoras: <\/strong><a href=\"https:\/\/www.linkedin.com\/company\/sisinternationalresearch\/posts\/?feedView=all\" target=\"_blank\" rel=\"noopener\">SIS<\/a> showcased innovative solutions designed to address industry challenges. From user experience testing to competitive intelligence, we empowered businesses to make informed decisions.<\/li>\n\n\n\n<li><strong>Oportunidades de establecer contactos:<\/strong> Representantes de SIS se conectaron con pares de la industria, clientes potenciales y colaboradores. Estas interacciones fomentaron asociaciones y facilitaron el intercambio de conocimientos.<\/li>\n<\/ul>\n\n\n\n<h2 class=\"wp-block-heading\">How SIS International is implementing these Topics and Insights in its Services?<\/h2>\n\n\n\n<figure class=\"gb-block-image gb-block-image-28b1af36\"><img loading=\"lazy\" decoding=\"async\" width=\"1456\" height=\"816\" class=\"gb-image gb-image-28b1af36\" src=\"https:\/\/www.sisinternational.com\/wp-content\/uploads\/2025\/09\/Focus-group-4-18.jpg\" alt=\"Investigaci\u00f3n y estrategia de mercado internacional de SIS\" title=\"Focus group 4 (18)\" srcset=\"https:\/\/www.sisinternational.com\/wp-content\/uploads\/2025\/09\/Focus-group-4-18.jpg 1456w, https:\/\/www.sisinternational.com\/wp-content\/uploads\/2025\/09\/Focus-group-4-18-300x168.jpg 300w, https:\/\/www.sisinternational.com\/wp-content\/uploads\/2025\/09\/Focus-group-4-18-1024x574.jpg 1024w, https:\/\/www.sisinternational.com\/wp-content\/uploads\/2025\/09\/Focus-group-4-18-768x430.jpg 768w, https:\/\/www.sisinternational.com\/wp-content\/uploads\/2025\/09\/Focus-group-4-18-18x10.jpg 18w\" sizes=\"auto, (max-width: 1456px) 100vw, 1456px\"><\/figure>\n\n\n\n<p><\/p>\n\n\n\n<p>As a recognized global leader in strategy consulting and market intelligence, SIS International <a href=\"https:\/\/sisaisolutions.com\/application-of-ai-in-fintech\/\" target=\"_blank\" rel=\"noopener\">Consultor\u00eda estrat\u00e9gica FinTech<\/a> is well-positioned to offer consulting services based on the topics discussed at the Pay360 event. Here&#8217;s how we can leverage these insights for their clients:<\/p>\n\n\n\n<p><strong><a class=\"wpil_keyword_link\" href=\"https:\/\/www.sisinternational.com\/es\/soluciones\/investigacion-de-consultoria-estrategica-fintech\/\" title=\"Consultor\u00eda estrat\u00e9gica e investigaci\u00f3n de mercado de FinTech\" data-wpil-keyword-link=\"linked\" data-wpil-monitor-id=\"264\">Consultor\u00eda estrat\u00e9gica FinTech<\/a>:<\/strong> SIS puede ayudar a las empresas a navegar por el panorama en r\u00e1pida evoluci\u00f3n de la tecnolog\u00eda financiera (FinTech). Nuestros expertos abordan preguntas cr\u00edticas como:<\/p>\n\n\n\n<ul class=\"wp-block-list\">\n<li>\u00bfCu\u00e1les son las \u00faltimas tendencias en FinTech?<\/li>\n\n\n\n<li>\u00bfQu\u00e9 innovaciones FinTech se alinean con las necesidades espec\u00edficas de los bancos?<\/li>\n\n\n\n<li>\u00bfC\u00f3mo pueden las organizaciones aprovechar la tecnolog\u00eda financiera y la inteligencia artificial de manera efectiva?<\/li>\n\n\n\n<li>\u00bfQu\u00e9 estrategias de inversi\u00f3n deber\u00edan adoptarse?<\/li>\n\n\n\n<li>\u00bfQu\u00e9 posici\u00f3n competitiva tienen sus competidores en FinTech?<\/li>\n<\/ul>\n\n\n\n<p><strong>Consultor\u00eda blockchain:<\/strong> Dado el creciente inter\u00e9s en la tecnolog\u00eda blockchain, SIS puede proporcionar soluciones de asesoramiento y estrategia blockchain l\u00edderes en el mundo. Orientamos a los clientes sobre la implementaci\u00f3n de blockchain, casos de uso y beneficios potenciales.<\/p>\n\n\n\n<p>Adem\u00e1s, SIS gu\u00eda a las empresas en la transici\u00f3n a sistemas basados en blockchain mientras optimiza los procesos operativos. Ayudamos a las empresas a identificar \u00e1reas dentro de sus operaciones donde la tecnolog\u00eda blockchain puede generar eficiencias o ahorros de costos.<\/p>\n\n\n\n<p><strong>Impulsando las innovaciones con soluciones de IA:<\/strong> SIS colabora con empresas de tecnolog\u00eda para desarrollar e implementar productos y servicios basados en IA. Nuestro objetivo es comprender el elemento humano detr\u00e1s de la adopci\u00f3n y transformaci\u00f3n de la IA. Al combinar la investigaci\u00f3n cualitativa y cuantitativa, SIS ayuda a las empresas a aprovechar la IA de forma eficaz.<\/p>\n\n\n\n<p>Identificamos casos de uso y oportunidades espec\u00edficos donde la IA puede crear valor para el negocio. Esto podr\u00eda implicar mejorar la eficiencia operativa, mejorar la experiencia del cliente, desarrollar nuevos productos o servicios u optimizar los procesos de toma de decisiones.<\/p>\n\n\n\n<p><strong>An\u00e1lisis de datos:<\/strong> SIS reports are clear and easy to digest, providing actionable insights. We analyze data more quickly than internal teams, making us an ideal partner for data science and analytics projects. Our consultants advise on the selection of appropriate AI technologies and platforms based on the organization&#8217;s needs, budget, and technical requirements. This may include machine learning frameworks, natural language processing tools, or robotic process automation software.<\/p>\n\n\n\n<p>Adem\u00e1s, SIS crea una hoja de ruta para la implementaci\u00f3n gradual de iniciativas de IA, considerando factores como la asignaci\u00f3n de recursos, el cronograma, la gesti\u00f3n de riesgos y la participaci\u00f3n de las partes interesadas. Esta hoja de ruta generalmente describe hitos cr\u00edticos, resultados y criterios de \u00e9xito para cada etapa del proceso de adopci\u00f3n de la IA.<\/p>\n\n\n\n<p><strong>Servicios de tecnolog\u00eda basados en la nube:<\/strong> La participaci\u00f3n de SIS International en servicios de tecnolog\u00eda basados en la nube para la industria de pagos gira en torno al aprovechamiento de los beneficios de la computaci\u00f3n en la nube para mejorar la eficiencia, la seguridad y la escalabilidad en el procesamiento de pagos y los servicios relacionados.<\/p>\n\n\n\n<p>Ayudamos a los actores de la industria de pagos a desarrollar y ejecutar estrategias de migraci\u00f3n a la nube. Incluye evaluar la infraestructura existente, identificar cargas de trabajo adecuadas para la migraci\u00f3n y seleccionar proveedores de servicios en la nube adecuados (por ejemplo, AWS, Azure, Google Cloud).<\/p>\n\n\n\n<p><strong>Tecnolog\u00eda antifraude:<\/strong> SIS conducts thorough assessments to identify vulnerabilities and evaluate the fraud risk faced by payment organizations. This involves analyzing transaction data, detecting patterns indicative of fraudulent activity, and evaluating existing fraud prevention measures. Moreover, we provide implementation support to ensure seamless integration with existing systems and processes.<\/p>\n\n\n\n<p><strong>Herramientas de informes:<\/strong> SIS desarrolla paneles de control de transacciones que brindan visibilidad en tiempo real de las transacciones de pago. Estos paneles permiten a los clientes realizar un seguimiento de los vol\u00famenes de transacciones, identificar anomal\u00edas y detectar r\u00e1pidamente actividades potencialmente fraudulentas.<\/p>\n\n\n\n<p>Reconociendo que cada cliente tiene requisitos de generaci\u00f3n de informes \u00fanicos, ofrecemos soluciones de generaci\u00f3n de informes personalizadas adaptadas a objetivos comerciales espec\u00edficos y preferencias de las partes interesadas. Estas soluciones se pueden adaptar para adaptarse a diferentes formatos de datos, t\u00e9cnicas de visualizaci\u00f3n y frecuencias de informes.<\/p>\n\n\n\n<h2 class=\"wp-block-heading\">Enfoque global de SIS en la industria de pagos<\/h2>\n\n\n\n<p>SIS International conducts market research and <a href=\"https:\/\/www.sisinternational.com\/es\/fintech-trends-2025\/\" title=\"FinTech Trends\" data-wpil-monitor-id=\"6647\">strategy consulting to understand current trends<\/a>, dynamics, and emerging opportunities. We analyze the market size, growth projections, and critical industry landscape drivers with a customer-centric focus.<\/p>\n\n\n\n<p>Moreover, rapid technological advancements are shaping the payments landscape. That&#8217;s why SIS International informs clients about the latest developments in blockchain, artificial intelligence, and biometrics. Our experts assess the potential impact of these innovations, identify opportunities for implementation, and guide clients in leveraging technology to enhance their offerings.<\/p>\n\n\n\n<p>Likewise, given the complex regulatory environment in the payments industry, SIS International offers regulatory compliance services to help clients navigate legal requirements and mitigate compliance risks. We help businesses stay abreast of regulatory changes, conduct compliance assessments, and guide them in adapting to regulatory shifts.<\/p>\n\n\n\n<h2 class=\"wp-block-heading\">Nuestra ubicaci\u00f3n de instalaciones en Nueva York<\/h2>\n\n\n\n<p>\n\n\n\n<iframe loading=\"lazy\" src=\"https:\/\/www.google.com\/maps\/embed?pb=!1m18!1m12!1m3!1d3022.976188376966!2d-73.99130312499956!3d40.740549471389315!2m3!1f0!2f0!3f0!3m2!1i1024!2i768!4f13.1!3m3!1m2!1s0x89c259a15798c731%3A0xd695d09bdd495f25!2s11%20E%2022nd%20St%20FL%202%2C%20New%20York%2C%20NY%2010010%2C%20USA!5e0!3m2!1sen!2spe!4v1726171763526!5m2!1sen!2spe\" width=\"600\" height=\"450\" allowfullscreen=\"allowfullscreen\" data-mce-fragment=\"1\"><\/iframe>\n\n\n\n<\/p>\n\n\n\n<h3 class=\"wp-block-heading\">11 E 22nd Street, piso 2, Nueva York, NY 10010 T: +1(212) 505-6805<\/h3>\n\n\n\n<hr class=\"wp-block-separator has-alpha-channel-opacity\"\/>\n\n\n\n<h2 class=\"wp-block-heading\"><span style=\"font-weight: 400;\">Acerca de SIS Internacional<\/span><\/h2>\n\n\n\n<p><a href=\"https:\/\/www.sisinternational.com\/es\/\"><span style=\"font-weight: 400;\">SIS Internacional<\/span><\/a><span style=\"font-weight: 400;\"> ofrece investigaci\u00f3n cuantitativa, cualitativa y estrat\u00e9gica. Proporcionamos datos, herramientas, estrategias, informes y conocimientos para la toma de decisiones. Tambi\u00e9n realizamos entrevistas, encuestas, grupos focales y otros m\u00e9todos y enfoques de investigaci\u00f3n de mercado.<\/span><a href=\"https:\/\/www.sisinternational.com\/es\/sobre-la-investigacion-internacional-de-sis\/contact-sis-international-market-research\/\"><span style=\"font-weight: 400;\"> P\u00f3ngase en contacto con nosotros<\/span><\/a><span style=\"font-weight: 400;\"> para su pr\u00f3ximo proyecto de Investigaci\u00f3n de Mercado.<\/span><\/p>\n\n\n\n<p><\/p>","protected":false},"excerpt":{"rendered":"<p>Pay 360 London re\u00fane a expertos en pagos, l\u00edderes de opini\u00f3n y profesionales para compartir conocimientos sobre tendencias, regulaciones y tecnolog\u00eda.<\/p>","protected":false},"author":1,"featured_media":65964,"parent":27462,"menu_order":90,"comment_status":"closed","ping_status":"closed","template":"","meta":{"footnotes":""},"class_list":["post-47730","page","type-page","status-publish","has-post-thumbnail"],"_links":{"self":[{"href":"https:\/\/www.sisinternational.com\/es\/wp-json\/wp\/v2\/pages\/47730","targetHints":{"allow":["GET"]}}],"collection":[{"href":"https:\/\/www.sisinternational.com\/es\/wp-json\/wp\/v2\/pages"}],"about":[{"href":"https:\/\/www.sisinternational.com\/es\/wp-json\/wp\/v2\/types\/page"}],"author":[{"embeddable":true,"href":"https:\/\/www.sisinternational.com\/es\/wp-json\/wp\/v2\/users\/1"}],"replies":[{"embeddable":true,"href":"https:\/\/www.sisinternational.com\/es\/wp-json\/wp\/v2\/comments?post=47730"}],"version-history":[{"count":11,"href":"https:\/\/www.sisinternational.com\/es\/wp-json\/wp\/v2\/pages\/47730\/revisions"}],"predecessor-version":[{"id":80226,"href":"https:\/\/www.sisinternational.com\/es\/wp-json\/wp\/v2\/pages\/47730\/revisions\/80226"}],"up":[{"embeddable":true,"href":"https:\/\/www.sisinternational.com\/es\/wp-json\/wp\/v2\/pages\/27462"}],"wp:featuredmedia":[{"embeddable":true,"href":"https:\/\/www.sisinternational.com\/es\/wp-json\/wp\/v2\/media\/65964"}],"wp:attachment":[{"href":"https:\/\/www.sisinternational.com\/es\/wp-json\/wp\/v2\/media?parent=47730"}],"curies":[{"name":"wp","href":"https:\/\/api.w.org\/{rel}","templated":true}]}}