{"id":47725,"date":"2024-04-20T17:22:10","date_gmt":"2024-04-20T21:22:10","guid":{"rendered":"https:\/\/www.sisinternational.com\/?page_id=47725"},"modified":"2026-03-12T12:42:30","modified_gmt":"2026-03-12T16:42:30","slug":"investigacion-de-mercado-de-enfermedades-raras","status":"publish","type":"page","link":"https:\/\/www.sisinternational.com\/es\/soluciones\/investigacion-de-mercado-biotecnologico-y-farmaceutico-de-atencion-medica\/investigacion-de-mercado-de-enfermedades-raras\/","title":{"rendered":"Investigaci\u00f3n de mercado de enfermedades raras"},"content":{"rendered":"<h1 class=\"wp-block-heading\">Investigaci\u00f3n de mercado de enfermedades raras<\/h1>\n\n\n\n<figure class=\"gb-block-image gb-block-image-6f485e55\"><img loading=\"lazy\" decoding=\"async\" width=\"1456\" height=\"816\" class=\"gb-image gb-image-6f485e55\" src=\"https:\/\/www.sisinternational.com\/wp-content\/uploads\/2025\/08\/Rare-disease-1.jpg\" alt=\"Investigaci\u00f3n y estrategia de mercado internacional de SIS\" title=\"Rare disease (1)\" srcset=\"https:\/\/www.sisinternational.com\/wp-content\/uploads\/2025\/08\/Rare-disease-1.jpg 1456w, https:\/\/www.sisinternational.com\/wp-content\/uploads\/2025\/08\/Rare-disease-1-300x168.jpg 300w, https:\/\/www.sisinternational.com\/wp-content\/uploads\/2025\/08\/Rare-disease-1-1024x574.jpg 1024w, https:\/\/www.sisinternational.com\/wp-content\/uploads\/2025\/08\/Rare-disease-1-768x430.jpg 768w, https:\/\/www.sisinternational.com\/wp-content\/uploads\/2025\/08\/Rare-disease-1-18x10.jpg 18w\" sizes=\"auto, (max-width: 1456px) 100vw, 1456px\"><\/figure>\n\n\n\n<p><\/p>\n\n\n\n<hr class=\"wp-block-separator has-alpha-channel-opacity is-style-dots\"\/>\n\n\n\n<p>La investigaci\u00f3n de mercado de enfermedades raras ayuda a las partes interesadas a identificar brechas en la atenci\u00f3n, mejorar el acceso de los pacientes a los tratamientos y mejorar la experiencia general del paciente.<\/p>\n\n\n\n<h2 class=\"wp-block-heading\">What Is Rare disease Market research?<\/h2>\n\n\n\n<p>La investigaci\u00f3n de mercado de enfermedades raras ofrece una inmersi\u00f3n profunda en las complejidades de las enfermedades raras, incluida la din\u00e1mica del mercado, los panoramas de tratamiento y los recorridos de los pacientes. Al comprender los matices de las enfermedades raras, las partes interesadas pueden desarrollar estrategias espec\u00edficas para acelerar el desarrollo de f\u00e1rmacos, mejorar las capacidades de diagn\u00f3stico y mejorar el acceso de los pacientes a terapias que cambian la vida.<\/p>\n\n\n\n<p>Esta investigaci\u00f3n de mercado se centra en comprender los desaf\u00edos, necesidades y oportunidades \u00fanicos asociados con las enfermedades raras, que afectan a un peque\u00f1o porcentaje de la poblaci\u00f3n. Es esencial para las empresas farmac\u00e9uticas, los proveedores de atenci\u00f3n sanitaria, los formuladores de pol\u00edticas y los grupos de defensa de los pacientes que buscan desarrollar tratamientos, mejorar los resultados de los pacientes y crear conciencia sobre las enfermedades raras. Esta informaci\u00f3n ayuda a las partes interesadas a priorizar los esfuerzos de investigaci\u00f3n y desarrollo y a asignar recursos de manera efectiva.<\/p>\n\n\n\n<h2 class=\"wp-block-heading\">\u00bfPor qu\u00e9 es importante?<\/h2>\n\n\n\n<p><a href=\"https:\/\/www.sisinternational.com\/es\/pericia\/industrias\/investigacion-de-mercado-de-metales-de-tierras-raras\/\" title=\"Investigaci\u00f3n de mercado de metales de tierras raras\"  data-wpil-monitor-id=\"5165\">Rare disease market research<\/a> is crucial for businesses and organizations focusing on rare diseases, which often have unique challenges and require specialized approaches. This research provides valuable insights into the prevalence of rare diseases, patient demographics, treatment options, and unmet needs, enabling companies to develop targeted therapies and support programs for rare disease patients.<\/p>\n\n\n\n<p>Al estudiar las experiencias de pacientes con enfermedades raras, proveedores de atenci\u00f3n m\u00e9dica y cuidadores, las empresas pueden identificar brechas en la atenci\u00f3n y desarrollar soluciones para mejorar los resultados de los pacientes. Esto podr\u00eda incluir el desarrollo de nuevos tratamientos, brindar acceso a atenci\u00f3n especializada u ofrecer servicios de apoyo para ayudar a los pacientes a controlar su afecci\u00f3n de manera efectiva.<\/p>\n\n\n\n<p>Adem\u00e1s, la investigaci\u00f3n de mercado de enfermedades raras es esencial para crear conciencia sobre las enfermedades raras y defender las necesidades de los pacientes. Al compartir los resultados de las investigaciones con proveedores de atenci\u00f3n m\u00e9dica, formuladores de pol\u00edticas y el p\u00fablico en general, las empresas pueden ayudar a crear conciencia sobre las enfermedades raras y los desaf\u00edos que enfrentan los pacientes.<\/p>\n\n\n\n<h2 class=\"wp-block-heading\">\u00bfQui\u00e9n utiliza la investigaci\u00f3n de mercado de enfermedades raras?<\/h2>\n\n\n\n<figure class=\"gb-block-image gb-block-image-592766ce\"><img loading=\"lazy\" decoding=\"async\" width=\"1456\" height=\"816\" class=\"gb-image gb-image-592766ce\" src=\"https:\/\/www.sisinternational.com\/wp-content\/uploads\/2025\/08\/Rare-disease-3.jpg\" alt=\"Investigaci\u00f3n y estrategia de mercado internacional de SIS\" title=\"Rare disease (3)\" srcset=\"https:\/\/www.sisinternational.com\/wp-content\/uploads\/2025\/08\/Rare-disease-3.jpg 1456w, https:\/\/www.sisinternational.com\/wp-content\/uploads\/2025\/08\/Rare-disease-3-300x168.jpg 300w, https:\/\/www.sisinternational.com\/wp-content\/uploads\/2025\/08\/Rare-disease-3-1024x574.jpg 1024w, https:\/\/www.sisinternational.com\/wp-content\/uploads\/2025\/08\/Rare-disease-3-768x430.jpg 768w, https:\/\/www.sisinternational.com\/wp-content\/uploads\/2025\/08\/Rare-disease-3-18x10.jpg 18w\" sizes=\"auto, (max-width: 1456px) 100vw, 1456px\"><\/figure>\n\n\n\n<p><\/p>\n\n\n\n<p>Pharmaceutical companies rely on <a href=\"https:\/\/www.sisinternational.com\/es\/pericia\/industrias\/investigacion-de-mercado-de-productos-farmaceuticos\/\" title=\"Investigaci\u00f3n de mercado farmac\u00e9utico\"  data-wpil-monitor-id=\"3467\">investigaci\u00f3n de mercado de enfermedades raras<\/a> to identify unmet medical needs, assess market potential, and develop new therapies. Pharmaceutical companies can make strategic decisions about drug development, clinical trials, and commercialization strategies for rare disease treatments.<\/p>\n\n\n\n<p><a href=\"https:\/\/www.sisinternational.com\/es\/creacion-de-organos-con-impresoras-3d\/\" title=\"Creaci\u00f3n de \u00f3rganos e investigaci\u00f3n de mercado de impresoras 3D\"  data-wpil-monitor-id=\"6890\">Healthcare providers use market research<\/a> to stay informed about the latest rare disease treatment and management advancements. Healthcare providers can improve their ability to diagnose and treat rare diseases, ultimately improving patient outcomes.<\/p>\n\n\n\n<p>Patient advocacy groups utilize <a href=\"https:\/\/www.sisinternational.com\/es\/pericia\/industrias\/investigacion-de-mercado-del-viaje-del-paciente\/\" title=\"Investigaci\u00f3n de mercado del viaje del paciente\"  data-wpil-monitor-id=\"5384\">investigaci\u00f3n de mercado de enfermedades raras<\/a> to raise awareness about rare diseases, advocate for policy changes, and provide support and resources to patients and their families. By analyzing market data, advocacy groups can identify gaps in care and develop programs to address these challenges.<\/p>\n\n\n\n<p>Regulatory agencies leverage <a href=\"https:\/\/www.sisinternational.com\/es\/pericia\/industrias\/estudio-de-mercado-de-seguridad-vial\/\" title=\"Investigaci\u00f3n de mercado de seguridad vial\"  data-wpil-monitor-id=\"4734\">market research to assess the safety<\/a> and efficacy of rare disease treatments and ensure that patients have access to safe and effective therapies. Analyzing market data enables regulatory agencies to make informed decisions about drug approvals and monitoring.<\/p>\n\n\n\n<h2 class=\"wp-block-heading\">Evaluaci\u00f3n de la din\u00e1mica del mercado:<\/h2>\n\n\n\n<p>SIS International eval\u00faa la din\u00e1mica y las tendencias del mercado en el panorama de las enfermedades raras, incluida la prevalencia de la enfermedad, la demograf\u00eda de los pacientes y las opciones de tratamiento. Brindamos a las partes interesadas informaci\u00f3n sobre las oportunidades, los desaf\u00edos y las barreras de entrada del mercado. Esta informaci\u00f3n permite a las partes interesadas tomar decisiones informadas sobre estrategias de inversi\u00f3n, prioridades de desarrollo de medicamentos e iniciativas de acceso al mercado de enfermedades raras.<\/p>\n\n\n\n<ul class=\"wp-block-list\">\n<li><strong>Identificaci\u00f3n de partes interesadas clave:<\/strong> SIS identifica partes interesadas clave en el ecosistema de enfermedades raras, incluidos pacientes, cuidadores, grupos de defensa, proveedores de atenci\u00f3n m\u00e9dica y agencias reguladoras. Al interactuar con estas partes interesadas a trav\u00e9s de encuestas, entrevistas y grupos focales, los expertos de SIS construyen relaciones y recopilan informaci\u00f3n sobre sus perspectivas, preferencias y prioridades.<\/li>\n\n\n\n<li><strong>Orientaci\u00f3n sobre estrategias regulatorias y de reembolso: <\/strong>SIS International orienta estrategias regulatorias y de reembolso para terapias de enfermedades raras. Al analizar los requisitos regulatorios, las pol\u00edticas de reembolso y las v\u00edas de acceso al mercado, ayudamos a las empresas farmac\u00e9uticas a navegar por el complejo panorama regulatorio y obtener aprobaciones y reembolsos para sus productos.<\/li>\n<\/ul>\n\n\n\n<p>El mercado de enfermedades raras ofrece a las empresas farmac\u00e9uticas oportunidades para desarrollar medicamentos y terapias hu\u00e9rfanos dirigidos a necesidades m\u00e9dicas no satisfechas en poblaciones de enfermedades raras. A trav\u00e9s de la inversi\u00f3n en la investigaci\u00f3n de enfermedades raras, las empresas pueden identificar nuevos objetivos farmacol\u00f3gicos, reutilizar terapias existentes y aprovechar incentivos regulatorios, como la designaci\u00f3n de medicamentos hu\u00e9rfanos y la exclusividad en el mercado, para acelerar el desarrollo y la comercializaci\u00f3n de medicamentos.<\/p>\n\n\n\n<ul class=\"wp-block-list\">\n<li><strong>Ampliaci\u00f3n de los enfoques de la medicina de precisi\u00f3n:<\/strong> La investigaci\u00f3n contribuye al avance de enfoques de medicina de precisi\u00f3n adaptados a los perfiles individuales de los pacientes, sus antecedentes gen\u00e9ticos y las caracter\u00edsticas de las enfermedades. Las empresas pueden aprovechar la secuenciaci\u00f3n gen\u00f3mica, el descubrimiento de biomarcadores y los diagn\u00f3sticos personalizados para desarrollar terapias dirigidas y diagn\u00f3sticos complementarios para enfermedades raras.<\/li>\n\n\n\n<li><strong>Asociaciones con grupos de defensa de pacientes:<\/strong> La colaboraci\u00f3n con grupos de defensa de pacientes brinda a las empresas oportunidades para interactuar con comunidades de enfermedades raras, crear conciencia y abordar necesidades no satisfechas. Al asociarse con organizaciones de defensa de los pacientes, las empresas pueden obtener informaci\u00f3n sobre las experiencias, prioridades y preferencias de los pacientes, informando los esfuerzos de investigaci\u00f3n y desarrollo, el dise\u00f1o de ensayos cl\u00ednicos y los programas de apoyo al paciente.<\/li>\n\n\n\n<li><strong>Avance de las soluciones de salud digital:<\/strong> La integraci\u00f3n de soluciones de salud digitales, como la telemedicina, la monitorizaci\u00f3n remota y las aplicaciones de salud m\u00f3viles, presenta oportunidades para mejorar el diagn\u00f3stico, la gesti\u00f3n y la participaci\u00f3n de los pacientes de enfermedades raras. Las empresas pueden desarrollar herramientas y plataformas digitales innovadoras que faciliten consultas remotas, monitoreo de datos en tiempo real e intervenciones de salud personalizadas para pacientes con enfermedades raras.<\/li>\n<\/ul>\n\n\n\n<h2 class=\"wp-block-heading\">Oportunidades<\/h2>\n\n\n\n<p>Despite the opportunities, businesses face challenges in conducting effective rare disease <a href=\"https:\/\/www.sisinternational.com\/es\/telefono-inteligente\/\" title=\"Investigaci\u00f3n de mercado de tel\u00e9fonos inteligentes\"  data-wpil-monitor-id=\"2890\">market research and developing innovative solutions<\/a> for rare disease populations.<\/p>\n\n\n\n<ul class=\"wp-block-list\">\n<li><strong>Poblaciones de pacientes peque\u00f1as y heterogeneidad:<\/strong> Las enfermedades raras se caracterizan por poblaciones de pacientes peque\u00f1as y heterogeneidad, lo que dificulta reclutar suficientes participantes para estudios de investigaci\u00f3n y realizar an\u00e1lisis estad\u00edsticamente significativos.<\/li>\n\n\n\n<li><strong>Disponibilidad y accesibilidad de datos limitadas:<\/strong> Estas enfermedades a menudo carecen de una infraestructura de datos integral, registros y herramientas estandarizadas de recopilaci\u00f3n de datos, lo que dificulta la capacidad de los investigadores para acceder, analizar y compartir datos de manera efectiva. La disponibilidad y accesibilidad limitadas de los datos plantean desaf\u00edos para los estudios epidemiol\u00f3gicos, la investigaci\u00f3n de historia natural y la vigilancia poscomercializaci\u00f3n de terapias para enfermedades raras.<\/li>\n\n\n\n<li><strong>Obst\u00e1culos regulatorios y de reembolso:<\/strong> Las v\u00edas regulatorias para la aprobaci\u00f3n de medicamentos hu\u00e9rfanos son complejas y pueden requerir evidencia cl\u00ednica adicional, estudios poscomercializaci\u00f3n y estrategias de mitigaci\u00f3n de riesgos para demostrar la seguridad y eficacia. Adem\u00e1s, las pol\u00edticas de reembolso para tratamientos de enfermedades raras var\u00edan seg\u00fan las regiones, los pagadores y los sistemas de salud, lo que crea incertidumbres en torno al acceso al mercado, los precios y las negociaciones de reembolso para las terapias de enfermedades raras.<\/li>\n\n\n\n<li><strong>Altos costos de desarrollo y riesgos financieros:<\/strong> El desarrollo de medicamentos para enfermedades raras implica altos costos, largos plazos de desarrollo y riesgos financieros para las empresas. Las peque\u00f1as poblaciones de pacientes, el potencial comercial limitado y las incertidumbres regulatorias asociadas con las enfermedades raras aumentan los costos de desarrollo y disminuyen el potencial de ingresos para las terapias de enfermedades raras.<\/li>\n<\/ul>\n\n\n\n<h2 class=\"wp-block-heading\">The SIS Advantage<\/h2>\n\n\n\n<p>SIS International offers specialized services and expertise to help businesses overcome the challenges and capitalize on the opportunities in the rare disease market research.<\/p>\n\n\n\n<ul class=\"wp-block-list\">\n<li><strong>Dise\u00f1o de investigaci\u00f3n estrat\u00e9gica:<\/strong> SIS International colabora con clientes para dise\u00f1ar estudios de investigaci\u00f3n estrat\u00e9gicos adaptados a las necesidades y objetivos \u00fanicos de la investigaci\u00f3n de enfermedades raras. Nos aseguramos de que los dise\u00f1os de investigaci\u00f3n sean integrales, rigurosos y est\u00e9n alineados con los est\u00e1ndares regulatorios y de la industria. Este enfoque estrat\u00e9gico permite a los clientes generar evidencia s\u00f3lida, identificar necesidades no satisfechas y optimizar estrategias de desarrollo para terapias de enfermedades raras.<\/li>\n\n\n\n<li><strong>Participaci\u00f3n y defensa del paciente:<\/strong> SIS engages with rare disease patient communities, advocacy groups, and key stakeholders to ensure that patient perspectives are integrated into the research process. <\/li>\n\n\n\n<li><strong>Soporte de Acceso al Mercado y Comercializaci\u00f3n:<\/strong> Our specialists provide market access and commercialization support to help clients navigate regulatory and reimbursement challenges in the rare disease market. <\/li>\n\n\n\n<li><strong>Mapeo y participaci\u00f3n de las partes interesadas:<\/strong> We conduct stakeholder mapping and engagement activities to identify key opinion leaders, opinion influencers, and decision-makers in the rare disease ecosystem. <\/li>\n<\/ul>\n\n\n\n<p><\/p>","protected":false},"excerpt":{"rendered":"<p>La investigaci\u00f3n de mercado de enfermedades raras proporciona un an\u00e1lisis en profundidad de las enfermedades raras, la din\u00e1mica del mercado, las opciones de tratamiento y las experiencias de los pacientes.<\/p>","protected":false},"author":1,"featured_media":64849,"parent":11294,"menu_order":456,"comment_status":"closed","ping_status":"closed","template":"","meta":{"footnotes":""},"class_list":["post-47725","page","type-page","status-publish","has-post-thumbnail"],"_links":{"self":[{"href":"https:\/\/www.sisinternational.com\/es\/wp-json\/wp\/v2\/pages\/47725","targetHints":{"allow":["GET"]}}],"collection":[{"href":"https:\/\/www.sisinternational.com\/es\/wp-json\/wp\/v2\/pages"}],"about":[{"href":"https:\/\/www.sisinternational.com\/es\/wp-json\/wp\/v2\/types\/page"}],"author":[{"embeddable":true,"href":"https:\/\/www.sisinternational.com\/es\/wp-json\/wp\/v2\/users\/1"}],"replies":[{"embeddable":true,"href":"https:\/\/www.sisinternational.com\/es\/wp-json\/wp\/v2\/comments?post=47725"}],"version-history":[{"count":13,"href":"https:\/\/www.sisinternational.com\/es\/wp-json\/wp\/v2\/pages\/47725\/revisions"}],"predecessor-version":[{"id":80460,"href":"https:\/\/www.sisinternational.com\/es\/wp-json\/wp\/v2\/pages\/47725\/revisions\/80460"}],"up":[{"embeddable":true,"href":"https:\/\/www.sisinternational.com\/es\/wp-json\/wp\/v2\/pages\/11294"}],"wp:featuredmedia":[{"embeddable":true,"href":"https:\/\/www.sisinternational.com\/es\/wp-json\/wp\/v2\/media\/64849"}],"wp:attachment":[{"href":"https:\/\/www.sisinternational.com\/es\/wp-json\/wp\/v2\/media?parent=47725"}],"curies":[{"name":"wp","href":"https:\/\/api.w.org\/{rel}","templated":true}]}}