{"id":47723,"date":"2024-04-20T17:19:48","date_gmt":"2024-04-20T21:19:48","guid":{"rendered":"https:\/\/www.sisinternational.com\/?page_id=47723"},"modified":"2026-01-24T17:23:45","modified_gmt":"2026-01-24T22:23:45","slug":"investigacion-de-mercado-de-crecimiento-corporativo-internacional","status":"publish","type":"page","link":"https:\/\/www.sisinternational.com\/es\/soluciones\/investigacion-de-mercado-de-crecimiento-corporativo-internacional\/","title":{"rendered":"Estudio del mercado internacional del crecimiento empresarial"},"content":{"rendered":"<h1 class=\"wp-block-heading\">Estudio del mercado internacional del crecimiento empresarial<\/h1>\n\n\n\n<figure class=\"gb-block-image gb-block-image-471f9c14\"><img loading=\"lazy\" decoding=\"async\" width=\"1024\" height=\"574\" class=\"gb-image gb-image-471f9c14\" src=\"https:\/\/www.sisinternational.com\/wp-content\/uploads\/2025\/08\/Global-1-1024x574.jpg\" alt=\"Investigaci\u00f3n y estrategia de mercado internacional de SIS\" title=\"Global (1)\" srcset=\"https:\/\/www.sisinternational.com\/wp-content\/uploads\/2025\/08\/Global-1-1024x574.jpg 1024w, https:\/\/www.sisinternational.com\/wp-content\/uploads\/2025\/08\/Global-1-300x168.jpg 300w, https:\/\/www.sisinternational.com\/wp-content\/uploads\/2025\/08\/Global-1-768x430.jpg 768w, https:\/\/www.sisinternational.com\/wp-content\/uploads\/2025\/08\/Global-1-18x10.jpg 18w, https:\/\/www.sisinternational.com\/wp-content\/uploads\/2025\/08\/Global-1.jpg 1456w\" sizes=\"auto, (max-width: 1024px) 100vw, 1024px\"><\/figure>\n\n\n\n<p><\/p>\n\n\n\n<hr class=\"wp-block-separator has-alpha-channel-opacity is-style-dots\"\/>\n\n\n\n<p>La investigaci\u00f3n de mercados de crecimiento corporativo internacional incluye el an\u00e1lisis del comportamiento y las preferencias de los consumidores en los mercados objetivo. Esto implica recopilar datos sobre la demograf\u00eda de los consumidores, h\u00e1bitos de compra y preferencias de productos y servicios para adaptar las ofertas a las necesidades locales.<\/p>\n\n\n\n<p>El crecimiento corporativo internacional es un esfuerzo desafiante pero gratificante para las empresas que buscan acceder a nuevos mercados. Por esta raz\u00f3n, la investigaci\u00f3n del mercado de crecimiento corporativo internacional ofrece un an\u00e1lisis integral de las tendencias del mercado global, los paisajes competitivos y los matices culturales, brindando a las empresas los conocimientos estrat\u00e9gicos necesarios para tener \u00e9xito en diversos mercados internacionales.<\/p>\n\n\n\n<h2 class=\"wp-block-heading\">\u00bfQu\u00e9 es la investigaci\u00f3n de mercado de crecimiento corporativo internacional?<\/h2>\n\n\n\n<p>La investigaci\u00f3n de mercados de crecimiento corporativo internacional ayuda a las empresas a comprender y evaluar oportunidades de expansi\u00f3n y crecimiento en los mercados internacionales. Comienza analizando las tendencias del mercado, los panoramas competitivos, los entornos regulatorios y las preferencias de los consumidores en diferentes pa\u00edses para identificar estrategias de crecimiento viables. Esta informaci\u00f3n ayuda a las empresas a priorizar los mercados que ofrecen el mayor potencial de crecimiento y rentabilidad.<\/p>\n\n\n\n<h2 class=\"wp-block-heading\">\u00bfPor qu\u00e9 las empresas necesitan una investigaci\u00f3n de mercado de crecimiento corporativo internacional?<\/h2>\n\n\n\n<p>La investigaci\u00f3n de mercados de crecimiento corporativo internacional es esencial para que las empresas expandan sus operaciones m\u00e1s all\u00e1 de sus fronteras nacionales. Al analizar las tendencias del mercado global e identificar nuevas oportunidades, las empresas pueden desarrollar planes de crecimiento estrat\u00e9gico que aprovechen el potencial de los mercados internacionales.<\/p>\n\n\n\n<p>Adem\u00e1s, esta investigaci\u00f3n de mercado ayuda a las empresas a comprender las diferencias culturales, econ\u00f3micas y regulatorias que existen en los mercados internacionales. Este conocimiento es crucial para desarrollar estrategias personalizadas que mitiguen los riesgos y garanticen una entrada y expansi\u00f3n exitosas en el mercado.<\/p>\n\n\n\n<p>Additionally, as businesses expand internationally, they need to stay ahead of competitors and adapt to changing market dynamics. International corporate growth <a href=\"https:\/\/www.sisinternational.com\/es\/estrategias-de-sostenibilidad-corporativa-un-estudio-de-caso-de-siemens\/\" title=\"Estrategias de sostenibilidad corporativa: un estudio de caso de Siemens\"  data-wpil-monitor-id=\"1737\">market research provides insights into competitor strategies<\/a>, market trends, and customer preferences, helping businesses stay agile and responsive in global markets.<\/p>\n\n\n\n<h2 class=\"wp-block-heading\">\u00bfQui\u00e9n utiliza la investigaci\u00f3n de mercado de crecimiento corporativo internacional?<\/h2>\n\n\n\n<figure class=\"gb-block-image gb-block-image-86f32a7a\"><img loading=\"lazy\" decoding=\"async\" width=\"1456\" height=\"816\" class=\"gb-image gb-image-86f32a7a\" src=\"https:\/\/www.sisinternational.com\/wp-content\/uploads\/2025\/08\/Global-8.jpg\" alt=\"Investigaci\u00f3n y estrategia de mercado internacional de SIS\" title=\"Global (8)\" srcset=\"https:\/\/www.sisinternational.com\/wp-content\/uploads\/2025\/08\/Global-8.jpg 1456w, https:\/\/www.sisinternational.com\/wp-content\/uploads\/2025\/08\/Global-8-300x168.jpg 300w, https:\/\/www.sisinternational.com\/wp-content\/uploads\/2025\/08\/Global-8-1024x574.jpg 1024w, https:\/\/www.sisinternational.com\/wp-content\/uploads\/2025\/08\/Global-8-768x430.jpg 768w, https:\/\/www.sisinternational.com\/wp-content\/uploads\/2025\/08\/Global-8-18x10.jpg 18w\" sizes=\"auto, (max-width: 1456px) 100vw, 1456px\"><\/figure>\n\n\n\n<p><\/p>\n\n\n\n<p>Los ejecutivos corporativos y los tomadores de decisiones dependen de la investigaci\u00f3n de mercado para identificar nuevos mercados, evaluar el potencial del mercado y tomar decisiones informadas sobre la expansi\u00f3n internacional. Mediante el an\u00e1lisis de datos de mercado, los ejecutivos pueden identificar oportunidades de crecimiento y desarrollar estrategias para ingresar a nuevos mercados con \u00e9xito.<\/p>\n\n\n\n<p>Business development teams use <a href=\"https:\/\/www.sisinternational.com\/es\/resistencia-de-las-empresas-coronavirus\/\" title=\"Estudio de mercado de la resiliencia empresarial en Covid\"  data-wpil-monitor-id=\"7283\">investigaci\u00f3n de mercado de crecimiento corporativo internacional<\/a> to identify potential partners, assess competitive landscapes, and develop market entry strategies. By understanding market dynamics, they can identify the best opportunities for growth and create partnerships that support their international expansion efforts.<\/p>\n\n\n\n<p>Los inversores y las instituciones financieras utilizan estudios de mercado de crecimiento corporativo internacional para evaluar el potencial retorno de la inversi\u00f3n (ROI) de las oportunidades de expansi\u00f3n internacional. Los inversores pueden evaluar los riesgos y oportunidades asociados con el crecimiento internacional y tomar decisiones informadas sobre d\u00f3nde asignar capital.<\/p>\n\n\n\n<h2 class=\"wp-block-heading\">Oportunidades en el mercado internacional de crecimiento corporativo<\/h2>\n\n\n\n<p>El mercado de crecimiento corporativo internacional ofrece abundantes oportunidades para que las empresas expandan su huella global, accedan a nuevos mercados e impulsen un crecimiento sostenible.<\/p>\n\n\n\n<ul class=\"wp-block-list\">\n<li><strong>Acceso a mercados emergentes:<\/strong> La expansi\u00f3n internacional proporciona a las empresas acceso a mercados emergentes con potencial de crecimiento y rentabilidad sin explotar. Los mercados de Asia, Am\u00e9rica Latina y \u00c1frica ofrecen vastas poblaciones de consumidores y segmentos de clase media en ascenso, lo que presenta oportunidades lucrativas para que las empresas introduzcan sus productos y servicios.<\/li>\n\n\n\n<li><strong>Diversificaci\u00f3n de las corrientes de ingresos:<\/strong> La expansi\u00f3n internacional permite a las empresas diversificar sus flujos de ingresos y reducir la dependencia de un \u00fanico mercado o regi\u00f3n geogr\u00e1fica. Al operar en m\u00faltiples mercados, las empresas pueden mitigar los riesgos asociados con las fluctuaciones econ\u00f3micas, los cambios regulatorios y las presiones competitivas y, al mismo tiempo, capitalizar las diversas preferencias de los consumidores y las tendencias de la demanda.<\/li>\n\n\n\n<li><strong>Alianzas y colaboraciones estrat\u00e9gicas:<\/strong> La expansi\u00f3n internacional abre puertas a asociaciones y colaboraciones estrat\u00e9gicas con empresas, distribuidores y proveedores locales. Las empresas colaborativas facilitan la entrada al mercado, mejoran la penetraci\u00f3n en el mercado y aprovechan la experiencia y las redes locales, lo que permite a las empresas acelerar el crecimiento y obtener una ventaja competitiva en nuevos mercados.<\/li>\n\n\n\n<li><strong>Acceso a Hubs de Talento e Innovaci\u00f3n:<\/strong> La expansi\u00f3n internacional permite a las empresas aprovechar grupos de talentos y centros de innovaci\u00f3n globales, fomentando la creatividad, la diversidad y la colaboraci\u00f3n intercultural. Al establecer una presencia en grupos tecnol\u00f3gicos clave y regiones ricas en talento, las empresas pueden impulsar la innovaci\u00f3n, atraer a los mejores talentos y mantenerse por delante de los competidores en industrias en r\u00e1pida evoluci\u00f3n.<\/li>\n<\/ul>\n\n\n\n<h2 class=\"wp-block-heading\">Challenges of the International Corporate Growth Market<\/h2>\n\n\n\n<p>A pesar de las oportunidades prometedoras, las empresas enfrentan varios desaf\u00edos al expandirse internacionalmente, que requieren una planificaci\u00f3n cuidadosa, previsi\u00f3n estrat\u00e9gica y agilidad operativa para superarlos.<\/p>\n\n\n\n<ul class=\"wp-block-list\">\n<li><strong>Barreras culturales y ling\u00fc\u00edsticas:<\/strong> Las diferencias culturales y las barreras ling\u00fc\u00edsticas plantean desaf\u00edos para las empresas que operan en diversos mercados internacionales. Comprender las costumbres, tradiciones y normas de comunicaci\u00f3n locales es esencial para generar confianza, fomentar relaciones significativas y llegar a las audiencias objetivo de manera efectiva.<\/li>\n\n\n\n<li><strong>Cumplimiento Normativo y Riesgos Legales:<\/strong> Navegar por el cumplimiento normativo y los riesgos legales en los mercados internacionales requiere que las empresas se mantengan al tanto de las leyes, regulaciones y pr\u00e1cticas comerciales locales. El cumplimiento de las regulaciones comerciales, las leyes fiscales y los derechos de propiedad intelectual es fundamental para evitar disputas legales, multas y da\u00f1os a la reputaci\u00f3n en jurisdicciones extranjeras.<\/li>\n\n\n\n<li><strong>Complejidad log\u00edstica y de la cadena de suministro:<\/strong> La gesti\u00f3n de operaciones log\u00edsticas y de cadena de suministro complejas a trav\u00e9s de las fronteras presenta desaf\u00edos log\u00edsticos, incluido el transporte, el despacho de aduanas y la gesti\u00f3n de inventario. Las empresas deben optimizar los procesos de la cadena de suministro, mitigar las interrupciones y garantizar la entrega oportuna de bienes y servicios para satisfacer las demandas de los clientes y mantener una ventaja competitiva.<\/li>\n\n\n\n<li><strong>Costos de entrada y expansi\u00f3n del mercado:<\/strong> La expansi\u00f3n internacional implica una importante inversi\u00f3n inicial y costos operativos continuos, que incluyen investigaci\u00f3n de mercado, estrategias de entrada al mercado, desarrollo de infraestructura y adquisici\u00f3n de talento. Gestionar los costos de forma eficaz y maximizar el rendimiento de la inversi\u00f3n requiere que las empresas desarrollen modelos financieros s\u00f3lidos, estrategias de mitigaci\u00f3n de riesgos y planes de contingencia.<\/li>\n<\/ul>\n\n\n\n<h2 class=\"wp-block-heading\">C\u00f3mo los servicios de SIS International ayudan a las empresas<\/h2>\n\n\n\n<figure class=\"gb-block-image gb-block-image-e12d54c5\"><img loading=\"lazy\" decoding=\"async\" width=\"1456\" height=\"816\" class=\"gb-image gb-image-e12d54c5\" src=\"https:\/\/www.sisinternational.com\/wp-content\/uploads\/2025\/09\/Quantitative-research-1d4-3.jpg\" alt=\"Investigaci\u00f3n y estrategia de mercado internacional de SIS\" title=\"Quantitative research (1d4) (3)\" srcset=\"https:\/\/www.sisinternational.com\/wp-content\/uploads\/2025\/09\/Quantitative-research-1d4-3.jpg 1456w, https:\/\/www.sisinternational.com\/wp-content\/uploads\/2025\/09\/Quantitative-research-1d4-3-300x168.jpg 300w, https:\/\/www.sisinternational.com\/wp-content\/uploads\/2025\/09\/Quantitative-research-1d4-3-1024x574.jpg 1024w, https:\/\/www.sisinternational.com\/wp-content\/uploads\/2025\/09\/Quantitative-research-1d4-3-768x430.jpg 768w, https:\/\/www.sisinternational.com\/wp-content\/uploads\/2025\/09\/Quantitative-research-1d4-3-18x10.jpg 18w\" sizes=\"auto, (max-width: 1456px) 100vw, 1456px\"><\/figure>\n\n\n\n<p><\/p>\n\n\n\n<p>En el complejo panorama del crecimiento corporativo internacional, SIS International ofrece un conjunto integral de servicios dise\u00f1ados para ayudar a las empresas a lograr sus objetivos de expansi\u00f3n e impulsar un crecimiento sostenible en los mercados globales.<\/p>\n\n\n\n<ul class=\"wp-block-list\">\n<li><strong>Investigaci\u00f3n y an\u00e1lisis estrat\u00e9gico de mercado:<\/strong> SIS conducts international corporate growth market research to provide businesses with actionable insights into international markets, including market trends, competitive landscapes, and consumer preferences. By leveraging robust data analytics and research methodologies, we enable clients to make informed decisions and develop targeted <a href=\"https:\/\/www.sisinternational.com\/es\/desarrollo-de-bases-de-datos-de-informacion-internacionales-mi-articulo-de-1990\/\" title=\"Desarrollo de bases de datos de informaci\u00f3n internacionales: Ruth Stanat en 1990\"  data-wpil-monitor-id=\"2202\">strategies<\/a> that resonate with diverse international audiences.<\/li>\n\n\n\n<li><strong>Estrategias personalizadas de entrada al mercado:<\/strong> SIS International ofrece estrategias personalizadas de entrada al mercado adaptadas a las necesidades y objetivos \u00fanicos de los clientes que buscan expansi\u00f3n internacional. Ya sea identificando mercados objetivo, evaluando el potencial del mercado o evaluando las barreras de entrada, SIS colabora estrechamente con los clientes para desarrollar enfoques personalizados que optimicen los procesos de entrada al mercado y maximicen el \u00e9xito.<\/li>\n\n\n\n<li><strong>Red global y experiencia:<\/strong> Con una red global de profesionales y expertos de la industria, SIS ofrece a sus clientes acceso a experiencia incomparable y conocimiento del mercado local en diversos mercados internacionales. A trav\u00e9s de asociaciones estrat\u00e9gicas y compromisos colaborativos, ayudamos a los clientes a navegar por los matices culturales, los panoramas regulatorios y las pr\u00e1cticas comerciales para impulsar el \u00e9xito en iniciativas de crecimiento corporativo internacional.<\/li>\n\n\n\n<li><strong>Soporte de cumplimiento y mitigaci\u00f3n de riesgos:<\/strong> SIS ayuda a los clientes a afrontar el cumplimiento normativo, los riesgos legales y los desaf\u00edos geopol\u00edticos asociados con la expansi\u00f3n internacional. Al realizar evaluaciones de riesgos y diligencias debidas exhaustivas, mitigamos los riesgos potenciales y garantizamos el cumplimiento de las leyes y regulaciones locales, salvaguardando los intereses y la reputaci\u00f3n de los clientes en jurisdicciones extranjeras.<\/li>\n\n\n\n<li><strong>Soporte continuo y monitoreo del desempe\u00f1o:<\/strong> SIS International brinda soporte constante y monitoreo del desempe\u00f1o durante todo el ciclo de vida de los compromisos con los clientes, garantizando que las empresas reciban orientaci\u00f3n, retroalimentaci\u00f3n y oportunidades de optimizaci\u00f3n continuas.<\/li>\n<\/ul>\n\n\n\n<h2 class=\"wp-block-heading\">Nuestra ubicaci\u00f3n de instalaciones en Nueva York<\/h2>\n\n\n\n<p>\n\n\n\n<iframe loading=\"lazy\" src=\"https:\/\/www.google.com\/maps\/embed?pb=!1m18!1m12!1m3!1d3022.976188376966!2d-73.99130312499956!3d40.740549471389315!2m3!1f0!2f0!3f0!3m2!1i1024!2i768!4f13.1!3m3!1m2!1s0x89c259a15798c731%3A0xd695d09bdd495f25!2s11%20E%2022nd%20St%20FL%202%2C%20New%20York%2C%20NY%2010010%2C%20USA!5e0!3m2!1sen!2spe!4v1726171763526!5m2!1sen!2spe\" width=\"600\" height=\"450\" allowfullscreen=\"allowfullscreen\" data-mce-fragment=\"1\"><\/iframe>\n\n\n\n<\/p>\n\n\n\n<h3 class=\"wp-block-heading\">11 E 22nd Street, piso 2, Nueva York, NY 10010 T: +1(212) 505-6805<\/h3>\n\n\n\n<hr class=\"wp-block-separator has-alpha-channel-opacity\"\/>\n\n\n\n<h2 class=\"wp-block-heading\"><span style=\"font-weight: 400;\">Acerca de SIS Internacional<\/span><\/h2>\n\n\n\n<p><a href=\"https:\/\/www.sisinternational.com\/es\/\"><span style=\"font-weight: 400;\">SIS Internacional<\/span><\/a><span style=\"font-weight: 400;\"> ofrece investigaci\u00f3n cuantitativa, cualitativa y estrat\u00e9gica. Proporcionamos datos, herramientas, estrategias, informes y conocimientos para la toma de decisiones. Tambi\u00e9n realizamos entrevistas, encuestas, grupos focales y otros m\u00e9todos y enfoques de investigaci\u00f3n de mercado.<\/span><a href=\"https:\/\/www.sisinternational.com\/es\/sobre-la-investigacion-internacional-de-sis\/contact-sis-international-market-research\/\"><span style=\"font-weight: 400;\"> P\u00f3ngase en contacto con nosotros<\/span><\/a><span style=\"font-weight: 400;\"> para su pr\u00f3ximo proyecto de Investigaci\u00f3n de Mercado.<\/span><\/p>\n\n\n\n<p><\/p>","protected":false},"excerpt":{"rendered":"<p>Los estudios de mercado sobre crecimiento corporativo internacional ayudan a las empresas a comprender y evaluar las oportunidades de expansi\u00f3n y crecimiento en todo el mundo.<\/p>","protected":false},"author":1,"featured_media":62409,"parent":14457,"menu_order":42,"comment_status":"closed","ping_status":"closed","template":"","meta":{"footnotes":""},"class_list":["post-47723","page","type-page","status-publish","has-post-thumbnail"],"_links":{"self":[{"href":"https:\/\/www.sisinternational.com\/es\/wp-json\/wp\/v2\/pages\/47723","targetHints":{"allow":["GET"]}}],"collection":[{"href":"https:\/\/www.sisinternational.com\/es\/wp-json\/wp\/v2\/pages"}],"about":[{"href":"https:\/\/www.sisinternational.com\/es\/wp-json\/wp\/v2\/types\/page"}],"author":[{"embeddable":true,"href":"https:\/\/www.sisinternational.com\/es\/wp-json\/wp\/v2\/users\/1"}],"replies":[{"embeddable":true,"href":"https:\/\/www.sisinternational.com\/es\/wp-json\/wp\/v2\/comments?post=47723"}],"version-history":[{"count":10,"href":"https:\/\/www.sisinternational.com\/es\/wp-json\/wp\/v2\/pages\/47723\/revisions"}],"predecessor-version":[{"id":80933,"href":"https:\/\/www.sisinternational.com\/es\/wp-json\/wp\/v2\/pages\/47723\/revisions\/80933"}],"up":[{"embeddable":true,"href":"https:\/\/www.sisinternational.com\/es\/wp-json\/wp\/v2\/pages\/14457"}],"wp:featuredmedia":[{"embeddable":true,"href":"https:\/\/www.sisinternational.com\/es\/wp-json\/wp\/v2\/media\/62409"}],"wp:attachment":[{"href":"https:\/\/www.sisinternational.com\/es\/wp-json\/wp\/v2\/media?parent=47723"}],"curies":[{"name":"wp","href":"https:\/\/api.w.org\/{rel}","templated":true}]}}