{"id":47641,"date":"2024-04-18T23:02:21","date_gmt":"2024-04-19T03:02:21","guid":{"rendered":"https:\/\/www.sisinternational.com\/?page_id=47641"},"modified":"2025-10-09T02:04:37","modified_gmt":"2025-10-09T06:04:37","slug":"ia-como-consultoria-de-servicio","status":"publish","type":"page","link":"https:\/\/www.sisinternational.com\/es\/soluciones\/investigacion-de-mercado-de-ia-y-consultoria-estrategica\/ia-como-consultoria-de-servicio\/","title":{"rendered":"Consultor\u00eda de IA como servicio"},"content":{"rendered":"<h1 class=\"wp-block-heading\">Consultor\u00eda de IA como servicio<\/h1>\n\n\n\n<figure class=\"gb-block-image gb-block-image-821ddc4c\"><img loading=\"lazy\" decoding=\"async\" width=\"1456\" height=\"816\" class=\"gb-image gb-image-821ddc4c\" src=\"https:\/\/www.sisinternational.com\/wp-content\/uploads\/2025\/08\/AI-12.jpg\" alt=\"Investigaci\u00f3n y estrategia de mercado internacional de SIS\" title=\"AI (12)\" srcset=\"https:\/\/www.sisinternational.com\/wp-content\/uploads\/2025\/08\/AI-12.jpg 1456w, https:\/\/www.sisinternational.com\/wp-content\/uploads\/2025\/08\/AI-12-300x168.jpg 300w, https:\/\/www.sisinternational.com\/wp-content\/uploads\/2025\/08\/AI-12-1024x574.jpg 1024w, https:\/\/www.sisinternational.com\/wp-content\/uploads\/2025\/08\/AI-12-768x430.jpg 768w, https:\/\/www.sisinternational.com\/wp-content\/uploads\/2025\/08\/AI-12-18x10.jpg 18w\" sizes=\"auto, (max-width: 1456px) 100vw, 1456px\"><\/figure>\n\n\n\n<h1 class=\"wp-block-heading p1\"><\/h1>\n\n\n\n<h3 class=\"wp-block-heading p1\">La consultor\u00eda de IA como servicio (AIaaS) es un poderoso servicio para empresas que buscan aprovechar el poder de la IA para impulsar la innovaci\u00f3n y el crecimiento. Adem\u00e1s de brindar acceso a tecnolog\u00edas y experiencia en IA, la consultor\u00eda AIaaS ayuda a las empresas a desarrollar soluciones de IA que brinden un valor comercial tangible y una ventaja competitiva.<\/h3>\n\n\n\n<p class=\"p1\">Are you ready to revolutionize your business with AI but need help figuring out where to start? AI-as-a-service consulting emerges as a beacon of innovation, offering companies access to cutting-edge artificial intelligence technologies without the complexities of in-house development.&nbsp;<\/p>\n\n\n\n<h2 class=\"wp-block-heading\">\u00bfQu\u00e9 es la consultor\u00eda de IA como servicio?<\/h2>\n\n\n\n<p>AIaaS <a href=\"https:\/\/www.sisinternational.com\/es\/soluciones\/consultoria-de-hosteleria-y-turismo-en-viajes\/consultoria-de-tecnologia-hotelera-inteligente\/\" title=\"Consultor\u00eda de tecnolog\u00eda hotelera inteligente\"  data-wpil-monitor-id=\"10397\">consulting provides access to AI technologies<\/a> and expertise on a subscription or pay-as-you-go basis. This type of consulting helps companies leverage AI capabilities without the need for large upfront investments in infrastructure or hiring specialized AI talent.<\/p>\n\n\n\n<p>It helps businesses identify opportunities to use AI to improve their operations, products, or services. So, consultants work closely with clients to understand their business challenges and objectives, and then develop AI solutions that address these needs. This could include using machine learning algorithms to analyze data, <a href=\"https:\/\/www.sisinternational.com\/es\/soluciones\/investigacion-de-mercado-de-ia-y-consultoria-estrategica\/investigacion-de-mercado-de-ia-con-procesamiento-de-lenguaje-natural\/\" title=\"Investigaci\u00f3n de mercado de IA de procesamiento de lenguaje natural\"  data-wpil-monitor-id=\"10378\">natural language processing<\/a> to automate customer interactions, or computer vision to improve visual recognition tasks.<\/p>\n\n\n\n<p>Con la consultor\u00eda de IA como servicio, las empresas pueden obtener informaci\u00f3n sobre las aplicaciones de IA espec\u00edficas que se alinean con sus objetivos, lo que les permite tomar decisiones informadas sobre la implementaci\u00f3n. Adem\u00e1s, a medida que la IA contin\u00faa revolucionando las industrias, mantenerse competitivo requiere que las empresas se mantengan a la vanguardia. La consultor\u00eda de IA como servicio brinda a las empresas el conocimiento y la experiencia necesarios para adoptar soluciones de IA que les brinden una ventaja competitiva.<\/p>\n\n\n\n<h2 class=\"wp-block-heading\">Who Uses This Kind&nbsp; of Consulting<\/h2>\n\n\n\n<figure class=\"gb-block-image gb-block-image-e62a1c01\"><img loading=\"lazy\" decoding=\"async\" width=\"1456\" height=\"816\" class=\"gb-image gb-image-e62a1c01\" src=\"https:\/\/www.sisinternational.com\/wp-content\/uploads\/2025\/08\/AI-2-1.jpg\" alt=\"Investigaci\u00f3n y estrategia de mercado internacional de SIS\" title=\"AI 2 (1)\" srcset=\"https:\/\/www.sisinternational.com\/wp-content\/uploads\/2025\/08\/AI-2-1.jpg 1456w, https:\/\/www.sisinternational.com\/wp-content\/uploads\/2025\/08\/AI-2-1-300x168.jpg 300w, https:\/\/www.sisinternational.com\/wp-content\/uploads\/2025\/08\/AI-2-1-1024x574.jpg 1024w, https:\/\/www.sisinternational.com\/wp-content\/uploads\/2025\/08\/AI-2-1-768x430.jpg 768w, https:\/\/www.sisinternational.com\/wp-content\/uploads\/2025\/08\/AI-2-1-18x10.jpg 18w\" sizes=\"auto, (max-width: 1456px) 100vw, 1456px\"><\/figure>\n\n\n\n<p><\/p>\n\n\n\n<p><strong>IT and technology departments<\/strong> within these businesses use these consulting services to understand the technical requirements of AI implementation, evaluate different AI technologies, and develop a roadmap for successful AI integration.<\/p>\n\n\n\n<p><strong>Data scientists and AI <\/strong><a href=\"https:\/\/www.sisinternational.com\/es\/soluciones\/investigacion-de-consultoria-estrategica-fintech\/ingenieria-de-ventas-consultoria-de-servicios-financieros\/\" title=\"Ventas Ingenier\u00eda Servicios Financieros Consultor\u00eda\"  data-wpil-monitor-id=\"10384\">engineers are key users of consulting services<\/a>, as they work closely with AI consultants to develop and deploy AI solutions.<\/p>\n\n\n\n<p><strong>Executives and decision-makers<\/strong> rely on AI-as-a-Service consulting to understand AI&#8217;s potential impact on their business operations, identify opportunities for AI adoption, and develop strategies for successful AI implementation.<\/p>\n\n\n\n<p><strong>Startups y peque\u00f1as empresas<\/strong> often lack the resources and expertise to develop AI solutions internally, making them prime users of AI consulting services.<\/p>\n\n\n\n<h2 class=\"wp-block-heading\">Challenges when Conducting AI-as-a-Service Consulting<\/h2>\n\n\n\n<p>Navegar por las complejidades de la consultor\u00eda de IA como servicio requiere prestar especial atenci\u00f3n a varios factores cr\u00edticos de \u00e9xito, cada uno de los cuales contribuye a la eficacia general y al resultado del compromiso:<\/p>\n\n\n\n<ul class=\"wp-block-list\">\n<li><strong>Objetivos comerciales claros:<\/strong> Establecer objetivos comerciales claros y alcanzables es fundamental para el \u00e9xito de un contrato de consultor\u00eda de IA como servicio. Sin una comprensi\u00f3n precisa de lo que la organizaci\u00f3n pretende lograr a trav\u00e9s de la integraci\u00f3n de la IA, alinear las soluciones de IA con los objetivos estrat\u00e9gicos y medir su impacto de manera efectiva se convierte en un desaf\u00edo.<\/li>\n\n\n\n<li><strong>Estrategia de datos s\u00f3lida:<\/strong> Una estrategia de datos s\u00f3lida constituye la base de implementaciones exitosas de IA. Esto incluye garantizar la calidad, accesibilidad y relevancia de los datos e implementar pr\u00e1cticas s\u00f3lidas de gobernanza de datos para mantener la integridad y el cumplimiento de los datos.<\/li>\n\n\n\n<li><strong>Experiencia en el campo:<\/strong> Es esencial colaborar con consultores de IA como servicio con experiencia en el dominio relevante para la industria y el contexto comercial de la organizaci\u00f3n. Los expertos en el dominio pueden proporcionar informaci\u00f3n valiosa sobre los desaf\u00edos, los requisitos regulatorios y las mejores pr\u00e1cticas espec\u00edficos de la industria, lo que permite soluciones de IA m\u00e1s espec\u00edficas y efectivas.<\/li>\n\n\n\n<li><strong>Gesti\u00f3n de proyectos \u00e1giles:<\/strong> La adopci\u00f3n de metodolog\u00edas \u00e1giles de gesti\u00f3n de proyectos permite a las organizaciones adaptarse r\u00e1pidamente a los requisitos cambiantes, priorizar iniciativas basadas en el valor empresarial y ofrecer soluciones de IA de forma iterativa para abordar las necesidades y los comentarios en evoluci\u00f3n.<\/li>\n\n\n\n<li><strong>Evaluaci\u00f3n y Optimizaci\u00f3n Continua:<\/strong> Continuous evaluation and optimization of AI models and solutions are essential to ensure their ongoing relevance, effectiveness, and alignment with evolving <a href=\"https:\/\/www.sisinternational.com\/es\/publicaciones\/investigacion-de-mercado-empresarial-escalable-7-formas-de-construir-un-negocio-escalable\/\" title=\"Investigaci\u00f3n de mercado empresarial escalable: 7 formas de construir un negocio escalable\"  data-wpil-monitor-id=\"10389\">business objectives and market<\/a> dynamics.<\/li>\n<\/ul>\n\n\n\n<h2 class=\"wp-block-heading\">The benefits of working with SIS International<\/h2>\n\n\n\n<figure class=\"gb-block-image gb-block-image-063f531b\"><img loading=\"lazy\" decoding=\"async\" width=\"1456\" height=\"816\" class=\"gb-image gb-image-063f531b\" src=\"https:\/\/www.sisinternational.com\/wp-content\/uploads\/2025\/08\/AI-10.jpg\" alt=\"Investigaci\u00f3n y estrategia de mercado internacional de SIS\" title=\"AI (10)\" srcset=\"https:\/\/www.sisinternational.com\/wp-content\/uploads\/2025\/08\/AI-10.jpg 1456w, https:\/\/www.sisinternational.com\/wp-content\/uploads\/2025\/08\/AI-10-300x168.jpg 300w, https:\/\/www.sisinternational.com\/wp-content\/uploads\/2025\/08\/AI-10-1024x574.jpg 1024w, https:\/\/www.sisinternational.com\/wp-content\/uploads\/2025\/08\/AI-10-768x430.jpg 768w, https:\/\/www.sisinternational.com\/wp-content\/uploads\/2025\/08\/AI-10-18x10.jpg 18w\" sizes=\"auto, (max-width: 1456px) 100vw, 1456px\"><\/figure>\n\n\n\n<h2 class=\"wp-block-heading\"><figure><span style=\"font-family: inherit; font-style: inherit; background-color: rgb(255, 255, 255);\">\u00a0<\/span><\/figure><\/h2>\n\n\n\n<p>SIS ofrece soluciones personalizadas para abordar las necesidades y desaf\u00edos \u00fanicos de las empresas en diversas industrias. Al colaborar con SIS International, las organizaciones pueden esperar lograr varios resultados clave:<\/p>\n\n\n\n<ul class=\"wp-block-list\">\n<li><strong>Eficiencia operativa mejorada:<\/strong> SIS International&#8217;s expertise in developing custom AI algorithms and predictive analytics models enables organizations to optimize resource allocation, minimize waste, and improve productivity.<\/li>\n\n\n\n<li><strong>Toma de decisiones basada en datos:<\/strong> SIS International permite a las organizaciones aprovechar el poder de los datos para tomar decisiones informadas a trav\u00e9s de an\u00e1lisis avanzados e informaci\u00f3n predictiva. Las tecnolog\u00edas de inteligencia artificial ayudan a las empresas a obtener una visibilidad m\u00e1s profunda de las tendencias del mercado, los comportamientos de los clientes y la din\u00e1mica competitiva, lo que les permite tomar decisiones estrat\u00e9gicas con confianza y agilidad.<\/li>\n\n\n\n<li><strong>Mitigaci\u00f3n de riesgos y cumplimiento:<\/strong> SIS International helps organizations mitigate risks and ensure compliance with regulatory requirements through AI-powered risk assessment, fraud detection, and compliance monitoring solutions.<\/li>\n\n\n\n<li><strong>Innovaci\u00f3n y ventaja competitiva:<\/strong> By partnering with SIS International, organizations gain access to cutting-edge AI technologies and expertise, enabling them to innovate faster, stay ahead of competitors, and seize new market opportunities.<\/li>\n\n\n\n<li><strong>Impacto empresarial mensurable:<\/strong> SIS se compromete a ofrecer resultados comerciales tangibles y un retorno de la inversi\u00f3n medible para sus clientes. A trav\u00e9s de un riguroso seguimiento, monitoreo y evaluaci\u00f3n del desempe\u00f1o, garantizamos que las soluciones de IA est\u00e9n alineadas con los objetivos comerciales y brinden un valor cuantificable en ahorro de costos, crecimiento de ingresos y excelencia operativa.<\/li>\n<\/ul>\n\n\n\n<h2 class=\"wp-block-heading\">Technologies Used in AI-as-a-Service Consulting<\/h2>\n\n\n\n<p>En la consultor\u00eda de IA como servicio, muchas tecnolog\u00edas y herramientas de vanguardia permiten a las organizaciones aprovechar las capacidades de IA de manera efectiva. A continuaci\u00f3n se muestran algunas tecnolog\u00edas y herramientas clave utilizadas en la industria:<\/p>\n\n\n\n<p><strong>Marcos de aprendizaje autom\u00e1tico:<\/strong> Los marcos de aprendizaje autom\u00e1tico como TensorFlow o PyTorch proporcionan la base para desarrollar e implementar modelos de IA. Estos marcos ofrecen bibliotecas y API para crear algoritmos de aprendizaje autom\u00e1tico, desde aprendizaje supervisado y no supervisado hasta aprendizaje por refuerzo.<\/p>\n\n\n\n<p><strong>Herramientas de visualizaci\u00f3n de datos:<\/strong> Data visualization tools such as Tableau and Power BI enable organizations to explore and communicate insights derived from AI models effectively. By <a href=\"https:\/\/www.sisinternational.com\/es\/pericia\/industrias\/consultoria-de-visualizacion-de-datos\/\" title=\"Consultor\u00eda de visualizaci\u00f3n de datos\"  data-wpil-monitor-id=\"10394\">visualizing complex data<\/a> sets in intuitive formats, these tools facilitate decision-making and enhance data-driven storytelling.<\/p>\n\n\n\n<p><strong>API de IA como servicio:<\/strong> Las API de IA como servicio ofrecen capacidades de IA predise\u00f1adas que se pueden integrar f\u00e1cilmente en aplicaciones y flujos de trabajo existentes. API como Google Cloud Vision API y Microsoft Azure Cognitive Services brindan funcionalidades como reconocimiento de im\u00e1genes, conversi\u00f3n de voz a texto y traducci\u00f3n de idiomas, lo que acelera la adopci\u00f3n e innovaci\u00f3n de la IA.<\/p>\n\n\n\n<h2 class=\"wp-block-heading\">Oportunidades de consultor\u00eda de IA como servicio<\/h2>\n\n\n\n<figure class=\"wp-block-image\"><img decoding=\"async\" src=\"https:\/\/www.sisinternational.com\/wp-content\/uploads\/2019\/11\/Artificial-Intelligence-Market-Research.jpg\" alt=\"Investigaci\u00f3n de mercado de inteligencia artificial\" class=\"wp-image-33887\"\/><\/figure>\n\n\n\n<p><\/p>\n\n\n\n<p>La adopci\u00f3n de la consultor\u00eda de IA como servicio presenta numerosas oportunidades para que las empresas de todos los sectores innoven, optimicen las operaciones y obtengan una ventaja competitiva. Algunas oportunidades clave incluyen:<\/p>\n\n\n\n<ul class=\"wp-block-list\">\n<li><strong>Mayor eficiencia y productividad:<\/strong> AI-driven automation and optimization solutions streamline processes, reduce manual effort, and improve operational efficiency. Through the automation of repetitive tasks, analyzing complex data sets, and optimizing resource allocation, businesses can enhance productivity, minimize costs, and focus on value-added activities.<\/li>\n\n\n\n<li><strong>Mitigaci\u00f3n de riesgos y cumplimiento:<\/strong> La consultor\u00eda de IA como servicio ofrece a las empresas capacidades avanzadas de evaluaci\u00f3n de riesgos, detecci\u00f3n de fraude y monitoreo del cumplimiento. Al aprovechar las tecnolog\u00edas de inteligencia artificial, como el aprendizaje autom\u00e1tico y la detecci\u00f3n de anomal\u00edas, las organizaciones pueden identificar riesgos potenciales, detectar actividades fraudulentas y garantizar el cumplimiento de los requisitos reglamentarios, salvaguardando su reputaci\u00f3n e integridad financiera.<\/li>\n\n\n\n<li><strong>Innovaci\u00f3n y Diferenciaci\u00f3n:<\/strong> AI enables businesses to innovate faster, experiment with new ideas, and <a href=\"https:\/\/www.sisinternational.com\/es\/soluciones\/soluciones-de-branding-e-investigacion-de-clientes\/investigacion-de-mercado-de-diferenciacion-de-marca\/\" title=\"Investigaci\u00f3n de Mercado de Diferenciaci\u00f3n de Marca\"  data-wpil-monitor-id=\"10396\">differentiate themselves in the market<\/a>. With this consulting, organizations can explore novel AI applications, develop custom solutions, and stay ahead of competitors by delivering unique <a href=\"https:\/\/www.sisinternational.com\/es\/what-is-a-value-proposition-canvas-the-game-changing-framework-that-prevents-product-failures\/\" title=\"What Is a Value Proposition Canvas? &#091;The Game-Changing Framework That Prevents Product Failures&#093;\"  data-wpil-monitor-id=\"10386\">value propositions and innovative products<\/a> and services.<\/li>\n<\/ul>\n\n\n\n<h2 class=\"wp-block-heading\"><strong>C\u00f3mo la consultor\u00eda de IA como servicio de SIS International ayuda a las empresas&nbsp;<\/strong><\/h2>\n\n\n\n<p>SIS International ofrece soluciones integrales de IA como servicio dise\u00f1adas para abordar los desaf\u00edos de las empresas a la hora de adoptar y aprovechar las tecnolog\u00edas de IA de forma eficaz. As\u00ed es como las soluciones de SIS International ayudan a las empresas a superar desaf\u00edos clave:<\/p>\n\n\n\n<ul class=\"wp-block-list\">\n<li><strong>Garant\u00eda de calidad de datos:<\/strong> <a href=\"https:\/\/www.linkedin.com\/company\/sisinternationalresearch\/\" target=\"_blank\" rel=\"noopener\">SIS<\/a> provides data quality assurance services to ensure the accuracy, completeness, and reliability of data used for AI model training. Through data cleansing, normalization, and validation techniques, we help businesses improve data quality and accessibility, enhancing the effectiveness of AI solutions.<\/li>\n\n\n\n<li><strong>Aumento de talento:<\/strong> SIS augments businesses&#8217; talent pool with skilled AI experts and data scientists with domain expertise and experience developing and deploying AI solutions. When you partner with SIS International, you can access on-demand AI talent and expertise, overcoming the talent gap and accelerating AI adoption.<\/li>\n\n\n\n<li><strong>Seguridad y cumplimiento:<\/strong> SIS International implementa s\u00f3lidas medidas de seguridad y marcos de cumplimiento para proteger los datos confidenciales de las empresas y mitigar los riesgos de seguridad asociados con la implementaci\u00f3n de la IA. A trav\u00e9s de cifrado, controles de acceso y auditor\u00edas de seguridad peri\u00f3dicas, SIS International ayuda a las empresas a protegerse contra filtraciones de datos y amenazas cibern\u00e9ticas.<\/li>\n\n\n\n<li><strong>Estrategias de mitigaci\u00f3n de sesgos:<\/strong> SIS International employs bias mitigation strategies and fairness-aware algorithms to address algorithmic bias and fairness issues in AI models. We help businesses ensure equitable outcomes and mitigate risks related to discrimination and bias.<\/li>\n<\/ul>\n\n\n\n<div class=\"is-root-container is-desktop-preview is-layout-flow wp-block-post-content block-editor-block-list__layout\" spellcheck=\"false\">\n<div id=\"block-8365776f-985b-4c8b-a275-40df748019a6\" class=\"block-editor-block-list__block wp-block is-selected wp-block-freeform\" tabindex=\"0\" role=\"document\" aria-label=\"Bloque: Cl\u00e1sico\" data-block=\"8365776f-985b-4c8b-a275-40df748019a6\" data-type=\"core\/freeform\" data-title=\"Classic\">\n<div id=\"editor-8365776f-985b-4c8b-a275-40df748019a6\" class=\"wp-block-freeform block-library-rich-text__tinymce mce-content-body html5-captions mce-edit-focus\" contenteditable=\"true\">\n<h2>Nuestra ubicaci\u00f3n de instalaciones en Nueva York<\/h2>\n<p><iframe loading=\"lazy\" src=\"https:\/\/www.google.com\/maps\/embed?pb=!1m18!1m12!1m3!1d3022.976188376966!2d-73.99130312499956!3d40.740549471389315!2m3!1f0!2f0!3f0!3m2!1i1024!2i768!4f13.1!3m3!1m2!1s0x89c259a15798c731%3A0xd695d09bdd495f25!2s11%20E%2022nd%20St%20FL%202%2C%20New%20York%2C%20NY%2010010%2C%20USA!5e0!3m2!1sen!2spe!4v1726171763526!5m2!1sen!2spe\" width=\"600\" height=\"450\" allowfullscreen=\"allowfullscreen\" data-mce-fragment=\"1\"><\/iframe><\/p>\n<h3 class=\"wp-block-heading\">11 E 22nd Street, piso 2, Nueva York, NY 10010 T: +1(212) 505-6805<\/h3>\n<hr>\n<h2><span style=\"font-weight: 400;\">Acerca de SIS Internacional<\/span><\/h2>\n<p><a href=\"https:\/\/www.sisinternational.com\/es\/\"><span style=\"font-weight: 400;\">SIS Internacional<\/span><\/a><span style=\"font-weight: 400;\">&nbsp;offers Quantitative, Qualitative, and Strategy Research. We provide data, tools, strategies, reports, and insights for decision-making. We also conduct interviews, surveys, focus groups, and other <a href=\"https:\/\/www.sisinternational.com\/es\/quantitative-market-research-methods-and-techniques\/\" title=\"Quantitative Market Research Methods and Techniques\" data-wpil-monitor-id=\"10373\">Market Research methods<\/a> and approaches.<\/span><a href=\"https:\/\/www.sisinternational.com\/es\/sobre-la-investigacion-internacional-de-sis\/contact-sis-international-market-research\/\"><span style=\"font-weight: 400;\">&nbsp;P\u00f3ngase en contacto con nosotros<\/span><\/a><span style=\"font-weight: 400;\">&nbsp;para su pr\u00f3ximo proyecto de Investigaci\u00f3n de Mercado.<\/span><\/p>\n<hr><\/div>\n<\/div>\n<\/div>\n\n\n\n<div data-grammarly-part=\"highlights\">\n<div>\n<div>\n<div>\n<div class=\"Jupcl lUmQf inSdx GpjRg\" data-key=\"1000295-3|0-0\" data-grammarly-part=\"highlight\" data-highlight-format=\"enclosing\" data-highlight-color-name=\"blue\">&nbsp;<\/div>\n<\/div>\n<\/div>\n<\/div>\n<\/div>\n\n\n\n<p><\/p>","protected":false},"excerpt":{"rendered":"<p>La consultor\u00eda AIaaS ofrece a las empresas acceso a tecnolog\u00edas y experiencia en IA mediante suscripci\u00f3n o pago por uso.<\/p>","protected":false},"author":1,"featured_media":62604,"parent":44406,"menu_order":79,"comment_status":"closed","ping_status":"closed","template":"","meta":{"footnotes":""},"class_list":["post-47641","page","type-page","status-publish","has-post-thumbnail"],"_links":{"self":[{"href":"https:\/\/www.sisinternational.com\/es\/wp-json\/wp\/v2\/pages\/47641","targetHints":{"allow":["GET"]}}],"collection":[{"href":"https:\/\/www.sisinternational.com\/es\/wp-json\/wp\/v2\/pages"}],"about":[{"href":"https:\/\/www.sisinternational.com\/es\/wp-json\/wp\/v2\/types\/page"}],"author":[{"embeddable":true,"href":"https:\/\/www.sisinternational.com\/es\/wp-json\/wp\/v2\/users\/1"}],"replies":[{"embeddable":true,"href":"https:\/\/www.sisinternational.com\/es\/wp-json\/wp\/v2\/comments?post=47641"}],"version-history":[{"count":12,"href":"https:\/\/www.sisinternational.com\/es\/wp-json\/wp\/v2\/pages\/47641\/revisions"}],"predecessor-version":[{"id":81713,"href":"https:\/\/www.sisinternational.com\/es\/wp-json\/wp\/v2\/pages\/47641\/revisions\/81713"}],"up":[{"embeddable":true,"href":"https:\/\/www.sisinternational.com\/es\/wp-json\/wp\/v2\/pages\/44406"}],"wp:featuredmedia":[{"embeddable":true,"href":"https:\/\/www.sisinternational.com\/es\/wp-json\/wp\/v2\/media\/62604"}],"wp:attachment":[{"href":"https:\/\/www.sisinternational.com\/es\/wp-json\/wp\/v2\/media?parent=47641"}],"curies":[{"name":"wp","href":"https:\/\/api.w.org\/{rel}","templated":true}]}}