{"id":47637,"date":"2024-04-18T23:09:26","date_gmt":"2024-04-19T03:09:26","guid":{"rendered":"https:\/\/www.sisinternational.com\/?page_id=47637"},"modified":"2026-01-26T18:45:43","modified_gmt":"2026-01-26T23:45:43","slug":"investigacion-de-mercado-de-conversion-de-ventas","status":"publish","type":"page","link":"https:\/\/www.sisinternational.com\/es\/soluciones\/investigacion-de-mercado-de-conversion-de-ventas\/","title":{"rendered":"Estudio de mercado sobre la conversi\u00f3n de ventas"},"content":{"rendered":"<h1 class=\"wp-block-heading\">Estudio de mercado sobre la conversi\u00f3n de ventas<\/h1>\n\n\n\n<figure class=\"gb-block-image gb-block-image-702717a5\"><img loading=\"lazy\" decoding=\"async\" width=\"1456\" height=\"816\" class=\"gb-image gb-image-702717a5\" src=\"https:\/\/www.sisinternational.com\/wp-content\/uploads\/2025\/08\/Retail-8.jpg\" alt=\"Investigaci\u00f3n y estrategia de mercado internacional de SIS\" title=\"Retail (8)\" srcset=\"https:\/\/www.sisinternational.com\/wp-content\/uploads\/2025\/08\/Retail-8.jpg 1456w, https:\/\/www.sisinternational.com\/wp-content\/uploads\/2025\/08\/Retail-8-300x168.jpg 300w, https:\/\/www.sisinternational.com\/wp-content\/uploads\/2025\/08\/Retail-8-1024x574.jpg 1024w, https:\/\/www.sisinternational.com\/wp-content\/uploads\/2025\/08\/Retail-8-768x430.jpg 768w, https:\/\/www.sisinternational.com\/wp-content\/uploads\/2025\/08\/Retail-8-18x10.jpg 18w\" sizes=\"auto, (max-width: 1456px) 100vw, 1456px\"><\/figure>\n\n\n\n<p><\/p>\n\n\n\n<hr class=\"wp-block-separator has-alpha-channel-opacity is-style-dots\"\/>\n\n\n\n<p>La investigaci\u00f3n de mercado de conversi\u00f3n de ventas ayuda a las empresas a comparar su desempe\u00f1o con los est\u00e1ndares de la industria y la competencia. Al comparar las tasas de conversi\u00f3n y los procesos de ventas con los de la competencia, las empresas pueden identificar \u00e1reas en las que se quedan atr\u00e1s e implementar estrategias para mejorar su posici\u00f3n competitiva.<\/p>\n\n\n\n<p>Have you ever wondered what separates high-performing sales strategies from the rest? Enter <a href=\"https:\/\/www.sisinternational.com\/es\/pericia\/industrias\/estudio-de-mercado-punto-de-venta\/\" title=\"Investigaci\u00f3n de Mercado de Punto de Venta\"  data-wpil-monitor-id=\"4903\">investigaci\u00f3n de mercado de conversi\u00f3n de ventas<\/a>, the secret weapon of successful businesses aiming to optimize their sales processes. This strategic approach goes beyond traditional sales tactics, focusing on understanding consumer behavior, identifying pain points, and fine-tuning strategies to convert leads into loyal customers effectively.<\/p>\n\n\n\n<h2 class=\"wp-block-heading\">\u00bfQu\u00e9 es la investigaci\u00f3n de mercado de conversi\u00f3n de ventas?<\/h2>\n\n\n\n<p>Sales conversion market <a href=\"https:\/\/www.sisinternational.com\/es\/pericia\/industrias\/investigacion-de-mercado-de-intencion-del-comprador\/\" title=\"Investigaci\u00f3n de mercado de intenci\u00f3n del comprador\"  data-wpil-monitor-id=\"6262\">investigaci\u00f3n<\/a> aims to understand the factors that influence the conversion of potential customers into actual buyers. This type of research helps businesses identify barriers to conversion, optimize their sales processes, and improve their overall sales performance. It includes analyzing factors such as pricing, product selection, website usability, and customer services.<\/p>\n\n\n\n<h2 class=\"wp-block-heading\">\u00bfPor qu\u00e9 las empresas necesitan una investigaci\u00f3n de mercado de conversi\u00f3n de ventas?<\/h2>\n\n\n\n<p>Las empresas pueden identificar \u00e1reas de mejora e implementar estrategias espec\u00edficas para aumentar las tasas de conversi\u00f3n analizando el comportamiento, las preferencias y los patrones de compra de los clientes. Comprender los factores que influyen en las decisiones de compra permite a las empresas adaptar sus mensajes, precios y ofertas de productos para satisfacer mejor las necesidades y expectativas de los clientes, lo que genera mayores tasas de conversi\u00f3n y mayores ventas.<\/p>\n\n\n\n<p>By continuously monitoring and analyzing customer behavior, preferences, and market trends, companies can stay ahead of the competition and position themselves for long-term success. From identifying new sales opportunities to optimizing existing processes, <a href=\"https:\/\/www.sisinternational.com\/es\/investigacion-de-mercado-del-vino\/\" title=\"Investigaci\u00f3n del mercado del vino: suma de los beneficios de las ventas nacionales de vino\"  data-wpil-monitor-id=\"2494\">investigaci\u00f3n de mercado de conversi\u00f3n de ventas<\/a> is a powerful tool that can drive growth and profitability for businesses of all sizes. However, it presents many other benefits for businesses, including:<\/p>\n\n\n\n<ul class=\"wp-block-list\">\n<li><strong>Rendimiento de ventas mejorado:<\/strong> Aumenta el rendimiento de las ventas e impulsa el crecimiento de los ingresos. Al comprender los factores que influyen en las decisiones de compra y el comportamiento del consumidor, las empresas pueden adaptar su enfoque de ventas para que resuene con su p\u00fablico objetivo, lo que en \u00faltima instancia aumenta las tasas de conversi\u00f3n e impulsa m\u00e1s ventas.<br><strong>Mayor satisfacci\u00f3n del cliente:<\/strong> Esta investigaci\u00f3n de mercado permite a las empresas comprender mejor las necesidades, preferencias y puntos d\u00e9biles de los clientes durante todo el proceso de compra.<\/li>\n\n\n\n<li><strong>Estrategias de ventas optimizadas:<\/strong> Las empresas pueden optimizar sus estrategias de ventas para lograr la m\u00e1xima eficacia con informaci\u00f3n \u00fatil obtenida de la investigaci\u00f3n de mercado.<\/li>\n\n\n\n<li><strong>Ventaja competitiva:<\/strong> Esta investigaci\u00f3n de mercado proporciona a las empresas una comprensi\u00f3n m\u00e1s profunda de las fortalezas y debilidades de sus competidores, lo que les permite identificar oportunidades de diferenciaci\u00f3n y capitalizar las brechas del mercado.<\/li>\n\n\n\n<li><strong>Crecimiento y sostenibilidad a largo plazo:<\/strong> Las empresas pueden lograr crecimiento y sostenibilidad a largo plazo monitoreando y adapt\u00e1ndose continuamente al comportamiento del consumidor y a los cambios en la din\u00e1mica del mercado.<\/li>\n<\/ul>\n\n\n\n<h2 class=\"wp-block-heading\">\u00bfQui\u00e9n utiliza la investigaci\u00f3n de mercado de conversi\u00f3n de ventas?<\/h2>\n\n\n\n<figure class=\"gb-block-image gb-block-image-af696455\"><img loading=\"lazy\" decoding=\"async\" width=\"1456\" height=\"816\" class=\"gb-image gb-image-af696455\" src=\"https:\/\/www.sisinternational.com\/wp-content\/uploads\/2025\/09\/Focus-group-26.jpg\" alt=\"Investigaci\u00f3n y estrategia de mercado internacional de SIS\" title=\"Focus group (26)\" srcset=\"https:\/\/www.sisinternational.com\/wp-content\/uploads\/2025\/09\/Focus-group-26.jpg 1456w, https:\/\/www.sisinternational.com\/wp-content\/uploads\/2025\/09\/Focus-group-26-300x168.jpg 300w, https:\/\/www.sisinternational.com\/wp-content\/uploads\/2025\/09\/Focus-group-26-1024x574.jpg 1024w, https:\/\/www.sisinternational.com\/wp-content\/uploads\/2025\/09\/Focus-group-26-768x430.jpg 768w, https:\/\/www.sisinternational.com\/wp-content\/uploads\/2025\/09\/Focus-group-26-18x10.jpg 18w\" sizes=\"auto, (max-width: 1456px) 100vw, 1456px\"><\/figure>\n\n\n\n<p><\/p>\n\n\n\n<p>Empresas que abarcan diversas industrias aprovechan la investigaci\u00f3n de mercado para obtener informaci\u00f3n sobre los procesos de toma de decisiones de los clientes, perfeccionar sus embudos de ventas y mejorar las interacciones con los clientes para impulsar las conversiones.<\/p>\n\n\n\n<p>Sales and marketing teams are primary users of <a href=\"https:\/\/www.sisinternational.com\/es\/pericia\/industrias\/investigacion-de-mercado-de-delicatessen\/\" title=\"Investigaci\u00f3n de mercado de delicatessen\"  data-wpil-monitor-id=\"4608\">sales conversion research<\/a>, utilizing it to identify key touchpoints in the sales process, understand customer objections, and tailor their messaging and strategies to improve conversion rates.<\/p>\n\n\n\n<p>Los equipos de desarrollo de productos se basan en la investigaci\u00f3n para recopilar comentarios sobre productos y servicios existentes, identificar \u00e1reas de mejora y desarrollar nuevas ofertas que se alineen mejor con las necesidades y preferencias de los clientes.<\/p>\n\n\n\n<p>Los equipos de servicio y atenci\u00f3n al cliente utilizan la investigaci\u00f3n de mercado para identificar los puntos d\u00e9biles y las objeciones comunes de los clientes, lo que les permite brindar un soporte m\u00e1s espec\u00edfico y eficaz.<\/p>\n\n\n\n<p>Los especialistas en marketing digital utilizan esta investigaci\u00f3n de mercado para optimizar sus campa\u00f1as de marketing digital, incluida la publicidad paga, el marketing por correo electr\u00f3nico y el marketing en redes sociales.<\/p>\n\n\n\n<p><a href=\"https:\/\/www.sisinternational.com\/es\/pericia\/industrias\/investigacion-de-mercado-de-comercio-electronico-2\/\" title=\"Investigaci\u00f3n de mercado de comercio electr\u00f3nico\"  data-wpil-monitor-id=\"6783\">E-commerce platforms leverage sales conversion market research<\/a> to optimize their online shopping experience, including website design, product listings, and checkout process.<\/p>\n\n\n\n<h2 class=\"wp-block-heading\">Cu\u00e1ndo realizar una investigaci\u00f3n de mercado de conversi\u00f3n de ventas<\/h2>\n\n\n\n<p>Determinar el momento \u00f3ptimo para realizar una investigaci\u00f3n de mercado de conversi\u00f3n de ventas es esencial para maximizar su efectividad e impacto en el desempe\u00f1o de las ventas. Al planificar estrat\u00e9gicamente iniciativas de investigaci\u00f3n en etapas clave del proceso de ventas, las empresas pueden obtener conocimientos pr\u00e1cticos, identificar oportunidades de mejora e impulsar mejores resultados.<\/p>\n\n\n\n<ul class=\"wp-block-list\">\n<li><strong>Prelanzamiento o introducci\u00f3n del producto:<\/strong> Realizar una investigaci\u00f3n de mercado antes de lanzar un nuevo producto o servicio permite a las empresas medir la demanda del mercado, identificar posibles barreras a la conversi\u00f3n y afinar sus estrategias de ventas.<\/li>\n\n\n\n<li><strong>Evaluaci\u00f3n posterior al lanzamiento:<\/strong> Una vez que se ha introducido un producto o servicio, la investigaci\u00f3n de mercado continua es crucial para evaluar su desempe\u00f1o e identificar \u00e1reas de mejora.<\/li>\n\n\n\n<li><strong>Campa\u00f1as de temporada o promocionales:<\/strong> La investigaci\u00f3n de mercado de conversi\u00f3n de ventas es particularmente valiosa durante campa\u00f1as promocionales o de temporada, como eventos de ventas navide\u00f1as u ofertas por tiempo limitado.<\/li>\n\n\n\n<li><strong>Evaluaci\u00f3n comparativa competitiva:<\/strong> Comparar las m\u00e9tricas de conversi\u00f3n de ventas con las de la competencia proporciona valiosos conocimientos comparativos e identifica \u00e1reas de mejora.<\/li>\n\n\n\n<li><strong>Monitoreo y Adaptaci\u00f3n Continua:<\/strong> La investigaci\u00f3n de mercado debe ser un proceso continuo en el que las empresas monitoreen continuamente el desempe\u00f1o de las ventas, los comentarios de los clientes y las tendencias del mercado.<\/li>\n<\/ul>\n\n\n\n<h2 class=\"wp-block-heading\">Resultados esperados de la investigaci\u00f3n de mercado de conversi\u00f3n de ventas de SIS International<\/h2>\n\n\n\n<p>La asociaci\u00f3n con SIS International para la investigaci\u00f3n de mercado de conversi\u00f3n de ventas promete una variedad de resultados impactantes que pueden impulsar mejoras significativas en el desempe\u00f1o de las ventas y el \u00e9xito comercial general. Al aprovechar la experiencia y los recursos de SIS International, las empresas pueden esperar resultados tangibles que se traduzcan en mayores ingresos, mayor satisfacci\u00f3n del cliente y crecimiento sostenido.<\/p>\n\n\n\n<ul class=\"wp-block-list\">\n<li><strong>Mayores tasas de conversi\u00f3n:<\/strong> One of the primary expected results from SIS International&#8217;s <a href=\"https:\/\/www.sisinternational.com\/es\/pericia\/investigacion-personalizada-primaria-2\/\" title=\"Investigaci\u00f3n de mercado primario\"  data-wpil-monitor-id=\"7010\">investigaci\u00f3n de mercado de conversi\u00f3n de ventas<\/a> is an increase in conversion rates across various sales channels. By identifying barriers to conversion, optimizing sales processes, and refining messaging and positioning strategies, businesses can expect to see a measurable improvement in their ability to convert leads into customers, ultimately driving revenue growth and profitability.<\/li>\n\n\n\n<li><strong>Comprensi\u00f3n mejorada del cliente:<\/strong> Las iniciativas de investigaci\u00f3n de SIS International brindan a las empresas una comprensi\u00f3n m\u00e1s profunda de su p\u00fablico objetivo, incluidas sus preferencias, motivaciones y puntos d\u00e9biles. Al obtener informaci\u00f3n sobre el comportamiento del consumidor y los procesos de toma de decisiones, las empresas pueden adaptar sus estrategias de ventas para satisfacer mejor las necesidades de los clientes, mejorar la satisfacci\u00f3n del cliente y construir relaciones m\u00e1s s\u00f3lidas con su clientela.<\/li>\n\n\n\n<li><strong>Estrategias y t\u00e1cticas de ventas mejoradas:<\/strong> A trav\u00e9s de un an\u00e1lisis riguroso de los datos de conversi\u00f3n de ventas y las tendencias del mercado, SIS International ayuda a las empresas a identificar oportunidades de optimizaci\u00f3n y mejora en sus estrategias y t\u00e1cticas de ventas. Ya sea que se trate de refinar el posicionamiento del producto, ajustar las estrategias de precios o mejorar los mensajes de ventas, las empresas pueden esperar implementar iniciativas estrat\u00e9gicas que generen mejores resultados y superen a los competidores del mercado.<\/li>\n\n\n\n<li><strong>Competitividad mejorada:<\/strong> Las empresas pueden obtener una ventaja competitiva en sus respectivas industrias aprovechando los conocimientos obtenidos de la investigaci\u00f3n de mercado de conversi\u00f3n de ventas de SIS International. Al mantenerse a la vanguardia de las tendencias del mercado, comprender las preferencias de los consumidores y adaptar las estrategias de ventas en consecuencia, las empresas pueden posicionarse como l\u00edderes de la industria y captar una mayor participaci\u00f3n de mercado, impulsando el crecimiento y el \u00e9xito sostenibles.<\/li>\n<\/ul>\n\n\n\n<h2 class=\"wp-block-heading\">Oportunidades<\/h2>\n\n\n\n<p>Explorar las oportunidades de la investigaci\u00f3n de mercado de conversi\u00f3n de ventas revela una multitud de v\u00edas para que las empresas optimicen sus estrategias de ventas, mejoren la satisfacci\u00f3n del cliente e impulsen el crecimiento de los ingresos, que incluyen:<\/p>\n\n\n\n<ul class=\"wp-block-list\">\n<li><strong>Experiencias de cliente personalizadas:<\/strong> Aprovechar esta investigaci\u00f3n de mercado permite a las empresas ofrecer experiencias personalizadas a los clientes que resuenen con su p\u00fablico objetivo e impulsen tasas de conversi\u00f3n m\u00e1s altas. Al comprender las preferencias, los patrones de comportamiento y los h\u00e1bitos de compra de los clientes individuales, las empresas pueden adaptar su enfoque de ventas para ofrecer mensajes, ofertas y soluciones relevantes que satisfagan las necesidades y preferencias \u00fanicas de cada cliente.<\/li>\n\n\n\n<li><strong>Mejora Continua e Innovaci\u00f3n:<\/strong> Participar en el an\u00e1lisis del mercado de conversi\u00f3n de ventas fomenta una cultura de mejora e innovaci\u00f3n constantes dentro de las organizaciones. Al monitorear peri\u00f3dicamente el desempe\u00f1o de las ventas, analizar los comentarios de los clientes y compararlos con las mejores pr\u00e1cticas de la industria, las empresas pueden identificar oportunidades de innovaci\u00f3n, experimentaci\u00f3n y diferenciaci\u00f3n, impulsando mejoras continuas en la efectividad de las ventas y la competitividad del mercado.<\/li>\n\n\n\n<li><strong>Oportunidades de crecimiento estrat\u00e9gico:<\/strong> La investigaci\u00f3n de mercado descubre oportunidades de crecimiento estrat\u00e9gico que permiten a las empresas ampliar su alcance en el mercado, ingresar a nuevos segmentos de mercado y capitalizar las tendencias emergentes. Las empresas pueden desarrollar estrategias e iniciativas de ventas espec\u00edficas que impulsen el crecimiento, la rentabilidad y el \u00e9xito a largo plazo mediante la identificaci\u00f3n de segmentos de clientes no explotados, nichos de mercado o necesidades desatendidas.<\/li>\n<\/ul>\n\n\n\n<h2 class=\"wp-block-heading\">C\u00f3mo la investigaci\u00f3n de mercado de conversi\u00f3n de ventas de SIS International ayuda a las empresas<\/h2>\n\n\n\n<p>Los servicios de investigaci\u00f3n de mercado de conversi\u00f3n de ventas de SIS International brindan a las empresas conocimientos integrales, orientaci\u00f3n estrat\u00e9gica y recomendaciones pr\u00e1cticas para optimizar sus estrategias de ventas, impulsar el crecimiento de los ingresos y lograr un mayor \u00e9xito en el mercado. Al aprovechar nuestra experiencia, recursos y metodolog\u00edas comprobadas, las empresas pueden desbloquear todo el potencial de sus esfuerzos de ventas y capitalizar las oportunidades de crecimiento.<\/p>\n\n\n\n<p><strong>Enfoque hol\u00edstico de la investigaci\u00f3n:<\/strong> SIS takes a holistic approach to <a href=\"https:\/\/www.sisinternational.com\/es\/cobertura\/las-americas\/investigacion-de-mercado-canada\/investigacion-de-mercado-nueva-escocia-canada\/\" title=\"Investigaci\u00f3n de mercado en Nueva Escocia\"  data-wpil-monitor-id=\"4623\">sales<\/a> conversion market research, integrating qualitative and quantitative methodologies to provide a comprehensive understanding of consumer behavior, market dynamics, and sales performance. Combining primary research, secondary data analysis, and industry expertise, we deliver insights that drive informed decision-making and strategic planning.<\/p>\n\n\n\n<p><strong>Soluciones personalizadas:<\/strong> SIS International entiende que cada negocio tiene desaf\u00edos, objetivos y din\u00e1micas de mercado \u00fanicos. Como tal, SIS International ofrece soluciones de investigaci\u00f3n personalizadas adaptadas a las necesidades y objetivos espec\u00edficos de cada cliente.<\/p>\n\n\n\n<p><strong>Experiencia y conocimientos de la industria:<\/strong> Con a\u00f1os de experiencia y conocimientos en diversas industrias, SIS aporta valiosos conocimientos y mejores pr\u00e1cticas de la industria a cada proyecto de investigaci\u00f3n. Al mantenerse al tanto de las tendencias del mercado, las tecnolog\u00edas emergentes y la din\u00e1mica competitiva, nuestros expertos brindan a los clientes orientaci\u00f3n estrat\u00e9gica y recomendaciones que impulsan la innovaci\u00f3n, la diferenciaci\u00f3n y la ventaja competitiva en el mercado.<\/p>\n\n\n\n<p><strong>Asociaci\u00f3n colaborativa:<\/strong> SIS International valora la colaboraci\u00f3n y la asociaci\u00f3n con los clientes, trabajando en estrecha colaboraci\u00f3n con las partes interesadas para comprender sus objetivos, desaf\u00edos y prioridades. A trav\u00e9s de una comunicaci\u00f3n abierta, actualizaciones peri\u00f3dicas y resoluci\u00f3n colaborativa de problemas, SIS garantiza la alineaci\u00f3n entre los resultados de la investigaci\u00f3n y los objetivos comerciales, fomentando una asociaci\u00f3n mutuamente beneficiosa que impulsa el \u00e9xito y el crecimiento a largo plazo.<\/p>\n\n\n<h2>Nuestra ubicaci\u00f3n de instalaciones en Nueva York<\/h2>\n<p><!-- \/wp:post-content --> <!-- wp:html --> <iframe loading=\"lazy\" src=\"https:\/\/www.google.com\/maps\/embed?pb=!1m18!1m12!1m3!1d3022.976188376966!2d-73.99130312499956!3d40.740549471389315!2m3!1f0!2f0!3f0!3m2!1i1024!2i768!4f13.1!3m3!1m2!1s0x89c259a15798c731%3A0xd695d09bdd495f25!2s11%20E%2022nd%20St%20FL%202%2C%20New%20York%2C%20NY%2010010%2C%20USA!5e0!3m2!1sen!2spe!4v1726171763526!5m2!1sen!2spe\" width=\"600\" height=\"450\" allowfullscreen=\"allowfullscreen\" data-mce-fragment=\"1\"><\/iframe> <!-- \/wp:html --> <!-- wp:paragraph --><\/p>\n<h3 class=\"wp-block-heading\">11 E 22nd Street, Piso 2, Nueva York, NY 10010 T: +1(212) 505-6805<\/h3>\n<hr \/>\n<h2><span style=\"font-weight: 400;\">Acerca de SIS Internacional<\/span><\/h2>\n<p><a href=\"https:\/\/www.sisinternational.com\/es\/\"><span style=\"font-weight: 400;\">SIS Internacional<\/span><\/a><span style=\"font-weight: 400;\"> ofrece investigaci\u00f3n cuantitativa, cualitativa y estrat\u00e9gica. Proporcionamos datos, herramientas, estrategias, informes y conocimientos para la toma de decisiones. Tambi\u00e9n realizamos entrevistas, encuestas, grupos focales y otros m\u00e9todos y enfoques de investigaci\u00f3n de mercado.<\/span><a href=\"https:\/\/www.sisinternational.com\/es\/sobre-la-investigacion-internacional-de-sis\/contact-sis-international-market-research\/\"><span style=\"font-weight: 400;\"> P\u00f3ngase en contacto con nosotros<\/span><\/a><span style=\"font-weight: 400;\"> para su pr\u00f3ximo proyecto de Investigaci\u00f3n de Mercado.<\/span><\/p>\n<\/p>","protected":false},"excerpt":{"rendered":"<p>Los estudios de mercado sobre conversi\u00f3n de ventas tienen como objetivo comprender los factores que influyen en la conversi\u00f3n de clientes potenciales en compradores reales.<\/p>","protected":false},"author":1,"featured_media":62510,"parent":14457,"menu_order":39,"comment_status":"closed","ping_status":"closed","template":"","meta":{"footnotes":""},"class_list":["post-47637","page","type-page","status-publish","has-post-thumbnail"],"_links":{"self":[{"href":"https:\/\/www.sisinternational.com\/es\/wp-json\/wp\/v2\/pages\/47637","targetHints":{"allow":["GET"]}}],"collection":[{"href":"https:\/\/www.sisinternational.com\/es\/wp-json\/wp\/v2\/pages"}],"about":[{"href":"https:\/\/www.sisinternational.com\/es\/wp-json\/wp\/v2\/types\/page"}],"author":[{"embeddable":true,"href":"https:\/\/www.sisinternational.com\/es\/wp-json\/wp\/v2\/users\/1"}],"replies":[{"embeddable":true,"href":"https:\/\/www.sisinternational.com\/es\/wp-json\/wp\/v2\/comments?post=47637"}],"version-history":[{"count":13,"href":"https:\/\/www.sisinternational.com\/es\/wp-json\/wp\/v2\/pages\/47637\/revisions"}],"predecessor-version":[{"id":80578,"href":"https:\/\/www.sisinternational.com\/es\/wp-json\/wp\/v2\/pages\/47637\/revisions\/80578"}],"up":[{"embeddable":true,"href":"https:\/\/www.sisinternational.com\/es\/wp-json\/wp\/v2\/pages\/14457"}],"wp:featuredmedia":[{"embeddable":true,"href":"https:\/\/www.sisinternational.com\/es\/wp-json\/wp\/v2\/media\/62510"}],"wp:attachment":[{"href":"https:\/\/www.sisinternational.com\/es\/wp-json\/wp\/v2\/media?parent=47637"}],"curies":[{"name":"wp","href":"https:\/\/api.w.org\/{rel}","templated":true}]}}