{"id":47551,"date":"2024-04-15T17:44:45","date_gmt":"2024-04-15T21:44:45","guid":{"rendered":"https:\/\/www.sisinternational.com\/?page_id=47551"},"modified":"2026-03-25T00:48:41","modified_gmt":"2026-03-25T04:48:41","slug":"investigacion-de-mercado-b2b2c","status":"publish","type":"page","link":"https:\/\/www.sisinternational.com\/es\/soluciones\/investigacion-de-mercado-b2b\/investigacion-de-mercado-b2b2c\/","title":{"rendered":"Estudios de mercado B2B2C"},"content":{"rendered":"<h1 class=\"wp-block-heading\">Estudios de mercado B2B2C<\/h1>\n\n\n\n<figure class=\"gb-block-image gb-block-image-8585a4f8\"><img loading=\"lazy\" decoding=\"async\" width=\"1456\" height=\"816\" class=\"gb-image gb-image-8585a4f8\" src=\"https:\/\/www.sisinternational.com\/wp-content\/uploads\/2025\/08\/B2Bjpg-6.jpg\" alt=\"Investigaci\u00f3n y estrategia de mercado internacional de SIS\" title=\"B2Bjpg (6)\" srcset=\"https:\/\/www.sisinternational.com\/wp-content\/uploads\/2025\/08\/B2Bjpg-6.jpg 1456w, https:\/\/www.sisinternational.com\/wp-content\/uploads\/2025\/08\/B2Bjpg-6-300x168.jpg 300w, https:\/\/www.sisinternational.com\/wp-content\/uploads\/2025\/08\/B2Bjpg-6-1024x574.jpg 1024w, https:\/\/www.sisinternational.com\/wp-content\/uploads\/2025\/08\/B2Bjpg-6-768x430.jpg 768w, https:\/\/www.sisinternational.com\/wp-content\/uploads\/2025\/08\/B2Bjpg-6-18x10.jpg 18w\" sizes=\"auto, (max-width: 1456px) 100vw, 1456px\"><\/figure>\n\n\n\n<hr class=\"wp-block-separator has-alpha-channel-opacity is-style-dots\"\/>\n\n\n\n<p>A medida que las industrias desdibujan las l\u00edneas entre los modelos tradicionales B2B y B2C, la investigaci\u00f3n exhaustiva se vuelve imperativa para las partes interesadas en toda la cadena de valor.<\/p>\n\n\n\n<p>En el panorama empresarial actual en r\u00e1pida evoluci\u00f3n, la investigaci\u00f3n de mercado B2B2C ha ganado un impulso significativo... Pero, \u00bfqu\u00e9 implica exactamente y por qu\u00e9 es crucial que las empresas profundicen en este \u00e1mbito?<\/p>\n\n\n\n<h2 class=\"wp-block-heading\">\u00bfQu\u00e9 es la investigaci\u00f3n de mercado B2B2C?<\/h2>\n\n\n\n<p>La investigaci\u00f3n de mercado B2B2C analiza la din\u00e1mica de las transacciones de empresa a empresa y de consumidor. Implica comprender las relaciones e interacciones entre empresas que proporcionan bienes o servicios a los consumidores finales a trav\u00e9s de canales intermediarios. Este tipo de investigaci\u00f3n va m\u00e1s all\u00e1 de los modelos tradicionales B2B o B2C y se centra en la interconexi\u00f3n y colaboraci\u00f3n entre m\u00faltiples partes interesadas en la cadena de valor.<\/p>\n\n\n\n<h2 class=\"wp-block-heading\">\u00bfPor qu\u00e9 las empresas necesitan una investigaci\u00f3n de mercado B2B2C?<\/h2>\n\n\n\n<p>La investigaci\u00f3n de mercado B2B2C permite a las empresas comprender mejor sus mercados objetivo, identificar nuevas fuentes de ingresos y forjar asociaciones estrat\u00e9gicas que impulsen el crecimiento. Las empresas pueden descubrir oportunidades sin explotar, mitigar riesgos y optimizar sus estrategias de comercializaci\u00f3n analizando toda la cadena de valor y el recorrido del cliente. Adem\u00e1s, la investigaci\u00f3n B2B2C permite a las empresas ofrecer experiencias fluidas y personalizadas que resuenan en los consumidores finales y, al mismo tiempo, satisfacen las necesidades de sus socios B2B.<\/p>\n\n\n\n<p>En cualquier caso, tiene varias ventajas para las empresas, entre ellas:<\/p>\n\n\n\n<ul class=\"wp-block-list\">\n<li><strong>Perspectivas hol\u00edsticas:<\/strong> Al examinar toda la cadena de valor, las empresas obtienen conocimientos completos sobre la din\u00e1mica del mercado, los comportamientos de los consumidores y los panoramas competitivos, lo que les permite tomar decisiones m\u00e1s informadas.<\/li>\n\n\n\n<li><strong>Asociaciones estrat\u00e9gicas:<\/strong> La investigaci\u00f3n de mercado B2B2C ayuda a las empresas a identificar socios y colaboradores potenciales dentro del ecosistema, fomentando alianzas estrat\u00e9gicas que impulsan el crecimiento y la innovaci\u00f3n mutuos.<\/li>\n\n\n\n<li><strong>Experiencia del cliente mejorada:<\/strong> Understanding the end-to-end customer journey allows businesses to deliver personalized and seamless experiences that resonate with <a href=\"https:\/\/www.sisinternational.com\/es\/analisis-de-satisfaccion-del-cliente\/\" title=\"Ocho formas de aumentar la satisfacci\u00f3n del cliente en el comercio minorista\"  data-wpil-monitor-id=\"10366\">consumers<\/a>, fostering loyalty and advocacy.<\/li>\n\n\n\n<li><strong>Oportunidades de innovaci\u00f3n:<\/strong> Al descubrir necesidades insatisfechas y tendencias emergentes, las empresas pueden identificar oportunidades de innovaci\u00f3n y diferenciaci\u00f3n, manteni\u00e9ndose a la vanguardia en un mercado en r\u00e1pida evoluci\u00f3n.<\/li>\n\n\n\n<li><strong>Mitigaci\u00f3n de riesgos:<\/strong> La investigaci\u00f3n de mercado B2B2C permite a las empresas anticipar riesgos y desaf\u00edos potenciales dentro del ecosistema, lo que les permite mitigar los riesgos de forma proactiva y adaptar sus estrategias.<\/li>\n<\/ul>\n\n\n\n<h2 class=\"wp-block-heading\">\u00bfQui\u00e9n utiliza la investigaci\u00f3n de mercado B2B2C?<\/h2>\n\n\n\n<p>Los fabricantes utilizan la investigaci\u00f3n de mercado B2B2C para comprender la demanda del mercado, optimizar los procesos de producci\u00f3n y forjar asociaciones con distribuidores y minoristas. Los distribuidores y minoristas tambi\u00e9n aprovechan los conocimientos de B2B2C para optimizar su variedad de productos, estrategias de precios y redes de distribuci\u00f3n de canales para satisfacer las necesidades cambiantes de los consumidores finales.<\/p>\n\n\n\n<p>Moreover, Service Providers use B2B2C market research to tailor their offerings to meet the specific needs of businesses and end consumers alike. Similarly, Investors and Stakeholders rely on B2B2C insights to <a href=\"https:\/\/www.sisinternational.com\/es\/cobertura\/investigacion-de-mercado-asia\/evaluaciones-de-oportunidades-en-el-mercado-asiatico\/\" title=\"Evaluaciones de oportunidades de mercado en Asia\"  data-wpil-monitor-id=\"10368\">assess market opportunities<\/a>, evaluate the viability of business models, and make informed investment decisions.<\/p>\n\n\n\n<h2 class=\"wp-block-heading\">Factores cr\u00edticos del \u00e9xito<\/h2>\n\n\n\n<p>Before diving into the critical success factors, it&#8217;s essential to understand that a <a href=\"https:\/\/www.sisinternational.com\/es\/factores-clave-de-exito-en-la-investigacion-del-mercado-automotriz\/\" title=\"Factores clave de \u00e9xito en la investigaci\u00f3n de mercado automotriz\"  data-wpil-monitor-id=\"10381\">successful B2B2C approach relies on several key<\/a> factors. Here are some critical success factors for implementing a successful B2B2C strategy:<\/p>\n\n\n\n<ul class=\"wp-block-list\">\n<li><strong>Alineaci\u00f3n de la propuesta de valor:<\/strong> Es fundamental garantizar que la propuesta de valor ofrecida tanto a los socios B2B como a los consumidores finales se alinee con sus respectivas necesidades y expectativas. Esta alineaci\u00f3n mejora el atractivo de la oferta y fomenta la confianza y la lealtad entre todas las partes interesadas.<\/li>\n\n\n\n<li><strong>Integraci\u00f3n perfecta:<\/strong> La integraci\u00f3n efectiva entre los componentes B2B y B2C del modelo de negocio es esencial. Esto incluye canales de comunicaci\u00f3n fluidos, procesos fluidos de intercambio de datos y una marca y mensajes coherentes en todos los puntos de contacto.<\/li>\n\n\n\n<li><strong>Enfoque en la experiencia del cliente:<\/strong> Es primordial priorizar una experiencia de cliente excepcional. Desde el compromiso inicial con los socios B2B hasta la interacci\u00f3n final con los consumidores finales, cada punto de contacto debe optimizarse para brindar conveniencia, confiabilidad y satisfacci\u00f3n.<\/li>\n\n\n\n<li><strong>Escalabilidad y flexibilidad:<\/strong> The B2B2C model should be designed with scalability and flexibility in mind to accommodate <a href=\"https:\/\/www.sisinternational.com\/es\/global-beverage-market\/\" title=\"Global Beverage Market: Market Dynamics, Growth Projections &amp; Consumer Insights\"  data-wpil-monitor-id=\"10370\">growth and adapt to evolving market dynamics<\/a>. This includes scalable infrastructure, agile processes, and adaptable product\/service offerings.<\/li>\n\n\n\n<li><strong>Toma de decisiones basada en datos:<\/strong> Aprovechar el an\u00e1lisis de datos y los conocimientos para impulsar los procesos de toma de decisiones es esencial para optimizar el rendimiento e identificar oportunidades de mejora. Esto implica recopilar, analizar y actuar sobre datos relevantes de los canales B2B y B2C.<\/li>\n<\/ul>\n\n\n\n<h2 class=\"wp-block-heading\">Impulsores y tendencias del mercado<\/h2>\n\n\n\n<figure class=\"gb-block-image gb-block-image-48487a41\"><img loading=\"lazy\" decoding=\"async\" width=\"1456\" height=\"816\" class=\"gb-image gb-image-48487a41\" src=\"https:\/\/www.sisinternational.com\/wp-content\/uploads\/2025\/08\/B2Bjpg-2.jpg\" alt=\"Investigaci\u00f3n y estrategia de mercado internacional de SIS\" title=\"B2Bjpg (2)\" srcset=\"https:\/\/www.sisinternational.com\/wp-content\/uploads\/2025\/08\/B2Bjpg-2.jpg 1456w, https:\/\/www.sisinternational.com\/wp-content\/uploads\/2025\/08\/B2Bjpg-2-300x168.jpg 300w, https:\/\/www.sisinternational.com\/wp-content\/uploads\/2025\/08\/B2Bjpg-2-1024x574.jpg 1024w, https:\/\/www.sisinternational.com\/wp-content\/uploads\/2025\/08\/B2Bjpg-2-768x430.jpg 768w, https:\/\/www.sisinternational.com\/wp-content\/uploads\/2025\/08\/B2Bjpg-2-18x10.jpg 18w\" sizes=\"auto, (max-width: 1456px) 100vw, 1456px\"><\/figure>\n\n\n\n<p><\/p>\n\n\n\n<p>En la investigaci\u00f3n de mercado B2B2C, comprender los impulsores y las tendencias predominantes es fundamental para seguir siendo competitivo y relevante. Algunos impulsores y tendencias clave en este espacio incluyen:<\/p>\n\n\n\n<ul class=\"wp-block-list\">\n<li><strong>Transformaci\u00f3n Digital:<\/strong> La creciente digitalizaci\u00f3n de los procesos comerciales y las interacciones con los consumidores impulsa la adopci\u00f3n de modelos B2B2C. Las empresas aprovechan las plataformas y tecnolog\u00edas digitales para agilizar las transacciones, mejorar las experiencias de los clientes y mejorar la eficiencia.<\/li>\n\n\n\n<li><strong>Personalizaci\u00f3n:<\/strong> A medida que los consumidores buscan productos y servicios m\u00e1s personalizados, las empresas B2B2C se centran en la personalizaci\u00f3n y las experiencias personalizadas. Esta tendencia se ve impulsada por los avances en el an\u00e1lisis de datos, la inteligencia artificial y el aprendizaje autom\u00e1tico, que permiten a las empresas ofrecer ofertas espec\u00edficas basadas en preferencias y comportamientos individuales.<\/li>\n\n\n\n<li><strong>Crecimiento del comercio electr\u00f3nico:<\/strong> La proliferaci\u00f3n de plataformas de comercio electr\u00f3nico y mercados en l\u00ednea est\u00e1 remodelando la din\u00e1mica B2B2C. Las empresas est\u00e1n aprovechando la conveniencia y accesibilidad de los canales en l\u00ednea para llegar directamente tanto a los socios B2B como a los consumidores finales, sin pasar por los canales de distribuci\u00f3n tradicionales.<\/li>\n<\/ul>\n\n\n\n<h2 class=\"wp-block-heading\">Segmentos l\u00edderes<\/h2>\n\n\n\n<p>Dentro del mercado B2B2C, segmentos espec\u00edficos emergen como l\u00edderes debido a sus caracter\u00edsticas \u00fanicas y potencial de crecimiento. Algunos segmentos l\u00edderes incluyen:<\/p>\n\n\n\n<ul class=\"wp-block-list\">\n<li><strong>Tecnolog\u00eda:<\/strong> Las industrias impulsadas por la tecnolog\u00eda, como el software como servicio (SaaS), las plataformas digitales y las telecomunicaciones, est\u00e1n a la vanguardia de la innovaci\u00f3n B2B2C. Estos segmentos aprovechan las soluciones digitales para facilitar interacciones fluidas entre empresas y consumidores finales.<\/li>\n\n\n\n<li><strong>Cuidado de la salud:<\/strong> El sector de la salud est\u00e1 presenciando una mayor adopci\u00f3n de modelos B2B2C, particularmente en telemedicina, monitoreo remoto de pacientes y distribuci\u00f3n farmac\u00e9utica. Este segmento prioriza la atenci\u00f3n centrada en el paciente y aprovecha la tecnolog\u00eda para mejorar el acceso y la conveniencia.<\/li>\n\n\n\n<li><strong>Bienes de consumo:<\/strong> Las empresas de bienes de consumo est\u00e1n explorando estrategias B2B2C para forjar relaciones m\u00e1s estrechas con los minoristas y los consumidores finales. Desde alimentos y bebidas hasta moda y belleza, estos segmentos aprovechan las plataformas de comercio electr\u00f3nico y los canales directos al consumidor para impulsar las ventas y la participaci\u00f3n.<\/li>\n<\/ul>\n\n\n\n<h2 class=\"wp-block-heading\">Resultados esperados de los servicios de investigaci\u00f3n de mercado B2B2C de SIS<\/h2>\n\n\n\n<p>SIS International ofrece servicios integrales de investigaci\u00f3n de mercado B2B2C adaptados a las necesidades y objetivos \u00fanicos de las empresas. Algunos resultados esperados de nuestros servicios incluyen:<\/p>\n\n\n\n<ul class=\"wp-block-list\">\n<li><strong>Insightful <\/strong><a href=\"https:\/\/www.sisinternational.com\/es\/la-publicidad-impresa-y-televisiva-da-paso-a-los-videos-virales-y-a-las-redes-sociales-emergentes\/\" title=\"Investigaci\u00f3n de mercado de v\u00eddeos virales\"  data-wpil-monitor-id=\"1821\">Market Analysis: Our research<\/a> provides in-depth insights into market dynamics, trends, and competitive landscape, enabling businesses to make informed strategic decisions and capitalize on emerging opportunities.<\/li>\n\n\n\n<li><strong>Segmentaci\u00f3n de clientes:<\/strong> A trav\u00e9s de un sofisticado an\u00e1lisis de segmentaci\u00f3n, ayudamos a las empresas a identificar y comprender a sus socios B2B y consumidores finales objetivo. Esta segmentaci\u00f3n permite marketing personalizado y ofertas de productos\/servicios adaptados a necesidades y preferencias espec\u00edficas.<\/li>\n\n\n\n<li><strong>Inteligencia competitiva:<\/strong> <a href=\"https:\/\/www.sisinternational.com\/es\/soluciones\/soluciones-de-branding-e-investigacion-de-clientes\/investigacion-de-mercado-de-pruebas-de-productos\/prueba-de-sabor-de-alimentos-de-sis-international\/\" title=\"\u00bfQu\u00e9 hace que SIS International Research sea la principal empresa de investigaci\u00f3n de mercados para pruebas de sabor de alimentos en la ciudad de Nueva York?\"  data-wpil-monitor-id=\"10371\">SIS International conducts thorough competitive intelligence research<\/a> to assess competitor strategies, strengths, and weaknesses. This knowledge empowers businesses to differentiate themselves in the market and gain a competitive edge.<\/li>\n\n\n\n<li><strong>Recomendaciones estrat\u00e9gicas:<\/strong> Based on our research findings, we deliver <a href=\"https:\/\/www.sisinternational.com\/es\/b2b\/\" title=\"Cost-Effective and Actionable Insights to Drive Your Next Strategic Move\"  data-wpil-monitor-id=\"10377\">actionable recommendations and strategic insights<\/a> to help businesses optimize their B2B2C strategies, enhance customer experiences, and drive growth and profitability.<\/li>\n<\/ul>\n\n\n\n<h2 class=\"wp-block-heading\">Oportunidades en B2B2C para Empresas<\/h2>\n\n\n\n<p>El mercado B2B2C presenta numerosas oportunidades para que las empresas innoven, ampl\u00eden su alcance e impulsen el crecimiento. Algunas oportunidades clave incluyen:<\/p>\n\n\n\n<ul class=\"wp-block-list\">\n<li><strong>Integraci\u00f3n vertical:<\/strong> Las empresas pueden aprovechar la integraci\u00f3n vertical ampliando su cadena de valor para abarcar segmentos B2B y B2C. Las empresas pueden optimizar la eficiencia, reducir costos y mejorar la experiencia de los clientes controlando toda la cadena de suministro y los canales de distribuci\u00f3n.<\/li>\n\n\n\n<li><strong>Colaboraciones de asociaci\u00f3n:<\/strong> Colaborar con socios estrat\u00e9gicos, como proveedores, distribuidores y empresas complementarias, permite a las empresas acceder a nuevos mercados, compartir recursos y desbloquear sinergias. Al formar alianzas estrat\u00e9gicas, las empresas pueden mejorar su propuesta de valor y llegar a una audiencia m\u00e1s amplia de socios B2B y consumidores finales.<\/li>\n\n\n\n<li><strong>Centrada en el cliente:<\/strong> Dar prioridad al enfoque en el cliente permite a las empresas ofrecer experiencias personalizadas y satisfacer las necesidades y preferencias cambiantes de los socios B2B y los consumidores finales.<\/li>\n<\/ul>\n\n\n\n<h2 class=\"wp-block-heading\">C\u00f3mo las soluciones de SIS International ayudan a las empresas<\/h2>\n\n\n\n<ul class=\"wp-block-list\">\n<li><strong>Investigaci\u00f3n de mercado personalizada:<\/strong> SIS International offers tailored <a href=\"https:\/\/www.sisinternational.com\/es\/estudio-de-mercado-de-movilidad-inteligente\/\" title=\"Investigaci\u00f3n de mercado de movilidad inteligente\"  data-wpil-monitor-id=\"6862\">market research solutions<\/a> designed to meet the specific needs of businesses operating in the B2B2C space. Through comprehensive data collection and analysis, our team helps clients gain deep insights into market dynamics, customer behavior, and competitive landscapes.<\/li>\n\n\n\n<li><strong>Ideas y recomendaciones estrat\u00e9gicas:<\/strong> Con un equipo de analistas y consultores experimentados, SIS ofrece conocimientos estrat\u00e9gicos y recomendaciones pr\u00e1cticas para guiar a las empresas en la toma de decisiones informadas. Al aprovechar la inteligencia de mercado y la experiencia en la industria, ayudamos a los clientes a identificar oportunidades de crecimiento, mitigar riesgos y optimizar su posicionamiento en el mercado.<\/li>\n\n\n\n<li><strong>Alcance global y experiencia local:<\/strong> Operating in key markets worldwide, SIS International provides clients access to a <a href=\"https:\/\/www.sisinternational.com\/es\/transportistas-de-bajo-coste-en-la-industria-de-la-aviacion\/\" title=\"Investigaci\u00f3n de mercado de aerol\u00edneas de bajo costo\"  data-wpil-monitor-id=\"10364\">global network of research<\/a> professionals and local experts. This enables businesses to gain insights into diverse markets, cultural nuances, and regulatory environments, facilitating successful <a href=\"https:\/\/www.sisinternational.com\/es\/estrategias-de-entrada-al-mercado-b2b\/\" title=\"Estrategias de ingreso al mercado B2B\"  data-wpil-monitor-id=\"10375\">market entry and expansion strategies<\/a>.<\/li>\n\n\n\n<li><strong>Soporte y colaboraci\u00f3n continuos:<\/strong> SIS International ofrece apoyo y colaboraci\u00f3n continuos durante todo el proceso de investigaci\u00f3n, desde el inicio del proyecto hasta su implementaci\u00f3n. Al fomentar la comunicaci\u00f3n abierta y la colaboraci\u00f3n con los clientes, SIS garantiza que los objetivos de investigaci\u00f3n se cumplan de manera efectiva y que las iniciativas estrat\u00e9gicas se ejecuten con \u00e9xito.<\/li>\n<\/ul>\n\n\n\n<p><\/p>","protected":false},"excerpt":{"rendered":"<p>La investigaci\u00f3n de mercado B2B2C estudia las interacciones entre empresas que suministran bienes o servicios a consumidores finales a trav\u00e9s de canales intermediarios.<\/p>","protected":false},"author":1,"featured_media":62384,"parent":11292,"menu_order":38,"comment_status":"closed","ping_status":"closed","template":"","meta":{"footnotes":""},"class_list":["post-47551","page","type-page","status-publish","has-post-thumbnail"],"_links":{"self":[{"href":"https:\/\/www.sisinternational.com\/es\/wp-json\/wp\/v2\/pages\/47551","targetHints":{"allow":["GET"]}}],"collection":[{"href":"https:\/\/www.sisinternational.com\/es\/wp-json\/wp\/v2\/pages"}],"about":[{"href":"https:\/\/www.sisinternational.com\/es\/wp-json\/wp\/v2\/types\/page"}],"author":[{"embeddable":true,"href":"https:\/\/www.sisinternational.com\/es\/wp-json\/wp\/v2\/users\/1"}],"replies":[{"embeddable":true,"href":"https:\/\/www.sisinternational.com\/es\/wp-json\/wp\/v2\/comments?post=47551"}],"version-history":[{"count":10,"href":"https:\/\/www.sisinternational.com\/es\/wp-json\/wp\/v2\/pages\/47551\/revisions"}],"predecessor-version":[{"id":81710,"href":"https:\/\/www.sisinternational.com\/es\/wp-json\/wp\/v2\/pages\/47551\/revisions\/81710"}],"up":[{"embeddable":true,"href":"https:\/\/www.sisinternational.com\/es\/wp-json\/wp\/v2\/pages\/11292"}],"wp:featuredmedia":[{"embeddable":true,"href":"https:\/\/www.sisinternational.com\/es\/wp-json\/wp\/v2\/media\/62384"}],"wp:attachment":[{"href":"https:\/\/www.sisinternational.com\/es\/wp-json\/wp\/v2\/media?parent=47551"}],"curies":[{"name":"wp","href":"https:\/\/api.w.org\/{rel}","templated":true}]}}