{"id":47523,"date":"2024-04-15T15:08:36","date_gmt":"2024-04-15T19:08:36","guid":{"rendered":"https:\/\/www.sisinternational.com\/?page_id=47523"},"modified":"2026-01-26T17:06:15","modified_gmt":"2026-01-26T22:06:15","slug":"consultoria-de-pagos-en-asia","status":"publish","type":"page","link":"https:\/\/www.sisinternational.com\/es\/cobertura\/investigacion-de-mercado-asia\/consultoria-de-pagos-en-asia\/","title":{"rendered":"Consultor\u00eda de pagos de Asia"},"content":{"rendered":"<h1 class=\"wp-block-heading\">Consultor\u00eda de pagos de Asia<\/h1>\n\n\n\n<figure class=\"gb-block-image gb-block-image-46320632\"><img loading=\"lazy\" decoding=\"async\" width=\"1456\" height=\"816\" class=\"gb-image gb-image-46320632\" src=\"https:\/\/www.sisinternational.com\/wp-content\/uploads\/2025\/08\/Multicultural-Advertising-Services-for-a-Famous-Peer-to-Peer-Payments-Technology-Company.jpg\" alt=\"Investigaci\u00f3n y estrategia de mercado internacional de SIS\" title=\"Servicios de publicidad multicultural para una famosa empresa de tecnolog\u00eda de pagos entre pares\" srcset=\"https:\/\/www.sisinternational.com\/wp-content\/uploads\/2025\/08\/Multicultural-Advertising-Services-for-a-Famous-Peer-to-Peer-Payments-Technology-Company.jpg 1456w, https:\/\/www.sisinternational.com\/wp-content\/uploads\/2025\/08\/Multicultural-Advertising-Services-for-a-Famous-Peer-to-Peer-Payments-Technology-Company-300x168.jpg 300w, https:\/\/www.sisinternational.com\/wp-content\/uploads\/2025\/08\/Multicultural-Advertising-Services-for-a-Famous-Peer-to-Peer-Payments-Technology-Company-1024x574.jpg 1024w, https:\/\/www.sisinternational.com\/wp-content\/uploads\/2025\/08\/Multicultural-Advertising-Services-for-a-Famous-Peer-to-Peer-Payments-Technology-Company-768x430.jpg 768w, https:\/\/www.sisinternational.com\/wp-content\/uploads\/2025\/08\/Multicultural-Advertising-Services-for-a-Famous-Peer-to-Peer-Payments-Technology-Company-18x10.jpg 18w\" sizes=\"auto, (max-width: 1456px) 100vw, 1456px\"><\/figure>\n\n\n\n<hr class=\"wp-block-separator has-alpha-channel-opacity is-style-dots\"\/>\n\n\n\n<h3 class=\"wp-block-heading\">With the right guidance, companies can navigate the diverse financial landscape, align their offerings with consumer needs, and capitalize on emerging payment technologies that are reshaping the industry.<\/h3>\n\n\n\n<p>Con una profunda experiencia en los mercados locales, los panoramas regulatorios y los avances tecnol\u00f3gicos, nuestra consultor\u00eda de pagos en Asia permite a las organizaciones optimizar las estrategias de pago, mejorar las experiencias de los clientes y desbloquear todo el potencial del panorama de pagos din\u00e1mico y en r\u00e1pida evoluci\u00f3n de Asia.<\/p>\n\n\n\n<h2 class=\"wp-block-heading\">What Is Asia Payments Consulting?<\/h2>\n\n\n\n<p>Asia Payments Consulting helps businesses understand and adapt to the evolving payments landscape in Asia. It includes insights into digital payment systems, consumer preferences, and regulatory environments across different countries in the region.<\/p>\n\n\n\n<h2 class=\"wp-block-heading\">Why Is Asia Payments Consulting Important Today?<\/h2>\n\n\n\n<p><a href=\"https:\/\/www.sisinternational.com\/es\/cobertura\/investigacion-de-mercado-asia\/consultoria-de-comercio-electronico-asiatico\/\" title=\"Consultor\u00eda de comercio electr\u00f3nico en Asia\"  data-wpil-monitor-id=\"3912\">Asia payments consulting<\/a> stands at the forefront of this transformative landscape, offering strategic guidance and tailored solutions to businesses navigating the complexities of payment ecosystems across the region.<\/p>\n\n\n\n<p>Desde pagos m\u00f3viles y tecnolog\u00eda blockchain hasta inteligencia artificial y biometr\u00eda, mantenerse competitivo requiere adoptar y aprovechar estos avances. Las empresas de consultor\u00eda de pagos de Asia brindan informaci\u00f3n sobre tendencias y tecnolog\u00edas emergentes, ayudando a las empresas a mantenerse a la vanguardia y capitalizar nuevas oportunidades.<\/p>\n\n\n\n<p>Furthermore, Asia payments consulting firms offer localized expertise and market insights, enabling businesses to tailor their strategies to specific markets and effectively penetrate new territories. This consulting specializes in identifying inefficiencies, implementing best practices, and leveraging technology to improve operational performance. By optimizing payment processes, businesses can reduce costs, minimize errors, and enhance scalability.<\/p>\n\n\n\n<p>Sin embargo, aporta muchos otros beneficios, entre ellos:<\/p>\n\n\n\n<ul class=\"wp-block-list\">\n<li><strong>Orientaci\u00f3n estrat\u00e9gica:<\/strong> La consultor\u00eda de pagos de Asia brinda orientaci\u00f3n estrat\u00e9gica adaptada a las necesidades y objetivos \u00fanicos de cada cliente.<\/li>\n\n\n\n<li><strong>Cumplimiento normativo:<\/strong> Esta consultor\u00eda ayuda a los clientes a cumplir con las regulaciones pertinentes, garantizando que operen dentro de la ley y evitando costosas sanciones.<\/li>\n\n\n\n<li><strong>Integraci\u00f3n de tecnolog\u00eda:<\/strong> Consulting helps businesses stay ahead by guiding the adoption and integration of cutting-edge technologies that drive innovation and enhance customer experiences.<\/li>\n\n\n\n<li><strong>Eficiencia operacional:<\/strong> Optimizar los procesos de pago y mejorar la eficiencia operativa son prioridades cr\u00edticas para las empresas que buscan una ventaja competitiva. Las empresas de consultor\u00eda de pagos de Asia identifican ineficiencias, agilizan los flujos de trabajo e implementan mejores pr\u00e1cticas para mejorar el rendimiento operativo e impulsar el ahorro de costos.<\/li>\n<\/ul>\n\n\n\n<h2 class=\"wp-block-heading\">Who Uses Our Asia Payments Consulting Services<\/h2>\n\n\n\n<p>Financial Institutions rely on this consulting to navigate regulatory requirements, optimize operational processes, and capitalize on emerging trends and technologies in the payment industry. Fintech Startups also turn to <a href=\"https:\/\/www.sisinternational.com\/es\/soluciones\/investigacion-de-consultoria-estrategica-fintech\/fintech-ir-al-mercado-consultoria\/\" title=\"Consultor\u00eda de comercializaci\u00f3n de FinTech\"  data-wpil-monitor-id=\"5877\">Asia payments consulting<\/a> for strategic guidance on market entry strategies, product development, and technology adoption. These firms help fintech startups navigate regulatory hurdles, forge strategic partnerships, and gain a competitive edge in the rapidly evolving landscape.<\/p>\n\n\n\n<p>Adem\u00e1s, las empresas de comercio electr\u00f3nico requieren experiencia especializada para mejorar sus capacidades de pago, mejorar las experiencias de los clientes e impulsar las tasas de conversi\u00f3n. Las empresas de consultor\u00eda de pagos de Asia brindan informaci\u00f3n sobre tendencias de pagos, estrategias de prevenci\u00f3n de fraude y soluciones de pagos transfronterizos adaptadas al sector del comercio electr\u00f3nico.<\/p>\n\n\n\n<p>Adem\u00e1s, los minoristas y comerciantes aprovechan la consultor\u00eda de pagos de Asia para optimizar sus procesos de pago, reducir los costos de transacci\u00f3n y mejorar la satisfacci\u00f3n del cliente. Estas empresas ayudan a los minoristas a implementar soluciones de pago omnicanal, programas de fidelizaci\u00f3n y opciones de pago m\u00f3vil para seguir siendo competitivos en la era digital.<\/p>\n\n\n\n<h2 class=\"wp-block-heading\">Expected Results of Our Asia Payments Consulting Services<\/h2>\n\n\n\n<p>Los servicios de consultor\u00eda de pagos de SIS International en Asia brindan una variedad de resultados esperados a las empresas de la regi\u00f3n. He aqu\u00ed un vistazo m\u00e1s de cerca a los factores clave:<\/p>\n\n\n\n<ul class=\"wp-block-list\">\n<li><strong>Cumplimiento normativo mejorado:<\/strong> La experiencia de SIS International en navegar por el complejo panorama regulatorio de Asia garantiza que los clientes sigan cumpliendo con las regulaciones relevantes, minimizando el riesgo de multas y sanciones y al mismo tiempo fomentando la confianza y credibilidad con los reguladores.<\/li>\n\n\n\n<li><strong>Penetraci\u00f3n de mercado mejorada:<\/strong> Al proporcionar informaci\u00f3n pr\u00e1ctica sobre el mercado y orientaci\u00f3n estrat\u00e9gica, SIS permite a los clientes penetrar nuevos mercados de manera efectiva, identificar oportunidades de crecimiento y obtener una ventaja competitiva sobre sus rivales.<\/li>\n\n\n\n<li><strong>Mayor eficiencia operativa:<\/strong> A trav\u00e9s de la optimizaci\u00f3n de procesos y la integraci\u00f3n de tecnolog\u00eda, ayudamos a los clientes a optimizar sus operaciones de pago, reducir costos y mejorar la eficiencia general, mejorando la rentabilidad y la escalabilidad.<\/li>\n\n\n\n<li><strong>Mejores experiencias del cliente:<\/strong> El enfoque de SIS International en mejorar las experiencias de los clientes garantiza que los clientes ofrezcan experiencias de pago fluidas y sin fricciones que impulsen la satisfacci\u00f3n, la lealtad y la retenci\u00f3n del cliente.<\/li>\n\n\n\n<li><strong>Soluciones innovadoras:<\/strong> Aprovechando las tecnolog\u00edas de vanguardia y las mejores pr\u00e1cticas, SIS International desarrolla soluciones de pago innovadoras que satisfacen las necesidades y preferencias cambiantes de los consumidores, posicionando a los clientes como l\u00edderes en el panorama de pagos que cambia r\u00e1pidamente.<\/li>\n<\/ul>\n\n\n\n<h2 class=\"wp-block-heading\">Oportunidades<\/h2>\n\n\n\n<figure class=\"wp-block-image\"><img decoding=\"async\" src=\"https:\/\/www.sisinternational.com\/wp-content\/uploads\/2018\/11\/Payment-Technology-Market-Research.jpg\" alt=\"Investigaci\u00f3n y estrategia de mercado internacional de SIS\" class=\"wp-image-28331\"><\/figure>\n\n\n\n<p><\/p>\n\n\n\n<p>El panorama de la consultor\u00eda de pagos de Asia presenta muchas oportunidades para las empresas que buscan prosperar en el din\u00e1mico mercado de la regi\u00f3n. Algunos de los factores clave que impulsan estas oportunidades incluyen:<\/p>\n\n\n\n<ul class=\"wp-block-list\">\n<li><strong>Mercado de comercio electr\u00f3nico en expansi\u00f3n:<\/strong> El floreciente mercado del comercio electr\u00f3nico en Asia presenta importantes oportunidades para que las empresas mejoren sus capacidades de pago y capturen una mayor proporci\u00f3n de las transacciones en l\u00ednea.<\/li>\n\n\n\n<li><strong>Expansi\u00f3n transfronteriza:<\/strong> As businesses globalize, there is a growing demand for <a href=\"https:\/\/www.sisinternational.com\/es\/soluciones\/investigacion-de-consultoria-estrategica-fintech\/consultoria-de-boveda-de-pagos\/\" title=\"Consultor\u00eda de b\u00f3veda de pagos\"  data-wpil-monitor-id=\"4804\">consulting services that support cross-border payment<\/a> operations and expansion into new markets.<\/li>\n\n\n\n<li><strong>Experiencia del cliente mejorada:<\/strong> En un mercado cada vez m\u00e1s competitivo, las empresas mejoran las experiencias de los clientes para impulsar la lealtad y la retenci\u00f3n.<\/li>\n<\/ul>\n\n\n\n<h2 class=\"wp-block-heading\">Desaf\u00edos<\/h2>\n\n\n\n<p>Si bien la industria de consultor\u00eda de pagos de Asia ofrece numerosas oportunidades comerciales, tambi\u00e9n presenta desaf\u00edos que deben abordarse de manera efectiva. Algunos desaf\u00edos clave incluyen:<\/p>\n\n\n\n<ul class=\"wp-block-list\">\n<li><strong>Complejidad regulatoria:<\/strong> El panorama regulatorio de Asia est\u00e1 muy fragmentado y las regulaciones de cada pa\u00eds rigen la industria de pagos. Navegar por este complejo entorno regulatorio puede ser un desaf\u00edo para las empresas que operan en m\u00faltiples jurisdicciones.<\/li>\n\n\n\n<li><strong>Preocupaciones de seguridad:<\/strong> Con la creciente prevalencia de amenazas cibern\u00e9ticas y violaciones de datos, la seguridad es una preocupaci\u00f3n importante para las empresas que operan en la industria de pagos. Garantizar la seguridad y la integridad de las transacciones de pago requiere medidas s\u00f3lidas de ciberseguridad, el cumplimiento de est\u00e1ndares de la industria como PCI DSS y un monitoreo y evaluaci\u00f3n de riesgos continuos.<\/li>\n\n\n\n<li><strong>Fragmentaci\u00f3n del mercado:<\/strong> <a href=\"https:\/\/www.sisinternational.com\/es\/la-voz-de-los-consumidores-indios\/\" title=\"La voz de los consumidores indios\"  data-wpil-monitor-id=\"2438\">Asia&#8217;s<\/a> diverse markets present unique challenges for businesses seeking to expand their regional payment operations regarding consumer preferences, cultural norms, and infrastructure development, which can complicate market entry and localization efforts.<\/li>\n<\/ul>\n\n\n\n<h2 class=\"wp-block-heading\">An\u00e1lisis FODA<\/h2>\n\n\n\n<figure class=\"wp-block-image\"><img decoding=\"async\" src=\"https:\/\/www.sisinternational.com\/wp-content\/uploads\/2019\/03\/China-Payment-Tech-Market-Research-FinTech.jpg\" alt=\"Investigaci\u00f3n de mercado de tecnolog\u00eda de pagos en China FinTech\" class=\"wp-image-31110\"\/><\/figure>\n\n\n\n<p><\/p>\n\n\n\n<p>Un an\u00e1lisis FODA proporciona una descripci\u00f3n general completa de las fortalezas, debilidades, oportunidades y amenazas de una industria en la industria de consultor\u00eda de pagos de Asia:<\/p>\n\n\n\n<h3 class=\"wp-block-heading\"><strong>Fortalezas<\/strong><\/h3>\n\n\n\n<ul class=\"wp-block-list\">\n<li><strong>Creciente demanda:<\/strong> La regi\u00f3n de Asia y el Pac\u00edfico est\u00e1 experimentando un r\u00e1pido crecimiento econ\u00f3mico, lo que impulsa una mayor demanda de servicios de consultor\u00eda en diversas industrias, incluidos los pagos.<\/li>\n\n\n\n<li><strong>Innovaci\u00f3n tecnol\u00f3gica:<\/strong> La regi\u00f3n es un semillero de innovaci\u00f3n tecnol\u00f3gica y ofrece oportunidades para que las empresas consultoras de pagos aprovechen las tecnolog\u00edas de vanguardia para impulsar la innovaci\u00f3n y la eficiencia.<\/li>\n\n\n\n<li><strong>Ubicaci\u00f3n estrat\u00e9gica:<\/strong> Asia es un centro para operaciones comerciales globales, que brinda a las empresas consultoras acceso a una amplia gama de clientes y mercados.<\/li>\n<\/ul>\n\n\n\n<h3 class=\"wp-block-heading\"><strong>Debilidades<\/strong><\/h3>\n\n\n\n<ul class=\"wp-block-list\">\n<li><strong>Complejidad regulatoria:<\/strong> El entorno regulatorio fragmentado en Asia plantea desaf\u00edos para las empresas de consultor\u00eda de pagos, ya que requieren importantes recursos y experiencia para garantizar el cumplimiento en m\u00faltiples jurisdicciones.<\/li>\n\n\n\n<li><strong>Competici\u00f3n intensa:<\/strong> La industria de la consultor\u00eda de pagos en Asia es altamente competitiva y numerosos actores compiten por la participaci\u00f3n de mercado. Diferenciarse en un mercado tan saturado puede resultar un desaf\u00edo.<\/li>\n\n\n\n<li><strong>Adquisici\u00f3n de Talento:<\/strong> Adquirir y retener a los mejores talentos con la experiencia necesaria en pagos y tecnolog\u00eda puede ser un desaf\u00edo para las empresas de consultor\u00eda en Asia, particularmente en medio de una creciente competencia por profesionales calificados.<\/li>\n<\/ul>\n\n\n\n<h3 class=\"wp-block-heading\"><strong>Oportunidades<\/strong><\/h3>\n\n\n\n<ul class=\"wp-block-list\">\n<li><strong>Transformaci\u00f3n Digital:<\/strong> La transformaci\u00f3n digital de las empresas y econom\u00edas en Asia presenta importantes oportunidades para que las empresas de consultor\u00eda de pagos ayuden a los clientes a adoptar soluciones de pagos digitales y mejorar sus capacidades digitales.<\/li>\n\n\n\n<li><strong>Crecimiento del comercio electr\u00f3nico:<\/strong> The booming e-commerce market in <a href=\"https:\/\/www.sisinternational.com\/es\/soluciones\/si-crecimiento-global\/consultoria-de-crecimiento\/\" title=\"Consultor\u00eda de crecimiento\"  data-wpil-monitor-id=\"6401\">Asia offers opportunities for payments consulting<\/a> firms to provide specialized services to online retailers, including payment gateway integration, fraud prevention, and cross-border payment solutions.<\/li>\n\n\n\n<li><strong>Mercados emergentes:<\/strong> El r\u00e1pido crecimiento de los mercados asi\u00e1ticos emergentes, como India, Indonesia y Vietnam, presenta oportunidades sin explotar para que las empresas de consultor\u00eda de pagos ampl\u00eden su base de clientes y establezcan presencia en nuevos mercados.<\/li>\n<\/ul>\n\n\n\n<h3 class=\"wp-block-heading\"><strong>Amenazas<\/strong><\/h3>\n\n\n\n<ul class=\"wp-block-list\">\n<li><strong>Riesgos regulatorios:<\/strong> Los cambios en las regulaciones o los requisitos de cumplimiento podr\u00edan plantear riesgos para las empresas de consultor\u00eda de pagos, exigi\u00e9ndoles adaptarse r\u00e1pidamente para garantizar el cumplimiento continuo y minimizar posibles interrupciones en sus operaciones.<\/li>\n\n\n\n<li><strong>Amenazas a la ciberseguridad:<\/strong> La creciente prevalencia de amenazas cibern\u00e9ticas y filtraciones de datos plantea riesgos para las empresas de consultor\u00eda de pagos y sus clientes, lo que destaca la importancia de medidas s\u00f3lidas de ciberseguridad y pr\u00e1cticas de gesti\u00f3n de riesgos.<\/li>\n\n\n\n<li><strong>Tecnolog\u00edas disruptivas:<\/strong> Las tecnolog\u00edas disruptivas como blockchain y las criptomonedas tienen el potencial de remodelar el panorama de pagos en Asia, planteando oportunidades y amenazas a los m\u00e9todos de pago tradicionales y a las empresas consultoras que operan en la industria.<\/li>\n<\/ul>\n\n\n\n<h2 class=\"wp-block-heading\">How SIS International Asia Payments Consulting Helps Businesses<\/h2>\n\n\n\n<p>Los servicios de consultor\u00eda de pagos de SIS International en Asia est\u00e1n dise\u00f1ados para abordar los desaf\u00edos y oportunidades \u00fanicos que enfrentan las empresas que operan en el din\u00e1mico panorama de pagos de la regi\u00f3n. As\u00ed es como SIS puede ayudar a las empresas:<\/p>\n\n\n\n<ul class=\"wp-block-list\">\n<li><strong>Asesor\u00eda Estrat\u00e9gica:<\/strong> <a href=\"https:\/\/medium.com\/@sisinternational\/sis-international-c17160da8fac\" target=\"_blank\" rel=\"noopener\"><span style=\"font-weight: 400;\">SIS<\/span><\/a> provides strategic advisory services tailored to each client&#8217;s needs and objectives. We help businesses develop and execute effective strategies to drive growth, innovation, and competitive advantage in the Asia-Pacific payment market by drawing on deep industry expertise and market insights.<\/li>\n\n\n\n<li><strong>Cumplimiento normativo:<\/strong> Con un conocimiento profundo del panorama regulatorio de Asia, SIS International ayuda a las empresas a navegar por requisitos regulatorios complejos y garantizar el cumplimiento de las leyes y est\u00e1ndares relevantes. Desde evaluaciones regulatorias hasta auditor\u00edas de cumplimiento y estrategias de gesti\u00f3n de riesgos, SIS International ayuda a los clientes a mitigar los riesgos regulatorios y mantener la confianza y credibilidad ante los reguladores.<\/li>\n\n\n\n<li><strong>Integraci\u00f3n de tecnolog\u00eda:<\/strong> SIS ayuda a las empresas a aprovechar tecnolog\u00edas de vanguardia para mejorar las capacidades de pago e impulsar la innovaci\u00f3n. Ya sea implementando soluciones de pago m\u00f3vil, adoptando tecnolog\u00eda blockchain o mejorando las medidas de ciberseguridad, nuestro equipo brinda orientaci\u00f3n y soporte expertos para ayudar a los clientes a mantenerse a la vanguardia.<\/li>\n\n\n\n<li><strong>Inteligencia de mercado:<\/strong> SIS International ofrece informaci\u00f3n y conocimientos de mercado valiosos para ayudar a las empresas a tomar decisiones informadas y aprovechar las oportunidades emergentes en el mercado de pagos de Asia y el Pac\u00edfico. Desde an\u00e1lisis del comportamiento del consumidor hasta evaluaciones comparativas de la competencia y pron\u00f3stico de tendencias, SIS brinda a los clientes el conocimiento y las herramientas que necesitan para tener \u00e9xito en un panorama en r\u00e1pida evoluci\u00f3n.<\/li>\n\n\n\n<li><strong>Optimizaci\u00f3n operativa:<\/strong>&nbsp;<a href=\"https:\/\/www.linkedin.com\/company\/sisinternationalresearch\/\" target=\"_blank\" rel=\"noopener\"><span style=\"font-weight: 400;\">SIS Internacional<\/span><\/a> assists businesses in optimizing their payment processes and enhancing operational efficiency. We help clients reduce costs, minimize errors, and improve performance by identifying inefficiencies, streamlining workflows, and implementing best practices.<\/li>\n<\/ul>\n\n\n\n<h2 class=\"wp-block-heading\">Acerca de SIS International Asia Payments Consulting<\/h2>\n\n\n\n<p>SIS International Asia Payments Consulting specializes in providing tailored strategic solutions to businesses worldwide. Our expert consultants offer comprehensive advisory services in market entry, business expansion, strategic planning, and organizational development. We partner with clients, from market analysis to implementation support, to drive sustainable growth and competitive advantage. <a href=\"https:\/\/www.sisinternational.com\/es\/sobre-la-investigacion-internacional-de-sis\/contact-sis-international-market-research\/\"><span style=\"font-weight: 400;\">P\u00f3ngase en contacto con nosotros<\/span><\/a> to explore how our consulting expertise can empower your business.<\/p>\n\n\n\n<p><\/p>","protected":false},"excerpt":{"rendered":"<p>Las empresas de consultor\u00eda de pagos de Asia brindan informaci\u00f3n sobre tendencias y tecnolog\u00edas emergentes para ayudar a las empresas a mantenerse a la vanguardia.<\/p>","protected":false},"author":1,"featured_media":64890,"parent":14508,"menu_order":95,"comment_status":"closed","ping_status":"closed","template":"","meta":{"footnotes":""},"class_list":["post-47523","page","type-page","status-publish","has-post-thumbnail"],"_links":{"self":[{"href":"https:\/\/www.sisinternational.com\/es\/wp-json\/wp\/v2\/pages\/47523","targetHints":{"allow":["GET"]}}],"collection":[{"href":"https:\/\/www.sisinternational.com\/es\/wp-json\/wp\/v2\/pages"}],"about":[{"href":"https:\/\/www.sisinternational.com\/es\/wp-json\/wp\/v2\/types\/page"}],"author":[{"embeddable":true,"href":"https:\/\/www.sisinternational.com\/es\/wp-json\/wp\/v2\/users\/1"}],"replies":[{"embeddable":true,"href":"https:\/\/www.sisinternational.com\/es\/wp-json\/wp\/v2\/comments?post=47523"}],"version-history":[{"count":16,"href":"https:\/\/www.sisinternational.com\/es\/wp-json\/wp\/v2\/pages\/47523\/revisions"}],"predecessor-version":[{"id":79984,"href":"https:\/\/www.sisinternational.com\/es\/wp-json\/wp\/v2\/pages\/47523\/revisions\/79984"}],"up":[{"embeddable":true,"href":"https:\/\/www.sisinternational.com\/es\/wp-json\/wp\/v2\/pages\/14508"}],"wp:featuredmedia":[{"embeddable":true,"href":"https:\/\/www.sisinternational.com\/es\/wp-json\/wp\/v2\/media\/64890"}],"wp:attachment":[{"href":"https:\/\/www.sisinternational.com\/es\/wp-json\/wp\/v2\/media?parent=47523"}],"curies":[{"name":"wp","href":"https:\/\/api.w.org\/{rel}","templated":true}]}}