{"id":47517,"date":"2024-04-15T15:12:40","date_gmt":"2024-04-15T19:12:40","guid":{"rendered":"https:\/\/www.sisinternational.com\/?page_id=47517"},"modified":"2026-01-24T18:55:10","modified_gmt":"2026-01-24T23:55:10","slug":"consultoria-de-comercio-electronico-asiatico","status":"publish","type":"page","link":"https:\/\/www.sisinternational.com\/es\/cobertura\/investigacion-de-mercado-asia\/consultoria-de-comercio-electronico-asiatico\/","title":{"rendered":"Consultor\u00eda de comercio electr\u00f3nico en Asia"},"content":{"rendered":"<h1 class=\"wp-block-heading\">Consultor\u00eda de comercio electr\u00f3nico en Asia<\/h1>\n\n\n\n<figure class=\"gb-block-image gb-block-image-9e1d27c8\"><img loading=\"lazy\" decoding=\"async\" width=\"1456\" height=\"816\" class=\"gb-image gb-image-9e1d27c8\" src=\"https:\/\/www.sisinternational.com\/wp-content\/uploads\/2025\/08\/ecommerce-e-commerce-4.jpg\" alt=\"Investigaci\u00f3n y estrategia de mercado internacional de SIS\" title=\"ecommerce e-commerce (4)\" srcset=\"https:\/\/www.sisinternational.com\/wp-content\/uploads\/2025\/08\/ecommerce-e-commerce-4.jpg 1456w, https:\/\/www.sisinternational.com\/wp-content\/uploads\/2025\/08\/ecommerce-e-commerce-4-300x168.jpg 300w, https:\/\/www.sisinternational.com\/wp-content\/uploads\/2025\/08\/ecommerce-e-commerce-4-1024x574.jpg 1024w, https:\/\/www.sisinternational.com\/wp-content\/uploads\/2025\/08\/ecommerce-e-commerce-4-768x430.jpg 768w, https:\/\/www.sisinternational.com\/wp-content\/uploads\/2025\/08\/ecommerce-e-commerce-4-18x10.jpg 18w\" sizes=\"auto, (max-width: 1456px) 100vw, 1456px\"><\/figure>\n\n\n\n<hr class=\"wp-block-separator has-alpha-channel-opacity is-style-dots\"\/>\n\n\n\n<p>Asia eCommerce Consulting encarna el puente entre la ambici\u00f3n y la ejecuci\u00f3n, ofreciendo estrategias e ideas personalizadas para navegar las complejidades de este ecosistema diverso y en r\u00e1pida evoluci\u00f3n.<\/p>\n\n\n\n<h2 class=\"wp-block-heading\">What Is Asia eCommerce consulting?<\/h2>\n\n\n\n<p>La consultor\u00eda de comercio electr\u00f3nico en Asia ayuda a las empresas a establecer y optimizar su presencia en l\u00ednea en el mercado asi\u00e1tico. Desde investigaci\u00f3n de mercado y conocimientos de los consumidores hasta estrategias de marketing digital y optimizaci\u00f3n operativa, la consultor\u00eda de comercio electr\u00f3nico asi\u00e1tico brinda a las empresas la orientaci\u00f3n y la experiencia necesarias para prosperar en el competitivo panorama del comercio electr\u00f3nico asi\u00e1tico.<\/p>\n\n\n\n<h2 class=\"wp-block-heading\">\u00bfPor qu\u00e9 es importante?\u00a0<\/h2>\n\n\n\n<p>La consultor\u00eda de comercio electr\u00f3nico en Asia ofrece un profundo conocimiento y experiencia en los diversos mercados de Asia, incluidos China, India, el sudeste asi\u00e1tico y Jap\u00f3n. Ayuda a las empresas a comprender los matices de cada mercado, incluidas las diferencias culturales, los panoramas regulatorios y la din\u00e1mica competitiva, lo que les permite adaptar sus estrategias y enfoques a condiciones espec\u00edficas del mercado.<\/p>\n\n\n\n<p>Tambi\u00e9n ofrece informaci\u00f3n y an\u00e1lisis para ayudar a las empresas a obtener una comprensi\u00f3n profunda de los comportamientos, preferencias y h\u00e1bitos de compra de los consumidores asi\u00e1ticos. Al descubrir informaci\u00f3n sobre preferencias de compra, m\u00e9todos de pago y patrones de uso de dispositivos m\u00f3viles, las empresas pueden desarrollar estrategias de marketing espec\u00edficas y ofertas de productos que resuenen entre los consumidores asi\u00e1ticos.<\/p>\n\n\n\n<p>Adem\u00e1s, esta consultor\u00eda brinda orientaci\u00f3n estrat\u00e9gica y apoyo a las empresas en cada etapa de su viaje de comercio electr\u00f3nico, desde la entrada al mercado y la selecci\u00f3n de plataformas hasta el marketing digital y la adquisici\u00f3n de clientes... Pero ofrece muchas otras ventajas, que incluyen:<\/p>\n\n\n\n<ul class=\"wp-block-list\">\n<li><strong>Marketing Digital Optimizado:<\/strong> Esta consultor\u00eda ayuda a las empresas a desarrollar e implementar estrategias de marketing digital espec\u00edficas, aprovechando plataformas como motores de b\u00fasqueda, redes sociales y mercados de comercio electr\u00f3nico para llegar e involucrar a los consumidores asi\u00e1ticos de manera efectiva.<\/li>\n\n\n\n<li><strong>Experiencia del cliente mejorada:<\/strong> Los consultores de comercio electr\u00f3nico de Asia trabajan con empresas para optimizar el recorrido de sus clientes, desde la navegaci\u00f3n del sitio web y el descubrimiento de productos hasta el pago y el soporte posterior a la compra.<\/li>\n\n\n\n<li><strong>Toma de decisiones basada en datos:<\/strong> Los consultores ayudan a las empresas a aprovechar el poder del an\u00e1lisis de datos y los conocimientos para realizar un seguimiento del rendimiento, medir el retorno de la inversi\u00f3n y optimizar las estrategias para lograr el \u00e9xito en el mercado asi\u00e1tico del comercio electr\u00f3nico.<\/li>\n<\/ul>\n\n\n\n<h2 class=\"wp-block-heading\">Who Uses Asia eCommerce consulting<\/h2>\n\n\n\n<p>Las marcas globales y las corporaciones multinacionales que buscan expandir su presencia en el mercado de comercio electr\u00f3nico asi\u00e1tico conf\u00edan en la consultor\u00eda de comercio electr\u00f3nico asi\u00e1tico para navegar por las complejidades de los mercados locales, comprender las preferencias de los consumidores y desarrollar estrategias personalizadas para lograr el \u00e9xito.<\/p>\n\n\n\n<p>De manera similar, las peque\u00f1as y medianas empresas (PYME) a menudo necesitan m\u00e1s recursos y experiencia para navegar en el mercado de forma independiente. Por lo tanto, participan en consultor\u00eda de comercio electr\u00f3nico en Asia para acceder a orientaci\u00f3n estrat\u00e9gica, conocimientos de mercado y soporte operativo. Les ayuda a superar las barreras de entrada y tener \u00e9xito en el competitivo panorama del comercio electr\u00f3nico asi\u00e1tico.<\/p>\n\n\n\n<p>Adem\u00e1s, las plataformas y mercados de comercio electr\u00f3nico conf\u00edan en la consultor\u00eda de comercio electr\u00f3nico de Asia para mejorar sus ofertas, optimizar la experiencia del usuario e impulsar el crecimiento en el mercado de comercio electr\u00f3nico altamente competitivo.<\/p>\n\n\n\n<h2 class=\"wp-block-heading\">Factors to Consider<\/h2>\n\n\n\n<figure class=\"gb-block-image gb-block-image-84dc1250\"><img loading=\"lazy\" decoding=\"async\" width=\"1456\" height=\"816\" class=\"gb-image gb-image-84dc1250\" src=\"https:\/\/www.sisinternational.com\/wp-content\/uploads\/2025\/08\/ecommerce-e-commerce-2.jpg\" alt=\"Investigaci\u00f3n y estrategia de mercado internacional de SIS\" title=\"ecommerce e-commerce (2)\" srcset=\"https:\/\/www.sisinternational.com\/wp-content\/uploads\/2025\/08\/ecommerce-e-commerce-2.jpg 1456w, https:\/\/www.sisinternational.com\/wp-content\/uploads\/2025\/08\/ecommerce-e-commerce-2-300x168.jpg 300w, https:\/\/www.sisinternational.com\/wp-content\/uploads\/2025\/08\/ecommerce-e-commerce-2-1024x574.jpg 1024w, https:\/\/www.sisinternational.com\/wp-content\/uploads\/2025\/08\/ecommerce-e-commerce-2-768x430.jpg 768w, https:\/\/www.sisinternational.com\/wp-content\/uploads\/2025\/08\/ecommerce-e-commerce-2-18x10.jpg 18w\" sizes=\"auto, (max-width: 1456px) 100vw, 1456px\"><\/figure>\n\n\n\n<p><\/p>\n\n\n\n<p>La implementaci\u00f3n de una estrategia exitosa de comercio electr\u00f3nico en Asia requiere que las empresas consideren varios factores cr\u00edticos de \u00e9xito para navegar las complejidades del mercado de manera efectiva. Aqu\u00ed hay algunos factores clave a considerar:<\/p>\n\n\n\n<ul class=\"wp-block-list\">\n<li><strong>Enfoque localizado:<\/strong> Adopting a localized approach is essential for success in <a href=\"https:\/\/www.sisinternational.com\/es\/como-elaborar-investigaciones-para-la-cultura-japonesa\/\" title=\"C\u00f3mo elaborar investigaciones para Jap\u00f3n; \u00a1La cultura importa!\"  data-wpil-monitor-id=\"9535\">Asia&#8217;s diverse and culturally<\/a> distinct markets. Businesses must tailor their eCommerce strategies, product offerings, and marketing campaigns to meet local consumers&#8217; unique needs and preferences.<\/li>\n\n\n\n<li><strong>Presencia omnicanal:<\/strong> Esto implica integrar m\u00faltiples canales de ventas, incluidos mercados en l\u00ednea, plataformas de redes sociales, aplicaciones m\u00f3viles y tiendas f\u00edsicas, para crear una experiencia de compra perfecta para el cliente a trav\u00e9s de varios puntos de contacto.<\/li>\n\n\n\n<li><strong>Optimizaci\u00f3n m\u00f3vil:<\/strong> Incluye el dise\u00f1o de sitios web optimizados para dispositivos m\u00f3viles, la optimizaci\u00f3n de los procesos de pago para usuarios de dispositivos m\u00f3viles y el aprovechamiento de aplicaciones m\u00f3viles y plataformas de mensajer\u00eda para interactuar con los clientes mientras viajan.<\/li>\n\n\n\n<li><strong>Eficiencia de la cadena de suministro:<\/strong> Las empresas deben optimizar los procesos de su cadena de suministro, incluida la gesti\u00f3n de inventario, el almacenamiento y el cumplimiento, para garantizar la entrega oportuna y la disponibilidad del producto.<\/li>\n\n\n\n<li><strong>Excelencia en la experiencia del cliente:<\/strong> Las empresas deben priorizar el servicio al cliente, la personalizaci\u00f3n y el soporte posterior a la compra para generar confianza, lealtad y defensa entre los consumidores asi\u00e1ticos. Al invertir en la excelencia de la experiencia del cliente, las empresas pueden diferenciarse de la competencia, impulsar compras repetidas y fomentar relaciones a largo plazo con los clientes en el din\u00e1mico y diverso panorama del comercio electr\u00f3nico de Asia.<\/li>\n<\/ul>\n\n\n\n<h2 class=\"wp-block-heading\">Key Drivers<\/h2>\n\n\n\n<p>Comprender los impulsores y las tendencias clave que dan forma al mercado de comercio electr\u00f3nico de Asia es esencial para que las empresas se mantengan a la vanguardia y aprovechen las oportunidades emergentes. Estos son algunos de los impulsores y tendencias destacados que influyen en el panorama del comercio electr\u00f3nico en Asia:<\/p>\n\n\n\n<ul class=\"wp-block-list\">\n<li><strong>Digitalizaci\u00f3n r\u00e1pida:<\/strong> La r\u00e1pida digitalizaci\u00f3n de las econom\u00edas en toda Asia ha impulsado el crecimiento del comercio electr\u00f3nico, con una creciente penetraci\u00f3n de Internet, la adopci\u00f3n de tel\u00e9fonos inteligentes y opciones de pago en l\u00ednea que impulsan la participaci\u00f3n de los consumidores y el gasto en l\u00ednea.<\/li>\n\n\n\n<li><strong>Aumento del comercio m\u00f3vil:<\/strong> El comercio m\u00f3vil est\u00e1 experimentando un crecimiento explosivo en Asia, impulsado por la prevalencia de los tel\u00e9fonos inteligentes y la conectividad a Internet m\u00f3vil. Dado que los consumidores utilizan cada vez m\u00e1s sus dispositivos m\u00f3viles para comprar, las empresas deben priorizar la optimizaci\u00f3n m\u00f3vil y desarrollar experiencias compatibles con dispositivos m\u00f3viles para capitalizar la creciente tendencia del comercio m\u00f3vil en Asia.<\/li>\n\n\n\n<li><strong>Comercio electr\u00f3nico transfronterizo:<\/strong> Cross-border eCommerce is gaining momentum in <a href=\"https:\/\/www.sisinternational.com\/es\/la-voz-de-los-consumidores-indios\/\" title=\"La voz de los consumidores indios\"  data-wpil-monitor-id=\"2442\">Asia as consumers<\/a> seek access to a broader range of products and brands worldwide. With the rise of online marketplaces and international shipping options, businesses can tap into new <a href=\"https:\/\/www.sisinternational.com\/es\/transportistas-de-bajo-coste-en-la-industria-de-la-aviacion\/\" title=\"Investigaci\u00f3n de mercado de aerol\u00edneas de bajo costo\"  data-wpil-monitor-id=\"9536\">markets and reach global<\/a> customers in Asia and beyond.<\/li>\n\n\n\n<li><strong>Comercio social:<\/strong> El comercio social est\u00e1 remodelando el panorama del comercio electr\u00f3nico en Asia, y las plataformas de redes sociales influyen cada vez m\u00e1s en las decisiones de compra de los consumidores. Plataformas como WeChat y Facebook han introducido funciones que permiten a los usuarios comprar sin problemas dentro de sus redes sociales, desdibujando la l\u00ednea entre las redes sociales y el comercio electr\u00f3nico.<\/li>\n<\/ul>\n\n\n\n<h2 class=\"wp-block-heading\">Growing Segments<\/h2>\n\n\n\n<p>Dentro del mercado de comercio electr\u00f3nico de Asia, varios segmentos est\u00e1n experimentando un crecimiento significativo e impulsando la expansi\u00f3n general de la industria. \u00c9stos son algunos de los segmentos l\u00edderes:<\/p>\n\n\n\n<ul class=\"wp-block-list\">\n<li><strong>Moda y Confecci\u00f3n:<\/strong> Con el auge de la moda r\u00e1pida, los mercados en l\u00ednea y el marketing de influencers, los consumidores asi\u00e1ticos recurren cada vez m\u00e1s a los canales en l\u00ednea para comprar ropa, calzado y accesorios.<\/li>\n\n\n\n<li><strong>Electr\u00f3nica y gadgets:<\/strong> Los consumidores asi\u00e1ticos compran cada vez m\u00e1s productos electr\u00f3nicos y dispositivos en l\u00ednea, impulsados por la conveniencia, la variedad de productos y los precios competitivos. Como resultado, las plataformas de comercio electr\u00f3nico y los minoristas especializados en electr\u00f3nica y gadgets est\u00e1n experimentando un crecimiento s\u00f3lido y ampliando su oferta de productos para satisfacer las diversas necesidades de los consumidores asi\u00e1ticos.<\/li>\n\n\n\n<li><strong>Beauty and <\/strong><a href=\"https:\/\/www.sisinternational.com\/es\/estrategia-de-marketing-completa-para-una-empresa-estadounidense-de-finanzas-personales-en-linea\/\" title=\"Estrategia de marketing completa para una empresa estadounidense de finanzas personales en l\u00ednea\"  data-wpil-monitor-id=\"9538\">Personal Care: Online<\/a> beauty retailers and cosmetics brands are capitalizing on the growing demand for beauty and personal care products in Asia, leveraging digital marketing, influencer partnerships, and innovative product offerings to attract and retain customers in this highly competitive segment.<\/li>\n\n\n\n<li><strong>Salud y Bienestar:<\/strong> Los minoristas en l\u00ednea especializados en suplementos para la salud, equipos de fitness y productos de bienestar est\u00e1n experimentando una demanda creciente por parte de los consumidores que buscan mejorar su bienestar f\u00edsico y mental. Como resultado, el segmento de salud y bienestar est\u00e1 atrayendo inversiones de plataformas de comercio electr\u00f3nico, empresas de atenci\u00f3n m\u00e9dica y nuevas empresas que buscan capitalizar la creciente tendencia del autocuidado y el bienestar en Asia.<\/li>\n<\/ul>\n\n\n\n<h2 class=\"wp-block-heading\">Porter\u2019s Five Forces<\/h2>\n\n\n\n<p>Un an\u00e1lisis de las cinco fuerzas de Porter proporciona informaci\u00f3n sobre la din\u00e1mica competitiva y el atractivo de la industria del comercio electr\u00f3nico en Asia. Aqu\u00ed hay una descripci\u00f3n general de cada fuerza:<\/p>\n\n\n\n<ul class=\"wp-block-list\">\n<li><strong>Amenaza de nuevos participantes:<\/strong> El mercado de comercio electr\u00f3nico de Asia enfrenta una amenaza moderada de nuevos participantes debido a las barreras de entrada relativamente bajas, incluido el f\u00e1cil acceso a la tecnolog\u00eda, los bajos costos iniciales y la disponibilidad de plataformas de comercio electr\u00f3nico de terceros.<\/li>\n\n\n\n<li><strong>El poder de negociaci\u00f3n de los compradores:<\/strong> El poder de negociaci\u00f3n de los compradores en el mercado de comercio electr\u00f3nico de Asia es alto, impulsado por la abundancia de opciones, la transparencia de precios y la facilidad para cambiar entre competidores.<\/li>\n\n\n\n<li><strong>El poder de negociacion de los proveedores:<\/strong> El poder de negociaci\u00f3n de los proveedores en el mercado de comercio electr\u00f3nico de Asia var\u00eda seg\u00fan la industria y la categor\u00eda de producto. Mientras que los proveedores de productos b\u00e1sicos pueden tener un poder de negociaci\u00f3n limitado debido a la intensa competencia y la presi\u00f3n de los precios, los proveedores de productos \u00fanicos o especializados pueden tener un mayor poder de negociaci\u00f3n, principalmente si controlan recursos escasos o poseen tecnolog\u00eda patentada.<\/li>\n\n\n\n<li><strong>Amenaza de productos o servicios sustitutos:<\/strong> La amenaza de productos o servicios sustitutos en el mercado de comercio electr\u00f3nico de Asia es moderada, y los minoristas tradicionales y los canales fuera de l\u00ednea sirven como alternativas viables para el consumidor. Sin embargo, la conveniencia, la accesibilidad y los precios competitivos que ofrecen las plataformas de comercio electr\u00f3nico mitigan hasta cierto punto la amenaza de sustitutos, particularmente en \u00e1reas urbanas con alta penetraci\u00f3n de Internet.<\/li>\n\n\n\n<li><strong>La intensidad de la rivalidad competitiva:<\/strong> Competitive rivalry in the Asia eCommerce market is intense and characterized by many players competing for market share and customer loyalty. Domestic and international eCommerce platforms, online marketplaces, and brick-and-mortar <a href=\"https:\/\/www.sisinternational.com\/es\/analisis-de-satisfaccion-del-cliente\/\" title=\"Ocho formas de aumentar la satisfacci\u00f3n del cliente en el comercio minorista\"  data-wpil-monitor-id=\"9537\">retailers vie for consumers<\/a>&#8216; attention and spending, driving innovation, price competition, and strategic alliances in the dynamic and rapidly evolving industry.<\/li>\n<\/ul>\n\n\n\n<h2 class=\"wp-block-heading\">The Benefits of Working with SIS<\/h2>\n\n\n\n<p>SIS International ofrece servicios integrales de consultor\u00eda de comercio electr\u00f3nico en Asia para ayudar a las empresas a navegar por las complejidades del panorama del comercio electr\u00f3nico y capitalizar las oportunidades de crecimiento en la regi\u00f3n. As\u00ed es como nuestros servicios de consultor\u00eda pueden beneficiar a las empresas:<\/p>\n\n\n\n<ul class=\"wp-block-list\">\n<li><a href=\"https:\/\/www.sisinternational.com\/es\/pascua-de-resurreccion-y-el-inevitable-conejito-de-chocolate\/\" title=\"Investigaci\u00f3n de mercado de Pascua\"  data-wpil-monitor-id=\"9533\">Market Entry Strategy: SIS<\/a> assists businesses in developing market entry strategies for the Asia eCommerce market, including market analysis, competitor assessment, and localization strategies tailored to specific countries and regions. <\/li>\n\n\n\n<li><strong>Perspectivas del consumidor:<\/strong> Our consulting services provide businesses with valuable <a href=\"https:\/\/www.sisinternational.com\/es\/pericia\/curriculums-de-experiencia\/curriculum-vitae-de-experiencia-en-bienes-de-consumo-y-envasados\/\" title=\"Investigaci\u00f3n de mercado de bienes de consumo y envasados\"  data-wpil-monitor-id=\"9539\">consumer insights and market research<\/a> to understand consumer behavior, preferences, and trends in the Asia eCommerce market. Through surveys, focus groups, and data analysis, we uncover actionable insights that enable businesses to tailor their products, services, and marketing strategies to meet the evolving needs of Asian consumers and drive growth in the region.<\/li>\n\n\n\n<li><strong>Soluciones tecnol\u00f3gicas:<\/strong> SIS helps businesses leverage technology <a href=\"https:\/\/www.sisinternational.com\/es\/sis-lanza-nuevas-soluciones-de-investigacion-digital\/\" title=\"SIS lanza nuevas soluciones de Investigaci\u00f3n Digital\"  data-wpil-monitor-id=\"9534\">solutions and digital innovations<\/a> to enhance their eCommerce capabilities and optimize online operations. From website development and mobile app optimization to AI-driven personalization and omnichannel integration, we provide strategic guidance and technical expertise to help businesses stay ahead of the curve and deliver exceptional digital experiences to customers in Asia.<\/li>\n\n\n\n<li><a href=\"https:\/\/www.sisinternational.com\/es\/soluciones\/si-crecimiento-global\/desarrollo-de-la-cadena-de-suministro-global\/\" title=\"Consultor\u00eda de cadena de suministro global\"  data-wpil-monitor-id=\"9540\">Supply Chain Optimization: Our consulting<\/a> services include supply chain optimization solutions to help businesses streamline logistics, reduce costs, and improve efficiency in eCommerce operations across Asia. <\/li>\n<\/ul>\n\n\n\n<h2 class=\"wp-block-heading\">Acerca de la consultor\u00eda de comercio electr\u00f3nico de SIS International Asia<\/h2>\n\n\n\n<p>SIS International Asia eCommerce Consulting se especializa en brindar soluciones estrat\u00e9gicas personalizadas a empresas de todo el mundo. Nuestros consultores expertos ofrecen servicios integrales de asesoramiento en entrada al mercado, expansi\u00f3n empresarial, planificaci\u00f3n estrat\u00e9gica y desarrollo organizacional. Nos asociamos con clientes, desde an\u00e1lisis de mercado hasta soporte de implementaci\u00f3n, para impulsar un crecimiento sostenible y una ventaja competitiva. Cont\u00e1ctenos para explorar c\u00f3mo nuestra experiencia en consultor\u00eda puede potenciar su negocio.<\/p>\n\n\n\n<p><\/p>","protected":false},"excerpt":{"rendered":"<p>La consultor\u00eda de comercio electr\u00f3nico en Asia ayuda a las empresas a establecer y optimizar su presencia en l\u00ednea en el mercado asi\u00e1tico. <\/p>","protected":false},"author":1,"featured_media":64700,"parent":14508,"menu_order":96,"comment_status":"closed","ping_status":"closed","template":"","meta":{"footnotes":""},"class_list":["post-47517","page","type-page","status-publish","has-post-thumbnail"],"_links":{"self":[{"href":"https:\/\/www.sisinternational.com\/es\/wp-json\/wp\/v2\/pages\/47517","targetHints":{"allow":["GET"]}}],"collection":[{"href":"https:\/\/www.sisinternational.com\/es\/wp-json\/wp\/v2\/pages"}],"about":[{"href":"https:\/\/www.sisinternational.com\/es\/wp-json\/wp\/v2\/types\/page"}],"author":[{"embeddable":true,"href":"https:\/\/www.sisinternational.com\/es\/wp-json\/wp\/v2\/users\/1"}],"replies":[{"embeddable":true,"href":"https:\/\/www.sisinternational.com\/es\/wp-json\/wp\/v2\/comments?post=47517"}],"version-history":[{"count":10,"href":"https:\/\/www.sisinternational.com\/es\/wp-json\/wp\/v2\/pages\/47517\/revisions"}],"predecessor-version":[{"id":81590,"href":"https:\/\/www.sisinternational.com\/es\/wp-json\/wp\/v2\/pages\/47517\/revisions\/81590"}],"up":[{"embeddable":true,"href":"https:\/\/www.sisinternational.com\/es\/wp-json\/wp\/v2\/pages\/14508"}],"wp:featuredmedia":[{"embeddable":true,"href":"https:\/\/www.sisinternational.com\/es\/wp-json\/wp\/v2\/media\/64700"}],"wp:attachment":[{"href":"https:\/\/www.sisinternational.com\/es\/wp-json\/wp\/v2\/media?parent=47517"}],"curies":[{"name":"wp","href":"https:\/\/api.w.org\/{rel}","templated":true}]}}