{"id":47332,"date":"2024-04-10T19:41:31","date_gmt":"2024-04-10T23:41:31","guid":{"rendered":"https:\/\/www.sisinternational.com\/?page_id=47332"},"modified":"2026-01-25T18:06:37","modified_gmt":"2026-01-25T23:06:37","slug":"investigacion-de-mercado-de-coque-de-petroleo","status":"publish","type":"page","link":"https:\/\/www.sisinternational.com\/es\/pericia\/investigacion-de-mercado-de-coque-de-petroleo\/","title":{"rendered":"Investigaci\u00f3n de mercado de coque de petr\u00f3leo"},"content":{"rendered":"<h1 class=\"wp-block-heading\">Investigaci\u00f3n de mercado de coque de petr\u00f3leo<\/h1>\n\n\n\n<figure class=\"gb-block-image gb-block-image-45c41b6c\"><img loading=\"lazy\" decoding=\"async\" width=\"1456\" height=\"816\" class=\"gb-image gb-image-45c41b6c\" src=\"https:\/\/www.sisinternational.com\/wp-content\/uploads\/2025\/08\/Petcoke-4.jpg\" alt=\"Investigaci\u00f3n y estrategia de mercado internacional de SIS\" title=\"Petcoke (4)\" srcset=\"https:\/\/www.sisinternational.com\/wp-content\/uploads\/2025\/08\/Petcoke-4.jpg 1456w, https:\/\/www.sisinternational.com\/wp-content\/uploads\/2025\/08\/Petcoke-4-300x168.jpg 300w, https:\/\/www.sisinternational.com\/wp-content\/uploads\/2025\/08\/Petcoke-4-1024x574.jpg 1024w, https:\/\/www.sisinternational.com\/wp-content\/uploads\/2025\/08\/Petcoke-4-768x430.jpg 768w, https:\/\/www.sisinternational.com\/wp-content\/uploads\/2025\/08\/Petcoke-4-18x10.jpg 18w\" sizes=\"auto, (max-width: 1456px) 100vw, 1456px\"><\/figure>\n\n\n\n<hr class=\"wp-block-separator has-alpha-channel-opacity is-style-dots\"\/>\n\n\n\n<p>Al examinar la din\u00e1mica de la oferta y la demanda, las tendencias del mercado y los panoramas competitivos, la investigaci\u00f3n de mercado del coque de petr\u00f3leo permite a las partes interesadas tomar decisiones informadas sobre estrategias de inversi\u00f3n, optimizaci\u00f3n operativa y gesti\u00f3n de riesgos dentro del mercado del coque de petr\u00f3leo.<\/p>\n\n\n\n<h2 class=\"wp-block-heading\">What is Petcoke market research?<\/h2>\n\n\n\n<p>La investigaci\u00f3n de mercado de coque de petr\u00f3leo implica el an\u00e1lisis exhaustivo de las tendencias, la din\u00e1mica y los factores que influyen en la producci\u00f3n, el consumo y el comercio de coque de petr\u00f3leo (coque de petr\u00f3leo). El coque de petr\u00f3leo, un subproducto del proceso de refinaci\u00f3n, es un s\u00f3lido carbonoso derivado de la destilaci\u00f3n del petr\u00f3leo crudo.<\/p>\n\n\n\n<p>Proporciona a las partes interesadas conocimientos pr\u00e1cticos para navegar eficazmente por las complejidades de la industria. Arroja luz sobre diversos aspectos de la industria del coque de petr\u00f3leo, incluidas sus aplicaciones en diversos sectores, como la fabricaci\u00f3n de cemento, la generaci\u00f3n de energ\u00eda, la producci\u00f3n de aluminio y la fabricaci\u00f3n de acero.<\/p>\n\n\n\n<h2 class=\"wp-block-heading\">\u00bfPor qu\u00e9 es importante?<\/h2>\n\n\n\n<p>La investigaci\u00f3n de mercado de Petcoke brinda a las empresas informaci\u00f3n sobre las tendencias del mercado, la din\u00e1mica de la oferta y la demanda y las fluctuaciones de precios. Reconocer y comprender la din\u00e1mica del mercado permite a las empresas adaptar sus estrategias en consecuencia, optimizar los niveles de producci\u00f3n y capitalizar las oportunidades emergentes.<\/p>\n\n\n\n<p>Adem\u00e1s, esta investigaci\u00f3n de mercado ayuda a las empresas a mantenerse informadas sobre los cambios regulatorios, los requisitos de cumplimiento y los posibles impactos en las operaciones. Al adelantarse a los avances normativos, las empresas pueden mitigar los riesgos de cumplimiento y evitar costosas sanciones.<\/p>\n\n\n\n<p>Asimismo, la investigaci\u00f3n de mercado descubre oportunidades de crecimiento dentro de la industria, como mercados emergentes, avances tecnol\u00f3gicos e innovaciones de productos. Al identificar oportunidades de crecimiento, las empresas pueden diversificar sus flujos de ingresos, expandirse a nuevos mercados y mantenerse a la vanguardia de las tendencias de la industria. Sin embargo, tiene muchos otros beneficios para las empresas, entre ellos:<\/p>\n\n\n\n<ul class=\"wp-block-list\">\n<li><strong>Informaci\u00f3n sobre las tendencias del mercado:<\/strong> Al realizar esta investigaci\u00f3n de mercado, las empresas obtienen informaci\u00f3n valiosa sobre las tendencias del mercado, incluidas las fluctuaciones de la demanda, los movimientos de precios y los patrones de consumo emergentes.<\/li>\n\n\n\n<li><strong>Mitigaci\u00f3n de riesgos:<\/strong> La investigaci\u00f3n de mercado ayuda a las empresas a identificar y evaluar los riesgos de producci\u00f3n, transporte y consumo de coque de petr\u00f3leo.<\/li>\n\n\n\n<li><strong>Inteligencia competitiva:<\/strong> La investigaci\u00f3n de mercado de Petcoke proporciona a las empresas inteligencia competitiva, lo que les permite analizar las actividades de la competencia, el posicionamiento en el mercado y las ofertas de productos.<\/li>\n\n\n\n<li><strong>Toma de decisiones optimizada:<\/strong> Con informaci\u00f3n basada en datos de la investigaci\u00f3n de mercado de coque de petr\u00f3leo, las empresas pueden tomar decisiones informadas sobre los niveles de producci\u00f3n, las estrategias de precios y las prioridades de inversi\u00f3n.<\/li>\n\n\n\n<li><strong>Planificaci\u00f3n estrat\u00e9gica:<\/strong> La investigaci\u00f3n de mercado es la base para la planificaci\u00f3n estrat\u00e9gica y el desarrollo empresarial a largo plazo.<\/li>\n<\/ul>\n\n\n\n<h2 class=\"wp-block-heading\">Who Uses Petcoke market research<\/h2>\n\n\n\n<p>Las refiner\u00edas de petr\u00f3leo son productoras primarias de coque de petr\u00f3leo, lo que las convierte en usuarios cr\u00edticos de la investigaci\u00f3n de mercado del coque de petr\u00f3leo. Se basan en la investigaci\u00f3n de mercado para optimizar los procesos de producci\u00f3n, evaluar las tendencias de la demanda y tomar decisiones informadas sobre la utilizaci\u00f3n del coque de petr\u00f3leo y las estrategias de fijaci\u00f3n de precios.<\/p>\n\n\n\n<ul class=\"wp-block-list\">\n<li>Los fabricantes de cemento son importantes consumidores de coque de petr\u00f3leo y lo utilizan como fuente de combustible en los hornos de cemento. La investigaci\u00f3n de mercado de coque de petr\u00f3leo ayuda a los fabricantes de cemento a comprender la din\u00e1mica de precios, la disponibilidad de suministro y las restricciones regulatorias que afectan el uso de coque de petr\u00f3leo. Esto les permite tomar decisiones estrat\u00e9gicas con respecto a la adquisici\u00f3n de combustible y la gesti\u00f3n de costos.<\/li>\n\n\n\n<li>Power Generation Companies utilize petcoke as a fuel source in coal-fired power plants, particularly in regions where petcoke is abundant and cost-effective. Petcoke <a href=\"https:\/\/www.sisinternational.com\/es\/soluciones\/investigacion-de-mercado-de-ia-y-consultoria-estrategica\/investigacion-de-mercado-de-ia-generativa\/\" title=\"Investigaci\u00f3n de mercado de IA generativa\"  data-wpil-monitor-id=\"2036\">market research assists power generation<\/a> companies in evaluating the feasibility of petcoke utilization, assessing environmental impacts, and complying with emissions regulations.<\/li>\n\n\n\n<li>Los productores de aluminio utilizan coque de petr\u00f3leo como fuente de carbono y agente reductor en el proceso de fundici\u00f3n. Esta investigaci\u00f3n de mercado ayuda a los productores de aluminio a monitorear los precios, la disponibilidad y los est\u00e1ndares de calidad del coque de petr\u00f3leo, lo que les permite optimizar sus procesos de producci\u00f3n y administrar los costos de manera efectiva.<\/li>\n\n\n\n<li>Los fabricantes de acero dependen del coque de petr\u00f3leo como fuente de combustible en los altos hornos y hornos de arco el\u00e9ctrico, lo que contribuye a la reducci\u00f3n del mineral de hierro. El an\u00e1lisis de mercado ayuda a los fabricantes de acero a comprender las tendencias del mercado, las opciones de abastecimiento y los requisitos reglamentarios relacionados con el uso del coque de petr\u00f3leo, lo que facilita la toma de decisiones estrat\u00e9gicas y la planificaci\u00f3n operativa.<\/li>\n<\/ul>\n\n\n\n<h2 class=\"wp-block-heading\">The Benefits SIS Brings to Your Company<\/h2>\n\n\n\n<figure class=\"gb-block-image gb-block-image-b2229b0f\"><img loading=\"lazy\" decoding=\"async\" width=\"1456\" height=\"816\" class=\"gb-image gb-image-b2229b0f\" src=\"https:\/\/www.sisinternational.com\/wp-content\/uploads\/2025\/08\/Petcoke-3.jpg\" alt=\"Investigaci\u00f3n y estrategia de mercado internacional de SIS\" title=\"Petcoke (3)\" srcset=\"https:\/\/www.sisinternational.com\/wp-content\/uploads\/2025\/08\/Petcoke-3.jpg 1456w, https:\/\/www.sisinternational.com\/wp-content\/uploads\/2025\/08\/Petcoke-3-300x168.jpg 300w, https:\/\/www.sisinternational.com\/wp-content\/uploads\/2025\/08\/Petcoke-3-1024x574.jpg 1024w, https:\/\/www.sisinternational.com\/wp-content\/uploads\/2025\/08\/Petcoke-3-768x430.jpg 768w, https:\/\/www.sisinternational.com\/wp-content\/uploads\/2025\/08\/Petcoke-3-18x10.jpg 18w\" sizes=\"auto, (max-width: 1456px) 100vw, 1456px\"><\/figure>\n\n\n\n<p><\/p>\n\n\n\n<p>Los servicios de investigaci\u00f3n de mercado de coque de petr\u00f3leo de SIS International brindan a los clientes conocimientos integrales y recomendaciones pr\u00e1cticas. Estos son los resultados esperados de la participaci\u00f3n de SIS International:<\/p>\n\n\n\n<ul class=\"wp-block-list\">\n<li><strong>An\u00e1lisis de mercado en profundidad:<\/strong> SIS International lleva a cabo an\u00e1lisis de mercado exhaustivos, brindando a los clientes una comprensi\u00f3n profunda de la din\u00e1mica de la oferta y la demanda de coque de petr\u00f3leo, las tendencias de precios y los panoramas regulatorios. Al analizar los impulsores, las limitaciones y las oportunidades del mercado, SIS International ofrece conocimientos que informan la toma de decisiones estrat\u00e9gicas e impulsan el crecimiento empresarial.<\/li>\n\n\n\n<li><strong>Inteligencia competitiva:<\/strong> La investigaci\u00f3n de SIS International incluye inteligencia competitiva, lo que permite a los clientes obtener informaci\u00f3n sobre las actividades de la competencia, el posicionamiento en el mercado y las estrategias de precios. Al compararse con los competidores e identificar las brechas del mercado, los clientes pueden desarrollar ofertas diferenciadas, mejorar su ventaja competitiva y capturar participaci\u00f3n de mercado de manera efectiva.<\/li>\n\n\n\n<li><strong>Gu\u00eda de cumplimiento normativo:<\/strong> Con experiencia en entornos regulatorios y est\u00e1ndares ambientales, SIS brinda a sus clientes orientaci\u00f3n sobre el cumplimiento normativo, garantizando el cumplimiento de las regulaciones y est\u00e1ndares aplicables. Al mantenerse al tanto de los desarrollos regulatorios y los requisitos de cumplimiento, los clientes pueden mitigar los riesgos regulatorios, evitar costosas sanciones y mantener una reputaci\u00f3n favorable en la industria.<\/li>\n\n\n\n<li><a href=\"https:\/\/www.sisinternational.com\/es\/la-publicidad-impresa-y-televisiva-da-paso-a-los-videos-virales-y-a-las-redes-sociales-emergentes\/\" title=\"Investigaci\u00f3n de mercado de v\u00eddeos virales\"  data-wpil-monitor-id=\"1833\">Market Expansion Opportunities: SIS International&#8217;s research<\/a> identifies market expansion opportunities, enabling clients to assess market demand, evaluate entry barriers, and develop market entry strategies. By identifying untapped markets, assessing competitive landscapes, and understanding consumer preferences, clients can expand their presence in new markets, diversify revenue streams, and drive business growth.<\/li>\n<\/ul>\n\n\n\n<h2 class=\"wp-block-heading\">key Players<\/h2>\n\n\n\n<p>Varias empresas desempe\u00f1an papeles importantes en el mercado del coque de petr\u00f3leo, entre ellas:<\/p>\n\n\n\n<ul class=\"wp-block-list\">\n<li><strong>ExxonMobil:<\/strong> ExxonMobil es una de las empresas de refinaci\u00f3n de petr\u00f3leo m\u00e1s grandes del mundo, con una presencia sustancial en la producci\u00f3n de coque de petr\u00f3leo. Las refiner\u00edas de la empresa producen coque de petr\u00f3leo como subproducto del proceso de refinaci\u00f3n, que luego se utiliza para diversas aplicaciones industriales.<\/li>\n\n\n\n<li><strong>Arabia Saudita:<\/strong> Saudi Aramco, la compa\u00f1\u00eda petrolera nacional de Arabia Saudita, opera algunas de las refiner\u00edas m\u00e1s grandes del mundo y produce cantidades significativas de coque de petr\u00f3leo. La empresa desempe\u00f1a un papel crucial en el mercado mundial del coque de petr\u00f3leo, suministrando coque de petr\u00f3leo a diversas industrias en todo el mundo.<\/li>\n\n\n\n<li><strong>Indian Oil Corporation Limited (IOCL):<\/strong> IOCL es la empresa de comercializaci\u00f3n y refinaci\u00f3n de petr\u00f3leo m\u00e1s grande de la India, con amplias capacidades de producci\u00f3n de coque de petr\u00f3leo. Las refiner\u00edas de la empresa producen coque de petr\u00f3leo para las industrias nacionales, incluida la fabricaci\u00f3n de cemento, la generaci\u00f3n de energ\u00eda y la producci\u00f3n de aluminio.<\/li>\n<\/ul>\n\n\n\n<h2 class=\"wp-block-heading\">Oportunidades<\/h2>\n\n\n\n<p>Las empresas que operan en el mercado del coque de petr\u00f3leo pueden aprovechar diversas oportunidades para impulsar el crecimiento y la innovaci\u00f3n. Algunas oportunidades clave incluyen:<\/p>\n\n\n\n<ul class=\"wp-block-list\">\n<li><strong>Expansi\u00f3n a mercados emergentes:<\/strong> Los mercados emergentes presentan importantes oportunidades de crecimiento para los productores y consumidores de coque de petr\u00f3leo. La r\u00e1pida industrializaci\u00f3n, urbanizaci\u00f3n y desarrollo de infraestructura en Asia-Pac\u00edfico, Am\u00e9rica Latina y \u00c1frica impulsan la demanda de coque de petr\u00f3leo en la fabricaci\u00f3n de cemento, la generaci\u00f3n de energ\u00eda y la producci\u00f3n de acero.<\/li>\n\n\n\n<li><strong>Diversificaci\u00f3n de la oferta de productos:<\/strong> Los productores de coque de petr\u00f3leo pueden explorar oportunidades para diversificar su oferta y expandirse hacia productos de valor agregado. Por ejemplo, los productores de coque de petr\u00f3leo pueden invertir en tecnolog\u00edas de gasificaci\u00f3n de coque de petr\u00f3leo para producir hidr\u00f3geno y otros subproductos valiosos para su uso en la fabricaci\u00f3n de productos qu\u00edmicos, la refinaci\u00f3n y otras industrias.<\/li>\n\n\n\n<li><strong>Inversi\u00f3n en Tecnolog\u00edas Limpias:<\/strong> Las crecientes preocupaciones sobre la calidad del aire, las emisiones de carbono y la sostenibilidad ambiental impulsan la demanda de alternativas m\u00e1s limpias y sostenibles a los combustibles f\u00f3siles como el coque de petr\u00f3leo. Las empresas pueden aprovechar esta tendencia invirtiendo en tecnolog\u00edas limpias, como la captura y almacenamiento de carbono (CAC), la energ\u00eda renovable y soluciones de eficiencia energ\u00e9tica.<\/li>\n\n\n\n<li><strong>Alianzas y colaboraciones estrat\u00e9gicas:<\/strong> La colaboraci\u00f3n y las asociaciones ofrecen a las empresas oportunidades para aprovechar fortalezas, experiencia y recursos complementarios para impulsar la innovaci\u00f3n y el crecimiento en el mercado del coque de petr\u00f3leo. Por ejemplo, los productores de coque de petr\u00f3leo pueden colaborar con empresas de tecnolog\u00eda, instituciones de investigaci\u00f3n y agencias gubernamentales para desarrollar soluciones innovadoras para la utilizaci\u00f3n de coque de petr\u00f3leo, la reducci\u00f3n de emisiones y la gesti\u00f3n ambiental.<\/li>\n\n\n\n<li><strong>Diferenciaci\u00f3n de mercado y marca:<\/strong> La diferenciaci\u00f3n y la marca desempe\u00f1an un papel crucial a la hora de impulsar el \u00e9xito en el mercado y la ventaja competitiva en el mercado del coque de petr\u00f3leo. Las empresas pueden diferenciar sus productos centr\u00e1ndose en la calidad, la coherencia y el desempe\u00f1o medioambiental.<\/li>\n<\/ul>\n\n\n\n<h2 class=\"wp-block-heading\">The SIS Advantage<\/h2>\n\n\n\n<p>Los servicios de investigaci\u00f3n de mercado de coque de petr\u00f3leo de SIS International brindan a las empresas los conocimientos y la orientaci\u00f3n estrat\u00e9gica necesarios para navegar las complejidades del mercado de coque de petr\u00f3leo de manera efectiva. As\u00ed es como la experiencia de SIS International puede beneficiar a las empresas:<\/p>\n\n\n\n<ul class=\"wp-block-list\">\n<li><strong>An\u00e1lisis integral del mercado:<\/strong> SIS International realiza an\u00e1lisis integrales del mercado, aprovechando m\u00e9todos de investigaci\u00f3n cuantitativos y cualitativos para recopilar datos sobre la din\u00e1mica de la oferta y la demanda de coque de petr\u00f3leo, las tendencias de precios, los panoramas regulatorios y la din\u00e1mica competitiva.<\/li>\n\n\n\n<li><strong>Soluciones de investigaci\u00f3n personalizadas:<\/strong> SIS International offers customized research solutions tailored to clients&#8217; needs and objectives. We design research methodologies that align with clients&#8217; goals and deliver actionable insights to address their unique challenges and opportunities in the <a href=\"https:\/\/www.sisinternational.com\/es\/pericia\/industrias\/investigacion-de-mercado-de-delicatessen\/\" title=\"Investigaci\u00f3n de mercado de delicatessen\"  data-wpil-monitor-id=\"4612\">petcoke<\/a> market.<\/li>\n\n\n\n<li><strong>Experiencia y conocimiento de la industria:<\/strong> SIS&#8217;s team of experienced researchers and industry experts possess deep knowledge and expertise in the <a href=\"https:\/\/www.sisinternational.com\/es\/cobertura\/las-americas\/investigacion-de-mercado-canada\/investigacion-de-mercado-nueva-escocia-canada\/\" title=\"Investigaci\u00f3n de mercado en Nueva Escocia\"  data-wpil-monitor-id=\"4626\">petcoke<\/a> market. With a thorough understanding of market trends, regulatory requirements, and technological advancements, SIS International delivers insights and strategic recommendations that enable businesses to stay ahead of the curve and capitalize on emerging opportunities in the petcoke market.<\/li>\n\n\n\n<li><strong>Recomendaciones estrat\u00e9gicas y conocimientos pr\u00e1cticos:<\/strong> Basado en los resultados de la investigaci\u00f3n, SIS ofrece a los clientes recomendaciones estrat\u00e9gicas e informaci\u00f3n pr\u00e1ctica adaptada a sus objetivos comerciales y din\u00e1mica del mercado. Ya sea que los clientes busquen optimizar los procesos de producci\u00f3n, diversificar la oferta de productos o expandirse a nuevos mercados, SIS International ofrece orientaci\u00f3n pr\u00e1ctica y recomendaciones para ayudar a las empresas a alcanzar sus objetivos e impulsar el crecimiento sostenible en el mercado del coque de petr\u00f3leo.<\/li>\n<\/ul>","protected":false},"excerpt":{"rendered":"<p>El an\u00e1lisis de la investigaci\u00f3n de mercado de Petcoke implica estudiar las tendencias y factores de producci\u00f3n, consumo y comercio.<\/p>","protected":false},"author":1,"featured_media":64316,"parent":14514,"menu_order":440,"comment_status":"closed","ping_status":"closed","template":"","meta":{"footnotes":""},"class_list":["post-47332","page","type-page","status-publish","has-post-thumbnail"],"_links":{"self":[{"href":"https:\/\/www.sisinternational.com\/es\/wp-json\/wp\/v2\/pages\/47332","targetHints":{"allow":["GET"]}}],"collection":[{"href":"https:\/\/www.sisinternational.com\/es\/wp-json\/wp\/v2\/pages"}],"about":[{"href":"https:\/\/www.sisinternational.com\/es\/wp-json\/wp\/v2\/types\/page"}],"author":[{"embeddable":true,"href":"https:\/\/www.sisinternational.com\/es\/wp-json\/wp\/v2\/users\/1"}],"replies":[{"embeddable":true,"href":"https:\/\/www.sisinternational.com\/es\/wp-json\/wp\/v2\/comments?post=47332"}],"version-history":[{"count":12,"href":"https:\/\/www.sisinternational.com\/es\/wp-json\/wp\/v2\/pages\/47332\/revisions"}],"predecessor-version":[{"id":78618,"href":"https:\/\/www.sisinternational.com\/es\/wp-json\/wp\/v2\/pages\/47332\/revisions\/78618"}],"up":[{"embeddable":true,"href":"https:\/\/www.sisinternational.com\/es\/wp-json\/wp\/v2\/pages\/14514"}],"wp:featuredmedia":[{"embeddable":true,"href":"https:\/\/www.sisinternational.com\/es\/wp-json\/wp\/v2\/media\/64316"}],"wp:attachment":[{"href":"https:\/\/www.sisinternational.com\/es\/wp-json\/wp\/v2\/media?parent=47332"}],"curies":[{"name":"wp","href":"https:\/\/api.w.org\/{rel}","templated":true}]}}