{"id":47313,"date":"2024-04-10T20:32:27","date_gmt":"2024-04-11T00:32:27","guid":{"rendered":"https:\/\/www.sisinternational.com\/?page_id=47313"},"modified":"2026-03-25T00:45:41","modified_gmt":"2026-03-25T04:45:41","slug":"investigacion-de-mercado-de-conocimiento-de-marca-b2b","status":"publish","type":"page","link":"https:\/\/www.sisinternational.com\/es\/soluciones\/investigacion-de-mercado-b2b\/investigacion-de-mercado-de-conocimiento-de-marca-b2b\/","title":{"rendered":"Estudio de mercado sobre la conciencia de marca B2B"},"content":{"rendered":"<h1 class=\"wp-block-heading\">Estudio de mercado sobre la conciencia de marca B2B<\/h1>\n\n\n\n<figure class=\"gb-block-image gb-block-image-e7d6f7bc\"><img loading=\"lazy\" decoding=\"async\" width=\"1456\" height=\"816\" class=\"gb-image gb-image-e7d6f7bc\" src=\"https:\/\/www.sisinternational.com\/wp-content\/uploads\/2025\/08\/B2Bjpg-5.jpg\" alt=\"Investigaci\u00f3n y estrategia de mercado internacional de SIS\" title=\"B2Bjpg (5)\" srcset=\"https:\/\/www.sisinternational.com\/wp-content\/uploads\/2025\/08\/B2Bjpg-5.jpg 1456w, https:\/\/www.sisinternational.com\/wp-content\/uploads\/2025\/08\/B2Bjpg-5-300x168.jpg 300w, https:\/\/www.sisinternational.com\/wp-content\/uploads\/2025\/08\/B2Bjpg-5-1024x574.jpg 1024w, https:\/\/www.sisinternational.com\/wp-content\/uploads\/2025\/08\/B2Bjpg-5-768x430.jpg 768w, https:\/\/www.sisinternational.com\/wp-content\/uploads\/2025\/08\/B2Bjpg-5-18x10.jpg 18w\" sizes=\"auto, (max-width: 1456px) 100vw, 1456px\"><\/figure>\n\n\n\n<hr class=\"wp-block-separator has-alpha-channel-opacity is-style-dots\"\/>\n\n\n\n<p>En el vasto panorama de las transacciones entre empresas (B2B), donde las marcas compiten por la atenci\u00f3n en medio de un mar de competidores, un aspecto crucial es primordial: el conocimiento de la marca... Entonces, \u00bfc\u00f3mo se aseguran las empresas de que su marca se destaque en la mente de los consumidores? \u00bfClientes y socios potenciales? Esta pregunta constituye la piedra angular de la investigaci\u00f3n de mercado de conocimiento de marca B2B, una investigaci\u00f3n estrat\u00e9gica que descubre c\u00f3mo las marcas B2B obtienen visibilidad, reconocimiento y, en \u00faltima instancia, \u00e9xito.<\/p>\n\n\n\n<h2 class=\"wp-block-heading\">\u00bfQu\u00e9 es la investigaci\u00f3n de mercado de conocimiento de marca B2B?<\/h2>\n\n\n\n<p class=\"p1\">La investigaci\u00f3n de mercado de conocimiento de marca B2B se centra en comprender y cuantificar la visibilidad, el reconocimiento y la percepci\u00f3n de una marca dentro del ecosistema B2B. Abarca una variedad de metodolog\u00edas, que incluyen encuestas, entrevistas, grupos focales y an\u00e1lisis de datos, todas ellas destinadas a arrojar luz sobre c\u00f3mo perciben una marca su p\u00fablico objetivo, sus competidores y las partes interesadas de la industria.<\/p>\n\n\n\n<h2 class=\"wp-block-heading\">\u00bfPor qu\u00e9 las empresas necesitan una investigaci\u00f3n de mercado de conocimiento de marca B2B?<\/h2>\n\n\n\n<p><a href=\"https:\/\/www.sisinternational.com\/es\/complejidades-del-marketing-b2b-2\/\" title=\"\u00bfQu\u00e9 es el marketing B2B?\"  data-wpil-monitor-id=\"2225\">B2B brand awareness market<\/a> research provides insights into how a business&#8217;s brand awareness compares to its competitors, allowing for a nuanced understanding of its competitive positioning. By identifying areas of strength and weakness, companies can develop targeted strategies to differentiate themselves and gain a competitive edge.<\/p>\n\n\n\n<p>Esta investigaci\u00f3n de mercado tambi\u00e9n brinda informaci\u00f3n valiosa sobre las preferencias, comportamientos y necesidades de su p\u00fablico B2B objetivo. Con este conocimiento, las empresas pueden adaptar sus esfuerzos de marketing para resonar con su audiencia, comunicar eficazmente su propuesta de valor e impulsar el conocimiento y el compromiso de la marca.<\/p>\n\n\n\n<p>Adem\u00e1s, <a href=\"https:\/\/www.sisinternational.com\/es\/creando-una-marca-global-para-china\/\" title=\"Construyendo marcas chinas\"  data-wpil-monitor-id=\"3654\">building a strong brand<\/a> requires a strategic approach grounded in data and insights. Mrket research helps businesses understand how key stakeholders, including clients, partners, and industry influencers perceive their brand. By identifying gaps between desired <a href=\"https:\/\/www.sisinternational.com\/es\/packagings-role-in-brand-trust-why-your-box-matters-more-than-you-think\/\" title=\"Packaging&#8217;s Role in Brand Trust: Why Your Box Matters More Than You Think\"  data-wpil-monitor-id=\"1477\">brand image and perceived brand image, businesses can develop targeted brand-building initiatives to align perception with intention, strengthening their brand equity and fostering trust<\/a> and loyalty among stakeholders.<\/p>\n\n\n\n<h2 class=\"wp-block-heading\">\u00bfCu\u00e1les son los beneficios adicionales de la investigaci\u00f3n de mercado de conocimiento de marca B2B?<\/h2>\n\n\n\n<figure class=\"gb-block-image gb-block-image-6294edda\"><img loading=\"lazy\" decoding=\"async\" width=\"1456\" height=\"816\" class=\"gb-image gb-image-6294edda\" src=\"https:\/\/www.sisinternational.com\/wp-content\/uploads\/2025\/08\/B2Bjpg-1.jpg\" alt=\"Investigaci\u00f3n y estrategia de mercado internacional de SIS\" title=\"B2Bjpg (1)\" srcset=\"https:\/\/www.sisinternational.com\/wp-content\/uploads\/2025\/08\/B2Bjpg-1.jpg 1456w, https:\/\/www.sisinternational.com\/wp-content\/uploads\/2025\/08\/B2Bjpg-1-300x168.jpg 300w, https:\/\/www.sisinternational.com\/wp-content\/uploads\/2025\/08\/B2Bjpg-1-1024x574.jpg 1024w, https:\/\/www.sisinternational.com\/wp-content\/uploads\/2025\/08\/B2Bjpg-1-768x430.jpg 768w, https:\/\/www.sisinternational.com\/wp-content\/uploads\/2025\/08\/B2Bjpg-1-18x10.jpg 18w\" sizes=\"auto, (max-width: 1456px) 100vw, 1456px\"><\/figure>\n\n\n\n<p><\/p>\n\n\n\n<p>B2B <a href=\"https:\/\/www.sisinternational.com\/es\/garantizar-que-los-clientes-recuerden-su-mensaje\/\" title=\"Investigaci\u00f3n de Mercado de Activaci\u00f3n de Marca\"  data-wpil-monitor-id=\"2271\">brand awareness market research<\/a> offers businesses many other benefits, empowering them to make informed decisions, strengthen their competitive advantage, and drive market growth. Here are some key benefits:<\/p>\n\n\n\n<ul class=\"wp-block-list\">\n<li><strong>Insight into <\/strong><a href=\"https:\/\/www.sisinternational.com\/es\/monitor-de-marca-de-neumaticos-ee-uu-alemania-brasil\/\" title=\"Investigaci\u00f3n de marcas de neum\u00e1ticos en EE. UU., Alemania y Brasil\"  data-wpil-monitor-id=\"6613\">Brand Perception: This arket research<\/a> provides businesses with valuable insights into how key stakeholders, including clients, partners, and industry influencers perceive their brand.<\/li>\n\n\n\n<li><strong>Identificaci\u00f3n de Oportunidades de Mercado:<\/strong> A trav\u00e9s de una investigaci\u00f3n de mercado exhaustiva, las empresas pueden descubrir oportunidades de mercado sin explotar y tendencias emergentes que pueden haber pasado desapercibidas.<\/li>\n\n\n\n<li><strong>Optimizaci\u00f3n de Estrategias de Marketing:<\/strong> Este an\u00e1lisis de mercado permite a las empresas optimizar sus estrategias de marketing al obtener informaci\u00f3n sobre las preferencias, comportamientos y necesidades de su p\u00fablico B2B objetivo.<\/li>\n\n\n\n<li><strong>Mejora de la ventaja competitiva:<\/strong> Al comparar el conocimiento de su marca con los de la competencia y los puntos de referencia de la industria, las empresas pueden identificar \u00e1reas de fortaleza y debilidad y desarrollar estrategias para diferenciarse en el mercado.<\/li>\n\n\n\n<li><strong>Measurement of <\/strong><a href=\"https:\/\/www.sisinternational.com\/es\/soluciones\/soluciones-de-branding-e-investigacion-de-clientes\/investigacion-de-mercado-de-diferenciacion-de-marca\/\" title=\"Investigaci\u00f3n de Mercado de Diferenciaci\u00f3n de Marca\"  data-wpil-monitor-id=\"2845\">Marketing Effectiveness: B2B brand awareness market research<\/a> provides businesses with the tools and metrics needed to measure the effectiveness of their marketing efforts.<\/li>\n<\/ul>\n\n\n\n<h2 class=\"wp-block-heading\">\u00bfQui\u00e9n utiliza la investigaci\u00f3n de mercado de conocimiento de marca B2B?<\/h2>\n\n\n\n<p>Business Owners and Executives rely on B2B <a href=\"https:\/\/www.sisinternational.com\/es\/pericia\/industrias\/investigacion-de-mercado-para-marcas-antiguas\/\" title=\"Investigaci\u00f3n de mercado para marcas antiguas\"  data-wpil-monitor-id=\"3698\">brand awareness market research<\/a> to understand their brand&#8217;s perception in the marketplace and its impact on business performance. By leveraging insights from brand awareness research, they can make strategic decisions to strengthen their brand&#8217;s competitive advantage, drive growth, and achieve their business objectives.<\/p>\n\n\n\n<p>Los equipos de ventas y desarrollo comercial utilizan la investigaci\u00f3n de mercado para informar sus estrategias de ventas e identificar oportunidades para aprovechar la reputaci\u00f3n y credibilidad de la marca para ganar nuevos negocios. Comprender c\u00f3mo los clientes y socios potenciales perciben la marca les permite adaptar sus discursos, presentaciones y propuestas para alinearse con las necesidades y preferencias de los clientes, impulsando la conversi\u00f3n y el crecimiento de los ingresos.<\/p>\n\n\n\n<p>Investors and Stakeholders leverage <a href=\"https:\/\/www.sisinternational.com\/es\/seguimiento-de-posicionamiento-de-marca-b2b\/\" title=\"Posicionamiento de mercado B2B e investigaci\u00f3n de marca\"  data-wpil-monitor-id=\"4314\">B2B brand awareness market research<\/a> to assess the strength and value of a business&#8217;s brand as part of their investment decision-making process. By evaluating brand perception, market positioning, and competitive advantage, they can gauge the potential risks and opportunities associated with investing in a particular business or industry, informing their investment strategies and portfolio management decisions.<\/p>\n\n\n\n<h2 class=\"wp-block-heading\">Cu\u00e1ndo realizar esta investigaci\u00f3n de mercado<\/h2>\n\n\n\n<p>Determining the optimal timing to conduct B2B <a href=\"https:\/\/www.sisinternational.com\/es\/pericia\/industrias\/investigacion-de-mercado-de-marca\/\" title=\"Investigaci\u00f3n de mercado de marca\"  data-wpil-monitor-id=\"6726\">brand awareness market research<\/a> is essential for maximizing its effectiveness and impact. Here are some key considerations for deciding when to initiate brand awareness research:<\/p>\n\n\n\n<ul class=\"wp-block-list\">\n<li><strong>Entrada o Expansi\u00f3n al Mercado:<\/strong> When entering a new market or expanding into new segments or geographies, businesses should conduct <a href=\"https:\/\/www.sisinternational.com\/es\/cobertura\/las-americas\/investigacion-de-mercado-canada\/investigacion-de-mercado-nueva-escocia-canada\/\" title=\"Investigaci\u00f3n de mercado en Nueva Escocia\"  data-wpil-monitor-id=\"4629\">brand<\/a> awareness research to understand how target audiences perceive their brand in the new market. By gaining insights into local market dynamics, competitor activities, and customer preferences, businesses can tailor their market entry strategies to effectively establish their brand presence and gain traction in the new market.<\/li>\n\n\n\n<li><strong>Lanzamiento de Producto o Servicio:<\/strong> Antes de lanzar un nuevo producto o servicio, las empresas deben realizar una investigaci\u00f3n del conocimiento de la marca para evaluar la posible receptividad del p\u00fablico objetivo a la nueva oferta. Al medir el conocimiento, la percepci\u00f3n y el sentimiento de la marca, las empresas pueden identificar eficazmente oportunidades para posicionar el nuevo producto o servicio, abordar posibles inquietudes u objeciones y optimizar las estrategias de marketing para impulsar el conocimiento y la adopci\u00f3n.<\/li>\n\n\n\n<li><strong>Planificaci\u00f3n Estrat\u00e9gica y Toma de Decisiones:<\/strong> Brand awareness research should be conducted as part of strategic planning and decision-making processes, such as developing long-term growth strategies, evaluating <a href=\"https:\/\/www.sisinternational.com\/es\/soluciones\/consultoria-estrategica\/fusiones-y-adquisiciones-identificacion-de-objetivos\/\" title=\"Investigaci\u00f3n de Fusiones y Adquisiciones\"  data-wpil-monitor-id=\"6953\">merger and acquisition<\/a> opportunities, or rebranding initiatives. By gaining insights into brand perception, competitive positioning, and market trends, businesses can make informed decisions that align with their strategic objectives and drive sustainable growth and success.<\/li>\n<\/ul>\n\n\n\n<h2 class=\"wp-block-heading\">Resultados esperados de la investigaci\u00f3n de mercado de conocimiento de marca B2B de SIS International<\/h2>\n\n\n\n<p>Partnering with SIS International for B2B brand <a href=\"https:\/\/www.sisinternational.com\/es\/brand-audit-in-new-york-the-complete-guide-to-strengthening-your-brand\/\" title=\"Brand Audit in New York: The Complete Guide to Strengthening Your Brand\"  data-wpil-monitor-id=\"1372\">awareness market research<\/a> yields valuable outcomes and actionable insights that empower businesses to strengthen their competitive advantage, enhance their brand positioning, and drive growth in the marketplace. Here are some expected results from SIS International&#8217;s <a href=\"https:\/\/www.sisinternational.com\/es\/que-son-las-relaciones-publicas\/\" title=\"Relaciones P\u00fablicas e Investigaci\u00f3n de Mercados\"  data-wpil-monitor-id=\"7406\">brand awareness market research<\/a> servicios:<\/p>\n\n\n\n<ul class=\"wp-block-list\">\n<li><strong>Comprehensive Understanding of <\/strong><a href=\"https:\/\/www.sisinternational.com\/es\/aprovechar-las-percepciones-en-los-mercados-b2b\/\" title=\"Investigaci\u00f3n de mercado de partes interesadas B2B\"  data-wpil-monitor-id=\"2688\">Brand Perception: SIS&#8217;s brand awareness market research<\/a> provides businesses with a thorough understanding of how key stakeholders, including clients, partners, and industry influencers perceive their brand.<\/li>\n\n\n\n<li><strong>Identificaci\u00f3n de Ventajas Competitivas:<\/strong> A trav\u00e9s de evaluaciones comparativas con competidores y puntos de referencia de la industria, la investigaci\u00f3n de mercado de conocimiento de marca de SIS International ayuda a las empresas a identificar sus ventajas competitivas y \u00e1reas de mejora.<\/li>\n\n\n\n<li><strong>Insights for Targeted <\/strong><a href=\"https:\/\/www.sisinternational.com\/es\/como-hacer-crecer-tu-negocio\/\" title=\"C\u00f3mo hacer crecer su negocio\"  data-wpil-monitor-id=\"7268\">Marketing Strategies: Our brand awareness market research<\/a> equips businesses with insights into the preferences, behaviors, and needs of their target B2B audience.<\/li>\n\n\n\n<li><strong>Recomendaciones pr\u00e1cticas para la construcci\u00f3n de marca:<\/strong> Bas\u00e1ndose en los hallazgos y conocimientos de la investigaci\u00f3n, SIS proporciona recomendaciones pr\u00e1cticas para iniciativas de creaci\u00f3n de marca que se alinean con los objetivos comerciales y la din\u00e1mica del mercado.<\/li>\n\n\n\n<li><strong>Medici\u00f3n y seguimiento del desempe\u00f1o de la marca:<\/strong> Incluimos m\u00e9tricas y herramientas para medir y rastrear el desempe\u00f1o de la marca a lo largo del tiempo.<\/li>\n<\/ul>\n\n\n\n<h2 class=\"wp-block-heading\">Oportunidades en el mercado de conocimiento de marca B2B<\/h2>\n\n\n\n<p>El mercado de conocimiento de marca B2B presenta muchas oportunidades para que las empresas fortalezcan la presencia de su marca, se diferencien de la competencia e impulsen el crecimiento en el mercado. A continuaci\u00f3n se presentan algunas oportunidades clave para las empresas en el mercado de conocimiento de marca B2B:<\/p>\n\n\n\n<ul class=\"wp-block-list\">\n<li><a href=\"https:\/\/www.sisinternational.com\/es\/investigacion-de-mercado-economia-colaborativa\/\" title=\"Investigaci\u00f3n de Mercado en la Econom\u00eda Colaborativa\"  data-wpil-monitor-id=\"1927\">Thought Leadership and Expertise: B2B brand awareness<\/a> market research allows businesses to showcase their thought leadership and industry expertise to target audiences.<\/li>\n\n\n\n<li><strong>Mejora de la experiencia del cliente:<\/strong> Businesses can leverage <a href=\"https:\/\/www.sisinternational.com\/es\/investigacion-de-marca-sis-y-fidelizacion-de-clientes\/\" title=\"Investigaci\u00f3n de mercado de marca y fidelizaci\u00f3n de clientes\"  data-wpil-monitor-id=\"2493\">brand awareness market research<\/a> to gain insights into customer preferences, behaviors, and pain points, enabling them to enhance the customer experience and build stronger relationships with clients and partners.<\/li>\n\n\n\n<li><a href=\"https:\/\/www.sisinternational.com\/es\/transportistas-de-bajo-coste-en-la-industria-de-la-aviacion\/\" title=\"Investigaci\u00f3n de mercado de aerol\u00edneas de bajo costo\"  data-wpil-monitor-id=\"7618\">Global Expansion and Market Penetration: Market research<\/a> provides businesses with valuable insights into international markets, enabling them to identify opportunities for global expansion and market penetration.<\/li>\n\n\n\n<li><strong>Oportunidades de asociaci\u00f3n y colaboraci\u00f3n:<\/strong> La investigaci\u00f3n de mercado de conocimiento de marca B2B puede descubrir oportunidades de asociaci\u00f3n y colaboraci\u00f3n con empresas complementarias, personas influyentes de la industria y socios estrat\u00e9gicos.<\/li>\n<\/ul>\n\n\n\n<h2 class=\"wp-block-heading\">C\u00f3mo los servicios de investigaci\u00f3n de mercado de conocimiento de marca de SIS International ayudan a las empresas<\/h2>\n\n\n\n<p><a href=\"https:\/\/www.sisinternational.com\/es\/pascua-de-resurreccion-y-el-inevitable-conejito-de-chocolate\/\" title=\"Investigaci\u00f3n de mercado de Pascua\"  data-wpil-monitor-id=\"3618\">SIS International offers comprehensive brand awareness market<\/a> research services designed to empower businesses with actionable insights and strategic guidance to enhance their brand presence, differentiate themselves from competitors, and drive growth in the marketplace. Here are some ways in which SIS International&#8217;s brand awareness market research services can benefit businesses:<\/p>\n\n\n\n<ul class=\"wp-block-list\">\n<li><strong>Enfoque de investigaci\u00f3n personalizado:<\/strong> SIS takes a tailored approach to <a href=\"https:\/\/www.sisinternational.com\/es\/soluciones\/investigacion-de-mercado-de-ia-y-consultoria-estrategica\/investigacion-de-mercado-de-reconocimiento-facial\/\" title=\"Investigaci\u00f3n de mercado de reconocimiento facial\"  data-wpil-monitor-id=\"2041\">conocimiento de la marca<\/a> market research, customizing research methodologies and techniques to suit the unique objectives, challenges, and market dynamics of each client. We leverage various research methods to gather comprehensive insights into brand perception, awareness, and sentiment, enabling businesses to make informed decisions and drive results.<\/li>\n\n\n\n<li><strong>Experiencia y conocimiento de la industria:<\/strong> Con d\u00e9cadas de experiencia en investigaci\u00f3n de mercado y un equipo de profesionales experimentados con experiencia en industrias y sectores, SIS aporta perspectivas y conocimiento de la industria incomparables a cada proyecto de investigaci\u00f3n de conocimiento de marca.<\/li>\n\n\n\n<li><strong>Alcance global y localizaci\u00f3n:<\/strong> Con una red mundial de oficinas y socios que abarcan m\u00faltiples continentes y regiones, SIS International ofrece a las empresas la oportunidad de realizar investigaciones sobre el conocimiento de la marca a escala global. Los expertos de SIS brindan informaci\u00f3n valiosa y estrategias localizadas para navegar por los matices culturales, las diferencias ling\u00fc\u00edsticas y los requisitos regulatorios, lo que les permite establecer una fuerte presencia de marca e impulsar el crecimiento a trav\u00e9s de las fronteras.<\/li>\n\n\n\n<li><strong>Medici\u00f3n y Seguimiento:<\/strong> La investigaci\u00f3n de mercado de conocimiento de marca de SIS International incluye m\u00e9tricas y herramientas para medir y rastrear el desempe\u00f1o de la marca a lo largo del tiempo. Al monitorear los indicadores clave de desempe\u00f1o, como el conocimiento, la percepci\u00f3n y el sentimiento de la marca, las empresas pueden evaluar el impacto de sus esfuerzos de creaci\u00f3n de marca, realizar un seguimiento del progreso en comparaci\u00f3n con los objetivos y tomar decisiones basadas en datos para optimizar sus estrategias de marca e impulsar el \u00e9xito a largo plazo en el mercado.<\/li>\n<\/ul>","protected":false},"excerpt":{"rendered":"<p>La investigaci\u00f3n de mercado de conocimiento de marca B2B mide la visibilidad, el reconocimiento y la percepci\u00f3n de una marca en el ecosistema B2B.<\/p>","protected":false},"author":1,"featured_media":62383,"parent":11292,"menu_order":36,"comment_status":"closed","ping_status":"closed","template":"","meta":{"footnotes":""},"class_list":["post-47313","page","type-page","status-publish","has-post-thumbnail"],"_links":{"self":[{"href":"https:\/\/www.sisinternational.com\/es\/wp-json\/wp\/v2\/pages\/47313","targetHints":{"allow":["GET"]}}],"collection":[{"href":"https:\/\/www.sisinternational.com\/es\/wp-json\/wp\/v2\/pages"}],"about":[{"href":"https:\/\/www.sisinternational.com\/es\/wp-json\/wp\/v2\/types\/page"}],"author":[{"embeddable":true,"href":"https:\/\/www.sisinternational.com\/es\/wp-json\/wp\/v2\/users\/1"}],"replies":[{"embeddable":true,"href":"https:\/\/www.sisinternational.com\/es\/wp-json\/wp\/v2\/comments?post=47313"}],"version-history":[{"count":27,"href":"https:\/\/www.sisinternational.com\/es\/wp-json\/wp\/v2\/pages\/47313\/revisions"}],"predecessor-version":[{"id":81241,"href":"https:\/\/www.sisinternational.com\/es\/wp-json\/wp\/v2\/pages\/47313\/revisions\/81241"}],"up":[{"embeddable":true,"href":"https:\/\/www.sisinternational.com\/es\/wp-json\/wp\/v2\/pages\/11292"}],"wp:featuredmedia":[{"embeddable":true,"href":"https:\/\/www.sisinternational.com\/es\/wp-json\/wp\/v2\/media\/62383"}],"wp:attachment":[{"href":"https:\/\/www.sisinternational.com\/es\/wp-json\/wp\/v2\/media?parent=47313"}],"curies":[{"name":"wp","href":"https:\/\/api.w.org\/{rel}","templated":true}]}}