{"id":47298,"date":"2024-04-09T11:20:46","date_gmt":"2024-04-09T15:20:46","guid":{"rendered":"https:\/\/www.sisinternational.com\/?page_id=47298"},"modified":"2026-01-26T19:01:43","modified_gmt":"2026-01-27T00:01:43","slug":"investigacion-de-mercado-de-agua-embotellada","status":"publish","type":"page","link":"https:\/\/www.sisinternational.com\/es\/pericia\/investigacion-de-mercado-de-agua-embotellada\/","title":{"rendered":"Investigaci\u00f3n de mercado de agua embotellada"},"content":{"rendered":"<h1 class=\"wp-block-heading\">Investigaci\u00f3n de mercado de agua embotellada<\/h1>\n\n\n\n<figure class=\"gb-block-image gb-block-image-913ae9c0\"><img loading=\"lazy\" decoding=\"async\" width=\"1456\" height=\"816\" class=\"gb-image gb-image-913ae9c0\" src=\"https:\/\/www.sisinternational.com\/wp-content\/uploads\/2025\/08\/Bottled-water-2.jpg\" alt=\"Investigaci\u00f3n y estrategia de mercado internacional de SIS\" title=\"Bottled water (2)\" srcset=\"https:\/\/www.sisinternational.com\/wp-content\/uploads\/2025\/08\/Bottled-water-2.jpg 1456w, https:\/\/www.sisinternational.com\/wp-content\/uploads\/2025\/08\/Bottled-water-2-300x168.jpg 300w, https:\/\/www.sisinternational.com\/wp-content\/uploads\/2025\/08\/Bottled-water-2-1024x574.jpg 1024w, https:\/\/www.sisinternational.com\/wp-content\/uploads\/2025\/08\/Bottled-water-2-768x430.jpg 768w, https:\/\/www.sisinternational.com\/wp-content\/uploads\/2025\/08\/Bottled-water-2-18x10.jpg 18w\" sizes=\"auto, (max-width: 1456px) 100vw, 1456px\"><\/figure>\n\n\n\n<hr class=\"wp-block-separator has-alpha-channel-opacity is-style-dots\"\/>\n\n\n\n<p>A trav\u00e9s de una meticulosa investigaci\u00f3n de mercado de agua embotellada, los investigadores brindan a las partes interesadas inteligencia procesable para optimizar el desarrollo de productos, las iniciativas de marketing y el desempe\u00f1o comercial general dentro de la industria.<\/p>\n\n\n\n<h2 class=\"wp-block-heading\">What Is Bottled water market research?<\/h2>\n\n\n\n<p>Bottled water market research analyzes the global bottled water industry, including various aspects such as market trends, consumer behavior, competitive landscape, and regulatory environment. This research involves gathering and analyzing data to uncover valuable insights that can guide business strategies and decision-making processes within the bottled water sector.<\/p>\n\n\n\n<h2 class=\"wp-block-heading\">\u00bfPor qu\u00e9 es importante?<\/h2>\n\n\n\n<p>Businesses in the bottled <a href=\"https:\/\/www.sisinternational.com\/es\/pericia\/industrias\/investigacion-de-mercado-de-tecnologia-del-agua\/\" title=\"Investigaci\u00f3n de mercado de tecnolog\u00eda del agua\"  data-wpil-monitor-id=\"4668\">water industry require market research<\/a> to stay ahead of the curve. It helps them understand shifting consumer demands and tailor their product offerings to effectively meet specific needs and preferences. Moreover, comprehensive market research enables businesses to identify emerging trends and capitalize on new opportunities within the bottled water market.<\/p>\n\n\n\n<p>Adem\u00e1s, la investigaci\u00f3n de mercado ofrece informaci\u00f3n valiosa sobre el panorama competitivo, lo que permite a las empresas evaluar su posici\u00f3n en relaci\u00f3n con la competencia e idear estrategias para obtener una ventaja competitiva.<\/p>\n\n\n\n<p>En cualquier caso, realizar una investigaci\u00f3n exhaustiva del mercado de agua embotellada ofrece varios beneficios adicionales para las empresas que operan dentro de la industria, que incluyen:<\/p>\n\n\n\n<ul class=\"wp-block-list\">\n<li><strong>Informaci\u00f3n sobre las preferencias del consumidor:<\/strong> La investigaci\u00f3n de mercado ayuda a las empresas a comprender las preferencias siempre cambiantes de los consumidores, permiti\u00e9ndoles desarrollar productos que se ajusten estrechamente a las demandas del mercado.<\/li>\n\n\n\n<li><strong>An\u00e1lisis competitivo:<\/strong> A trav\u00e9s de la investigaci\u00f3n de mercado, las empresas obtienen informaci\u00f3n valiosa sobre las estrategias y t\u00e1cticas empleadas por los competidores.<\/li>\n\n\n\n<li><strong>Identificaci\u00f3n de Oportunidades de Crecimiento:<\/strong> El an\u00e1lisis de mercado ayuda a las empresas a identificar tendencias emergentes y segmentos de mercado sin explotar dentro de la industria del agua embotellada.<\/li>\n\n\n\n<li><strong>Mitigaci\u00f3n de riesgos:<\/strong> Al realizar una investigaci\u00f3n exhaustiva del mercado de agua embotellada, las empresas pueden mitigar los riesgos asociados con los lanzamientos de productos, las campa\u00f1as de marketing y las iniciativas estrat\u00e9gicas.<\/li>\n<\/ul>\n\n\n\n<h2 class=\"wp-block-heading\">Who Uses Bottled water market research<\/h2>\n\n\n\n<ul class=\"wp-block-list\">\n<li>Bottled Water Manufacturers rely on market research to understand consumer preferences, assess competitive dynamics, and identify growth opportunities. <\/li>\n\n\n\n<li>Los minoristas utilizan la investigaci\u00f3n de mercado para comprender las tendencias del mercado, los patrones de demanda y las preferencias de los consumidores. Esto les permite optimizar la variedad de productos, las estrategias de precios y las actividades promocionales para impulsar las ventas y mejorar la satisfacci\u00f3n del cliente.<\/li>\n\n\n\n<li>Los inversores y las instituciones financieras participan en investigaciones de mercado para evaluar la viabilidad financiera y el potencial de crecimiento de las empresas que operan en la industria del agua embotellada. Mediante el an\u00e1lisis de las tendencias del mercado, la din\u00e1mica competitiva y la evoluci\u00f3n regulatoria, los inversores pueden tomar decisiones informadas sobre oportunidades de inversi\u00f3n, fusiones, adquisiciones y acuerdos de financiaci\u00f3n dentro del sector.<\/li>\n\n\n\n<li>Government Agencies and Regulatory Bodies use <a href=\"https:\/\/www.sisinternational.com\/es\/pericia\/industrias\/investigacion-de-mercado-del-gobierno-federal\/\" title=\"Investigaci\u00f3n de mercado del gobierno federal\"  data-wpil-monitor-id=\"7197\">investigaci\u00f3n de mercado<\/a> to monitor industry trends, assess compliance with regulatory requirements, and safeguard public health and safety. <\/li>\n<\/ul>\n\n\n\n<h2 class=\"wp-block-heading\">Cu\u00e1ndo realizar una investigaci\u00f3n de mercado de agua embotellada<\/h2>\n\n\n\n<p>Market research in the bottled water industry should be conducted strategically at various stages of business development and in response to specific market conditions. Here are key instances when conducting <a href=\"https:\/\/www.sisinternational.com\/es\/cobertura\/las-americas\/cobertura-de-estados-unidos\/investigacion-de-mercado-de-key-west-florida\/\" title=\"Investigaci\u00f3n de mercado de Cayo Hueso, Florida\"  data-wpil-monitor-id=\"7175\">investigaci\u00f3n de mercado de agua embotellada<\/a> is particularly advantageous:<\/p>\n\n\n\n<ul class=\"wp-block-list\">\n<li><strong>Desarrollo de productos:<\/strong> Antes de lanzar un nuevo producto de agua embotellada o introducir variaciones a las ofertas existentes, es esencial realizar una investigaci\u00f3n de mercado para medir las preferencias de los consumidores, evaluar la demanda e identificar posibles barreras a la adopci\u00f3n. Comprender las tendencias del mercado y las preferencias de los consumidores en las primeras etapas del proceso de desarrollo del producto puede ayudar a las empresas a perfeccionar las caracter\u00edsticas del producto, los dise\u00f1os de empaque y las estrategias de marca para maximizar la aceptaci\u00f3n y la competitividad del mercado.<\/li>\n\n\n\n<li><strong>Entrada o Expansi\u00f3n al Mercado:<\/strong> When considering entering new geographic markets or expanding product lines, companies should conduct market research to assess market size, competitive dynamics, regulatory requirements, and consumer preferences in the target markets. <\/li>\n\n\n\n<li><strong>Evaluaci\u00f3n comparativa competitiva:<\/strong> Monitorear y analizar peri\u00f3dicamente las actividades de la competencia es esencial para seguir siendo competitivo en la industria del agua embotellada. La realizaci\u00f3n de evaluaciones comparativas competitivas a trav\u00e9s de investigaciones de mercado ayuda a las empresas a comprender las estrategias de la competencia, las ofertas de productos, las t\u00e1cticas de fijaci\u00f3n de precios, los canales de distribuci\u00f3n y las iniciativas de marketing.<\/li>\n\n\n\n<li><strong>Cumplimiento normativo:<\/strong> El cumplimiento de los requisitos reglamentarios es esencial para garantizar la seguridad, la calidad y el cumplimiento legal del producto dentro de la industria del agua embotellada. Realizar investigaciones regulatorias y monitorear cambios en regulaciones, est\u00e1ndares y requisitos de etiquetado ayuda a las empresas a mantenerse informadas sobre la evoluci\u00f3n de las obligaciones de cumplimiento y abordar de manera proactiva los desaf\u00edos regulatorios.<\/li>\n<\/ul>\n\n\n\n<h2 class=\"wp-block-heading\">Jugadores claves. Jugadores principales<\/h2>\n\n\n\n<p>Dentro del mercado del agua embotellada, varios actores clave dominan el panorama de la industria y cada uno de ellos contribuye al crecimiento y la competitividad del mercado. Algunas marcas, empresas y productos destacados incluyen:<\/p>\n\n\n\n<ul class=\"wp-block-list\">\n<li><strong>Aguas Nestl\u00e9:<\/strong> Como una de las principales empresas de agua embotellada del mundo, Nestl\u00e9 Waters ofrece una cartera diversa de marcas, incluidas Perrier, Polonia Spring y Pure Life.<\/li>\n\n\n\n<li><strong>La compa\u00f1ia de coca Cola:<\/strong> A trav\u00e9s de sus marcas subsidiarias, como Dasani y Smartwater, Coca-Cola es un actor importante en el mercado del agua embotellada.<\/li>\n\n\n\n<li><strong>PepsiCo:<\/strong> La marca Aquafina de PepsiCo es un actor destacado en el mercado del agua embotellada, conocida por su oferta de agua purificada. Con un enfoque en la sustentabilidad y la innovaci\u00f3n de productos, PepsiCo compite vigorosamente en el segmento de agua embotellada para capturar participaci\u00f3n de mercado y satisfacer la demanda de los consumidores de opciones de hidrataci\u00f3n de calidad.<\/li>\n\n\n\n<li><strong>Danone:<\/strong> La divisi\u00f3n de agua embotellada de Danone, que incluye marcas como Evian y Volvic, tiene una importante participaci\u00f3n de mercado en el mercado mundial de agua embotellada.<\/li>\n\n\n\n<li><strong>Bebidas y alimentos Suntory:<\/strong> Como una de las principales empresas de bebidas de Jap\u00f3n, Suntory Beverage &amp; Food produce una gama de marcas de agua embotellada, incluidas Suntory Tennensui e Iyemon.<\/li>\n<\/ul>\n\n\n\n<h2 class=\"wp-block-heading\">Oportunidades<\/h2>\n\n\n\n<figure class=\"gb-block-image gb-block-image-31f82528\"><img loading=\"lazy\" decoding=\"async\" width=\"1456\" height=\"816\" class=\"gb-image gb-image-31f82528\" src=\"https:\/\/www.sisinternational.com\/wp-content\/uploads\/2025\/08\/Bottled-water-6.jpg\" alt=\"Investigaci\u00f3n y estrategia de mercado internacional de SIS\" title=\"Bottled water (6)\" srcset=\"https:\/\/www.sisinternational.com\/wp-content\/uploads\/2025\/08\/Bottled-water-6.jpg 1456w, https:\/\/www.sisinternational.com\/wp-content\/uploads\/2025\/08\/Bottled-water-6-300x168.jpg 300w, https:\/\/www.sisinternational.com\/wp-content\/uploads\/2025\/08\/Bottled-water-6-1024x574.jpg 1024w, https:\/\/www.sisinternational.com\/wp-content\/uploads\/2025\/08\/Bottled-water-6-768x430.jpg 768w, https:\/\/www.sisinternational.com\/wp-content\/uploads\/2025\/08\/Bottled-water-6-18x10.jpg 18w\" sizes=\"auto, (max-width: 1456px) 100vw, 1456px\"><\/figure>\n\n\n\n<p><\/p>\n\n\n\n<p>En el panorama din\u00e1mico del mercado del agua embotellada, existen varias oportunidades clave para que las empresas aprovechen las tendencias del mercado, las preferencias de los consumidores y las oportunidades emergentes. Algunas oportunidades principales incluyen:<\/p>\n\n\n\n<ul class=\"wp-block-list\">\n<li><strong>Tendencias de salud y bienestar:<\/strong> Con un creciente \u00e9nfasis en la salud y el bienestar, existe una demanda cada vez mayor de productos de agua embotellada que ofrezcan beneficios funcionales como una mayor hidrataci\u00f3n, reposici\u00f3n de electrolitos y vitaminas o minerales a\u00f1adidos. Las empresas pueden aprovechar esta tendencia desarrollando formulaciones innovadoras que satisfagan necesidades de salud espec\u00edficas o preferencias de estilo de vida, como agua alcalina, agua saborizada o agua en infusi\u00f3n con ingredientes naturales.<\/li>\n\n\n\n<li><strong>Iniciativas de sostenibilidad:<\/strong> A medida que las preocupaciones medioambientales se vuelven m\u00e1s pronunciadas, existe una creciente demanda de productos de agua embotellada sostenibles que minimicen el impacto medioambiental durante todo el ciclo de vida del producto. Las empresas pueden aprovechar las oportunidades adoptando soluciones de embalaje ecol\u00f3gicas, implementando pr\u00e1cticas de gesti\u00f3n sostenible del agua y apoyando iniciativas de conservaci\u00f3n y reciclaje.<\/li>\n\n\n\n<li><strong>Premiumizaci\u00f3n y Diferenciaci\u00f3n:<\/strong> El mercado del agua embotellada ofrece a las empresas oportunidades para diferenciar sus productos a trav\u00e9s de estrategias de premiumizaci\u00f3n, como ofrecer productos de agua artesanales o de lujo procedentes de ubicaciones geol\u00f3gicas \u00fanicas o con dise\u00f1os de envases distintivos.<\/li>\n\n\n\n<li><strong>Aguas Funcionales y Saborizadas:<\/strong> The growing popularity of functional beverages and flavored waters presents opportunities for businesses to innovate and diversify their product portfolios. <\/li>\n<\/ul>\n\n\n\n<h2 class=\"wp-block-heading\">The SIS Advantage<\/h2>\n\n\n\n<p>Los servicios de investigaci\u00f3n de mercado de agua embotellada de SIS International est\u00e1n dise\u00f1ados para abordar las necesidades y desaf\u00edos espec\u00edficos que enfrentan las empresas que operan en la din\u00e1mica industria del agua embotellada. As\u00ed es como la experiencia de SIS International puede beneficiar a las empresas:<\/p>\n\n\n\n<ul class=\"wp-block-list\">\n<li><strong>Informaci\u00f3n completa del mercado:<\/strong> SIS International conducts in-depth market research to provide businesses with comprehensive insights into market trends, consumer preferences, and competitive dynamics within the bottled water industry. <\/li>\n\n\n\n<li><strong>Alcance y experiencia global:<\/strong> Con una red global de profesionales de la investigaci\u00f3n y expertos de la industria, ofrecemos a las empresas acceso a inteligencia de mercado localizada y experiencia en la industria en diferentes regiones geogr\u00e1ficas.<\/li>\n\n\n\n<li><strong>Toma de decisiones basada en datos:<\/strong> SIS empowers businesses with data-driven decision-making tools and analytical frameworks that facilitate strategic planning and performance optimization. <\/li>\n\n\n\n<li><strong>Recomendaciones pr\u00e1cticas:<\/strong> SIS International ofrece recomendaciones pr\u00e1cticas y conocimientos estrat\u00e9gicos derivados de los resultados de sus investigaciones, lo que permite a las empresas traducir los conocimientos en resultados comerciales tangibles.<\/li>\n<\/ul>\n\n\n\n<p><\/p>","protected":false},"excerpt":{"rendered":"<p>La investigaci\u00f3n de mercado de agua embotellada analiza la industria del agua embotellada a nivel mundial, incluidas las tendencias, el comportamiento del consumidor, la competencia y las regulaciones.<\/p>","protected":false},"author":1,"featured_media":63904,"parent":14514,"menu_order":439,"comment_status":"closed","ping_status":"closed","template":"","meta":{"footnotes":""},"class_list":["post-47298","page","type-page","status-publish","has-post-thumbnail"],"_links":{"self":[{"href":"https:\/\/www.sisinternational.com\/es\/wp-json\/wp\/v2\/pages\/47298","targetHints":{"allow":["GET"]}}],"collection":[{"href":"https:\/\/www.sisinternational.com\/es\/wp-json\/wp\/v2\/pages"}],"about":[{"href":"https:\/\/www.sisinternational.com\/es\/wp-json\/wp\/v2\/types\/page"}],"author":[{"embeddable":true,"href":"https:\/\/www.sisinternational.com\/es\/wp-json\/wp\/v2\/users\/1"}],"replies":[{"embeddable":true,"href":"https:\/\/www.sisinternational.com\/es\/wp-json\/wp\/v2\/comments?post=47298"}],"version-history":[{"count":12,"href":"https:\/\/www.sisinternational.com\/es\/wp-json\/wp\/v2\/pages\/47298\/revisions"}],"predecessor-version":[{"id":80760,"href":"https:\/\/www.sisinternational.com\/es\/wp-json\/wp\/v2\/pages\/47298\/revisions\/80760"}],"up":[{"embeddable":true,"href":"https:\/\/www.sisinternational.com\/es\/wp-json\/wp\/v2\/pages\/14514"}],"wp:featuredmedia":[{"embeddable":true,"href":"https:\/\/www.sisinternational.com\/es\/wp-json\/wp\/v2\/media\/63904"}],"wp:attachment":[{"href":"https:\/\/www.sisinternational.com\/es\/wp-json\/wp\/v2\/media?parent=47298"}],"curies":[{"name":"wp","href":"https:\/\/api.w.org\/{rel}","templated":true}]}}