{"id":47259,"date":"2024-04-09T10:32:57","date_gmt":"2024-04-09T14:32:57","guid":{"rendered":"https:\/\/www.sisinternational.com\/?page_id=47259"},"modified":"2026-01-24T21:02:07","modified_gmt":"2026-01-25T02:02:07","slug":"investigacion-de-mercado-de-alimentos-en-arabia-saudita","status":"publish","type":"page","link":"https:\/\/www.sisinternational.com\/es\/cobertura\/investigacion-de-mercado-oriente-medio\/investigacion-de-mercado-de-alimentos-en-arabia-saudita\/","title":{"rendered":"Investigaci\u00f3n de mercado de alimentos en Arabia Saudita"},"content":{"rendered":"<h1 class=\"wp-block-heading\">Investigaci\u00f3n de mercado de alimentos en Arabia Saudita<\/h1>\n\n\n\n<figure class=\"gb-block-image gb-block-image-03fe48f1\"><img loading=\"lazy\" decoding=\"async\" width=\"1456\" height=\"816\" class=\"gb-image gb-image-03fe48f1\" src=\"https:\/\/www.sisinternational.com\/wp-content\/uploads\/2025\/08\/Saudi-Arabia-33-30.jpg\" alt=\"Investigaci\u00f3n y estrategia de mercado internacional de SIS\" title=\"Saudi Arabia 33 (30)\" srcset=\"https:\/\/www.sisinternational.com\/wp-content\/uploads\/2025\/08\/Saudi-Arabia-33-30.jpg 1456w, https:\/\/www.sisinternational.com\/wp-content\/uploads\/2025\/08\/Saudi-Arabia-33-30-300x168.jpg 300w, https:\/\/www.sisinternational.com\/wp-content\/uploads\/2025\/08\/Saudi-Arabia-33-30-1024x574.jpg 1024w, https:\/\/www.sisinternational.com\/wp-content\/uploads\/2025\/08\/Saudi-Arabia-33-30-768x430.jpg 768w, https:\/\/www.sisinternational.com\/wp-content\/uploads\/2025\/08\/Saudi-Arabia-33-30-18x10.jpg 18w\" sizes=\"auto, (max-width: 1456px) 100vw, 1456px\"><\/figure>\n\n\n\n<p><\/p>\n\n\n\n<hr class=\"wp-block-separator has-alpha-channel-opacity is-style-dots\"\/>\n\n\n\n<h3 class=\"wp-block-heading\">La investigaci\u00f3n del mercado de alimentos en Arabia Saudita ayuda a las empresas a identificar tendencias y oportunidades emergentes, lo que les permite mantenerse por delante de la competencia y capitalizar nuevos segmentos del mercado.<\/h3>\n\n\n\n<p>El mercado de alimentos en Arabia Saudita tiene un enorme potencial de crecimiento e innovaci\u00f3n. Es por eso que la investigaci\u00f3n del mercado de alimentos en Arabia Saudita explora su panorama actual, tendencias clave y perspectivas para descubrir las oportunidades y desaf\u00edos que enfrentan las empresas en este pr\u00f3spero mercado.<\/p>\n\n\n\n<h2 class=\"wp-block-heading\">\u00bfQu\u00e9 es la investigaci\u00f3n de mercado de alimentos en Arabia Saudita?<\/h2>\n\n\n\n<p><a href=\"https:\/\/sisaisolutions.com\/ai-in-food-and-beverage\/\" target=\"_blank\" rel=\"noopener\">Food market research<\/a> in Saudi Arabia gathers data about the country&#8217;s food industry. Studying factors such as consumer preferences, purchasing habits, and industry regulations, it provides insights into market trends, consumer behavior, and competitive landscapes.<\/p>\n\n\n\n<h2 class=\"wp-block-heading\">\u00bfPor qu\u00e9 es importante?<\/h2>\n\n\n\n<p>La investigaci\u00f3n de mercado proporciona a las empresas informaci\u00f3n valiosa sobre las preferencias de los consumidores, el comportamiento de compra y las tendencias en el mercado de alimentos en Arabia Saudita. Ayuda a las empresas a desarrollar productos y estrategias de marketing que resuenen con su p\u00fablico objetivo.<\/p>\n\n\n\n<p>Alimento <a class=\"wpil_keyword_link\" href=\"https:\/\/www.sisinternational.com\/es\/cobertura\/investigacion-de-mercado-oriente-medio\/investigacion-de-mercado-en-arabia-saudita\/\" title=\"Investigaci\u00f3n de mercado en Arabia Saudita\" data-wpil-keyword-link=\"linked\" data-wpil-monitor-id=\"268\">market research in Saudi Arabia<\/a> also enables businesses to understand their competitors&#8217; strategies, market positioning, and offerings. Likewise, this market research helps businesses identify potential risks and challenges in the Saudi Arabian food market, such as regulatory changes or shifting consumer preferences.<\/p>\n\n\n\n<p>Sin embargo, la investigaci\u00f3n de mercado ofrece varios beneficios clave para las empresas que operan en el mercado alimentario en Arabia Saudita, entre ellos:<\/p>\n\n\n\n<ul class=\"wp-block-list\">\n<li><strong>Desarrollo de productos:<\/strong> Analizar las necesidades y preferencias de los consumidores de Arabia Saudita puede ayudar a las empresas a desarrollar nuevos productos alimenticios.<\/li>\n\n\n\n<li><strong>Comercializaci\u00f3n dirigida:<\/strong> La investigaci\u00f3n de mercado ayuda a las empresas a adaptar sus estrategias de marketing para llegar de manera efectiva a su p\u00fablico objetivo en Arabia Saudita, lo que genera un mayor conocimiento de la marca y la participaci\u00f3n del cliente.<\/li>\n\n\n\n<li><strong>Ventaja competitiva:<\/strong> Al mantenerse informadas sobre las estrategias y ofertas de sus competidores, las empresas pueden identificar oportunidades para diferenciarse y obtener una ventaja competitiva en el mercado alimentario de Arabia Saudita.<\/li>\n\n\n\n<li><strong>Mitigaci\u00f3n de riesgos:<\/strong> Ayuda a las empresas a identificar riesgos y desaf\u00edos potenciales en el mercado alimentario de Arabia Saudita, permiti\u00e9ndoles desarrollar estrategias para mitigar estos riesgos y proteger sus intereses comerciales.<\/li>\n\n\n\n<li><strong>Identificaci\u00f3n de oportunidades:<\/strong> La investigaci\u00f3n de mercado ayuda a las empresas a identificar nuevas oportunidades y nichos de mercado en Arabia Saudita, lo que les permite capitalizar las tendencias emergentes y las preferencias de los consumidores.<\/li>\n<\/ul>\n\n\n\n<h2 class=\"wp-block-heading\">Cu\u00e1ndo realizar una investigaci\u00f3n de mercado de alimentos en Arabia Saudita<\/h2>\n\n\n\n<figure class=\"gb-block-image gb-block-image-e3090f6a\"><img loading=\"lazy\" decoding=\"async\" width=\"1456\" height=\"816\" class=\"gb-image gb-image-e3090f6a\" src=\"https:\/\/www.sisinternational.com\/wp-content\/uploads\/2025\/08\/Saudi-Arabia-33-27.jpg\" alt=\"Investigaci\u00f3n y estrategia de mercado internacional de SIS\" title=\"Saudi Arabia 33 (27)\" srcset=\"https:\/\/www.sisinternational.com\/wp-content\/uploads\/2025\/08\/Saudi-Arabia-33-27.jpg 1456w, https:\/\/www.sisinternational.com\/wp-content\/uploads\/2025\/08\/Saudi-Arabia-33-27-300x168.jpg 300w, https:\/\/www.sisinternational.com\/wp-content\/uploads\/2025\/08\/Saudi-Arabia-33-27-1024x574.jpg 1024w, https:\/\/www.sisinternational.com\/wp-content\/uploads\/2025\/08\/Saudi-Arabia-33-27-768x430.jpg 768w, https:\/\/www.sisinternational.com\/wp-content\/uploads\/2025\/08\/Saudi-Arabia-33-27-18x10.jpg 18w\" sizes=\"auto, (max-width: 1456px) 100vw, 1456px\"><\/figure>\n\n\n\n<p><\/p>\n\n\n\n<p><a href=\"https:\/\/www.sisinternational.com\/es\/soluciones\/investigacion-de-mercado-de-alimentos-qsr\/\" title=\"QSR Food Market Research\" data-wpil-monitor-id=\"2302\">Food market research<\/a> in Saudi Arabia should be conducted at various stages of a business&#8217;s growth and development:<\/p>\n\n\n\n<ul class=\"wp-block-list\">\n<li><strong>Entrada al mercado:<\/strong> Antes de ingresar al mercado de Arabia Saudita, las empresas deben realizar estudios de mercado para comprender las preferencias de los consumidores, las tendencias del mercado y el panorama competitivo.<\/li>\n\n\n\n<li><strong>Desarrollo de productos:<\/strong> La investigaci\u00f3n de mercado es esencial durante la etapa de desarrollo del producto para garantizar que los nuevos productos alimenticios satisfagan las necesidades y preferencias de los consumidores de Arabia Saudita.<\/li>\n\n\n\n<li><strong>Campa\u00f1as de marketing:<\/strong> La investigaci\u00f3n de mercado puede ayudar a las empresas a desarrollar campa\u00f1as de marketing espec\u00edficas que resuenen con su p\u00fablico objetivo en Arabia Saudita.<\/li>\n\n\n\n<li><strong>An\u00e1lisis competitivo:<\/strong> La investigaci\u00f3n de mercado peri\u00f3dica ayuda a las empresas a mantenerse informadas sobre las estrategias y ofertas de sus competidores en Arabia Saudita.<\/li>\n\n\n\n<li><strong>Cumplimiento normativo:<\/strong> Mercado <a href=\"https:\/\/www.sisinternational.com\/es\/pericia\/industrias\/estudio-de-mercado-de-seguridad-vial\/\" title=\"Investigaci\u00f3n de mercado de seguridad vial\" data-wpil-monitor-id=\"7151\">investigaci\u00f3n<\/a> can help businesses understand and comply with Saudi Arabia&#8217;s food safety and quality regulations.<\/li>\n\n\n\n<li><strong>Planificaci\u00f3n estrat\u00e9gica:<\/strong> La investigaci\u00f3n de mercado proporciona informaci\u00f3n valiosa para que las empresas desarrollen planes estrat\u00e9gicos de crecimiento y expansi\u00f3n en Arabia Saudita.<\/li>\n<\/ul>\n\n\n\n<h2 class=\"wp-block-heading\">Expected Results from Food Market Research in Saudi Arabia<\/h2>\n\n\n\n<p>From SIS International&#8217;s <a href=\"https:\/\/www.sisinternational.com\/es\/pericia\/industrias\/investigacion-de-mercado-de-alimentos-congelados\/\" title=\"Investigaci\u00f3n de mercado de alimentos congelados\" data-wpil-monitor-id=\"3111\">food market research<\/a> in Saudi Arabia, businesses can expect a comprehensive analysis that provides valuable insights and actionable recommendations for the Saudi Arabian food market. Some expected results from the research might include:<\/p>\n\n\n\n<ul class=\"wp-block-list\">\n<li><strong>An\u00e1lisis del panorama competitivo:<\/strong> Una descripci\u00f3n general de los actores clave en el mercado de alimentos de Arabia Saudita, sus cuotas de mercado, fortalezas, debilidades y estrategias competitivas, que permite a las empresas comparar su desempe\u00f1o e identificar oportunidades de diferenciaci\u00f3n.<\/li>\n\n\n\n<li><strong>Informaci\u00f3n del canal de distribuci\u00f3n:<\/strong> An analysis of the distribution channels for food products in Saudi Arabia, including supermarkets, hypermarkets, online platforms, and food service channels, to help businesses optimize their distribution strategy.<\/li>\n\n\n\n<li><strong>An\u00e1lisis de precios:<\/strong> Informaci\u00f3n sobre estrategias de precios y puntos de precios en el mercado de alimentos de Arabia Saudita, que ayuda a las empresas a establecer precios competitivos que maximicen la rentabilidad y al mismo tiempo atraigan a los consumidores locales.<\/li>\n\n\n\n<li><strong>Requisitos reglamentarios y de cumplimiento:<\/strong> Una descripci\u00f3n general del panorama regulatorio que afecta el mercado de alimentos en Arabia Saudita, incluida la seguridad alimentaria, el etiquetado y las regulaciones de importaci\u00f3n, para garantizar el cumplimiento y mitigar los riesgos.<\/li>\n\n\n\n<li><strong>Consideraciones culturales y religiosas:<\/strong> Informaci\u00f3n sobre los factores culturales y religiosos que influyen en el consumo de alimentos en Arabia Saudita, como la certificaci\u00f3n halal y las restricciones diet\u00e9ticas durante el Ramad\u00e1n, para ayudar a las empresas a adaptar sus productos y estrategias de marketing.<\/li>\n\n\n\n<li><strong>Oportunidades y desaf\u00edos:<\/strong> Identificaci\u00f3n de oportunidades potenciales de crecimiento y expansi\u00f3n, as\u00ed como desaf\u00edos que las empresas pueden enfrentar en el mercado de alimentos de Arabia Saudita, como cambios en las preferencias de los consumidores u obst\u00e1culos regulatorios.<\/li>\n\n\n\n<li><strong>Recomendaciones y conocimientos estrat\u00e9gicos:<\/strong> Seg\u00fan los resultados de la investigaci\u00f3n, SIS International puede proporcionar recomendaciones estrat\u00e9gicas para ayudar a las empresas a capitalizar oportunidades, superar desaf\u00edos y lograr sus objetivos en el mercado alimentario de Arabia Saudita.<\/li>\n<\/ul>\n\n\n\n<h2 class=\"wp-block-heading\">Jugadores claves. Jugadores principales<\/h2>\n\n\n\n<p>El mercado de alimentos en Arabia Saudita es un sector din\u00e1mico y en crecimiento, con varios actores clave que operan en diversos segmentos, como los l\u00e1cteos, la carne, las bebidas y los alimentos envasados. Algunos actores principales en el mercado de alimentos de Arabia Saudita incluyen:<\/p>\n\n\n\n<ul class=\"wp-block-list\">\n<li><strong>Empresa Almara\u00ed:<\/strong> Almarai es una de las empresas l\u00e1cteas m\u00e1s grandes de Medio Oriente, conocida por su amplia gama de productos l\u00e1cteos, jugos y productos de panader\u00eda.<\/li>\n\n\n\n<li><strong>Grupo Savola:<\/strong> Savola is a leading food company in Saudi Arabia, interested in edible oils, sugar, pasta, and retail (through its subsidiary Panda Retail Company).<\/li>\n\n\n\n<li><strong>Compa\u00f1\u00eda Saudita de Productos L\u00e1cteos y Alimentarios (SADAFCO):<\/strong> SADAFCO es un productor l\u00edder de productos l\u00e1cteos, incluidos leche, yogur y helados, adem\u00e1s de pasta de tomate y snacks.<\/li>\n\n\n\n<li><strong>Compa\u00f1\u00eda Nacional de Desarrollo Agropecuario (NADEC):<\/strong> NADEC es una importante empresa agr\u00edcola y de procesamiento de alimentos, con productos que van desde l\u00e1cteos y jugos hasta aceite de oliva y productos de panader\u00eda.<\/li>\n\n\n\n<li><strong>Al Safi Danone:<\/strong> Esta empresa, una empresa conjunta entre Al Safi y Danone, es conocida por sus productos l\u00e1cteos, en particular yogures y otros productos fermentados.<\/li>\n<\/ul>\n\n\n\n<h2 class=\"wp-block-heading\">Oportunidades<\/h2>\n\n\n\n<figure class=\"gb-block-image gb-block-image-3c54c0ee\"><img loading=\"lazy\" decoding=\"async\" width=\"1456\" height=\"816\" class=\"gb-image gb-image-3c54c0ee\" src=\"https:\/\/www.sisinternational.com\/wp-content\/uploads\/2025\/08\/Saudi-Arabia-33-26.jpg\" alt=\"Investigaci\u00f3n y estrategia de mercado internacional de SIS\" title=\"Saudi Arabia 33 (26)\" srcset=\"https:\/\/www.sisinternational.com\/wp-content\/uploads\/2025\/08\/Saudi-Arabia-33-26.jpg 1456w, https:\/\/www.sisinternational.com\/wp-content\/uploads\/2025\/08\/Saudi-Arabia-33-26-300x168.jpg 300w, https:\/\/www.sisinternational.com\/wp-content\/uploads\/2025\/08\/Saudi-Arabia-33-26-1024x574.jpg 1024w, https:\/\/www.sisinternational.com\/wp-content\/uploads\/2025\/08\/Saudi-Arabia-33-26-768x430.jpg 768w, https:\/\/www.sisinternational.com\/wp-content\/uploads\/2025\/08\/Saudi-Arabia-33-26-18x10.jpg 18w\" sizes=\"auto, (max-width: 1456px) 100vw, 1456px\"><\/figure>\n\n\n\n<p><\/p>\n\n\n\n<p>The food market in <a href=\"https:\/\/www.sisinternational.com\/es\/ingresando-al-mercado-latinoamericano\/\" title=\"Ingresando al mercado latinoamericano\" data-wpil-monitor-id=\"7542\">Arabia Saudita<\/a> offers several opportunities for businesses looking to enter or expand in the market:<\/p>\n\n\n\n<ul class=\"wp-block-list\">\n<li><strong>Poblaci\u00f3n creciente:<\/strong> La poblaci\u00f3n de Arabia Saudita est\u00e1 creciendo r\u00e1pidamente, lo que impulsa la demanda de productos alimenticios y crea oportunidades para que las empresas ampl\u00eden su presencia en el mercado.<\/li>\n\n\n\n<li><strong>Cambio de preferencias del consumidor:<\/strong> En Arabia Saudita, las preferencias de los consumidores est\u00e1n cambiando hacia opciones alimentarias m\u00e1s saludables y convenientes, creando oportunidades para que las empresas introduzcan nuevos productos que satisfagan estas preferencias.<\/li>\n\n\n\n<li><strong>Diversificaci\u00f3n Econ\u00f3mica:<\/strong> Arabia Saudita est\u00e1 realizando esfuerzos de diversificaci\u00f3n econ\u00f3mica, lo que lleva a mayores inversiones en el sector de alimentos y bebidas y crea oportunidades para que las empresas ingresen al mercado.<\/li>\n\n\n\n<li><strong>Comercio electr\u00f3nico:<\/strong> El auge del comercio electr\u00f3nico en Arabia Saudita ha creado nuevos canales de distribuci\u00f3n de productos alimenticios, lo que permite a las empresas llegar a un p\u00fablico m\u00e1s amplio y aumentar las ventas.<\/li>\n\n\n\n<li><strong>Iniciativas gubernamentales:<\/strong> El gobierno saudita est\u00e1 implementando varias iniciativas para apoyar a la industria alimentaria, como programas de seguridad alimentaria e incentivos a la inversi\u00f3n, que crean oportunidades para las empresas en el mercado.<\/li>\n<\/ul>\n\n\n\n<h2 class=\"wp-block-heading\">What Makes SIS International a Top Food Market Research in Saudi Arabia<\/h2>\n\n\n\n<p><a href=\"https:\/\/www.linkedin.com\/company\/sisinternationalresearch\/\" target=\"_blank\" rel=\"noopener\">SIS Internacional<\/a> is a global market research and strategic consulting firm that provides various services to help businesses in the food market in Saudi Arabia. Here&#8217;s how their services can be beneficial:<\/p>\n\n\n\n<ul class=\"wp-block-list\">\n<li><strong>Estrategia de entrada al mercado:<\/strong> SIS International puede ayudar a las empresas del mercado de alimentos a desarrollar estrategias efectivas de entrada al mercado para Arabia Saudita, incluida la identificaci\u00f3n de segmentos objetivo, la comprensi\u00f3n de las preferencias de los consumidores y el cumplimiento de los requisitos regulatorios.<\/li>\n\n\n\n<li><strong>Investigaci\u00f3n del consumidor:<\/strong> We conduct consumer research to gather insights into Saudi Arabian consumers&#8217; eating habits, preferences, and attitudes toward different food products. This information can help businesses tailor their offerings to meet local tastes and demands.<\/li>\n\n\n\n<li><strong>An\u00e1lisis competitivo:<\/strong> SIS proporciona un an\u00e1lisis en profundidad de los competidores en el mercado de alimentos de Arabia Saudita, incluidas sus estrategias, fortalezas, debilidades y participaci\u00f3n de mercado, lo que permite a las empresas posicionarse de manera efectiva.<\/li>\n\n\n\n<li><strong>An\u00e1lisis de la cadena de suministro:<\/strong> Nuestros expertos ayudan a las empresas a comprender la din\u00e1mica de la cadena de suministro en el mercado alimentario saudita, incluidos los desaf\u00edos de abastecimiento, distribuci\u00f3n y log\u00edstica, para optimizar sus operaciones y reducir costos.<\/li>\n\n\n\n<li><strong>Desarrollo de estrategia de marca:<\/strong> SIS International desarrolla estrategias de marca que resuenan entre los consumidores sauditas, incluido el posicionamiento de la marca, los mensajes y las estrategias de comunicaci\u00f3n.<\/li>\n\n\n\n<li><strong>Desarrollo e innovaci\u00f3n de productos:<\/strong> SIS ofrece informaci\u00f3n sobre las tendencias alimentarias emergentes y las preferencias de los consumidores en Arabia Saudita, ayudando a las empresas a innovar y desarrollar nuevos productos que satisfagan los gustos locales.<\/li>\n\n\n\n<li><strong>Estudios de Factibilidad de Inversi\u00f3n:<\/strong> SIS International puede realizar estudios de viabilidad para evaluar la viabilidad de proyectos de inversi\u00f3n e identificar riesgos y oportunidades potenciales para las empresas que buscan invertir en el mercado alimentario de Arabia Saudita.<\/li>\n<\/ul>\n\n\n\n<h2 class=\"wp-block-heading\">Nuestra ubicaci\u00f3n de instalaciones en Nueva York<\/h2>\n\n\n\n<p>\n\n\n\n<iframe loading=\"lazy\" src=\"https:\/\/www.google.com\/maps\/embed?pb=!1m18!1m12!1m3!1d3022.976188376966!2d-73.99130312499956!3d40.740549471389315!2m3!1f0!2f0!3f0!3m2!1i1024!2i768!4f13.1!3m3!1m2!1s0x89c259a15798c731%3A0xd695d09bdd495f25!2s11%20E%2022nd%20St%20FL%202%2C%20New%20York%2C%20NY%2010010%2C%20USA!5e0!3m2!1sen!2spe!4v1726171763526!5m2!1sen!2spe\" width=\"600\" height=\"450\" allowfullscreen=\"allowfullscreen\" data-mce-fragment=\"1\"><\/iframe>\n\n\n\n<\/p>\n\n\n\n<h3 class=\"wp-block-heading\">11 E 22nd Street, piso 2, Nueva York, NY 10010 T: +1(212) 505-6805<\/h3>\n\n\n\n<h2 class=\"wp-block-heading\"><span style=\"font-weight: 400;\">Acerca de SIS Internacional<\/span><\/h2>\n\n\n\n<p><a href=\"https:\/\/www.sisinternational.com\/es\/\"><span style=\"font-weight: 400;\">SIS Internacional<\/span><\/a><span style=\"font-weight: 400;\"> ofrece investigaci\u00f3n cuantitativa, cualitativa y estrat\u00e9gica. Proporcionamos datos, herramientas, estrategias, informes y conocimientos para la toma de decisiones. Tambi\u00e9n realizamos entrevistas, encuestas, grupos focales y otros m\u00e9todos y enfoques de investigaci\u00f3n de mercado.<\/span><a href=\"https:\/\/www.sisinternational.com\/es\/sobre-la-investigacion-internacional-de-sis\/contact-sis-international-market-research\/\"><span style=\"font-weight: 400;\"> P\u00f3ngase en contacto con nosotros<\/span><\/a><span style=\"font-weight: 400;\"> para su pr\u00f3ximo proyecto de Investigaci\u00f3n de Mercado.<\/span><\/p>\n\n\n\n<p><\/p>","protected":false},"excerpt":{"rendered":"<p>La investigaci\u00f3n del mercado de alimentos en Arabia Saudita implica la recopilaci\u00f3n, an\u00e1lisis e interpretaci\u00f3n de datos relacionados con la industria alimentaria del pa\u00eds.<\/p>","protected":false},"author":1,"featured_media":65112,"parent":36619,"menu_order":20,"comment_status":"closed","ping_status":"closed","template":"","meta":{"footnotes":""},"class_list":["post-47259","page","type-page","status-publish","has-post-thumbnail"],"_links":{"self":[{"href":"https:\/\/www.sisinternational.com\/es\/wp-json\/wp\/v2\/pages\/47259","targetHints":{"allow":["GET"]}}],"collection":[{"href":"https:\/\/www.sisinternational.com\/es\/wp-json\/wp\/v2\/pages"}],"about":[{"href":"https:\/\/www.sisinternational.com\/es\/wp-json\/wp\/v2\/types\/page"}],"author":[{"embeddable":true,"href":"https:\/\/www.sisinternational.com\/es\/wp-json\/wp\/v2\/users\/1"}],"replies":[{"embeddable":true,"href":"https:\/\/www.sisinternational.com\/es\/wp-json\/wp\/v2\/comments?post=47259"}],"version-history":[{"count":16,"href":"https:\/\/www.sisinternational.com\/es\/wp-json\/wp\/v2\/pages\/47259\/revisions"}],"predecessor-version":[{"id":81169,"href":"https:\/\/www.sisinternational.com\/es\/wp-json\/wp\/v2\/pages\/47259\/revisions\/81169"}],"up":[{"embeddable":true,"href":"https:\/\/www.sisinternational.com\/es\/wp-json\/wp\/v2\/pages\/36619"}],"wp:featuredmedia":[{"embeddable":true,"href":"https:\/\/www.sisinternational.com\/es\/wp-json\/wp\/v2\/media\/65112"}],"wp:attachment":[{"href":"https:\/\/www.sisinternational.com\/es\/wp-json\/wp\/v2\/media?parent=47259"}],"curies":[{"name":"wp","href":"https:\/\/api.w.org\/{rel}","templated":true}]}}