{"id":47254,"date":"2024-04-09T10:15:39","date_gmt":"2024-04-09T14:15:39","guid":{"rendered":"https:\/\/www.sisinternational.com\/?page_id=47254"},"modified":"2026-03-12T13:20:03","modified_gmt":"2026-03-12T17:20:03","slug":"estudio-de-mercado-de-bebidas-espirituosas","status":"publish","type":"page","link":"https:\/\/www.sisinternational.com\/es\/soluciones\/investigacion-de-mercado-de-la-industria-de-alimentos-y-bebidas\/estudio-de-mercado-de-bebidas-espirituosas\/","title":{"rendered":"Investigaci\u00f3n de mercado de bebidas espirituosas"},"content":{"rendered":"<h1 class=\"wp-block-heading\">Investigaci\u00f3n de mercado de bebidas espirituosas<\/h1>\n\n\n\n<figure class=\"gb-block-image gb-block-image-d0ee306d\"><img loading=\"lazy\" decoding=\"async\" width=\"1456\" height=\"816\" class=\"gb-image gb-image-d0ee306d\" src=\"https:\/\/www.sisinternational.com\/wp-content\/uploads\/2025\/08\/Alcoholic-beverage-11.jpg\" alt=\"Investigaci\u00f3n y estrategia de mercado internacional de SIS\" title=\"Alcoholic beverage (11)\" srcset=\"https:\/\/www.sisinternational.com\/wp-content\/uploads\/2025\/08\/Alcoholic-beverage-11.jpg 1456w, https:\/\/www.sisinternational.com\/wp-content\/uploads\/2025\/08\/Alcoholic-beverage-11-300x168.jpg 300w, https:\/\/www.sisinternational.com\/wp-content\/uploads\/2025\/08\/Alcoholic-beverage-11-1024x574.jpg 1024w, https:\/\/www.sisinternational.com\/wp-content\/uploads\/2025\/08\/Alcoholic-beverage-11-768x430.jpg 768w, https:\/\/www.sisinternational.com\/wp-content\/uploads\/2025\/08\/Alcoholic-beverage-11-18x10.jpg 18w\" sizes=\"auto, (max-width: 1456px) 100vw, 1456px\"><\/figure>\n\n\n\n<hr class=\"wp-block-separator has-alpha-channel-opacity is-style-dots\"\/>\n\n\n\n<p>El mercado de bebidas espirituosas es un sector din\u00e1mico y de r\u00e1pido crecimiento en la industria de bebidas, y con la creciente popularidad de las bebidas espirituosas artesanales, premium y a\u00f1ejas, el mercado presenta oportunidades y desaf\u00edos para las empresas que buscan tener \u00e9xito en este panorama competitivo. Es por eso que la investigaci\u00f3n de mercado de bebidas espirituosas ayuda a las empresas a navegar por las complejidades de la industria, identificar tendencias clave del mercado y desarrollar estrategias exitosas.<\/p>\n\n\n\n<h2 class=\"wp-block-heading\">\u00bfQu\u00e9 es la investigaci\u00f3n de mercado de bebidas espirituosas?<\/h2>\n\n\n\n<p>La investigaci\u00f3n de mercado de bebidas espirituosas proporciona a las empresas informaci\u00f3n valiosa sobre las tendencias del mercado, las preferencias de los consumidores, las estrategias de la competencia y las cuestiones regulatorias que afectan a la industria. Abarca diversas \u00e1reas, como el tama\u00f1o del mercado y las proyecciones de crecimiento, la demograf\u00eda y el comportamiento de los consumidores, los canales de distribuci\u00f3n, las estrategias de precios y la percepci\u00f3n de la marca.<\/p>\n\n\n\n<h2 class=\"wp-block-heading\">\u00bfPor qu\u00e9 la investigaci\u00f3n de mercado de bebidas espirituosas es tan importante hoy en d\u00eda?<\/h2>\n\n\n\n<p>La investigaci\u00f3n de mercado permite a las empresas obtener informaci\u00f3n sobre las preferencias de los consumidores, incluidos sabores, envases y tendencias de marca. Ayuda a las empresas a adaptar sus productos para satisfacer las necesidades y deseos de su p\u00fablico objetivo.<\/p>\n\n\n\n<p>La investigaci\u00f3n de mercado de bebidas espirituosas ayuda a las empresas a identificar nuevas oportunidades de mercado, como segmentos de consumidores emergentes o mercados geogr\u00e1ficos sin explotar. De manera similar, esta investigaci\u00f3n de mercado proporciona informaci\u00f3n valiosa sobre las preferencias y tendencias de los consumidores, que puede orientar los esfuerzos de desarrollo de productos. Las empresas pueden utilizar esta informaci\u00f3n para crear nuevos productos o mejorar los existentes para satisfacer mejor la demanda de los consumidores.<\/p>\n\n\n\n<p>Adem\u00e1s, la investigaci\u00f3n de mercado ayuda a las empresas a comprender c\u00f3mo comercializar sus productos de forma eficaz entre su p\u00fablico objetivo. Sin embargo, la investigaci\u00f3n de mercado de bebidas espirituosas ofrece varios beneficios adicionales para las empresas de la industria, que incluyen:<\/p>\n\n\n\n<ul class=\"wp-block-list\">\n<li><strong>Mejor comprensi\u00f3n de las necesidades del consumidor:<\/strong> Ayuda a las empresas a comprender las preferencias y necesidades de los consumidores, permiti\u00e9ndoles adaptar sus productos y estrategias de marketing para satisfacer mejor estas necesidades.<\/li>\n\n\n\n<li><strong>Identificaci\u00f3n de tendencias del mercado:<\/strong> Al realizar investigaciones de mercado, las empresas pueden identificar tendencias emergentes en el mercado de las bebidas espirituosas, como la creciente popularidad de las bebidas espirituosas artesanales o el aumento de consumidores preocupados por su salud.<\/li>\n\n\n\n<li><strong>An\u00e1lisis competitivo:<\/strong> La investigaci\u00f3n de mercado permite a las empresas evaluar las estrategias y ofertas de sus competidores, ayud\u00e1ndolas a mantenerse por delante de la competencia.<\/li>\n\n\n\n<li><strong>Mitigaci\u00f3n de riesgos:<\/strong> Al comprender las tendencias del mercado y las preferencias de los consumidores, las empresas pueden reducir el riesgo de lanzar productos que pueden no resonar en su p\u00fablico objetivo.<\/li>\n\n\n\n<li><strong>Planificaci\u00f3n estrat\u00e9gica:<\/strong> Esta investigaci\u00f3n de mercado proporciona a las empresas informaci\u00f3n valiosa que puede informar sus esfuerzos de planificaci\u00f3n estrat\u00e9gica, ayud\u00e1ndolas a establecer objetivos y asignar recursos de manera m\u00e1s efectiva.<\/li>\n<\/ul>\n\n\n\n<h2 class=\"wp-block-heading\">\u00bfCu\u00e1ndo es recomendable realizar una investigaci\u00f3n de mercado sobre bebidas espirituosas?<\/h2>\n\n\n\n<p><\/p>\n\n\n\n<p>La investigaci\u00f3n de mercado de bebidas espirituosas debe realizarse en varias etapas del ciclo de vida de un producto y de las operaciones comerciales:<\/p>\n\n\n\n<ul class=\"wp-block-list\">\n<li><strong>Entrada al mercado:<\/strong> Before entering a new market, businesses should <a href=\"https:\/\/www.sisinternational.com\/es\/analisis-de-la-industria-textil\/\" title=\"Investigaci\u00f3n de Mercado Textil\"  data-wpil-monitor-id=\"2068\">research to understand the market<\/a> dynamics, consumer preferences, and competition.<\/li>\n\n\n\n<li><strong>Desarrollo de productos:<\/strong> Se debe realizar una investigaci\u00f3n de mercado durante el desarrollo del producto para garantizar que el producto satisfaga las necesidades y preferencias de los consumidores.<\/li>\n\n\n\n<li><strong>Campa\u00f1as de marketing:<\/strong> Se debe realizar una investigaci\u00f3n de mercado antes de las campa\u00f1as de marketing para garantizar que los mensajes resuenen en el p\u00fablico objetivo.<\/li>\n\n\n\n<li><strong>An\u00e1lisis de la competencia:<\/strong> Se debe realizar una investigaci\u00f3n de mercado continua para monitorear la actividad de la competencia e identificar oportunidades y amenazas de mercado.<\/li>\n\n\n\n<li><strong>Planificaci\u00f3n estrat\u00e9gica:<\/strong> La investigaci\u00f3n de mercado debe utilizarse en la planificaci\u00f3n estrat\u00e9gica para identificar tendencias y oportunidades de crecimiento a largo plazo.<\/li>\n<\/ul>\n\n\n\n<h2 class=\"wp-block-heading\">\u00bfCu\u00e1les son las ventajas de realizar investigaciones de mercado de bebidas espirituosas con SIS?<\/h2>\n\n\n\n<p>Cuando las empresas contratan a SIS International para realizar estudios de mercado de bebidas espirituosas, pueden anticipar una variedad de resultados reveladores que les permitir\u00e1n tomar decisiones informadas. Estos resultados esperados incluyen:<\/p>\n\n\n\n<ul class=\"wp-block-list\">\n<li><strong>Visi\u00f3n general del mercado:<\/strong> Un an\u00e1lisis completo del mercado de bebidas espirituosas, incluido el tama\u00f1o, las tendencias de crecimiento y los factores clave. Esta descripci\u00f3n general ayuda a las empresas a comprender el panorama del mercado e identificar oportunidades de crecimiento.<\/li>\n\n\n\n<li><strong>Panorama competitivo:<\/strong> Un examen detallado del panorama competitivo, incluidos los perfiles de los actores clave, su participaci\u00f3n de mercado y estrategias. Este an\u00e1lisis ayuda a las empresas a comprender su posici\u00f3n en el mercado e identificar \u00e1reas de diferenciaci\u00f3n.<\/li>\n\n\n\n<li><strong>Canales de distribucion:<\/strong> Analizar canales de distribuci\u00f3n efectivos de bebidas espirituosas puede ayudar a las empresas a optimizar su cadena de suministro y llegar a su mercado objetivo de manera m\u00e1s eficiente.<\/li>\n\n\n\n<li><strong>Estrategias de precios:<\/strong> Informaci\u00f3n sobre las tendencias y estrategias de precios dentro del mercado de bebidas espirituosas, que permite a las empresas establecer precios competitivos que atraigan a los consumidores y al mismo tiempo garanticen la rentabilidad.<\/li>\n\n\n\n<li><strong>Entorno regulatorio:<\/strong> Una descripci\u00f3n general del entorno regulatorio que afecta el mercado de bebidas espirituosas, incluidos los impuestos y las restricciones publicitarias. Esta informaci\u00f3n es esencial para garantizar el cumplimiento y evitar problemas legales.<\/li>\n\n\n\n<li><strong>Las tendencias del mercado:<\/strong> Identificar las tendencias emergentes en el mercado de las bebidas espirituosas, como la creciente popularidad de las bebidas espirituosas artesanales y de primera calidad. Estar al tanto de estas tendencias permite a las empresas mantenerse a la vanguardia y aprovechar nuevas oportunidades.<\/li>\n\n\n\n<li><strong>Oportunidades y desaf\u00edos:<\/strong> Identificaci\u00f3n de oportunidades y desaf\u00edos clave en el mercado de bebidas espirituosas, lo que permite a las empresas desarrollar estrategias que aprovechen las oportunidades y mitiguen los riesgos.<\/li>\n\n\n\n<li><strong>Previsiones de mercado:<\/strong> Proyecciones de tendencias futuras del mercado y oportunidades de crecimiento en el mercado de bebidas espirituosas, que ayudan a las empresas en la planificaci\u00f3n y el desarrollo de estrategias a largo plazo.<\/li>\n<\/ul>\n\n\n\n<h2 class=\"wp-block-heading\">Jugador l\u00edder en el mercado<\/h2>\n\n\n\n<p>El mercado de las bebidas espirituosas est\u00e1 dominado por varios actores clave, entre ellos:<\/p>\n\n\n\n<ul class=\"wp-block-list\">\n<li><strong>Diageo:<\/strong> Diageo es un l\u00edder mundial en la industria de bebidas espirituosas, con una cartera diversa de marcas, que incluyen Johnnie Walker, Smirnoff y Tanqueray.<\/li>\n\n\n\n<li><strong>Pernod Ricard:<\/strong> Pernod Ricard es otro actor importante en el mercado de las bebidas espirituosas, conocido por marcas como Absolut Vodka, Chivas Regal y Jameson.<\/li>\n\n\n\n<li><strong>Bacard\u00ed Limitada:<\/strong> Bacardi Limited es un actor importante en el mercado del ron, con marcas como Bacardi Rum y Grey Goose vodka.<\/li>\n\n\n\n<li><strong>Haz solar:<\/strong> Beam Suntory es conocido por marcas como el bourbon Jim Beam, Maker&#039;s Mark y el co\u00f1ac Courvoisier.<\/li>\n<\/ul>\n\n\n\n<h2 class=\"wp-block-heading\">Oportunidades<\/h2>\n\n\n\n<figure class=\"gb-block-image gb-block-image-d9ecc7fd\"><img loading=\"lazy\" decoding=\"async\" width=\"1456\" height=\"816\" class=\"gb-image gb-image-d9ecc7fd\" src=\"https:\/\/www.sisinternational.com\/wp-content\/uploads\/2025\/08\/Alcoholic-beverage-8.jpg\" alt=\"Investigaci\u00f3n y estrategia de mercado internacional de SIS\" title=\"Alcoholic beverage (8)\" srcset=\"https:\/\/www.sisinternational.com\/wp-content\/uploads\/2025\/08\/Alcoholic-beverage-8.jpg 1456w, https:\/\/www.sisinternational.com\/wp-content\/uploads\/2025\/08\/Alcoholic-beverage-8-300x168.jpg 300w, https:\/\/www.sisinternational.com\/wp-content\/uploads\/2025\/08\/Alcoholic-beverage-8-1024x574.jpg 1024w, https:\/\/www.sisinternational.com\/wp-content\/uploads\/2025\/08\/Alcoholic-beverage-8-768x430.jpg 768w, https:\/\/www.sisinternational.com\/wp-content\/uploads\/2025\/08\/Alcoholic-beverage-8-18x10.jpg 18w\" sizes=\"auto, (max-width: 1456px) 100vw, 1456px\"><\/figure>\n\n\n\n<p><\/p>\n\n\n\n<p>El mercado de las bebidas espirituosas presenta varias oportunidades para las empresas que buscan ingresar o ampliar su presencia en la industria:<\/p>\n\n\n\n<ul class=\"wp-block-list\">\n<li><strong>Elaboraci\u00f3n de Bebidas Alcoh\u00f3licas y Bebidas Alcoh\u00f3licas Artesanales:<\/strong> La creciente tendencia hacia las bebidas espirituosas artesanales presenta una oportunidad para que las empresas creen productos \u00fanicos y de alta calidad que atiendan a nichos de mercado.<\/li>\n\n\n\n<li><strong>Bebidas espirituosas aromatizadas:<\/strong> Las bebidas espirituosas aromatizadas, como vodkas y rones aromatizados, contin\u00faan ganando popularidad entre los consumidores, lo que permite a las empresas innovar e introducir nuevos sabores.<\/li>\n\n\n\n<li><strong>Tendencias de salud y bienestar:<\/strong> Con un enfoque cada vez mayor en la salud y el bienestar, existe una demanda creciente de bebidas espirituosas org\u00e1nicas y bajas en calor\u00edas, lo que ofrece a las empresas la oportunidad de aprovechar este segmento del mercado.<\/li>\n\n\n\n<li><strong>Pr\u00e1cticas de Sostenibilidad:<\/strong> Los consumidores son cada vez m\u00e1s conscientes del medio ambiente, lo que permite a las empresas adoptar pr\u00e1cticas sostenibles en el abastecimiento, la producci\u00f3n y el envasado de bebidas espirituosas.<\/li>\n\n\n\n<li><strong>Mercados emergentes:<\/strong> Los mercados emergentes, especialmente en Asia-Pac\u00edfico y Am\u00e9rica Latina, ofrecen importantes oportunidades de crecimiento para las empresas de la industria de las bebidas espirituosas, impulsadas por el aumento de los ingresos disponibles y los cambios en las preferencias de los consumidores.<\/li>\n<\/ul>\n\n\n\n<h3 class=\"wp-block-heading\"><strong>Restricciones del mercado de bebidas espirituosas que se deben tener en cuenta<\/strong><\/h3>\n\n\n\n<p>Invertir en el mercado de bebidas espirituosas presenta oportunidades interesantes, pero tambi\u00e9n desaf\u00edos que deben evaluarse cuidadosamente. Una estrategia s\u00f3lida de investigaci\u00f3n del mercado de bebidas espirituosas ayudar\u00e1 a identificar y sortear estas limitaciones, lo que dar\u00e1 a los inversores una perspectiva realista sobre los riesgos potenciales. A continuaci\u00f3n, se enumeran las limitaciones fundamentales que afectan al mercado de bebidas espirituosas:<\/p>\n\n\n<div class=\"wp-block-image\">\n<figure class=\"aligncenter\"><img loading=\"lazy\" decoding=\"async\" width=\"720\" height=\"564\" src=\"https:\/\/www.sisinternational.com\/wp-content\/uploads\/2024\/10\/Spirits-market.png\" alt=\"Investigaci\u00f3n de mercado de bebidas espirituosas\" class=\"wp-image-53808\" srcset=\"https:\/\/www.sisinternational.com\/wp-content\/uploads\/2024\/10\/Spirits-market.png 720w, https:\/\/www.sisinternational.com\/wp-content\/uploads\/2024\/10\/Spirits-market-300x235.png 300w, https:\/\/www.sisinternational.com\/wp-content\/uploads\/2024\/10\/Spirits-market-15x12.png 15w\" sizes=\"auto, (max-width: 720px) 100vw, 720px\" \/><\/figure>\n<\/div>\n\n\n<p><\/p>\n\n\n\n<p><strong>1. Desaf\u00edos regulatorios y de cumplimiento<\/strong><br>La industria de las bebidas espirituosas se enfrenta a unas normas estrictas que var\u00edan mucho seg\u00fan la regi\u00f3n y que afectan a todos los aspectos, desde la producci\u00f3n y el etiquetado hasta la publicidad y la distribuci\u00f3n. En muchos pa\u00edses, las ventas de alcohol est\u00e1n reguladas por leyes estrictas que pueden cambiar r\u00e1pidamente.&nbsp;<\/p>\n\n\n\n<p><strong>2. Impuestos y aranceles<\/strong><br>High taxes on spirits, excise duties, and import tariffs can significantly impact profitability. For example, tariffs on imports or exports can limit market expansion and raise product prices, potentially reducing consumer demand. Understanding regional tax structures and <a href=\"https:\/\/www.sisinternational.com\/es\/comprender-el-regimen-de-comercio-de-derechos-de-emision-de-la-ue-y-un-informe-del-sis\/\" title=\"Investigaci\u00f3n de mercado sobre comercio de derechos de emisi\u00f3n\"  data-wpil-monitor-id=\"1740\">trade policies through spirits market research<\/a> can help investors gauge potential costs and make more informed financial projections.<\/p>\n\n\n\n<p><strong>3. Evoluci\u00f3n de las preferencias de los consumidores<\/strong><br>Los gustos de los consumidores en el mercado de las bebidas espirituosas est\u00e1n en constante evoluci\u00f3n, con tendencias en aumento como el consumo consciente de bebidas saludables y las preferencias por la sostenibilidad. Los cambios hacia alternativas con bajo contenido de alcohol o sin alcohol, bebidas espirituosas artesanales y pr\u00e1cticas de producci\u00f3n \u00e9ticas significan que las marcas deben innovar para seguir siendo relevantes. Este cambio r\u00e1pido puede ser dif\u00edcil de seguir, lo que hace que sea dif\u00edcil <em>estudio de mercado de bebidas espirituosas<\/em> crucial para comprender y responder a estas preferencias cambiantes.<\/p>\n\n\n\n<p><strong>4. Vulnerabilidades de la cadena de suministro<\/strong><br>La industria de las bebidas espirituosas suele depender de ingredientes y procesos de a\u00f1ejamiento espec\u00edficos, lo que la hace vulnerable a interrupciones en la cadena de suministro. Los desastres naturales, la escasez de ingredientes o los retrasos en el transporte pueden afectar los plazos de producci\u00f3n y aumentar los costos.&nbsp;<\/p>\n\n\n\n<p><strong>5. Alta competencia y saturaci\u00f3n del mercado<\/strong><br>El mercado de las bebidas espirituosas es muy competitivo, con marcas consolidadas y nuevos participantes que compiten por la atenci\u00f3n del consumidor. A medida que crecen los segmentos de nicho y de productos premium, las marcas m\u00e1s peque\u00f1as deben encontrar propuestas de valor \u00fanicas para destacarse, lo que puede resultar costoso y complejo.&nbsp;<\/p>\n\n\n\n<p><strong>6. Restricciones de marketing y publicidad<\/strong><br>El marketing de bebidas alcoh\u00f3licas suele implicar eludir estrictas restricciones publicitarias, especialmente en los espacios digitales y televisivos, donde la orientaci\u00f3n a los menores y la promoci\u00f3n del consumo responsable de alcohol son cuestiones fundamentales. Las regulaciones pueden limitar las opciones publicitarias, lo que obliga a las marcas a desarrollar estrategias de marketing creativas pero que cumplan con las normas.&nbsp;<\/p>\n\n\n\n<p><strong>7. Responsabilidades ambientales y sociales<\/strong><br>La sostenibilidad y la responsabilidad corporativa se han convertido en prioridades para muchos consumidores, lo que presiona a las marcas de bebidas espirituosas para que adopten pr\u00e1cticas respetuosas con el medio ambiente. Desde la reducci\u00f3n de las emisiones de carbono en la producci\u00f3n hasta el abastecimiento responsable, cumplir con estas expectativas requiere una inversi\u00f3n significativa.<\/p>\n\n\n\n<h2 class=\"wp-block-heading\"><strong>\u00bfQu\u00e9 hace que SIS International Research sea la principal empresa de investigaci\u00f3n de mercados en el mercado de bebidas espirituosas?<\/strong><\/h2>\n\n\n\n<p><a href=\"https:\/\/www.linkedin.com\/company\/sisinternationalresearch\/\" target=\"_blank\" rel=\"noopener\"><span style=\"font-weight: 400;\">SIS Internacional<\/span><\/a> Aporta un toque distintivo a las bebidas espirituosas. <a href=\"https:\/\/www.linkedin.com\/pulse\/how-market-research-enables-growth-ruth-stanat-phekf\/\" target=\"_blank\" rel=\"noopener\"><span style=\"font-weight: 400;\">investigaci\u00f3n de mercado<\/span><\/a>, ofreciendo un profundo conocimiento del comportamiento del consumidor, el posicionamiento de la marca y las tendencias de la industria, esenciales para sobresalir en este sector din\u00e1mico. Con experiencia en mercados globales y preferencias localizadas, brindamos a las marcas de bebidas espirituosas informaci\u00f3n valiosa para adaptarse a los gustos y regulaciones cambiantes de los consumidores. A continuaci\u00f3n, se presentan siete razones por las que SIS International es la empresa de referencia para la investigaci\u00f3n del mercado de bebidas espirituosas:<\/p>\n\n\n\n<p><strong>1. Informaci\u00f3n detallada sobre los consumidores<\/strong><br>Nos especializamos en captar perfiles detallados de las preferencias de los consumidores, ayudando a las marcas a comprender qu\u00e9 impulsa las decisiones de compra, desde las tendencias de sabor hasta las preocupaciones por la sostenibilidad. Este enfoque en los conocimientos de los consumidores permite a nuestros clientes dise\u00f1ar estrategias de marketing espec\u00edficas que tengan repercusi\u00f3n.<\/p>\n\n\n\n<p><strong>2. Experiencia en tendencias de mercados emergentes<\/strong><br>Con la mirada puesta en el futuro, <a href=\"https:\/\/medium.com\/@sisinternational\/sis-international-c17160da8fac\" target=\"_blank\" rel=\"noopener\"><span style=\"font-weight: 400;\">SIS<\/span><\/a> Identifica tendencias cr\u00edticas dentro del mercado de bebidas espirituosas, como opciones con bajo contenido de alcohol y sin alcohol, destilaci\u00f3n artesanal y premiumizaci\u00f3n. Nuestros clientes obtienen una ventaja competitiva al comprender los cambios en la demanda de los consumidores antes de que se materialicen por completo.<\/p>\n\n\n\n<p><strong>3. Amplio conocimiento normativo<\/strong><br>Para desenvolverse en el complejo entorno regulatorio de la industria de las bebidas espirituosas se necesita precisi\u00f3n y experiencia. Nuestra experiencia garantiza que las marcas cumplan con los est\u00e1ndares locales e internacionales, desde el etiquetado hasta las regulaciones de distribuci\u00f3n.<\/p>\n\n\n\n<p><strong>4. Posicionamiento de marca y an\u00e1lisis competitivo<\/strong><br>Ofrecemos an\u00e1lisis competitivos profundos que ayudan a las marcas de bebidas alcoh\u00f3licas a posicionarse de manera eficaz en un mercado abarrotado. Al comprender las fortalezas y debilidades de los competidores, SIS International permite que las marcas se destaquen y creen propuestas de valor \u00fanicas.<\/p>\n\n\n\n<p><strong>5. Apoyo a la innovaci\u00f3n mediante informaci\u00f3n basada en datos<\/strong><br>A trav\u00e9s de an\u00e1lisis de datos avanzados, SIS International destaca las oportunidades de innovaci\u00f3n de productos en el sector de bebidas espirituosas, apoyando a las marcas en la introducci\u00f3n de nuevos sabores, dise\u00f1os de envases u opciones ecol\u00f3gicas que se alineen con las tendencias de los consumidores.<\/p>\n\n\n\n<p><strong>6. Alcance global con experiencia local<\/strong><br>Con una s\u00f3lida presencia global, SIS International puede identificar las variaciones y preferencias del mercado local, que son esenciales para las marcas que se expanden a los mercados internacionales. Nuestros conocimientos regionales ayudan a los clientes a adaptarse a din\u00e1micas de mercado espec\u00edficas en Asia, Europa y Am\u00e9rica del Norte.<\/p>\n\n\n\n<p><strong>7. Trayectoria comprobada con las mejores marcas de bebidas espirituosas<\/strong><br>Algunas de las principales marcas de bebidas alcoh\u00f3licas del mundo conf\u00edan en SIS International y es reconocida por brindar informaci\u00f3n \u00fatil y de alta calidad. Nuestros clientes valoran la profundidad de nuestra investigaci\u00f3n y nuestro compromiso de ayudarlos a tener \u00e9xito en una industria competitiva.<\/p>\n\n\n\n<h2 class=\"wp-block-heading\">Acerca de SIS International Spirits Market Research<\/h2>\n\n\n\n<p><a href=\"https:\/\/www.sisinternational.com\/es\/\">SIS Internacional<\/a> ofrece investigaci\u00f3n cuantitativa, cualitativa y estrat\u00e9gica. Proporcionamos datos, herramientas, estrategias, informes y conocimientos para la toma de decisiones. Tambi\u00e9n realizamos entrevistas, encuestas, grupos focales y otros m\u00e9todos y enfoques de investigaci\u00f3n de mercado.<a href=\"https:\/\/www.sisinternational.com\/es\/sobre-la-investigacion-internacional-de-sis\/contact-sis-international-market-research\/\"> P\u00f3ngase en contacto con nosotros<\/a> para su pr\u00f3ximo proyecto de Investigaci\u00f3n de Mercado.<\/p>\n\n\n\n<p><\/p>","protected":false},"excerpt":{"rendered":"<p>La investigaci\u00f3n de mercado de bebidas espirituosas ayuda a las empresas a personalizar sus productos proporcionando informaci\u00f3n sobre sabores, envases y marcas.<\/p>","protected":false},"author":1,"featured_media":63165,"parent":22018,"menu_order":434,"comment_status":"closed","ping_status":"closed","template":"","meta":{"footnotes":""},"class_list":["post-47254","page","type-page","status-publish","has-post-thumbnail"],"_links":{"self":[{"href":"https:\/\/www.sisinternational.com\/es\/wp-json\/wp\/v2\/pages\/47254","targetHints":{"allow":["GET"]}}],"collection":[{"href":"https:\/\/www.sisinternational.com\/es\/wp-json\/wp\/v2\/pages"}],"about":[{"href":"https:\/\/www.sisinternational.com\/es\/wp-json\/wp\/v2\/types\/page"}],"author":[{"embeddable":true,"href":"https:\/\/www.sisinternational.com\/es\/wp-json\/wp\/v2\/users\/1"}],"replies":[{"embeddable":true,"href":"https:\/\/www.sisinternational.com\/es\/wp-json\/wp\/v2\/comments?post=47254"}],"version-history":[{"count":10,"href":"https:\/\/www.sisinternational.com\/es\/wp-json\/wp\/v2\/pages\/47254\/revisions"}],"predecessor-version":[{"id":76432,"href":"https:\/\/www.sisinternational.com\/es\/wp-json\/wp\/v2\/pages\/47254\/revisions\/76432"}],"up":[{"embeddable":true,"href":"https:\/\/www.sisinternational.com\/es\/wp-json\/wp\/v2\/pages\/22018"}],"wp:featuredmedia":[{"embeddable":true,"href":"https:\/\/www.sisinternational.com\/es\/wp-json\/wp\/v2\/media\/63165"}],"wp:attachment":[{"href":"https:\/\/www.sisinternational.com\/es\/wp-json\/wp\/v2\/media?parent=47254"}],"curies":[{"name":"wp","href":"https:\/\/api.w.org\/{rel}","templated":true}]}}