{"id":47074,"date":"2024-03-21T12:04:27","date_gmt":"2024-03-21T16:04:27","guid":{"rendered":"https:\/\/www.sisinternational.com\/?page_id=47074"},"modified":"2026-01-19T22:12:46","modified_gmt":"2026-01-20T03:12:46","slug":"consultoria-alteryx","status":"publish","type":"page","link":"https:\/\/www.sisinternational.com\/es\/pericia\/consultoria-alteryx\/","title":{"rendered":"Alteryx Consultor\u00eda"},"content":{"rendered":"<h1 class=\"wp-block-heading\">Alteryx Consultor\u00eda<\/h1>\n\n\n\n<figure class=\"gb-block-image gb-block-image-fa700491\"><img loading=\"lazy\" decoding=\"async\" width=\"1456\" height=\"816\" class=\"gb-image gb-image-fa700491\" src=\"https:\/\/www.sisinternational.com\/wp-content\/uploads\/2025\/08\/Strategy-consulting-6.jpg\" alt=\"Investigaci\u00f3n y estrategia de mercado internacional de SIS\" title=\"Strategy consulting (6)\" srcset=\"https:\/\/www.sisinternational.com\/wp-content\/uploads\/2025\/08\/Strategy-consulting-6.jpg 1456w, https:\/\/www.sisinternational.com\/wp-content\/uploads\/2025\/08\/Strategy-consulting-6-300x168.jpg 300w, https:\/\/www.sisinternational.com\/wp-content\/uploads\/2025\/08\/Strategy-consulting-6-1024x574.jpg 1024w, https:\/\/www.sisinternational.com\/wp-content\/uploads\/2025\/08\/Strategy-consulting-6-768x430.jpg 768w, https:\/\/www.sisinternational.com\/wp-content\/uploads\/2025\/08\/Strategy-consulting-6-18x10.jpg 18w\" sizes=\"auto, (max-width: 1456px) 100vw, 1456px\"><\/figure>\n\n\n\n<hr class=\"wp-block-separator has-alpha-channel-opacity is-style-dots\"\/>\n\n\n\n<p>Con sus capacidades s\u00f3lidas y su interfaz intuitiva, Alteryx permite a las empresas desbloquear informaci\u00f3n valiosa de sus datos, facilitando estrategias m\u00e1s innovadoras y operaciones m\u00e1s \u00e1giles. Es por eso que la consultor\u00eda Alteryx emerge como una fuerza transformadora, revolucionando la forma en que las organizaciones aprovechan el poder de los datos para impulsar la toma de decisiones informadas.<\/p>\n\n\n\n<h2 class=\"wp-block-heading\">\u00bfQu\u00e9 es Alteryx Consulting?<\/h2>\n\n\n\n<p>La consultor\u00eda de Alteryx gira en torno al aprovechamiento de la plataforma Alteryx para capacitar a las empresas con capacidades avanzadas de an\u00e1lisis, preparaci\u00f3n de datos y automatizaci\u00f3n. B\u00e1sicamente, Alteryx permite a las organizaciones optimizar sus flujos de trabajo de datos, desde la ingesta y limpieza de datos hasta el an\u00e1lisis y la visualizaci\u00f3n, dentro de una plataforma f\u00e1cil de usar.<\/p>\n\n\n\n<p>Los servicios de asistencia de Alteryx abarcan una variedad de actividades, que incluyen implementaci\u00f3n, personalizaci\u00f3n, capacitaci\u00f3n y soporte continuo. Los consultores trabajan en estrecha colaboraci\u00f3n con las organizaciones para comprender sus requisitos comerciales \u00fanicos, desaf\u00edos de datos y objetivos estrat\u00e9gicos.<\/p>\n\n\n\n<h2 class=\"wp-block-heading\">\u00bfPor qu\u00e9 las empresas necesitan Alteryx Consulting?<\/h2>\n\n\n\n<p>Alteryx permite a las empresas integrar datos de fuentes dispares sin problemas y prepararlos para el an\u00e1lisis. Con su interfaz intuitiva de arrastrar y soltar y sus poderosas capacidades de combinaci\u00f3n de datos, Alteryx agiliza el proceso de preparaci\u00f3n de datos, ahorrando tiempo y esfuerzo a las empresas. Por esta raz\u00f3n, los consultores brindan experiencia en la optimizaci\u00f3n de los flujos de trabajo de datos, garantizando la calidad de los datos y automatizando tareas repetitivas, lo que permite a las empresas concentrarse en extraer conocimientos en lugar de discutir datos.<\/p>\n\n\n\n<p>Additionally, these consulting <a href=\"https:\/\/www.sisinternational.com\/es\/pericia\/industrias\/servicio-selecto-estudio-de-mercado-hotelero\/\" title=\"Servicio Selecto Investigaci\u00f3n de Mercado Hotelero\"  data-wpil-monitor-id=\"8979\">services guide businesses on model selection<\/a>, parameter tuning, and validation techniques, helping them derive actionable insights and make informed decisions. It also helps businesses identify opportunities for automation, design efficient workflows, and implement automation solutions that drive productivity and cost savings.<\/p>\n\n\n\n<h2 class=\"wp-block-heading\">Sin embargo, este servicio de consultor\u00eda trae muchos otros beneficios, entre ellos:<\/h2>\n\n\n\n<ul class=\"wp-block-list\">\n<li><strong>Procesos de datos optimizados:<\/strong> La consultor\u00eda ayuda a las empresas a optimizar sus procesos de datos, desde la integraci\u00f3n y preparaci\u00f3n de datos hasta el an\u00e1lisis y la generaci\u00f3n de informes. Los consultores optimizan los flujos de trabajo de datos, automatizan tareas repetitivas y garantizan la calidad de los datos, lo que da como resultado procesos de datos m\u00e1s eficientes y confiables.<\/li>\n\n\n\n<li><strong>Capacidades de an\u00e1lisis avanzadas:<\/strong> Con la consultor\u00eda, las empresas obtienen acceso a capacidades anal\u00edticas avanzadas que les permiten descubrir informaci\u00f3n valiosa a partir de sus datos. Los consultores brindan experiencia en modelado predictivo, an\u00e1lisis espacial y aprendizaje autom\u00e1tico, lo que permite a las empresas tomar decisiones basadas en datos y obtener una ventaja competitiva.<\/li>\n\n\n\n<li><strong>Mejora de la toma de decisiones:<\/strong> Consulting helps businesses identify trends, patterns, and opportunities in their data, enabling them to optimize operations, mitigate risks, and <a href=\"https:\/\/www.sisinternational.com\/es\/soluciones\/investigacion-de-consultoria-estrategica-fintech\/investigacion-de-mercado-de-mercados-de-capitales\/\" title=\"Investigaci\u00f3n de mercado de mercados de capitales\"  data-wpil-monitor-id=\"8976\">capitalize on market<\/a> opportunities.<\/li>\n\n\n\n<li><strong>Ahorro de costes:<\/strong> El an\u00e1lisis de Alteryx permite a las empresas optimizar sus procesos de datos y agilizar las operaciones, lo que genera ahorros de costos. Las empresas pueden reducir los costos operativos y asignar recursos de manera m\u00e1s efectiva al automatizar las tareas manuales, reducir los errores y mejorar la eficiencia.<\/li>\n\n\n\n<li><strong>Productividad mejorada:<\/strong> Las empresas pueden mejorar la productividad automatizando tareas repetitivas y liberando tiempo valioso para que los empleados se concentren en actividades de mayor valor.<\/li>\n<\/ul>\n\n\n\n<h2 class=\"wp-block-heading\">\u00bfQui\u00e9n utiliza Alteryx Consulting?<\/h2>\n\n\n\n<p>Grandes corporaciones de diversas industrias, incluidas finanzas, comercio minorista, atenci\u00f3n m\u00e9dica y manufactura, utilizan la consultor\u00eda para optimizar sus procesos de datos y obtener informaci\u00f3n \u00fatil a partir de sus datos. Con su escalabilidad y flexibilidad, Alteryx satisface las complejas necesidades anal\u00edticas de las organizaciones de nivel empresarial, permiti\u00e9ndoles tomar decisiones informadas e impulsar el crecimiento empresarial.<\/p>\n\n\n\n<p>Las agencias gubernamentales aprovechan el asesoramiento de Alteryx para aprovechar el poder de los datos para abordar desaf\u00edos complejos y brindar servicios p\u00fablicos de manera m\u00e1s eficiente. Desde analizar tendencias demogr\u00e1ficas hasta optimizar la asignaci\u00f3n de recursos, Alteryx permite a las agencias gubernamentales tomar decisiones basadas en datos que benefician a los ciudadanos y las comunidades.<\/p>\n\n\n\n<p>Las organizaciones sin fines de lucro dependen del an\u00e1lisis de datos para generar impacto, optimizar operaciones y maximizar la efectividad de sus programas y servicios. Los servicios de consultor\u00eda de Alteryx ayudan a las organizaciones sin fines de lucro a aprovechar sus activos de datos para comprender mejor a sus beneficiarios, mejorar los esfuerzos de recaudaci\u00f3n de fondos y lograr los objetivos de su misi\u00f3n.<\/p>\n\n\n\n<p>Educational Institutions utilize this consulting to support academic research, teach data analytics skills, and empower students with hands-on experience in data analysis. Alteryx provides educators a powerful <a href=\"https:\/\/www.sisinternational.com\/es\/sis-presenta-una-plataforma-de-analisis-cuantitativo-y-ciencia-de-datos\/\" title=\"SIS presenta plataforma de an\u00e1lisis cuantitativo y ciencia de datos\"  data-wpil-monitor-id=\"8973\">platform for teaching data analytics<\/a> concepts and techniques, preparing students for careers in data-driven fields.<\/p>\n\n\n\n<h2 class=\"wp-block-heading\">Cu\u00e1ndo realizar la consultor\u00eda Alteryx<\/h2>\n\n\n\n<p>Determinar el momento \u00f3ptimo para participar en la consultor\u00eda de Alteryx depende de varios factores, incluidas las necesidades, los objetivos y la disposici\u00f3n espec\u00edficos de la organizaci\u00f3n para aprovechar el an\u00e1lisis de datos. A continuaci\u00f3n se presentan consideraciones clave sobre cu\u00e1ndo realizar evaluaciones de Alteryx:<\/p>\n\n\n\n<ul class=\"wp-block-list\">\n<li><strong><a href=\"https:\/\/www.sisinternational.com\/es\/soluciones\/si-crecimiento-global\/consultoria-de-planificacion-estrategica\/\" title=\"Consultor\u00eda de Planificaci\u00f3n Estrat\u00e9gica\"  data-wpil-monitor-id=\"8975\">Planificaci\u00f3n estrat\u00e9gica<\/a> Phase:<\/strong> Las organizaciones deber\u00edan considerar participar en este tipo de consultor\u00eda durante la fase de planificaci\u00f3n estrat\u00e9gica de una iniciativa de an\u00e1lisis de datos. Esto permite a los consultores trabajar en estrecha colaboraci\u00f3n con las partes interesadas para comprender los objetivos, desaf\u00edos y requisitos de la organizaci\u00f3n, sentando las bases para una implementaci\u00f3n anal\u00edtica exitosa.<\/li>\n\n\n\n<li><a href=\"https:\/\/www.sisinternational.com\/es\/soluciones\/consultoria-estrategica\/analisis-de-datos\/\" title=\"Empresa de an\u00e1lisis de datos\"  data-wpil-monitor-id=\"8977\">Data Assessment Stage: Before diving into analytics<\/a> implementation, organizations should comprehensively assess their data assets. Alteryx experts can help organizations evaluate the quality, completeness, and accessibility of their data, identifying any gaps or issues that need to be addressed before proceeding with analytics projects.<\/li>\n\n\n\n<li><strong>Preparaci\u00f3n de la implementaci\u00f3n:<\/strong> A medida que las organizaciones se preparan para implementar Alteryx o ampliar su uso actual, los servicios de consultor\u00eda pueden brindar un apoyo valioso para configurar la plataforma, configurar los flujos de trabajo y la integraci\u00f3n con otros sistemas. Los consultores trabajan con equipos de TI y usuarios comerciales para garantizar un proceso de implementaci\u00f3n fluido y maximizar la efectividad de la plataforma.<\/li>\n<\/ul>\n\n\n\n<h2 class=\"wp-block-heading\">Resultados esperados de Alteryx Consulting de SIS<\/h2>\n\n\n\n<p>Participar en la consultor\u00eda de Alteryx con SIS International puede generar varios resultados esperados para las empresas:<\/p>\n\n\n\n<ul class=\"wp-block-list\">\n<li><strong>Eficiencia mejorada del an\u00e1lisis de datos:<\/strong> Los servicios de consultor\u00eda Alteryx de SIS International agilizan los procesos de an\u00e1lisis de datos, permitiendo a las empresas analizar grandes vol\u00famenes de datos de manera m\u00e1s eficiente. Al automatizar las tareas manuales y optimizar los flujos de trabajo, las empresas pueden reducir el tiempo y el esfuerzo necesarios para el an\u00e1lisis de datos, liberando recursos para otras actividades estrat\u00e9gicas.<\/li>\n\n\n\n<li><strong>Toma de decisiones mejorada:<\/strong> Con los servicios de soporte Alteryx de SIS International, las empresas obtienen acceso a capacidades de an\u00e1lisis avanzado que les permiten tomar decisiones m\u00e1s informadas y basadas en datos. Al aprovechar las herramientas de aprendizaje autom\u00e1tico y modelado predictivo de Alteryx, las empresas pueden descubrir informaci\u00f3n valiosa a partir de sus datos, lo que les permite identificar tendencias, predecir resultados y tomar decisiones estrat\u00e9gicas con confianza.<\/li>\n\n\n\n<li><strong>Ahorro de Costos y Optimizaci\u00f3n de Recursos:<\/strong> Los servicios de optimizaci\u00f3n Alteryx de SIS ayudan a las empresas a optimizar sus procesos de datos y mejorar la eficiencia operativa, lo que genera ahorros de costos. Al automatizar tareas repetitivas, reducir errores y mejorar la productividad, las empresas pueden reducir los costos operativos y asignar recursos de manera m\u00e1s efectiva, maximizando el retorno de la inversi\u00f3n.<\/li>\n\n\n\n<li><strong>Ventaja competitiva mejorada:<\/strong> Al aprovechar los servicios de consultor\u00eda Alteryx de SIS International, las empresas obtienen una ventaja competitiva en sus respectivos mercados. Al aprovechar el poder del an\u00e1lisis de datos, las empresas pueden obtener informaci\u00f3n sobre las tendencias del mercado, el comportamiento de los clientes y la din\u00e1mica competitiva, lo que les permite identificar oportunidades y diferenciarse de la competencia.<\/li>\n\n\n\n<li><strong>Escalabilidad y flexibilidad:<\/strong> SIS International&#8217;s consulting services provide businesses with scalability and flexibility to adapt to changing business needs and evolving data requirements. Whether businesses analyze large volumes of data or expand into new markets, SIS International&#8217;s consultants help businesses scale their analytics capabilities and ensure they remain <a href=\"https:\/\/www.sisinternational.com\/es\/soluciones\/innovacion\/investigacion-de-mercado-agil\/\" title=\"Investigaci\u00f3n de mercado \u00e1gil\"  data-wpil-monitor-id=\"8969\">agile and responsive to market<\/a> demands.<\/li>\n<\/ul>\n\n\n\n<h2 class=\"wp-block-heading\">Oportunidades<\/h2>\n\n\n\n<p>Las empresas pueden aprovechar varias oportunidades aprovechando los servicios de consultor\u00eda de Alteryx. Estas oportunidades incluyen:<\/p>\n\n\n\n<ul class=\"wp-block-list\">\n<li><strong>Optimizaci\u00f3n y Automatizaci\u00f3n de Procesos:<\/strong> La consultor\u00eda ayuda a las empresas a optimizar sus procesos de datos y automatizar tareas repetitivas, mejorando la eficiencia y la productividad. Las empresas pueden ahorrar tiempo y recursos al automatizar los flujos de trabajo de preparaci\u00f3n, an\u00e1lisis y generaci\u00f3n de informes de datos, lo que permite a los empleados centrarse en iniciativas m\u00e1s estrat\u00e9gicas.<\/li>\n\n\n\n<li><strong>Eficiencia operativa y ahorro de costos:<\/strong> El asesoramiento de Alteryx ayuda a las empresas a mejorar la eficiencia operativa y reducir los costos al optimizar los procesos de datos y automatizar las tareas manuales. Optimizar los flujos de trabajo y eliminar ineficiencias puede reducir los costos operativos, aumentar la productividad y mejorar el rendimiento empresarial general.<\/li>\n\n\n\n<li><strong>Ventaja Competitiva e Innovaci\u00f3n:<\/strong> By leveraging consulting services, businesses can gain a competitive advantage in their respective <a href=\"https:\/\/www.sisinternational.com\/es\/pericia\/industrias\/investigacion-de-mercado-de-energia-del-carbon\/\" title=\"Investigaci\u00f3n de mercado de energ\u00eda del carb\u00f3n\"  data-wpil-monitor-id=\"8978\">markets by harnessing the power<\/a> of data analytics to drive innovation and differentiation. By adopting advanced analytics techniques and staying ahead of emerging trends, businesses can innovate new products and services, enter new markets, and outperform competitors.<\/li>\n<\/ul>\n\n\n\n<h2 class=\"wp-block-heading\">C\u00f3mo la consultor\u00eda de SIS International ayuda a las empresas<\/h2>\n\n\n\n<p>SIS International ofrece servicios integrales de consultor\u00eda de Alteryx dise\u00f1ados para satisfacer las necesidades y objetivos \u00fanicos de las empresas en diversas industrias. As\u00ed es como los servicios de consultor\u00eda Alteryx de SIS International pueden ayudar a las empresas:<\/p>\n\n\n\n<ul class=\"wp-block-list\">\n<li><strong>Conocimientos y experiencia:<\/strong> SIS International&#8217;s team of experienced <a href=\"https:\/\/www.sisinternational.com\/es\/pericia\/industrias\/consultoria-de-analisis-de-ciencia-de-datos\/\" title=\"Consultor\u00eda en ciencia de datos y an\u00e1lisis\"  data-wpil-monitor-id=\"8971\">consultants brings deep expertise in data analytics<\/a>, business intelligence, and Alteryx platform to help businesses leverage advanced analytics capabilities effectively. With extensive experience across industries and business functions, SIS International consultants provide valuable insights and best practices to guide businesses through the analytics lifecycle.<\/li>\n\n\n\n<li><strong>Soluciones personalizadas:<\/strong> SIS trabaja en estrecha colaboraci\u00f3n con las empresas para comprender sus objetivos, desaf\u00edos y requisitos espec\u00edficos, desarrollando soluciones personalizadas adaptadas a sus necesidades \u00fanicas. Ya sea que las empresas busquen optimizar procesos de datos, realizar an\u00e1lisis avanzados o automatizar flujos de trabajo, nuestros consultores dise\u00f1an soluciones que abordan sus casos de uso espec\u00edficos y brindan resultados mensurables.<\/li>\n\n\n\n<li><strong>Soporte de extremo a extremo:<\/strong> Ofrecemos soporte de extremo a extremo durante todo el compromiso de consultor\u00eda de Alteryx, desde la evaluaci\u00f3n y planificaci\u00f3n inicial hasta la implementaci\u00f3n, la capacitaci\u00f3n y el soporte continuo. Los consultores trabajan en estrecha colaboraci\u00f3n con las empresas para garantizar una transici\u00f3n fluida al uso de Alteryx para an\u00e1lisis de datos, brindando capacitaci\u00f3n, orientaci\u00f3n y asistencia para la resoluci\u00f3n de problemas seg\u00fan sea necesario.<\/li>\n\n\n\n<li><strong>Asociaci\u00f3n estrat\u00e9gica:<\/strong> SIS International es un socio estrat\u00e9gico para las empresas, que les brinda apoyo y orientaci\u00f3n continuos para ayudarlas a alcanzar sus objetivos de an\u00e1lisis de datos. Los consultores colaboran estrechamente con las partes interesadas del negocio para alinear las iniciativas de an\u00e1lisis con los objetivos estrat\u00e9gicos, identificar oportunidades de mejora e impulsar la innovaci\u00f3n y la optimizaci\u00f3n continuas.<\/li>\n\n\n\n<li><strong>Enfoque basado en resultados:<\/strong> SIS adopta un enfoque de consultor\u00eda basado en resultados, centr\u00e1ndose en ofrecer resultados tangibles y un retorno de la inversi\u00f3n medible para las empresas. Los consultores definen objetivos claros, establecen KPI y realizan un seguimiento del progreso a lo largo del compromiso, garantizando que las empresas obtengan el m\u00e1ximo valor de su inversi\u00f3n en an\u00e1lisis de datos.<\/li>\n<\/ul>\n\n\n\n<p><\/p>","protected":false},"excerpt":{"rendered":"<p>Alteryx Consulting utiliza la plataforma Alteryx para brindar a las empresas capacidades avanzadas de an\u00e1lisis, preparaci\u00f3n de datos y automatizaci\u00f3n.<\/p>","protected":false},"author":1,"featured_media":62549,"parent":14514,"menu_order":432,"comment_status":"closed","ping_status":"closed","template":"","meta":{"footnotes":""},"class_list":["post-47074","page","type-page","status-publish","has-post-thumbnail"],"_links":{"self":[{"href":"https:\/\/www.sisinternational.com\/es\/wp-json\/wp\/v2\/pages\/47074","targetHints":{"allow":["GET"]}}],"collection":[{"href":"https:\/\/www.sisinternational.com\/es\/wp-json\/wp\/v2\/pages"}],"about":[{"href":"https:\/\/www.sisinternational.com\/es\/wp-json\/wp\/v2\/types\/page"}],"author":[{"embeddable":true,"href":"https:\/\/www.sisinternational.com\/es\/wp-json\/wp\/v2\/users\/1"}],"replies":[{"embeddable":true,"href":"https:\/\/www.sisinternational.com\/es\/wp-json\/wp\/v2\/comments?post=47074"}],"version-history":[{"count":6,"href":"https:\/\/www.sisinternational.com\/es\/wp-json\/wp\/v2\/pages\/47074\/revisions"}],"predecessor-version":[{"id":81503,"href":"https:\/\/www.sisinternational.com\/es\/wp-json\/wp\/v2\/pages\/47074\/revisions\/81503"}],"up":[{"embeddable":true,"href":"https:\/\/www.sisinternational.com\/es\/wp-json\/wp\/v2\/pages\/14514"}],"wp:featuredmedia":[{"embeddable":true,"href":"https:\/\/www.sisinternational.com\/es\/wp-json\/wp\/v2\/media\/62549"}],"wp:attachment":[{"href":"https:\/\/www.sisinternational.com\/es\/wp-json\/wp\/v2\/media?parent=47074"}],"curies":[{"name":"wp","href":"https:\/\/api.w.org\/{rel}","templated":true}]}}