{"id":46995,"date":"2024-03-20T00:26:29","date_gmt":"2024-03-20T04:26:29","guid":{"rendered":"https:\/\/www.sisinternational.com\/?page_id=46995"},"modified":"2026-01-26T18:57:32","modified_gmt":"2026-01-26T23:57:32","slug":"investigacion-de-mercado-de-plataformas-de-automoviles-en-linea","status":"publish","type":"page","link":"https:\/\/www.sisinternational.com\/es\/pericia\/investigacion-de-mercado-de-plataformas-de-automoviles-en-linea\/","title":{"rendered":"Investigaci\u00f3n de mercado de plataformas de autom\u00f3viles en l\u00ednea"},"content":{"rendered":"<h1 class=\"wp-block-heading\">Investigaci\u00f3n de mercado de plataformas de autom\u00f3viles en l\u00ednea<\/h1>\n\n\n\n<figure class=\"gb-block-image gb-block-image-b8c5adb6\"><img loading=\"lazy\" decoding=\"async\" width=\"1456\" height=\"816\" class=\"gb-image gb-image-b8c5adb6\" src=\"https:\/\/www.sisinternational.com\/wp-content\/uploads\/2025\/09\/Car-show-car-clinic-5.jpg\" alt=\"Investigaci\u00f3n y estrategia de mercado internacional de SIS\" title=\"Car show car clinic (5)\" srcset=\"https:\/\/www.sisinternational.com\/wp-content\/uploads\/2025\/09\/Car-show-car-clinic-5.jpg 1456w, https:\/\/www.sisinternational.com\/wp-content\/uploads\/2025\/09\/Car-show-car-clinic-5-300x168.jpg 300w, https:\/\/www.sisinternational.com\/wp-content\/uploads\/2025\/09\/Car-show-car-clinic-5-1024x574.jpg 1024w, https:\/\/www.sisinternational.com\/wp-content\/uploads\/2025\/09\/Car-show-car-clinic-5-768x430.jpg 768w, https:\/\/www.sisinternational.com\/wp-content\/uploads\/2025\/09\/Car-show-car-clinic-5-18x10.jpg 18w\" sizes=\"auto, (max-width: 1456px) 100vw, 1456px\"><\/figure>\n\n\n\n<p><\/p>\n\n\n\n<hr class=\"wp-block-separator has-alpha-channel-opacity is-style-dots\"\/>\n\n\n\n<p>La revoluci\u00f3n digital ha ampliado el alcance del mercado para las empresas automotrices y ha brindado a los consumidores un acceso sin precedentes a muchas opciones, todas al alcance de su mano... Pero, \u00bfqu\u00e9 impulsa a este sector floreciente y c\u00f3mo est\u00e1n aprovechando las empresas las plataformas de autom\u00f3viles en l\u00ednea para adelantarse a la competencia? La investigaci\u00f3n de mercado de plataformas de autom\u00f3viles en l\u00ednea permite a las empresas comprender los factores de \u00e9xito y las expectativas de los clientes para impulsar el crecimiento y la rentabilidad.<\/p>\n\n\n\n<h2 class=\"wp-block-heading\">What is Online car platform market research?<\/h2>\n\n\n\n<p>La investigaci\u00f3n de mercado de plataformas de autom\u00f3viles en l\u00ednea ayuda a las empresas a comprender la din\u00e1mica de este mercado digital, brindando informaci\u00f3n sobre las preferencias de los consumidores, las tendencias del mercado y los panoramas competitivos.<\/p>\n\n\n\n<p>It enables businesses to tap into a wealth of data about consumer behavior, preferences, and purchasing patterns. Moreover, this <a class=\"wpil_keyword_link\" href=\"https:\/\/www.sisinternational.com\/es\/home-2\/\"   title=\"Home Mock up for Ruth\" data-wpil-keyword-link=\"linked\"  data-wpil-monitor-id=\"559\">investigaci\u00f3n de mercado<\/a> assists businesses in understanding the effectiveness of their digital marketing strategies to gauge the impact of advertising campaigns, promotional offers, and other marketing tactics.<\/p>\n\n\n\n<h2 class=\"wp-block-heading\">What are the benefits of Online car platform market research?<\/h2>\n\n\n\n<p>The benefits of conducting online <a href=\"https:\/\/www.sisinternational.com\/es\/investigacion_del_mercado_del_automovil_conectado\/\" title=\"Investigaci\u00f3n de mercado de autom\u00f3viles conectados\"  data-wpil-monitor-id=\"2046\">car platform market research<\/a> in this innovative sector are numerous, extending beyond simple consumer insights to drive strategic decision-making and competitive advantage.<\/p>\n\n\n\n<ul class=\"wp-block-list\">\n<li><a href=\"https:\/\/www.sisinternational.com\/es\/pericia\/industrias\/investigacion-de-mercado-de-entrega-de-alimentos-en-linea\/\" title=\"Investigaci\u00f3n de mercado de entrega de alimentos en l\u00ednea\"  data-wpil-monitor-id=\"5675\">Online car platform market research<\/a> provides invaluable data that helps businesses understand the market landscape, consumer preferences, and emerging trends. This insight is crucial for developing a platform that meets and exceeds consumer expectations, ensuring a seamless and engaging user experience.<\/li>\n\n\n\n<li>Proporciona la capacidad de identificar y capitalizar oportunidades de mercado. En el acelerado mundo digital, las tendencias pueden surgir y evolucionar r\u00e1pidamente. Este an\u00e1lisis de mercado mantiene a las empresas a la vanguardia de la innovaci\u00f3n, permiti\u00e9ndoles detectar y explotar nuevas tendencias antes que sus competidores.<\/li>\n\n\n\n<li>En un mercado abarrotado, destacar es primordial. Los conocimientos de la investigaci\u00f3n de mercado pueden informar propuestas de valor \u00fanicas que diferencian la plataforma de sus competidores.<\/li>\n\n\n\n<li><a href=\"https:\/\/www.sisinternational.com\/es\/pericia\/industrias\/investigacion-de-mercado-de-aplicaciones-de-citas-online\/\" title=\"Investigaci\u00f3n de mercado de aplicaciones de citas online\"  data-wpil-monitor-id=\"5930\">Online car platform market research<\/a> facilitates continuous improvement. Regular <a href=\"https:\/\/www.sisinternational.com\/es\/soluciones\/innovacion\/investigacion-de-mercado-agil\/\" title=\"Investigaci\u00f3n de mercado \u00e1gil\"  data-wpil-monitor-id=\"6119\">market research enables businesses to stay agile<\/a>, adapting to new technologies, changing consumer behaviors, and market dynamics.<\/li>\n<\/ul>\n\n\n\n<h2 class=\"wp-block-heading\">Competitors in this market<\/h2>\n\n\n\n<figure class=\"gb-block-image gb-block-image-dfdb7dc0\"><img loading=\"lazy\" decoding=\"async\" width=\"1456\" height=\"816\" class=\"gb-image gb-image-dfdb7dc0\" src=\"https:\/\/www.sisinternational.com\/wp-content\/uploads\/2025\/09\/Car-show-car-clinic-8.jpg\" alt=\"Investigaci\u00f3n y estrategia de mercado internacional de SIS\" title=\"Car show car clinic (8)\" srcset=\"https:\/\/www.sisinternational.com\/wp-content\/uploads\/2025\/09\/Car-show-car-clinic-8.jpg 1456w, https:\/\/www.sisinternational.com\/wp-content\/uploads\/2025\/09\/Car-show-car-clinic-8-300x168.jpg 300w, https:\/\/www.sisinternational.com\/wp-content\/uploads\/2025\/09\/Car-show-car-clinic-8-1024x574.jpg 1024w, https:\/\/www.sisinternational.com\/wp-content\/uploads\/2025\/09\/Car-show-car-clinic-8-768x430.jpg 768w, https:\/\/www.sisinternational.com\/wp-content\/uploads\/2025\/09\/Car-show-car-clinic-8-18x10.jpg 18w\" sizes=\"auto, (max-width: 1456px) 100vw, 1456px\"><\/figure>\n\n\n\n<p><\/p>\n\n\n\n<p>El mercado de plataformas para autom\u00f3viles en l\u00ednea es un panorama din\u00e1mico y competitivo que presenta una combinaci\u00f3n de gigantes establecidos y reci\u00e9n llegados innovadores. Comprender qui\u00e9nes son los principales actores proporciona informaci\u00f3n sobre la din\u00e1mica competitiva y las tendencias de innovaci\u00f3n de la industria.<\/p>\n\n\n\n<ul class=\"wp-block-list\">\n<li>AutoTrader, una veterana plataforma de compra y venta de autom\u00f3viles online que lleva a\u00f1os adapt\u00e1ndose y evolucionando con las necesidades de los consumidores y los avances tecnol\u00f3gicos. Sus listados completos de veh\u00edculos, rese\u00f1as detalladas de autom\u00f3viles y su interfaz f\u00e1cil de usar lo convierten en un recurso de referencia tanto para compradores como para vendedores.<\/li>\n\n\n\n<li>CarGurus adopta un enfoque basado en datos para el mercado de autom\u00f3viles en l\u00ednea, ofreciendo an\u00e1lisis detallados y herramientas de precios para ayudar a los usuarios a encontrar las mejores ofertas. Su \u00e9nfasis en la transparencia y el valor para compradores y vendedores lo distingue en el concurrido espacio automotriz en l\u00ednea.<\/li>\n\n\n\n<li>Cars.com is another significant player, known for its extensive listings and powerful search tools that cater to a wide range of consumer preferences. Its investment in mobile technology and digital marketing tools has solidified its presence among tech-savvy <a href=\"https:\/\/www.sisinternational.com\/es\/pericia\/industrias\/investigacion-de-mercado-de-intencion-del-comprador\/\" title=\"Investigaci\u00f3n de mercado de intenci\u00f3n del comprador\"  data-wpil-monitor-id=\"7178\">car<\/a> buyers and sellers.<\/li>\n\n\n\n<li>Bring a Trailer se ha hecho un hueco al atender a entusiastas y coleccionistas, ofreciendo una selecci\u00f3n curada de veh\u00edculos raros, antiguos y de alta gama, acompa\u00f1ados por una comunidad apasionada de usuarios.<\/li>\n\n\n\n<li>Carvana ha interrumpido el proceso tradicional de compra de autom\u00f3viles al ofrecer una experiencia de compra completamente en l\u00ednea, con entrega a domicilio. Su uso innovador de lugares de recogida estilo m\u00e1quina expendedora y la experiencia del cliente lo destacan como una opci\u00f3n popular entre los consumidores m\u00e1s j\u00f3venes y que priorizan lo digital.<\/li>\n<\/ul>\n\n\n\n<h2 class=\"wp-block-heading\">What Makes SIS International a Top Online Car Platform Market Research Provider?<\/h2>\n\n\n\n<p>In the fast-paced and competitive world of online car platforms, SIS International offers comprehensive online car <a href=\"https:\/\/www.sisinternational.com\/es\/pericia\/industrias\/investigacion-de-mercado-automotriz\/clinicas-de-coches-estaticas-y-dinamicas\/\" title=\"Market Research Methods for Automotive Research &#8211; Static vs Dynamic Car Clinics\"  data-wpil-monitor-id=\"1543\">platform market research<\/a> services that empower businesses to navigate the complexities of the digital automotive marketplace confidently. By leveraging deep industry expertise and cutting-edge analytical tools, SIS provides actionable insights that help businesses make informed strategic decisions, optimize their offerings, and achieve sustainable growth.<\/p>\n\n\n\n<ul class=\"wp-block-list\">\n<li><strong>Toma de decisiones estrat\u00e9gicas:<\/strong> La investigaci\u00f3n de mercado de SIS International brinda a las empresas una comprensi\u00f3n profunda del mercado de plataformas de autom\u00f3viles en l\u00ednea, incluidos los comportamientos, preferencias y tendencias emergentes de los consumidores. Esta valiosa informaci\u00f3n respalda la toma de decisiones estrat\u00e9gicas, lo que permite a las empresas alinear el desarrollo de productos, las estrategias de marketing y los modelos de negocio con las demandas y oportunidades del mercado.<\/li>\n\n\n\n<li><strong>An\u00e1lisis competitivo:<\/strong> SIS proporciona an\u00e1lisis detallados de los competidores, incluidas sus fortalezas, debilidades, posicionamiento en el mercado y estrategias. Permite a las empresas identificar propuestas de valor \u00fanicas, diferenciarse de la competencia y hacerse con cuota de mercado.<\/li>\n\n\n\n<li><strong>Innovaci\u00f3n y desarrollo de productos:<\/strong> La investigaci\u00f3n de mercado de plataformas para autom\u00f3viles en l\u00ednea de SIS identifica estas tendencias de manera temprana, proporcionando a las empresas una base para la innovaci\u00f3n y el desarrollo de productos. Este enfoque con visi\u00f3n de futuro garantiza que las empresas se mantengan a la vanguardia, ofreciendo caracter\u00edsticas y servicios de vanguardia que satisfagan las necesidades futuras de los consumidores.<\/li>\n\n\n\n<li><strong>Marketing y Posicionamiento de Marca:<\/strong> El marketing y el posicionamiento de marca eficaces son clave para atraer y retener usuarios en las plataformas de autom\u00f3viles en l\u00ednea. Los consultores de SIS descubren informaci\u00f3n sobre los canales, mensajes y estrategias de marketing m\u00e1s eficaces, ayudando a las empresas a dise\u00f1ar campa\u00f1as espec\u00edficas que resuenen con su audiencia y construyan una marca s\u00f3lida y reconocible.<\/li>\n<\/ul>\n\n\n\n<h2 class=\"wp-block-heading\">Nuestra ubicaci\u00f3n de instalaciones en Nueva York<\/h2>\n\n\n\n<p>\n\n\n\n<iframe loading=\"lazy\" src=\"https:\/\/www.google.com\/maps\/embed?pb=!1m18!1m12!1m3!1d3022.976188376966!2d-73.99130312499956!3d40.740549471389315!2m3!1f0!2f0!3f0!3m2!1i1024!2i768!4f13.1!3m3!1m2!1s0x89c259a15798c731%3A0xd695d09bdd495f25!2s11%20E%2022nd%20St%20FL%202%2C%20New%20York%2C%20NY%2010010%2C%20USA!5e0!3m2!1sen!2spe!4v1726171763526!5m2!1sen!2spe\" width=\"600\" height=\"450\" allowfullscreen=\"allowfullscreen\" data-mce-fragment=\"1\"><\/iframe>\n\n\n\n<\/p>\n\n\n\n<h3 class=\"wp-block-heading\">11 E 22nd Street, piso 2, Nueva York, NY 10010 T: +1(212) 505-6805<\/h3>\n\n\n\n<hr class=\"wp-block-separator has-alpha-channel-opacity\"\/>\n\n\n\n<h2 class=\"wp-block-heading\"><span style=\"font-weight: 400;\">Acerca de SIS Internacional<\/span><\/h2>\n\n\n\n<p><a href=\"https:\/\/www.sisinternational.com\/es\/\"><span style=\"font-weight: 400;\">SIS Internacional<\/span><\/a><span style=\"font-weight: 400;\"> ofrece investigaci\u00f3n cuantitativa, cualitativa y estrat\u00e9gica. Proporcionamos datos, herramientas, estrategias, informes y conocimientos para la toma de decisiones. Tambi\u00e9n realizamos entrevistas, encuestas, grupos focales y otros m\u00e9todos y enfoques de investigaci\u00f3n de mercado.<\/span><a href=\"https:\/\/www.sisinternational.com\/es\/sobre-la-investigacion-internacional-de-sis\/contact-sis-international-market-research\/\"><span style=\"font-weight: 400;\"> P\u00f3ngase en contacto con nosotros<\/span><\/a><span style=\"font-weight: 400;\"> para su pr\u00f3ximo proyecto de Investigaci\u00f3n de Mercado.<\/span><\/p>\n\n\n\n<p><\/p>","protected":false},"excerpt":{"rendered":"<p>La investigaci\u00f3n de mercado de plataformas de autom\u00f3viles en l\u00ednea ayuda a las empresas automotrices a comprender el mercado digital al brindar informaci\u00f3n y tendencias de los consumidores.<\/p>","protected":false},"author":1,"featured_media":66809,"parent":14514,"menu_order":430,"comment_status":"closed","ping_status":"closed","template":"","meta":{"footnotes":""},"class_list":["post-46995","page","type-page","status-publish","has-post-thumbnail"],"_links":{"self":[{"href":"https:\/\/www.sisinternational.com\/es\/wp-json\/wp\/v2\/pages\/46995","targetHints":{"allow":["GET"]}}],"collection":[{"href":"https:\/\/www.sisinternational.com\/es\/wp-json\/wp\/v2\/pages"}],"about":[{"href":"https:\/\/www.sisinternational.com\/es\/wp-json\/wp\/v2\/types\/page"}],"author":[{"embeddable":true,"href":"https:\/\/www.sisinternational.com\/es\/wp-json\/wp\/v2\/users\/1"}],"replies":[{"embeddable":true,"href":"https:\/\/www.sisinternational.com\/es\/wp-json\/wp\/v2\/comments?post=46995"}],"version-history":[{"count":15,"href":"https:\/\/www.sisinternational.com\/es\/wp-json\/wp\/v2\/pages\/46995\/revisions"}],"predecessor-version":[{"id":80740,"href":"https:\/\/www.sisinternational.com\/es\/wp-json\/wp\/v2\/pages\/46995\/revisions\/80740"}],"up":[{"embeddable":true,"href":"https:\/\/www.sisinternational.com\/es\/wp-json\/wp\/v2\/pages\/14514"}],"wp:featuredmedia":[{"embeddable":true,"href":"https:\/\/www.sisinternational.com\/es\/wp-json\/wp\/v2\/media\/66809"}],"wp:attachment":[{"href":"https:\/\/www.sisinternational.com\/es\/wp-json\/wp\/v2\/media?parent=46995"}],"curies":[{"name":"wp","href":"https:\/\/api.w.org\/{rel}","templated":true}]}}