{"id":46984,"date":"2024-03-19T23:46:56","date_gmt":"2024-03-20T03:46:56","guid":{"rendered":"https:\/\/www.sisinternational.com\/?page_id=46984"},"modified":"2026-01-27T16:44:16","modified_gmt":"2026-01-27T21:44:16","slug":"consultoria-de-investigacion-de-mercado-de-sistemas-de-propulsion","status":"publish","type":"page","link":"https:\/\/www.sisinternational.com\/es\/pericia\/consultoria-de-investigacion-de-mercado-de-sistemas-de-propulsion\/","title":{"rendered":"Investigaci\u00f3n y consultor\u00eda de mercado de trenes motrices"},"content":{"rendered":"<h1 class=\"wp-block-heading\">Investigaci\u00f3n y consultor\u00eda de mercado de trenes motrices<\/h1>\n\n\n\n<figure class=\"gb-block-image gb-block-image-1ab4b53e\"><img loading=\"lazy\" decoding=\"async\" width=\"1456\" height=\"816\" class=\"gb-image gb-image-1ab4b53e\" src=\"https:\/\/www.sisinternational.com\/wp-content\/uploads\/2025\/08\/Power-train-5.jpg\" alt=\"Investigaci\u00f3n y estrategia de mercado internacional de SIS\" title=\"Power train (5)\" srcset=\"https:\/\/www.sisinternational.com\/wp-content\/uploads\/2025\/08\/Power-train-5.jpg 1456w, https:\/\/www.sisinternational.com\/wp-content\/uploads\/2025\/08\/Power-train-5-300x168.jpg 300w, https:\/\/www.sisinternational.com\/wp-content\/uploads\/2025\/08\/Power-train-5-1024x574.jpg 1024w, https:\/\/www.sisinternational.com\/wp-content\/uploads\/2025\/08\/Power-train-5-768x430.jpg 768w, https:\/\/www.sisinternational.com\/wp-content\/uploads\/2025\/08\/Power-train-5-18x10.jpg 18w\" sizes=\"auto, (max-width: 1456px) 100vw, 1456px\"><\/figure>\n\n\n\n<hr class=\"wp-block-separator has-alpha-channel-opacity is-style-dots\"\/>\n\n\n\n<p>En un panorama automotriz cambiante, donde las regulaciones ambientales y las preferencias de los consumidores conducen a un cambio significativo hacia la electrificaci\u00f3n, la investigaci\u00f3n y la consultor\u00eda de mercado de sistemas de propulsi\u00f3n se han convertido en herramientas indispensables.<\/p>\n\n\n\n<h2 class=\"wp-block-heading\">What Is Powertrain market research? <\/h2>\n\n\n\n<p>La investigaci\u00f3n y la consultor\u00eda del mercado de trenes motrices ofrecen informaci\u00f3n que impulsa avances en el rendimiento de los veh\u00edculos, la eficiencia del combustible y la reducci\u00f3n de emisiones. Esta \u00e1rea especializada de investigaci\u00f3n arroja luz sobre las tendencias actuales del mercado y los avances tecnol\u00f3gicos y pronostica direcciones futuras, lo que permite a las empresas mantenerse a la vanguardia en un sector ferozmente competitivo.<\/p>\n\n\n\n<h2 class=\"wp-block-heading\">\u00bfPor qu\u00e9 es importante? <\/h2>\n\n\n\n<p>Powertrain <a class=\"wpil_keyword_link\" href=\"https:\/\/www.sisinternational.com\/es\/publicaciones\/\"   title=\"Publicaciones\" data-wpil-keyword-link=\"linked\"  data-wpil-monitor-id=\"565\">investigaci\u00f3n de mercado<\/a> and consulting comprehensively analyze the components that drive the automotive industry forward. This includes engines, transmissions, electric motors, batteries, and the software that controls these elements.<\/p>\n\n\n\n<p>Furthermore, this market research and consulting facilitate a deeper understanding of the competitive dynamics within the <a href=\"https:\/\/www.sisinternational.com\/es\/mercado-mundial-de-sensores-automotrices\/\" title=\"Investigaci\u00f3n de mercado de sensores automotrices\"  data-wpil-monitor-id=\"7532\">automotor<\/a> industry. Through analysis of market leaders, emerging players, and technological innovations, businesses can benchmark their offerings and identify opportunities for differentiation and growth.<\/p>\n\n\n\n<p>Additionally, powertrain market research and consulting help businesses develop powertrain solutions that meet consumer demands. Insights into consumer trends enable companies to prioritize research and development efforts, ensuring their products resonate with market expectations and drive sales. It also allows businesses to keep pace with these technological changes, identifying opportunities for innovation and differentiation. <\/p>\n\n\n\n<h2 class=\"wp-block-heading\">Its Benefits<\/h2>\n\n\n\n<p>Participar en investigaci\u00f3n y consultor\u00eda de mercado de sistemas de propulsi\u00f3n ofrece a las empresas del sector automotriz una ventaja competitiva, lo que les permite navegar con confianza en un panorama que cambia r\u00e1pidamente. Los conocimientos adquiridos a partir de esta investigaci\u00f3n especializada proporcionan una base s\u00f3lida para la toma de decisiones estrat\u00e9gicas, impulsando la innovaci\u00f3n y fomentando el crecimiento sostenible.<\/p>\n\n\n\n<ul class=\"wp-block-list\">\n<li><strong>Toma de decisiones estrat\u00e9gicas mejorada:<\/strong> La investigaci\u00f3n y la consultor\u00eda del mercado de trenes motrices brindan a los tomadores de decisiones informaci\u00f3n basada en datos sobre las tendencias actuales y futuras de la industria automotriz. Esta comprensi\u00f3n integral facilita el desarrollo de estrategias informadas que se alinean con las demandas cambiantes del mercado, los avances tecnol\u00f3gicos y los marcos regulatorios.<\/li>\n\n\n\n<li><strong>Innovaci\u00f3n y desarrollo de productos:<\/strong> Esta investigaci\u00f3n de mercado identifica tecnolog\u00edas emergentes y preferencias de los consumidores, guiando el desarrollo de soluciones de sistemas de propulsi\u00f3n nuevas y mejoradas que cumplan o superen las expectativas del mercado.<\/li>\n\n\n\n<li><strong>Posicionamiento en el mercado y ventaja competitiva:<\/strong> La investigaci\u00f3n y la consultor\u00eda de mercado ofrecen an\u00e1lisis detallados de los competidores, incluidas sus fortalezas, debilidades y movimientos estrat\u00e9gicos. Esta inteligencia permite a las empresas identificar puntos de venta \u00fanicos y desarrollar estrategias de posicionamiento que destaquen sus ventajas, mejorando su posici\u00f3n competitiva en el mercado.<\/li>\n\n\n\n<li><strong>Identificaci\u00f3n de oportunidades de asociaci\u00f3n y colaboraci\u00f3n:<\/strong> La colaboraci\u00f3n se vuelve cada vez m\u00e1s importante a medida que la industria automotriz avanza hacia la electrificaci\u00f3n y las soluciones de movilidad inteligente. La investigaci\u00f3n y la consultor\u00eda de mercado de trenes motrices pueden descubrir posibles oportunidades de asociaci\u00f3n con proveedores de tecnolog\u00eda, proveedores e instituciones de investigaci\u00f3n.<\/li>\n<\/ul>\n\n\n\n<h2 class=\"wp-block-heading\">When to Conduct Powertrain Market Research <\/h2>\n\n\n\n<p>Para las empresas de la industria automotriz, comprender el momento \u00f3ptimo para realizar investigaciones y consultor\u00eda de mercado de sistemas de propulsi\u00f3n es crucial para aprovechar todos sus beneficios. Este momento estrat\u00e9gico puede influir significativamente en los ciclos de desarrollo de productos, las estrategias de entrada al mercado y el posicionamiento competitivo.<\/p>\n\n\n\n<ul class=\"wp-block-list\">\n<li><strong>Antes del desarrollo de nuevos productos:<\/strong> Before developing a new powertrain system or component, conducting market research is essential. This early-stage <a href=\"https:\/\/www.sisinternational.com\/es\/analisis-de-la-industria-textil\/\" title=\"Investigaci\u00f3n de Mercado Textil\"  data-wpil-monitor-id=\"2071\">research helps identify current market<\/a> needs, emerging trends, and potential technological advancements.<\/li>\n\n\n\n<li><strong>En respuesta a los cambios tecnol\u00f3gicos:<\/strong> El sector de los sistemas de propulsi\u00f3n del autom\u00f3vil est\u00e1 sujeto a r\u00e1pidos cambios tecnol\u00f3gicos, como el cambio hacia la electrificaci\u00f3n y la hibridaci\u00f3n. Las empresas deben realizar investigaciones de mercado cuando se produzcan cambios tecnol\u00f3gicos importantes para evaluar el impacto en sus l\u00edneas de productos e identificar oportunidades de innovaci\u00f3n.<\/li>\n\n\n\n<li><strong>Siguientes cambios regulatorios:<\/strong> Los cambios regulatorios, particularmente aquellos relacionados con las emisiones y los est\u00e1ndares de eficiencia del combustible, impactan significativamente las tecnolog\u00edas de los sistemas de propulsi\u00f3n. Las empresas deben realizar investigaciones de mercado y consultor\u00eda despu\u00e9s de dichos cambios para comprender sus implicaciones y ajustar sus estrategias de productos en consecuencia.<\/li>\n<\/ul>\n\n\n\n<h2 class=\"wp-block-heading\">The SIS Advantage<\/h2>\n\n\n\n<p>Cuando las empresas colaboran con SIS International para realizar investigaciones y consultor\u00eda sobre el mercado de sistemas de propulsi\u00f3n, pueden anticipar una variedad de resultados estrat\u00e9gicos que refuerzan su posici\u00f3n dentro de la industria automotriz. Estos resultados est\u00e1n dise\u00f1ados no s\u00f3lo para abordar los desaf\u00edos inmediatos del mercado sino tambi\u00e9n para aprovechar las oportunidades a largo plazo. Esto es lo que las empresas pueden esperar:<\/p>\n\n\n\n<figure class=\"gb-block-image gb-block-image-c66fc5a8\"><img loading=\"lazy\" decoding=\"async\" width=\"1456\" height=\"816\" class=\"gb-image gb-image-c66fc5a8\" src=\"https:\/\/www.sisinternational.com\/wp-content\/uploads\/2025\/08\/Power-train-2.jpg\" alt=\"Investigaci\u00f3n y estrategia de mercado internacional de SIS\" title=\"Power train (2)\" srcset=\"https:\/\/www.sisinternational.com\/wp-content\/uploads\/2025\/08\/Power-train-2.jpg 1456w, https:\/\/www.sisinternational.com\/wp-content\/uploads\/2025\/08\/Power-train-2-300x168.jpg 300w, https:\/\/www.sisinternational.com\/wp-content\/uploads\/2025\/08\/Power-train-2-1024x574.jpg 1024w, https:\/\/www.sisinternational.com\/wp-content\/uploads\/2025\/08\/Power-train-2-768x430.jpg 768w, https:\/\/www.sisinternational.com\/wp-content\/uploads\/2025\/08\/Power-train-2-18x10.jpg 18w\" sizes=\"auto, (max-width: 1456px) 100vw, 1456px\"><\/figure>\n\n\n\n<p><\/p>\n\n\n\n<ul class=\"wp-block-list\">\n<li><strong>Comprehensive <\/strong><a href=\"https:\/\/www.sisinternational.com\/es\/transporte-en-ambulancia\/\" title=\"Investigaci\u00f3n de mercado de transporte de ambulancias\"  data-wpil-monitor-id=\"2088\">Market Insights: SIS\u2019s research<\/a> provides an extensive analysis of the powertrain market, covering trends, consumer preferences, technological advancements, and regulatory landscapes. This depth of insight ensures businesses have a holistic understanding of the environment in which they operate, allowing for more nuanced and informed strategic planning.<\/li>\n\n\n\n<li><strong>V\u00edas de innovaci\u00f3n:<\/strong> A trav\u00e9s de investigaci\u00f3n y consultor\u00eda diligentes, SIS identifica tecnolog\u00edas e innovaciones emergentes dentro del sector del tren motriz que las empresas pueden explotar. Estos conocimientos pueden conducir al desarrollo de productos y servicios innovadores que satisfagan las demandas cambiantes del mercado y separen a las empresas de sus competidores.<\/li>\n\n\n\n<li><strong>Estrategias competitivas:<\/strong> Con el an\u00e1lisis competitivo detallado de SIS, las empresas comprenden su posici\u00f3n en relaci\u00f3n con los competidores clave, incluida informaci\u00f3n sobre las estrategias, fortalezas y debilidades de los competidores. Este conocimiento es fundamental para desarrollar estrategias diferenciadas que capitalicen fortalezas comerciales y oportunidades de mercado \u00fanicas.<\/li>\n\n\n\n<li><strong>Cumplimiento normativo:<\/strong> SIS gu\u00eda a navegar por los complejos requisitos regulatorios que afectan las tecnolog\u00edas de sistemas de propulsi\u00f3n, ayudando a las empresas a anticipar y adaptarse a los cambios regulatorios. Este enfoque proactivo garantiza el cumplimiento y reduce el riesgo de sanciones costosas o da\u00f1os a la reputaci\u00f3n.<\/li>\n\n\n\n<li><strong>Oportunidades de asociaci\u00f3n e inversi\u00f3n descubiertas:<\/strong> Por \u00faltimo, la investigaci\u00f3n de mercado de SIS puede revelar posibles asociaciones y oportunidades de inversi\u00f3n que pueden acelerar el crecimiento y la innovaci\u00f3n. Las empresas pueden buscar colaboraciones que mejoren sus ofertas y presencia en el mercado identificando empresas con tecnolog\u00edas o capacidades complementarias.<\/li>\n<\/ul>\n\n\n\n<h2 class=\"wp-block-heading\">Industrias<\/h2>\n\n\n\n<p>El sector del tren motriz es parte integral de diversas industrias, y sus avances e innovaciones dan forma al futuro de la movilidad y el transporte. A continuaci\u00f3n se muestran industrias espec\u00edficas que dependen de la investigaci\u00f3n y la consultor\u00eda del mercado de sistemas de propulsi\u00f3n para su desarrollo, competitividad y sostenibilidad.<\/p>\n\n\n\n<ul class=\"wp-block-list\">\n<li><strong>Fabricaci\u00f3n de autom\u00f3viles:<\/strong> Los fabricantes de autom\u00f3viles aprovechan los servicios de investigaci\u00f3n y consultor\u00eda para desarrollar y perfeccionar motores, transmisiones y unidades de propulsi\u00f3n el\u00e9ctrica. Empresas como Toyota, Volkswagen y Tesla buscan continuamente formas de mejorar la eficiencia del combustible, reducir las emisiones y mejorar el rendimiento, bas\u00e1ndose en conocimientos del mercado para guiar sus estrategias de desarrollo de productos.<\/li>\n\n\n\n<li><strong>Veh\u00edculos Comerciales y Maquinaria Pesada:<\/strong> Los fabricantes de veh\u00edculos comerciales y maquinaria pesada, incluidas empresas como Volvo, Caterpillar y John Deere, tambi\u00e9n dependen de los avances en la tecnolog\u00eda de sistemas de propulsi\u00f3n. Este sector se enfoca en maximizar la eficiencia, durabilidad y confiabilidad para satisfacer las rigurosas demandas de los servicios de construcci\u00f3n, agricultura y transporte.<\/li>\n\n\n\n<li><strong>Fabricantes de veh\u00edculos el\u00e9ctricos (EV) e h\u00edbridos:<\/strong> The rapid growth of the EV and hybrid <a href=\"https:\/\/www.sisinternational.com\/es\/pericia\/investigacion-de-mercado-de-productos-quimicos-a-granel\/\" title=\"Investigaci\u00f3n de mercado de productos qu\u00edmicos a granel\"  data-wpil-monitor-id=\"2123\">markets has underscored the importance of powertrain<\/a> research in developing efficient battery systems, electric motors, and integrated control software.<\/li>\n\n\n\n<li><strong>Industria aeroespacial:<\/strong> Aunque no sea evidente de inmediato, la industria aeroespacial, incluidas empresas como Boeing y Airbus, est\u00e1 explorando cada vez m\u00e1s sistemas de propulsi\u00f3n el\u00e9ctrica para aviones. La investigaci\u00f3n sobre sistemas de propulsi\u00f3n en este sector se centra en el desarrollo de motores y electr\u00f3nica de potencia livianos y de alta eficiencia que puedan satisfacer las demandas \u00fanicas de la aviaci\u00f3n.<\/li>\n\n\n\n<li><strong>Sector Marino:<\/strong> Los constructores navales y los fabricantes de sistemas de propulsi\u00f3n marina tambi\u00e9n participan en investigaciones de mercado de sistemas de propulsi\u00f3n, buscando formas de reducir el impacto ambiental del transporte mar\u00edtimo. Empresas como Rolls-Royce Marine y W\u00e4rtsil\u00e4 est\u00e1n explorando la electrificaci\u00f3n, los sistemas h\u00edbridos y los combustibles alternativos para impulsar embarcaciones comerciales y recreativas de manera m\u00e1s sostenible.<\/li>\n<\/ul>\n\n\n\n<h2 class=\"wp-block-heading\">Why SIS?<\/h2>\n\n\n\n<p>SIS proporciona informaci\u00f3n y an\u00e1lisis integrales que pueden ayudar a las empresas de las siguientes maneras:<\/p>\n\n\n\n<ul class=\"wp-block-list\">\n<li><strong>Comprensi\u00f3n del mercado:<\/strong> Los consultores de SIS International ayudan a las empresas a comprender el estado actual del mercado de sistemas de propulsi\u00f3n, incluidas las tendencias, los impulsores de la demanda y las preferencias de los clientes. Esta informaci\u00f3n es crucial para tomar decisiones informadas sobre el desarrollo de productos y las estrategias de marketing.<\/li>\n\n\n\n<li><strong>An\u00e1lisis competitivo:<\/strong> La firma proporciona informaci\u00f3n sobre el panorama competitivo, ayudando a las empresas a identificar a sus competidores clave, comprender sus estrategias y encontrar oportunidades para diferenciar sus ofertas.<\/li>\n\n\n\n<li><strong>Tendencias tecnol\u00f3gicas:<\/strong> Dado que la industria automotriz est\u00e1 experimentando cambios significativos, especialmente en electrificaci\u00f3n y tecnolog\u00edas h\u00edbridas, SIS ayuda a las empresas a mantenerse a la vanguardia mediante la identificaci\u00f3n de tecnolog\u00edas emergentes y tendencias del mercado.<\/li>\n\n\n\n<li><strong>Perspectivas regulatorias:<\/strong> Proporcionamos an\u00e1lisis de las tendencias regulatorias y su impacto en el mercado de sistemas de propulsi\u00f3n, ayudando a las empresas a navegar por el complejo entorno regulatorio y planificar el cumplimiento.<\/li>\n\n\n\n<li><strong>Desarrollo de productos:<\/strong> Los conocimientos proporcionados por nuestros expertos pueden informar las decisiones de desarrollo de productos, ayudando a las empresas a dise\u00f1ar soluciones de tren motriz que satisfagan las demandas del mercado y las expectativas de los clientes.<\/li>\n\n\n\n<li><strong>Entrada al mercado y expansi\u00f3n:<\/strong> For businesses looking to enter new markets or expand their presence, SIS International&#8217;s <a href=\"https:\/\/www.sisinternational.com\/es\/soluciones\/investigacion-de-mercado-b2b2c\/\" title=\"Estudios de mercado B2B2C\"  data-wpil-monitor-id=\"2137\">research can provide valuable insights into market<\/a> potential, entry barriers, and local competition.<\/li>\n\n\n\n<li><strong>Optimizaci\u00f3n de la cadena de suministro:<\/strong> Podemos ayudar a las empresas a optimizar su cadena de suministro identificando proveedores clave, analizando estructuras de costos y evaluando riesgos.<\/li>\n<\/ul>\n\n\n\n<p><\/p>","protected":false},"excerpt":{"rendered":"<p>La investigaci\u00f3n y la consultor\u00eda de mercado de trenes motrices analizan exhaustivamente los componentes que impulsan la industria automotriz.<\/p>","protected":false},"author":1,"featured_media":64834,"parent":14514,"menu_order":429,"comment_status":"closed","ping_status":"closed","template":"","meta":{"footnotes":""},"class_list":["post-46984","page","type-page","status-publish","has-post-thumbnail"],"_links":{"self":[{"href":"https:\/\/www.sisinternational.com\/es\/wp-json\/wp\/v2\/pages\/46984","targetHints":{"allow":["GET"]}}],"collection":[{"href":"https:\/\/www.sisinternational.com\/es\/wp-json\/wp\/v2\/pages"}],"about":[{"href":"https:\/\/www.sisinternational.com\/es\/wp-json\/wp\/v2\/types\/page"}],"author":[{"embeddable":true,"href":"https:\/\/www.sisinternational.com\/es\/wp-json\/wp\/v2\/users\/1"}],"replies":[{"embeddable":true,"href":"https:\/\/www.sisinternational.com\/es\/wp-json\/wp\/v2\/comments?post=46984"}],"version-history":[{"count":13,"href":"https:\/\/www.sisinternational.com\/es\/wp-json\/wp\/v2\/pages\/46984\/revisions"}],"predecessor-version":[{"id":81158,"href":"https:\/\/www.sisinternational.com\/es\/wp-json\/wp\/v2\/pages\/46984\/revisions\/81158"}],"up":[{"embeddable":true,"href":"https:\/\/www.sisinternational.com\/es\/wp-json\/wp\/v2\/pages\/14514"}],"wp:featuredmedia":[{"embeddable":true,"href":"https:\/\/www.sisinternational.com\/es\/wp-json\/wp\/v2\/media\/64834"}],"wp:attachment":[{"href":"https:\/\/www.sisinternational.com\/es\/wp-json\/wp\/v2\/media?parent=46984"}],"curies":[{"name":"wp","href":"https:\/\/api.w.org\/{rel}","templated":true}]}}