{"id":46962,"date":"2024-03-19T16:25:16","date_gmt":"2024-03-19T20:25:16","guid":{"rendered":"https:\/\/www.sisinternational.com\/?page_id=46962"},"modified":"2026-01-26T17:00:33","modified_gmt":"2026-01-26T22:00:33","slug":"investigacion-de-mercado-de-contratos-inteligentes","status":"publish","type":"page","link":"https:\/\/www.sisinternational.com\/es\/pericia\/investigacion-de-mercado-de-contratos-inteligentes\/","title":{"rendered":"Investigaci\u00f3n de mercado de contratos inteligentes"},"content":{"rendered":"<h1 class=\"wp-block-heading\">Investigaci\u00f3n de mercado de contratos inteligentes<\/h1>\n\n\n\n<figure class=\"gb-block-image gb-block-image-d1b56a26\"><img loading=\"lazy\" decoding=\"async\" width=\"1456\" height=\"816\" class=\"gb-image gb-image-d1b56a26\" src=\"https:\/\/www.sisinternational.com\/wp-content\/uploads\/2025\/08\/Digital-Customer-Experience-2.jpg\" alt=\"Investigaci\u00f3n y estrategia de mercado internacional de SIS\" title=\"Digital Customer Experience (2)\" srcset=\"https:\/\/www.sisinternational.com\/wp-content\/uploads\/2025\/08\/Digital-Customer-Experience-2.jpg 1456w, https:\/\/www.sisinternational.com\/wp-content\/uploads\/2025\/08\/Digital-Customer-Experience-2-300x168.jpg 300w, https:\/\/www.sisinternational.com\/wp-content\/uploads\/2025\/08\/Digital-Customer-Experience-2-1024x574.jpg 1024w, https:\/\/www.sisinternational.com\/wp-content\/uploads\/2025\/08\/Digital-Customer-Experience-2-768x430.jpg 768w, https:\/\/www.sisinternational.com\/wp-content\/uploads\/2025\/08\/Digital-Customer-Experience-2-18x10.jpg 18w\" sizes=\"auto, (max-width: 1456px) 100vw, 1456px\"><\/figure>\n\n\n\n<hr class=\"wp-block-separator has-alpha-channel-opacity is-style-dots\"\/>\n\n\n\n<p>Los contratos inteligentes, basados en la tecnolog\u00eda blockchain, ofrecen una soluci\u00f3n segura y automatizada para ejecutar acuerdos sin intermediarios, reduciendo costos y minimizando el riesgo de fraude y disputas.<\/p>\n\n\n\n<h2 class=\"wp-block-heading\">\u00bfQu\u00e9 es la investigaci\u00f3n de mercado de Contratos inteligentes?<\/h2>\n\n\n\n<p>The concept of smart contracts is revolutionizing the way businesses operate&#8230; But what exactly are smart contracts, and why are they becoming increasingly indispensable in the modern business world? Smart contracts <a class=\"wpil_keyword_link\" href=\"https:\/\/www.sisinternational.com\/es\/soluciones\/\"   title=\"Soluciones\" data-wpil-keyword-link=\"linked\"  data-wpil-monitor-id=\"582\">investigaci\u00f3n de mercado<\/a> shows that these automated, self-executing agreements are not just futuristic ideas but necessary for enhancing efficiency, security, and transparency in various industries.<\/p>\n\n\n\n<h2 class=\"wp-block-heading\">Why Is Smart Contracts Market Research Important? <\/h2>\n\n\n\n<p><a href=\"https:\/\/www.sisinternational.com\/es\/investigacion-de-mercado-minorista-inteligente\/\" title=\"Investigaci\u00f3n de mercado minorista inteligente\"  data-wpil-monitor-id=\"2531\">Smart contracts market research<\/a> analyzes the smart contracts industry, encompassing the study of market trends, technologies, applications, and the competitive landscape. It seeks to understand the adoption rate of smart contracts, their impact on various sectors, and the potential challenges and opportunities they present.<\/p>\n\n\n\n<p>Smart <a href=\"https:\/\/www.sisinternational.com\/es\/estudio-de-mercado-de-movilidad-inteligente\/\" title=\"Investigaci\u00f3n de mercado de movilidad inteligente\"  data-wpil-monitor-id=\"1908\">contracts market research offers a compelling solution<\/a> to the digital transformation challenges, providing a secure and automated way to execute agreements. <\/p>\n\n\n\n<p>Another significant advantage of <a href=\"https:\/\/www.sisinternational.com\/es\/pericia\/industrias\/investigacion-de-mercado-de-ciudades-inteligentes\/\" title=\"Investigaci\u00f3n de mercado de ciudades inteligentes\"  data-wpil-monitor-id=\"3389\">investigaci\u00f3n de mercado de contratos inteligentes<\/a> is its ability to reduce transaction costs. This cost-effectiveness, combined with the speed and accuracy of smart contracts, makes them an attractive option for a wide range of industries, from finance and real estate to supply chain management and healthcare.<\/p>\n\n\n\n<p>Pero trae varios otros beneficios, que incluyen:<\/p>\n\n\n\n<ul class=\"wp-block-list\">\n<li><strong>Identifying <\/strong><a href=\"https:\/\/www.sisinternational.com\/es\/transporte-en-ambulancia\/\" title=\"Investigaci\u00f3n de mercado de transporte de ambulancias\"  data-wpil-monitor-id=\"2093\">Market Opportunities: Research<\/a> can help identify industries and sectors where smart contracts can be most effectively applied, such as finance, real estate, supply chain management, and healthcare.<\/li>\n\n\n\n<li><strong>Comprender las necesidades del consumidor:<\/strong> Puede proporcionar informaci\u00f3n sobre las necesidades y preferencias de los usuarios potenciales de contratos inteligentes, ayudando a las empresas a adaptar sus ofertas para satisfacer la demanda del mercado.<\/li>\n\n\n\n<li><strong>An\u00e1lisis competitivo:<\/strong> La investigaci\u00f3n puede ayudar a las empresas a comprender el panorama competitivo, incluidos los actores clave, las estrategias y el posicionamiento en el mercado, permiti\u00e9ndoles diferenciar sus ofertas y obtener una ventaja competitiva.<\/li>\n\n\n\n<li><strong>Tendencias Tecnol\u00f3gicas:<\/strong> Mantenerse al d\u00eda con los avances tecnol\u00f3gicos es crucial en el espacio blockchain en r\u00e1pida evoluci\u00f3n. La investigaci\u00f3n de mercado puede proporcionar informaci\u00f3n sobre las tendencias e innovaciones emergentes en el desarrollo de contratos inteligentes.<\/li>\n\n\n\n<li><strong>Perspectivas regulatorias:<\/strong> Comprender el entorno regulatorio es crucial para adoptar contratos inteligentes. La investigaci\u00f3n de mercado puede proporcionar informaci\u00f3n sobre las regulaciones actuales y posibles cambios futuros que pueden afectar el mercado.<\/li>\n\n\n\n<li><strong>Oportunidades de inversion:<\/strong> Para los inversores, la investigaci\u00f3n de mercado puede identificar nuevas empresas y tecnolog\u00edas prometedoras en el espacio de los contratos inteligentes, ayud\u00e1ndoles a tomar decisiones de inversi\u00f3n informadas.<\/li>\n\n\n\n<li><strong>Previsi\u00f3n del mercado:<\/strong> La investigaci\u00f3n de mercado puede proporcionar previsiones para el crecimiento y la adopci\u00f3n de contratos inteligentes, ayudando a las empresas y a los inversores a planificar el futuro.<\/li>\n<\/ul>\n\n\n\n<h2 class=\"wp-block-heading\">Resultados previstos<\/h2>\n\n\n\n<p>SIS Internacional <a href=\"https:\/\/www.sisinternational.com\/es\/investigacion-de-mercado-de-fabricacion-inteligente\/\" title=\"Investigaci\u00f3n de mercado de fabricaci\u00f3n inteligente\"  data-wpil-monitor-id=\"3612\">investigaci\u00f3n de mercado de contratos inteligentes<\/a> provides businesses with actionable insights and a comprehensive understanding of the smart contracts landscape. Here are some expected results from their research:<\/p>\n\n\n\n<ul class=\"wp-block-list\">\n<li><a href=\"https:\/\/www.sisinternational.com\/es\/pericia\/investigacion-de-mercado-de-productos-quimicos-a-granel\/\" title=\"Investigaci\u00f3n de mercado de productos qu\u00edmicos a granel\"  data-wpil-monitor-id=\"2125\">Market Trends and Forecasts: The research<\/a> will identify current trends in the smart contracts market and provide forecasts for its future growth. This information helps businesses make informed decisions about adopting and investing in smart contracts.<\/li>\n\n\n\n<li><strong>Aplicaciones espec\u00edficas de la industria:<\/strong> Los resultados resaltar\u00e1n c\u00f3mo diferentes industrias utilizan contratos inteligentes, mostrando casos de uso exitosos y \u00e1reas potenciales de implementaci\u00f3n.<\/li>\n\n\n\n<li><strong>An\u00e1lisis competitivo:<\/strong> SIS\u2019s research offers a detailed analysis of key players in the <a href=\"https:\/\/www.sisinternational.com\/es\/soluciones\/investigacion-de-mercado-b2b2c\/\" title=\"Estudios de mercado B2B2C\"  data-wpil-monitor-id=\"2139\">smart contracts<\/a> market, their strategies, and their market share. This helps businesses understand the competitive landscape and identify potential partnerships or opportunities.<\/li>\n\n\n\n<li><strong>Panorama regulatorio:<\/strong> La investigaci\u00f3n proporciona informaci\u00f3n sobre el entorno regulatorio que rodea a los contratos inteligentes, incluidos los desaf\u00edos legales o los requisitos de cumplimiento. Esto es crucial para que las empresas naveguen por los aspectos legales de la implementaci\u00f3n de contratos inteligentes.<\/li>\n\n\n\n<li><strong>Oportunidades de inversion:<\/strong> The research identifies investment opportunities within the <a href=\"https:\/\/www.sisinternational.com\/es\/soluciones\/estudio-de-mercado-cuadro-de-mando-integral\/\" title=\"Cuadro de mando integral Estudios de mercado\"  data-wpil-monitor-id=\"2256\">smart contracts<\/a> market, helping businesses and investors capitalize on the growth potential of this technology.<\/li>\n<\/ul>\n\n\n\n<h2 class=\"wp-block-heading\">Jugadores claves. Jugadores principales<\/h2>\n\n\n\n<p>El mercado de contratos inteligentes se caracteriza por una amplia gama de actores como:<\/p>\n\n\n\n<ul class=\"wp-block-list\">\n<li><strong>Etereum:<\/strong> Ethereum es una plataforma blockchain l\u00edder que fue pionera en los contratos inteligentes. Proporciona una plataforma descentralizada para que los desarrolladores creen e implementen contratos inteligentes, lo que lo convierte en un actor clave en el mercado.<\/li>\n\n\n\n<li><strong>Hiperlibro:<\/strong> Hyperledger es un esfuerzo colaborativo de c\u00f3digo abierto creado para avanzar en las tecnolog\u00edas blockchain entre industrias. Proporciona varias herramientas y marcos para desarrollar e implementar contratos inteligentes en diversos contextos comerciales.<\/li>\n\n\n\n<li><strong>Eslab\u00f3n de la cadena:<\/strong> Chainlink es una red Oracle descentralizada que proporciona datos del mundo real a contratos inteligentes en blockchain. Garantiza que los contratos inteligentes puedan interactuar de forma segura y confiable con fuentes de datos externas.<\/li>\n\n\n\n<li><strong>Microsoft:<\/strong> El servicio Azure Blockchain de Microsoft ofrece una plataforma para crear y administrar aplicaciones blockchain, incluidos contratos inteligentes. El enfoque de la compa\u00f1\u00eda en integrar la tecnolog\u00eda blockchain con sus servicios en la nube la posiciona como un actor importante en el mercado.<\/li>\n<\/ul>\n\n\n\n<h2 class=\"wp-block-heading\">Oportunidades<\/h2>\n\n\n\n<p>Las oportunidades en la investigaci\u00f3n de mercado de contratos inteligentes son enormes a medida que la tecnolog\u00eda contin\u00faa evolucionando y encontrando nuevas aplicaciones en diversas industrias. Estas son algunas oportunidades clave:<\/p>\n\n\n\n<ul class=\"wp-block-list\">\n<li><strong>Sector energ\u00e9tico:<\/strong> These contracts can facilitate peer-to-peer energy trading, manage renewable energy certificates, and automate utility billing. <a href=\"https:\/\/www.sisinternational.com\/es\/salud-inteligente\/\" title=\"Investigaci\u00f3n de mercado de salud inteligente\"  data-wpil-monitor-id=\"1942\">Market research can identify opportunities for innovation<\/a> in energy distribution and consumption.<\/li>\n\n\n\n<li><strong>Entretenimiento y medios:<\/strong> Los contratos inteligentes pueden automatizar los pagos de regal\u00edas, gestionar los derechos digitales y optimizar la distribuci\u00f3n de contenidos. La investigaci\u00f3n de mercado puede revelar oportunidades de innovaci\u00f3n en la industria del entretenimiento.<\/li>\n\n\n\n<li><strong>Mercados emergentes:<\/strong> Los contratos pueden brindar oportunidades para la inclusi\u00f3n financiera y el acceso a servicios en los mercados emergentes, donde puede faltar la infraestructura tradicional. La investigaci\u00f3n de mercado puede identificar oportunidades para implementar contratos inteligentes en estas regiones.<\/li>\n<\/ul>\n\n\n\n<h2 class=\"wp-block-heading\">Perspectiva del futuro<\/h2>\n\n\n\n<p>Las perspectivas futuras de la investigaci\u00f3n de mercado de contratos inteligentes son optimistas a medida que la adopci\u00f3n de la tecnolog\u00eda blockchain contin\u00faa creciendo en varias industrias. A continuaci\u00f3n se presentan algunas perspectivas potenciales para el futuro de este mercado:<\/p>\n\n\n\n<ul class=\"wp-block-list\">\n<li><strong>Mayor adopci\u00f3n en finanzas:<\/strong> Es probable que el sector financiero vea una mayor adopci\u00f3n de contratos inteligentes para automatizar transacciones, reducir el fraude y mejorar la eficiencia en procesos como liquidaciones, transacciones y cumplimiento.<\/li>\n\n\n\n<li><strong>Expansi\u00f3n a la atenci\u00f3n m\u00e9dica:<\/strong> Los contratos inteligentes podr\u00edan revolucionar la atenci\u00f3n sanitaria al agilizar la gesti\u00f3n de registros de pacientes, garantizar la privacidad de los datos y automatizar el procesamiento de reclamaciones de seguros.<\/li>\n\n\n\n<li><strong>Crecimiento en la gesti\u00f3n de la cadena de suministro:<\/strong> Se espera que crezca el uso de contratos inteligentes en la gesti\u00f3n de la cadena de suministro, proporcionando transparencia, trazabilidad y eficiencia en el seguimiento del movimiento de mercanc\u00edas.<\/li>\n\n\n\n<li><strong>Aplicaciones inmobiliarias:<\/strong> El sector inmobiliario puede adoptar cada vez m\u00e1s contratos inteligentes para transacciones inmobiliarias, gesti\u00f3n de t\u00edtulos y procesos de arrendamiento, reduciendo la necesidad de intermediarios y papeleo.<\/li>\n\n\n\n<li><strong>Integraci\u00f3n con IoT:<\/strong> Integrating smart contracts with the <a href=\"https:\/\/www.sisinternational.com\/es\/soluciones\/consultoria-blockchain\/blockchain-internet-de-las-cosas\/\" title=\"Blockchain e Internet de las cosas\"  data-wpil-monitor-id=\"6342\">Internet de las Cosas<\/a> (IoT) could lead to innovative applications in various sectors, including energy management, smart homes, and automated manufacturing.<\/li>\n\n\n\n<li><strong>Novedades legales y regulatorias:<\/strong> A medida que evoluciona el marco legal y regulatorio en torno a blockchain y los contratos inteligentes, la investigaci\u00f3n debe navegar estos cambios e identificar nuevas oportunidades.<\/li>\n\n\n\n<li><strong>Avances en la tecnolog\u00eda Blockchain:<\/strong> Los continuos avances en la tecnolog\u00eda blockchain, como las soluciones de escalabilidad y la interoperabilidad entre diferentes plataformas blockchain, ampliar\u00e1n las posibilidades de los contratos inteligentes.<\/li>\n<\/ul>\n\n\n\n<h2 class=\"wp-block-heading\">The SIS Advantage<\/h2>\n\n\n\n<p>La investigaci\u00f3n de mercado de contratos inteligentes de SIS proporciona a las empresas informaci\u00f3n valiosa y orientaci\u00f3n estrat\u00e9gica para navegar por el complejo panorama de los contratos inteligentes. As\u00ed es como su investigaci\u00f3n puede beneficiar a las empresas:<\/p>\n\n\n\n<ul class=\"wp-block-list\">\n<li><strong>Toma de decisiones informada:<\/strong> SIS\u2019s <a href=\"https:\/\/www.sisinternational.com\/es\/investigacion-de-mercado-en-hong-kong-2\/\" title=\"Investigaci\u00f3n de mercado en Hong Kong\"  data-wpil-monitor-id=\"2451\">research delivers comprehensive data on market<\/a> trends, competitive analysis, and industry best practices. <\/li>\n\n\n\n<li><strong>Identificaci\u00f3n de oportunidades:<\/strong> La investigaci\u00f3n ayuda a las empresas a identificar oportunidades para aprovechar los contratos inteligentes en sus operaciones. Las empresas pueden descubrir nuevas formas de mejorar la eficiencia, la seguridad y la transparencia al comprender las posibles aplicaciones y beneficios.<\/li>\n\n\n\n<li><strong>Gesti\u00f3n de riesgos:<\/strong> La investigaci\u00f3n de SIS analiza los desaf\u00edos y riesgos asociados con los contratos inteligentes. Las empresas pueden utilizar esta informaci\u00f3n para desarrollar estrategias para mitigar riesgos y garantizar la implementaci\u00f3n exitosa de contratos inteligentes.<\/li>\n\n\n\n<li><strong>Soluciones personalizadas:<\/strong> SIS International ofrece servicios de investigaci\u00f3n personalizados para satisfacer las necesidades espec\u00edficas de empresas individuales. Este enfoque personalizado garantiza que las empresas reciban informaci\u00f3n relevante que se alinee con sus objetivos y desaf\u00edos \u00fanicos.<\/li>\n\n\n\n<li><strong>Planificaci\u00f3n estrat\u00e9gica:<\/strong> Los conocimientos obtenidos de la investigaci\u00f3n de mercado de contratos inteligentes de SIS pueden informar la planificaci\u00f3n estrat\u00e9gica, ayudando a las empresas a desarrollar estrategias a largo plazo para integrar contratos inteligentes en sus operaciones.<\/li>\n<\/ul>\n\n\n\n<p><\/p>","protected":false},"excerpt":{"rendered":"<p>La investigaci\u00f3n de mercado de contratos inteligentes analiza las tendencias del mercado, las tecnolog\u00edas, las aplicaciones y el panorama competitivo de la industria.<\/p>","protected":false},"author":1,"featured_media":64779,"parent":14514,"menu_order":426,"comment_status":"closed","ping_status":"closed","template":"","meta":{"footnotes":""},"class_list":["post-46962","page","type-page","status-publish","has-post-thumbnail"],"_links":{"self":[{"href":"https:\/\/www.sisinternational.com\/es\/wp-json\/wp\/v2\/pages\/46962","targetHints":{"allow":["GET"]}}],"collection":[{"href":"https:\/\/www.sisinternational.com\/es\/wp-json\/wp\/v2\/pages"}],"about":[{"href":"https:\/\/www.sisinternational.com\/es\/wp-json\/wp\/v2\/types\/page"}],"author":[{"embeddable":true,"href":"https:\/\/www.sisinternational.com\/es\/wp-json\/wp\/v2\/users\/1"}],"replies":[{"embeddable":true,"href":"https:\/\/www.sisinternational.com\/es\/wp-json\/wp\/v2\/comments?post=46962"}],"version-history":[{"count":19,"href":"https:\/\/www.sisinternational.com\/es\/wp-json\/wp\/v2\/pages\/46962\/revisions"}],"predecessor-version":[{"id":79926,"href":"https:\/\/www.sisinternational.com\/es\/wp-json\/wp\/v2\/pages\/46962\/revisions\/79926"}],"up":[{"embeddable":true,"href":"https:\/\/www.sisinternational.com\/es\/wp-json\/wp\/v2\/pages\/14514"}],"wp:featuredmedia":[{"embeddable":true,"href":"https:\/\/www.sisinternational.com\/es\/wp-json\/wp\/v2\/media\/64779"}],"wp:attachment":[{"href":"https:\/\/www.sisinternational.com\/es\/wp-json\/wp\/v2\/media?parent=46962"}],"curies":[{"name":"wp","href":"https:\/\/api.w.org\/{rel}","templated":true}]}}